{"id":32422,"date":"2023-04-18T15:56:34","date_gmt":"2023-04-18T15:56:42","guid":{"rendered":"https:\/\/chemitool.com\/?post_type=product&#038;p=32422"},"modified":"2024-09-06T16:28:27","modified_gmt":"2024-09-06T16:28:27","slug":"discos-de-lija-autoadhesivos-progrip-white","status":"publish","type":"product","link":"https:\/\/chemitool.com\/es\/products\/cutting\/abrasivos-flexibles\/disco-de-lija-autoadhesivos-progrip\/discos-de-lija-autoadhesivos-progrip-white\/","title":{"rendered":"DISCOS DE LIJA AUTOADHESIVOS PROGRIP WHITE"},"content":{"rendered":"<p><strong>VENTAJAS<\/strong><\/p>\n<ul>\n<li>Excelente relaci\u00f3n calidad\/valor<\/li>\n<li>F\u00e1cil de usar<\/li>\n<li>Di\u00e1metro de 125 a 225mm<\/li>\n<li>Sistema autoadhesivo<\/li>\n<li>Acabado uniforme<\/li>\n<li>Baja posibilidad de remojo<\/li>\n<li>Larga vida \u00fatil de la herramienta<\/li>\n<\/ul>\n<p>El disco de lija autoadhesivo CHEMITOOL est\u00e1 fabricado con grano de \u00f3xido de aluminio de excelente calidad, con soporte de papel tipo B (grano m\u00e1s agresivo) y tipo C (grano m\u00e1s fino), y se puede utilizar en los m\u00e1s diversos sustratos, madera, compuestos de madera, revestimientos e incluso placas de yeso.<\/p>\n<p>Las versiones de 225 mm (9 agujeros y 15 agujeros) est\u00e1n especialmente dise\u00f1adas para trabajar con una lijadora de paredes \u201cjirafa\u201d, cubriendo una mayor \u00e1rea, aumentando as\u00ed la rentabilidad del lijado.<\/p>\n<p>Este disco de lija de excelente rendimiento, con variaciones de agujeros de hasta 17 agujeros, permite un f\u00e1cil montaje en la gran mayor\u00eda de los platos de lija utilizados, creando un flujo de absorci\u00f3n por parte de la m\u00e1quina, eliminando la acumulaci\u00f3n de residuos en la lija, reduciendo la posibilidad de remojo.<\/p>\n<p>Este tipo de disco permite su uso para lijados m\u00e1s agresivos, as\u00ed como para lijados preparatorios\/por etapas.<\/p>\n<p>CHEMITOOL ofrece seis tipos diferentes de discos de lija autoadhesivos: sin agujeros, 6, 8, 9, 15 o 17 agujeros.<\/p>\n<p>Para usar con el <a href=\"https:\/\/chemitool.com\/es\/products\/herramientas-de-corte\/abrasivos-flexibles\/disco-de-velcro\/plato-soporte-de-discos-de-lija-autoadhesivos\/\"><em><u>Plato de Soporte de Discos de Lija Autoadhesivos CHEMITOOL<\/u>.<\/em><\/a><\/p>\n","protected":false},"excerpt":{"rendered":"<p><em>El disco de lija autoadhesivo PROGRIP WHITE CHEMITOOL <\/em>ha sido especialmente dise\u00f1ado para el sector de la industria de la madera (blanca y lacada) y del cart\u00f3n yeso, garantizando un excelente rendimiento, ahorrando tiempo y desgaste al operario. Sin embargo, se puede utilizar en todos los sectores de actividad.<\/p>\n","protected":false},"featured_media":33671,"template":"","meta":[],"product_cat":[1426,1471],"product_tag":[4898],"yoast_head":"<!-- This site is optimized with the Yoast SEO plugin v17.4 - https:\/\/yoast.com\/wordpress\/plugins\/seo\/ -->\n<title>DISCOS DE LIJA AUTOADHESIVOS PROGRIP WHITE &ndash; Chemitool<\/title>\n<meta name=\"description\" content=\"El disco de lija autoadhesivo PROGRIP WHITE CHEMITOOL ha sido especialmente dise\u00f1ado para el sector de la industria de la madera (blanca y lacada) y del cart\u00f3n yeso, garantizando un excelente rendimiento, ahorrando tiempo y desgaste al operario. Sin embargo, se puede utilizar en todos los sectores de actividad.\" \/>\n<meta name=\"robots\" content=\"index, follow, max-snippet:-1, max-image-preview:large, max-video-preview:-1\" \/>\n<link rel=\"canonical\" href=\"https:\/\/chemitool.com\/es\/products\/cutting\/abrasivos-flexibles\/disco-de-lija-autoadhesivos-progrip\/discos-de-lija-autoadhesivos-progrip-white\/\" \/>\n<meta property=\"og:locale\" content=\"es_ES\" \/>\n<meta property=\"og:type\" content=\"article\" \/>\n<meta property=\"og:title\" content=\"DISCOS DE LIJA AUTOADHESIVOS PROGRIP WHITE &ndash; Chemitool\" \/>\n<meta property=\"og:description\" content=\"El disco de lija autoadhesivo PROGRIP WHITE CHEMITOOL ha sido especialmente dise\u00f1ado para el sector de la industria de la madera (blanca y lacada) y del cart\u00f3n yeso, garantizando un excelente rendimiento, ahorrando tiempo y desgaste al operario. Sin embargo, se puede utilizar en todos los sectores de actividad.\" \/>\n<meta property=\"og:url\" content=\"https:\/\/chemitool.com\/es\/products\/cutting\/abrasivos-flexibles\/disco-de-lija-autoadhesivos-progrip\/discos-de-lija-autoadhesivos-progrip-white\/\" \/>\n<meta property=\"og:site_name\" content=\"Chemitool\" \/>\n<meta property=\"article:publisher\" content=\"https:\/\/www.facebook.com\/chemitool\" \/>\n<meta property=\"article:modified_time\" content=\"2024-09-06T16:28:27+00:00\" \/>\n<meta property=\"og:image\" content=\"https:\/\/chemitool.com\/wp-content\/uploads\/2023\/07\/CHA1503.png\" \/>\n\t<meta property=\"og:image:width\" content=\"800\" \/>\n\t<meta property=\"og:image:height\" content=\"800\" \/>\n<meta name=\"twitter:card\" content=\"summary_large_image\" \/>\n<meta name=\"twitter:label1\" content=\"Tiempo de lectura\" \/>\n\t<meta name=\"twitter:data1\" content=\"1 minuto\" \/>\n<script type=\"application\/ld+json\" class=\"yoast-schema-graph\">{\"@context\":\"https:\/\/schema.org\",\"@graph\":[{\"@type\":\"Organization\",\"@id\":\"https:\/\/chemitool.com\/#organization\",\"name\":\"Chemitool\",\"url\":\"https:\/\/chemitool.com\/\",\"sameAs\":[\"https:\/\/www.facebook.com\/chemitool\",\"https:\/\/www.instagram.com\/chemitool\/\"],\"logo\":{\"@type\":\"ImageObject\",\"@id\":\"https:\/\/chemitool.com\/#logo\",\"inLanguage\":\"es\",\"url\":\"https:\/\/chemitool.com\/wp-content\/uploads\/2020\/10\/logo_chemitool.png\",\"contentUrl\":\"https:\/\/chemitool.com\/wp-content\/uploads\/2020\/10\/logo_chemitool.png\",\"width\":400,\"height\":400,\"caption\":\"Chemitool\"},\"image\":{\"@id\":\"https:\/\/chemitool.com\/#logo\"}},{\"@type\":\"WebSite\",\"@id\":\"https:\/\/chemitool.com\/#website\",\"url\":\"https:\/\/chemitool.com\/\",\"name\":\"Chemitool\",\"description\":\"Chemitool - hardware and tools\",\"publisher\":{\"@id\":\"https:\/\/chemitool.com\/#organization\"},\"potentialAction\":[{\"@type\":\"SearchAction\",\"target\":{\"@type\":\"EntryPoint\",\"urlTemplate\":\"https:\/\/chemitool.com\/?s={search_term_string}\"},\"query-input\":\"required name=search_term_string\"}],\"inLanguage\":\"es\"},{\"@type\":\"ImageObject\",\"@id\":\"https:\/\/chemitool.com\/es\/products\/cutting\/abrasivos-flexibles\/disco-de-lija-autoadhesivos-progrip\/discos-de-lija-autoadhesivos-progrip-white\/#primaryimage\",\"inLanguage\":\"es\",\"url\":\"https:\/\/chemitool.com\/wp-content\/uploads\/2023\/07\/CHA1503.png\",\"contentUrl\":\"https:\/\/chemitool.com\/wp-content\/uploads\/2023\/07\/CHA1503.png\",\"width\":800,\"height\":800},{\"@type\":\"WebPage\",\"@id\":\"https:\/\/chemitool.com\/es\/products\/cutting\/abrasivos-flexibles\/disco-de-lija-autoadhesivos-progrip\/discos-de-lija-autoadhesivos-progrip-white\/#webpage\",\"url\":\"https:\/\/chemitool.com\/es\/products\/cutting\/abrasivos-flexibles\/disco-de-lija-autoadhesivos-progrip\/discos-de-lija-autoadhesivos-progrip-white\/\",\"name\":\"DISCOS DE LIJA AUTOADHESIVOS PROGRIP WHITE &ndash; Chemitool\",\"isPartOf\":{\"@id\":\"https:\/\/chemitool.com\/#website\"},\"primaryImageOfPage\":{\"@id\":\"https:\/\/chemitool.com\/es\/products\/cutting\/abrasivos-flexibles\/disco-de-lija-autoadhesivos-progrip\/discos-de-lija-autoadhesivos-progrip-white\/#primaryimage\"},\"datePublished\":\"2023-04-18T15:56:42+00:00\",\"dateModified\":\"2024-09-06T16:28:27+00:00\",\"description\":\"El disco de lija autoadhesivo PROGRIP WHITE CHEMITOOL ha sido especialmente dise\\u00f1ado para el sector de la industria de la madera (blanca y lacada) y del cart\\u00f3n yeso, garantizando un excelente rendimiento, ahorrando tiempo y desgaste al operario. Sin embargo, se puede utilizar en todos los sectores de actividad.\",\"breadcrumb\":{\"@id\":\"https:\/\/chemitool.com\/es\/products\/cutting\/abrasivos-flexibles\/disco-de-lija-autoadhesivos-progrip\/discos-de-lija-autoadhesivos-progrip-white\/#breadcrumb\"},\"inLanguage\":\"es\",\"potentialAction\":[{\"@type\":\"ReadAction\",\"target\":[\"https:\/\/chemitool.com\/es\/products\/cutting\/abrasivos-flexibles\/disco-de-lija-autoadhesivos-progrip\/discos-de-lija-autoadhesivos-progrip-white\/\"]}]},{\"@type\":\"BreadcrumbList\",\"@id\":\"https:\/\/chemitool.com\/es\/products\/cutting\/abrasivos-flexibles\/disco-de-lija-autoadhesivos-progrip\/discos-de-lija-autoadhesivos-progrip-white\/#breadcrumb\",\"itemListElement\":[{\"@type\":\"ListItem\",\"position\":1,\"name\":\"Home\",\"item\":\"https:\/\/chemitool.com\/es\/\"},{\"@type\":\"ListItem\",\"position\":2,\"name\":\"Productos\",\"item\":\"https:\/\/chemitool.com\/es\/productos\/\"},{\"@type\":\"ListItem\",\"position\":3,\"name\":\"Cutting\",\"item\":\"https:\/\/chemitool.com\/es\/categoria-producto\/cutting\/\"},{\"@type\":\"ListItem\",\"position\":4,\"name\":\"Abrasivos Flexibles\",\"item\":\"https:\/\/chemitool.com\/es\/categoria-producto\/cutting\/abrasivos-flexibles\/\"},{\"@type\":\"ListItem\",\"position\":5,\"name\":\"Disco de Lija Autoadhesivos Progrip\",\"item\":\"https:\/\/chemitool.com\/es\/categoria-producto\/cutting\/abrasivos-flexibles\/disco-de-lija-autoadhesivos-progrip\/\"},{\"@type\":\"ListItem\",\"position\":6,\"name\":\"DISCOS DE LIJA AUTOADHESIVOS PROGRIP WHITE\"}]}]}<\/script>\n<!-- \/ Yoast SEO plugin. -->","yoast_head_json":{"title":"DISCOS DE LIJA AUTOADHESIVOS PROGRIP WHITE &ndash; Chemitool","description":"El disco de lija autoadhesivo PROGRIP WHITE CHEMITOOL ha sido especialmente dise\u00f1ado para el sector de la industria de la madera (blanca y lacada) y del cart\u00f3n yeso, garantizando un excelente rendimiento, ahorrando tiempo y desgaste al operario. Sin embargo, se puede utilizar en todos los sectores de actividad.","robots":{"index":"index","follow":"follow","max-snippet":"max-snippet:-1","max-image-preview":"max-image-preview:large","max-video-preview":"max-video-preview:-1"},"canonical":"https:\/\/chemitool.com\/es\/products\/cutting\/abrasivos-flexibles\/disco-de-lija-autoadhesivos-progrip\/discos-de-lija-autoadhesivos-progrip-white\/","og_locale":"es_ES","og_type":"article","og_title":"DISCOS DE LIJA AUTOADHESIVOS PROGRIP WHITE &ndash; Chemitool","og_description":"El disco de lija autoadhesivo PROGRIP WHITE CHEMITOOL ha sido especialmente dise\u00f1ado para el sector de la industria de la madera (blanca y lacada) y del cart\u00f3n yeso, garantizando un excelente rendimiento, ahorrando tiempo y desgaste al operario. Sin embargo, se puede utilizar en todos los sectores de actividad.","og_url":"https:\/\/chemitool.com\/es\/products\/cutting\/abrasivos-flexibles\/disco-de-lija-autoadhesivos-progrip\/discos-de-lija-autoadhesivos-progrip-white\/","og_site_name":"Chemitool","article_publisher":"https:\/\/www.facebook.com\/chemitool","article_modified_time":"2024-09-06T16:28:27+00:00","og_image":[{"width":800,"height":800,"url":"https:\/\/chemitool.com\/wp-content\/uploads\/2023\/07\/CHA1503.png","type":"image\/png"}],"twitter_card":"summary_large_image","twitter_misc":{"Tiempo de lectura":"1 minuto"},"schema":{"@context":"https:\/\/schema.org","@graph":[{"@type":"Organization","@id":"https:\/\/chemitool.com\/#organization","name":"Chemitool","url":"https:\/\/chemitool.com\/","sameAs":["https:\/\/www.facebook.com\/chemitool","https:\/\/www.instagram.com\/chemitool\/"],"logo":{"@type":"ImageObject","@id":"https:\/\/chemitool.com\/#logo","inLanguage":"es","url":"https:\/\/chemitool.com\/wp-content\/uploads\/2020\/10\/logo_chemitool.png","contentUrl":"https:\/\/chemitool.com\/wp-content\/uploads\/2020\/10\/logo_chemitool.png","width":400,"height":400,"caption":"Chemitool"},"image":{"@id":"https:\/\/chemitool.com\/#logo"}},{"@type":"WebSite","@id":"https:\/\/chemitool.com\/#website","url":"https:\/\/chemitool.com\/","name":"Chemitool","description":"Chemitool - hardware and tools","publisher":{"@id":"https:\/\/chemitool.com\/#organization"},"potentialAction":[{"@type":"SearchAction","target":{"@type":"EntryPoint","urlTemplate":"https:\/\/chemitool.com\/?s={search_term_string}"},"query-input":"required name=search_term_string"}],"inLanguage":"es"},{"@type":"ImageObject","@id":"https:\/\/chemitool.com\/es\/products\/cutting\/abrasivos-flexibles\/disco-de-lija-autoadhesivos-progrip\/discos-de-lija-autoadhesivos-progrip-white\/#primaryimage","inLanguage":"es","url":"https:\/\/chemitool.com\/wp-content\/uploads\/2023\/07\/CHA1503.png","contentUrl":"https:\/\/chemitool.com\/wp-content\/uploads\/2023\/07\/CHA1503.png","width":800,"height":800},{"@type":"WebPage","@id":"https:\/\/chemitool.com\/es\/products\/cutting\/abrasivos-flexibles\/disco-de-lija-autoadhesivos-progrip\/discos-de-lija-autoadhesivos-progrip-white\/#webpage","url":"https:\/\/chemitool.com\/es\/products\/cutting\/abrasivos-flexibles\/disco-de-lija-autoadhesivos-progrip\/discos-de-lija-autoadhesivos-progrip-white\/","name":"DISCOS DE LIJA AUTOADHESIVOS PROGRIP WHITE &ndash; Chemitool","isPartOf":{"@id":"https:\/\/chemitool.com\/#website"},"primaryImageOfPage":{"@id":"https:\/\/chemitool.com\/es\/products\/cutting\/abrasivos-flexibles\/disco-de-lija-autoadhesivos-progrip\/discos-de-lija-autoadhesivos-progrip-white\/#primaryimage"},"datePublished":"2023-04-18T15:56:42+00:00","dateModified":"2024-09-06T16:28:27+00:00","description":"El disco de lija autoadhesivo PROGRIP WHITE CHEMITOOL ha sido especialmente dise\u00f1ado para el sector de la industria de la madera (blanca y lacada) y del cart\u00f3n yeso, garantizando un excelente rendimiento, ahorrando tiempo y desgaste al operario. Sin embargo, se puede utilizar en todos los sectores de actividad.","breadcrumb":{"@id":"https:\/\/chemitool.com\/es\/products\/cutting\/abrasivos-flexibles\/disco-de-lija-autoadhesivos-progrip\/discos-de-lija-autoadhesivos-progrip-white\/#breadcrumb"},"inLanguage":"es","potentialAction":[{"@type":"ReadAction","target":["https:\/\/chemitool.com\/es\/products\/cutting\/abrasivos-flexibles\/disco-de-lija-autoadhesivos-progrip\/discos-de-lija-autoadhesivos-progrip-white\/"]}]},{"@type":"BreadcrumbList","@id":"https:\/\/chemitool.com\/es\/products\/cutting\/abrasivos-flexibles\/disco-de-lija-autoadhesivos-progrip\/discos-de-lija-autoadhesivos-progrip-white\/#breadcrumb","itemListElement":[{"@type":"ListItem","position":1,"name":"Home","item":"https:\/\/chemitool.com\/es\/"},{"@type":"ListItem","position":2,"name":"Productos","item":"https:\/\/chemitool.com\/es\/productos\/"},{"@type":"ListItem","position":3,"name":"Cutting","item":"https:\/\/chemitool.com\/es\/categoria-producto\/cutting\/"},{"@type":"ListItem","position":4,"name":"Abrasivos Flexibles","item":"https:\/\/chemitool.com\/es\/categoria-producto\/cutting\/abrasivos-flexibles\/"},{"@type":"ListItem","position":5,"name":"Disco de Lija Autoadhesivos Progrip","item":"https:\/\/chemitool.com\/es\/categoria-producto\/cutting\/abrasivos-flexibles\/disco-de-lija-autoadhesivos-progrip\/"},{"@type":"ListItem","position":6,"name":"DISCOS DE LIJA AUTOADHESIVOS PROGRIP WHITE"}]}]}},"_links":{"self":[{"href":"https:\/\/chemitool.com\/es\/wp-json\/wp\/v2\/product\/32422"}],"collection":[{"href":"https:\/\/chemitool.com\/es\/wp-json\/wp\/v2\/product"}],"about":[{"href":"https:\/\/chemitool.com\/es\/wp-json\/wp\/v2\/types\/product"}],"wp:featuredmedia":[{"embeddable":true,"href":"https:\/\/chemitool.com\/es\/wp-json\/wp\/v2\/media\/33671"}],"wp:attachment":[{"href":"https:\/\/chemitool.com\/es\/wp-json\/wp\/v2\/media?parent=32422"}],"wp:term":[{"taxonomy":"product_cat","embeddable":true,"href":"https:\/\/chemitool.com\/es\/wp-json\/wp\/v2\/product_cat?post=32422"},{"taxonomy":"product_tag","embeddable":true,"href":"https:\/\/chemitool.com\/es\/wp-json\/wp\/v2\/product_tag?post=32422"}],"curies":[{"name":"wp","href":"https:\/\/api.w.org\/{rel}","templated":true}]}}