{"id":32090,"date":"2023-03-30T14:56:51","date_gmt":"2023-03-30T14:56:53","guid":{"rendered":"https:\/\/chemitool.com\/?post_type=product&#038;p=32090"},"modified":"2023-04-03T10:05:59","modified_gmt":"2023-04-03T10:05:59","slug":"arboles-para-sierras-de-corona","status":"publish","type":"product","link":"https:\/\/chemitool.com\/es\/products\/cutting\/herramientas-de-aserrado\/sierras-de-corona-bimetalicas\/arboles-para-sierras-de-corona\/","title":{"rendered":"\u00c1RBOLES PARA SIERRAS DE CORONA"},"content":{"rendered":"<p><strong>VENTAJAS<\/strong><\/p>\n<ul>\n<li>Excelente relaci\u00f3n calidad\/valor<\/li>\n<li>Disponible en HSS y HSS 8% Co<\/li>\n<li>Dos tipos de hilo<\/li>\n<li>Resistente a roturas<\/li>\n<li>Ajuste f\u00e1cil a la sierra perforadora<\/li>\n<li>Larga vida \u00fatil de la herramienta<\/li>\n<\/ul>\n<p>Las arboles gu\u00eda para sierras de corona CHEMITOOL est\u00e1n preparadas para pr\u00e1cticamente todos los tipos de sierras de corona del mercado, disponibles en dos tipos de recepciones, 5\/8\u201d x 18 y 1\/2\u201d x 20.<\/p>\n<p>Est\u00e1n equipados con dos tipos de brocas gu\u00eda, acero r\u00e1pido y acero r\u00e1pido con 8% de cobalto, este \u00faltimo m\u00e1s adecuado para trabajos donde es necesario guiar en materiales m\u00e1s duros (acero inoxidable, por ejemplo).<\/p>\n<p>Los accesorios\/\u00e1rbol son s\u00f3lidamente construidos para soportar la presi\u00f3n ejercida por la herramienta el\u00e9ctrica, lo que significa que no hay p\u00e9rdida de energ\u00eda al taladrar y que el proceso de corte es continuo.<\/p>\n<p>Es importante tener en cuenta que las sierras de corona deben aplicarse en un \u00e1ngulo de 90\u00ba con respecto a la superficie de contacto.<\/p>\n<p>En situaciones donde la pieza de trabajo no tenga soporte, se debe sujetar firmemente en una mordaza o tornillo de banco, para evitar que se desplace, evitando as\u00ed su rotura o rotaci\u00f3n junto con la sierra de corona.<\/p>\n<p>Empaquetado en una percha individual con orificios para exhibici\u00f3n.<\/p>\n","protected":false},"excerpt":{"rendered":"<p><em>Los \u00e1rboles con broca gu\u00eda para adaptarse a las sierras de corona bimet\u00e1licas CHEMITOOL<\/em> fueron desarrollados para complementar las sierras de corona, ofreciendo alternativas de mangos y formatos de ajuste.<\/p>\n","protected":false},"featured_media":32142,"template":"","meta":[],"product_cat":[1426,4291,4827],"product_tag":[],"yoast_head":"<!-- This site is optimized with the Yoast SEO plugin v17.4 - https:\/\/yoast.com\/wordpress\/plugins\/seo\/ -->\n<title>\u00c1RBOLES PARA SIERRAS DE CORONA &ndash; Chemitool<\/title>\n<meta name=\"description\" content=\"Los \u00e1rboles con broca gu\u00eda para adaptarse a las sierras de corona bimet\u00e1licas CHEMITOOL fueron desarrollados para complementar las sierras de corona, ofreciendo alternativas de mangos y formatos de ajuste.\" \/>\n<meta name=\"robots\" content=\"index, follow, max-snippet:-1, max-image-preview:large, max-video-preview:-1\" \/>\n<link rel=\"canonical\" href=\"https:\/\/chemitool.com\/es\/products\/cutting\/herramientas-de-aserrado\/sierras-de-corona-bimetalicas\/arboles-para-sierras-de-corona\/\" \/>\n<meta property=\"og:locale\" content=\"es_ES\" \/>\n<meta property=\"og:type\" content=\"article\" \/>\n<meta property=\"og:title\" content=\"\u00c1RBOLES PARA SIERRAS DE CORONA &ndash; Chemitool\" \/>\n<meta property=\"og:description\" content=\"Los \u00e1rboles con broca gu\u00eda para adaptarse a las sierras de corona bimet\u00e1licas CHEMITOOL fueron desarrollados para complementar las sierras de corona, ofreciendo alternativas de mangos y formatos de ajuste.\" \/>\n<meta property=\"og:url\" content=\"https:\/\/chemitool.com\/es\/products\/cutting\/herramientas-de-aserrado\/sierras-de-corona-bimetalicas\/arboles-para-sierras-de-corona\/\" \/>\n<meta property=\"og:site_name\" content=\"Chemitool\" \/>\n<meta property=\"article:publisher\" content=\"https:\/\/www.facebook.com\/chemitool\" \/>\n<meta property=\"article:modified_time\" content=\"2023-04-03T10:05:59+00:00\" \/>\n<meta property=\"og:image\" content=\"https:\/\/chemitool.com\/wp-content\/uploads\/2023\/03\/arvores-conjunto.png\" \/>\n\t<meta property=\"og:image:width\" content=\"800\" \/>\n\t<meta property=\"og:image:height\" content=\"800\" \/>\n<meta name=\"twitter:card\" content=\"summary_large_image\" \/>\n<meta name=\"twitter:label1\" content=\"Tiempo de lectura\" \/>\n\t<meta name=\"twitter:data1\" content=\"1 minuto\" \/>\n<script type=\"application\/ld+json\" class=\"yoast-schema-graph\">{\"@context\":\"https:\/\/schema.org\",\"@graph\":[{\"@type\":\"Organization\",\"@id\":\"https:\/\/chemitool.com\/#organization\",\"name\":\"Chemitool\",\"url\":\"https:\/\/chemitool.com\/\",\"sameAs\":[\"https:\/\/www.facebook.com\/chemitool\",\"https:\/\/www.instagram.com\/chemitool\/\"],\"logo\":{\"@type\":\"ImageObject\",\"@id\":\"https:\/\/chemitool.com\/#logo\",\"inLanguage\":\"es\",\"url\":\"https:\/\/chemitool.com\/wp-content\/uploads\/2020\/10\/logo_chemitool.png\",\"contentUrl\":\"https:\/\/chemitool.com\/wp-content\/uploads\/2020\/10\/logo_chemitool.png\",\"width\":400,\"height\":400,\"caption\":\"Chemitool\"},\"image\":{\"@id\":\"https:\/\/chemitool.com\/#logo\"}},{\"@type\":\"WebSite\",\"@id\":\"https:\/\/chemitool.com\/#website\",\"url\":\"https:\/\/chemitool.com\/\",\"name\":\"Chemitool\",\"description\":\"Chemitool - hardware and tools\",\"publisher\":{\"@id\":\"https:\/\/chemitool.com\/#organization\"},\"potentialAction\":[{\"@type\":\"SearchAction\",\"target\":{\"@type\":\"EntryPoint\",\"urlTemplate\":\"https:\/\/chemitool.com\/?s={search_term_string}\"},\"query-input\":\"required name=search_term_string\"}],\"inLanguage\":\"es\"},{\"@type\":\"ImageObject\",\"@id\":\"https:\/\/chemitool.com\/es\/products\/cutting\/herramientas-de-aserrado\/sierras-de-corona-bimetalicas\/arboles-para-sierras-de-corona\/#primaryimage\",\"inLanguage\":\"es\",\"url\":\"https:\/\/chemitool.com\/wp-content\/uploads\/2023\/03\/arvores-conjunto.png\",\"contentUrl\":\"https:\/\/chemitool.com\/wp-content\/uploads\/2023\/03\/arvores-conjunto.png\",\"width\":800,\"height\":800},{\"@type\":\"WebPage\",\"@id\":\"https:\/\/chemitool.com\/es\/products\/cutting\/herramientas-de-aserrado\/sierras-de-corona-bimetalicas\/arboles-para-sierras-de-corona\/#webpage\",\"url\":\"https:\/\/chemitool.com\/es\/products\/cutting\/herramientas-de-aserrado\/sierras-de-corona-bimetalicas\/arboles-para-sierras-de-corona\/\",\"name\":\"\\u00c1RBOLES PARA SIERRAS DE CORONA &ndash; Chemitool\",\"isPartOf\":{\"@id\":\"https:\/\/chemitool.com\/#website\"},\"primaryImageOfPage\":{\"@id\":\"https:\/\/chemitool.com\/es\/products\/cutting\/herramientas-de-aserrado\/sierras-de-corona-bimetalicas\/arboles-para-sierras-de-corona\/#primaryimage\"},\"datePublished\":\"2023-03-30T14:56:53+00:00\",\"dateModified\":\"2023-04-03T10:05:59+00:00\",\"description\":\"Los \\u00e1rboles con broca gu\\u00eda para adaptarse a las sierras de corona bimet\\u00e1licas CHEMITOOL fueron desarrollados para complementar las sierras de corona, ofreciendo alternativas de mangos y formatos de ajuste.\",\"breadcrumb\":{\"@id\":\"https:\/\/chemitool.com\/es\/products\/cutting\/herramientas-de-aserrado\/sierras-de-corona-bimetalicas\/arboles-para-sierras-de-corona\/#breadcrumb\"},\"inLanguage\":\"es\",\"potentialAction\":[{\"@type\":\"ReadAction\",\"target\":[\"https:\/\/chemitool.com\/es\/products\/cutting\/herramientas-de-aserrado\/sierras-de-corona-bimetalicas\/arboles-para-sierras-de-corona\/\"]}]},{\"@type\":\"BreadcrumbList\",\"@id\":\"https:\/\/chemitool.com\/es\/products\/cutting\/herramientas-de-aserrado\/sierras-de-corona-bimetalicas\/arboles-para-sierras-de-corona\/#breadcrumb\",\"itemListElement\":[{\"@type\":\"ListItem\",\"position\":1,\"name\":\"Home\",\"item\":\"https:\/\/chemitool.com\/es\/\"},{\"@type\":\"ListItem\",\"position\":2,\"name\":\"Productos\",\"item\":\"https:\/\/chemitool.com\/es\/productos\/\"},{\"@type\":\"ListItem\",\"position\":3,\"name\":\"Cutting\",\"item\":\"https:\/\/chemitool.com\/es\/categoria-producto\/cutting\/\"},{\"@type\":\"ListItem\",\"position\":4,\"name\":\"HERRAMIENTAS DE ASERRADO\",\"item\":\"https:\/\/chemitool.com\/es\/categoria-producto\/cutting\/herramientas-de-aserrado\/\"},{\"@type\":\"ListItem\",\"position\":5,\"name\":\"SIERRAS DE CORONA BIMET\\u00c1LICAS\",\"item\":\"https:\/\/chemitool.com\/es\/categoria-producto\/cutting\/herramientas-de-aserrado\/sierras-de-corona-bimetalicas\/\"},{\"@type\":\"ListItem\",\"position\":6,\"name\":\"\\u00c1RBOLES PARA SIERRAS DE CORONA\"}]}]}<\/script>\n<!-- \/ Yoast SEO plugin. -->","yoast_head_json":{"title":"\u00c1RBOLES PARA SIERRAS DE CORONA &ndash; Chemitool","description":"Los \u00e1rboles con broca gu\u00eda para adaptarse a las sierras de corona bimet\u00e1licas CHEMITOOL fueron desarrollados para complementar las sierras de corona, ofreciendo alternativas de mangos y formatos de ajuste.","robots":{"index":"index","follow":"follow","max-snippet":"max-snippet:-1","max-image-preview":"max-image-preview:large","max-video-preview":"max-video-preview:-1"},"canonical":"https:\/\/chemitool.com\/es\/products\/cutting\/herramientas-de-aserrado\/sierras-de-corona-bimetalicas\/arboles-para-sierras-de-corona\/","og_locale":"es_ES","og_type":"article","og_title":"\u00c1RBOLES PARA SIERRAS DE CORONA &ndash; Chemitool","og_description":"Los \u00e1rboles con broca gu\u00eda para adaptarse a las sierras de corona bimet\u00e1licas CHEMITOOL fueron desarrollados para complementar las sierras de corona, ofreciendo alternativas de mangos y formatos de ajuste.","og_url":"https:\/\/chemitool.com\/es\/products\/cutting\/herramientas-de-aserrado\/sierras-de-corona-bimetalicas\/arboles-para-sierras-de-corona\/","og_site_name":"Chemitool","article_publisher":"https:\/\/www.facebook.com\/chemitool","article_modified_time":"2023-04-03T10:05:59+00:00","og_image":[{"width":800,"height":800,"url":"https:\/\/chemitool.com\/wp-content\/uploads\/2023\/03\/arvores-conjunto.png","type":"image\/png"}],"twitter_card":"summary_large_image","twitter_misc":{"Tiempo de lectura":"1 minuto"},"schema":{"@context":"https:\/\/schema.org","@graph":[{"@type":"Organization","@id":"https:\/\/chemitool.com\/#organization","name":"Chemitool","url":"https:\/\/chemitool.com\/","sameAs":["https:\/\/www.facebook.com\/chemitool","https:\/\/www.instagram.com\/chemitool\/"],"logo":{"@type":"ImageObject","@id":"https:\/\/chemitool.com\/#logo","inLanguage":"es","url":"https:\/\/chemitool.com\/wp-content\/uploads\/2020\/10\/logo_chemitool.png","contentUrl":"https:\/\/chemitool.com\/wp-content\/uploads\/2020\/10\/logo_chemitool.png","width":400,"height":400,"caption":"Chemitool"},"image":{"@id":"https:\/\/chemitool.com\/#logo"}},{"@type":"WebSite","@id":"https:\/\/chemitool.com\/#website","url":"https:\/\/chemitool.com\/","name":"Chemitool","description":"Chemitool - hardware and tools","publisher":{"@id":"https:\/\/chemitool.com\/#organization"},"potentialAction":[{"@type":"SearchAction","target":{"@type":"EntryPoint","urlTemplate":"https:\/\/chemitool.com\/?s={search_term_string}"},"query-input":"required name=search_term_string"}],"inLanguage":"es"},{"@type":"ImageObject","@id":"https:\/\/chemitool.com\/es\/products\/cutting\/herramientas-de-aserrado\/sierras-de-corona-bimetalicas\/arboles-para-sierras-de-corona\/#primaryimage","inLanguage":"es","url":"https:\/\/chemitool.com\/wp-content\/uploads\/2023\/03\/arvores-conjunto.png","contentUrl":"https:\/\/chemitool.com\/wp-content\/uploads\/2023\/03\/arvores-conjunto.png","width":800,"height":800},{"@type":"WebPage","@id":"https:\/\/chemitool.com\/es\/products\/cutting\/herramientas-de-aserrado\/sierras-de-corona-bimetalicas\/arboles-para-sierras-de-corona\/#webpage","url":"https:\/\/chemitool.com\/es\/products\/cutting\/herramientas-de-aserrado\/sierras-de-corona-bimetalicas\/arboles-para-sierras-de-corona\/","name":"\u00c1RBOLES PARA SIERRAS DE CORONA &ndash; Chemitool","isPartOf":{"@id":"https:\/\/chemitool.com\/#website"},"primaryImageOfPage":{"@id":"https:\/\/chemitool.com\/es\/products\/cutting\/herramientas-de-aserrado\/sierras-de-corona-bimetalicas\/arboles-para-sierras-de-corona\/#primaryimage"},"datePublished":"2023-03-30T14:56:53+00:00","dateModified":"2023-04-03T10:05:59+00:00","description":"Los \u00e1rboles con broca gu\u00eda para adaptarse a las sierras de corona bimet\u00e1licas CHEMITOOL fueron desarrollados para complementar las sierras de corona, ofreciendo alternativas de mangos y formatos de ajuste.","breadcrumb":{"@id":"https:\/\/chemitool.com\/es\/products\/cutting\/herramientas-de-aserrado\/sierras-de-corona-bimetalicas\/arboles-para-sierras-de-corona\/#breadcrumb"},"inLanguage":"es","potentialAction":[{"@type":"ReadAction","target":["https:\/\/chemitool.com\/es\/products\/cutting\/herramientas-de-aserrado\/sierras-de-corona-bimetalicas\/arboles-para-sierras-de-corona\/"]}]},{"@type":"BreadcrumbList","@id":"https:\/\/chemitool.com\/es\/products\/cutting\/herramientas-de-aserrado\/sierras-de-corona-bimetalicas\/arboles-para-sierras-de-corona\/#breadcrumb","itemListElement":[{"@type":"ListItem","position":1,"name":"Home","item":"https:\/\/chemitool.com\/es\/"},{"@type":"ListItem","position":2,"name":"Productos","item":"https:\/\/chemitool.com\/es\/productos\/"},{"@type":"ListItem","position":3,"name":"Cutting","item":"https:\/\/chemitool.com\/es\/categoria-producto\/cutting\/"},{"@type":"ListItem","position":4,"name":"HERRAMIENTAS DE ASERRADO","item":"https:\/\/chemitool.com\/es\/categoria-producto\/cutting\/herramientas-de-aserrado\/"},{"@type":"ListItem","position":5,"name":"SIERRAS DE CORONA BIMET\u00c1LICAS","item":"https:\/\/chemitool.com\/es\/categoria-producto\/cutting\/herramientas-de-aserrado\/sierras-de-corona-bimetalicas\/"},{"@type":"ListItem","position":6,"name":"\u00c1RBOLES PARA SIERRAS DE CORONA"}]}]}},"_links":{"self":[{"href":"https:\/\/chemitool.com\/es\/wp-json\/wp\/v2\/product\/32090"}],"collection":[{"href":"https:\/\/chemitool.com\/es\/wp-json\/wp\/v2\/product"}],"about":[{"href":"https:\/\/chemitool.com\/es\/wp-json\/wp\/v2\/types\/product"}],"wp:featuredmedia":[{"embeddable":true,"href":"https:\/\/chemitool.com\/es\/wp-json\/wp\/v2\/media\/32142"}],"wp:attachment":[{"href":"https:\/\/chemitool.com\/es\/wp-json\/wp\/v2\/media?parent=32090"}],"wp:term":[{"taxonomy":"product_cat","embeddable":true,"href":"https:\/\/chemitool.com\/es\/wp-json\/wp\/v2\/product_cat?post=32090"},{"taxonomy":"product_tag","embeddable":true,"href":"https:\/\/chemitool.com\/es\/wp-json\/wp\/v2\/product_tag?post=32090"}],"curies":[{"name":"wp","href":"https:\/\/api.w.org\/{rel}","templated":true}]}}