{"id":32076,"date":"2023-03-30T10:51:47","date_gmt":"2023-03-30T10:51:47","guid":{"rendered":"https:\/\/chemitool.com\/?post_type=product&#038;p=32076"},"modified":"2024-11-27T14:47:44","modified_gmt":"2024-11-27T14:47:44","slug":"zapatilla-de-seguridad-daytona-s3-src-hro-esd-marron","status":"publish","type":"product","link":"https:\/\/chemitool.com\/es\/products\/safety\/zapatos-de-seguridad\/zapatilhas\/daytona-es\/zapatilla-de-seguridad-daytona-s3-src-hro-esd-marron\/","title":{"rendered":"ZAPATILLA DE SEGURIDAD DAYTONA S3 SRC HRO ESD &#8211; Marr\u00f3n"},"content":{"rendered":"<ul>\n<li>Puntera de fibra de vidrio un 30 % m\u00e1s ligera<\/li>\n<li>Entresuela antiperforaci\u00f3n no met\u00e1lica<\/li>\n<li>Ante repelente al agua<\/li>\n<li>Tejido de malla transpirable.<\/li>\n<li>Tiras reflectantes<\/li>\n<li>Plantilla de EVA microperforada y recambiable<\/li>\n<li>Ligero y flexible<\/li>\n<\/ul>\n<p><img class=\"alignnone size-full wp-image-32035\" src=\"https:\/\/chemitool.com\/wp-content\/uploads\/2023\/03\/EN-ISO-20345_redimensionado.png\" alt=\"\" width=\"105\" height=\"119\" \/><\/p>\n","protected":false},"excerpt":{"rendered":"<p><em>DAYTONA S3 SRC HRO ESD CHEMITOOL <\/em>es una zapatilla de seguridad dise\u00f1ada para los retos del d\u00eda a d\u00eda. Resistencia y Rendimiento son las palabras clave que lo definen, permitiendo su uso durante largas jornadas con menor fatiga. Dise\u00f1o deportivo y casual para alejarse del calzado de seguridad tradicional. La zapatilla DAYTONA es 100% no met\u00e1lica y ESD, lo que permite su uso en ambientes explosivos o donde se deba reducir el riesgo de descargas electrost\u00e1ticas, como empresas de componentes electr\u00f3nicos, laboratorios, estaciones de servicio, manipulaci\u00f3n de productos inflamables, aeropuertos, etc. Adem\u00e1s, su suela le confiere una resistencia de hasta 300\u00ba de temperatura &#8211; excelente para quien trabaja sobre asfalto, o circula por zonas de f\u00e1brica muy calientes.<\/p>\n","protected":false},"featured_media":37335,"template":"","meta":[],"product_cat":[1454,3036,4287,4887],"product_tag":[],"yoast_head":"<!-- This site is optimized with the Yoast SEO plugin v17.4 - https:\/\/yoast.com\/wordpress\/plugins\/seo\/ -->\n<title>ZAPATILLA DE SEGURIDAD DAYTONA S3 SRC HRO ESD - Marr\u00f3n &ndash; Chemitool<\/title>\n<meta name=\"description\" content=\"DAYTONA S3 SRC HRO ESD CHEMITOOL es una zapatilla de seguridad dise\u00f1ada para los retos del d\u00eda a d\u00eda. Resistencia y Rendimiento son las palabras clave que lo definen, permitiendo su uso durante largas jornadas con menor fatiga. Dise\u00f1o deportivo y casual para alejarse del calzado de seguridad tradicional. La zapatilla DAYTONA es 100% no met\u00e1lica y ESD, lo que permite su uso en ambientes explosivos o donde se deba reducir el riesgo de descargas electrost\u00e1ticas, como empresas de componentes electr\u00f3nicos, laboratorios, estaciones de servicio, manipulaci\u00f3n de productos inflamables, aeropuertos, etc. Adem\u00e1s, su suela le confiere una resistencia de hasta 300\u00ba de temperatura - excelente para quien trabaja sobre asfalto, o circula por zonas de f\u00e1brica muy calientes.\" \/>\n<meta name=\"robots\" content=\"index, follow, max-snippet:-1, max-image-preview:large, max-video-preview:-1\" \/>\n<link rel=\"canonical\" href=\"https:\/\/chemitool.com\/es\/products\/safety\/zapatos-de-seguridad\/zapatilhas\/daytona-es\/zapatilla-de-seguridad-daytona-s3-src-hro-esd-marron\/\" \/>\n<meta property=\"og:locale\" content=\"es_ES\" \/>\n<meta property=\"og:type\" content=\"article\" \/>\n<meta property=\"og:title\" content=\"ZAPATILLA DE SEGURIDAD DAYTONA S3 SRC HRO ESD - Marr\u00f3n &ndash; Chemitool\" \/>\n<meta property=\"og:description\" content=\"DAYTONA S3 SRC HRO ESD CHEMITOOL es una zapatilla de seguridad dise\u00f1ada para los retos del d\u00eda a d\u00eda. Resistencia y Rendimiento son las palabras clave que lo definen, permitiendo su uso durante largas jornadas con menor fatiga. Dise\u00f1o deportivo y casual para alejarse del calzado de seguridad tradicional. La zapatilla DAYTONA es 100% no met\u00e1lica y ESD, lo que permite su uso en ambientes explosivos o donde se deba reducir el riesgo de descargas electrost\u00e1ticas, como empresas de componentes electr\u00f3nicos, laboratorios, estaciones de servicio, manipulaci\u00f3n de productos inflamables, aeropuertos, etc. Adem\u00e1s, su suela le confiere una resistencia de hasta 300\u00ba de temperatura - excelente para quien trabaja sobre asfalto, o circula por zonas de f\u00e1brica muy calientes.\" \/>\n<meta property=\"og:url\" content=\"https:\/\/chemitool.com\/es\/products\/safety\/zapatos-de-seguridad\/zapatilhas\/daytona-es\/zapatilla-de-seguridad-daytona-s3-src-hro-esd-marron\/\" \/>\n<meta property=\"og:site_name\" content=\"Chemitool\" \/>\n<meta property=\"article:publisher\" content=\"https:\/\/www.facebook.com\/chemitool\" \/>\n<meta property=\"article:modified_time\" content=\"2024-11-27T14:47:44+00:00\" \/>\n<meta property=\"og:image\" content=\"https:\/\/chemitool.com\/wp-content\/uploads\/2023\/03\/CHS010301.png\" \/>\n\t<meta property=\"og:image:width\" content=\"800\" \/>\n\t<meta property=\"og:image:height\" content=\"800\" \/>\n<meta name=\"twitter:card\" content=\"summary_large_image\" \/>\n<script type=\"application\/ld+json\" class=\"yoast-schema-graph\">{\"@context\":\"https:\/\/schema.org\",\"@graph\":[{\"@type\":\"Organization\",\"@id\":\"https:\/\/chemitool.com\/#organization\",\"name\":\"Chemitool\",\"url\":\"https:\/\/chemitool.com\/\",\"sameAs\":[\"https:\/\/www.facebook.com\/chemitool\",\"https:\/\/www.instagram.com\/chemitool\/\"],\"logo\":{\"@type\":\"ImageObject\",\"@id\":\"https:\/\/chemitool.com\/#logo\",\"inLanguage\":\"es\",\"url\":\"https:\/\/chemitool.com\/wp-content\/uploads\/2020\/10\/logo_chemitool.png\",\"contentUrl\":\"https:\/\/chemitool.com\/wp-content\/uploads\/2020\/10\/logo_chemitool.png\",\"width\":400,\"height\":400,\"caption\":\"Chemitool\"},\"image\":{\"@id\":\"https:\/\/chemitool.com\/#logo\"}},{\"@type\":\"WebSite\",\"@id\":\"https:\/\/chemitool.com\/#website\",\"url\":\"https:\/\/chemitool.com\/\",\"name\":\"Chemitool\",\"description\":\"Chemitool - hardware and tools\",\"publisher\":{\"@id\":\"https:\/\/chemitool.com\/#organization\"},\"potentialAction\":[{\"@type\":\"SearchAction\",\"target\":{\"@type\":\"EntryPoint\",\"urlTemplate\":\"https:\/\/chemitool.com\/?s={search_term_string}\"},\"query-input\":\"required name=search_term_string\"}],\"inLanguage\":\"es\"},{\"@type\":\"ImageObject\",\"@id\":\"https:\/\/chemitool.com\/es\/products\/safety\/zapatos-de-seguridad\/zapatilhas\/daytona-es\/zapatilla-de-seguridad-daytona-s3-src-hro-esd-marron\/#primaryimage\",\"inLanguage\":\"es\",\"url\":\"https:\/\/chemitool.com\/wp-content\/uploads\/2023\/03\/CHS010301.png\",\"contentUrl\":\"https:\/\/chemitool.com\/wp-content\/uploads\/2023\/03\/CHS010301.png\",\"width\":800,\"height\":800},{\"@type\":\"WebPage\",\"@id\":\"https:\/\/chemitool.com\/es\/products\/safety\/zapatos-de-seguridad\/zapatilhas\/daytona-es\/zapatilla-de-seguridad-daytona-s3-src-hro-esd-marron\/#webpage\",\"url\":\"https:\/\/chemitool.com\/es\/products\/safety\/zapatos-de-seguridad\/zapatilhas\/daytona-es\/zapatilla-de-seguridad-daytona-s3-src-hro-esd-marron\/\",\"name\":\"ZAPATILLA DE SEGURIDAD DAYTONA S3 SRC HRO ESD - Marr\\u00f3n &ndash; Chemitool\",\"isPartOf\":{\"@id\":\"https:\/\/chemitool.com\/#website\"},\"primaryImageOfPage\":{\"@id\":\"https:\/\/chemitool.com\/es\/products\/safety\/zapatos-de-seguridad\/zapatilhas\/daytona-es\/zapatilla-de-seguridad-daytona-s3-src-hro-esd-marron\/#primaryimage\"},\"datePublished\":\"2023-03-30T10:51:47+00:00\",\"dateModified\":\"2024-11-27T14:47:44+00:00\",\"description\":\"DAYTONA S3 SRC HRO ESD CHEMITOOL es una zapatilla de seguridad dise\\u00f1ada para los retos del d\\u00eda a d\\u00eda. Resistencia y Rendimiento son las palabras clave que lo definen, permitiendo su uso durante largas jornadas con menor fatiga. Dise\\u00f1o deportivo y casual para alejarse del calzado de seguridad tradicional. La zapatilla DAYTONA es 100% no met\\u00e1lica y ESD, lo que permite su uso en ambientes explosivos o donde se deba reducir el riesgo de descargas electrost\\u00e1ticas, como empresas de componentes electr\\u00f3nicos, laboratorios, estaciones de servicio, manipulaci\\u00f3n de productos inflamables, aeropuertos, etc. Adem\\u00e1s, su suela le confiere una resistencia de hasta 300\\u00ba de temperatura - excelente para quien trabaja sobre asfalto, o circula por zonas de f\\u00e1brica muy calientes.\",\"breadcrumb\":{\"@id\":\"https:\/\/chemitool.com\/es\/products\/safety\/zapatos-de-seguridad\/zapatilhas\/daytona-es\/zapatilla-de-seguridad-daytona-s3-src-hro-esd-marron\/#breadcrumb\"},\"inLanguage\":\"es\",\"potentialAction\":[{\"@type\":\"ReadAction\",\"target\":[\"https:\/\/chemitool.com\/es\/products\/safety\/zapatos-de-seguridad\/zapatilhas\/daytona-es\/zapatilla-de-seguridad-daytona-s3-src-hro-esd-marron\/\"]}]},{\"@type\":\"BreadcrumbList\",\"@id\":\"https:\/\/chemitool.com\/es\/products\/safety\/zapatos-de-seguridad\/zapatilhas\/daytona-es\/zapatilla-de-seguridad-daytona-s3-src-hro-esd-marron\/#breadcrumb\",\"itemListElement\":[{\"@type\":\"ListItem\",\"position\":1,\"name\":\"Home\",\"item\":\"https:\/\/chemitool.com\/es\/\"},{\"@type\":\"ListItem\",\"position\":2,\"name\":\"Productos\",\"item\":\"https:\/\/chemitool.com\/es\/productos\/\"},{\"@type\":\"ListItem\",\"position\":3,\"name\":\"Safety\",\"item\":\"https:\/\/chemitool.com\/es\/categoria-producto\/safety\/\"},{\"@type\":\"ListItem\",\"position\":4,\"name\":\"zapatos de seguridad\",\"item\":\"https:\/\/chemitool.com\/es\/categoria-producto\/safety\/zapatos-de-seguridad\/\"},{\"@type\":\"ListItem\",\"position\":5,\"name\":\"Zapatillas\",\"item\":\"https:\/\/chemitool.com\/es\/categoria-producto\/safety\/zapatos-de-seguridad\/zapatilhas\/\"},{\"@type\":\"ListItem\",\"position\":6,\"name\":\"DAYTONA\",\"item\":\"https:\/\/chemitool.com\/es\/categoria-producto\/safety\/zapatos-de-seguridad\/zapatilhas\/daytona-es\/\"},{\"@type\":\"ListItem\",\"position\":7,\"name\":\"ZAPATILLA DE SEGURIDAD DAYTONA S3 SRC HRO ESD &#8211; Marr\\u00f3n\"}]}]}<\/script>\n<!-- \/ Yoast SEO plugin. -->","yoast_head_json":{"title":"ZAPATILLA DE SEGURIDAD DAYTONA S3 SRC HRO ESD - Marr\u00f3n &ndash; Chemitool","description":"DAYTONA S3 SRC HRO ESD CHEMITOOL es una zapatilla de seguridad dise\u00f1ada para los retos del d\u00eda a d\u00eda. Resistencia y Rendimiento son las palabras clave que lo definen, permitiendo su uso durante largas jornadas con menor fatiga. Dise\u00f1o deportivo y casual para alejarse del calzado de seguridad tradicional. La zapatilla DAYTONA es 100% no met\u00e1lica y ESD, lo que permite su uso en ambientes explosivos o donde se deba reducir el riesgo de descargas electrost\u00e1ticas, como empresas de componentes electr\u00f3nicos, laboratorios, estaciones de servicio, manipulaci\u00f3n de productos inflamables, aeropuertos, etc. Adem\u00e1s, su suela le confiere una resistencia de hasta 300\u00ba de temperatura - excelente para quien trabaja sobre asfalto, o circula por zonas de f\u00e1brica muy calientes.","robots":{"index":"index","follow":"follow","max-snippet":"max-snippet:-1","max-image-preview":"max-image-preview:large","max-video-preview":"max-video-preview:-1"},"canonical":"https:\/\/chemitool.com\/es\/products\/safety\/zapatos-de-seguridad\/zapatilhas\/daytona-es\/zapatilla-de-seguridad-daytona-s3-src-hro-esd-marron\/","og_locale":"es_ES","og_type":"article","og_title":"ZAPATILLA DE SEGURIDAD DAYTONA S3 SRC HRO ESD - Marr\u00f3n &ndash; Chemitool","og_description":"DAYTONA S3 SRC HRO ESD CHEMITOOL es una zapatilla de seguridad dise\u00f1ada para los retos del d\u00eda a d\u00eda. Resistencia y Rendimiento son las palabras clave que lo definen, permitiendo su uso durante largas jornadas con menor fatiga. Dise\u00f1o deportivo y casual para alejarse del calzado de seguridad tradicional. La zapatilla DAYTONA es 100% no met\u00e1lica y ESD, lo que permite su uso en ambientes explosivos o donde se deba reducir el riesgo de descargas electrost\u00e1ticas, como empresas de componentes electr\u00f3nicos, laboratorios, estaciones de servicio, manipulaci\u00f3n de productos inflamables, aeropuertos, etc. Adem\u00e1s, su suela le confiere una resistencia de hasta 300\u00ba de temperatura - excelente para quien trabaja sobre asfalto, o circula por zonas de f\u00e1brica muy calientes.","og_url":"https:\/\/chemitool.com\/es\/products\/safety\/zapatos-de-seguridad\/zapatilhas\/daytona-es\/zapatilla-de-seguridad-daytona-s3-src-hro-esd-marron\/","og_site_name":"Chemitool","article_publisher":"https:\/\/www.facebook.com\/chemitool","article_modified_time":"2024-11-27T14:47:44+00:00","og_image":[{"width":800,"height":800,"url":"https:\/\/chemitool.com\/wp-content\/uploads\/2023\/03\/CHS010301.png","type":"image\/png"}],"twitter_card":"summary_large_image","schema":{"@context":"https:\/\/schema.org","@graph":[{"@type":"Organization","@id":"https:\/\/chemitool.com\/#organization","name":"Chemitool","url":"https:\/\/chemitool.com\/","sameAs":["https:\/\/www.facebook.com\/chemitool","https:\/\/www.instagram.com\/chemitool\/"],"logo":{"@type":"ImageObject","@id":"https:\/\/chemitool.com\/#logo","inLanguage":"es","url":"https:\/\/chemitool.com\/wp-content\/uploads\/2020\/10\/logo_chemitool.png","contentUrl":"https:\/\/chemitool.com\/wp-content\/uploads\/2020\/10\/logo_chemitool.png","width":400,"height":400,"caption":"Chemitool"},"image":{"@id":"https:\/\/chemitool.com\/#logo"}},{"@type":"WebSite","@id":"https:\/\/chemitool.com\/#website","url":"https:\/\/chemitool.com\/","name":"Chemitool","description":"Chemitool - hardware and tools","publisher":{"@id":"https:\/\/chemitool.com\/#organization"},"potentialAction":[{"@type":"SearchAction","target":{"@type":"EntryPoint","urlTemplate":"https:\/\/chemitool.com\/?s={search_term_string}"},"query-input":"required name=search_term_string"}],"inLanguage":"es"},{"@type":"ImageObject","@id":"https:\/\/chemitool.com\/es\/products\/safety\/zapatos-de-seguridad\/zapatilhas\/daytona-es\/zapatilla-de-seguridad-daytona-s3-src-hro-esd-marron\/#primaryimage","inLanguage":"es","url":"https:\/\/chemitool.com\/wp-content\/uploads\/2023\/03\/CHS010301.png","contentUrl":"https:\/\/chemitool.com\/wp-content\/uploads\/2023\/03\/CHS010301.png","width":800,"height":800},{"@type":"WebPage","@id":"https:\/\/chemitool.com\/es\/products\/safety\/zapatos-de-seguridad\/zapatilhas\/daytona-es\/zapatilla-de-seguridad-daytona-s3-src-hro-esd-marron\/#webpage","url":"https:\/\/chemitool.com\/es\/products\/safety\/zapatos-de-seguridad\/zapatilhas\/daytona-es\/zapatilla-de-seguridad-daytona-s3-src-hro-esd-marron\/","name":"ZAPATILLA DE SEGURIDAD DAYTONA S3 SRC HRO ESD - Marr\u00f3n &ndash; Chemitool","isPartOf":{"@id":"https:\/\/chemitool.com\/#website"},"primaryImageOfPage":{"@id":"https:\/\/chemitool.com\/es\/products\/safety\/zapatos-de-seguridad\/zapatilhas\/daytona-es\/zapatilla-de-seguridad-daytona-s3-src-hro-esd-marron\/#primaryimage"},"datePublished":"2023-03-30T10:51:47+00:00","dateModified":"2024-11-27T14:47:44+00:00","description":"DAYTONA S3 SRC HRO ESD CHEMITOOL es una zapatilla de seguridad dise\u00f1ada para los retos del d\u00eda a d\u00eda. Resistencia y Rendimiento son las palabras clave que lo definen, permitiendo su uso durante largas jornadas con menor fatiga. Dise\u00f1o deportivo y casual para alejarse del calzado de seguridad tradicional. La zapatilla DAYTONA es 100% no met\u00e1lica y ESD, lo que permite su uso en ambientes explosivos o donde se deba reducir el riesgo de descargas electrost\u00e1ticas, como empresas de componentes electr\u00f3nicos, laboratorios, estaciones de servicio, manipulaci\u00f3n de productos inflamables, aeropuertos, etc. Adem\u00e1s, su suela le confiere una resistencia de hasta 300\u00ba de temperatura - excelente para quien trabaja sobre asfalto, o circula por zonas de f\u00e1brica muy calientes.","breadcrumb":{"@id":"https:\/\/chemitool.com\/es\/products\/safety\/zapatos-de-seguridad\/zapatilhas\/daytona-es\/zapatilla-de-seguridad-daytona-s3-src-hro-esd-marron\/#breadcrumb"},"inLanguage":"es","potentialAction":[{"@type":"ReadAction","target":["https:\/\/chemitool.com\/es\/products\/safety\/zapatos-de-seguridad\/zapatilhas\/daytona-es\/zapatilla-de-seguridad-daytona-s3-src-hro-esd-marron\/"]}]},{"@type":"BreadcrumbList","@id":"https:\/\/chemitool.com\/es\/products\/safety\/zapatos-de-seguridad\/zapatilhas\/daytona-es\/zapatilla-de-seguridad-daytona-s3-src-hro-esd-marron\/#breadcrumb","itemListElement":[{"@type":"ListItem","position":1,"name":"Home","item":"https:\/\/chemitool.com\/es\/"},{"@type":"ListItem","position":2,"name":"Productos","item":"https:\/\/chemitool.com\/es\/productos\/"},{"@type":"ListItem","position":3,"name":"Safety","item":"https:\/\/chemitool.com\/es\/categoria-producto\/safety\/"},{"@type":"ListItem","position":4,"name":"zapatos de seguridad","item":"https:\/\/chemitool.com\/es\/categoria-producto\/safety\/zapatos-de-seguridad\/"},{"@type":"ListItem","position":5,"name":"Zapatillas","item":"https:\/\/chemitool.com\/es\/categoria-producto\/safety\/zapatos-de-seguridad\/zapatilhas\/"},{"@type":"ListItem","position":6,"name":"DAYTONA","item":"https:\/\/chemitool.com\/es\/categoria-producto\/safety\/zapatos-de-seguridad\/zapatilhas\/daytona-es\/"},{"@type":"ListItem","position":7,"name":"ZAPATILLA DE SEGURIDAD DAYTONA S3 SRC HRO ESD &#8211; Marr\u00f3n"}]}]}},"_links":{"self":[{"href":"https:\/\/chemitool.com\/es\/wp-json\/wp\/v2\/product\/32076"}],"collection":[{"href":"https:\/\/chemitool.com\/es\/wp-json\/wp\/v2\/product"}],"about":[{"href":"https:\/\/chemitool.com\/es\/wp-json\/wp\/v2\/types\/product"}],"wp:featuredmedia":[{"embeddable":true,"href":"https:\/\/chemitool.com\/es\/wp-json\/wp\/v2\/media\/37335"}],"wp:attachment":[{"href":"https:\/\/chemitool.com\/es\/wp-json\/wp\/v2\/media?parent=32076"}],"wp:term":[{"taxonomy":"product_cat","embeddable":true,"href":"https:\/\/chemitool.com\/es\/wp-json\/wp\/v2\/product_cat?post=32076"},{"taxonomy":"product_tag","embeddable":true,"href":"https:\/\/chemitool.com\/es\/wp-json\/wp\/v2\/product_tag?post=32076"}],"curies":[{"name":"wp","href":"https:\/\/api.w.org\/{rel}","templated":true}]}}