{"id":31872,"date":"2023-03-17T11:22:16","date_gmt":"2023-03-17T11:22:18","guid":{"rendered":"https:\/\/chemitool.com\/?post_type=product&#038;p=31872"},"modified":"2023-03-17T15:56:48","modified_gmt":"2023-03-17T15:56:48","slug":"juego-de-sierra-de-corona-bimetalicas","status":"publish","type":"product","link":"https:\/\/chemitool.com\/es\/products\/cutting\/herramientas-de-aserrado\/sierras-de-corona-bimetalicas\/juego-de-sierra-de-corona-bimetalicas\/","title":{"rendered":"JUEGO DE SIERRA DE CORONA BIMET\u00c1LICAS"},"content":{"rendered":"<p><strong>VENTAJAS<\/strong><\/p>\n<ul>\n<li>Excelente relaci\u00f3n calidad\/valor<\/li>\n<li>Disponible en HSS y HSS 8% Co<\/li>\n<li>Versi\u00f3n en 8, 11 y 19 piezas<\/li>\n<li>Plomero, Electricista e Industrial<\/li>\n<li>Resistente a roturas<\/li>\n<li>Larga vida \u00fatil de la herramienta<\/li>\n<\/ul>\n<p>El conjunto producido en acero bimet\u00e1lico M3 y M42 de alta calidad para diferentes tipos de aplicaciones, siendo dise\u00f1ado especialmente para cada segmento de trabajo.<\/p>\n<p><strong>Acero bimet\u00e1lico M3<\/strong><br \/>\nPlomero (8 piezas)<br \/>\nPlomero (11 piezas)<br \/>\nElectricista (8 piezas)<br \/>\nIndustriales (19 piezas)<\/p>\n<p><strong>Acero bimet\u00e1lico M42<\/strong><br \/>\nPlomero (11 piezas)<br \/>\nIndustriales (19 piezas)<\/p>\n<p>Equipado con las respectivas brocas de gu\u00eda de perforaci\u00f3n, acero r\u00e1pido y acero r\u00e1pido con 8% de cobalto, este \u00faltimo m\u00e1s adecuado para trabajos donde es necesario guiar en materiales m\u00e1s duros (acero inoxidable, por ejemplo).<\/p>\n<p>Los accesorios\/ejes est\u00e1n s\u00f3lidamente construidos para soportar la presi\u00f3n ejercida por la herramienta el\u00e9ctrica, lo que significa que no hay p\u00e9rdida de energ\u00eda al taladrar y que el proceso de corte es continuo.<\/p>\n<p>Es importante tener en cuenta que las sierras de corona deben aplicarse en un \u00e1ngulo de 90\u00ba con respecto a la superficie de contacto.<\/p>\n<p>En situaciones donde la pieza de trabajo no tenga soporte, se debe sujetar firmemente en una mordaza o tornillo de banco, para evitar que se desplace, evitando as\u00ed su rotura o rotaci\u00f3n junto con la sierra de corona.<\/p>\n","protected":false},"excerpt":{"rendered":"<p><em>Los juegos de coronas CHEMITOOL<\/em> tienen como funci\u00f3n principal permitir al profesional tener acceso a diferentes di\u00e1metros y accesorios de una forma r\u00e1pida y organizada.<\/p>\n","protected":false},"featured_media":31878,"template":"","meta":[],"product_cat":[1426,4291,4827],"product_tag":[],"yoast_head":"<!-- This site is optimized with the Yoast SEO plugin v17.4 - https:\/\/yoast.com\/wordpress\/plugins\/seo\/ -->\n<title>JUEGO DE SIERRA DE CORONA BIMET\u00c1LICAS &ndash; Chemitool<\/title>\n<meta name=\"description\" content=\"Los juegos de coronas CHEMITOOL tienen como funci\u00f3n principal permitir al profesional tener acceso a diferentes di\u00e1metros y accesorios de una forma r\u00e1pida y organizada.\" \/>\n<meta name=\"robots\" content=\"index, follow, max-snippet:-1, max-image-preview:large, max-video-preview:-1\" \/>\n<link rel=\"canonical\" href=\"https:\/\/chemitool.com\/es\/products\/cutting\/herramientas-de-aserrado\/sierras-de-corona-bimetalicas\/juego-de-sierra-de-corona-bimetalicas\/\" \/>\n<meta property=\"og:locale\" content=\"es_ES\" \/>\n<meta property=\"og:type\" content=\"article\" \/>\n<meta property=\"og:title\" content=\"JUEGO DE SIERRA DE CORONA BIMET\u00c1LICAS &ndash; Chemitool\" \/>\n<meta property=\"og:description\" content=\"Los juegos de coronas CHEMITOOL tienen como funci\u00f3n principal permitir al profesional tener acceso a diferentes di\u00e1metros y accesorios de una forma r\u00e1pida y organizada.\" \/>\n<meta property=\"og:url\" content=\"https:\/\/chemitool.com\/es\/products\/cutting\/herramientas-de-aserrado\/sierras-de-corona-bimetalicas\/juego-de-sierra-de-corona-bimetalicas\/\" \/>\n<meta property=\"og:site_name\" content=\"Chemitool\" \/>\n<meta property=\"article:publisher\" content=\"https:\/\/www.facebook.com\/chemitool\" \/>\n<meta property=\"article:modified_time\" content=\"2023-03-17T15:56:48+00:00\" \/>\n<meta property=\"og:image\" content=\"https:\/\/chemitool.com\/wp-content\/uploads\/2023\/03\/CHA1500.png\" \/>\n\t<meta property=\"og:image:width\" content=\"800\" \/>\n\t<meta property=\"og:image:height\" content=\"800\" \/>\n<meta name=\"twitter:card\" content=\"summary_large_image\" \/>\n<meta name=\"twitter:label1\" content=\"Tiempo de lectura\" \/>\n\t<meta name=\"twitter:data1\" content=\"1 minuto\" \/>\n<script type=\"application\/ld+json\" class=\"yoast-schema-graph\">{\"@context\":\"https:\/\/schema.org\",\"@graph\":[{\"@type\":\"Organization\",\"@id\":\"https:\/\/chemitool.com\/#organization\",\"name\":\"Chemitool\",\"url\":\"https:\/\/chemitool.com\/\",\"sameAs\":[\"https:\/\/www.facebook.com\/chemitool\",\"https:\/\/www.instagram.com\/chemitool\/\"],\"logo\":{\"@type\":\"ImageObject\",\"@id\":\"https:\/\/chemitool.com\/#logo\",\"inLanguage\":\"es\",\"url\":\"https:\/\/chemitool.com\/wp-content\/uploads\/2020\/10\/logo_chemitool.png\",\"contentUrl\":\"https:\/\/chemitool.com\/wp-content\/uploads\/2020\/10\/logo_chemitool.png\",\"width\":400,\"height\":400,\"caption\":\"Chemitool\"},\"image\":{\"@id\":\"https:\/\/chemitool.com\/#logo\"}},{\"@type\":\"WebSite\",\"@id\":\"https:\/\/chemitool.com\/#website\",\"url\":\"https:\/\/chemitool.com\/\",\"name\":\"Chemitool\",\"description\":\"Chemitool - hardware and tools\",\"publisher\":{\"@id\":\"https:\/\/chemitool.com\/#organization\"},\"potentialAction\":[{\"@type\":\"SearchAction\",\"target\":{\"@type\":\"EntryPoint\",\"urlTemplate\":\"https:\/\/chemitool.com\/?s={search_term_string}\"},\"query-input\":\"required name=search_term_string\"}],\"inLanguage\":\"es\"},{\"@type\":\"ImageObject\",\"@id\":\"https:\/\/chemitool.com\/es\/products\/cutting\/herramientas-de-aserrado\/sierras-de-corona-bimetalicas\/juego-de-sierra-de-corona-bimetalicas\/#primaryimage\",\"inLanguage\":\"es\",\"url\":\"https:\/\/chemitool.com\/wp-content\/uploads\/2023\/03\/CHA1500.png\",\"contentUrl\":\"https:\/\/chemitool.com\/wp-content\/uploads\/2023\/03\/CHA1500.png\",\"width\":800,\"height\":800},{\"@type\":\"WebPage\",\"@id\":\"https:\/\/chemitool.com\/es\/products\/cutting\/herramientas-de-aserrado\/sierras-de-corona-bimetalicas\/juego-de-sierra-de-corona-bimetalicas\/#webpage\",\"url\":\"https:\/\/chemitool.com\/es\/products\/cutting\/herramientas-de-aserrado\/sierras-de-corona-bimetalicas\/juego-de-sierra-de-corona-bimetalicas\/\",\"name\":\"JUEGO DE SIERRA DE CORONA BIMET\\u00c1LICAS &ndash; Chemitool\",\"isPartOf\":{\"@id\":\"https:\/\/chemitool.com\/#website\"},\"primaryImageOfPage\":{\"@id\":\"https:\/\/chemitool.com\/es\/products\/cutting\/herramientas-de-aserrado\/sierras-de-corona-bimetalicas\/juego-de-sierra-de-corona-bimetalicas\/#primaryimage\"},\"datePublished\":\"2023-03-17T11:22:18+00:00\",\"dateModified\":\"2023-03-17T15:56:48+00:00\",\"description\":\"Los juegos de coronas CHEMITOOL tienen como funci\\u00f3n principal permitir al profesional tener acceso a diferentes di\\u00e1metros y accesorios de una forma r\\u00e1pida y organizada.\",\"breadcrumb\":{\"@id\":\"https:\/\/chemitool.com\/es\/products\/cutting\/herramientas-de-aserrado\/sierras-de-corona-bimetalicas\/juego-de-sierra-de-corona-bimetalicas\/#breadcrumb\"},\"inLanguage\":\"es\",\"potentialAction\":[{\"@type\":\"ReadAction\",\"target\":[\"https:\/\/chemitool.com\/es\/products\/cutting\/herramientas-de-aserrado\/sierras-de-corona-bimetalicas\/juego-de-sierra-de-corona-bimetalicas\/\"]}]},{\"@type\":\"BreadcrumbList\",\"@id\":\"https:\/\/chemitool.com\/es\/products\/cutting\/herramientas-de-aserrado\/sierras-de-corona-bimetalicas\/juego-de-sierra-de-corona-bimetalicas\/#breadcrumb\",\"itemListElement\":[{\"@type\":\"ListItem\",\"position\":1,\"name\":\"Home\",\"item\":\"https:\/\/chemitool.com\/es\/\"},{\"@type\":\"ListItem\",\"position\":2,\"name\":\"Productos\",\"item\":\"https:\/\/chemitool.com\/es\/productos\/\"},{\"@type\":\"ListItem\",\"position\":3,\"name\":\"Cutting\",\"item\":\"https:\/\/chemitool.com\/es\/categoria-producto\/cutting\/\"},{\"@type\":\"ListItem\",\"position\":4,\"name\":\"HERRAMIENTAS DE ASERRADO\",\"item\":\"https:\/\/chemitool.com\/es\/categoria-producto\/cutting\/herramientas-de-aserrado\/\"},{\"@type\":\"ListItem\",\"position\":5,\"name\":\"SIERRAS DE CORONA BIMET\\u00c1LICAS\",\"item\":\"https:\/\/chemitool.com\/es\/categoria-producto\/cutting\/herramientas-de-aserrado\/sierras-de-corona-bimetalicas\/\"},{\"@type\":\"ListItem\",\"position\":6,\"name\":\"JUEGO DE SIERRA DE CORONA BIMET\\u00c1LICAS\"}]}]}<\/script>\n<!-- \/ Yoast SEO plugin. -->","yoast_head_json":{"title":"JUEGO DE SIERRA DE CORONA BIMET\u00c1LICAS &ndash; Chemitool","description":"Los juegos de coronas CHEMITOOL tienen como funci\u00f3n principal permitir al profesional tener acceso a diferentes di\u00e1metros y accesorios de una forma r\u00e1pida y organizada.","robots":{"index":"index","follow":"follow","max-snippet":"max-snippet:-1","max-image-preview":"max-image-preview:large","max-video-preview":"max-video-preview:-1"},"canonical":"https:\/\/chemitool.com\/es\/products\/cutting\/herramientas-de-aserrado\/sierras-de-corona-bimetalicas\/juego-de-sierra-de-corona-bimetalicas\/","og_locale":"es_ES","og_type":"article","og_title":"JUEGO DE SIERRA DE CORONA BIMET\u00c1LICAS &ndash; Chemitool","og_description":"Los juegos de coronas CHEMITOOL tienen como funci\u00f3n principal permitir al profesional tener acceso a diferentes di\u00e1metros y accesorios de una forma r\u00e1pida y organizada.","og_url":"https:\/\/chemitool.com\/es\/products\/cutting\/herramientas-de-aserrado\/sierras-de-corona-bimetalicas\/juego-de-sierra-de-corona-bimetalicas\/","og_site_name":"Chemitool","article_publisher":"https:\/\/www.facebook.com\/chemitool","article_modified_time":"2023-03-17T15:56:48+00:00","og_image":[{"width":800,"height":800,"url":"https:\/\/chemitool.com\/wp-content\/uploads\/2023\/03\/CHA1500.png","type":"image\/png"}],"twitter_card":"summary_large_image","twitter_misc":{"Tiempo de lectura":"1 minuto"},"schema":{"@context":"https:\/\/schema.org","@graph":[{"@type":"Organization","@id":"https:\/\/chemitool.com\/#organization","name":"Chemitool","url":"https:\/\/chemitool.com\/","sameAs":["https:\/\/www.facebook.com\/chemitool","https:\/\/www.instagram.com\/chemitool\/"],"logo":{"@type":"ImageObject","@id":"https:\/\/chemitool.com\/#logo","inLanguage":"es","url":"https:\/\/chemitool.com\/wp-content\/uploads\/2020\/10\/logo_chemitool.png","contentUrl":"https:\/\/chemitool.com\/wp-content\/uploads\/2020\/10\/logo_chemitool.png","width":400,"height":400,"caption":"Chemitool"},"image":{"@id":"https:\/\/chemitool.com\/#logo"}},{"@type":"WebSite","@id":"https:\/\/chemitool.com\/#website","url":"https:\/\/chemitool.com\/","name":"Chemitool","description":"Chemitool - hardware and tools","publisher":{"@id":"https:\/\/chemitool.com\/#organization"},"potentialAction":[{"@type":"SearchAction","target":{"@type":"EntryPoint","urlTemplate":"https:\/\/chemitool.com\/?s={search_term_string}"},"query-input":"required name=search_term_string"}],"inLanguage":"es"},{"@type":"ImageObject","@id":"https:\/\/chemitool.com\/es\/products\/cutting\/herramientas-de-aserrado\/sierras-de-corona-bimetalicas\/juego-de-sierra-de-corona-bimetalicas\/#primaryimage","inLanguage":"es","url":"https:\/\/chemitool.com\/wp-content\/uploads\/2023\/03\/CHA1500.png","contentUrl":"https:\/\/chemitool.com\/wp-content\/uploads\/2023\/03\/CHA1500.png","width":800,"height":800},{"@type":"WebPage","@id":"https:\/\/chemitool.com\/es\/products\/cutting\/herramientas-de-aserrado\/sierras-de-corona-bimetalicas\/juego-de-sierra-de-corona-bimetalicas\/#webpage","url":"https:\/\/chemitool.com\/es\/products\/cutting\/herramientas-de-aserrado\/sierras-de-corona-bimetalicas\/juego-de-sierra-de-corona-bimetalicas\/","name":"JUEGO DE SIERRA DE CORONA BIMET\u00c1LICAS &ndash; Chemitool","isPartOf":{"@id":"https:\/\/chemitool.com\/#website"},"primaryImageOfPage":{"@id":"https:\/\/chemitool.com\/es\/products\/cutting\/herramientas-de-aserrado\/sierras-de-corona-bimetalicas\/juego-de-sierra-de-corona-bimetalicas\/#primaryimage"},"datePublished":"2023-03-17T11:22:18+00:00","dateModified":"2023-03-17T15:56:48+00:00","description":"Los juegos de coronas CHEMITOOL tienen como funci\u00f3n principal permitir al profesional tener acceso a diferentes di\u00e1metros y accesorios de una forma r\u00e1pida y organizada.","breadcrumb":{"@id":"https:\/\/chemitool.com\/es\/products\/cutting\/herramientas-de-aserrado\/sierras-de-corona-bimetalicas\/juego-de-sierra-de-corona-bimetalicas\/#breadcrumb"},"inLanguage":"es","potentialAction":[{"@type":"ReadAction","target":["https:\/\/chemitool.com\/es\/products\/cutting\/herramientas-de-aserrado\/sierras-de-corona-bimetalicas\/juego-de-sierra-de-corona-bimetalicas\/"]}]},{"@type":"BreadcrumbList","@id":"https:\/\/chemitool.com\/es\/products\/cutting\/herramientas-de-aserrado\/sierras-de-corona-bimetalicas\/juego-de-sierra-de-corona-bimetalicas\/#breadcrumb","itemListElement":[{"@type":"ListItem","position":1,"name":"Home","item":"https:\/\/chemitool.com\/es\/"},{"@type":"ListItem","position":2,"name":"Productos","item":"https:\/\/chemitool.com\/es\/productos\/"},{"@type":"ListItem","position":3,"name":"Cutting","item":"https:\/\/chemitool.com\/es\/categoria-producto\/cutting\/"},{"@type":"ListItem","position":4,"name":"HERRAMIENTAS DE ASERRADO","item":"https:\/\/chemitool.com\/es\/categoria-producto\/cutting\/herramientas-de-aserrado\/"},{"@type":"ListItem","position":5,"name":"SIERRAS DE CORONA BIMET\u00c1LICAS","item":"https:\/\/chemitool.com\/es\/categoria-producto\/cutting\/herramientas-de-aserrado\/sierras-de-corona-bimetalicas\/"},{"@type":"ListItem","position":6,"name":"JUEGO DE SIERRA DE CORONA BIMET\u00c1LICAS"}]}]}},"_links":{"self":[{"href":"https:\/\/chemitool.com\/es\/wp-json\/wp\/v2\/product\/31872"}],"collection":[{"href":"https:\/\/chemitool.com\/es\/wp-json\/wp\/v2\/product"}],"about":[{"href":"https:\/\/chemitool.com\/es\/wp-json\/wp\/v2\/types\/product"}],"wp:featuredmedia":[{"embeddable":true,"href":"https:\/\/chemitool.com\/es\/wp-json\/wp\/v2\/media\/31878"}],"wp:attachment":[{"href":"https:\/\/chemitool.com\/es\/wp-json\/wp\/v2\/media?parent=31872"}],"wp:term":[{"taxonomy":"product_cat","embeddable":true,"href":"https:\/\/chemitool.com\/es\/wp-json\/wp\/v2\/product_cat?post=31872"},{"taxonomy":"product_tag","embeddable":true,"href":"https:\/\/chemitool.com\/es\/wp-json\/wp\/v2\/product_tag?post=31872"}],"curies":[{"name":"wp","href":"https:\/\/api.w.org\/{rel}","templated":true}]}}