{"id":31637,"date":"2023-03-07T10:43:36","date_gmt":"2023-03-07T10:43:38","guid":{"rendered":"https:\/\/chemitool.com\/?post_type=product&#038;p=31637"},"modified":"2023-03-07T14:32:33","modified_gmt":"2023-03-07T14:32:33","slug":"sierras-de-corona-bimetalicas-hss-m3","status":"publish","type":"product","link":"https:\/\/chemitool.com\/es\/products\/cutting\/herramientas-de-aserrado\/sierras-de-corona-bimetalicas\/sierras-de-corona-bimetalicas-hss-m3\/","title":{"rendered":"SIERRAS DE CORONA BIMET\u00c1LICAS HSS M3"},"content":{"rendered":"<p><strong>VENTAJAS<\/strong><\/p>\n<ul>\n<li>Excelente relaci\u00f3n calidad\/valor<\/li>\n<li>Disponible desde di\u00e1metro 14 hasta 210mm<\/li>\n<li>Dentado variable (4-6TPI)<\/li>\n<li>Altura de 38mm<\/li>\n<li>Resistente a roturas<\/li>\n<li>Excelente rendimiento de corte<\/li>\n<li>Larga vida \u00fatil de la herramienta<\/li>\n<\/ul>\n<p>Las coronas CHEMITOOL est\u00e1n preparadas para todo tipo de perforaciones, siendo este el producto indicado para perforaciones r\u00e1pidas y excelente remoci\u00f3n de material.<\/p>\n<p>El n\u00famero de dientes por pulgada en formato variable (4-6 dientes por pulgada) permite taladrar agujeros m\u00e1s r\u00e1pidamente en muchos tipos diferentes de materiales, como madera, pl\u00e1stico, acero y metales no ferrosos. Esta sierra es adecuada para trabajos de perforaci\u00f3n de orificios grandes en lugares m\u00e1s reducidos. <\/p>\n<p>Las coronas bimet\u00e1licas fueron desarrolladas para soportar altas presiones durante el proceso de trabajo, ayudando as\u00ed a asegurar un corte constante. <\/p>\n<p>Una velocidad de trabajo\/revoluciones por minuto adecuadas es esencial para aumentar la vida \u00fatil de la sierra de corona, y siempre debe usarse en un \u00e1ngulo de 90\u00ba con respecto a la superficie de contacto. <\/p>\n<p>En situaciones donde la pieza de trabajo no tenga soporte, se debe sujetar firmemente en una mordaza o tornillo de banco, para evitar que se desplace, evitando as\u00ed su rotura o rotaci\u00f3n junto con la sierra de corona. <\/p>\n<p>No debe ser olvidado el uso de lubricantes para aplicaciones en metales, ya que ayuda a disipar el calor provocado por el roce de los dientes sobre la pieza, aumentando la calidad final del trabajo y la longevidad de la sierra de corona. <\/p>\n<p>Envasado en bl\u00edster cerrado con perforaci\u00f3n para exposici\u00f3n.<\/p>\n","protected":false},"excerpt":{"rendered":"<p>Las <em>Coronas Bimet\u00e1licas CHEMITOOL<\/em>, fabricadas en acero r\u00e1pido M3, ofrecen una excelente capacidad de corte, brindando a los profesionales un excelente rendimiento. Estas sierras de corona se distinguen por su excelente relaci\u00f3n calidad\/precio.<\/p>\n","protected":false},"featured_media":31868,"template":"","meta":[],"product_cat":[1426,4291,4827],"product_tag":[],"yoast_head":"<!-- This site is optimized with the Yoast SEO plugin v17.4 - https:\/\/yoast.com\/wordpress\/plugins\/seo\/ -->\n<title>SIERRAS DE CORONA BIMET\u00c1LICAS HSS M3 &ndash; Chemitool<\/title>\n<meta name=\"description\" content=\"Las Coronas Bimet\u00e1licas CHEMITOOL, fabricadas en acero r\u00e1pido M3, ofrecen una excelente capacidad de corte, brindando a los profesionales un excelente rendimiento. Estas sierras de corona se distinguen por su excelente relaci\u00f3n calidad\/precio.\" \/>\n<meta name=\"robots\" content=\"index, follow, max-snippet:-1, max-image-preview:large, max-video-preview:-1\" \/>\n<link rel=\"canonical\" href=\"https:\/\/chemitool.com\/es\/products\/cutting\/herramientas-de-aserrado\/sierras-de-corona-bimetalicas\/sierras-de-corona-bimetalicas-hss-m3\/\" \/>\n<meta property=\"og:locale\" content=\"es_ES\" \/>\n<meta property=\"og:type\" content=\"article\" \/>\n<meta property=\"og:title\" content=\"SIERRAS DE CORONA BIMET\u00c1LICAS HSS M3 &ndash; Chemitool\" \/>\n<meta property=\"og:description\" content=\"Las Coronas Bimet\u00e1licas CHEMITOOL, fabricadas en acero r\u00e1pido M3, ofrecen una excelente capacidad de corte, brindando a los profesionales un excelente rendimiento. Estas sierras de corona se distinguen por su excelente relaci\u00f3n calidad\/precio.\" \/>\n<meta property=\"og:url\" content=\"https:\/\/chemitool.com\/es\/products\/cutting\/herramientas-de-aserrado\/sierras-de-corona-bimetalicas\/sierras-de-corona-bimetalicas-hss-m3\/\" \/>\n<meta property=\"og:site_name\" content=\"Chemitool\" \/>\n<meta property=\"article:publisher\" content=\"https:\/\/www.facebook.com\/chemitool\" \/>\n<meta property=\"article:modified_time\" content=\"2023-03-07T14:32:33+00:00\" \/>\n<meta property=\"og:image\" content=\"https:\/\/chemitool.com\/wp-content\/uploads\/2023\/03\/CHA1501.png\" \/>\n\t<meta property=\"og:image:width\" content=\"800\" \/>\n\t<meta property=\"og:image:height\" content=\"800\" \/>\n<meta name=\"twitter:card\" content=\"summary_large_image\" \/>\n<meta name=\"twitter:label1\" content=\"Tiempo de lectura\" \/>\n\t<meta name=\"twitter:data1\" content=\"1 minuto\" \/>\n<script type=\"application\/ld+json\" class=\"yoast-schema-graph\">{\"@context\":\"https:\/\/schema.org\",\"@graph\":[{\"@type\":\"Organization\",\"@id\":\"https:\/\/chemitool.com\/#organization\",\"name\":\"Chemitool\",\"url\":\"https:\/\/chemitool.com\/\",\"sameAs\":[\"https:\/\/www.facebook.com\/chemitool\",\"https:\/\/www.instagram.com\/chemitool\/\"],\"logo\":{\"@type\":\"ImageObject\",\"@id\":\"https:\/\/chemitool.com\/#logo\",\"inLanguage\":\"es\",\"url\":\"https:\/\/chemitool.com\/wp-content\/uploads\/2020\/10\/logo_chemitool.png\",\"contentUrl\":\"https:\/\/chemitool.com\/wp-content\/uploads\/2020\/10\/logo_chemitool.png\",\"width\":400,\"height\":400,\"caption\":\"Chemitool\"},\"image\":{\"@id\":\"https:\/\/chemitool.com\/#logo\"}},{\"@type\":\"WebSite\",\"@id\":\"https:\/\/chemitool.com\/#website\",\"url\":\"https:\/\/chemitool.com\/\",\"name\":\"Chemitool\",\"description\":\"Chemitool - hardware and tools\",\"publisher\":{\"@id\":\"https:\/\/chemitool.com\/#organization\"},\"potentialAction\":[{\"@type\":\"SearchAction\",\"target\":{\"@type\":\"EntryPoint\",\"urlTemplate\":\"https:\/\/chemitool.com\/?s={search_term_string}\"},\"query-input\":\"required name=search_term_string\"}],\"inLanguage\":\"es\"},{\"@type\":\"ImageObject\",\"@id\":\"https:\/\/chemitool.com\/es\/products\/cutting\/herramientas-de-aserrado\/sierras-de-corona-bimetalicas\/sierras-de-corona-bimetalicas-hss-m3\/#primaryimage\",\"inLanguage\":\"es\",\"url\":\"https:\/\/chemitool.com\/wp-content\/uploads\/2023\/03\/CHA1501-1.png\",\"contentUrl\":\"https:\/\/chemitool.com\/wp-content\/uploads\/2023\/03\/CHA1501-1.png\",\"width\":800,\"height\":800},{\"@type\":\"WebPage\",\"@id\":\"https:\/\/chemitool.com\/es\/products\/cutting\/herramientas-de-aserrado\/sierras-de-corona-bimetalicas\/sierras-de-corona-bimetalicas-hss-m3\/#webpage\",\"url\":\"https:\/\/chemitool.com\/es\/products\/cutting\/herramientas-de-aserrado\/sierras-de-corona-bimetalicas\/sierras-de-corona-bimetalicas-hss-m3\/\",\"name\":\"SIERRAS DE CORONA BIMET\\u00c1LICAS HSS M3 &ndash; Chemitool\",\"isPartOf\":{\"@id\":\"https:\/\/chemitool.com\/#website\"},\"primaryImageOfPage\":{\"@id\":\"https:\/\/chemitool.com\/es\/products\/cutting\/herramientas-de-aserrado\/sierras-de-corona-bimetalicas\/sierras-de-corona-bimetalicas-hss-m3\/#primaryimage\"},\"datePublished\":\"2023-03-07T10:43:38+00:00\",\"dateModified\":\"2023-03-07T14:32:33+00:00\",\"description\":\"Las Coronas Bimet\\u00e1licas CHEMITOOL, fabricadas en acero r\\u00e1pido M3, ofrecen una excelente capacidad de corte, brindando a los profesionales un excelente rendimiento. Estas sierras de corona se distinguen por su excelente relaci\\u00f3n calidad\/precio.\",\"breadcrumb\":{\"@id\":\"https:\/\/chemitool.com\/es\/products\/cutting\/herramientas-de-aserrado\/sierras-de-corona-bimetalicas\/sierras-de-corona-bimetalicas-hss-m3\/#breadcrumb\"},\"inLanguage\":\"es\",\"potentialAction\":[{\"@type\":\"ReadAction\",\"target\":[\"https:\/\/chemitool.com\/es\/products\/cutting\/herramientas-de-aserrado\/sierras-de-corona-bimetalicas\/sierras-de-corona-bimetalicas-hss-m3\/\"]}]},{\"@type\":\"BreadcrumbList\",\"@id\":\"https:\/\/chemitool.com\/es\/products\/cutting\/herramientas-de-aserrado\/sierras-de-corona-bimetalicas\/sierras-de-corona-bimetalicas-hss-m3\/#breadcrumb\",\"itemListElement\":[{\"@type\":\"ListItem\",\"position\":1,\"name\":\"Home\",\"item\":\"https:\/\/chemitool.com\/es\/\"},{\"@type\":\"ListItem\",\"position\":2,\"name\":\"Productos\",\"item\":\"https:\/\/chemitool.com\/es\/productos\/\"},{\"@type\":\"ListItem\",\"position\":3,\"name\":\"Cutting\",\"item\":\"https:\/\/chemitool.com\/es\/categoria-producto\/cutting\/\"},{\"@type\":\"ListItem\",\"position\":4,\"name\":\"HERRAMIENTAS DE ASERRADO\",\"item\":\"https:\/\/chemitool.com\/es\/categoria-producto\/cutting\/herramientas-de-aserrado\/\"},{\"@type\":\"ListItem\",\"position\":5,\"name\":\"SIERRAS DE CORONA BIMET\\u00c1LICAS\",\"item\":\"https:\/\/chemitool.com\/es\/categoria-producto\/cutting\/herramientas-de-aserrado\/sierras-de-corona-bimetalicas\/\"},{\"@type\":\"ListItem\",\"position\":6,\"name\":\"SIERRAS DE CORONA BIMET\\u00c1LICAS HSS M3\"}]}]}<\/script>\n<!-- \/ Yoast SEO plugin. -->","yoast_head_json":{"title":"SIERRAS DE CORONA BIMET\u00c1LICAS HSS M3 &ndash; Chemitool","description":"Las Coronas Bimet\u00e1licas CHEMITOOL, fabricadas en acero r\u00e1pido M3, ofrecen una excelente capacidad de corte, brindando a los profesionales un excelente rendimiento. Estas sierras de corona se distinguen por su excelente relaci\u00f3n calidad\/precio.","robots":{"index":"index","follow":"follow","max-snippet":"max-snippet:-1","max-image-preview":"max-image-preview:large","max-video-preview":"max-video-preview:-1"},"canonical":"https:\/\/chemitool.com\/es\/products\/cutting\/herramientas-de-aserrado\/sierras-de-corona-bimetalicas\/sierras-de-corona-bimetalicas-hss-m3\/","og_locale":"es_ES","og_type":"article","og_title":"SIERRAS DE CORONA BIMET\u00c1LICAS HSS M3 &ndash; Chemitool","og_description":"Las Coronas Bimet\u00e1licas CHEMITOOL, fabricadas en acero r\u00e1pido M3, ofrecen una excelente capacidad de corte, brindando a los profesionales un excelente rendimiento. Estas sierras de corona se distinguen por su excelente relaci\u00f3n calidad\/precio.","og_url":"https:\/\/chemitool.com\/es\/products\/cutting\/herramientas-de-aserrado\/sierras-de-corona-bimetalicas\/sierras-de-corona-bimetalicas-hss-m3\/","og_site_name":"Chemitool","article_publisher":"https:\/\/www.facebook.com\/chemitool","article_modified_time":"2023-03-07T14:32:33+00:00","og_image":[{"width":800,"height":800,"url":"https:\/\/chemitool.com\/wp-content\/uploads\/2023\/03\/CHA1501.png","type":"image\/png"}],"twitter_card":"summary_large_image","twitter_misc":{"Tiempo de lectura":"1 minuto"},"schema":{"@context":"https:\/\/schema.org","@graph":[{"@type":"Organization","@id":"https:\/\/chemitool.com\/#organization","name":"Chemitool","url":"https:\/\/chemitool.com\/","sameAs":["https:\/\/www.facebook.com\/chemitool","https:\/\/www.instagram.com\/chemitool\/"],"logo":{"@type":"ImageObject","@id":"https:\/\/chemitool.com\/#logo","inLanguage":"es","url":"https:\/\/chemitool.com\/wp-content\/uploads\/2020\/10\/logo_chemitool.png","contentUrl":"https:\/\/chemitool.com\/wp-content\/uploads\/2020\/10\/logo_chemitool.png","width":400,"height":400,"caption":"Chemitool"},"image":{"@id":"https:\/\/chemitool.com\/#logo"}},{"@type":"WebSite","@id":"https:\/\/chemitool.com\/#website","url":"https:\/\/chemitool.com\/","name":"Chemitool","description":"Chemitool - hardware and tools","publisher":{"@id":"https:\/\/chemitool.com\/#organization"},"potentialAction":[{"@type":"SearchAction","target":{"@type":"EntryPoint","urlTemplate":"https:\/\/chemitool.com\/?s={search_term_string}"},"query-input":"required name=search_term_string"}],"inLanguage":"es"},{"@type":"ImageObject","@id":"https:\/\/chemitool.com\/es\/products\/cutting\/herramientas-de-aserrado\/sierras-de-corona-bimetalicas\/sierras-de-corona-bimetalicas-hss-m3\/#primaryimage","inLanguage":"es","url":"https:\/\/chemitool.com\/wp-content\/uploads\/2023\/03\/CHA1501-1.png","contentUrl":"https:\/\/chemitool.com\/wp-content\/uploads\/2023\/03\/CHA1501-1.png","width":800,"height":800},{"@type":"WebPage","@id":"https:\/\/chemitool.com\/es\/products\/cutting\/herramientas-de-aserrado\/sierras-de-corona-bimetalicas\/sierras-de-corona-bimetalicas-hss-m3\/#webpage","url":"https:\/\/chemitool.com\/es\/products\/cutting\/herramientas-de-aserrado\/sierras-de-corona-bimetalicas\/sierras-de-corona-bimetalicas-hss-m3\/","name":"SIERRAS DE CORONA BIMET\u00c1LICAS HSS M3 &ndash; Chemitool","isPartOf":{"@id":"https:\/\/chemitool.com\/#website"},"primaryImageOfPage":{"@id":"https:\/\/chemitool.com\/es\/products\/cutting\/herramientas-de-aserrado\/sierras-de-corona-bimetalicas\/sierras-de-corona-bimetalicas-hss-m3\/#primaryimage"},"datePublished":"2023-03-07T10:43:38+00:00","dateModified":"2023-03-07T14:32:33+00:00","description":"Las Coronas Bimet\u00e1licas CHEMITOOL, fabricadas en acero r\u00e1pido M3, ofrecen una excelente capacidad de corte, brindando a los profesionales un excelente rendimiento. Estas sierras de corona se distinguen por su excelente relaci\u00f3n calidad\/precio.","breadcrumb":{"@id":"https:\/\/chemitool.com\/es\/products\/cutting\/herramientas-de-aserrado\/sierras-de-corona-bimetalicas\/sierras-de-corona-bimetalicas-hss-m3\/#breadcrumb"},"inLanguage":"es","potentialAction":[{"@type":"ReadAction","target":["https:\/\/chemitool.com\/es\/products\/cutting\/herramientas-de-aserrado\/sierras-de-corona-bimetalicas\/sierras-de-corona-bimetalicas-hss-m3\/"]}]},{"@type":"BreadcrumbList","@id":"https:\/\/chemitool.com\/es\/products\/cutting\/herramientas-de-aserrado\/sierras-de-corona-bimetalicas\/sierras-de-corona-bimetalicas-hss-m3\/#breadcrumb","itemListElement":[{"@type":"ListItem","position":1,"name":"Home","item":"https:\/\/chemitool.com\/es\/"},{"@type":"ListItem","position":2,"name":"Productos","item":"https:\/\/chemitool.com\/es\/productos\/"},{"@type":"ListItem","position":3,"name":"Cutting","item":"https:\/\/chemitool.com\/es\/categoria-producto\/cutting\/"},{"@type":"ListItem","position":4,"name":"HERRAMIENTAS DE ASERRADO","item":"https:\/\/chemitool.com\/es\/categoria-producto\/cutting\/herramientas-de-aserrado\/"},{"@type":"ListItem","position":5,"name":"SIERRAS DE CORONA BIMET\u00c1LICAS","item":"https:\/\/chemitool.com\/es\/categoria-producto\/cutting\/herramientas-de-aserrado\/sierras-de-corona-bimetalicas\/"},{"@type":"ListItem","position":6,"name":"SIERRAS DE CORONA BIMET\u00c1LICAS HSS M3"}]}]}},"_links":{"self":[{"href":"https:\/\/chemitool.com\/es\/wp-json\/wp\/v2\/product\/31637"}],"collection":[{"href":"https:\/\/chemitool.com\/es\/wp-json\/wp\/v2\/product"}],"about":[{"href":"https:\/\/chemitool.com\/es\/wp-json\/wp\/v2\/types\/product"}],"wp:featuredmedia":[{"embeddable":true,"href":"https:\/\/chemitool.com\/es\/wp-json\/wp\/v2\/media\/31868"}],"wp:attachment":[{"href":"https:\/\/chemitool.com\/es\/wp-json\/wp\/v2\/media?parent=31637"}],"wp:term":[{"taxonomy":"product_cat","embeddable":true,"href":"https:\/\/chemitool.com\/es\/wp-json\/wp\/v2\/product_cat?post=31637"},{"taxonomy":"product_tag","embeddable":true,"href":"https:\/\/chemitool.com\/es\/wp-json\/wp\/v2\/product_tag?post=31637"}],"curies":[{"name":"wp","href":"https:\/\/api.w.org\/{rel}","templated":true}]}}