{"id":31427,"date":"2023-03-03T11:59:18","date_gmt":"2023-03-03T11:59:18","guid":{"rendered":"https:\/\/chemitool.com\/?post_type=product&#038;p=31427"},"modified":"2023-05-15T14:22:12","modified_gmt":"2023-05-15T14:22:12","slug":"c2-spade-broca-vidrio-ceramica","status":"publish","type":"product","link":"https:\/\/chemitool.com\/es\/products\/cutting\/herramientas-de-perforacion-hormigon-albanileria\/c2-spade-broca-vidrio-ceramica\/","title":{"rendered":"C2 SPADE BROCA VIDRIO\/CER\u00c1MICA"},"content":{"rendered":"<p><strong>VENTAJAS<\/strong><\/p>\n<ul>\n<li>\u00d3ptima relaci\u00f3n calidad\/precio<\/li>\n<li>Cabezal de carburo de tungsteno<\/li>\n<li>2 cortadores<\/li>\n<li>Excelente rendimiento de perforaci\u00f3n<\/li>\n<li>Disponible de 3,0 a 12mm de di\u00e1metro<\/li>\n<li>Larga vida \u00fatil de la herramienta<\/li>\n<\/ul>\n<p>La broca C2 SPADE CHEMITOOL es adecuada para taladrar en vidrio y cer\u00e1mica.<\/p>\n<p>La excelente calidad de la punta de la broca con dos filos de corte hace que no sea necesaria mucha presi\u00f3n para perforar el orificio, lo que permite realizar perforaciones de excelente calidad en materiales sensibles y vidriados.<\/p>\n<p>Este tipo de broca debe utilizarse en taladros sin percusi\u00f3n activa, as\u00ed como debe tenerse en cuenta el uso de refrigerante h\u00famedo, que aumenta la vida \u00fatil de la broca.<\/p>\n<p>Envasado en bl\u00edster individual con orificios de exposici\u00f3n.<\/p>\n","protected":false},"excerpt":{"rendered":"<p>Las <em>Brocas para Vidrio y Cer\u00e1mica C2 SPADE CHEMITOOL<\/em> est\u00e1n dise\u00f1adas para proporcionar al profesional un excelente rendimiento de perforaci\u00f3n en las situaciones m\u00e1s dif\u00edciles. Este taladro se distingue por su excelente relaci\u00f3n calidad\/precio.<\/p>\n","protected":false},"featured_media":31431,"template":"","meta":[],"product_cat":[1426,4799],"product_tag":[],"yoast_head":"<!-- This site is optimized with the Yoast SEO plugin v17.4 - https:\/\/yoast.com\/wordpress\/plugins\/seo\/ -->\n<title>C2 SPADE BROCA VIDRIO\/CER\u00c1MICA &ndash; Chemitool<\/title>\n<meta name=\"description\" content=\"Las Brocas para Vidrio y Cer\u00e1mica C2 SPADE CHEMITOOL est\u00e1n dise\u00f1adas para proporcionar al profesional un excelente rendimiento de perforaci\u00f3n en las situaciones m\u00e1s dif\u00edciles. Este taladro se distingue por su excelente relaci\u00f3n calidad\/precio.\" \/>\n<meta name=\"robots\" content=\"index, follow, max-snippet:-1, max-image-preview:large, max-video-preview:-1\" \/>\n<link rel=\"canonical\" href=\"https:\/\/chemitool.com\/es\/products\/cutting\/metal-drilling-tools\/c2-spade-glass-tile-drill\/\" \/>\n<meta property=\"og:locale\" content=\"es_ES\" \/>\n<meta property=\"og:type\" content=\"article\" \/>\n<meta property=\"og:title\" content=\"C2 SPADE BROCA VIDRIO\/CER\u00c1MICA &ndash; Chemitool\" \/>\n<meta property=\"og:description\" content=\"Las Brocas para Vidrio y Cer\u00e1mica C2 SPADE CHEMITOOL est\u00e1n dise\u00f1adas para proporcionar al profesional un excelente rendimiento de perforaci\u00f3n en las situaciones m\u00e1s dif\u00edciles. Este taladro se distingue por su excelente relaci\u00f3n calidad\/precio.\" \/>\n<meta property=\"og:url\" content=\"https:\/\/chemitool.com\/products\/cutting\/metal-drilling-tools\/c2-spade-glass-tile-drill\/\" \/>\n<meta property=\"og:site_name\" content=\"Chemitool\" \/>\n<meta property=\"article:publisher\" content=\"https:\/\/www.facebook.com\/chemitool\" \/>\n<meta property=\"article:modified_time\" content=\"2023-05-15T14:22:12+00:00\" \/>\n<meta property=\"og:image\" content=\"https:\/\/chemitool.com\/wp-content\/uploads\/2023\/03\/CHA2501.png\" \/>\n\t<meta property=\"og:image:width\" content=\"800\" \/>\n\t<meta property=\"og:image:height\" content=\"800\" \/>\n<meta name=\"twitter:card\" content=\"summary_large_image\" \/>\n<meta name=\"twitter:label1\" content=\"Tiempo de lectura\" \/>\n\t<meta name=\"twitter:data1\" content=\"1 minuto\" \/>\n<script type=\"application\/ld+json\" class=\"yoast-schema-graph\">{\"@context\":\"https:\/\/schema.org\",\"@graph\":[{\"@type\":\"Organization\",\"@id\":\"https:\/\/chemitool.com\/#organization\",\"name\":\"Chemitool\",\"url\":\"https:\/\/chemitool.com\/\",\"sameAs\":[\"https:\/\/www.facebook.com\/chemitool\",\"https:\/\/www.instagram.com\/chemitool\/\"],\"logo\":{\"@type\":\"ImageObject\",\"@id\":\"https:\/\/chemitool.com\/#logo\",\"inLanguage\":\"es\",\"url\":\"https:\/\/chemitool.com\/wp-content\/uploads\/2020\/10\/logo_chemitool.png\",\"contentUrl\":\"https:\/\/chemitool.com\/wp-content\/uploads\/2020\/10\/logo_chemitool.png\",\"width\":400,\"height\":400,\"caption\":\"Chemitool\"},\"image\":{\"@id\":\"https:\/\/chemitool.com\/#logo\"}},{\"@type\":\"WebSite\",\"@id\":\"https:\/\/chemitool.com\/#website\",\"url\":\"https:\/\/chemitool.com\/\",\"name\":\"Chemitool\",\"description\":\"Chemitool - hardware and tools\",\"publisher\":{\"@id\":\"https:\/\/chemitool.com\/#organization\"},\"potentialAction\":[{\"@type\":\"SearchAction\",\"target\":{\"@type\":\"EntryPoint\",\"urlTemplate\":\"https:\/\/chemitool.com\/?s={search_term_string}\"},\"query-input\":\"required name=search_term_string\"}],\"inLanguage\":\"es\"},{\"@type\":\"ImageObject\",\"@id\":\"https:\/\/chemitool.com\/products\/cutting\/metal-drilling-tools\/c2-spade-glass-tile-drill\/#primaryimage\",\"inLanguage\":\"es\",\"url\":\"https:\/\/chemitool.com\/wp-content\/uploads\/2023\/03\/CHA2501.png\",\"contentUrl\":\"https:\/\/chemitool.com\/wp-content\/uploads\/2023\/03\/CHA2501.png\",\"width\":800,\"height\":800},{\"@type\":\"WebPage\",\"@id\":\"https:\/\/chemitool.com\/products\/cutting\/metal-drilling-tools\/c2-spade-glass-tile-drill\/#webpage\",\"url\":\"https:\/\/chemitool.com\/products\/cutting\/metal-drilling-tools\/c2-spade-glass-tile-drill\/\",\"name\":\"C2 SPADE BROCA VIDRIO\/CER\\u00c1MICA &ndash; Chemitool\",\"isPartOf\":{\"@id\":\"https:\/\/chemitool.com\/#website\"},\"primaryImageOfPage\":{\"@id\":\"https:\/\/chemitool.com\/products\/cutting\/metal-drilling-tools\/c2-spade-glass-tile-drill\/#primaryimage\"},\"datePublished\":\"2023-03-03T11:59:18+00:00\",\"dateModified\":\"2023-05-15T14:22:12+00:00\",\"description\":\"Las Brocas para Vidrio y Cer\\u00e1mica C2 SPADE CHEMITOOL est\\u00e1n dise\\u00f1adas para proporcionar al profesional un excelente rendimiento de perforaci\\u00f3n en las situaciones m\\u00e1s dif\\u00edciles. Este taladro se distingue por su excelente relaci\\u00f3n calidad\/precio.\",\"breadcrumb\":{\"@id\":\"https:\/\/chemitool.com\/products\/cutting\/metal-drilling-tools\/c2-spade-glass-tile-drill\/#breadcrumb\"},\"inLanguage\":\"es\",\"potentialAction\":[{\"@type\":\"ReadAction\",\"target\":[\"https:\/\/chemitool.com\/products\/cutting\/metal-drilling-tools\/c2-spade-glass-tile-drill\/\"]}]},{\"@type\":\"BreadcrumbList\",\"@id\":\"https:\/\/chemitool.com\/products\/cutting\/metal-drilling-tools\/c2-spade-glass-tile-drill\/#breadcrumb\",\"itemListElement\":[{\"@type\":\"ListItem\",\"position\":1,\"name\":\"Home\",\"item\":\"https:\/\/chemitool.com\/es\/\"},{\"@type\":\"ListItem\",\"position\":2,\"name\":\"Productos\",\"item\":\"https:\/\/chemitool.com\/es\/productos\/\"},{\"@type\":\"ListItem\",\"position\":3,\"name\":\"Cutting\",\"item\":\"https:\/\/chemitool.com\/es\/categoria-producto\/cutting\/\"},{\"@type\":\"ListItem\",\"position\":4,\"name\":\"HERRAMIENTAS DE PERFORACION H\\u00d3RMIGON\/ALBA\\u00d1ILER\\u00cdA\",\"item\":\"https:\/\/chemitool.com\/es\/categoria-producto\/cutting\/herramientas-de-perforacion-hormigon-albanileria\/\"},{\"@type\":\"ListItem\",\"position\":5,\"name\":\"C2 SPADE BROCA VIDRIO\/CER\\u00c1MICA\"}]}]}<\/script>\n<!-- \/ Yoast SEO plugin. -->","yoast_head_json":{"title":"C2 SPADE BROCA VIDRIO\/CER\u00c1MICA &ndash; Chemitool","description":"Las Brocas para Vidrio y Cer\u00e1mica C2 SPADE CHEMITOOL est\u00e1n dise\u00f1adas para proporcionar al profesional un excelente rendimiento de perforaci\u00f3n en las situaciones m\u00e1s dif\u00edciles. Este taladro se distingue por su excelente relaci\u00f3n calidad\/precio.","robots":{"index":"index","follow":"follow","max-snippet":"max-snippet:-1","max-image-preview":"max-image-preview:large","max-video-preview":"max-video-preview:-1"},"canonical":"https:\/\/chemitool.com\/es\/products\/cutting\/metal-drilling-tools\/c2-spade-glass-tile-drill\/","og_locale":"es_ES","og_type":"article","og_title":"C2 SPADE BROCA VIDRIO\/CER\u00c1MICA &ndash; Chemitool","og_description":"Las Brocas para Vidrio y Cer\u00e1mica C2 SPADE CHEMITOOL est\u00e1n dise\u00f1adas para proporcionar al profesional un excelente rendimiento de perforaci\u00f3n en las situaciones m\u00e1s dif\u00edciles. Este taladro se distingue por su excelente relaci\u00f3n calidad\/precio.","og_url":"https:\/\/chemitool.com\/products\/cutting\/metal-drilling-tools\/c2-spade-glass-tile-drill\/","og_site_name":"Chemitool","article_publisher":"https:\/\/www.facebook.com\/chemitool","article_modified_time":"2023-05-15T14:22:12+00:00","og_image":[{"width":800,"height":800,"url":"https:\/\/chemitool.com\/wp-content\/uploads\/2023\/03\/CHA2501.png","type":"image\/png"}],"twitter_card":"summary_large_image","twitter_misc":{"Tiempo de lectura":"1 minuto"},"schema":{"@context":"https:\/\/schema.org","@graph":[{"@type":"Organization","@id":"https:\/\/chemitool.com\/#organization","name":"Chemitool","url":"https:\/\/chemitool.com\/","sameAs":["https:\/\/www.facebook.com\/chemitool","https:\/\/www.instagram.com\/chemitool\/"],"logo":{"@type":"ImageObject","@id":"https:\/\/chemitool.com\/#logo","inLanguage":"es","url":"https:\/\/chemitool.com\/wp-content\/uploads\/2020\/10\/logo_chemitool.png","contentUrl":"https:\/\/chemitool.com\/wp-content\/uploads\/2020\/10\/logo_chemitool.png","width":400,"height":400,"caption":"Chemitool"},"image":{"@id":"https:\/\/chemitool.com\/#logo"}},{"@type":"WebSite","@id":"https:\/\/chemitool.com\/#website","url":"https:\/\/chemitool.com\/","name":"Chemitool","description":"Chemitool - hardware and tools","publisher":{"@id":"https:\/\/chemitool.com\/#organization"},"potentialAction":[{"@type":"SearchAction","target":{"@type":"EntryPoint","urlTemplate":"https:\/\/chemitool.com\/?s={search_term_string}"},"query-input":"required name=search_term_string"}],"inLanguage":"es"},{"@type":"ImageObject","@id":"https:\/\/chemitool.com\/products\/cutting\/metal-drilling-tools\/c2-spade-glass-tile-drill\/#primaryimage","inLanguage":"es","url":"https:\/\/chemitool.com\/wp-content\/uploads\/2023\/03\/CHA2501.png","contentUrl":"https:\/\/chemitool.com\/wp-content\/uploads\/2023\/03\/CHA2501.png","width":800,"height":800},{"@type":"WebPage","@id":"https:\/\/chemitool.com\/products\/cutting\/metal-drilling-tools\/c2-spade-glass-tile-drill\/#webpage","url":"https:\/\/chemitool.com\/products\/cutting\/metal-drilling-tools\/c2-spade-glass-tile-drill\/","name":"C2 SPADE BROCA VIDRIO\/CER\u00c1MICA &ndash; Chemitool","isPartOf":{"@id":"https:\/\/chemitool.com\/#website"},"primaryImageOfPage":{"@id":"https:\/\/chemitool.com\/products\/cutting\/metal-drilling-tools\/c2-spade-glass-tile-drill\/#primaryimage"},"datePublished":"2023-03-03T11:59:18+00:00","dateModified":"2023-05-15T14:22:12+00:00","description":"Las Brocas para Vidrio y Cer\u00e1mica C2 SPADE CHEMITOOL est\u00e1n dise\u00f1adas para proporcionar al profesional un excelente rendimiento de perforaci\u00f3n en las situaciones m\u00e1s dif\u00edciles. Este taladro se distingue por su excelente relaci\u00f3n calidad\/precio.","breadcrumb":{"@id":"https:\/\/chemitool.com\/products\/cutting\/metal-drilling-tools\/c2-spade-glass-tile-drill\/#breadcrumb"},"inLanguage":"es","potentialAction":[{"@type":"ReadAction","target":["https:\/\/chemitool.com\/products\/cutting\/metal-drilling-tools\/c2-spade-glass-tile-drill\/"]}]},{"@type":"BreadcrumbList","@id":"https:\/\/chemitool.com\/products\/cutting\/metal-drilling-tools\/c2-spade-glass-tile-drill\/#breadcrumb","itemListElement":[{"@type":"ListItem","position":1,"name":"Home","item":"https:\/\/chemitool.com\/es\/"},{"@type":"ListItem","position":2,"name":"Productos","item":"https:\/\/chemitool.com\/es\/productos\/"},{"@type":"ListItem","position":3,"name":"Cutting","item":"https:\/\/chemitool.com\/es\/categoria-producto\/cutting\/"},{"@type":"ListItem","position":4,"name":"HERRAMIENTAS DE PERFORACION H\u00d3RMIGON\/ALBA\u00d1ILER\u00cdA","item":"https:\/\/chemitool.com\/es\/categoria-producto\/cutting\/herramientas-de-perforacion-hormigon-albanileria\/"},{"@type":"ListItem","position":5,"name":"C2 SPADE BROCA VIDRIO\/CER\u00c1MICA"}]}]}},"_links":{"self":[{"href":"https:\/\/chemitool.com\/es\/wp-json\/wp\/v2\/product\/31427"}],"collection":[{"href":"https:\/\/chemitool.com\/es\/wp-json\/wp\/v2\/product"}],"about":[{"href":"https:\/\/chemitool.com\/es\/wp-json\/wp\/v2\/types\/product"}],"wp:featuredmedia":[{"embeddable":true,"href":"https:\/\/chemitool.com\/es\/wp-json\/wp\/v2\/media\/31431"}],"wp:attachment":[{"href":"https:\/\/chemitool.com\/es\/wp-json\/wp\/v2\/media?parent=31427"}],"wp:term":[{"taxonomy":"product_cat","embeddable":true,"href":"https:\/\/chemitool.com\/es\/wp-json\/wp\/v2\/product_cat?post=31427"},{"taxonomy":"product_tag","embeddable":true,"href":"https:\/\/chemitool.com\/es\/wp-json\/wp\/v2\/product_tag?post=31427"}],"curies":[{"name":"wp","href":"https:\/\/api.w.org\/{rel}","templated":true}]}}