{"id":31399,"date":"2023-03-03T10:23:46","date_gmt":"2023-03-03T10:23:46","guid":{"rendered":"https:\/\/chemitool.com\/?post_type=product&#038;p=31399"},"modified":"2023-05-15T14:08:03","modified_gmt":"2023-05-15T14:08:03","slug":"c2-multi-broca-multimaterial","status":"publish","type":"product","link":"https:\/\/chemitool.com\/es\/products\/cutting\/herramientas-de-perforacion-hormigon-albanileria\/c2-multi-broca-multimaterial\/","title":{"rendered":"C2 MULTI BROCA MULTIMATERIAL"},"content":{"rendered":"<p><strong>VENTAJAS<\/strong><\/p>\n<ul>\n<li>\u00d3ptima relaci\u00f3n calidad\/precio<\/li>\n<li>Cabezal de carburo de tungsteno<\/li>\n<li>2 cortadores<\/li>\n<li>Excelente rendimiento de perforaci\u00f3n<\/li>\n<li>Disponible de 3,0 a 12mm de di\u00e1metro<\/li>\n<li>Larga vida \u00fatil de la herramienta<\/li>\n<\/ul>\n<p>La broca C2 MULTI CHEMITOOL est\u00e1 preparada para taladrar en aluminio, ladrillo, madera y pl\u00e1stico.<\/p>\n<p>La broca en forma de espiral tiene como caracter\u00edstica principal, la capacidad de extracci\u00f3n de polvo y virutas, agilizando el proceso de perforaci\u00f3n y reduciendo el desgaste del cuerpo de la broca.<\/p>\n<p>La excelente calidad de la punta de la broca con dos cortantes, hace que no sea necesario ejercer demasiada presi\u00f3n para hacer el agujero.<\/p>\n<p>Este tipo de broca debe utilizarse con taladradoras con funci\u00f3n de percusi\u00f3n activa o no, dependiendo del tipo de material que se est\u00e9 perforando.<\/p>\n<p>Envasado en bl\u00edster individual con orificio de exposici\u00f3n.<\/p>\n<p>Tambi\u00e9n disponible en juegos de 5 piezas (caja de pl\u00e1stico).<\/p>\n","protected":false},"excerpt":{"rendered":"<p>Las <em>Brocas Multimaterial C2 MULTI CHEMITOOL<\/em> est\u00e1n dise\u00f1adas para proporcionar al profesional un excelente rendimiento de perforaci\u00f3n en las situaciones m\u00e1s dif\u00edciles. Este taladro se distingue por su excelente relaci\u00f3n calidad\/precio.<\/p>\n","protected":false},"featured_media":31397,"template":"","meta":[],"product_cat":[1426,4799],"product_tag":[],"yoast_head":"<!-- This site is optimized with the Yoast SEO plugin v17.4 - https:\/\/yoast.com\/wordpress\/plugins\/seo\/ -->\n<title>C2 MULTI BROCA MULTIMATERIAL &ndash; Chemitool<\/title>\n<meta name=\"description\" content=\"Las Brocas Multimaterial C2 MULTI CHEMITOOL est\u00e1n dise\u00f1adas para proporcionar al profesional un excelente rendimiento de perforaci\u00f3n en las situaciones m\u00e1s dif\u00edciles. Este taladro se distingue por su excelente relaci\u00f3n calidad\/precio.\" \/>\n<meta name=\"robots\" content=\"index, follow, max-snippet:-1, max-image-preview:large, max-video-preview:-1\" \/>\n<link rel=\"canonical\" href=\"https:\/\/chemitool.com\/es\/products\/cutting\/metal-drilling-tools\/c2-multi-multimaterial-drill\/\" \/>\n<meta property=\"og:locale\" content=\"es_ES\" \/>\n<meta property=\"og:type\" content=\"article\" \/>\n<meta property=\"og:title\" content=\"C2 MULTI BROCA MULTIMATERIAL &ndash; Chemitool\" \/>\n<meta property=\"og:description\" content=\"Las Brocas Multimaterial C2 MULTI CHEMITOOL est\u00e1n dise\u00f1adas para proporcionar al profesional un excelente rendimiento de perforaci\u00f3n en las situaciones m\u00e1s dif\u00edciles. Este taladro se distingue por su excelente relaci\u00f3n calidad\/precio.\" \/>\n<meta property=\"og:url\" content=\"https:\/\/chemitool.com\/products\/cutting\/metal-drilling-tools\/c2-multi-multimaterial-drill\/\" \/>\n<meta property=\"og:site_name\" content=\"Chemitool\" \/>\n<meta property=\"article:publisher\" content=\"https:\/\/www.facebook.com\/chemitool\" \/>\n<meta property=\"article:modified_time\" content=\"2023-05-15T14:08:03+00:00\" \/>\n<meta property=\"og:image\" content=\"https:\/\/chemitool.com\/wp-content\/uploads\/2023\/03\/CHA2204.png\" \/>\n\t<meta property=\"og:image:width\" content=\"800\" \/>\n\t<meta property=\"og:image:height\" content=\"800\" \/>\n<meta name=\"twitter:card\" content=\"summary_large_image\" \/>\n<meta name=\"twitter:label1\" content=\"Tiempo de lectura\" \/>\n\t<meta name=\"twitter:data1\" content=\"1 minuto\" \/>\n<script type=\"application\/ld+json\" class=\"yoast-schema-graph\">{\"@context\":\"https:\/\/schema.org\",\"@graph\":[{\"@type\":\"Organization\",\"@id\":\"https:\/\/chemitool.com\/#organization\",\"name\":\"Chemitool\",\"url\":\"https:\/\/chemitool.com\/\",\"sameAs\":[\"https:\/\/www.facebook.com\/chemitool\",\"https:\/\/www.instagram.com\/chemitool\/\"],\"logo\":{\"@type\":\"ImageObject\",\"@id\":\"https:\/\/chemitool.com\/#logo\",\"inLanguage\":\"es\",\"url\":\"https:\/\/chemitool.com\/wp-content\/uploads\/2020\/10\/logo_chemitool.png\",\"contentUrl\":\"https:\/\/chemitool.com\/wp-content\/uploads\/2020\/10\/logo_chemitool.png\",\"width\":400,\"height\":400,\"caption\":\"Chemitool\"},\"image\":{\"@id\":\"https:\/\/chemitool.com\/#logo\"}},{\"@type\":\"WebSite\",\"@id\":\"https:\/\/chemitool.com\/#website\",\"url\":\"https:\/\/chemitool.com\/\",\"name\":\"Chemitool\",\"description\":\"Chemitool - hardware and tools\",\"publisher\":{\"@id\":\"https:\/\/chemitool.com\/#organization\"},\"potentialAction\":[{\"@type\":\"SearchAction\",\"target\":{\"@type\":\"EntryPoint\",\"urlTemplate\":\"https:\/\/chemitool.com\/?s={search_term_string}\"},\"query-input\":\"required name=search_term_string\"}],\"inLanguage\":\"es\"},{\"@type\":\"ImageObject\",\"@id\":\"https:\/\/chemitool.com\/products\/cutting\/metal-drilling-tools\/c2-multi-multimaterial-drill\/#primaryimage\",\"inLanguage\":\"es\",\"url\":\"https:\/\/chemitool.com\/wp-content\/uploads\/2023\/03\/CHA2204.png\",\"contentUrl\":\"https:\/\/chemitool.com\/wp-content\/uploads\/2023\/03\/CHA2204.png\",\"width\":800,\"height\":800},{\"@type\":\"WebPage\",\"@id\":\"https:\/\/chemitool.com\/products\/cutting\/metal-drilling-tools\/c2-multi-multimaterial-drill\/#webpage\",\"url\":\"https:\/\/chemitool.com\/products\/cutting\/metal-drilling-tools\/c2-multi-multimaterial-drill\/\",\"name\":\"C2 MULTI BROCA MULTIMATERIAL &ndash; Chemitool\",\"isPartOf\":{\"@id\":\"https:\/\/chemitool.com\/#website\"},\"primaryImageOfPage\":{\"@id\":\"https:\/\/chemitool.com\/products\/cutting\/metal-drilling-tools\/c2-multi-multimaterial-drill\/#primaryimage\"},\"datePublished\":\"2023-03-03T10:23:46+00:00\",\"dateModified\":\"2023-05-15T14:08:03+00:00\",\"description\":\"Las Brocas Multimaterial C2 MULTI CHEMITOOL est\\u00e1n dise\\u00f1adas para proporcionar al profesional un excelente rendimiento de perforaci\\u00f3n en las situaciones m\\u00e1s dif\\u00edciles. Este taladro se distingue por su excelente relaci\\u00f3n calidad\/precio.\",\"breadcrumb\":{\"@id\":\"https:\/\/chemitool.com\/products\/cutting\/metal-drilling-tools\/c2-multi-multimaterial-drill\/#breadcrumb\"},\"inLanguage\":\"es\",\"potentialAction\":[{\"@type\":\"ReadAction\",\"target\":[\"https:\/\/chemitool.com\/products\/cutting\/metal-drilling-tools\/c2-multi-multimaterial-drill\/\"]}]},{\"@type\":\"BreadcrumbList\",\"@id\":\"https:\/\/chemitool.com\/products\/cutting\/metal-drilling-tools\/c2-multi-multimaterial-drill\/#breadcrumb\",\"itemListElement\":[{\"@type\":\"ListItem\",\"position\":1,\"name\":\"Home\",\"item\":\"https:\/\/chemitool.com\/es\/\"},{\"@type\":\"ListItem\",\"position\":2,\"name\":\"Productos\",\"item\":\"https:\/\/chemitool.com\/es\/productos\/\"},{\"@type\":\"ListItem\",\"position\":3,\"name\":\"Cutting\",\"item\":\"https:\/\/chemitool.com\/es\/categoria-producto\/cutting\/\"},{\"@type\":\"ListItem\",\"position\":4,\"name\":\"HERRAMIENTAS DE PERFORACION H\\u00d3RMIGON\/ALBA\\u00d1ILER\\u00cdA\",\"item\":\"https:\/\/chemitool.com\/es\/categoria-producto\/cutting\/herramientas-de-perforacion-hormigon-albanileria\/\"},{\"@type\":\"ListItem\",\"position\":5,\"name\":\"C2 MULTI BROCA MULTIMATERIAL\"}]}]}<\/script>\n<!-- \/ Yoast SEO plugin. -->","yoast_head_json":{"title":"C2 MULTI BROCA MULTIMATERIAL &ndash; Chemitool","description":"Las Brocas Multimaterial C2 MULTI CHEMITOOL est\u00e1n dise\u00f1adas para proporcionar al profesional un excelente rendimiento de perforaci\u00f3n en las situaciones m\u00e1s dif\u00edciles. Este taladro se distingue por su excelente relaci\u00f3n calidad\/precio.","robots":{"index":"index","follow":"follow","max-snippet":"max-snippet:-1","max-image-preview":"max-image-preview:large","max-video-preview":"max-video-preview:-1"},"canonical":"https:\/\/chemitool.com\/es\/products\/cutting\/metal-drilling-tools\/c2-multi-multimaterial-drill\/","og_locale":"es_ES","og_type":"article","og_title":"C2 MULTI BROCA MULTIMATERIAL &ndash; Chemitool","og_description":"Las Brocas Multimaterial C2 MULTI CHEMITOOL est\u00e1n dise\u00f1adas para proporcionar al profesional un excelente rendimiento de perforaci\u00f3n en las situaciones m\u00e1s dif\u00edciles. Este taladro se distingue por su excelente relaci\u00f3n calidad\/precio.","og_url":"https:\/\/chemitool.com\/products\/cutting\/metal-drilling-tools\/c2-multi-multimaterial-drill\/","og_site_name":"Chemitool","article_publisher":"https:\/\/www.facebook.com\/chemitool","article_modified_time":"2023-05-15T14:08:03+00:00","og_image":[{"width":800,"height":800,"url":"https:\/\/chemitool.com\/wp-content\/uploads\/2023\/03\/CHA2204.png","type":"image\/png"}],"twitter_card":"summary_large_image","twitter_misc":{"Tiempo de lectura":"1 minuto"},"schema":{"@context":"https:\/\/schema.org","@graph":[{"@type":"Organization","@id":"https:\/\/chemitool.com\/#organization","name":"Chemitool","url":"https:\/\/chemitool.com\/","sameAs":["https:\/\/www.facebook.com\/chemitool","https:\/\/www.instagram.com\/chemitool\/"],"logo":{"@type":"ImageObject","@id":"https:\/\/chemitool.com\/#logo","inLanguage":"es","url":"https:\/\/chemitool.com\/wp-content\/uploads\/2020\/10\/logo_chemitool.png","contentUrl":"https:\/\/chemitool.com\/wp-content\/uploads\/2020\/10\/logo_chemitool.png","width":400,"height":400,"caption":"Chemitool"},"image":{"@id":"https:\/\/chemitool.com\/#logo"}},{"@type":"WebSite","@id":"https:\/\/chemitool.com\/#website","url":"https:\/\/chemitool.com\/","name":"Chemitool","description":"Chemitool - hardware and tools","publisher":{"@id":"https:\/\/chemitool.com\/#organization"},"potentialAction":[{"@type":"SearchAction","target":{"@type":"EntryPoint","urlTemplate":"https:\/\/chemitool.com\/?s={search_term_string}"},"query-input":"required name=search_term_string"}],"inLanguage":"es"},{"@type":"ImageObject","@id":"https:\/\/chemitool.com\/products\/cutting\/metal-drilling-tools\/c2-multi-multimaterial-drill\/#primaryimage","inLanguage":"es","url":"https:\/\/chemitool.com\/wp-content\/uploads\/2023\/03\/CHA2204.png","contentUrl":"https:\/\/chemitool.com\/wp-content\/uploads\/2023\/03\/CHA2204.png","width":800,"height":800},{"@type":"WebPage","@id":"https:\/\/chemitool.com\/products\/cutting\/metal-drilling-tools\/c2-multi-multimaterial-drill\/#webpage","url":"https:\/\/chemitool.com\/products\/cutting\/metal-drilling-tools\/c2-multi-multimaterial-drill\/","name":"C2 MULTI BROCA MULTIMATERIAL &ndash; Chemitool","isPartOf":{"@id":"https:\/\/chemitool.com\/#website"},"primaryImageOfPage":{"@id":"https:\/\/chemitool.com\/products\/cutting\/metal-drilling-tools\/c2-multi-multimaterial-drill\/#primaryimage"},"datePublished":"2023-03-03T10:23:46+00:00","dateModified":"2023-05-15T14:08:03+00:00","description":"Las Brocas Multimaterial C2 MULTI CHEMITOOL est\u00e1n dise\u00f1adas para proporcionar al profesional un excelente rendimiento de perforaci\u00f3n en las situaciones m\u00e1s dif\u00edciles. Este taladro se distingue por su excelente relaci\u00f3n calidad\/precio.","breadcrumb":{"@id":"https:\/\/chemitool.com\/products\/cutting\/metal-drilling-tools\/c2-multi-multimaterial-drill\/#breadcrumb"},"inLanguage":"es","potentialAction":[{"@type":"ReadAction","target":["https:\/\/chemitool.com\/products\/cutting\/metal-drilling-tools\/c2-multi-multimaterial-drill\/"]}]},{"@type":"BreadcrumbList","@id":"https:\/\/chemitool.com\/products\/cutting\/metal-drilling-tools\/c2-multi-multimaterial-drill\/#breadcrumb","itemListElement":[{"@type":"ListItem","position":1,"name":"Home","item":"https:\/\/chemitool.com\/es\/"},{"@type":"ListItem","position":2,"name":"Productos","item":"https:\/\/chemitool.com\/es\/productos\/"},{"@type":"ListItem","position":3,"name":"Cutting","item":"https:\/\/chemitool.com\/es\/categoria-producto\/cutting\/"},{"@type":"ListItem","position":4,"name":"HERRAMIENTAS DE PERFORACION H\u00d3RMIGON\/ALBA\u00d1ILER\u00cdA","item":"https:\/\/chemitool.com\/es\/categoria-producto\/cutting\/herramientas-de-perforacion-hormigon-albanileria\/"},{"@type":"ListItem","position":5,"name":"C2 MULTI BROCA MULTIMATERIAL"}]}]}},"_links":{"self":[{"href":"https:\/\/chemitool.com\/es\/wp-json\/wp\/v2\/product\/31399"}],"collection":[{"href":"https:\/\/chemitool.com\/es\/wp-json\/wp\/v2\/product"}],"about":[{"href":"https:\/\/chemitool.com\/es\/wp-json\/wp\/v2\/types\/product"}],"wp:featuredmedia":[{"embeddable":true,"href":"https:\/\/chemitool.com\/es\/wp-json\/wp\/v2\/media\/31397"}],"wp:attachment":[{"href":"https:\/\/chemitool.com\/es\/wp-json\/wp\/v2\/media?parent=31399"}],"wp:term":[{"taxonomy":"product_cat","embeddable":true,"href":"https:\/\/chemitool.com\/es\/wp-json\/wp\/v2\/product_cat?post=31399"},{"taxonomy":"product_tag","embeddable":true,"href":"https:\/\/chemitool.com\/es\/wp-json\/wp\/v2\/product_tag?post=31399"}],"curies":[{"name":"wp","href":"https:\/\/api.w.org\/{rel}","templated":true}]}}