{"id":31201,"date":"2023-02-27T10:46:02","date_gmt":"2023-02-27T10:46:04","guid":{"rendered":"https:\/\/chemitool.com\/?post_type=product&#038;p=31201"},"modified":"2023-03-01T17:23:26","modified_gmt":"2023-03-01T17:23:26","slug":"kit-de-proteccion-contra-caidas-con-absorbedor-de-energia","status":"publish","type":"product","link":"https:\/\/chemitool.com\/es\/products\/safety\/proteccion-anti-caidas\/kit-de-proteccion-contra-caidas-con-absorbedor-de-energia\/","title":{"rendered":"KIT DE PROTECCI\u00d3N CONTRA CA\u00cdDAS CON ABSORBEDOR DE ENERG\u00cdA"},"content":{"rendered":"<ul>\n<li>Arn\u00e9s con hebilla en D de acero de 8 mm<\/li>\n<li>Arn\u00e9s con punto de enganche dorsal<\/li>\n<li>Arn\u00e9s con hebillas de ajuste en piernas<\/li>\n<li>Absorbedor de energ\u00eda<\/li>\n<li>2 conectores direccionales de acero<\/li>\n<li>Bolsa de almacenamiento y transporte<\/li>\n<\/ul>\n<p><img class=\"alignnone size-full wp-image-31283\" src=\"https:\/\/chemitool.com\/wp-content\/uploads\/2023\/02\/Prancheta-180.png\" alt=\"\" width=\"106\" height=\"122\" \/>\u00a0<img class=\"alignnone size-full wp-image-31287\" src=\"https:\/\/chemitool.com\/wp-content\/uploads\/2023\/02\/Prancheta-181.png\" alt=\"\" width=\"106\" height=\"122\" \/>\u00a0<img class=\"alignnone size-full wp-image-31279\" src=\"https:\/\/chemitool.com\/wp-content\/uploads\/2023\/02\/Prancheta-179.png\" alt=\"\" width=\"106\" height=\"122\" \/>\u00a0<img class=\"alignnone size-full wp-image-31290\" src=\"https:\/\/chemitool.com\/wp-content\/uploads\/2023\/02\/Prancheta-183.png\" alt=\"\" width=\"106\" height=\"122\" \/><\/p>\n","protected":false},"excerpt":{"rendered":"<p><b class=\"sap-label\">SAP:<\/b> <span class=\"codesap-label\">CHS09010104<\/span><\/p>\n<p><em>Kit de Protecci\u00f3n Contra Ca\u00eddas con Absorbedor de Energ\u00eda CHEMITOOL<\/em> es indicado para trabajos en altura, este kit est\u00e1 compuesto por un arn\u00e9s antica\u00eddas 10 BASIC PLUS con un punto de anclaje antica\u00eddas dorsal (A) en hebilla de acero de 8 mm D, uno frontal (B) formado por dos correas y hebillas de seguridad. . Y un absorbedor de energ\u00eda modelo 31-A 30\/30 &#8211; componente esencial para formar un sistema antica\u00eddas seguro capaz de soportar las situaciones de trabajo m\u00e1s exigentes, dise\u00f1ado para ser conectado, a trav\u00e9s de un conector adecuado, a un arn\u00e9s antica\u00eddas, sin necesidad del uso de cuerdas. La vida \u00fatil te\u00f3rica del equipo es de 10 a\u00f1os desde la fecha de fabricaci\u00f3n y 5 a\u00f1os desde el primer uso.<\/p>\n","protected":false},"featured_media":31298,"template":"","meta":[],"product_cat":[1454,3500],"product_tag":[],"yoast_head":"<!-- This site is optimized with the Yoast SEO plugin v17.4 - https:\/\/yoast.com\/wordpress\/plugins\/seo\/ -->\n<title>KIT DE PROTECCI\u00d3N CONTRA CA\u00cdDAS CON ABSORBEDOR DE ENERG\u00cdA &ndash; Chemitool<\/title>\n<meta name=\"description\" content=\"SAP: CHS09010104  Kit de Protecci\u00f3n Contra Ca\u00eddas con Absorbedor de Energ\u00eda CHEMITOOL es indicado para trabajos en altura, este kit est\u00e1 compuesto por un arn\u00e9s antica\u00eddas 10 BASIC PLUS con un punto de anclaje antica\u00eddas dorsal (A) en hebilla de acero de 8 mm D, uno frontal (B) formado por dos correas y hebillas de seguridad. . Y un absorbedor de energ\u00eda modelo 31-A 30\/30 - componente esencial para formar un sistema antica\u00eddas seguro capaz de soportar las situaciones de trabajo m\u00e1s exigentes, dise\u00f1ado para ser conectado, a trav\u00e9s de un conector adecuado, a un arn\u00e9s antica\u00eddas, sin necesidad del uso de cuerdas. La vida \u00fatil te\u00f3rica del equipo es de 10 a\u00f1os desde la fecha de fabricaci\u00f3n y 5 a\u00f1os desde el primer uso.\" \/>\n<meta name=\"robots\" content=\"index, follow, max-snippet:-1, max-image-preview:large, max-video-preview:-1\" \/>\n<link rel=\"canonical\" href=\"https:\/\/chemitool.com\/es\/products\/safety\/proteccion-anti-caidas\/kit-de-proteccion-contra-caidas-con-absorbedor-de-energia\/\" \/>\n<meta property=\"og:locale\" content=\"es_ES\" \/>\n<meta property=\"og:type\" content=\"article\" \/>\n<meta property=\"og:title\" content=\"KIT DE PROTECCI\u00d3N CONTRA CA\u00cdDAS CON ABSORBEDOR DE ENERG\u00cdA &ndash; Chemitool\" \/>\n<meta property=\"og:description\" content=\"SAP: CHS09010104  Kit de Protecci\u00f3n Contra Ca\u00eddas con Absorbedor de Energ\u00eda CHEMITOOL es indicado para trabajos en altura, este kit est\u00e1 compuesto por un arn\u00e9s antica\u00eddas 10 BASIC PLUS con un punto de anclaje antica\u00eddas dorsal (A) en hebilla de acero de 8 mm D, uno frontal (B) formado por dos correas y hebillas de seguridad. . Y un absorbedor de energ\u00eda modelo 31-A 30\/30 - componente esencial para formar un sistema antica\u00eddas seguro capaz de soportar las situaciones de trabajo m\u00e1s exigentes, dise\u00f1ado para ser conectado, a trav\u00e9s de un conector adecuado, a un arn\u00e9s antica\u00eddas, sin necesidad del uso de cuerdas. La vida \u00fatil te\u00f3rica del equipo es de 10 a\u00f1os desde la fecha de fabricaci\u00f3n y 5 a\u00f1os desde el primer uso.\" \/>\n<meta property=\"og:url\" content=\"https:\/\/chemitool.com\/es\/products\/safety\/proteccion-anti-caidas\/kit-de-proteccion-contra-caidas-con-absorbedor-de-energia\/\" \/>\n<meta property=\"og:site_name\" content=\"Chemitool\" \/>\n<meta property=\"article:publisher\" content=\"https:\/\/www.facebook.com\/chemitool\" \/>\n<meta property=\"article:modified_time\" content=\"2023-03-01T17:23:26+00:00\" \/>\n<meta property=\"og:image\" content=\"https:\/\/chemitool.com\/wp-content\/uploads\/2023\/02\/CHS09010104-.png\" \/>\n\t<meta property=\"og:image:width\" content=\"800\" \/>\n\t<meta property=\"og:image:height\" content=\"800\" \/>\n<meta name=\"twitter:card\" content=\"summary_large_image\" \/>\n<script type=\"application\/ld+json\" class=\"yoast-schema-graph\">{\"@context\":\"https:\/\/schema.org\",\"@graph\":[{\"@type\":\"Organization\",\"@id\":\"https:\/\/chemitool.com\/#organization\",\"name\":\"Chemitool\",\"url\":\"https:\/\/chemitool.com\/\",\"sameAs\":[\"https:\/\/www.facebook.com\/chemitool\",\"https:\/\/www.instagram.com\/chemitool\/\"],\"logo\":{\"@type\":\"ImageObject\",\"@id\":\"https:\/\/chemitool.com\/#logo\",\"inLanguage\":\"es\",\"url\":\"https:\/\/chemitool.com\/wp-content\/uploads\/2020\/10\/logo_chemitool.png\",\"contentUrl\":\"https:\/\/chemitool.com\/wp-content\/uploads\/2020\/10\/logo_chemitool.png\",\"width\":400,\"height\":400,\"caption\":\"Chemitool\"},\"image\":{\"@id\":\"https:\/\/chemitool.com\/#logo\"}},{\"@type\":\"WebSite\",\"@id\":\"https:\/\/chemitool.com\/#website\",\"url\":\"https:\/\/chemitool.com\/\",\"name\":\"Chemitool\",\"description\":\"Chemitool - hardware and tools\",\"publisher\":{\"@id\":\"https:\/\/chemitool.com\/#organization\"},\"potentialAction\":[{\"@type\":\"SearchAction\",\"target\":{\"@type\":\"EntryPoint\",\"urlTemplate\":\"https:\/\/chemitool.com\/?s={search_term_string}\"},\"query-input\":\"required name=search_term_string\"}],\"inLanguage\":\"es\"},{\"@type\":\"ImageObject\",\"@id\":\"https:\/\/chemitool.com\/es\/products\/safety\/proteccion-anti-caidas\/kit-de-proteccion-contra-caidas-con-absorbedor-de-energia\/#primaryimage\",\"inLanguage\":\"es\",\"url\":\"https:\/\/chemitool.com\/wp-content\/uploads\/2023\/02\/CHS09010104-.png\",\"contentUrl\":\"https:\/\/chemitool.com\/wp-content\/uploads\/2023\/02\/CHS09010104-.png\",\"width\":800,\"height\":800},{\"@type\":\"WebPage\",\"@id\":\"https:\/\/chemitool.com\/es\/products\/safety\/proteccion-anti-caidas\/kit-de-proteccion-contra-caidas-con-absorbedor-de-energia\/#webpage\",\"url\":\"https:\/\/chemitool.com\/es\/products\/safety\/proteccion-anti-caidas\/kit-de-proteccion-contra-caidas-con-absorbedor-de-energia\/\",\"name\":\"KIT DE PROTECCI\\u00d3N CONTRA CA\\u00cdDAS CON ABSORBEDOR DE ENERG\\u00cdA &ndash; Chemitool\",\"isPartOf\":{\"@id\":\"https:\/\/chemitool.com\/#website\"},\"primaryImageOfPage\":{\"@id\":\"https:\/\/chemitool.com\/es\/products\/safety\/proteccion-anti-caidas\/kit-de-proteccion-contra-caidas-con-absorbedor-de-energia\/#primaryimage\"},\"datePublished\":\"2023-02-27T10:46:04+00:00\",\"dateModified\":\"2023-03-01T17:23:26+00:00\",\"description\":\"SAP: CHS09010104 Kit de Protecci\\u00f3n Contra Ca\\u00eddas con Absorbedor de Energ\\u00eda CHEMITOOL es indicado para trabajos en altura, este kit est\\u00e1 compuesto por un arn\\u00e9s antica\\u00eddas 10 BASIC PLUS con un punto de anclaje antica\\u00eddas dorsal (A) en hebilla de acero de 8 mm D, uno frontal (B) formado por dos correas y hebillas de seguridad. . Y un absorbedor de energ\\u00eda modelo 31-A 30\/30 - componente esencial para formar un sistema antica\\u00eddas seguro capaz de soportar las situaciones de trabajo m\\u00e1s exigentes, dise\\u00f1ado para ser conectado, a trav\\u00e9s de un conector adecuado, a un arn\\u00e9s antica\\u00eddas, sin necesidad del uso de cuerdas. La vida \\u00fatil te\\u00f3rica del equipo es de 10 a\\u00f1os desde la fecha de fabricaci\\u00f3n y 5 a\\u00f1os desde el primer uso.\",\"breadcrumb\":{\"@id\":\"https:\/\/chemitool.com\/es\/products\/safety\/proteccion-anti-caidas\/kit-de-proteccion-contra-caidas-con-absorbedor-de-energia\/#breadcrumb\"},\"inLanguage\":\"es\",\"potentialAction\":[{\"@type\":\"ReadAction\",\"target\":[\"https:\/\/chemitool.com\/es\/products\/safety\/proteccion-anti-caidas\/kit-de-proteccion-contra-caidas-con-absorbedor-de-energia\/\"]}]},{\"@type\":\"BreadcrumbList\",\"@id\":\"https:\/\/chemitool.com\/es\/products\/safety\/proteccion-anti-caidas\/kit-de-proteccion-contra-caidas-con-absorbedor-de-energia\/#breadcrumb\",\"itemListElement\":[{\"@type\":\"ListItem\",\"position\":1,\"name\":\"Home\",\"item\":\"https:\/\/chemitool.com\/es\/\"},{\"@type\":\"ListItem\",\"position\":2,\"name\":\"Productos\",\"item\":\"https:\/\/chemitool.com\/es\/productos\/\"},{\"@type\":\"ListItem\",\"position\":3,\"name\":\"Safety\",\"item\":\"https:\/\/chemitool.com\/es\/categoria-producto\/safety\/\"},{\"@type\":\"ListItem\",\"position\":4,\"name\":\"Protecci\\u00f3n Anti-Ca\\u00eddas\",\"item\":\"https:\/\/chemitool.com\/es\/categoria-producto\/safety\/proteccion-anti-caidas\/\"},{\"@type\":\"ListItem\",\"position\":5,\"name\":\"KIT DE PROTECCI\\u00d3N CONTRA CA\\u00cdDAS CON ABSORBEDOR DE ENERG\\u00cdA\"}]}]}<\/script>\n<!-- \/ Yoast SEO plugin. -->","yoast_head_json":{"title":"KIT DE PROTECCI\u00d3N CONTRA CA\u00cdDAS CON ABSORBEDOR DE ENERG\u00cdA &ndash; Chemitool","description":"SAP: CHS09010104  Kit de Protecci\u00f3n Contra Ca\u00eddas con Absorbedor de Energ\u00eda CHEMITOOL es indicado para trabajos en altura, este kit est\u00e1 compuesto por un arn\u00e9s antica\u00eddas 10 BASIC PLUS con un punto de anclaje antica\u00eddas dorsal (A) en hebilla de acero de 8 mm D, uno frontal (B) formado por dos correas y hebillas de seguridad. . Y un absorbedor de energ\u00eda modelo 31-A 30\/30 - componente esencial para formar un sistema antica\u00eddas seguro capaz de soportar las situaciones de trabajo m\u00e1s exigentes, dise\u00f1ado para ser conectado, a trav\u00e9s de un conector adecuado, a un arn\u00e9s antica\u00eddas, sin necesidad del uso de cuerdas. La vida \u00fatil te\u00f3rica del equipo es de 10 a\u00f1os desde la fecha de fabricaci\u00f3n y 5 a\u00f1os desde el primer uso.","robots":{"index":"index","follow":"follow","max-snippet":"max-snippet:-1","max-image-preview":"max-image-preview:large","max-video-preview":"max-video-preview:-1"},"canonical":"https:\/\/chemitool.com\/es\/products\/safety\/proteccion-anti-caidas\/kit-de-proteccion-contra-caidas-con-absorbedor-de-energia\/","og_locale":"es_ES","og_type":"article","og_title":"KIT DE PROTECCI\u00d3N CONTRA CA\u00cdDAS CON ABSORBEDOR DE ENERG\u00cdA &ndash; Chemitool","og_description":"SAP: CHS09010104  Kit de Protecci\u00f3n Contra Ca\u00eddas con Absorbedor de Energ\u00eda CHEMITOOL es indicado para trabajos en altura, este kit est\u00e1 compuesto por un arn\u00e9s antica\u00eddas 10 BASIC PLUS con un punto de anclaje antica\u00eddas dorsal (A) en hebilla de acero de 8 mm D, uno frontal (B) formado por dos correas y hebillas de seguridad. . Y un absorbedor de energ\u00eda modelo 31-A 30\/30 - componente esencial para formar un sistema antica\u00eddas seguro capaz de soportar las situaciones de trabajo m\u00e1s exigentes, dise\u00f1ado para ser conectado, a trav\u00e9s de un conector adecuado, a un arn\u00e9s antica\u00eddas, sin necesidad del uso de cuerdas. La vida \u00fatil te\u00f3rica del equipo es de 10 a\u00f1os desde la fecha de fabricaci\u00f3n y 5 a\u00f1os desde el primer uso.","og_url":"https:\/\/chemitool.com\/es\/products\/safety\/proteccion-anti-caidas\/kit-de-proteccion-contra-caidas-con-absorbedor-de-energia\/","og_site_name":"Chemitool","article_publisher":"https:\/\/www.facebook.com\/chemitool","article_modified_time":"2023-03-01T17:23:26+00:00","og_image":[{"width":800,"height":800,"url":"https:\/\/chemitool.com\/wp-content\/uploads\/2023\/02\/CHS09010104-.png","type":"image\/png"}],"twitter_card":"summary_large_image","schema":{"@context":"https:\/\/schema.org","@graph":[{"@type":"Organization","@id":"https:\/\/chemitool.com\/#organization","name":"Chemitool","url":"https:\/\/chemitool.com\/","sameAs":["https:\/\/www.facebook.com\/chemitool","https:\/\/www.instagram.com\/chemitool\/"],"logo":{"@type":"ImageObject","@id":"https:\/\/chemitool.com\/#logo","inLanguage":"es","url":"https:\/\/chemitool.com\/wp-content\/uploads\/2020\/10\/logo_chemitool.png","contentUrl":"https:\/\/chemitool.com\/wp-content\/uploads\/2020\/10\/logo_chemitool.png","width":400,"height":400,"caption":"Chemitool"},"image":{"@id":"https:\/\/chemitool.com\/#logo"}},{"@type":"WebSite","@id":"https:\/\/chemitool.com\/#website","url":"https:\/\/chemitool.com\/","name":"Chemitool","description":"Chemitool - hardware and tools","publisher":{"@id":"https:\/\/chemitool.com\/#organization"},"potentialAction":[{"@type":"SearchAction","target":{"@type":"EntryPoint","urlTemplate":"https:\/\/chemitool.com\/?s={search_term_string}"},"query-input":"required name=search_term_string"}],"inLanguage":"es"},{"@type":"ImageObject","@id":"https:\/\/chemitool.com\/es\/products\/safety\/proteccion-anti-caidas\/kit-de-proteccion-contra-caidas-con-absorbedor-de-energia\/#primaryimage","inLanguage":"es","url":"https:\/\/chemitool.com\/wp-content\/uploads\/2023\/02\/CHS09010104-.png","contentUrl":"https:\/\/chemitool.com\/wp-content\/uploads\/2023\/02\/CHS09010104-.png","width":800,"height":800},{"@type":"WebPage","@id":"https:\/\/chemitool.com\/es\/products\/safety\/proteccion-anti-caidas\/kit-de-proteccion-contra-caidas-con-absorbedor-de-energia\/#webpage","url":"https:\/\/chemitool.com\/es\/products\/safety\/proteccion-anti-caidas\/kit-de-proteccion-contra-caidas-con-absorbedor-de-energia\/","name":"KIT DE PROTECCI\u00d3N CONTRA CA\u00cdDAS CON ABSORBEDOR DE ENERG\u00cdA &ndash; Chemitool","isPartOf":{"@id":"https:\/\/chemitool.com\/#website"},"primaryImageOfPage":{"@id":"https:\/\/chemitool.com\/es\/products\/safety\/proteccion-anti-caidas\/kit-de-proteccion-contra-caidas-con-absorbedor-de-energia\/#primaryimage"},"datePublished":"2023-02-27T10:46:04+00:00","dateModified":"2023-03-01T17:23:26+00:00","description":"SAP: CHS09010104 Kit de Protecci\u00f3n Contra Ca\u00eddas con Absorbedor de Energ\u00eda CHEMITOOL es indicado para trabajos en altura, este kit est\u00e1 compuesto por un arn\u00e9s antica\u00eddas 10 BASIC PLUS con un punto de anclaje antica\u00eddas dorsal (A) en hebilla de acero de 8 mm D, uno frontal (B) formado por dos correas y hebillas de seguridad. . Y un absorbedor de energ\u00eda modelo 31-A 30\/30 - componente esencial para formar un sistema antica\u00eddas seguro capaz de soportar las situaciones de trabajo m\u00e1s exigentes, dise\u00f1ado para ser conectado, a trav\u00e9s de un conector adecuado, a un arn\u00e9s antica\u00eddas, sin necesidad del uso de cuerdas. La vida \u00fatil te\u00f3rica del equipo es de 10 a\u00f1os desde la fecha de fabricaci\u00f3n y 5 a\u00f1os desde el primer uso.","breadcrumb":{"@id":"https:\/\/chemitool.com\/es\/products\/safety\/proteccion-anti-caidas\/kit-de-proteccion-contra-caidas-con-absorbedor-de-energia\/#breadcrumb"},"inLanguage":"es","potentialAction":[{"@type":"ReadAction","target":["https:\/\/chemitool.com\/es\/products\/safety\/proteccion-anti-caidas\/kit-de-proteccion-contra-caidas-con-absorbedor-de-energia\/"]}]},{"@type":"BreadcrumbList","@id":"https:\/\/chemitool.com\/es\/products\/safety\/proteccion-anti-caidas\/kit-de-proteccion-contra-caidas-con-absorbedor-de-energia\/#breadcrumb","itemListElement":[{"@type":"ListItem","position":1,"name":"Home","item":"https:\/\/chemitool.com\/es\/"},{"@type":"ListItem","position":2,"name":"Productos","item":"https:\/\/chemitool.com\/es\/productos\/"},{"@type":"ListItem","position":3,"name":"Safety","item":"https:\/\/chemitool.com\/es\/categoria-producto\/safety\/"},{"@type":"ListItem","position":4,"name":"Protecci\u00f3n Anti-Ca\u00eddas","item":"https:\/\/chemitool.com\/es\/categoria-producto\/safety\/proteccion-anti-caidas\/"},{"@type":"ListItem","position":5,"name":"KIT DE PROTECCI\u00d3N CONTRA CA\u00cdDAS CON ABSORBEDOR DE ENERG\u00cdA"}]}]}},"_links":{"self":[{"href":"https:\/\/chemitool.com\/es\/wp-json\/wp\/v2\/product\/31201"}],"collection":[{"href":"https:\/\/chemitool.com\/es\/wp-json\/wp\/v2\/product"}],"about":[{"href":"https:\/\/chemitool.com\/es\/wp-json\/wp\/v2\/types\/product"}],"wp:featuredmedia":[{"embeddable":true,"href":"https:\/\/chemitool.com\/es\/wp-json\/wp\/v2\/media\/31298"}],"wp:attachment":[{"href":"https:\/\/chemitool.com\/es\/wp-json\/wp\/v2\/media?parent=31201"}],"wp:term":[{"taxonomy":"product_cat","embeddable":true,"href":"https:\/\/chemitool.com\/es\/wp-json\/wp\/v2\/product_cat?post=31201"},{"taxonomy":"product_tag","embeddable":true,"href":"https:\/\/chemitool.com\/es\/wp-json\/wp\/v2\/product_tag?post=31201"}],"curies":[{"name":"wp","href":"https:\/\/api.w.org\/{rel}","templated":true}]}}