{"id":30745,"date":"2023-02-07T11:38:12","date_gmt":"2023-02-07T11:38:14","guid":{"rendered":"https:\/\/chemitool.com\/?post_type=product&#038;p=30745"},"modified":"2023-07-13T13:46:46","modified_gmt":"2023-07-13T13:46:46","slug":"sierra-de-cinta-carburo-hercules-50-plus","status":"publish","type":"product","link":"https:\/\/chemitool.com\/es\/products\/cutting\/herramientas-de-aserrado\/sierra-de-cinta-carburo\/sierra-de-cinta-carburo-hercules-50-plus\/","title":{"rendered":"SIERRA DE CINTA CARBURO HERCULES 50 PLUS"},"content":{"rendered":"<p><strong>VENTAJAS<\/strong><\/p>\n<ul>\n<li>Dientes de carburo<\/li>\n<li>Alto rendimiento de corte<\/li>\n<li>Altura de 27 a 54mm<\/li>\n<li>Espesor de 0,9 a 1,6mm<\/li>\n<li>Soldadura uniforme<\/li>\n<li>Resistencia a la rotura<\/li>\n<li>Larga vida \u00fatil de la herramienta<\/li>\n<\/ul>\n<p>La sierra de cinta bimet\u00e1lica CHEMITOOL est\u00e1 desarrollada con la tecnolog\u00eda m\u00e1s avanzada para aumentar la resistencia y minimizar las roturas.<\/p>\n<p>La geometr\u00eda del diente de metal duro, fabricada con dientes de metal duro de alta calidad, proporciona una gran resistencia al calor y al desgaste. Geometr\u00eda del diente especial para placas y tubos, con golpe neutro de 0\u00ba. Permitiendo as\u00ed una mayor duraci\u00f3n y un mejor acabado superficial al cortar materiales dif\u00edciles de cortar, ayudando a minimizar el ruido y las vibraciones desde el primer corte en la aplicaci\u00f3n correcta.<\/p>\n<p>Diente neutro (0\u00ba), adecuado para secciones s\u00f3lidas y huecas.<\/p>\n<p>Extremadamente vers\u00e1til, corta una gran variedad de materiales, desde aceros con bajo contenido en carbono hasta aleaciones de alta resistencia. El avanzado dise\u00f1o de la sierra de cinta permite cortar una gran variedad de aplicaciones, como tubos cuadrados, chapas met\u00e1licas, tubos de pared gruesa, barras macizas y s\u00f3lidos redondos.<\/p>\n<p>El uso de la lubricaci\u00f3n en el proceso de corte aumentar\u00e1 la vida \u00fatil de la herramienta y reducir\u00e1 el calor de la sierra de cinta y no debe olvidarse.<\/p>\n<p><img class=\"alignnone wp-image-26619\" src=\"https:\/\/chemitool.com\/wp-content\/uploads\/2022\/07\/Prancheta-8_SITE-300x300.png\" alt=\"\" width=\"69\" height=\"69\" srcset=\"https:\/\/chemitool.com\/wp-content\/uploads\/2022\/07\/Prancheta-8_SITE-300x300.png 300w, https:\/\/chemitool.com\/wp-content\/uploads\/2022\/07\/Prancheta-8_SITE-150x150.png 150w, https:\/\/chemitool.com\/wp-content\/uploads\/2022\/07\/Prancheta-8_SITE-768x768.png 768w, https:\/\/chemitool.com\/wp-content\/uploads\/2022\/07\/Prancheta-8_SITE-650x650.png 650w, https:\/\/chemitool.com\/wp-content\/uploads\/2022\/07\/Prancheta-8_SITE-600x600.png 600w, https:\/\/chemitool.com\/wp-content\/uploads\/2022\/07\/Prancheta-8_SITE-100x100.png 100w, https:\/\/chemitool.com\/wp-content\/uploads\/2022\/07\/Prancheta-8_SITE.png 908w\" sizes=\"(max-width: 69px) 100vw, 69px\" \/><img class=\"alignnone wp-image-26610\" src=\"https:\/\/chemitool.com\/wp-content\/uploads\/2022\/07\/Artboard-3-300x300.png\" alt=\"\" width=\"70\" height=\"70\" srcset=\"https:\/\/chemitool.com\/wp-content\/uploads\/2022\/07\/Artboard-3-300x300.png 300w, https:\/\/chemitool.com\/wp-content\/uploads\/2022\/07\/Artboard-3-150x150.png 150w, https:\/\/chemitool.com\/wp-content\/uploads\/2022\/07\/Artboard-3-768x768.png 768w, https:\/\/chemitool.com\/wp-content\/uploads\/2022\/07\/Artboard-3-650x650.png 650w, https:\/\/chemitool.com\/wp-content\/uploads\/2022\/07\/Artboard-3-600x600.png 600w, https:\/\/chemitool.com\/wp-content\/uploads\/2022\/07\/Artboard-3-100x100.png 100w, https:\/\/chemitool.com\/wp-content\/uploads\/2022\/07\/Artboard-3.png 908w\" sizes=\"(max-width: 70px) 100vw, 70px\" \/><img class=\"alignnone wp-image-26607\" src=\"https:\/\/chemitool.com\/wp-content\/uploads\/2022\/07\/Artboard-4_SITE-300x300.png\" alt=\"\" width=\"67\" height=\"67\" srcset=\"https:\/\/chemitool.com\/wp-content\/uploads\/2022\/07\/Artboard-4_SITE-300x300.png 300w, https:\/\/chemitool.com\/wp-content\/uploads\/2022\/07\/Artboard-4_SITE-150x150.png 150w, https:\/\/chemitool.com\/wp-content\/uploads\/2022\/07\/Artboard-4_SITE-768x768.png 768w, https:\/\/chemitool.com\/wp-content\/uploads\/2022\/07\/Artboard-4_SITE-650x650.png 650w, https:\/\/chemitool.com\/wp-content\/uploads\/2022\/07\/Artboard-4_SITE-600x600.png 600w, https:\/\/chemitool.com\/wp-content\/uploads\/2022\/07\/Artboard-4_SITE-100x100.png 100w, https:\/\/chemitool.com\/wp-content\/uploads\/2022\/07\/Artboard-4_SITE.png 908w\" sizes=\"(max-width: 67px) 100vw, 67px\" \/><img class=\"alignnone wp-image-26604\" src=\"https:\/\/chemitool.com\/wp-content\/uploads\/2022\/07\/Artboard-4-300x300.png\" alt=\"\" width=\"69\" height=\"69\" srcset=\"https:\/\/chemitool.com\/wp-content\/uploads\/2022\/07\/Artboard-4-300x300.png 300w, https:\/\/chemitool.com\/wp-content\/uploads\/2022\/07\/Artboard-4-150x150.png 150w, https:\/\/chemitool.com\/wp-content\/uploads\/2022\/07\/Artboard-4-768x768.png 768w, https:\/\/chemitool.com\/wp-content\/uploads\/2022\/07\/Artboard-4-650x650.png 650w, https:\/\/chemitool.com\/wp-content\/uploads\/2022\/07\/Artboard-4-600x600.png 600w, https:\/\/chemitool.com\/wp-content\/uploads\/2022\/07\/Artboard-4-100x100.png 100w, https:\/\/chemitool.com\/wp-content\/uploads\/2022\/07\/Artboard-4.png 908w\" sizes=\"(max-width: 69px) 100vw, 69px\" \/><img class=\"alignnone wp-image-26616\" src=\"https:\/\/chemitool.com\/wp-content\/uploads\/2022\/07\/Prancheta-10_SITE-300x300.png\" alt=\"\" width=\"69\" height=\"69\" srcset=\"https:\/\/chemitool.com\/wp-content\/uploads\/2022\/07\/Prancheta-10_SITE-300x300.png 300w, https:\/\/chemitool.com\/wp-content\/uploads\/2022\/07\/Prancheta-10_SITE-150x150.png 150w, https:\/\/chemitool.com\/wp-content\/uploads\/2022\/07\/Prancheta-10_SITE-768x768.png 768w, https:\/\/chemitool.com\/wp-content\/uploads\/2022\/07\/Prancheta-10_SITE-650x650.png 650w, https:\/\/chemitool.com\/wp-content\/uploads\/2022\/07\/Prancheta-10_SITE-600x600.png 600w, https:\/\/chemitool.com\/wp-content\/uploads\/2022\/07\/Prancheta-10_SITE-100x100.png 100w, https:\/\/chemitool.com\/wp-content\/uploads\/2022\/07\/Prancheta-10_SITE.png 908w\" sizes=\"(max-width: 69px) 100vw, 69px\" \/><img class=\"alignnone wp-image-26613\" src=\"https:\/\/chemitool.com\/wp-content\/uploads\/2022\/07\/Prancheta-9_SITE-300x300.png\" alt=\"\" width=\"69\" height=\"69\" srcset=\"https:\/\/chemitool.com\/wp-content\/uploads\/2022\/07\/Prancheta-9_SITE-300x300.png 300w, https:\/\/chemitool.com\/wp-content\/uploads\/2022\/07\/Prancheta-9_SITE-150x150.png 150w, https:\/\/chemitool.com\/wp-content\/uploads\/2022\/07\/Prancheta-9_SITE-768x768.png 768w, https:\/\/chemitool.com\/wp-content\/uploads\/2022\/07\/Prancheta-9_SITE-650x650.png 650w, https:\/\/chemitool.com\/wp-content\/uploads\/2022\/07\/Prancheta-9_SITE-600x600.png 600w, https:\/\/chemitool.com\/wp-content\/uploads\/2022\/07\/Prancheta-9_SITE-100x100.png 100w, https:\/\/chemitool.com\/wp-content\/uploads\/2022\/07\/Prancheta-9_SITE.png 908w\" sizes=\"(max-width: 69px) 100vw, 69px\" \/><\/p>\n","protected":false},"excerpt":{"rendered":"<p><em>Sierras de Cinta CHEMITOOL<\/em> fabricadas en acero aleado bimet\u00e1lico, con dientes en plaquitas de metal duro, para trabajos extremadamente duros.<\/p>\n","protected":false},"featured_media":33598,"template":"","meta":[],"product_cat":[1426,4291,4740],"product_tag":[4294],"yoast_head":"<!-- This site is optimized with the Yoast SEO plugin v17.4 - https:\/\/yoast.com\/wordpress\/plugins\/seo\/ -->\n<title>SIERRA DE CINTA CARBURO HERCULES 50 PLUS &ndash; Chemitool<\/title>\n<meta name=\"description\" content=\"Sierras de Cinta CHEMITOOL fabricadas en acero aleado bimet\u00e1lico, con dientes en plaquitas de metal duro, para trabajos extremadamente duros.\" \/>\n<meta name=\"robots\" content=\"index, follow, max-snippet:-1, max-image-preview:large, max-video-preview:-1\" \/>\n<link rel=\"canonical\" href=\"https:\/\/chemitool.com\/es\/products\/cutting\/herramientas-de-aserrado\/sierra-de-cinta-carburo\/sierra-de-cinta-carburo-hercules-50-plus\/\" \/>\n<meta property=\"og:locale\" content=\"es_ES\" \/>\n<meta property=\"og:type\" content=\"article\" \/>\n<meta property=\"og:title\" content=\"SIERRA DE CINTA CARBURO HERCULES 50 PLUS &ndash; Chemitool\" \/>\n<meta property=\"og:description\" content=\"Sierras de Cinta CHEMITOOL fabricadas en acero aleado bimet\u00e1lico, con dientes en plaquitas de metal duro, para trabajos extremadamente duros.\" \/>\n<meta property=\"og:url\" content=\"https:\/\/chemitool.com\/es\/products\/cutting\/herramientas-de-aserrado\/sierra-de-cinta-carburo\/sierra-de-cinta-carburo-hercules-50-plus\/\" \/>\n<meta property=\"og:site_name\" content=\"Chemitool\" \/>\n<meta property=\"article:publisher\" content=\"https:\/\/www.facebook.com\/chemitool\" \/>\n<meta property=\"article:modified_time\" content=\"2023-07-13T13:46:46+00:00\" \/>\n<meta property=\"og:image\" content=\"https:\/\/chemitool.com\/wp-content\/uploads\/2023\/02\/CHA148.png\" \/>\n\t<meta property=\"og:image:width\" content=\"800\" \/>\n\t<meta property=\"og:image:height\" content=\"800\" \/>\n<meta name=\"twitter:card\" content=\"summary_large_image\" \/>\n<meta name=\"twitter:label1\" content=\"Tiempo de lectura\" \/>\n\t<meta name=\"twitter:data1\" content=\"1 minuto\" \/>\n<script type=\"application\/ld+json\" class=\"yoast-schema-graph\">{\"@context\":\"https:\/\/schema.org\",\"@graph\":[{\"@type\":\"Organization\",\"@id\":\"https:\/\/chemitool.com\/#organization\",\"name\":\"Chemitool\",\"url\":\"https:\/\/chemitool.com\/\",\"sameAs\":[\"https:\/\/www.facebook.com\/chemitool\",\"https:\/\/www.instagram.com\/chemitool\/\"],\"logo\":{\"@type\":\"ImageObject\",\"@id\":\"https:\/\/chemitool.com\/#logo\",\"inLanguage\":\"es\",\"url\":\"https:\/\/chemitool.com\/wp-content\/uploads\/2020\/10\/logo_chemitool.png\",\"contentUrl\":\"https:\/\/chemitool.com\/wp-content\/uploads\/2020\/10\/logo_chemitool.png\",\"width\":400,\"height\":400,\"caption\":\"Chemitool\"},\"image\":{\"@id\":\"https:\/\/chemitool.com\/#logo\"}},{\"@type\":\"WebSite\",\"@id\":\"https:\/\/chemitool.com\/#website\",\"url\":\"https:\/\/chemitool.com\/\",\"name\":\"Chemitool\",\"description\":\"Chemitool - hardware and tools\",\"publisher\":{\"@id\":\"https:\/\/chemitool.com\/#organization\"},\"potentialAction\":[{\"@type\":\"SearchAction\",\"target\":{\"@type\":\"EntryPoint\",\"urlTemplate\":\"https:\/\/chemitool.com\/?s={search_term_string}\"},\"query-input\":\"required name=search_term_string\"}],\"inLanguage\":\"es\"},{\"@type\":\"ImageObject\",\"@id\":\"https:\/\/chemitool.com\/es\/products\/cutting\/herramientas-de-aserrado\/sierra-de-cinta-carburo\/sierra-de-cinta-carburo-hercules-50-plus\/#primaryimage\",\"inLanguage\":\"es\",\"url\":\"https:\/\/chemitool.com\/wp-content\/uploads\/2023\/02\/CHA148.png\",\"contentUrl\":\"https:\/\/chemitool.com\/wp-content\/uploads\/2023\/02\/CHA148.png\",\"width\":800,\"height\":800},{\"@type\":\"WebPage\",\"@id\":\"https:\/\/chemitool.com\/es\/products\/cutting\/herramientas-de-aserrado\/sierra-de-cinta-carburo\/sierra-de-cinta-carburo-hercules-50-plus\/#webpage\",\"url\":\"https:\/\/chemitool.com\/es\/products\/cutting\/herramientas-de-aserrado\/sierra-de-cinta-carburo\/sierra-de-cinta-carburo-hercules-50-plus\/\",\"name\":\"SIERRA DE CINTA CARBURO HERCULES 50 PLUS &ndash; Chemitool\",\"isPartOf\":{\"@id\":\"https:\/\/chemitool.com\/#website\"},\"primaryImageOfPage\":{\"@id\":\"https:\/\/chemitool.com\/es\/products\/cutting\/herramientas-de-aserrado\/sierra-de-cinta-carburo\/sierra-de-cinta-carburo-hercules-50-plus\/#primaryimage\"},\"datePublished\":\"2023-02-07T11:38:14+00:00\",\"dateModified\":\"2023-07-13T13:46:46+00:00\",\"description\":\"Sierras de Cinta CHEMITOOL fabricadas en acero aleado bimet\\u00e1lico, con dientes en plaquitas de metal duro, para trabajos extremadamente duros.\",\"breadcrumb\":{\"@id\":\"https:\/\/chemitool.com\/es\/products\/cutting\/herramientas-de-aserrado\/sierra-de-cinta-carburo\/sierra-de-cinta-carburo-hercules-50-plus\/#breadcrumb\"},\"inLanguage\":\"es\",\"potentialAction\":[{\"@type\":\"ReadAction\",\"target\":[\"https:\/\/chemitool.com\/es\/products\/cutting\/herramientas-de-aserrado\/sierra-de-cinta-carburo\/sierra-de-cinta-carburo-hercules-50-plus\/\"]}]},{\"@type\":\"BreadcrumbList\",\"@id\":\"https:\/\/chemitool.com\/es\/products\/cutting\/herramientas-de-aserrado\/sierra-de-cinta-carburo\/sierra-de-cinta-carburo-hercules-50-plus\/#breadcrumb\",\"itemListElement\":[{\"@type\":\"ListItem\",\"position\":1,\"name\":\"Home\",\"item\":\"https:\/\/chemitool.com\/es\/\"},{\"@type\":\"ListItem\",\"position\":2,\"name\":\"Productos\",\"item\":\"https:\/\/chemitool.com\/es\/productos\/\"},{\"@type\":\"ListItem\",\"position\":3,\"name\":\"Cutting\",\"item\":\"https:\/\/chemitool.com\/es\/categoria-producto\/cutting\/\"},{\"@type\":\"ListItem\",\"position\":4,\"name\":\"HERRAMIENTAS DE ASERRADO\",\"item\":\"https:\/\/chemitool.com\/es\/categoria-producto\/cutting\/herramientas-de-aserrado\/\"},{\"@type\":\"ListItem\",\"position\":5,\"name\":\"SIERRA DE CINTA CARBURO\",\"item\":\"https:\/\/chemitool.com\/es\/categoria-producto\/cutting\/herramientas-de-aserrado\/sierra-de-cinta-carburo\/\"},{\"@type\":\"ListItem\",\"position\":6,\"name\":\"SIERRA DE CINTA CARBURO HERCULES 50 PLUS\"}]}]}<\/script>\n<!-- \/ Yoast SEO plugin. -->","yoast_head_json":{"title":"SIERRA DE CINTA CARBURO HERCULES 50 PLUS &ndash; Chemitool","description":"Sierras de Cinta CHEMITOOL fabricadas en acero aleado bimet\u00e1lico, con dientes en plaquitas de metal duro, para trabajos extremadamente duros.","robots":{"index":"index","follow":"follow","max-snippet":"max-snippet:-1","max-image-preview":"max-image-preview:large","max-video-preview":"max-video-preview:-1"},"canonical":"https:\/\/chemitool.com\/es\/products\/cutting\/herramientas-de-aserrado\/sierra-de-cinta-carburo\/sierra-de-cinta-carburo-hercules-50-plus\/","og_locale":"es_ES","og_type":"article","og_title":"SIERRA DE CINTA CARBURO HERCULES 50 PLUS &ndash; Chemitool","og_description":"Sierras de Cinta CHEMITOOL fabricadas en acero aleado bimet\u00e1lico, con dientes en plaquitas de metal duro, para trabajos extremadamente duros.","og_url":"https:\/\/chemitool.com\/es\/products\/cutting\/herramientas-de-aserrado\/sierra-de-cinta-carburo\/sierra-de-cinta-carburo-hercules-50-plus\/","og_site_name":"Chemitool","article_publisher":"https:\/\/www.facebook.com\/chemitool","article_modified_time":"2023-07-13T13:46:46+00:00","og_image":[{"width":800,"height":800,"url":"https:\/\/chemitool.com\/wp-content\/uploads\/2023\/02\/CHA148.png","type":"image\/png"}],"twitter_card":"summary_large_image","twitter_misc":{"Tiempo de lectura":"1 minuto"},"schema":{"@context":"https:\/\/schema.org","@graph":[{"@type":"Organization","@id":"https:\/\/chemitool.com\/#organization","name":"Chemitool","url":"https:\/\/chemitool.com\/","sameAs":["https:\/\/www.facebook.com\/chemitool","https:\/\/www.instagram.com\/chemitool\/"],"logo":{"@type":"ImageObject","@id":"https:\/\/chemitool.com\/#logo","inLanguage":"es","url":"https:\/\/chemitool.com\/wp-content\/uploads\/2020\/10\/logo_chemitool.png","contentUrl":"https:\/\/chemitool.com\/wp-content\/uploads\/2020\/10\/logo_chemitool.png","width":400,"height":400,"caption":"Chemitool"},"image":{"@id":"https:\/\/chemitool.com\/#logo"}},{"@type":"WebSite","@id":"https:\/\/chemitool.com\/#website","url":"https:\/\/chemitool.com\/","name":"Chemitool","description":"Chemitool - hardware and tools","publisher":{"@id":"https:\/\/chemitool.com\/#organization"},"potentialAction":[{"@type":"SearchAction","target":{"@type":"EntryPoint","urlTemplate":"https:\/\/chemitool.com\/?s={search_term_string}"},"query-input":"required name=search_term_string"}],"inLanguage":"es"},{"@type":"ImageObject","@id":"https:\/\/chemitool.com\/es\/products\/cutting\/herramientas-de-aserrado\/sierra-de-cinta-carburo\/sierra-de-cinta-carburo-hercules-50-plus\/#primaryimage","inLanguage":"es","url":"https:\/\/chemitool.com\/wp-content\/uploads\/2023\/02\/CHA148.png","contentUrl":"https:\/\/chemitool.com\/wp-content\/uploads\/2023\/02\/CHA148.png","width":800,"height":800},{"@type":"WebPage","@id":"https:\/\/chemitool.com\/es\/products\/cutting\/herramientas-de-aserrado\/sierra-de-cinta-carburo\/sierra-de-cinta-carburo-hercules-50-plus\/#webpage","url":"https:\/\/chemitool.com\/es\/products\/cutting\/herramientas-de-aserrado\/sierra-de-cinta-carburo\/sierra-de-cinta-carburo-hercules-50-plus\/","name":"SIERRA DE CINTA CARBURO HERCULES 50 PLUS &ndash; Chemitool","isPartOf":{"@id":"https:\/\/chemitool.com\/#website"},"primaryImageOfPage":{"@id":"https:\/\/chemitool.com\/es\/products\/cutting\/herramientas-de-aserrado\/sierra-de-cinta-carburo\/sierra-de-cinta-carburo-hercules-50-plus\/#primaryimage"},"datePublished":"2023-02-07T11:38:14+00:00","dateModified":"2023-07-13T13:46:46+00:00","description":"Sierras de Cinta CHEMITOOL fabricadas en acero aleado bimet\u00e1lico, con dientes en plaquitas de metal duro, para trabajos extremadamente duros.","breadcrumb":{"@id":"https:\/\/chemitool.com\/es\/products\/cutting\/herramientas-de-aserrado\/sierra-de-cinta-carburo\/sierra-de-cinta-carburo-hercules-50-plus\/#breadcrumb"},"inLanguage":"es","potentialAction":[{"@type":"ReadAction","target":["https:\/\/chemitool.com\/es\/products\/cutting\/herramientas-de-aserrado\/sierra-de-cinta-carburo\/sierra-de-cinta-carburo-hercules-50-plus\/"]}]},{"@type":"BreadcrumbList","@id":"https:\/\/chemitool.com\/es\/products\/cutting\/herramientas-de-aserrado\/sierra-de-cinta-carburo\/sierra-de-cinta-carburo-hercules-50-plus\/#breadcrumb","itemListElement":[{"@type":"ListItem","position":1,"name":"Home","item":"https:\/\/chemitool.com\/es\/"},{"@type":"ListItem","position":2,"name":"Productos","item":"https:\/\/chemitool.com\/es\/productos\/"},{"@type":"ListItem","position":3,"name":"Cutting","item":"https:\/\/chemitool.com\/es\/categoria-producto\/cutting\/"},{"@type":"ListItem","position":4,"name":"HERRAMIENTAS DE ASERRADO","item":"https:\/\/chemitool.com\/es\/categoria-producto\/cutting\/herramientas-de-aserrado\/"},{"@type":"ListItem","position":5,"name":"SIERRA DE CINTA CARBURO","item":"https:\/\/chemitool.com\/es\/categoria-producto\/cutting\/herramientas-de-aserrado\/sierra-de-cinta-carburo\/"},{"@type":"ListItem","position":6,"name":"SIERRA DE CINTA CARBURO HERCULES 50 PLUS"}]}]}},"_links":{"self":[{"href":"https:\/\/chemitool.com\/es\/wp-json\/wp\/v2\/product\/30745"}],"collection":[{"href":"https:\/\/chemitool.com\/es\/wp-json\/wp\/v2\/product"}],"about":[{"href":"https:\/\/chemitool.com\/es\/wp-json\/wp\/v2\/types\/product"}],"wp:featuredmedia":[{"embeddable":true,"href":"https:\/\/chemitool.com\/es\/wp-json\/wp\/v2\/media\/33598"}],"wp:attachment":[{"href":"https:\/\/chemitool.com\/es\/wp-json\/wp\/v2\/media?parent=30745"}],"wp:term":[{"taxonomy":"product_cat","embeddable":true,"href":"https:\/\/chemitool.com\/es\/wp-json\/wp\/v2\/product_cat?post=30745"},{"taxonomy":"product_tag","embeddable":true,"href":"https:\/\/chemitool.com\/es\/wp-json\/wp\/v2\/product_tag?post=30745"}],"curies":[{"name":"wp","href":"https:\/\/api.w.org\/{rel}","templated":true}]}}