{"id":30718,"date":"2023-02-07T09:35:44","date_gmt":"2023-02-07T09:35:47","guid":{"rendered":"https:\/\/chemitool.com\/?post_type=product&#038;p=30718"},"modified":"2023-07-13T16:21:21","modified_gmt":"2023-07-13T16:21:21","slug":"sierra-de-cinta-power-m51-prime","status":"publish","type":"product","link":"https:\/\/chemitool.com\/es\/products\/cutting\/herramientas-de-aserrado\/sierra-de-cinta-bimetalica\/sierra-de-cinta-power-m51-prime\/","title":{"rendered":"SIERRA DE CINTA POWER M51 PRIME"},"content":{"rendered":"<p><strong>VENTAJAS<\/strong><\/p>\n<ul>\n<li>Dientes en 10% Co (M51)<\/li>\n<li>Alto rendimiento de corte<\/li>\n<li>Altura de 34 a 80mm<\/li>\n<li>Espesor de 1,1 a 1,6mm<\/li>\n<li>Soldadura uniforme<\/li>\n<li>Resistencia a la rotura<\/li>\n<li>Larga vida \u00fatil de la herramienta<\/li>\n<\/ul>\n<p>La sierra de cinta bimet\u00e1lica CHEMITOOL est\u00e1 desarrollada con la tecnolog\u00eda m\u00e1s avanzada para aumentar la resistencia y minimizar las roturas.<\/p>\n<p>El filamento de los dientes, fabricado en acero r\u00e1pido M51, proporciona una gran resistencia al calor y al desgaste. Geometr\u00eda del diente especial para chapas y tubos, con desprendimiento positivo de 10\u00ba, con mejor alineaci\u00f3n de corte gracias a la diferencia de altura del diente gu\u00eda. Permitiendo as\u00ed una mayor vida \u00fatil y un mejor acabado superficial al cortar materiales dif\u00edciles de cortar, ayudando a minimizar el ruido y las vibraciones desde el primer corte en la aplicaci\u00f3n correcta.<\/p>\n<p>Diente positivo (10\u00ba), especialmente indicado para secciones macizas.<\/p>\n<p>Extremadamente vers\u00e1til, corta una gran variedad de materiales, desde aceros con bajo contenido en carbono hasta aleaciones de alta resistencia. El avanzado dise\u00f1o de la cinta permite cortar una gran variedad de aplicaciones, como tubos cuadrados, chapas met\u00e1licas, tubos de pared gruesa, barras macizas y s\u00f3lidos redondos.<\/p>\n<p>El uso de la lubricaci\u00f3n en el proceso de corte aumentar\u00e1 la vida \u00fatil de la herramienta y reducir\u00e1 el calor de la sierra de cinta y no debe olvidarse.<\/p>\n<p><img class=\"alignnone wp-image-26619\" src=\"https:\/\/chemitool.com\/wp-content\/uploads\/2022\/07\/Prancheta-8_SITE-300x300.png\" alt=\"\" width=\"69\" height=\"69\" srcset=\"https:\/\/chemitool.com\/wp-content\/uploads\/2022\/07\/Prancheta-8_SITE-300x300.png 300w, https:\/\/chemitool.com\/wp-content\/uploads\/2022\/07\/Prancheta-8_SITE-150x150.png 150w, https:\/\/chemitool.com\/wp-content\/uploads\/2022\/07\/Prancheta-8_SITE-768x768.png 768w, https:\/\/chemitool.com\/wp-content\/uploads\/2022\/07\/Prancheta-8_SITE-650x650.png 650w, https:\/\/chemitool.com\/wp-content\/uploads\/2022\/07\/Prancheta-8_SITE-600x600.png 600w, https:\/\/chemitool.com\/wp-content\/uploads\/2022\/07\/Prancheta-8_SITE-100x100.png 100w, https:\/\/chemitool.com\/wp-content\/uploads\/2022\/07\/Prancheta-8_SITE.png 908w\" sizes=\"(max-width: 69px) 100vw, 69px\" \/><img class=\"alignnone wp-image-26610\" src=\"https:\/\/chemitool.com\/wp-content\/uploads\/2022\/07\/Artboard-3-300x300.png\" alt=\"\" width=\"70\" height=\"70\" srcset=\"https:\/\/chemitool.com\/wp-content\/uploads\/2022\/07\/Artboard-3-300x300.png 300w, https:\/\/chemitool.com\/wp-content\/uploads\/2022\/07\/Artboard-3-150x150.png 150w, https:\/\/chemitool.com\/wp-content\/uploads\/2022\/07\/Artboard-3-768x768.png 768w, https:\/\/chemitool.com\/wp-content\/uploads\/2022\/07\/Artboard-3-650x650.png 650w, https:\/\/chemitool.com\/wp-content\/uploads\/2022\/07\/Artboard-3-600x600.png 600w, https:\/\/chemitool.com\/wp-content\/uploads\/2022\/07\/Artboard-3-100x100.png 100w, https:\/\/chemitool.com\/wp-content\/uploads\/2022\/07\/Artboard-3.png 908w\" sizes=\"(max-width: 70px) 100vw, 70px\" \/><img class=\"alignnone wp-image-26607\" src=\"https:\/\/chemitool.com\/wp-content\/uploads\/2022\/07\/Artboard-4_SITE-300x300.png\" alt=\"\" width=\"67\" height=\"67\" srcset=\"https:\/\/chemitool.com\/wp-content\/uploads\/2022\/07\/Artboard-4_SITE-300x300.png 300w, https:\/\/chemitool.com\/wp-content\/uploads\/2022\/07\/Artboard-4_SITE-150x150.png 150w, https:\/\/chemitool.com\/wp-content\/uploads\/2022\/07\/Artboard-4_SITE-768x768.png 768w, https:\/\/chemitool.com\/wp-content\/uploads\/2022\/07\/Artboard-4_SITE-650x650.png 650w, https:\/\/chemitool.com\/wp-content\/uploads\/2022\/07\/Artboard-4_SITE-600x600.png 600w, https:\/\/chemitool.com\/wp-content\/uploads\/2022\/07\/Artboard-4_SITE-100x100.png 100w, https:\/\/chemitool.com\/wp-content\/uploads\/2022\/07\/Artboard-4_SITE.png 908w\" sizes=\"(max-width: 67px) 100vw, 67px\" \/><img class=\"alignnone wp-image-26604\" src=\"https:\/\/chemitool.com\/wp-content\/uploads\/2022\/07\/Artboard-4-300x300.png\" alt=\"\" width=\"69\" height=\"69\" srcset=\"https:\/\/chemitool.com\/wp-content\/uploads\/2022\/07\/Artboard-4-300x300.png 300w, https:\/\/chemitool.com\/wp-content\/uploads\/2022\/07\/Artboard-4-150x150.png 150w, https:\/\/chemitool.com\/wp-content\/uploads\/2022\/07\/Artboard-4-768x768.png 768w, https:\/\/chemitool.com\/wp-content\/uploads\/2022\/07\/Artboard-4-650x650.png 650w, https:\/\/chemitool.com\/wp-content\/uploads\/2022\/07\/Artboard-4-600x600.png 600w, https:\/\/chemitool.com\/wp-content\/uploads\/2022\/07\/Artboard-4-100x100.png 100w, https:\/\/chemitool.com\/wp-content\/uploads\/2022\/07\/Artboard-4.png 908w\" sizes=\"(max-width: 69px) 100vw, 69px\" \/><img class=\"alignnone wp-image-26616\" src=\"https:\/\/chemitool.com\/wp-content\/uploads\/2022\/07\/Prancheta-10_SITE-300x300.png\" alt=\"\" width=\"69\" height=\"69\" srcset=\"https:\/\/chemitool.com\/wp-content\/uploads\/2022\/07\/Prancheta-10_SITE-300x300.png 300w, https:\/\/chemitool.com\/wp-content\/uploads\/2022\/07\/Prancheta-10_SITE-150x150.png 150w, https:\/\/chemitool.com\/wp-content\/uploads\/2022\/07\/Prancheta-10_SITE-768x768.png 768w, https:\/\/chemitool.com\/wp-content\/uploads\/2022\/07\/Prancheta-10_SITE-650x650.png 650w, https:\/\/chemitool.com\/wp-content\/uploads\/2022\/07\/Prancheta-10_SITE-600x600.png 600w, https:\/\/chemitool.com\/wp-content\/uploads\/2022\/07\/Prancheta-10_SITE-100x100.png 100w, https:\/\/chemitool.com\/wp-content\/uploads\/2022\/07\/Prancheta-10_SITE.png 908w\" sizes=\"(max-width: 69px) 100vw, 69px\" \/><img class=\"alignnone wp-image-26613\" src=\"https:\/\/chemitool.com\/wp-content\/uploads\/2022\/07\/Prancheta-9_SITE-300x300.png\" alt=\"\" width=\"69\" height=\"69\" srcset=\"https:\/\/chemitool.com\/wp-content\/uploads\/2022\/07\/Prancheta-9_SITE-300x300.png 300w, https:\/\/chemitool.com\/wp-content\/uploads\/2022\/07\/Prancheta-9_SITE-150x150.png 150w, https:\/\/chemitool.com\/wp-content\/uploads\/2022\/07\/Prancheta-9_SITE-768x768.png 768w, https:\/\/chemitool.com\/wp-content\/uploads\/2022\/07\/Prancheta-9_SITE-650x650.png 650w, https:\/\/chemitool.com\/wp-content\/uploads\/2022\/07\/Prancheta-9_SITE-600x600.png 600w, https:\/\/chemitool.com\/wp-content\/uploads\/2022\/07\/Prancheta-9_SITE-100x100.png 100w, https:\/\/chemitool.com\/wp-content\/uploads\/2022\/07\/Prancheta-9_SITE.png 908w\" sizes=\"(max-width: 69px) 100vw, 69px\" \/><\/p>\n","protected":false},"excerpt":{"rendered":"<p><em>Las Sierras de Cinta CHEMITOOL<\/em> se fabrican en acero de aleaci\u00f3n bimet\u00e1lica, con dientes de acero r\u00e1pido al 10% de cobalto, creando as\u00ed la mejor combinaci\u00f3n entre coste y beneficio para las aplicaciones m\u00e1s exigentes.<\/p>\n","protected":false},"featured_media":33586,"template":"","meta":[],"product_cat":[1426,4291,4461],"product_tag":[4294],"yoast_head":"<!-- This site is optimized with the Yoast SEO plugin v17.4 - https:\/\/yoast.com\/wordpress\/plugins\/seo\/ -->\n<title>SIERRA DE CINTA POWER M51 PRIME &ndash; Chemitool<\/title>\n<meta name=\"description\" content=\"Las Sierras de Cinta CHEMITOOL se fabrican en acero de aleaci\u00f3n bimet\u00e1lica, con dientes de acero r\u00e1pido al 10% de cobalto, creando as\u00ed la mejor combinaci\u00f3n entre coste y beneficio para las aplicaciones m\u00e1s exigentes.\" \/>\n<meta name=\"robots\" content=\"index, follow, max-snippet:-1, max-image-preview:large, max-video-preview:-1\" \/>\n<link rel=\"canonical\" href=\"https:\/\/chemitool.com\/es\/products\/cutting\/herramientas-de-aserrado\/sierra-de-cinta-bimetalica\/sierra-de-cinta-power-m51-prime\/\" \/>\n<meta property=\"og:locale\" content=\"es_ES\" \/>\n<meta property=\"og:type\" content=\"article\" \/>\n<meta property=\"og:title\" content=\"SIERRA DE CINTA POWER M51 PRIME &ndash; Chemitool\" \/>\n<meta property=\"og:description\" content=\"Las Sierras de Cinta CHEMITOOL se fabrican en acero de aleaci\u00f3n bimet\u00e1lica, con dientes de acero r\u00e1pido al 10% de cobalto, creando as\u00ed la mejor combinaci\u00f3n entre coste y beneficio para las aplicaciones m\u00e1s exigentes.\" \/>\n<meta property=\"og:url\" content=\"https:\/\/chemitool.com\/es\/products\/cutting\/herramientas-de-aserrado\/sierra-de-cinta-bimetalica\/sierra-de-cinta-power-m51-prime\/\" \/>\n<meta property=\"og:site_name\" content=\"Chemitool\" \/>\n<meta property=\"article:publisher\" content=\"https:\/\/www.facebook.com\/chemitool\" \/>\n<meta property=\"article:modified_time\" content=\"2023-07-13T16:21:21+00:00\" \/>\n<meta property=\"og:image\" content=\"https:\/\/chemitool.com\/wp-content\/uploads\/2023\/02\/CHA147.png\" \/>\n\t<meta property=\"og:image:width\" content=\"800\" \/>\n\t<meta property=\"og:image:height\" content=\"800\" \/>\n<meta name=\"twitter:card\" content=\"summary_large_image\" \/>\n<meta name=\"twitter:label1\" content=\"Tiempo de lectura\" \/>\n\t<meta name=\"twitter:data1\" content=\"1 minuto\" \/>\n<script type=\"application\/ld+json\" class=\"yoast-schema-graph\">{\"@context\":\"https:\/\/schema.org\",\"@graph\":[{\"@type\":\"Organization\",\"@id\":\"https:\/\/chemitool.com\/#organization\",\"name\":\"Chemitool\",\"url\":\"https:\/\/chemitool.com\/\",\"sameAs\":[\"https:\/\/www.facebook.com\/chemitool\",\"https:\/\/www.instagram.com\/chemitool\/\"],\"logo\":{\"@type\":\"ImageObject\",\"@id\":\"https:\/\/chemitool.com\/#logo\",\"inLanguage\":\"es\",\"url\":\"https:\/\/chemitool.com\/wp-content\/uploads\/2020\/10\/logo_chemitool.png\",\"contentUrl\":\"https:\/\/chemitool.com\/wp-content\/uploads\/2020\/10\/logo_chemitool.png\",\"width\":400,\"height\":400,\"caption\":\"Chemitool\"},\"image\":{\"@id\":\"https:\/\/chemitool.com\/#logo\"}},{\"@type\":\"WebSite\",\"@id\":\"https:\/\/chemitool.com\/#website\",\"url\":\"https:\/\/chemitool.com\/\",\"name\":\"Chemitool\",\"description\":\"Chemitool - hardware and tools\",\"publisher\":{\"@id\":\"https:\/\/chemitool.com\/#organization\"},\"potentialAction\":[{\"@type\":\"SearchAction\",\"target\":{\"@type\":\"EntryPoint\",\"urlTemplate\":\"https:\/\/chemitool.com\/?s={search_term_string}\"},\"query-input\":\"required name=search_term_string\"}],\"inLanguage\":\"es\"},{\"@type\":\"ImageObject\",\"@id\":\"https:\/\/chemitool.com\/es\/products\/cutting\/herramientas-de-aserrado\/sierra-de-cinta-bimetalica\/sierra-de-cinta-power-m51-prime\/#primaryimage\",\"inLanguage\":\"es\",\"url\":\"https:\/\/chemitool.com\/wp-content\/uploads\/2023\/02\/CHA147.png\",\"contentUrl\":\"https:\/\/chemitool.com\/wp-content\/uploads\/2023\/02\/CHA147.png\",\"width\":800,\"height\":800},{\"@type\":\"WebPage\",\"@id\":\"https:\/\/chemitool.com\/es\/products\/cutting\/herramientas-de-aserrado\/sierra-de-cinta-bimetalica\/sierra-de-cinta-power-m51-prime\/#webpage\",\"url\":\"https:\/\/chemitool.com\/es\/products\/cutting\/herramientas-de-aserrado\/sierra-de-cinta-bimetalica\/sierra-de-cinta-power-m51-prime\/\",\"name\":\"SIERRA DE CINTA POWER M51 PRIME &ndash; Chemitool\",\"isPartOf\":{\"@id\":\"https:\/\/chemitool.com\/#website\"},\"primaryImageOfPage\":{\"@id\":\"https:\/\/chemitool.com\/es\/products\/cutting\/herramientas-de-aserrado\/sierra-de-cinta-bimetalica\/sierra-de-cinta-power-m51-prime\/#primaryimage\"},\"datePublished\":\"2023-02-07T09:35:47+00:00\",\"dateModified\":\"2023-07-13T16:21:21+00:00\",\"description\":\"Las Sierras de Cinta CHEMITOOL se fabrican en acero de aleaci\\u00f3n bimet\\u00e1lica, con dientes de acero r\\u00e1pido al 10% de cobalto, creando as\\u00ed la mejor combinaci\\u00f3n entre coste y beneficio para las aplicaciones m\\u00e1s exigentes.\",\"breadcrumb\":{\"@id\":\"https:\/\/chemitool.com\/es\/products\/cutting\/herramientas-de-aserrado\/sierra-de-cinta-bimetalica\/sierra-de-cinta-power-m51-prime\/#breadcrumb\"},\"inLanguage\":\"es\",\"potentialAction\":[{\"@type\":\"ReadAction\",\"target\":[\"https:\/\/chemitool.com\/es\/products\/cutting\/herramientas-de-aserrado\/sierra-de-cinta-bimetalica\/sierra-de-cinta-power-m51-prime\/\"]}]},{\"@type\":\"BreadcrumbList\",\"@id\":\"https:\/\/chemitool.com\/es\/products\/cutting\/herramientas-de-aserrado\/sierra-de-cinta-bimetalica\/sierra-de-cinta-power-m51-prime\/#breadcrumb\",\"itemListElement\":[{\"@type\":\"ListItem\",\"position\":1,\"name\":\"Home\",\"item\":\"https:\/\/chemitool.com\/es\/\"},{\"@type\":\"ListItem\",\"position\":2,\"name\":\"Productos\",\"item\":\"https:\/\/chemitool.com\/es\/productos\/\"},{\"@type\":\"ListItem\",\"position\":3,\"name\":\"Cutting\",\"item\":\"https:\/\/chemitool.com\/es\/categoria-producto\/cutting\/\"},{\"@type\":\"ListItem\",\"position\":4,\"name\":\"HERRAMIENTAS DE ASERRADO\",\"item\":\"https:\/\/chemitool.com\/es\/categoria-producto\/cutting\/herramientas-de-aserrado\/\"},{\"@type\":\"ListItem\",\"position\":5,\"name\":\"SIERRA DE CINTA BIMET\\u00c1LICA\",\"item\":\"https:\/\/chemitool.com\/es\/categoria-producto\/cutting\/herramientas-de-aserrado\/sierra-de-cinta-bimetalica\/\"},{\"@type\":\"ListItem\",\"position\":6,\"name\":\"SIERRA DE CINTA POWER M51 PRIME\"}]}]}<\/script>\n<!-- \/ Yoast SEO plugin. -->","yoast_head_json":{"title":"SIERRA DE CINTA POWER M51 PRIME &ndash; Chemitool","description":"Las Sierras de Cinta CHEMITOOL se fabrican en acero de aleaci\u00f3n bimet\u00e1lica, con dientes de acero r\u00e1pido al 10% de cobalto, creando as\u00ed la mejor combinaci\u00f3n entre coste y beneficio para las aplicaciones m\u00e1s exigentes.","robots":{"index":"index","follow":"follow","max-snippet":"max-snippet:-1","max-image-preview":"max-image-preview:large","max-video-preview":"max-video-preview:-1"},"canonical":"https:\/\/chemitool.com\/es\/products\/cutting\/herramientas-de-aserrado\/sierra-de-cinta-bimetalica\/sierra-de-cinta-power-m51-prime\/","og_locale":"es_ES","og_type":"article","og_title":"SIERRA DE CINTA POWER M51 PRIME &ndash; Chemitool","og_description":"Las Sierras de Cinta CHEMITOOL se fabrican en acero de aleaci\u00f3n bimet\u00e1lica, con dientes de acero r\u00e1pido al 10% de cobalto, creando as\u00ed la mejor combinaci\u00f3n entre coste y beneficio para las aplicaciones m\u00e1s exigentes.","og_url":"https:\/\/chemitool.com\/es\/products\/cutting\/herramientas-de-aserrado\/sierra-de-cinta-bimetalica\/sierra-de-cinta-power-m51-prime\/","og_site_name":"Chemitool","article_publisher":"https:\/\/www.facebook.com\/chemitool","article_modified_time":"2023-07-13T16:21:21+00:00","og_image":[{"width":800,"height":800,"url":"https:\/\/chemitool.com\/wp-content\/uploads\/2023\/02\/CHA147.png","type":"image\/png"}],"twitter_card":"summary_large_image","twitter_misc":{"Tiempo de lectura":"1 minuto"},"schema":{"@context":"https:\/\/schema.org","@graph":[{"@type":"Organization","@id":"https:\/\/chemitool.com\/#organization","name":"Chemitool","url":"https:\/\/chemitool.com\/","sameAs":["https:\/\/www.facebook.com\/chemitool","https:\/\/www.instagram.com\/chemitool\/"],"logo":{"@type":"ImageObject","@id":"https:\/\/chemitool.com\/#logo","inLanguage":"es","url":"https:\/\/chemitool.com\/wp-content\/uploads\/2020\/10\/logo_chemitool.png","contentUrl":"https:\/\/chemitool.com\/wp-content\/uploads\/2020\/10\/logo_chemitool.png","width":400,"height":400,"caption":"Chemitool"},"image":{"@id":"https:\/\/chemitool.com\/#logo"}},{"@type":"WebSite","@id":"https:\/\/chemitool.com\/#website","url":"https:\/\/chemitool.com\/","name":"Chemitool","description":"Chemitool - hardware and tools","publisher":{"@id":"https:\/\/chemitool.com\/#organization"},"potentialAction":[{"@type":"SearchAction","target":{"@type":"EntryPoint","urlTemplate":"https:\/\/chemitool.com\/?s={search_term_string}"},"query-input":"required name=search_term_string"}],"inLanguage":"es"},{"@type":"ImageObject","@id":"https:\/\/chemitool.com\/es\/products\/cutting\/herramientas-de-aserrado\/sierra-de-cinta-bimetalica\/sierra-de-cinta-power-m51-prime\/#primaryimage","inLanguage":"es","url":"https:\/\/chemitool.com\/wp-content\/uploads\/2023\/02\/CHA147.png","contentUrl":"https:\/\/chemitool.com\/wp-content\/uploads\/2023\/02\/CHA147.png","width":800,"height":800},{"@type":"WebPage","@id":"https:\/\/chemitool.com\/es\/products\/cutting\/herramientas-de-aserrado\/sierra-de-cinta-bimetalica\/sierra-de-cinta-power-m51-prime\/#webpage","url":"https:\/\/chemitool.com\/es\/products\/cutting\/herramientas-de-aserrado\/sierra-de-cinta-bimetalica\/sierra-de-cinta-power-m51-prime\/","name":"SIERRA DE CINTA POWER M51 PRIME &ndash; Chemitool","isPartOf":{"@id":"https:\/\/chemitool.com\/#website"},"primaryImageOfPage":{"@id":"https:\/\/chemitool.com\/es\/products\/cutting\/herramientas-de-aserrado\/sierra-de-cinta-bimetalica\/sierra-de-cinta-power-m51-prime\/#primaryimage"},"datePublished":"2023-02-07T09:35:47+00:00","dateModified":"2023-07-13T16:21:21+00:00","description":"Las Sierras de Cinta CHEMITOOL se fabrican en acero de aleaci\u00f3n bimet\u00e1lica, con dientes de acero r\u00e1pido al 10% de cobalto, creando as\u00ed la mejor combinaci\u00f3n entre coste y beneficio para las aplicaciones m\u00e1s exigentes.","breadcrumb":{"@id":"https:\/\/chemitool.com\/es\/products\/cutting\/herramientas-de-aserrado\/sierra-de-cinta-bimetalica\/sierra-de-cinta-power-m51-prime\/#breadcrumb"},"inLanguage":"es","potentialAction":[{"@type":"ReadAction","target":["https:\/\/chemitool.com\/es\/products\/cutting\/herramientas-de-aserrado\/sierra-de-cinta-bimetalica\/sierra-de-cinta-power-m51-prime\/"]}]},{"@type":"BreadcrumbList","@id":"https:\/\/chemitool.com\/es\/products\/cutting\/herramientas-de-aserrado\/sierra-de-cinta-bimetalica\/sierra-de-cinta-power-m51-prime\/#breadcrumb","itemListElement":[{"@type":"ListItem","position":1,"name":"Home","item":"https:\/\/chemitool.com\/es\/"},{"@type":"ListItem","position":2,"name":"Productos","item":"https:\/\/chemitool.com\/es\/productos\/"},{"@type":"ListItem","position":3,"name":"Cutting","item":"https:\/\/chemitool.com\/es\/categoria-producto\/cutting\/"},{"@type":"ListItem","position":4,"name":"HERRAMIENTAS DE ASERRADO","item":"https:\/\/chemitool.com\/es\/categoria-producto\/cutting\/herramientas-de-aserrado\/"},{"@type":"ListItem","position":5,"name":"SIERRA DE CINTA BIMET\u00c1LICA","item":"https:\/\/chemitool.com\/es\/categoria-producto\/cutting\/herramientas-de-aserrado\/sierra-de-cinta-bimetalica\/"},{"@type":"ListItem","position":6,"name":"SIERRA DE CINTA POWER M51 PRIME"}]}]}},"_links":{"self":[{"href":"https:\/\/chemitool.com\/es\/wp-json\/wp\/v2\/product\/30718"}],"collection":[{"href":"https:\/\/chemitool.com\/es\/wp-json\/wp\/v2\/product"}],"about":[{"href":"https:\/\/chemitool.com\/es\/wp-json\/wp\/v2\/types\/product"}],"wp:featuredmedia":[{"embeddable":true,"href":"https:\/\/chemitool.com\/es\/wp-json\/wp\/v2\/media\/33586"}],"wp:attachment":[{"href":"https:\/\/chemitool.com\/es\/wp-json\/wp\/v2\/media?parent=30718"}],"wp:term":[{"taxonomy":"product_cat","embeddable":true,"href":"https:\/\/chemitool.com\/es\/wp-json\/wp\/v2\/product_cat?post=30718"},{"taxonomy":"product_tag","embeddable":true,"href":"https:\/\/chemitool.com\/es\/wp-json\/wp\/v2\/product_tag?post=30718"}],"curies":[{"name":"wp","href":"https:\/\/api.w.org\/{rel}","templated":true}]}}