{"id":29483,"date":"2023-01-13T09:53:02","date_gmt":"2023-01-13T09:53:03","guid":{"rendered":"https:\/\/chemitool.com\/?post_type=product&#038;p=29483"},"modified":"2025-05-05T08:05:53","modified_gmt":"2025-05-05T08:05:53","slug":"aspirador-de-solidos-y-liquidos-industrial","status":"publish","type":"product","link":"https:\/\/chemitool.com\/es\/products\/tools\/aspiradores-es\/aspiradores-polvo-y-liquido\/aspirador-de-solidos-y-liquidos-industrial\/","title":{"rendered":"ASPIRADOR DE S\u00d3LIDOS Y L\u00cdQUIDOS INDUSTRIAL"},"content":{"rendered":"<ul>\n<li>Aspirador de s\u00f3lidos y l\u00edquidos<\/li>\n<li>Funci\u00f3n de soplado<\/li>\n<li>Sistema de limpieza manual del filtro<\/li>\n<li>Motor eficiente y silencioso<\/li>\n<li>Sistema de descarga de s\u00f3lidos con b\u00e1scula<\/li>\n<li>Sistema de descarga de l\u00edquidos con desag\u00fce<\/li>\n<\/ul>\n<p><strong>CAMPOS DE APLICACI\u00d3N<\/strong><\/p>\n<ul>\n<li>Limpieza de oficinas<\/li>\n<li>Limpieza de naves y almacenes<\/li>\n<li>Limpieza de coches<\/li>\n<\/ul>\n<p><strong>ACCESORIOS INCLUIDOS<\/strong><\/p>\n<ul>\n<li>Manguera de pl\u00e1stico<\/li>\n<li>Tubo met\u00e1lico (2x)<\/li>\n<li>Filtro de esponja<\/li>\n<li>Filtro de algod\u00f3n lavable<\/li>\n<li>Cepillo s\u00f3lidos y l\u00edquidos<\/li>\n<li>Boquilla de ranura<\/li>\n<li>Cepillo redondo<\/li>\n<li>Estrutura de soporte de filtro<\/li>\n<\/ul>\n","protected":false},"excerpt":{"rendered":"<p><em>Aspirador de S\u00f3lidos y L\u00edquidos Industrial CHEMITOOL<\/em> dise\u00f1ado para garantizar una limpieza profesional en entornos muy exigentes.<\/p>\n","protected":false},"featured_media":29481,"template":"","meta":[],"product_cat":[1456,2506,2554],"product_tag":[4680,4681,3713],"yoast_head":"<!-- This site is optimized with the Yoast SEO plugin v17.4 - https:\/\/yoast.com\/wordpress\/plugins\/seo\/ -->\n<title>ASPIRADOR DE S\u00d3LIDOS Y L\u00cdQUIDOS INDUSTRIAL &ndash; Chemitool<\/title>\n<meta name=\"description\" content=\"Aspirador de S\u00f3lidos y L\u00edquidos Industrial CHEMITOOL dise\u00f1ado para garantizar una limpieza profesional en entornos muy exigentes.\" \/>\n<meta name=\"robots\" content=\"index, follow, max-snippet:-1, max-image-preview:large, max-video-preview:-1\" \/>\n<link rel=\"canonical\" href=\"https:\/\/chemitool.com\/es\/products\/tools\/aspiradores-es\/aspiradores-polvo-y-liquido\/aspirador-de-solidos-y-liquidos-industrial\/\" \/>\n<meta property=\"og:locale\" content=\"es_ES\" \/>\n<meta property=\"og:type\" content=\"article\" \/>\n<meta property=\"og:title\" content=\"ASPIRADOR DE S\u00d3LIDOS Y L\u00cdQUIDOS INDUSTRIAL &ndash; Chemitool\" \/>\n<meta property=\"og:description\" content=\"Aspirador de S\u00f3lidos y L\u00edquidos Industrial CHEMITOOL dise\u00f1ado para garantizar una limpieza profesional en entornos muy exigentes.\" \/>\n<meta property=\"og:url\" content=\"https:\/\/chemitool.com\/es\/products\/tools\/aspiradores-es\/aspiradores-polvo-y-liquido\/aspirador-de-solidos-y-liquidos-industrial\/\" \/>\n<meta property=\"og:site_name\" content=\"Chemitool\" \/>\n<meta property=\"article:publisher\" content=\"https:\/\/www.facebook.com\/chemitool\" \/>\n<meta property=\"article:modified_time\" content=\"2025-05-05T08:05:53+00:00\" \/>\n<meta property=\"og:image\" content=\"https:\/\/chemitool.com\/wp-content\/uploads\/2023\/01\/CHT10070221275WD0_site.png\" \/>\n\t<meta property=\"og:image:width\" content=\"800\" \/>\n\t<meta property=\"og:image:height\" content=\"800\" \/>\n<meta name=\"twitter:card\" content=\"summary_large_image\" \/>\n<meta name=\"twitter:label1\" content=\"Tiempo de lectura\" \/>\n\t<meta name=\"twitter:data1\" content=\"2 minutos\" \/>\n<script type=\"application\/ld+json\" class=\"yoast-schema-graph\">{\"@context\":\"https:\/\/schema.org\",\"@graph\":[{\"@type\":\"Organization\",\"@id\":\"https:\/\/chemitool.com\/#organization\",\"name\":\"Chemitool\",\"url\":\"https:\/\/chemitool.com\/\",\"sameAs\":[\"https:\/\/www.facebook.com\/chemitool\",\"https:\/\/www.instagram.com\/chemitool\/\"],\"logo\":{\"@type\":\"ImageObject\",\"@id\":\"https:\/\/chemitool.com\/#logo\",\"inLanguage\":\"es\",\"url\":\"https:\/\/chemitool.com\/wp-content\/uploads\/2020\/10\/logo_chemitool.png\",\"contentUrl\":\"https:\/\/chemitool.com\/wp-content\/uploads\/2020\/10\/logo_chemitool.png\",\"width\":400,\"height\":400,\"caption\":\"Chemitool\"},\"image\":{\"@id\":\"https:\/\/chemitool.com\/#logo\"}},{\"@type\":\"WebSite\",\"@id\":\"https:\/\/chemitool.com\/#website\",\"url\":\"https:\/\/chemitool.com\/\",\"name\":\"Chemitool\",\"description\":\"Chemitool - hardware and tools\",\"publisher\":{\"@id\":\"https:\/\/chemitool.com\/#organization\"},\"potentialAction\":[{\"@type\":\"SearchAction\",\"target\":{\"@type\":\"EntryPoint\",\"urlTemplate\":\"https:\/\/chemitool.com\/?s={search_term_string}\"},\"query-input\":\"required name=search_term_string\"}],\"inLanguage\":\"es\"},{\"@type\":\"ImageObject\",\"@id\":\"https:\/\/chemitool.com\/es\/products\/tools\/aspiradores-es\/aspiradores-polvo-y-liquido\/aspirador-de-solidos-y-liquidos-industrial\/#primaryimage\",\"inLanguage\":\"es\",\"url\":\"https:\/\/chemitool.com\/wp-content\/uploads\/2023\/01\/CHT10070221275WD0_site.png\",\"contentUrl\":\"https:\/\/chemitool.com\/wp-content\/uploads\/2023\/01\/CHT10070221275WD0_site.png\",\"width\":800,\"height\":800},{\"@type\":\"WebPage\",\"@id\":\"https:\/\/chemitool.com\/es\/products\/tools\/aspiradores-es\/aspiradores-polvo-y-liquido\/aspirador-de-solidos-y-liquidos-industrial\/#webpage\",\"url\":\"https:\/\/chemitool.com\/es\/products\/tools\/aspiradores-es\/aspiradores-polvo-y-liquido\/aspirador-de-solidos-y-liquidos-industrial\/\",\"name\":\"ASPIRADOR DE S\\u00d3LIDOS Y L\\u00cdQUIDOS INDUSTRIAL &ndash; Chemitool\",\"isPartOf\":{\"@id\":\"https:\/\/chemitool.com\/#website\"},\"primaryImageOfPage\":{\"@id\":\"https:\/\/chemitool.com\/es\/products\/tools\/aspiradores-es\/aspiradores-polvo-y-liquido\/aspirador-de-solidos-y-liquidos-industrial\/#primaryimage\"},\"datePublished\":\"2023-01-13T09:53:03+00:00\",\"dateModified\":\"2025-05-05T08:05:53+00:00\",\"description\":\"Aspirador de S\\u00f3lidos y L\\u00edquidos Industrial CHEMITOOL dise\\u00f1ado para garantizar una limpieza profesional en entornos muy exigentes.\",\"breadcrumb\":{\"@id\":\"https:\/\/chemitool.com\/es\/products\/tools\/aspiradores-es\/aspiradores-polvo-y-liquido\/aspirador-de-solidos-y-liquidos-industrial\/#breadcrumb\"},\"inLanguage\":\"es\",\"potentialAction\":[{\"@type\":\"ReadAction\",\"target\":[\"https:\/\/chemitool.com\/es\/products\/tools\/aspiradores-es\/aspiradores-polvo-y-liquido\/aspirador-de-solidos-y-liquidos-industrial\/\"]}]},{\"@type\":\"BreadcrumbList\",\"@id\":\"https:\/\/chemitool.com\/es\/products\/tools\/aspiradores-es\/aspiradores-polvo-y-liquido\/aspirador-de-solidos-y-liquidos-industrial\/#breadcrumb\",\"itemListElement\":[{\"@type\":\"ListItem\",\"position\":1,\"name\":\"Home\",\"item\":\"https:\/\/chemitool.com\/es\/\"},{\"@type\":\"ListItem\",\"position\":2,\"name\":\"Productos\",\"item\":\"https:\/\/chemitool.com\/es\/productos\/\"},{\"@type\":\"ListItem\",\"position\":3,\"name\":\"Tools\",\"item\":\"https:\/\/chemitool.com\/product-category\/tools\/\"},{\"@type\":\"ListItem\",\"position\":4,\"name\":\"ASPIRADOR DE S\\u00d3LIDOS Y L\\u00cdQUIDOS INDUSTRIAL\"}]}]}<\/script>\n<!-- \/ Yoast SEO plugin. -->","yoast_head_json":{"title":"ASPIRADOR DE S\u00d3LIDOS Y L\u00cdQUIDOS INDUSTRIAL &ndash; Chemitool","description":"Aspirador de S\u00f3lidos y L\u00edquidos Industrial CHEMITOOL dise\u00f1ado para garantizar una limpieza profesional en entornos muy exigentes.","robots":{"index":"index","follow":"follow","max-snippet":"max-snippet:-1","max-image-preview":"max-image-preview:large","max-video-preview":"max-video-preview:-1"},"canonical":"https:\/\/chemitool.com\/es\/products\/tools\/aspiradores-es\/aspiradores-polvo-y-liquido\/aspirador-de-solidos-y-liquidos-industrial\/","og_locale":"es_ES","og_type":"article","og_title":"ASPIRADOR DE S\u00d3LIDOS Y L\u00cdQUIDOS INDUSTRIAL &ndash; Chemitool","og_description":"Aspirador de S\u00f3lidos y L\u00edquidos Industrial CHEMITOOL dise\u00f1ado para garantizar una limpieza profesional en entornos muy exigentes.","og_url":"https:\/\/chemitool.com\/es\/products\/tools\/aspiradores-es\/aspiradores-polvo-y-liquido\/aspirador-de-solidos-y-liquidos-industrial\/","og_site_name":"Chemitool","article_publisher":"https:\/\/www.facebook.com\/chemitool","article_modified_time":"2025-05-05T08:05:53+00:00","og_image":[{"width":800,"height":800,"url":"https:\/\/chemitool.com\/wp-content\/uploads\/2023\/01\/CHT10070221275WD0_site.png","type":"image\/png"}],"twitter_card":"summary_large_image","twitter_misc":{"Tiempo de lectura":"2 minutos"},"schema":{"@context":"https:\/\/schema.org","@graph":[{"@type":"Organization","@id":"https:\/\/chemitool.com\/#organization","name":"Chemitool","url":"https:\/\/chemitool.com\/","sameAs":["https:\/\/www.facebook.com\/chemitool","https:\/\/www.instagram.com\/chemitool\/"],"logo":{"@type":"ImageObject","@id":"https:\/\/chemitool.com\/#logo","inLanguage":"es","url":"https:\/\/chemitool.com\/wp-content\/uploads\/2020\/10\/logo_chemitool.png","contentUrl":"https:\/\/chemitool.com\/wp-content\/uploads\/2020\/10\/logo_chemitool.png","width":400,"height":400,"caption":"Chemitool"},"image":{"@id":"https:\/\/chemitool.com\/#logo"}},{"@type":"WebSite","@id":"https:\/\/chemitool.com\/#website","url":"https:\/\/chemitool.com\/","name":"Chemitool","description":"Chemitool - hardware and tools","publisher":{"@id":"https:\/\/chemitool.com\/#organization"},"potentialAction":[{"@type":"SearchAction","target":{"@type":"EntryPoint","urlTemplate":"https:\/\/chemitool.com\/?s={search_term_string}"},"query-input":"required name=search_term_string"}],"inLanguage":"es"},{"@type":"ImageObject","@id":"https:\/\/chemitool.com\/es\/products\/tools\/aspiradores-es\/aspiradores-polvo-y-liquido\/aspirador-de-solidos-y-liquidos-industrial\/#primaryimage","inLanguage":"es","url":"https:\/\/chemitool.com\/wp-content\/uploads\/2023\/01\/CHT10070221275WD0_site.png","contentUrl":"https:\/\/chemitool.com\/wp-content\/uploads\/2023\/01\/CHT10070221275WD0_site.png","width":800,"height":800},{"@type":"WebPage","@id":"https:\/\/chemitool.com\/es\/products\/tools\/aspiradores-es\/aspiradores-polvo-y-liquido\/aspirador-de-solidos-y-liquidos-industrial\/#webpage","url":"https:\/\/chemitool.com\/es\/products\/tools\/aspiradores-es\/aspiradores-polvo-y-liquido\/aspirador-de-solidos-y-liquidos-industrial\/","name":"ASPIRADOR DE S\u00d3LIDOS Y L\u00cdQUIDOS INDUSTRIAL &ndash; Chemitool","isPartOf":{"@id":"https:\/\/chemitool.com\/#website"},"primaryImageOfPage":{"@id":"https:\/\/chemitool.com\/es\/products\/tools\/aspiradores-es\/aspiradores-polvo-y-liquido\/aspirador-de-solidos-y-liquidos-industrial\/#primaryimage"},"datePublished":"2023-01-13T09:53:03+00:00","dateModified":"2025-05-05T08:05:53+00:00","description":"Aspirador de S\u00f3lidos y L\u00edquidos Industrial CHEMITOOL dise\u00f1ado para garantizar una limpieza profesional en entornos muy exigentes.","breadcrumb":{"@id":"https:\/\/chemitool.com\/es\/products\/tools\/aspiradores-es\/aspiradores-polvo-y-liquido\/aspirador-de-solidos-y-liquidos-industrial\/#breadcrumb"},"inLanguage":"es","potentialAction":[{"@type":"ReadAction","target":["https:\/\/chemitool.com\/es\/products\/tools\/aspiradores-es\/aspiradores-polvo-y-liquido\/aspirador-de-solidos-y-liquidos-industrial\/"]}]},{"@type":"BreadcrumbList","@id":"https:\/\/chemitool.com\/es\/products\/tools\/aspiradores-es\/aspiradores-polvo-y-liquido\/aspirador-de-solidos-y-liquidos-industrial\/#breadcrumb","itemListElement":[{"@type":"ListItem","position":1,"name":"Home","item":"https:\/\/chemitool.com\/es\/"},{"@type":"ListItem","position":2,"name":"Productos","item":"https:\/\/chemitool.com\/es\/productos\/"},{"@type":"ListItem","position":3,"name":"Tools","item":"https:\/\/chemitool.com\/product-category\/tools\/"},{"@type":"ListItem","position":4,"name":"ASPIRADOR DE S\u00d3LIDOS Y L\u00cdQUIDOS INDUSTRIAL"}]}]}},"_links":{"self":[{"href":"https:\/\/chemitool.com\/es\/wp-json\/wp\/v2\/product\/29483"}],"collection":[{"href":"https:\/\/chemitool.com\/es\/wp-json\/wp\/v2\/product"}],"about":[{"href":"https:\/\/chemitool.com\/es\/wp-json\/wp\/v2\/types\/product"}],"wp:featuredmedia":[{"embeddable":true,"href":"https:\/\/chemitool.com\/es\/wp-json\/wp\/v2\/media\/29481"}],"wp:attachment":[{"href":"https:\/\/chemitool.com\/es\/wp-json\/wp\/v2\/media?parent=29483"}],"wp:term":[{"taxonomy":"product_cat","embeddable":true,"href":"https:\/\/chemitool.com\/es\/wp-json\/wp\/v2\/product_cat?post=29483"},{"taxonomy":"product_tag","embeddable":true,"href":"https:\/\/chemitool.com\/es\/wp-json\/wp\/v2\/product_tag?post=29483"}],"curies":[{"name":"wp","href":"https:\/\/api.w.org\/{rel}","templated":true}]}}