{"id":29397,"date":"2023-01-10T17:07:11","date_gmt":"2023-01-10T17:07:12","guid":{"rendered":"https:\/\/chemitool.com\/?post_type=product&#038;p=29397"},"modified":"2023-01-11T09:51:19","modified_gmt":"2023-01-11T09:51:19","slug":"limpiador-de-alfombras","status":"publish","type":"product","link":"https:\/\/chemitool.com\/es\/products\/tools\/limpiadoras-de-alfombras-y-moquetas\/limpiador-de-alfombras\/","title":{"rendered":"LIMPIADOR DE ALFOMBRAS"},"content":{"rendered":"<p><strong>\u00c1reas de aplicaci\u00f3n<\/strong><\/p>\n<p>Para uso profesional, para la limpieza de oficinas, pasillos,<br \/>\nalmacenes, as\u00ed como tapicer\u00edas y alfombras.<\/p>\n<p><strong>Accesorios inclu\u00eddos<\/strong><\/p>\n<ul>\n<li>Manguera flexible<\/li>\n<li>Tubos de prolongaci\u00f3n de aluminio<\/li>\n<li>Filtro HEPA + filtro de esponja<\/li>\n<li>Bolsa de aspiraci\u00f3n para s\u00f3lidos<\/li>\n<li>Cepillo pulverizador de aspiraci\u00f3n\/limpieza<\/li>\n<li>Cepillo para alfombras<\/li>\n<li>Cepillo de sof\u00e1<\/li>\n<li>Cepillos para suelos<\/li>\n<li>Boquilla de aspiraci\u00f3n<\/li>\n<\/ul>\n","protected":false},"excerpt":{"rendered":"<p><b class=\"sap-label\">SAP:<\/b> <span class=\"codesap-label\"> CHT10070211220WD0 <\/span><\/p>\n<p><em>Limpiador de Alfombras CHEMITOOL<\/em> con sistema de limpieza de tapicer\u00edas y alfombras. Adecuado para limpiar alfombras, sillones y moquetas. Equipada con dep\u00f3sito de residuos de 20 litros y dep\u00f3sito de detergente de 3 litros.<\/p>\n","protected":false},"featured_media":29401,"template":"","meta":[],"product_cat":[1456,2561],"product_tag":[4680,4681,3713],"yoast_head":"<!-- This site is optimized with the Yoast SEO plugin v17.4 - https:\/\/yoast.com\/wordpress\/plugins\/seo\/ -->\n<title>LIMPIADOR DE ALFOMBRAS &ndash; Chemitool<\/title>\n<meta name=\"description\" content=\"SAP: CHT10070211220WD0   Limpiador de Alfombras CHEMITOOL con sistema de limpieza de tapicer\u00edas y alfombras. Adecuado para limpiar alfombras, sillones y moquetas. Equipada con dep\u00f3sito de residuos de 20 litros y dep\u00f3sito de detergente de 3 litros.\" \/>\n<meta name=\"robots\" content=\"index, follow, max-snippet:-1, max-image-preview:large, max-video-preview:-1\" \/>\n<link rel=\"canonical\" href=\"https:\/\/chemitool.com\/es\/products\/tools\/limpiadoras-de-alfombras-y-moquetas\/limpiador-de-alfombras\/\" \/>\n<meta property=\"og:locale\" content=\"es_ES\" \/>\n<meta property=\"og:type\" content=\"article\" \/>\n<meta property=\"og:title\" content=\"LIMPIADOR DE ALFOMBRAS &ndash; Chemitool\" \/>\n<meta property=\"og:description\" content=\"SAP: CHT10070211220WD0   Limpiador de Alfombras CHEMITOOL con sistema de limpieza de tapicer\u00edas y alfombras. Adecuado para limpiar alfombras, sillones y moquetas. Equipada con dep\u00f3sito de residuos de 20 litros y dep\u00f3sito de detergente de 3 litros.\" \/>\n<meta property=\"og:url\" content=\"https:\/\/chemitool.com\/es\/products\/tools\/limpiadoras-de-alfombras-y-moquetas\/limpiador-de-alfombras\/\" \/>\n<meta property=\"og:site_name\" content=\"Chemitool\" \/>\n<meta property=\"article:publisher\" content=\"https:\/\/www.facebook.com\/chemitool\" \/>\n<meta property=\"article:modified_time\" content=\"2023-01-11T09:51:19+00:00\" \/>\n<meta property=\"og:image\" content=\"https:\/\/chemitool.com\/wp-content\/uploads\/2023\/01\/CHT10070211220WD0_site.png\" \/>\n\t<meta property=\"og:image:width\" content=\"800\" \/>\n\t<meta property=\"og:image:height\" content=\"800\" \/>\n<meta name=\"twitter:card\" content=\"summary_large_image\" \/>\n<meta name=\"twitter:label1\" content=\"Tiempo de lectura\" \/>\n\t<meta name=\"twitter:data1\" content=\"2 minutos\" \/>\n<script type=\"application\/ld+json\" class=\"yoast-schema-graph\">{\"@context\":\"https:\/\/schema.org\",\"@graph\":[{\"@type\":\"Organization\",\"@id\":\"https:\/\/chemitool.com\/#organization\",\"name\":\"Chemitool\",\"url\":\"https:\/\/chemitool.com\/\",\"sameAs\":[\"https:\/\/www.facebook.com\/chemitool\",\"https:\/\/www.instagram.com\/chemitool\/\"],\"logo\":{\"@type\":\"ImageObject\",\"@id\":\"https:\/\/chemitool.com\/#logo\",\"inLanguage\":\"es\",\"url\":\"https:\/\/chemitool.com\/wp-content\/uploads\/2020\/10\/logo_chemitool.png\",\"contentUrl\":\"https:\/\/chemitool.com\/wp-content\/uploads\/2020\/10\/logo_chemitool.png\",\"width\":400,\"height\":400,\"caption\":\"Chemitool\"},\"image\":{\"@id\":\"https:\/\/chemitool.com\/#logo\"}},{\"@type\":\"WebSite\",\"@id\":\"https:\/\/chemitool.com\/#website\",\"url\":\"https:\/\/chemitool.com\/\",\"name\":\"Chemitool\",\"description\":\"Chemitool - hardware and tools\",\"publisher\":{\"@id\":\"https:\/\/chemitool.com\/#organization\"},\"potentialAction\":[{\"@type\":\"SearchAction\",\"target\":{\"@type\":\"EntryPoint\",\"urlTemplate\":\"https:\/\/chemitool.com\/?s={search_term_string}\"},\"query-input\":\"required name=search_term_string\"}],\"inLanguage\":\"es\"},{\"@type\":\"ImageObject\",\"@id\":\"https:\/\/chemitool.com\/es\/products\/tools\/limpiadoras-de-alfombras-y-moquetas\/limpiador-de-alfombras\/#primaryimage\",\"inLanguage\":\"es\",\"url\":\"https:\/\/chemitool.com\/wp-content\/uploads\/2023\/01\/CHT10070211220WD0_site.png\",\"contentUrl\":\"https:\/\/chemitool.com\/wp-content\/uploads\/2023\/01\/CHT10070211220WD0_site.png\",\"width\":800,\"height\":800},{\"@type\":\"WebPage\",\"@id\":\"https:\/\/chemitool.com\/es\/products\/tools\/limpiadoras-de-alfombras-y-moquetas\/limpiador-de-alfombras\/#webpage\",\"url\":\"https:\/\/chemitool.com\/es\/products\/tools\/limpiadoras-de-alfombras-y-moquetas\/limpiador-de-alfombras\/\",\"name\":\"LIMPIADOR DE ALFOMBRAS &ndash; Chemitool\",\"isPartOf\":{\"@id\":\"https:\/\/chemitool.com\/#website\"},\"primaryImageOfPage\":{\"@id\":\"https:\/\/chemitool.com\/es\/products\/tools\/limpiadoras-de-alfombras-y-moquetas\/limpiador-de-alfombras\/#primaryimage\"},\"datePublished\":\"2023-01-10T17:07:12+00:00\",\"dateModified\":\"2023-01-11T09:51:19+00:00\",\"description\":\"SAP: CHT10070211220WD0 Limpiador de Alfombras CHEMITOOL con sistema de limpieza de tapicer\\u00edas y alfombras. Adecuado para limpiar alfombras, sillones y moquetas. Equipada con dep\\u00f3sito de residuos de 20 litros y dep\\u00f3sito de detergente de 3 litros.\",\"breadcrumb\":{\"@id\":\"https:\/\/chemitool.com\/es\/products\/tools\/limpiadoras-de-alfombras-y-moquetas\/limpiador-de-alfombras\/#breadcrumb\"},\"inLanguage\":\"es\",\"potentialAction\":[{\"@type\":\"ReadAction\",\"target\":[\"https:\/\/chemitool.com\/es\/products\/tools\/limpiadoras-de-alfombras-y-moquetas\/limpiador-de-alfombras\/\"]}]},{\"@type\":\"BreadcrumbList\",\"@id\":\"https:\/\/chemitool.com\/es\/products\/tools\/limpiadoras-de-alfombras-y-moquetas\/limpiador-de-alfombras\/#breadcrumb\",\"itemListElement\":[{\"@type\":\"ListItem\",\"position\":1,\"name\":\"Home\",\"item\":\"https:\/\/chemitool.com\/es\/\"},{\"@type\":\"ListItem\",\"position\":2,\"name\":\"Productos\",\"item\":\"https:\/\/chemitool.com\/es\/productos\/\"},{\"@type\":\"ListItem\",\"position\":3,\"name\":\"Tools\",\"item\":\"https:\/\/chemitool.com\/es\/categoria-producto\/tools\/\"},{\"@type\":\"ListItem\",\"position\":4,\"name\":\"Limpiadoras de Alfombras y Moquetas\",\"item\":\"https:\/\/chemitool.com\/es\/categoria-producto\/tools\/limpiadoras-de-alfombras-y-moquetas\/\"},{\"@type\":\"ListItem\",\"position\":5,\"name\":\"LIMPIADOR DE ALFOMBRAS\"}]}]}<\/script>\n<!-- \/ Yoast SEO plugin. -->","yoast_head_json":{"title":"LIMPIADOR DE ALFOMBRAS &ndash; Chemitool","description":"SAP: CHT10070211220WD0   Limpiador de Alfombras CHEMITOOL con sistema de limpieza de tapicer\u00edas y alfombras. Adecuado para limpiar alfombras, sillones y moquetas. Equipada con dep\u00f3sito de residuos de 20 litros y dep\u00f3sito de detergente de 3 litros.","robots":{"index":"index","follow":"follow","max-snippet":"max-snippet:-1","max-image-preview":"max-image-preview:large","max-video-preview":"max-video-preview:-1"},"canonical":"https:\/\/chemitool.com\/es\/products\/tools\/limpiadoras-de-alfombras-y-moquetas\/limpiador-de-alfombras\/","og_locale":"es_ES","og_type":"article","og_title":"LIMPIADOR DE ALFOMBRAS &ndash; Chemitool","og_description":"SAP: CHT10070211220WD0   Limpiador de Alfombras CHEMITOOL con sistema de limpieza de tapicer\u00edas y alfombras. Adecuado para limpiar alfombras, sillones y moquetas. Equipada con dep\u00f3sito de residuos de 20 litros y dep\u00f3sito de detergente de 3 litros.","og_url":"https:\/\/chemitool.com\/es\/products\/tools\/limpiadoras-de-alfombras-y-moquetas\/limpiador-de-alfombras\/","og_site_name":"Chemitool","article_publisher":"https:\/\/www.facebook.com\/chemitool","article_modified_time":"2023-01-11T09:51:19+00:00","og_image":[{"width":800,"height":800,"url":"https:\/\/chemitool.com\/wp-content\/uploads\/2023\/01\/CHT10070211220WD0_site.png","type":"image\/png"}],"twitter_card":"summary_large_image","twitter_misc":{"Tiempo de lectura":"2 minutos"},"schema":{"@context":"https:\/\/schema.org","@graph":[{"@type":"Organization","@id":"https:\/\/chemitool.com\/#organization","name":"Chemitool","url":"https:\/\/chemitool.com\/","sameAs":["https:\/\/www.facebook.com\/chemitool","https:\/\/www.instagram.com\/chemitool\/"],"logo":{"@type":"ImageObject","@id":"https:\/\/chemitool.com\/#logo","inLanguage":"es","url":"https:\/\/chemitool.com\/wp-content\/uploads\/2020\/10\/logo_chemitool.png","contentUrl":"https:\/\/chemitool.com\/wp-content\/uploads\/2020\/10\/logo_chemitool.png","width":400,"height":400,"caption":"Chemitool"},"image":{"@id":"https:\/\/chemitool.com\/#logo"}},{"@type":"WebSite","@id":"https:\/\/chemitool.com\/#website","url":"https:\/\/chemitool.com\/","name":"Chemitool","description":"Chemitool - hardware and tools","publisher":{"@id":"https:\/\/chemitool.com\/#organization"},"potentialAction":[{"@type":"SearchAction","target":{"@type":"EntryPoint","urlTemplate":"https:\/\/chemitool.com\/?s={search_term_string}"},"query-input":"required name=search_term_string"}],"inLanguage":"es"},{"@type":"ImageObject","@id":"https:\/\/chemitool.com\/es\/products\/tools\/limpiadoras-de-alfombras-y-moquetas\/limpiador-de-alfombras\/#primaryimage","inLanguage":"es","url":"https:\/\/chemitool.com\/wp-content\/uploads\/2023\/01\/CHT10070211220WD0_site.png","contentUrl":"https:\/\/chemitool.com\/wp-content\/uploads\/2023\/01\/CHT10070211220WD0_site.png","width":800,"height":800},{"@type":"WebPage","@id":"https:\/\/chemitool.com\/es\/products\/tools\/limpiadoras-de-alfombras-y-moquetas\/limpiador-de-alfombras\/#webpage","url":"https:\/\/chemitool.com\/es\/products\/tools\/limpiadoras-de-alfombras-y-moquetas\/limpiador-de-alfombras\/","name":"LIMPIADOR DE ALFOMBRAS &ndash; Chemitool","isPartOf":{"@id":"https:\/\/chemitool.com\/#website"},"primaryImageOfPage":{"@id":"https:\/\/chemitool.com\/es\/products\/tools\/limpiadoras-de-alfombras-y-moquetas\/limpiador-de-alfombras\/#primaryimage"},"datePublished":"2023-01-10T17:07:12+00:00","dateModified":"2023-01-11T09:51:19+00:00","description":"SAP: CHT10070211220WD0 Limpiador de Alfombras CHEMITOOL con sistema de limpieza de tapicer\u00edas y alfombras. Adecuado para limpiar alfombras, sillones y moquetas. Equipada con dep\u00f3sito de residuos de 20 litros y dep\u00f3sito de detergente de 3 litros.","breadcrumb":{"@id":"https:\/\/chemitool.com\/es\/products\/tools\/limpiadoras-de-alfombras-y-moquetas\/limpiador-de-alfombras\/#breadcrumb"},"inLanguage":"es","potentialAction":[{"@type":"ReadAction","target":["https:\/\/chemitool.com\/es\/products\/tools\/limpiadoras-de-alfombras-y-moquetas\/limpiador-de-alfombras\/"]}]},{"@type":"BreadcrumbList","@id":"https:\/\/chemitool.com\/es\/products\/tools\/limpiadoras-de-alfombras-y-moquetas\/limpiador-de-alfombras\/#breadcrumb","itemListElement":[{"@type":"ListItem","position":1,"name":"Home","item":"https:\/\/chemitool.com\/es\/"},{"@type":"ListItem","position":2,"name":"Productos","item":"https:\/\/chemitool.com\/es\/productos\/"},{"@type":"ListItem","position":3,"name":"Tools","item":"https:\/\/chemitool.com\/es\/categoria-producto\/tools\/"},{"@type":"ListItem","position":4,"name":"Limpiadoras de Alfombras y Moquetas","item":"https:\/\/chemitool.com\/es\/categoria-producto\/tools\/limpiadoras-de-alfombras-y-moquetas\/"},{"@type":"ListItem","position":5,"name":"LIMPIADOR DE ALFOMBRAS"}]}]}},"_links":{"self":[{"href":"https:\/\/chemitool.com\/es\/wp-json\/wp\/v2\/product\/29397"}],"collection":[{"href":"https:\/\/chemitool.com\/es\/wp-json\/wp\/v2\/product"}],"about":[{"href":"https:\/\/chemitool.com\/es\/wp-json\/wp\/v2\/types\/product"}],"wp:featuredmedia":[{"embeddable":true,"href":"https:\/\/chemitool.com\/es\/wp-json\/wp\/v2\/media\/29401"}],"wp:attachment":[{"href":"https:\/\/chemitool.com\/es\/wp-json\/wp\/v2\/media?parent=29397"}],"wp:term":[{"taxonomy":"product_cat","embeddable":true,"href":"https:\/\/chemitool.com\/es\/wp-json\/wp\/v2\/product_cat?post=29397"},{"taxonomy":"product_tag","embeddable":true,"href":"https:\/\/chemitool.com\/es\/wp-json\/wp\/v2\/product_tag?post=29397"}],"curies":[{"name":"wp","href":"https:\/\/api.w.org\/{rel}","templated":true}]}}