{"id":29153,"date":"2022-12-19T15:38:50","date_gmt":"2022-12-19T15:39:01","guid":{"rendered":"https:\/\/chemitool.com\/?post_type=product&#038;p=29153"},"modified":"2022-12-22T16:38:18","modified_gmt":"2022-12-22T16:38:18","slug":"maletin-plastico-para-herramientas","status":"publish","type":"product","link":"https:\/\/chemitool.com\/es\/products\/tools\/juegos-de-herramientas\/maletin-de-herramientas\/maletin-plastico-para-herramientas\/","title":{"rendered":"MALET\u00cdN PL\u00c1STICO PARA HERRAMIENTAS"},"content":{"rendered":"<p>Incluye:<\/p>\n<ul>\n<li>Alicate universal 7&#8243;(180mm)<\/li>\n<li>Alicate pico de loro 6&#8243;(150mm)<\/li>\n<li>Alicate bombas de agua 9.5&#8243; (245mm)<\/li>\n<li>Destornillador: 6&#215;100,PH2x100<\/li>\n<li>Destornillador porta puntas 150mm<\/li>\n<li>Probador 100-250V, CE<\/li>\n<li>Llave combinada: 6,8,10,11,12,13,14,17mm<\/li>\n<li>Cuchillo 18 mm con 3 hojas<\/li>\n<li>Flex\u00f3metro 3M<\/li>\n<li>Llave de vaso 1\/2&#8243;: 10,11,12,13,14,15,16,17,18,19,21,22,24mm<\/li>\n<li>Carraca 1\/2&#8243;<\/li>\n<li>Barra de extensi\u00f3n 1\/2&#8243;<\/li>\n<li>Adaptador de 3 v\u00edas<\/li>\n<li>Junta universal 1\/2&#8243;<\/li>\n<li>Toma de buj\u00eda 1\/2&#8243;:16x21mm<\/li>\n<li>Llave de vaso 1\/4&#8243;:4,4.5,5,5.5,6,7,8,9,10,11,12,13mm<\/li>\n<li>Adaptador de puntas 1\/4&#8243;<\/li>\n<li>Llave de vaso Larga 1\/4&#8243;:8,9,10,11,12,13mm<\/li>\n<li>Carraca 1\/4&#8243;, 72 dientes<\/li>\n<li>Barra de extensi\u00f3n 1\/4&#8243; 75mm<\/li>\n<li>Junta universal 1\/4&#8243;<\/li>\n<li>Barra deslizante 110mm<\/li>\n<li>Martillo 300g con mango de fibra de vidrio<\/li>\n<li>Bits 1\/4&#8243;x25mm<\/li>\n<\/ul>\n","protected":false},"excerpt":{"rendered":"<p><b class=\"sap-label\">SAP:<\/b> <span class=\"codesap-label\">CHT200401010002<\/span><\/p>\n<p><em>Malet\u00edn Pl\u00e1stico para Herramientas CHEMITOOL<\/em> con 81 piezas de acero al cromo vanadio. Este kit de herramientas es perfecto para usuarios vers\u00e1tiles y exigentes capaces de realizar cualquier tarea. Este juego de 81 piezas incluye martillos, alicates, llaves y otros accesorios, de alta calidad, ideales para realizar todo tipo de trabajos y reparaciones. Incluye un malet\u00edn de seguridad compacto, resistente y f\u00e1cil de transportar para guardar todo el material necesario. Excelente relaci\u00f3n calidad-precio.<\/p>\n","protected":false},"featured_media":29159,"template":"","meta":[],"product_cat":[1456,4671,4674],"product_tag":[],"yoast_head":"<!-- This site is optimized with the Yoast SEO plugin v17.4 - https:\/\/yoast.com\/wordpress\/plugins\/seo\/ -->\n<title>MALET\u00cdN PL\u00c1STICO PARA HERRAMIENTAS &ndash; Chemitool<\/title>\n<meta name=\"description\" content=\"SAP: CHT200401010002  Malet\u00edn Pl\u00e1stico para Herramientas CHEMITOOL con 81 piezas de acero al cromo vanadio. Este kit de herramientas es perfecto para usuarios vers\u00e1tiles y exigentes capaces de realizar cualquier tarea. Este juego de 81 piezas incluye martillos, alicates, llaves y otros accesorios, de alta calidad, ideales para realizar todo tipo de trabajos y reparaciones. Incluye un malet\u00edn de seguridad compacto, resistente y f\u00e1cil de transportar para guardar todo el material necesario. Excelente relaci\u00f3n calidad-precio.\" \/>\n<meta name=\"robots\" content=\"index, follow, max-snippet:-1, max-image-preview:large, max-video-preview:-1\" \/>\n<link rel=\"canonical\" href=\"https:\/\/chemitool.com\/es\/products\/tools\/juegos-de-herramientas\/maletin-de-herramientas\/maletin-plastico-para-herramientas\/\" \/>\n<meta property=\"og:locale\" content=\"es_ES\" \/>\n<meta property=\"og:type\" content=\"article\" \/>\n<meta property=\"og:title\" content=\"MALET\u00cdN PL\u00c1STICO PARA HERRAMIENTAS &ndash; Chemitool\" \/>\n<meta property=\"og:description\" content=\"SAP: CHT200401010002  Malet\u00edn Pl\u00e1stico para Herramientas CHEMITOOL con 81 piezas de acero al cromo vanadio. Este kit de herramientas es perfecto para usuarios vers\u00e1tiles y exigentes capaces de realizar cualquier tarea. Este juego de 81 piezas incluye martillos, alicates, llaves y otros accesorios, de alta calidad, ideales para realizar todo tipo de trabajos y reparaciones. Incluye un malet\u00edn de seguridad compacto, resistente y f\u00e1cil de transportar para guardar todo el material necesario. Excelente relaci\u00f3n calidad-precio.\" \/>\n<meta property=\"og:url\" content=\"https:\/\/chemitool.com\/es\/products\/tools\/juegos-de-herramientas\/maletin-de-herramientas\/maletin-plastico-para-herramientas\/\" \/>\n<meta property=\"og:site_name\" content=\"Chemitool\" \/>\n<meta property=\"article:publisher\" content=\"https:\/\/www.facebook.com\/chemitool\" \/>\n<meta property=\"article:modified_time\" content=\"2022-12-22T16:38:18+00:00\" \/>\n<meta property=\"og:image\" content=\"https:\/\/chemitool.com\/wp-content\/uploads\/2022\/12\/CHT200401010002_site.png\" \/>\n\t<meta property=\"og:image:width\" content=\"800\" \/>\n\t<meta property=\"og:image:height\" content=\"800\" \/>\n<meta name=\"twitter:card\" content=\"summary_large_image\" \/>\n<script type=\"application\/ld+json\" class=\"yoast-schema-graph\">{\"@context\":\"https:\/\/schema.org\",\"@graph\":[{\"@type\":\"Organization\",\"@id\":\"https:\/\/chemitool.com\/#organization\",\"name\":\"Chemitool\",\"url\":\"https:\/\/chemitool.com\/\",\"sameAs\":[\"https:\/\/www.facebook.com\/chemitool\",\"https:\/\/www.instagram.com\/chemitool\/\"],\"logo\":{\"@type\":\"ImageObject\",\"@id\":\"https:\/\/chemitool.com\/#logo\",\"inLanguage\":\"es\",\"url\":\"https:\/\/chemitool.com\/wp-content\/uploads\/2020\/10\/logo_chemitool.png\",\"contentUrl\":\"https:\/\/chemitool.com\/wp-content\/uploads\/2020\/10\/logo_chemitool.png\",\"width\":400,\"height\":400,\"caption\":\"Chemitool\"},\"image\":{\"@id\":\"https:\/\/chemitool.com\/#logo\"}},{\"@type\":\"WebSite\",\"@id\":\"https:\/\/chemitool.com\/#website\",\"url\":\"https:\/\/chemitool.com\/\",\"name\":\"Chemitool\",\"description\":\"Chemitool - hardware and tools\",\"publisher\":{\"@id\":\"https:\/\/chemitool.com\/#organization\"},\"potentialAction\":[{\"@type\":\"SearchAction\",\"target\":{\"@type\":\"EntryPoint\",\"urlTemplate\":\"https:\/\/chemitool.com\/?s={search_term_string}\"},\"query-input\":\"required name=search_term_string\"}],\"inLanguage\":\"es\"},{\"@type\":\"ImageObject\",\"@id\":\"https:\/\/chemitool.com\/es\/products\/tools\/juegos-de-herramientas\/maletin-de-herramientas\/maletin-plastico-para-herramientas\/#primaryimage\",\"inLanguage\":\"es\",\"url\":\"https:\/\/chemitool.com\/wp-content\/uploads\/2022\/12\/CHT200401010002_site.png\",\"contentUrl\":\"https:\/\/chemitool.com\/wp-content\/uploads\/2022\/12\/CHT200401010002_site.png\",\"width\":800,\"height\":800},{\"@type\":\"WebPage\",\"@id\":\"https:\/\/chemitool.com\/es\/products\/tools\/juegos-de-herramientas\/maletin-de-herramientas\/maletin-plastico-para-herramientas\/#webpage\",\"url\":\"https:\/\/chemitool.com\/es\/products\/tools\/juegos-de-herramientas\/maletin-de-herramientas\/maletin-plastico-para-herramientas\/\",\"name\":\"MALET\\u00cdN PL\\u00c1STICO PARA HERRAMIENTAS &ndash; Chemitool\",\"isPartOf\":{\"@id\":\"https:\/\/chemitool.com\/#website\"},\"primaryImageOfPage\":{\"@id\":\"https:\/\/chemitool.com\/es\/products\/tools\/juegos-de-herramientas\/maletin-de-herramientas\/maletin-plastico-para-herramientas\/#primaryimage\"},\"datePublished\":\"2022-12-19T15:39:01+00:00\",\"dateModified\":\"2022-12-22T16:38:18+00:00\",\"description\":\"SAP: CHT200401010002 Malet\\u00edn Pl\\u00e1stico para Herramientas CHEMITOOL con 81 piezas de acero al cromo vanadio. Este kit de herramientas es perfecto para usuarios vers\\u00e1tiles y exigentes capaces de realizar cualquier tarea. Este juego de 81 piezas incluye martillos, alicates, llaves y otros accesorios, de alta calidad, ideales para realizar todo tipo de trabajos y reparaciones. Incluye un malet\\u00edn de seguridad compacto, resistente y f\\u00e1cil de transportar para guardar todo el material necesario. Excelente relaci\\u00f3n calidad-precio.\",\"breadcrumb\":{\"@id\":\"https:\/\/chemitool.com\/es\/products\/tools\/juegos-de-herramientas\/maletin-de-herramientas\/maletin-plastico-para-herramientas\/#breadcrumb\"},\"inLanguage\":\"es\",\"potentialAction\":[{\"@type\":\"ReadAction\",\"target\":[\"https:\/\/chemitool.com\/es\/products\/tools\/juegos-de-herramientas\/maletin-de-herramientas\/maletin-plastico-para-herramientas\/\"]}]},{\"@type\":\"BreadcrumbList\",\"@id\":\"https:\/\/chemitool.com\/es\/products\/tools\/juegos-de-herramientas\/maletin-de-herramientas\/maletin-plastico-para-herramientas\/#breadcrumb\",\"itemListElement\":[{\"@type\":\"ListItem\",\"position\":1,\"name\":\"Home\",\"item\":\"https:\/\/chemitool.com\/es\/\"},{\"@type\":\"ListItem\",\"position\":2,\"name\":\"Productos\",\"item\":\"https:\/\/chemitool.com\/es\/productos\/\"},{\"@type\":\"ListItem\",\"position\":3,\"name\":\"Tools\",\"item\":\"https:\/\/chemitool.com\/es\/categoria-producto\/tools\/\"},{\"@type\":\"ListItem\",\"position\":4,\"name\":\"JUEGOS DE HERRAMIENTAS\",\"item\":\"https:\/\/chemitool.com\/es\/categoria-producto\/tools\/juegos-de-herramientas\/\"},{\"@type\":\"ListItem\",\"position\":5,\"name\":\"MALETIN DE HERRAMIENTAS\",\"item\":\"https:\/\/chemitool.com\/es\/categoria-producto\/tools\/juegos-de-herramientas\/maletin-de-herramientas\/\"},{\"@type\":\"ListItem\",\"position\":6,\"name\":\"MALET\\u00cdN PL\\u00c1STICO PARA HERRAMIENTAS\"}]}]}<\/script>\n<!-- \/ Yoast SEO plugin. -->","yoast_head_json":{"title":"MALET\u00cdN PL\u00c1STICO PARA HERRAMIENTAS &ndash; Chemitool","description":"SAP: CHT200401010002  Malet\u00edn Pl\u00e1stico para Herramientas CHEMITOOL con 81 piezas de acero al cromo vanadio. Este kit de herramientas es perfecto para usuarios vers\u00e1tiles y exigentes capaces de realizar cualquier tarea. Este juego de 81 piezas incluye martillos, alicates, llaves y otros accesorios, de alta calidad, ideales para realizar todo tipo de trabajos y reparaciones. Incluye un malet\u00edn de seguridad compacto, resistente y f\u00e1cil de transportar para guardar todo el material necesario. Excelente relaci\u00f3n calidad-precio.","robots":{"index":"index","follow":"follow","max-snippet":"max-snippet:-1","max-image-preview":"max-image-preview:large","max-video-preview":"max-video-preview:-1"},"canonical":"https:\/\/chemitool.com\/es\/products\/tools\/juegos-de-herramientas\/maletin-de-herramientas\/maletin-plastico-para-herramientas\/","og_locale":"es_ES","og_type":"article","og_title":"MALET\u00cdN PL\u00c1STICO PARA HERRAMIENTAS &ndash; Chemitool","og_description":"SAP: CHT200401010002  Malet\u00edn Pl\u00e1stico para Herramientas CHEMITOOL con 81 piezas de acero al cromo vanadio. Este kit de herramientas es perfecto para usuarios vers\u00e1tiles y exigentes capaces de realizar cualquier tarea. Este juego de 81 piezas incluye martillos, alicates, llaves y otros accesorios, de alta calidad, ideales para realizar todo tipo de trabajos y reparaciones. Incluye un malet\u00edn de seguridad compacto, resistente y f\u00e1cil de transportar para guardar todo el material necesario. Excelente relaci\u00f3n calidad-precio.","og_url":"https:\/\/chemitool.com\/es\/products\/tools\/juegos-de-herramientas\/maletin-de-herramientas\/maletin-plastico-para-herramientas\/","og_site_name":"Chemitool","article_publisher":"https:\/\/www.facebook.com\/chemitool","article_modified_time":"2022-12-22T16:38:18+00:00","og_image":[{"width":800,"height":800,"url":"https:\/\/chemitool.com\/wp-content\/uploads\/2022\/12\/CHT200401010002_site.png","type":"image\/png"}],"twitter_card":"summary_large_image","schema":{"@context":"https:\/\/schema.org","@graph":[{"@type":"Organization","@id":"https:\/\/chemitool.com\/#organization","name":"Chemitool","url":"https:\/\/chemitool.com\/","sameAs":["https:\/\/www.facebook.com\/chemitool","https:\/\/www.instagram.com\/chemitool\/"],"logo":{"@type":"ImageObject","@id":"https:\/\/chemitool.com\/#logo","inLanguage":"es","url":"https:\/\/chemitool.com\/wp-content\/uploads\/2020\/10\/logo_chemitool.png","contentUrl":"https:\/\/chemitool.com\/wp-content\/uploads\/2020\/10\/logo_chemitool.png","width":400,"height":400,"caption":"Chemitool"},"image":{"@id":"https:\/\/chemitool.com\/#logo"}},{"@type":"WebSite","@id":"https:\/\/chemitool.com\/#website","url":"https:\/\/chemitool.com\/","name":"Chemitool","description":"Chemitool - hardware and tools","publisher":{"@id":"https:\/\/chemitool.com\/#organization"},"potentialAction":[{"@type":"SearchAction","target":{"@type":"EntryPoint","urlTemplate":"https:\/\/chemitool.com\/?s={search_term_string}"},"query-input":"required name=search_term_string"}],"inLanguage":"es"},{"@type":"ImageObject","@id":"https:\/\/chemitool.com\/es\/products\/tools\/juegos-de-herramientas\/maletin-de-herramientas\/maletin-plastico-para-herramientas\/#primaryimage","inLanguage":"es","url":"https:\/\/chemitool.com\/wp-content\/uploads\/2022\/12\/CHT200401010002_site.png","contentUrl":"https:\/\/chemitool.com\/wp-content\/uploads\/2022\/12\/CHT200401010002_site.png","width":800,"height":800},{"@type":"WebPage","@id":"https:\/\/chemitool.com\/es\/products\/tools\/juegos-de-herramientas\/maletin-de-herramientas\/maletin-plastico-para-herramientas\/#webpage","url":"https:\/\/chemitool.com\/es\/products\/tools\/juegos-de-herramientas\/maletin-de-herramientas\/maletin-plastico-para-herramientas\/","name":"MALET\u00cdN PL\u00c1STICO PARA HERRAMIENTAS &ndash; Chemitool","isPartOf":{"@id":"https:\/\/chemitool.com\/#website"},"primaryImageOfPage":{"@id":"https:\/\/chemitool.com\/es\/products\/tools\/juegos-de-herramientas\/maletin-de-herramientas\/maletin-plastico-para-herramientas\/#primaryimage"},"datePublished":"2022-12-19T15:39:01+00:00","dateModified":"2022-12-22T16:38:18+00:00","description":"SAP: CHT200401010002 Malet\u00edn Pl\u00e1stico para Herramientas CHEMITOOL con 81 piezas de acero al cromo vanadio. Este kit de herramientas es perfecto para usuarios vers\u00e1tiles y exigentes capaces de realizar cualquier tarea. Este juego de 81 piezas incluye martillos, alicates, llaves y otros accesorios, de alta calidad, ideales para realizar todo tipo de trabajos y reparaciones. Incluye un malet\u00edn de seguridad compacto, resistente y f\u00e1cil de transportar para guardar todo el material necesario. Excelente relaci\u00f3n calidad-precio.","breadcrumb":{"@id":"https:\/\/chemitool.com\/es\/products\/tools\/juegos-de-herramientas\/maletin-de-herramientas\/maletin-plastico-para-herramientas\/#breadcrumb"},"inLanguage":"es","potentialAction":[{"@type":"ReadAction","target":["https:\/\/chemitool.com\/es\/products\/tools\/juegos-de-herramientas\/maletin-de-herramientas\/maletin-plastico-para-herramientas\/"]}]},{"@type":"BreadcrumbList","@id":"https:\/\/chemitool.com\/es\/products\/tools\/juegos-de-herramientas\/maletin-de-herramientas\/maletin-plastico-para-herramientas\/#breadcrumb","itemListElement":[{"@type":"ListItem","position":1,"name":"Home","item":"https:\/\/chemitool.com\/es\/"},{"@type":"ListItem","position":2,"name":"Productos","item":"https:\/\/chemitool.com\/es\/productos\/"},{"@type":"ListItem","position":3,"name":"Tools","item":"https:\/\/chemitool.com\/es\/categoria-producto\/tools\/"},{"@type":"ListItem","position":4,"name":"JUEGOS DE HERRAMIENTAS","item":"https:\/\/chemitool.com\/es\/categoria-producto\/tools\/juegos-de-herramientas\/"},{"@type":"ListItem","position":5,"name":"MALETIN DE HERRAMIENTAS","item":"https:\/\/chemitool.com\/es\/categoria-producto\/tools\/juegos-de-herramientas\/maletin-de-herramientas\/"},{"@type":"ListItem","position":6,"name":"MALET\u00cdN PL\u00c1STICO PARA HERRAMIENTAS"}]}]}},"_links":{"self":[{"href":"https:\/\/chemitool.com\/es\/wp-json\/wp\/v2\/product\/29153"}],"collection":[{"href":"https:\/\/chemitool.com\/es\/wp-json\/wp\/v2\/product"}],"about":[{"href":"https:\/\/chemitool.com\/es\/wp-json\/wp\/v2\/types\/product"}],"wp:featuredmedia":[{"embeddable":true,"href":"https:\/\/chemitool.com\/es\/wp-json\/wp\/v2\/media\/29159"}],"wp:attachment":[{"href":"https:\/\/chemitool.com\/es\/wp-json\/wp\/v2\/media?parent=29153"}],"wp:term":[{"taxonomy":"product_cat","embeddable":true,"href":"https:\/\/chemitool.com\/es\/wp-json\/wp\/v2\/product_cat?post=29153"},{"taxonomy":"product_tag","embeddable":true,"href":"https:\/\/chemitool.com\/es\/wp-json\/wp\/v2\/product_tag?post=29153"}],"curies":[{"name":"wp","href":"https:\/\/api.w.org\/{rel}","templated":true}]}}