{"id":28769,"date":"2022-12-14T15:04:24","date_gmt":"2022-12-14T15:04:35","guid":{"rendered":"https:\/\/chemitool.com\/?post_type=product&#038;p=28769"},"modified":"2023-02-09T14:43:59","modified_gmt":"2023-02-09T14:43:59","slug":"bomba-de-trasvase-con-cabezal-en-acero-inoxidable-800-w","status":"publish","type":"product","link":"https:\/\/chemitool.com\/es\/products\/agro-es\/bombas-de-agua-es\/trasvaze\/bomba-de-trasvase-con-cabezal-en-acero-inoxidable-800-w\/","title":{"rendered":"BOMBA DE TRASVASE CON CABEZAL EN ACERO INOXIDABLE 800 W"},"content":{"rendered":"<ul>\n<li>Cable: 1,2 metros<\/li>\n<li>Cable: H05RNF3G &#8211; 0,75mm2x1,2<\/li>\n<li>Junta de motor de alta resistencia<\/li>\n<li>Cuerpo de la bomba en acero inoxidable<\/li>\n<\/ul>\n","protected":false},"excerpt":{"rendered":"<p><b class=\"sap-label\">SAP:<\/b> <span class=\"codesap-label\">CHG0040103008000<\/span><\/p>\n<p><em>Bomba de Trasvase con Cabezal en Acero Inoxidable CHEMITOOL<\/em> con una potencia de 800W. Tiene un caudal m\u00e1ximo de 3000L\/h, con una profundidad de<br \/>\ninmersi\u00f3n de 8m y una altura manom\u00e9trica m\u00e1xima de 40m.<\/p>\n","protected":false},"featured_media":28663,"template":"","meta":[],"product_cat":[3656,4593,4602],"product_tag":[],"yoast_head":"<!-- This site is optimized with the Yoast SEO plugin v17.4 - https:\/\/yoast.com\/wordpress\/plugins\/seo\/ -->\n<title>BOMBA DE TRASVASE CON CABEZAL EN ACERO INOXIDABLE 800 W &ndash; Chemitool<\/title>\n<meta name=\"description\" content=\"SAP: CHG0040103008000  Bomba de Trasvase con Cabezal en Acero Inoxidable CHEMITOOL con una potencia de 800W. Tiene un caudal m\u00e1ximo de 3000L\/h, con una profundidad de inmersi\u00f3n de 8m y una altura manom\u00e9trica m\u00e1xima de 40m.\" \/>\n<meta name=\"robots\" content=\"index, follow, max-snippet:-1, max-image-preview:large, max-video-preview:-1\" \/>\n<link rel=\"canonical\" href=\"https:\/\/chemitool.com\/es\/products\/agro-es\/bombas-de-agua-es\/trasvaze\/bomba-de-trasvase-con-cabezal-en-acero-inoxidable-800-w\/\" \/>\n<meta property=\"og:locale\" content=\"es_ES\" \/>\n<meta property=\"og:type\" content=\"article\" \/>\n<meta property=\"og:title\" content=\"BOMBA DE TRASVASE CON CABEZAL EN ACERO INOXIDABLE 800 W &ndash; Chemitool\" \/>\n<meta property=\"og:description\" content=\"SAP: CHG0040103008000  Bomba de Trasvase con Cabezal en Acero Inoxidable CHEMITOOL con una potencia de 800W. Tiene un caudal m\u00e1ximo de 3000L\/h, con una profundidad de inmersi\u00f3n de 8m y una altura manom\u00e9trica m\u00e1xima de 40m.\" \/>\n<meta property=\"og:url\" content=\"https:\/\/chemitool.com\/es\/products\/agro-es\/bombas-de-agua-es\/trasvaze\/bomba-de-trasvase-con-cabezal-en-acero-inoxidable-800-w\/\" \/>\n<meta property=\"og:site_name\" content=\"Chemitool\" \/>\n<meta property=\"article:publisher\" content=\"https:\/\/www.facebook.com\/chemitool\" \/>\n<meta property=\"article:modified_time\" content=\"2023-02-09T14:43:59+00:00\" \/>\n<meta property=\"og:image\" content=\"https:\/\/chemitool.com\/wp-content\/uploads\/2022\/12\/CHG0040103008000_site.png\" \/>\n\t<meta property=\"og:image:width\" content=\"800\" \/>\n\t<meta property=\"og:image:height\" content=\"800\" \/>\n<meta name=\"twitter:card\" content=\"summary_large_image\" \/>\n<script type=\"application\/ld+json\" class=\"yoast-schema-graph\">{\"@context\":\"https:\/\/schema.org\",\"@graph\":[{\"@type\":\"Organization\",\"@id\":\"https:\/\/chemitool.com\/#organization\",\"name\":\"Chemitool\",\"url\":\"https:\/\/chemitool.com\/\",\"sameAs\":[\"https:\/\/www.facebook.com\/chemitool\",\"https:\/\/www.instagram.com\/chemitool\/\"],\"logo\":{\"@type\":\"ImageObject\",\"@id\":\"https:\/\/chemitool.com\/#logo\",\"inLanguage\":\"es\",\"url\":\"https:\/\/chemitool.com\/wp-content\/uploads\/2020\/10\/logo_chemitool.png\",\"contentUrl\":\"https:\/\/chemitool.com\/wp-content\/uploads\/2020\/10\/logo_chemitool.png\",\"width\":400,\"height\":400,\"caption\":\"Chemitool\"},\"image\":{\"@id\":\"https:\/\/chemitool.com\/#logo\"}},{\"@type\":\"WebSite\",\"@id\":\"https:\/\/chemitool.com\/#website\",\"url\":\"https:\/\/chemitool.com\/\",\"name\":\"Chemitool\",\"description\":\"Chemitool - hardware and tools\",\"publisher\":{\"@id\":\"https:\/\/chemitool.com\/#organization\"},\"potentialAction\":[{\"@type\":\"SearchAction\",\"target\":{\"@type\":\"EntryPoint\",\"urlTemplate\":\"https:\/\/chemitool.com\/?s={search_term_string}\"},\"query-input\":\"required name=search_term_string\"}],\"inLanguage\":\"es\"},{\"@type\":\"ImageObject\",\"@id\":\"https:\/\/chemitool.com\/es\/products\/agro-es\/bombas-de-agua-es\/trasvaze\/bomba-de-trasvase-con-cabezal-en-acero-inoxidable-800-w\/#primaryimage\",\"inLanguage\":\"es\",\"url\":\"https:\/\/chemitool.com\/wp-content\/uploads\/2022\/12\/CHG0040103008000_site.png\",\"contentUrl\":\"https:\/\/chemitool.com\/wp-content\/uploads\/2022\/12\/CHG0040103008000_site.png\",\"width\":800,\"height\":800},{\"@type\":\"WebPage\",\"@id\":\"https:\/\/chemitool.com\/es\/products\/agro-es\/bombas-de-agua-es\/trasvaze\/bomba-de-trasvase-con-cabezal-en-acero-inoxidable-800-w\/#webpage\",\"url\":\"https:\/\/chemitool.com\/es\/products\/agro-es\/bombas-de-agua-es\/trasvaze\/bomba-de-trasvase-con-cabezal-en-acero-inoxidable-800-w\/\",\"name\":\"BOMBA DE TRASVASE CON CABEZAL EN ACERO INOXIDABLE 800 W &ndash; Chemitool\",\"isPartOf\":{\"@id\":\"https:\/\/chemitool.com\/#website\"},\"primaryImageOfPage\":{\"@id\":\"https:\/\/chemitool.com\/es\/products\/agro-es\/bombas-de-agua-es\/trasvaze\/bomba-de-trasvase-con-cabezal-en-acero-inoxidable-800-w\/#primaryimage\"},\"datePublished\":\"2022-12-14T15:04:35+00:00\",\"dateModified\":\"2023-02-09T14:43:59+00:00\",\"description\":\"SAP: CHG0040103008000 Bomba de Trasvase con Cabezal en Acero Inoxidable CHEMITOOL con una potencia de 800W. Tiene un caudal m\\u00e1ximo de 3000L\/h, con una profundidad de inmersi\\u00f3n de 8m y una altura manom\\u00e9trica m\\u00e1xima de 40m.\",\"breadcrumb\":{\"@id\":\"https:\/\/chemitool.com\/es\/products\/agro-es\/bombas-de-agua-es\/trasvaze\/bomba-de-trasvase-con-cabezal-en-acero-inoxidable-800-w\/#breadcrumb\"},\"inLanguage\":\"es\",\"potentialAction\":[{\"@type\":\"ReadAction\",\"target\":[\"https:\/\/chemitool.com\/es\/products\/agro-es\/bombas-de-agua-es\/trasvaze\/bomba-de-trasvase-con-cabezal-en-acero-inoxidable-800-w\/\"]}]},{\"@type\":\"BreadcrumbList\",\"@id\":\"https:\/\/chemitool.com\/es\/products\/agro-es\/bombas-de-agua-es\/trasvaze\/bomba-de-trasvase-con-cabezal-en-acero-inoxidable-800-w\/#breadcrumb\",\"itemListElement\":[{\"@type\":\"ListItem\",\"position\":1,\"name\":\"Home\",\"item\":\"https:\/\/chemitool.com\/es\/\"},{\"@type\":\"ListItem\",\"position\":2,\"name\":\"Productos\",\"item\":\"https:\/\/chemitool.com\/es\/productos\/\"},{\"@type\":\"ListItem\",\"position\":3,\"name\":\"Agro\",\"item\":\"https:\/\/chemitool.com\/es\/categoria-producto\/agro-es\/\"},{\"@type\":\"ListItem\",\"position\":4,\"name\":\"Bombas de Agua\",\"item\":\"https:\/\/chemitool.com\/es\/categoria-producto\/agro-es\/bombas-de-agua-es\/\"},{\"@type\":\"ListItem\",\"position\":5,\"name\":\"Trasvaze\",\"item\":\"https:\/\/chemitool.com\/es\/categoria-producto\/agro-es\/bombas-de-agua-es\/trasvaze\/\"},{\"@type\":\"ListItem\",\"position\":6,\"name\":\"BOMBA DE TRASVASE CON CABEZAL EN ACERO INOXIDABLE 800 W\"}]}]}<\/script>\n<!-- \/ Yoast SEO plugin. -->","yoast_head_json":{"title":"BOMBA DE TRASVASE CON CABEZAL EN ACERO INOXIDABLE 800 W &ndash; Chemitool","description":"SAP: CHG0040103008000  Bomba de Trasvase con Cabezal en Acero Inoxidable CHEMITOOL con una potencia de 800W. Tiene un caudal m\u00e1ximo de 3000L\/h, con una profundidad de inmersi\u00f3n de 8m y una altura manom\u00e9trica m\u00e1xima de 40m.","robots":{"index":"index","follow":"follow","max-snippet":"max-snippet:-1","max-image-preview":"max-image-preview:large","max-video-preview":"max-video-preview:-1"},"canonical":"https:\/\/chemitool.com\/es\/products\/agro-es\/bombas-de-agua-es\/trasvaze\/bomba-de-trasvase-con-cabezal-en-acero-inoxidable-800-w\/","og_locale":"es_ES","og_type":"article","og_title":"BOMBA DE TRASVASE CON CABEZAL EN ACERO INOXIDABLE 800 W &ndash; Chemitool","og_description":"SAP: CHG0040103008000  Bomba de Trasvase con Cabezal en Acero Inoxidable CHEMITOOL con una potencia de 800W. Tiene un caudal m\u00e1ximo de 3000L\/h, con una profundidad de inmersi\u00f3n de 8m y una altura manom\u00e9trica m\u00e1xima de 40m.","og_url":"https:\/\/chemitool.com\/es\/products\/agro-es\/bombas-de-agua-es\/trasvaze\/bomba-de-trasvase-con-cabezal-en-acero-inoxidable-800-w\/","og_site_name":"Chemitool","article_publisher":"https:\/\/www.facebook.com\/chemitool","article_modified_time":"2023-02-09T14:43:59+00:00","og_image":[{"width":800,"height":800,"url":"https:\/\/chemitool.com\/wp-content\/uploads\/2022\/12\/CHG0040103008000_site.png","type":"image\/png"}],"twitter_card":"summary_large_image","schema":{"@context":"https:\/\/schema.org","@graph":[{"@type":"Organization","@id":"https:\/\/chemitool.com\/#organization","name":"Chemitool","url":"https:\/\/chemitool.com\/","sameAs":["https:\/\/www.facebook.com\/chemitool","https:\/\/www.instagram.com\/chemitool\/"],"logo":{"@type":"ImageObject","@id":"https:\/\/chemitool.com\/#logo","inLanguage":"es","url":"https:\/\/chemitool.com\/wp-content\/uploads\/2020\/10\/logo_chemitool.png","contentUrl":"https:\/\/chemitool.com\/wp-content\/uploads\/2020\/10\/logo_chemitool.png","width":400,"height":400,"caption":"Chemitool"},"image":{"@id":"https:\/\/chemitool.com\/#logo"}},{"@type":"WebSite","@id":"https:\/\/chemitool.com\/#website","url":"https:\/\/chemitool.com\/","name":"Chemitool","description":"Chemitool - hardware and tools","publisher":{"@id":"https:\/\/chemitool.com\/#organization"},"potentialAction":[{"@type":"SearchAction","target":{"@type":"EntryPoint","urlTemplate":"https:\/\/chemitool.com\/?s={search_term_string}"},"query-input":"required name=search_term_string"}],"inLanguage":"es"},{"@type":"ImageObject","@id":"https:\/\/chemitool.com\/es\/products\/agro-es\/bombas-de-agua-es\/trasvaze\/bomba-de-trasvase-con-cabezal-en-acero-inoxidable-800-w\/#primaryimage","inLanguage":"es","url":"https:\/\/chemitool.com\/wp-content\/uploads\/2022\/12\/CHG0040103008000_site.png","contentUrl":"https:\/\/chemitool.com\/wp-content\/uploads\/2022\/12\/CHG0040103008000_site.png","width":800,"height":800},{"@type":"WebPage","@id":"https:\/\/chemitool.com\/es\/products\/agro-es\/bombas-de-agua-es\/trasvaze\/bomba-de-trasvase-con-cabezal-en-acero-inoxidable-800-w\/#webpage","url":"https:\/\/chemitool.com\/es\/products\/agro-es\/bombas-de-agua-es\/trasvaze\/bomba-de-trasvase-con-cabezal-en-acero-inoxidable-800-w\/","name":"BOMBA DE TRASVASE CON CABEZAL EN ACERO INOXIDABLE 800 W &ndash; Chemitool","isPartOf":{"@id":"https:\/\/chemitool.com\/#website"},"primaryImageOfPage":{"@id":"https:\/\/chemitool.com\/es\/products\/agro-es\/bombas-de-agua-es\/trasvaze\/bomba-de-trasvase-con-cabezal-en-acero-inoxidable-800-w\/#primaryimage"},"datePublished":"2022-12-14T15:04:35+00:00","dateModified":"2023-02-09T14:43:59+00:00","description":"SAP: CHG0040103008000 Bomba de Trasvase con Cabezal en Acero Inoxidable CHEMITOOL con una potencia de 800W. Tiene un caudal m\u00e1ximo de 3000L\/h, con una profundidad de inmersi\u00f3n de 8m y una altura manom\u00e9trica m\u00e1xima de 40m.","breadcrumb":{"@id":"https:\/\/chemitool.com\/es\/products\/agro-es\/bombas-de-agua-es\/trasvaze\/bomba-de-trasvase-con-cabezal-en-acero-inoxidable-800-w\/#breadcrumb"},"inLanguage":"es","potentialAction":[{"@type":"ReadAction","target":["https:\/\/chemitool.com\/es\/products\/agro-es\/bombas-de-agua-es\/trasvaze\/bomba-de-trasvase-con-cabezal-en-acero-inoxidable-800-w\/"]}]},{"@type":"BreadcrumbList","@id":"https:\/\/chemitool.com\/es\/products\/agro-es\/bombas-de-agua-es\/trasvaze\/bomba-de-trasvase-con-cabezal-en-acero-inoxidable-800-w\/#breadcrumb","itemListElement":[{"@type":"ListItem","position":1,"name":"Home","item":"https:\/\/chemitool.com\/es\/"},{"@type":"ListItem","position":2,"name":"Productos","item":"https:\/\/chemitool.com\/es\/productos\/"},{"@type":"ListItem","position":3,"name":"Agro","item":"https:\/\/chemitool.com\/es\/categoria-producto\/agro-es\/"},{"@type":"ListItem","position":4,"name":"Bombas de Agua","item":"https:\/\/chemitool.com\/es\/categoria-producto\/agro-es\/bombas-de-agua-es\/"},{"@type":"ListItem","position":5,"name":"Trasvaze","item":"https:\/\/chemitool.com\/es\/categoria-producto\/agro-es\/bombas-de-agua-es\/trasvaze\/"},{"@type":"ListItem","position":6,"name":"BOMBA DE TRASVASE CON CABEZAL EN ACERO INOXIDABLE 800 W"}]}]}},"_links":{"self":[{"href":"https:\/\/chemitool.com\/es\/wp-json\/wp\/v2\/product\/28769"}],"collection":[{"href":"https:\/\/chemitool.com\/es\/wp-json\/wp\/v2\/product"}],"about":[{"href":"https:\/\/chemitool.com\/es\/wp-json\/wp\/v2\/types\/product"}],"wp:featuredmedia":[{"embeddable":true,"href":"https:\/\/chemitool.com\/es\/wp-json\/wp\/v2\/media\/28663"}],"wp:attachment":[{"href":"https:\/\/chemitool.com\/es\/wp-json\/wp\/v2\/media?parent=28769"}],"wp:term":[{"taxonomy":"product_cat","embeddable":true,"href":"https:\/\/chemitool.com\/es\/wp-json\/wp\/v2\/product_cat?post=28769"},{"taxonomy":"product_tag","embeddable":true,"href":"https:\/\/chemitool.com\/es\/wp-json\/wp\/v2\/product_tag?post=28769"}],"curies":[{"name":"wp","href":"https:\/\/api.w.org\/{rel}","templated":true}]}}