{"id":28733,"date":"2022-12-13T15:18:06","date_gmt":"2022-12-13T15:18:07","guid":{"rendered":"https:\/\/chemitool.com\/?post_type=product&#038;p=28733"},"modified":"2023-02-09T11:28:08","modified_gmt":"2023-02-09T11:28:08","slug":"grupo-de-presion","status":"publish","type":"product","link":"https:\/\/chemitool.com\/es\/products\/agro-es\/bombas-de-agua-es\/grupos-de-presion\/grupo-de-presion\/","title":{"rendered":"GRUPO DE PRESI\u00d3N 800 W"},"content":{"rendered":"<ul>\n<li>Cable: 1,2 metros<\/li>\n<li>Cable: H05RNF3G &#8211; 0,75mm2x10<\/li>\n<li>Junta de motor de alta resistencia<\/li>\n<li>Cuerpo de la bomba de acero inoxidable<\/li>\n<li>Dep\u00f3sito de acero pintado<\/li>\n<\/ul>\n","protected":false},"excerpt":{"rendered":"<p><b class=\"sap-label\">SAP:<\/b> <span class=\"codesap-label\">CHG0040201025000<\/span><\/p>\n<p><em>Grupo de presi\u00f3n CHEMITOOL<\/em> es una excelente y r\u00e1pida opci\u00f3n para alimentar aparatos como lavadoras, cisternas de inodoros o el sistema de riego de jardines y huertos, entre otros.<\/p>\n","protected":false},"featured_media":28660,"template":"","meta":[],"product_cat":[3656,4593,4605],"product_tag":[],"yoast_head":"<!-- This site is optimized with the Yoast SEO plugin v17.4 - https:\/\/yoast.com\/wordpress\/plugins\/seo\/ -->\n<title>GRUPO DE PRESI\u00d3N 800 W &ndash; Chemitool<\/title>\n<meta name=\"description\" content=\"SAP: CHG0040201025000  Grupo de presi\u00f3n CHEMITOOL es una excelente y r\u00e1pida opci\u00f3n para alimentar aparatos como lavadoras, cisternas de inodoros o el sistema de riego de jardines y huertos, entre otros.\" \/>\n<meta name=\"robots\" content=\"index, follow, max-snippet:-1, max-image-preview:large, max-video-preview:-1\" \/>\n<link rel=\"canonical\" href=\"https:\/\/chemitool.com\/es\/products\/agro-es\/bombas-de-agua-es\/grupos-de-presion\/grupo-de-presion\/\" \/>\n<meta property=\"og:locale\" content=\"es_ES\" \/>\n<meta property=\"og:type\" content=\"article\" \/>\n<meta property=\"og:title\" content=\"GRUPO DE PRESI\u00d3N 800 W &ndash; Chemitool\" \/>\n<meta property=\"og:description\" content=\"SAP: CHG0040201025000  Grupo de presi\u00f3n CHEMITOOL es una excelente y r\u00e1pida opci\u00f3n para alimentar aparatos como lavadoras, cisternas de inodoros o el sistema de riego de jardines y huertos, entre otros.\" \/>\n<meta property=\"og:url\" content=\"https:\/\/chemitool.com\/es\/products\/agro-es\/bombas-de-agua-es\/grupos-de-presion\/grupo-de-presion\/\" \/>\n<meta property=\"og:site_name\" content=\"Chemitool\" \/>\n<meta property=\"article:publisher\" content=\"https:\/\/www.facebook.com\/chemitool\" \/>\n<meta property=\"article:modified_time\" content=\"2023-02-09T11:28:08+00:00\" \/>\n<meta property=\"og:image\" content=\"https:\/\/chemitool.com\/wp-content\/uploads\/2022\/12\/CHG0040201025000_site.png\" \/>\n\t<meta property=\"og:image:width\" content=\"800\" \/>\n\t<meta property=\"og:image:height\" content=\"800\" \/>\n<meta name=\"twitter:card\" content=\"summary_large_image\" \/>\n<script type=\"application\/ld+json\" class=\"yoast-schema-graph\">{\"@context\":\"https:\/\/schema.org\",\"@graph\":[{\"@type\":\"Organization\",\"@id\":\"https:\/\/chemitool.com\/#organization\",\"name\":\"Chemitool\",\"url\":\"https:\/\/chemitool.com\/\",\"sameAs\":[\"https:\/\/www.facebook.com\/chemitool\",\"https:\/\/www.instagram.com\/chemitool\/\"],\"logo\":{\"@type\":\"ImageObject\",\"@id\":\"https:\/\/chemitool.com\/#logo\",\"inLanguage\":\"es\",\"url\":\"https:\/\/chemitool.com\/wp-content\/uploads\/2020\/10\/logo_chemitool.png\",\"contentUrl\":\"https:\/\/chemitool.com\/wp-content\/uploads\/2020\/10\/logo_chemitool.png\",\"width\":400,\"height\":400,\"caption\":\"Chemitool\"},\"image\":{\"@id\":\"https:\/\/chemitool.com\/#logo\"}},{\"@type\":\"WebSite\",\"@id\":\"https:\/\/chemitool.com\/#website\",\"url\":\"https:\/\/chemitool.com\/\",\"name\":\"Chemitool\",\"description\":\"Chemitool - hardware and tools\",\"publisher\":{\"@id\":\"https:\/\/chemitool.com\/#organization\"},\"potentialAction\":[{\"@type\":\"SearchAction\",\"target\":{\"@type\":\"EntryPoint\",\"urlTemplate\":\"https:\/\/chemitool.com\/?s={search_term_string}\"},\"query-input\":\"required name=search_term_string\"}],\"inLanguage\":\"es\"},{\"@type\":\"ImageObject\",\"@id\":\"https:\/\/chemitool.com\/es\/products\/agro-es\/bombas-de-agua-es\/grupos-de-presion\/grupo-de-presion\/#primaryimage\",\"inLanguage\":\"es\",\"url\":\"https:\/\/chemitool.com\/wp-content\/uploads\/2022\/12\/CHG0040201025000_site.png\",\"contentUrl\":\"https:\/\/chemitool.com\/wp-content\/uploads\/2022\/12\/CHG0040201025000_site.png\",\"width\":800,\"height\":800},{\"@type\":\"WebPage\",\"@id\":\"https:\/\/chemitool.com\/es\/products\/agro-es\/bombas-de-agua-es\/grupos-de-presion\/grupo-de-presion\/#webpage\",\"url\":\"https:\/\/chemitool.com\/es\/products\/agro-es\/bombas-de-agua-es\/grupos-de-presion\/grupo-de-presion\/\",\"name\":\"GRUPO DE PRESI\\u00d3N 800 W &ndash; Chemitool\",\"isPartOf\":{\"@id\":\"https:\/\/chemitool.com\/#website\"},\"primaryImageOfPage\":{\"@id\":\"https:\/\/chemitool.com\/es\/products\/agro-es\/bombas-de-agua-es\/grupos-de-presion\/grupo-de-presion\/#primaryimage\"},\"datePublished\":\"2022-12-13T15:18:07+00:00\",\"dateModified\":\"2023-02-09T11:28:08+00:00\",\"description\":\"SAP: CHG0040201025000 Grupo de presi\\u00f3n CHEMITOOL es una excelente y r\\u00e1pida opci\\u00f3n para alimentar aparatos como lavadoras, cisternas de inodoros o el sistema de riego de jardines y huertos, entre otros.\",\"breadcrumb\":{\"@id\":\"https:\/\/chemitool.com\/es\/products\/agro-es\/bombas-de-agua-es\/grupos-de-presion\/grupo-de-presion\/#breadcrumb\"},\"inLanguage\":\"es\",\"potentialAction\":[{\"@type\":\"ReadAction\",\"target\":[\"https:\/\/chemitool.com\/es\/products\/agro-es\/bombas-de-agua-es\/grupos-de-presion\/grupo-de-presion\/\"]}]},{\"@type\":\"BreadcrumbList\",\"@id\":\"https:\/\/chemitool.com\/es\/products\/agro-es\/bombas-de-agua-es\/grupos-de-presion\/grupo-de-presion\/#breadcrumb\",\"itemListElement\":[{\"@type\":\"ListItem\",\"position\":1,\"name\":\"Home\",\"item\":\"https:\/\/chemitool.com\/es\/\"},{\"@type\":\"ListItem\",\"position\":2,\"name\":\"Productos\",\"item\":\"https:\/\/chemitool.com\/es\/productos\/\"},{\"@type\":\"ListItem\",\"position\":3,\"name\":\"Agro\",\"item\":\"https:\/\/chemitool.com\/es\/categoria-producto\/agro-es\/\"},{\"@type\":\"ListItem\",\"position\":4,\"name\":\"Bombas de Agua\",\"item\":\"https:\/\/chemitool.com\/es\/categoria-producto\/agro-es\/bombas-de-agua-es\/\"},{\"@type\":\"ListItem\",\"position\":5,\"name\":\"Grupos de presi\\u00f3n\",\"item\":\"https:\/\/chemitool.com\/es\/categoria-producto\/agro-es\/bombas-de-agua-es\/grupos-de-presion\/\"},{\"@type\":\"ListItem\",\"position\":6,\"name\":\"GRUPO DE PRESI\\u00d3N 800 W\"}]}]}<\/script>\n<!-- \/ Yoast SEO plugin. -->","yoast_head_json":{"title":"GRUPO DE PRESI\u00d3N 800 W &ndash; Chemitool","description":"SAP: CHG0040201025000  Grupo de presi\u00f3n CHEMITOOL es una excelente y r\u00e1pida opci\u00f3n para alimentar aparatos como lavadoras, cisternas de inodoros o el sistema de riego de jardines y huertos, entre otros.","robots":{"index":"index","follow":"follow","max-snippet":"max-snippet:-1","max-image-preview":"max-image-preview:large","max-video-preview":"max-video-preview:-1"},"canonical":"https:\/\/chemitool.com\/es\/products\/agro-es\/bombas-de-agua-es\/grupos-de-presion\/grupo-de-presion\/","og_locale":"es_ES","og_type":"article","og_title":"GRUPO DE PRESI\u00d3N 800 W &ndash; Chemitool","og_description":"SAP: CHG0040201025000  Grupo de presi\u00f3n CHEMITOOL es una excelente y r\u00e1pida opci\u00f3n para alimentar aparatos como lavadoras, cisternas de inodoros o el sistema de riego de jardines y huertos, entre otros.","og_url":"https:\/\/chemitool.com\/es\/products\/agro-es\/bombas-de-agua-es\/grupos-de-presion\/grupo-de-presion\/","og_site_name":"Chemitool","article_publisher":"https:\/\/www.facebook.com\/chemitool","article_modified_time":"2023-02-09T11:28:08+00:00","og_image":[{"width":800,"height":800,"url":"https:\/\/chemitool.com\/wp-content\/uploads\/2022\/12\/CHG0040201025000_site.png","type":"image\/png"}],"twitter_card":"summary_large_image","schema":{"@context":"https:\/\/schema.org","@graph":[{"@type":"Organization","@id":"https:\/\/chemitool.com\/#organization","name":"Chemitool","url":"https:\/\/chemitool.com\/","sameAs":["https:\/\/www.facebook.com\/chemitool","https:\/\/www.instagram.com\/chemitool\/"],"logo":{"@type":"ImageObject","@id":"https:\/\/chemitool.com\/#logo","inLanguage":"es","url":"https:\/\/chemitool.com\/wp-content\/uploads\/2020\/10\/logo_chemitool.png","contentUrl":"https:\/\/chemitool.com\/wp-content\/uploads\/2020\/10\/logo_chemitool.png","width":400,"height":400,"caption":"Chemitool"},"image":{"@id":"https:\/\/chemitool.com\/#logo"}},{"@type":"WebSite","@id":"https:\/\/chemitool.com\/#website","url":"https:\/\/chemitool.com\/","name":"Chemitool","description":"Chemitool - hardware and tools","publisher":{"@id":"https:\/\/chemitool.com\/#organization"},"potentialAction":[{"@type":"SearchAction","target":{"@type":"EntryPoint","urlTemplate":"https:\/\/chemitool.com\/?s={search_term_string}"},"query-input":"required name=search_term_string"}],"inLanguage":"es"},{"@type":"ImageObject","@id":"https:\/\/chemitool.com\/es\/products\/agro-es\/bombas-de-agua-es\/grupos-de-presion\/grupo-de-presion\/#primaryimage","inLanguage":"es","url":"https:\/\/chemitool.com\/wp-content\/uploads\/2022\/12\/CHG0040201025000_site.png","contentUrl":"https:\/\/chemitool.com\/wp-content\/uploads\/2022\/12\/CHG0040201025000_site.png","width":800,"height":800},{"@type":"WebPage","@id":"https:\/\/chemitool.com\/es\/products\/agro-es\/bombas-de-agua-es\/grupos-de-presion\/grupo-de-presion\/#webpage","url":"https:\/\/chemitool.com\/es\/products\/agro-es\/bombas-de-agua-es\/grupos-de-presion\/grupo-de-presion\/","name":"GRUPO DE PRESI\u00d3N 800 W &ndash; Chemitool","isPartOf":{"@id":"https:\/\/chemitool.com\/#website"},"primaryImageOfPage":{"@id":"https:\/\/chemitool.com\/es\/products\/agro-es\/bombas-de-agua-es\/grupos-de-presion\/grupo-de-presion\/#primaryimage"},"datePublished":"2022-12-13T15:18:07+00:00","dateModified":"2023-02-09T11:28:08+00:00","description":"SAP: CHG0040201025000 Grupo de presi\u00f3n CHEMITOOL es una excelente y r\u00e1pida opci\u00f3n para alimentar aparatos como lavadoras, cisternas de inodoros o el sistema de riego de jardines y huertos, entre otros.","breadcrumb":{"@id":"https:\/\/chemitool.com\/es\/products\/agro-es\/bombas-de-agua-es\/grupos-de-presion\/grupo-de-presion\/#breadcrumb"},"inLanguage":"es","potentialAction":[{"@type":"ReadAction","target":["https:\/\/chemitool.com\/es\/products\/agro-es\/bombas-de-agua-es\/grupos-de-presion\/grupo-de-presion\/"]}]},{"@type":"BreadcrumbList","@id":"https:\/\/chemitool.com\/es\/products\/agro-es\/bombas-de-agua-es\/grupos-de-presion\/grupo-de-presion\/#breadcrumb","itemListElement":[{"@type":"ListItem","position":1,"name":"Home","item":"https:\/\/chemitool.com\/es\/"},{"@type":"ListItem","position":2,"name":"Productos","item":"https:\/\/chemitool.com\/es\/productos\/"},{"@type":"ListItem","position":3,"name":"Agro","item":"https:\/\/chemitool.com\/es\/categoria-producto\/agro-es\/"},{"@type":"ListItem","position":4,"name":"Bombas de Agua","item":"https:\/\/chemitool.com\/es\/categoria-producto\/agro-es\/bombas-de-agua-es\/"},{"@type":"ListItem","position":5,"name":"Grupos de presi\u00f3n","item":"https:\/\/chemitool.com\/es\/categoria-producto\/agro-es\/bombas-de-agua-es\/grupos-de-presion\/"},{"@type":"ListItem","position":6,"name":"GRUPO DE PRESI\u00d3N 800 W"}]}]}},"_links":{"self":[{"href":"https:\/\/chemitool.com\/es\/wp-json\/wp\/v2\/product\/28733"}],"collection":[{"href":"https:\/\/chemitool.com\/es\/wp-json\/wp\/v2\/product"}],"about":[{"href":"https:\/\/chemitool.com\/es\/wp-json\/wp\/v2\/types\/product"}],"wp:featuredmedia":[{"embeddable":true,"href":"https:\/\/chemitool.com\/es\/wp-json\/wp\/v2\/media\/28660"}],"wp:attachment":[{"href":"https:\/\/chemitool.com\/es\/wp-json\/wp\/v2\/media?parent=28733"}],"wp:term":[{"taxonomy":"product_cat","embeddable":true,"href":"https:\/\/chemitool.com\/es\/wp-json\/wp\/v2\/product_cat?post=28733"},{"taxonomy":"product_tag","embeddable":true,"href":"https:\/\/chemitool.com\/es\/wp-json\/wp\/v2\/product_tag?post=28733"}],"curies":[{"name":"wp","href":"https:\/\/api.w.org\/{rel}","templated":true}]}}