{"id":28577,"date":"2022-12-05T17:52:00","date_gmt":"2022-12-05T17:52:01","guid":{"rendered":"https:\/\/chemitool.com\/?post_type=product&#038;p=28577"},"modified":"2023-02-01T14:29:27","modified_gmt":"2023-02-01T14:29:27","slug":"hoja-de-sierra-bimetalica-para-sierra-de-mano","status":"publish","type":"product","link":"https:\/\/chemitool.com\/es\/products\/cutting\/herramientas-de-aserrado\/hojas-de-sierra-bimetalicas\/hoja-de-sierra-bimetalica-para-sierra-de-mano\/","title":{"rendered":"HOJA DE SIERRA BIMET\u00c1LICA PARA SIERRA DE MANO"},"content":{"rendered":"<p><strong>VENTAJAS<\/strong><\/p>\n<ul>\n<li>Excelente relaci\u00f3n calidad\/precio<\/li>\n<li>Longitud 300mm.<\/li>\n<li>Disponible en versi\u00f3n 24TPI.<\/li>\n<li>Resistente a la rotura<\/li>\n<li>Excelente rendimiento de corte<\/li>\n<li>Larga vida \u00fatil de la herramienta<\/li>\n<\/ul>\n<p>Las hojas de sierra <strong>CHEMITOOL<\/strong> est\u00e1n preparadas para todo tipo de corte con sierras manuales, siendo este producto adecuado para el corte de tubos y otros perfiles.<\/p>\n<p>El n\u00famero de dientes por pulgada (24 dientes), permite realizar cortes de forma m\u00e1s r\u00e1pida, en la versi\u00f3n (32 dientes), \u00e9sta es adecuada para trabajos precisos donde la calidad final del corte es importante, cortando de forma m\u00e1s lenta.<\/p>\n<p>Las hojas de sierra bimet\u00e1licas han sido desarrolladas para soportar altas presiones durante el proceso de trabajo, ayudando as\u00ed a garantizar una precisi\u00f3n y calidad constantes en el corte. Est\u00e1 endurecida y templada con precisi\u00f3n en toda su anchura, ofreciendo as\u00ed un cuerpo fuerte y r\u00edgido, garantizando un corte perfectamente recto y una larga vida \u00fatil.<\/p>\n<p>La pieza debe sujetarse firmemente en una pinza o tornillo de banco, para evitar que se desplace y as\u00ed evitar que se rompa.<\/p>\n","protected":false},"excerpt":{"rendered":"<p>Las <em>hojas de sierra bimet\u00e1licas CHEMITOOL<\/em> ofrecen una excelente capacidad de corte, proporcionando al profesional un rendimiento \u00f3ptimo. Estas hojas de sierra se distinguen por una excelente relaci\u00f3n calidad\/precio.<\/p>\n","protected":false},"featured_media":28566,"template":"","meta":[],"product_cat":[1426,4291,4617],"product_tag":[4620],"yoast_head":"<!-- This site is optimized with the Yoast SEO plugin v17.4 - https:\/\/yoast.com\/wordpress\/plugins\/seo\/ -->\n<title>HOJA DE SIERRA BIMET\u00c1LICA PARA SIERRA DE MANO &ndash; Chemitool<\/title>\n<meta name=\"description\" content=\"Las hojas de sierra bimet\u00e1licas CHEMITOOL ofrecen una excelente capacidad de corte, proporcionando al profesional un rendimiento \u00f3ptimo. Estas hojas de sierra se distinguen por una excelente relaci\u00f3n calidad\/precio.\" \/>\n<meta name=\"robots\" content=\"index, follow, max-snippet:-1, max-image-preview:large, max-video-preview:-1\" \/>\n<link rel=\"canonical\" href=\"https:\/\/chemitool.com\/es\/products\/cutting\/herramientas-de-aserrado\/hojas-de-sierra-bimetalicas\/hoja-de-sierra-bimetalica-para-sierra-de-mano\/\" \/>\n<meta property=\"og:locale\" content=\"es_ES\" \/>\n<meta property=\"og:type\" content=\"article\" \/>\n<meta property=\"og:title\" content=\"HOJA DE SIERRA BIMET\u00c1LICA PARA SIERRA DE MANO &ndash; Chemitool\" \/>\n<meta property=\"og:description\" content=\"Las hojas de sierra bimet\u00e1licas CHEMITOOL ofrecen una excelente capacidad de corte, proporcionando al profesional un rendimiento \u00f3ptimo. Estas hojas de sierra se distinguen por una excelente relaci\u00f3n calidad\/precio.\" \/>\n<meta property=\"og:url\" content=\"https:\/\/chemitool.com\/es\/products\/cutting\/herramientas-de-aserrado\/hojas-de-sierra-bimetalicas\/hoja-de-sierra-bimetalica-para-sierra-de-mano\/\" \/>\n<meta property=\"og:site_name\" content=\"Chemitool\" \/>\n<meta property=\"article:publisher\" content=\"https:\/\/www.facebook.com\/chemitool\" \/>\n<meta property=\"article:modified_time\" content=\"2023-02-01T14:29:27+00:00\" \/>\n<meta property=\"og:image\" content=\"https:\/\/chemitool.com\/wp-content\/uploads\/2022\/12\/CHA3301_individual.png\" \/>\n\t<meta property=\"og:image:width\" content=\"800\" \/>\n\t<meta property=\"og:image:height\" content=\"800\" \/>\n<meta name=\"twitter:card\" content=\"summary_large_image\" \/>\n<meta name=\"twitter:label1\" content=\"Tiempo de lectura\" \/>\n\t<meta name=\"twitter:data1\" content=\"1 minuto\" \/>\n<script type=\"application\/ld+json\" class=\"yoast-schema-graph\">{\"@context\":\"https:\/\/schema.org\",\"@graph\":[{\"@type\":\"Organization\",\"@id\":\"https:\/\/chemitool.com\/#organization\",\"name\":\"Chemitool\",\"url\":\"https:\/\/chemitool.com\/\",\"sameAs\":[\"https:\/\/www.facebook.com\/chemitool\",\"https:\/\/www.instagram.com\/chemitool\/\"],\"logo\":{\"@type\":\"ImageObject\",\"@id\":\"https:\/\/chemitool.com\/#logo\",\"inLanguage\":\"es\",\"url\":\"https:\/\/chemitool.com\/wp-content\/uploads\/2020\/10\/logo_chemitool.png\",\"contentUrl\":\"https:\/\/chemitool.com\/wp-content\/uploads\/2020\/10\/logo_chemitool.png\",\"width\":400,\"height\":400,\"caption\":\"Chemitool\"},\"image\":{\"@id\":\"https:\/\/chemitool.com\/#logo\"}},{\"@type\":\"WebSite\",\"@id\":\"https:\/\/chemitool.com\/#website\",\"url\":\"https:\/\/chemitool.com\/\",\"name\":\"Chemitool\",\"description\":\"Chemitool - hardware and tools\",\"publisher\":{\"@id\":\"https:\/\/chemitool.com\/#organization\"},\"potentialAction\":[{\"@type\":\"SearchAction\",\"target\":{\"@type\":\"EntryPoint\",\"urlTemplate\":\"https:\/\/chemitool.com\/?s={search_term_string}\"},\"query-input\":\"required name=search_term_string\"}],\"inLanguage\":\"es\"},{\"@type\":\"ImageObject\",\"@id\":\"https:\/\/chemitool.com\/es\/products\/cutting\/herramientas-de-aserrado\/hojas-de-sierra-bimetalicas\/hoja-de-sierra-bimetalica-para-sierra-de-mano\/#primaryimage\",\"inLanguage\":\"es\",\"url\":\"https:\/\/chemitool.com\/wp-content\/uploads\/2022\/12\/CHA3301_individual.png\",\"contentUrl\":\"https:\/\/chemitool.com\/wp-content\/uploads\/2022\/12\/CHA3301_individual.png\",\"width\":800,\"height\":800},{\"@type\":\"WebPage\",\"@id\":\"https:\/\/chemitool.com\/es\/products\/cutting\/herramientas-de-aserrado\/hojas-de-sierra-bimetalicas\/hoja-de-sierra-bimetalica-para-sierra-de-mano\/#webpage\",\"url\":\"https:\/\/chemitool.com\/es\/products\/cutting\/herramientas-de-aserrado\/hojas-de-sierra-bimetalicas\/hoja-de-sierra-bimetalica-para-sierra-de-mano\/\",\"name\":\"HOJA DE SIERRA BIMET\\u00c1LICA PARA SIERRA DE MANO &ndash; Chemitool\",\"isPartOf\":{\"@id\":\"https:\/\/chemitool.com\/#website\"},\"primaryImageOfPage\":{\"@id\":\"https:\/\/chemitool.com\/es\/products\/cutting\/herramientas-de-aserrado\/hojas-de-sierra-bimetalicas\/hoja-de-sierra-bimetalica-para-sierra-de-mano\/#primaryimage\"},\"datePublished\":\"2022-12-05T17:52:01+00:00\",\"dateModified\":\"2023-02-01T14:29:27+00:00\",\"description\":\"Las hojas de sierra bimet\\u00e1licas CHEMITOOL ofrecen una excelente capacidad de corte, proporcionando al profesional un rendimiento \\u00f3ptimo. Estas hojas de sierra se distinguen por una excelente relaci\\u00f3n calidad\/precio.\",\"breadcrumb\":{\"@id\":\"https:\/\/chemitool.com\/es\/products\/cutting\/herramientas-de-aserrado\/hojas-de-sierra-bimetalicas\/hoja-de-sierra-bimetalica-para-sierra-de-mano\/#breadcrumb\"},\"inLanguage\":\"es\",\"potentialAction\":[{\"@type\":\"ReadAction\",\"target\":[\"https:\/\/chemitool.com\/es\/products\/cutting\/herramientas-de-aserrado\/hojas-de-sierra-bimetalicas\/hoja-de-sierra-bimetalica-para-sierra-de-mano\/\"]}]},{\"@type\":\"BreadcrumbList\",\"@id\":\"https:\/\/chemitool.com\/es\/products\/cutting\/herramientas-de-aserrado\/hojas-de-sierra-bimetalicas\/hoja-de-sierra-bimetalica-para-sierra-de-mano\/#breadcrumb\",\"itemListElement\":[{\"@type\":\"ListItem\",\"position\":1,\"name\":\"Home\",\"item\":\"https:\/\/chemitool.com\/es\/\"},{\"@type\":\"ListItem\",\"position\":2,\"name\":\"Productos\",\"item\":\"https:\/\/chemitool.com\/es\/productos\/\"},{\"@type\":\"ListItem\",\"position\":3,\"name\":\"CHEMICALS\",\"item\":\"https:\/\/chemitool.com\/es\/categoria-producto\/chemicals\/\"},{\"@type\":\"ListItem\",\"position\":4,\"name\":\"HOJA DE SIERRA BIMET\\u00c1LICA PARA SIERRA DE MANO\"}]}]}<\/script>\n<!-- \/ Yoast SEO plugin. -->","yoast_head_json":{"title":"HOJA DE SIERRA BIMET\u00c1LICA PARA SIERRA DE MANO &ndash; Chemitool","description":"Las hojas de sierra bimet\u00e1licas CHEMITOOL ofrecen una excelente capacidad de corte, proporcionando al profesional un rendimiento \u00f3ptimo. Estas hojas de sierra se distinguen por una excelente relaci\u00f3n calidad\/precio.","robots":{"index":"index","follow":"follow","max-snippet":"max-snippet:-1","max-image-preview":"max-image-preview:large","max-video-preview":"max-video-preview:-1"},"canonical":"https:\/\/chemitool.com\/es\/products\/cutting\/herramientas-de-aserrado\/hojas-de-sierra-bimetalicas\/hoja-de-sierra-bimetalica-para-sierra-de-mano\/","og_locale":"es_ES","og_type":"article","og_title":"HOJA DE SIERRA BIMET\u00c1LICA PARA SIERRA DE MANO &ndash; Chemitool","og_description":"Las hojas de sierra bimet\u00e1licas CHEMITOOL ofrecen una excelente capacidad de corte, proporcionando al profesional un rendimiento \u00f3ptimo. Estas hojas de sierra se distinguen por una excelente relaci\u00f3n calidad\/precio.","og_url":"https:\/\/chemitool.com\/es\/products\/cutting\/herramientas-de-aserrado\/hojas-de-sierra-bimetalicas\/hoja-de-sierra-bimetalica-para-sierra-de-mano\/","og_site_name":"Chemitool","article_publisher":"https:\/\/www.facebook.com\/chemitool","article_modified_time":"2023-02-01T14:29:27+00:00","og_image":[{"width":800,"height":800,"url":"https:\/\/chemitool.com\/wp-content\/uploads\/2022\/12\/CHA3301_individual.png","type":"image\/png"}],"twitter_card":"summary_large_image","twitter_misc":{"Tiempo de lectura":"1 minuto"},"schema":{"@context":"https:\/\/schema.org","@graph":[{"@type":"Organization","@id":"https:\/\/chemitool.com\/#organization","name":"Chemitool","url":"https:\/\/chemitool.com\/","sameAs":["https:\/\/www.facebook.com\/chemitool","https:\/\/www.instagram.com\/chemitool\/"],"logo":{"@type":"ImageObject","@id":"https:\/\/chemitool.com\/#logo","inLanguage":"es","url":"https:\/\/chemitool.com\/wp-content\/uploads\/2020\/10\/logo_chemitool.png","contentUrl":"https:\/\/chemitool.com\/wp-content\/uploads\/2020\/10\/logo_chemitool.png","width":400,"height":400,"caption":"Chemitool"},"image":{"@id":"https:\/\/chemitool.com\/#logo"}},{"@type":"WebSite","@id":"https:\/\/chemitool.com\/#website","url":"https:\/\/chemitool.com\/","name":"Chemitool","description":"Chemitool - hardware and tools","publisher":{"@id":"https:\/\/chemitool.com\/#organization"},"potentialAction":[{"@type":"SearchAction","target":{"@type":"EntryPoint","urlTemplate":"https:\/\/chemitool.com\/?s={search_term_string}"},"query-input":"required name=search_term_string"}],"inLanguage":"es"},{"@type":"ImageObject","@id":"https:\/\/chemitool.com\/es\/products\/cutting\/herramientas-de-aserrado\/hojas-de-sierra-bimetalicas\/hoja-de-sierra-bimetalica-para-sierra-de-mano\/#primaryimage","inLanguage":"es","url":"https:\/\/chemitool.com\/wp-content\/uploads\/2022\/12\/CHA3301_individual.png","contentUrl":"https:\/\/chemitool.com\/wp-content\/uploads\/2022\/12\/CHA3301_individual.png","width":800,"height":800},{"@type":"WebPage","@id":"https:\/\/chemitool.com\/es\/products\/cutting\/herramientas-de-aserrado\/hojas-de-sierra-bimetalicas\/hoja-de-sierra-bimetalica-para-sierra-de-mano\/#webpage","url":"https:\/\/chemitool.com\/es\/products\/cutting\/herramientas-de-aserrado\/hojas-de-sierra-bimetalicas\/hoja-de-sierra-bimetalica-para-sierra-de-mano\/","name":"HOJA DE SIERRA BIMET\u00c1LICA PARA SIERRA DE MANO &ndash; Chemitool","isPartOf":{"@id":"https:\/\/chemitool.com\/#website"},"primaryImageOfPage":{"@id":"https:\/\/chemitool.com\/es\/products\/cutting\/herramientas-de-aserrado\/hojas-de-sierra-bimetalicas\/hoja-de-sierra-bimetalica-para-sierra-de-mano\/#primaryimage"},"datePublished":"2022-12-05T17:52:01+00:00","dateModified":"2023-02-01T14:29:27+00:00","description":"Las hojas de sierra bimet\u00e1licas CHEMITOOL ofrecen una excelente capacidad de corte, proporcionando al profesional un rendimiento \u00f3ptimo. Estas hojas de sierra se distinguen por una excelente relaci\u00f3n calidad\/precio.","breadcrumb":{"@id":"https:\/\/chemitool.com\/es\/products\/cutting\/herramientas-de-aserrado\/hojas-de-sierra-bimetalicas\/hoja-de-sierra-bimetalica-para-sierra-de-mano\/#breadcrumb"},"inLanguage":"es","potentialAction":[{"@type":"ReadAction","target":["https:\/\/chemitool.com\/es\/products\/cutting\/herramientas-de-aserrado\/hojas-de-sierra-bimetalicas\/hoja-de-sierra-bimetalica-para-sierra-de-mano\/"]}]},{"@type":"BreadcrumbList","@id":"https:\/\/chemitool.com\/es\/products\/cutting\/herramientas-de-aserrado\/hojas-de-sierra-bimetalicas\/hoja-de-sierra-bimetalica-para-sierra-de-mano\/#breadcrumb","itemListElement":[{"@type":"ListItem","position":1,"name":"Home","item":"https:\/\/chemitool.com\/es\/"},{"@type":"ListItem","position":2,"name":"Productos","item":"https:\/\/chemitool.com\/es\/productos\/"},{"@type":"ListItem","position":3,"name":"CHEMICALS","item":"https:\/\/chemitool.com\/es\/categoria-producto\/chemicals\/"},{"@type":"ListItem","position":4,"name":"HOJA DE SIERRA BIMET\u00c1LICA PARA SIERRA DE MANO"}]}]}},"_links":{"self":[{"href":"https:\/\/chemitool.com\/es\/wp-json\/wp\/v2\/product\/28577"}],"collection":[{"href":"https:\/\/chemitool.com\/es\/wp-json\/wp\/v2\/product"}],"about":[{"href":"https:\/\/chemitool.com\/es\/wp-json\/wp\/v2\/types\/product"}],"wp:featuredmedia":[{"embeddable":true,"href":"https:\/\/chemitool.com\/es\/wp-json\/wp\/v2\/media\/28566"}],"wp:attachment":[{"href":"https:\/\/chemitool.com\/es\/wp-json\/wp\/v2\/media?parent=28577"}],"wp:term":[{"taxonomy":"product_cat","embeddable":true,"href":"https:\/\/chemitool.com\/es\/wp-json\/wp\/v2\/product_cat?post=28577"},{"taxonomy":"product_tag","embeddable":true,"href":"https:\/\/chemitool.com\/es\/wp-json\/wp\/v2\/product_tag?post=28577"}],"curies":[{"name":"wp","href":"https:\/\/api.w.org\/{rel}","templated":true}]}}