{"id":28402,"date":"2022-12-05T09:06:23","date_gmt":"2022-12-05T09:06:31","guid":{"rendered":"https:\/\/chemitool.com\/?post_type=product&#038;p=28402"},"modified":"2024-09-05T09:17:42","modified_gmt":"2024-09-05T09:17:42","slug":"disco-diamante-turbo-blacklabel","status":"publish","type":"product","link":"https:\/\/chemitool.com\/es\/products\/cutting\/herramientas-de-diamante-es\/discos-de-diamante\/disco-diamante-turbo-blacklabel\/","title":{"rendered":"DISCO DIAMANTE TURBO BLACKLABEL"},"content":{"rendered":"<p><strong>VENTAJAS<\/strong><\/p>\n<ul>\n<li>Certificado oSa<\/li>\n<li>Segmento de 10 mm de altura<\/li>\n<li>Alto rendimiento de corte<\/li>\n<li>Alta estabilidad y seguridad en el trabajo<\/li>\n<li>Resistencia a la rotura<\/li>\n<li>Baja vibraci\u00f3n<\/li>\n<li>Longa vida \u00fatil da ferramenta<\/li>\n<\/ul>\n<p>El disco de diamante <strong>CHEMITOOL BLACKLABEL<\/strong> es compuesto por una densa concentraci\u00f3n de grano de diamante de alta calidad y alto rendimiento. Tiene una altura de segmento de 10 mm, lo que permite una mayor vida \u00fatil.<\/p>\n<p>La principal caracter\u00edstica del disco diamante con forma de turbo es la suavidad del corte, que puede utilizarse en aplicaciones h\u00famedas o secas. El segmento turbo permite que los residuos se liberen gradualmente, ayudando a no empaparse, logrando un acabado de mejor calidad en los materiales m\u00e1s sensibles.<\/p>\n<p>Envasado en blister individual.<\/p>\n<p><img class=\"alignnone wp-image-25899\" src=\"https:\/\/chemitool.com\/wp-content\/uploads\/2022\/09\/Artboard-2-300x300.png\" alt=\"\" width=\"69\" height=\"69\" srcset=\"https:\/\/chemitool.com\/wp-content\/uploads\/2022\/09\/Artboard-2-300x300.png 300w, https:\/\/chemitool.com\/wp-content\/uploads\/2022\/09\/Artboard-2-150x150.png 150w, https:\/\/chemitool.com\/wp-content\/uploads\/2022\/09\/Artboard-2-768x767.png 768w, https:\/\/chemitool.com\/wp-content\/uploads\/2022\/09\/Artboard-2-650x650.png 650w, https:\/\/chemitool.com\/wp-content\/uploads\/2022\/09\/Artboard-2-600x599.png 600w, https:\/\/chemitool.com\/wp-content\/uploads\/2022\/09\/Artboard-2-100x100.png 100w, https:\/\/chemitool.com\/wp-content\/uploads\/2022\/09\/Artboard-2.png 801w\" sizes=\"(max-width: 69px) 100vw, 69px\" \/><img class=\"alignnone wp-image-26182\" src=\"https:\/\/chemitool.com\/wp-content\/uploads\/2022\/09\/calcadoprotecao-1-300x300.png\" alt=\"\" width=\"67\" height=\"67\" srcset=\"https:\/\/chemitool.com\/wp-content\/uploads\/2022\/09\/calcadoprotecao-1-300x300.png 300w, https:\/\/chemitool.com\/wp-content\/uploads\/2022\/09\/calcadoprotecao-1-150x150.png 150w, https:\/\/chemitool.com\/wp-content\/uploads\/2022\/09\/calcadoprotecao-1-100x100.png 100w, https:\/\/chemitool.com\/wp-content\/uploads\/2022\/09\/calcadoprotecao-1.png 395w\" sizes=\"(max-width: 67px) 100vw, 67px\" \/><img class=\"alignnone wp-image-21338\" src=\"https:\/\/chemitool.com\/wp-content\/uploads\/2022\/04\/Artboard-3-1-300x300.png\" alt=\"\" width=\"69\" height=\"69\" srcset=\"https:\/\/chemitool.com\/wp-content\/uploads\/2022\/04\/Artboard-3-1-300x300.png 300w, https:\/\/chemitool.com\/wp-content\/uploads\/2022\/04\/Artboard-3-1-150x150.png 150w, https:\/\/chemitool.com\/wp-content\/uploads\/2022\/04\/Artboard-3-1-768x767.png 768w, https:\/\/chemitool.com\/wp-content\/uploads\/2022\/04\/Artboard-3-1-650x650.png 650w, https:\/\/chemitool.com\/wp-content\/uploads\/2022\/04\/Artboard-3-1-600x599.png 600w, https:\/\/chemitool.com\/wp-content\/uploads\/2022\/04\/Artboard-3-1-100x100.png 100w, https:\/\/chemitool.com\/wp-content\/uploads\/2022\/04\/Artboard-3-1.png 801w\" sizes=\"(max-width: 69px) 100vw, 69px\" \/>\u00a0<img class=\"alignnone wp-image-21344\" src=\"https:\/\/chemitool.com\/wp-content\/uploads\/2022\/04\/Artboard-5-1-300x300.png\" alt=\"\" width=\"69\" height=\"69\" srcset=\"https:\/\/chemitool.com\/wp-content\/uploads\/2022\/04\/Artboard-5-1-300x300.png 300w, https:\/\/chemitool.com\/wp-content\/uploads\/2022\/04\/Artboard-5-1-150x150.png 150w, https:\/\/chemitool.com\/wp-content\/uploads\/2022\/04\/Artboard-5-1-768x767.png 768w, https:\/\/chemitool.com\/wp-content\/uploads\/2022\/04\/Artboard-5-1-650x650.png 650w, https:\/\/chemitool.com\/wp-content\/uploads\/2022\/04\/Artboard-5-1-600x599.png 600w, https:\/\/chemitool.com\/wp-content\/uploads\/2022\/04\/Artboard-5-1-100x100.png 100w, https:\/\/chemitool.com\/wp-content\/uploads\/2022\/04\/Artboard-5-1.png 801w\" sizes=\"(max-width: 69px) 100vw, 69px\" \/><img class=\"alignnone wp-image-21341\" src=\"https:\/\/chemitool.com\/wp-content\/uploads\/2022\/04\/Artboard-4-1-300x300.png\" alt=\"\" width=\"69\" height=\"69\" srcset=\"https:\/\/chemitool.com\/wp-content\/uploads\/2022\/04\/Artboard-4-1-300x300.png 300w, https:\/\/chemitool.com\/wp-content\/uploads\/2022\/04\/Artboard-4-1-150x150.png 150w, https:\/\/chemitool.com\/wp-content\/uploads\/2022\/04\/Artboard-4-1-768x767.png 768w, https:\/\/chemitool.com\/wp-content\/uploads\/2022\/04\/Artboard-4-1-650x650.png 650w, https:\/\/chemitool.com\/wp-content\/uploads\/2022\/04\/Artboard-4-1-600x599.png 600w, https:\/\/chemitool.com\/wp-content\/uploads\/2022\/04\/Artboard-4-1-100x100.png 100w, https:\/\/chemitool.com\/wp-content\/uploads\/2022\/04\/Artboard-4-1.png 801w\" sizes=\"(max-width: 69px) 100vw, 69px\" \/><img class=\"alignnone wp-image-25928\" src=\"https:\/\/chemitool.com\/wp-content\/uploads\/2022\/09\/Artboard-6-300x300.png\" alt=\"\" width=\"69\" height=\"69\" srcset=\"https:\/\/chemitool.com\/wp-content\/uploads\/2022\/09\/Artboard-6-300x300.png 300w, https:\/\/chemitool.com\/wp-content\/uploads\/2022\/09\/Artboard-6-150x150.png 150w, https:\/\/chemitool.com\/wp-content\/uploads\/2022\/09\/Artboard-6-768x767.png 768w, https:\/\/chemitool.com\/wp-content\/uploads\/2022\/09\/Artboard-6-650x650.png 650w, https:\/\/chemitool.com\/wp-content\/uploads\/2022\/09\/Artboard-6-600x599.png 600w, https:\/\/chemitool.com\/wp-content\/uploads\/2022\/09\/Artboard-6-100x100.png 100w, https:\/\/chemitool.com\/wp-content\/uploads\/2022\/09\/Artboard-6.png 801w\" sizes=\"(max-width: 69px) 100vw, 69px\" \/><img class=\"alignnone wp-image-26120\" src=\"https:\/\/chemitool.com\/wp-content\/uploads\/2022\/09\/Artboard-8-300x300.png\" alt=\"\" width=\"69\" height=\"69\" srcset=\"https:\/\/chemitool.com\/wp-content\/uploads\/2022\/09\/Artboard-8-300x300.png 300w, https:\/\/chemitool.com\/wp-content\/uploads\/2022\/09\/Artboard-8-150x150.png 150w, https:\/\/chemitool.com\/wp-content\/uploads\/2022\/09\/Artboard-8-768x767.png 768w, https:\/\/chemitool.com\/wp-content\/uploads\/2022\/09\/Artboard-8-650x650.png 650w, https:\/\/chemitool.com\/wp-content\/uploads\/2022\/09\/Artboard-8-600x599.png 600w, https:\/\/chemitool.com\/wp-content\/uploads\/2022\/09\/Artboard-8-100x100.png 100w, https:\/\/chemitool.com\/wp-content\/uploads\/2022\/09\/Artboard-8.png 801w\" sizes=\"(max-width: 69px) 100vw, 69px\" \/>\u00a0<img class=\"alignnone wp-image-26117\" src=\"https:\/\/chemitool.com\/wp-content\/uploads\/2022\/09\/Artboard-7-300x300.png\" alt=\"\" width=\"69\" height=\"69\" srcset=\"https:\/\/chemitool.com\/wp-content\/uploads\/2022\/09\/Artboard-7-300x300.png 300w, https:\/\/chemitool.com\/wp-content\/uploads\/2022\/09\/Artboard-7-150x150.png 150w, https:\/\/chemitool.com\/wp-content\/uploads\/2022\/09\/Artboard-7-768x767.png 768w, https:\/\/chemitool.com\/wp-content\/uploads\/2022\/09\/Artboard-7-650x650.png 650w, https:\/\/chemitool.com\/wp-content\/uploads\/2022\/09\/Artboard-7-600x599.png 600w, https:\/\/chemitool.com\/wp-content\/uploads\/2022\/09\/Artboard-7-100x100.png 100w, https:\/\/chemitool.com\/wp-content\/uploads\/2022\/09\/Artboard-7.png 801w\" sizes=\"(max-width: 69px) 100vw, 69px\" \/><\/p>\n<p>Los discos de diamante <strong>CHEMITOOL BLACKLABEL<\/strong> cumplen con las normas europeas (EN 13326) junto con la certificaci\u00f3n oSa.<\/p>\n","protected":false},"excerpt":{"rendered":"<p>El <em>disco de diamante CHEMITOOL BLACKLABEL<\/em> ha sido dise\u00f1ado para garantizar una mayor rentabilidad y rendimiento de corte, con la m\u00e1s estricta certificaci\u00f3n de seguridad (oSa). Adecuada para trabajos profesionales de corte en una amplia gama de materiales. La gama BLACKLABEL se distingue por la excelencia de los materiales utilizados en su proceso de fabricaci\u00f3n, ofreciendo as\u00ed un producto de alta calidad y seguridad.<\/p>\n","protected":false},"featured_media":28418,"template":"","meta":[],"product_cat":[1426,4389,4392],"product_tag":[4397],"yoast_head":"<!-- This site is optimized with the Yoast SEO plugin v17.4 - https:\/\/yoast.com\/wordpress\/plugins\/seo\/ -->\n<title>DISCO DIAMANTE TURBO BLACKLABEL &ndash; Chemitool<\/title>\n<meta name=\"description\" content=\"El disco de diamante CHEMITOOL BLACKLABEL ha sido dise\u00f1ado para garantizar una mayor rentabilidad y rendimiento de corte, con la m\u00e1s estricta certificaci\u00f3n de seguridad (oSa). Adecuada para trabajos profesionales de corte en una amplia gama de materiales. La gama BLACKLABEL se distingue por la excelencia de los materiales utilizados en su proceso de fabricaci\u00f3n, ofreciendo as\u00ed un producto de alta calidad y seguridad.\" \/>\n<meta name=\"robots\" content=\"index, follow, max-snippet:-1, max-image-preview:large, max-video-preview:-1\" \/>\n<link rel=\"canonical\" href=\"https:\/\/chemitool.com\/es\/products\/cutting\/herramientas-de-diamante-es\/discos-de-diamante\/disco-diamante-turbo-blacklabel\/\" \/>\n<meta property=\"og:locale\" content=\"es_ES\" \/>\n<meta property=\"og:type\" content=\"article\" \/>\n<meta property=\"og:title\" content=\"DISCO DIAMANTE TURBO BLACKLABEL &ndash; Chemitool\" \/>\n<meta property=\"og:description\" content=\"El disco de diamante CHEMITOOL BLACKLABEL ha sido dise\u00f1ado para garantizar una mayor rentabilidad y rendimiento de corte, con la m\u00e1s estricta certificaci\u00f3n de seguridad (oSa). Adecuada para trabajos profesionales de corte en una amplia gama de materiales. La gama BLACKLABEL se distingue por la excelencia de los materiales utilizados en su proceso de fabricaci\u00f3n, ofreciendo as\u00ed un producto de alta calidad y seguridad.\" \/>\n<meta property=\"og:url\" content=\"https:\/\/chemitool.com\/es\/products\/cutting\/herramientas-de-diamante-es\/discos-de-diamante\/disco-diamante-turbo-blacklabel\/\" \/>\n<meta property=\"og:site_name\" content=\"Chemitool\" \/>\n<meta property=\"article:publisher\" content=\"https:\/\/www.facebook.com\/chemitool\" \/>\n<meta property=\"article:modified_time\" content=\"2024-09-05T09:17:42+00:00\" \/>\n<meta property=\"og:image\" content=\"https:\/\/chemitool.com\/wp-content\/uploads\/2022\/12\/CHA0302OSA_5604630110518_site.png\" \/>\n\t<meta property=\"og:image:width\" content=\"800\" \/>\n\t<meta property=\"og:image:height\" content=\"800\" \/>\n<meta name=\"twitter:card\" content=\"summary_large_image\" \/>\n<meta name=\"twitter:label1\" content=\"Tiempo de lectura\" \/>\n\t<meta name=\"twitter:data1\" content=\"1 minuto\" \/>\n<script type=\"application\/ld+json\" class=\"yoast-schema-graph\">{\"@context\":\"https:\/\/schema.org\",\"@graph\":[{\"@type\":\"Organization\",\"@id\":\"https:\/\/chemitool.com\/#organization\",\"name\":\"Chemitool\",\"url\":\"https:\/\/chemitool.com\/\",\"sameAs\":[\"https:\/\/www.facebook.com\/chemitool\",\"https:\/\/www.instagram.com\/chemitool\/\"],\"logo\":{\"@type\":\"ImageObject\",\"@id\":\"https:\/\/chemitool.com\/#logo\",\"inLanguage\":\"es\",\"url\":\"https:\/\/chemitool.com\/wp-content\/uploads\/2020\/10\/logo_chemitool.png\",\"contentUrl\":\"https:\/\/chemitool.com\/wp-content\/uploads\/2020\/10\/logo_chemitool.png\",\"width\":400,\"height\":400,\"caption\":\"Chemitool\"},\"image\":{\"@id\":\"https:\/\/chemitool.com\/#logo\"}},{\"@type\":\"WebSite\",\"@id\":\"https:\/\/chemitool.com\/#website\",\"url\":\"https:\/\/chemitool.com\/\",\"name\":\"Chemitool\",\"description\":\"Chemitool - hardware and tools\",\"publisher\":{\"@id\":\"https:\/\/chemitool.com\/#organization\"},\"potentialAction\":[{\"@type\":\"SearchAction\",\"target\":{\"@type\":\"EntryPoint\",\"urlTemplate\":\"https:\/\/chemitool.com\/?s={search_term_string}\"},\"query-input\":\"required name=search_term_string\"}],\"inLanguage\":\"es\"},{\"@type\":\"ImageObject\",\"@id\":\"https:\/\/chemitool.com\/es\/products\/cutting\/herramientas-de-diamante-es\/discos-de-diamante\/disco-diamante-turbo-blacklabel\/#primaryimage\",\"inLanguage\":\"es\",\"url\":\"https:\/\/chemitool.com\/wp-content\/uploads\/2022\/12\/CHA0302OSA_5604630110518_site.png\",\"contentUrl\":\"https:\/\/chemitool.com\/wp-content\/uploads\/2022\/12\/CHA0302OSA_5604630110518_site.png\",\"width\":800,\"height\":800},{\"@type\":\"WebPage\",\"@id\":\"https:\/\/chemitool.com\/es\/products\/cutting\/herramientas-de-diamante-es\/discos-de-diamante\/disco-diamante-turbo-blacklabel\/#webpage\",\"url\":\"https:\/\/chemitool.com\/es\/products\/cutting\/herramientas-de-diamante-es\/discos-de-diamante\/disco-diamante-turbo-blacklabel\/\",\"name\":\"DISCO DIAMANTE TURBO BLACKLABEL &ndash; Chemitool\",\"isPartOf\":{\"@id\":\"https:\/\/chemitool.com\/#website\"},\"primaryImageOfPage\":{\"@id\":\"https:\/\/chemitool.com\/es\/products\/cutting\/herramientas-de-diamante-es\/discos-de-diamante\/disco-diamante-turbo-blacklabel\/#primaryimage\"},\"datePublished\":\"2022-12-05T09:06:31+00:00\",\"dateModified\":\"2024-09-05T09:17:42+00:00\",\"description\":\"El disco de diamante CHEMITOOL BLACKLABEL ha sido dise\\u00f1ado para garantizar una mayor rentabilidad y rendimiento de corte, con la m\\u00e1s estricta certificaci\\u00f3n de seguridad (oSa). Adecuada para trabajos profesionales de corte en una amplia gama de materiales. La gama BLACKLABEL se distingue por la excelencia de los materiales utilizados en su proceso de fabricaci\\u00f3n, ofreciendo as\\u00ed un producto de alta calidad y seguridad.\",\"breadcrumb\":{\"@id\":\"https:\/\/chemitool.com\/es\/products\/cutting\/herramientas-de-diamante-es\/discos-de-diamante\/disco-diamante-turbo-blacklabel\/#breadcrumb\"},\"inLanguage\":\"es\",\"potentialAction\":[{\"@type\":\"ReadAction\",\"target\":[\"https:\/\/chemitool.com\/es\/products\/cutting\/herramientas-de-diamante-es\/discos-de-diamante\/disco-diamante-turbo-blacklabel\/\"]}]},{\"@type\":\"BreadcrumbList\",\"@id\":\"https:\/\/chemitool.com\/es\/products\/cutting\/herramientas-de-diamante-es\/discos-de-diamante\/disco-diamante-turbo-blacklabel\/#breadcrumb\",\"itemListElement\":[{\"@type\":\"ListItem\",\"position\":1,\"name\":\"Home\",\"item\":\"https:\/\/chemitool.com\/es\/\"},{\"@type\":\"ListItem\",\"position\":2,\"name\":\"Productos\",\"item\":\"https:\/\/chemitool.com\/es\/productos\/\"},{\"@type\":\"ListItem\",\"position\":3,\"name\":\"CHEMICALS\",\"item\":\"https:\/\/chemitool.com\/es\/categoria-producto\/chemicals\/\"},{\"@type\":\"ListItem\",\"position\":4,\"name\":\"DISCO DIAMANTE TURBO BLACKLABEL\"}]}]}<\/script>\n<!-- \/ Yoast SEO plugin. -->","yoast_head_json":{"title":"DISCO DIAMANTE TURBO BLACKLABEL &ndash; Chemitool","description":"El disco de diamante CHEMITOOL BLACKLABEL ha sido dise\u00f1ado para garantizar una mayor rentabilidad y rendimiento de corte, con la m\u00e1s estricta certificaci\u00f3n de seguridad (oSa). Adecuada para trabajos profesionales de corte en una amplia gama de materiales. La gama BLACKLABEL se distingue por la excelencia de los materiales utilizados en su proceso de fabricaci\u00f3n, ofreciendo as\u00ed un producto de alta calidad y seguridad.","robots":{"index":"index","follow":"follow","max-snippet":"max-snippet:-1","max-image-preview":"max-image-preview:large","max-video-preview":"max-video-preview:-1"},"canonical":"https:\/\/chemitool.com\/es\/products\/cutting\/herramientas-de-diamante-es\/discos-de-diamante\/disco-diamante-turbo-blacklabel\/","og_locale":"es_ES","og_type":"article","og_title":"DISCO DIAMANTE TURBO BLACKLABEL &ndash; Chemitool","og_description":"El disco de diamante CHEMITOOL BLACKLABEL ha sido dise\u00f1ado para garantizar una mayor rentabilidad y rendimiento de corte, con la m\u00e1s estricta certificaci\u00f3n de seguridad (oSa). Adecuada para trabajos profesionales de corte en una amplia gama de materiales. La gama BLACKLABEL se distingue por la excelencia de los materiales utilizados en su proceso de fabricaci\u00f3n, ofreciendo as\u00ed un producto de alta calidad y seguridad.","og_url":"https:\/\/chemitool.com\/es\/products\/cutting\/herramientas-de-diamante-es\/discos-de-diamante\/disco-diamante-turbo-blacklabel\/","og_site_name":"Chemitool","article_publisher":"https:\/\/www.facebook.com\/chemitool","article_modified_time":"2024-09-05T09:17:42+00:00","og_image":[{"width":800,"height":800,"url":"https:\/\/chemitool.com\/wp-content\/uploads\/2022\/12\/CHA0302OSA_5604630110518_site.png","type":"image\/png"}],"twitter_card":"summary_large_image","twitter_misc":{"Tiempo de lectura":"1 minuto"},"schema":{"@context":"https:\/\/schema.org","@graph":[{"@type":"Organization","@id":"https:\/\/chemitool.com\/#organization","name":"Chemitool","url":"https:\/\/chemitool.com\/","sameAs":["https:\/\/www.facebook.com\/chemitool","https:\/\/www.instagram.com\/chemitool\/"],"logo":{"@type":"ImageObject","@id":"https:\/\/chemitool.com\/#logo","inLanguage":"es","url":"https:\/\/chemitool.com\/wp-content\/uploads\/2020\/10\/logo_chemitool.png","contentUrl":"https:\/\/chemitool.com\/wp-content\/uploads\/2020\/10\/logo_chemitool.png","width":400,"height":400,"caption":"Chemitool"},"image":{"@id":"https:\/\/chemitool.com\/#logo"}},{"@type":"WebSite","@id":"https:\/\/chemitool.com\/#website","url":"https:\/\/chemitool.com\/","name":"Chemitool","description":"Chemitool - hardware and tools","publisher":{"@id":"https:\/\/chemitool.com\/#organization"},"potentialAction":[{"@type":"SearchAction","target":{"@type":"EntryPoint","urlTemplate":"https:\/\/chemitool.com\/?s={search_term_string}"},"query-input":"required name=search_term_string"}],"inLanguage":"es"},{"@type":"ImageObject","@id":"https:\/\/chemitool.com\/es\/products\/cutting\/herramientas-de-diamante-es\/discos-de-diamante\/disco-diamante-turbo-blacklabel\/#primaryimage","inLanguage":"es","url":"https:\/\/chemitool.com\/wp-content\/uploads\/2022\/12\/CHA0302OSA_5604630110518_site.png","contentUrl":"https:\/\/chemitool.com\/wp-content\/uploads\/2022\/12\/CHA0302OSA_5604630110518_site.png","width":800,"height":800},{"@type":"WebPage","@id":"https:\/\/chemitool.com\/es\/products\/cutting\/herramientas-de-diamante-es\/discos-de-diamante\/disco-diamante-turbo-blacklabel\/#webpage","url":"https:\/\/chemitool.com\/es\/products\/cutting\/herramientas-de-diamante-es\/discos-de-diamante\/disco-diamante-turbo-blacklabel\/","name":"DISCO DIAMANTE TURBO BLACKLABEL &ndash; Chemitool","isPartOf":{"@id":"https:\/\/chemitool.com\/#website"},"primaryImageOfPage":{"@id":"https:\/\/chemitool.com\/es\/products\/cutting\/herramientas-de-diamante-es\/discos-de-diamante\/disco-diamante-turbo-blacklabel\/#primaryimage"},"datePublished":"2022-12-05T09:06:31+00:00","dateModified":"2024-09-05T09:17:42+00:00","description":"El disco de diamante CHEMITOOL BLACKLABEL ha sido dise\u00f1ado para garantizar una mayor rentabilidad y rendimiento de corte, con la m\u00e1s estricta certificaci\u00f3n de seguridad (oSa). Adecuada para trabajos profesionales de corte en una amplia gama de materiales. La gama BLACKLABEL se distingue por la excelencia de los materiales utilizados en su proceso de fabricaci\u00f3n, ofreciendo as\u00ed un producto de alta calidad y seguridad.","breadcrumb":{"@id":"https:\/\/chemitool.com\/es\/products\/cutting\/herramientas-de-diamante-es\/discos-de-diamante\/disco-diamante-turbo-blacklabel\/#breadcrumb"},"inLanguage":"es","potentialAction":[{"@type":"ReadAction","target":["https:\/\/chemitool.com\/es\/products\/cutting\/herramientas-de-diamante-es\/discos-de-diamante\/disco-diamante-turbo-blacklabel\/"]}]},{"@type":"BreadcrumbList","@id":"https:\/\/chemitool.com\/es\/products\/cutting\/herramientas-de-diamante-es\/discos-de-diamante\/disco-diamante-turbo-blacklabel\/#breadcrumb","itemListElement":[{"@type":"ListItem","position":1,"name":"Home","item":"https:\/\/chemitool.com\/es\/"},{"@type":"ListItem","position":2,"name":"Productos","item":"https:\/\/chemitool.com\/es\/productos\/"},{"@type":"ListItem","position":3,"name":"CHEMICALS","item":"https:\/\/chemitool.com\/es\/categoria-producto\/chemicals\/"},{"@type":"ListItem","position":4,"name":"DISCO DIAMANTE TURBO BLACKLABEL"}]}]}},"_links":{"self":[{"href":"https:\/\/chemitool.com\/es\/wp-json\/wp\/v2\/product\/28402"}],"collection":[{"href":"https:\/\/chemitool.com\/es\/wp-json\/wp\/v2\/product"}],"about":[{"href":"https:\/\/chemitool.com\/es\/wp-json\/wp\/v2\/types\/product"}],"wp:featuredmedia":[{"embeddable":true,"href":"https:\/\/chemitool.com\/es\/wp-json\/wp\/v2\/media\/28418"}],"wp:attachment":[{"href":"https:\/\/chemitool.com\/es\/wp-json\/wp\/v2\/media?parent=28402"}],"wp:term":[{"taxonomy":"product_cat","embeddable":true,"href":"https:\/\/chemitool.com\/es\/wp-json\/wp\/v2\/product_cat?post=28402"},{"taxonomy":"product_tag","embeddable":true,"href":"https:\/\/chemitool.com\/es\/wp-json\/wp\/v2\/product_tag?post=28402"}],"curies":[{"name":"wp","href":"https:\/\/api.w.org\/{rel}","templated":true}]}}