{"id":28277,"date":"2022-11-30T11:57:53","date_gmt":"2022-11-30T11:58:01","guid":{"rendered":"https:\/\/chemitool.com\/?post_type=product&#038;p=28277"},"modified":"2022-11-30T16:30:00","modified_gmt":"2022-11-30T16:30:00","slug":"skm","status":"publish","type":"product","link":"https:\/\/chemitool.com\/es\/products\/cutting\/herramientas-de-molienda-y-desbaste\/fresas-rotativas-metal-duro\/skm\/","title":{"rendered":"SKM"},"content":{"rendered":"<p><strong>VENTAJAS<\/strong><\/p>\n<ul>\n<li>Cabeza completamente de tungsteno<\/li>\n<li>Soldadura Profesional<\/li>\n<li>Alta capacidad de remoci\u00f3n de material<\/li>\n<li>Disponible desde di\u00e1metro 3 hasta 16mm<\/li>\n<li>Largo de 33 a 163mm<\/li>\n<li>Resistencia a la rotura<\/li>\n<li>Larga vida \u00fatil de la herramienta<\/li>\n<\/ul>\n<p>La fresa de carburo de tungsteno <strong>CHEMITOOL<\/strong> tiene una cabeza s\u00f3lida completamente formada en tungsteno, especialmente preparada para quitar, nivelar y trabajar en cordones de soldadura. Esta funci\u00f3n, destinada principalmente a la eliminaci\u00f3n r\u00e1pida de material, permite al operador reducir el tiempo de uso y ahorrar energ\u00eda.<\/p>\n<p>Las fresas de carburo de tungsteno tienen dos tipos de corte de acuerdo con la norma DIN8033, doble corte (uso universal), corte \u00fanico (uso de acabado) y corte \u00fanico espaciado (aluminio).<\/p>\n<p>En la gama <strong>CHEMITOOL<\/strong> tenemos disponibles las siguientes formas seg\u00fan normativa DIN8032:<\/p>\n<p>Forma A (ZYA)<br \/>\nForma B con dientes frontales (ZYAS)<br \/>\nForma C (WRC)<br \/>\nForma D (KUD)<br \/>\nForma E (TRE)<br \/>\nForma F (RBF)<br \/>\nForma G (SPG)<br \/>\nForma H (FLH)<br \/>\nForma J (KSJ)<br \/>\nForma K (KSK)<br \/>\nForma M (SKM)<br \/>\nForma L (KEL)<br \/>\nForma N (WKN)<br \/>\nForma DISCO<\/p>\n<p>Tambi\u00e9n disponible en juego de 5 piezas de 10mm de di\u00e1metro en caja de pl\u00e1stico (ZYAS, WRC, SPG, RBF y KUD).<\/p>\n<p><img class=\"alignnone wp-image-23608\" src=\"https:\/\/chemitool.com\/wp-content\/uploads\/2022\/06\/Condutividade-300x300.png\" alt=\"\" width=\"60\" height=\"60\" srcset=\"https:\/\/chemitool.com\/wp-content\/uploads\/2022\/06\/Condutividade-300x300.png 300w, https:\/\/chemitool.com\/wp-content\/uploads\/2022\/06\/Condutividade-150x150.png 150w, https:\/\/chemitool.com\/wp-content\/uploads\/2022\/06\/Condutividade-100x100.png 100w, https:\/\/chemitool.com\/wp-content\/uploads\/2022\/06\/Condutividade.png 377w\" sizes=\"(max-width: 60px) 100vw, 60px\" \/><img class=\"alignnone wp-image-21338\" src=\"https:\/\/chemitool.com\/wp-content\/uploads\/2022\/04\/Artboard-3-1-300x300.png\" alt=\"\" width=\"67\" height=\"67\" srcset=\"https:\/\/chemitool.com\/wp-content\/uploads\/2022\/04\/Artboard-3-1-300x300.png 300w, https:\/\/chemitool.com\/wp-content\/uploads\/2022\/04\/Artboard-3-1-150x150.png 150w, https:\/\/chemitool.com\/wp-content\/uploads\/2022\/04\/Artboard-3-1-768x767.png 768w, https:\/\/chemitool.com\/wp-content\/uploads\/2022\/04\/Artboard-3-1-650x650.png 650w, https:\/\/chemitool.com\/wp-content\/uploads\/2022\/04\/Artboard-3-1-600x599.png 600w, https:\/\/chemitool.com\/wp-content\/uploads\/2022\/04\/Artboard-3-1-100x100.png 100w, https:\/\/chemitool.com\/wp-content\/uploads\/2022\/04\/Artboard-3-1.png 801w\" sizes=\"(max-width: 67px) 100vw, 67px\" \/><img class=\"alignnone wp-image-21344\" src=\"https:\/\/chemitool.com\/wp-content\/uploads\/2022\/04\/Artboard-5-1-300x300.png\" alt=\"\" width=\"68\" height=\"68\" srcset=\"https:\/\/chemitool.com\/wp-content\/uploads\/2022\/04\/Artboard-5-1-300x300.png 300w, https:\/\/chemitool.com\/wp-content\/uploads\/2022\/04\/Artboard-5-1-150x150.png 150w, https:\/\/chemitool.com\/wp-content\/uploads\/2022\/04\/Artboard-5-1-768x767.png 768w, https:\/\/chemitool.com\/wp-content\/uploads\/2022\/04\/Artboard-5-1-650x650.png 650w, https:\/\/chemitool.com\/wp-content\/uploads\/2022\/04\/Artboard-5-1-600x599.png 600w, https:\/\/chemitool.com\/wp-content\/uploads\/2022\/04\/Artboard-5-1-100x100.png 100w, https:\/\/chemitool.com\/wp-content\/uploads\/2022\/04\/Artboard-5-1.png 801w\" sizes=\"(max-width: 68px) 100vw, 68px\" \/><img class=\"alignnone wp-image-21341\" src=\"https:\/\/chemitool.com\/wp-content\/uploads\/2022\/04\/Artboard-4-1-300x300.png\" alt=\"\" width=\"64\" height=\"64\" srcset=\"https:\/\/chemitool.com\/wp-content\/uploads\/2022\/04\/Artboard-4-1-300x300.png 300w, https:\/\/chemitool.com\/wp-content\/uploads\/2022\/04\/Artboard-4-1-150x150.png 150w, https:\/\/chemitool.com\/wp-content\/uploads\/2022\/04\/Artboard-4-1-768x767.png 768w, https:\/\/chemitool.com\/wp-content\/uploads\/2022\/04\/Artboard-4-1-650x650.png 650w, https:\/\/chemitool.com\/wp-content\/uploads\/2022\/04\/Artboard-4-1-600x599.png 600w, https:\/\/chemitool.com\/wp-content\/uploads\/2022\/04\/Artboard-4-1-100x100.png 100w, https:\/\/chemitool.com\/wp-content\/uploads\/2022\/04\/Artboard-4-1.png 801w\" sizes=\"(max-width: 64px) 100vw, 64px\" \/><img class=\"alignnone wp-image-23605\" src=\"https:\/\/chemitool.com\/wp-content\/uploads\/2022\/06\/CorteMao-300x300.png\" alt=\"\" width=\"60\" height=\"60\" srcset=\"https:\/\/chemitool.com\/wp-content\/uploads\/2022\/06\/CorteMao-300x300.png 300w, https:\/\/chemitool.com\/wp-content\/uploads\/2022\/06\/CorteMao-150x150.png 150w, https:\/\/chemitool.com\/wp-content\/uploads\/2022\/06\/CorteMao-100x100.png 100w, https:\/\/chemitool.com\/wp-content\/uploads\/2022\/06\/CorteMao.png 378w\" sizes=\"(max-width: 60px) 100vw, 60px\" \/><\/p>\n","protected":false},"excerpt":{"rendered":"<p>Las <em>fresas de carburo de tungsteno CHEMITOOL<\/em> fueron dise\u00f1adas para los trabajos m\u00e1s exigentes y de larga duraci\u00f3n, permitiendo as\u00ed al profesional tener una excelente relaci\u00f3n calidad y rendimiento en el desbaste y rectificado de metales.<\/p>\n","protected":false},"featured_media":28338,"template":"","meta":[],"product_cat":[1426,4608,4611],"product_tag":[],"yoast_head":"<!-- This site is optimized with the Yoast SEO plugin v17.4 - https:\/\/yoast.com\/wordpress\/plugins\/seo\/ -->\n<title>SKM &ndash; Chemitool<\/title>\n<meta name=\"description\" content=\"Las fresas de carburo de tungsteno CHEMITOOL fueron dise\u00f1adas para los trabajos m\u00e1s exigentes y de larga duraci\u00f3n, permitiendo as\u00ed al profesional tener una excelente relaci\u00f3n calidad y rendimiento en el desbaste y rectificado de metales.\" \/>\n<meta name=\"robots\" content=\"index, follow, max-snippet:-1, max-image-preview:large, max-video-preview:-1\" \/>\n<link rel=\"canonical\" href=\"https:\/\/chemitool.com\/es\/products\/cutting\/herramientas-de-molienda-y-desbaste\/fresas-rotativas-metal-duro\/skm\/\" \/>\n<meta property=\"og:locale\" content=\"es_ES\" \/>\n<meta property=\"og:type\" content=\"article\" \/>\n<meta property=\"og:title\" content=\"SKM &ndash; Chemitool\" \/>\n<meta property=\"og:description\" content=\"Las fresas de carburo de tungsteno CHEMITOOL fueron dise\u00f1adas para los trabajos m\u00e1s exigentes y de larga duraci\u00f3n, permitiendo as\u00ed al profesional tener una excelente relaci\u00f3n calidad y rendimiento en el desbaste y rectificado de metales.\" \/>\n<meta property=\"og:url\" content=\"https:\/\/chemitool.com\/es\/products\/cutting\/herramientas-de-molienda-y-desbaste\/fresas-rotativas-metal-duro\/skm\/\" \/>\n<meta property=\"og:site_name\" content=\"Chemitool\" \/>\n<meta property=\"article:publisher\" content=\"https:\/\/www.facebook.com\/chemitool\" \/>\n<meta property=\"article:modified_time\" content=\"2022-11-30T16:30:00+00:00\" \/>\n<meta property=\"og:image\" content=\"https:\/\/chemitool.com\/wp-content\/uploads\/2022\/11\/CHA23M_SKM.png\" \/>\n\t<meta property=\"og:image:width\" content=\"800\" \/>\n\t<meta property=\"og:image:height\" content=\"800\" \/>\n<meta name=\"twitter:card\" content=\"summary_large_image\" \/>\n<meta name=\"twitter:label1\" content=\"Tiempo de lectura\" \/>\n\t<meta name=\"twitter:data1\" content=\"1 minuto\" \/>\n<script type=\"application\/ld+json\" class=\"yoast-schema-graph\">{\"@context\":\"https:\/\/schema.org\",\"@graph\":[{\"@type\":\"Organization\",\"@id\":\"https:\/\/chemitool.com\/#organization\",\"name\":\"Chemitool\",\"url\":\"https:\/\/chemitool.com\/\",\"sameAs\":[\"https:\/\/www.facebook.com\/chemitool\",\"https:\/\/www.instagram.com\/chemitool\/\"],\"logo\":{\"@type\":\"ImageObject\",\"@id\":\"https:\/\/chemitool.com\/#logo\",\"inLanguage\":\"es\",\"url\":\"https:\/\/chemitool.com\/wp-content\/uploads\/2020\/10\/logo_chemitool.png\",\"contentUrl\":\"https:\/\/chemitool.com\/wp-content\/uploads\/2020\/10\/logo_chemitool.png\",\"width\":400,\"height\":400,\"caption\":\"Chemitool\"},\"image\":{\"@id\":\"https:\/\/chemitool.com\/#logo\"}},{\"@type\":\"WebSite\",\"@id\":\"https:\/\/chemitool.com\/#website\",\"url\":\"https:\/\/chemitool.com\/\",\"name\":\"Chemitool\",\"description\":\"Chemitool - hardware and tools\",\"publisher\":{\"@id\":\"https:\/\/chemitool.com\/#organization\"},\"potentialAction\":[{\"@type\":\"SearchAction\",\"target\":{\"@type\":\"EntryPoint\",\"urlTemplate\":\"https:\/\/chemitool.com\/?s={search_term_string}\"},\"query-input\":\"required name=search_term_string\"}],\"inLanguage\":\"es\"},{\"@type\":\"ImageObject\",\"@id\":\"https:\/\/chemitool.com\/es\/products\/cutting\/herramientas-de-molienda-y-desbaste\/fresas-rotativas-metal-duro\/skm\/#primaryimage\",\"inLanguage\":\"es\",\"url\":\"https:\/\/chemitool.com\/wp-content\/uploads\/2022\/11\/CHA23M_SKM-1.png\",\"contentUrl\":\"https:\/\/chemitool.com\/wp-content\/uploads\/2022\/11\/CHA23M_SKM-1.png\",\"width\":800,\"height\":800},{\"@type\":\"WebPage\",\"@id\":\"https:\/\/chemitool.com\/es\/products\/cutting\/herramientas-de-molienda-y-desbaste\/fresas-rotativas-metal-duro\/skm\/#webpage\",\"url\":\"https:\/\/chemitool.com\/es\/products\/cutting\/herramientas-de-molienda-y-desbaste\/fresas-rotativas-metal-duro\/skm\/\",\"name\":\"SKM &ndash; Chemitool\",\"isPartOf\":{\"@id\":\"https:\/\/chemitool.com\/#website\"},\"primaryImageOfPage\":{\"@id\":\"https:\/\/chemitool.com\/es\/products\/cutting\/herramientas-de-molienda-y-desbaste\/fresas-rotativas-metal-duro\/skm\/#primaryimage\"},\"datePublished\":\"2022-11-30T11:58:01+00:00\",\"dateModified\":\"2022-11-30T16:30:00+00:00\",\"description\":\"Las fresas de carburo de tungsteno CHEMITOOL fueron dise\\u00f1adas para los trabajos m\\u00e1s exigentes y de larga duraci\\u00f3n, permitiendo as\\u00ed al profesional tener una excelente relaci\\u00f3n calidad y rendimiento en el desbaste y rectificado de metales.\",\"breadcrumb\":{\"@id\":\"https:\/\/chemitool.com\/es\/products\/cutting\/herramientas-de-molienda-y-desbaste\/fresas-rotativas-metal-duro\/skm\/#breadcrumb\"},\"inLanguage\":\"es\",\"potentialAction\":[{\"@type\":\"ReadAction\",\"target\":[\"https:\/\/chemitool.com\/es\/products\/cutting\/herramientas-de-molienda-y-desbaste\/fresas-rotativas-metal-duro\/skm\/\"]}]},{\"@type\":\"BreadcrumbList\",\"@id\":\"https:\/\/chemitool.com\/es\/products\/cutting\/herramientas-de-molienda-y-desbaste\/fresas-rotativas-metal-duro\/skm\/#breadcrumb\",\"itemListElement\":[{\"@type\":\"ListItem\",\"position\":1,\"name\":\"Home\",\"item\":\"https:\/\/chemitool.com\/es\/\"},{\"@type\":\"ListItem\",\"position\":2,\"name\":\"Productos\",\"item\":\"https:\/\/chemitool.com\/es\/productos\/\"},{\"@type\":\"ListItem\",\"position\":3,\"name\":\"Cutting\",\"item\":\"https:\/\/chemitool.com\/es\/categoria-producto\/cutting\/\"},{\"@type\":\"ListItem\",\"position\":4,\"name\":\"HERRAMIENTAS DE MOLIENDA Y DESBASTE\",\"item\":\"https:\/\/chemitool.com\/es\/categoria-producto\/cutting\/herramientas-de-molienda-y-desbaste\/\"},{\"@type\":\"ListItem\",\"position\":5,\"name\":\"FRESAS ROTATIVAS METAL DURO\",\"item\":\"https:\/\/chemitool.com\/es\/categoria-producto\/cutting\/herramientas-de-molienda-y-desbaste\/fresas-rotativas-metal-duro\/\"},{\"@type\":\"ListItem\",\"position\":6,\"name\":\"SKM\"}]}]}<\/script>\n<!-- \/ Yoast SEO plugin. -->","yoast_head_json":{"title":"SKM &ndash; Chemitool","description":"Las fresas de carburo de tungsteno CHEMITOOL fueron dise\u00f1adas para los trabajos m\u00e1s exigentes y de larga duraci\u00f3n, permitiendo as\u00ed al profesional tener una excelente relaci\u00f3n calidad y rendimiento en el desbaste y rectificado de metales.","robots":{"index":"index","follow":"follow","max-snippet":"max-snippet:-1","max-image-preview":"max-image-preview:large","max-video-preview":"max-video-preview:-1"},"canonical":"https:\/\/chemitool.com\/es\/products\/cutting\/herramientas-de-molienda-y-desbaste\/fresas-rotativas-metal-duro\/skm\/","og_locale":"es_ES","og_type":"article","og_title":"SKM &ndash; Chemitool","og_description":"Las fresas de carburo de tungsteno CHEMITOOL fueron dise\u00f1adas para los trabajos m\u00e1s exigentes y de larga duraci\u00f3n, permitiendo as\u00ed al profesional tener una excelente relaci\u00f3n calidad y rendimiento en el desbaste y rectificado de metales.","og_url":"https:\/\/chemitool.com\/es\/products\/cutting\/herramientas-de-molienda-y-desbaste\/fresas-rotativas-metal-duro\/skm\/","og_site_name":"Chemitool","article_publisher":"https:\/\/www.facebook.com\/chemitool","article_modified_time":"2022-11-30T16:30:00+00:00","og_image":[{"width":800,"height":800,"url":"https:\/\/chemitool.com\/wp-content\/uploads\/2022\/11\/CHA23M_SKM.png","type":"image\/png"}],"twitter_card":"summary_large_image","twitter_misc":{"Tiempo de lectura":"1 minuto"},"schema":{"@context":"https:\/\/schema.org","@graph":[{"@type":"Organization","@id":"https:\/\/chemitool.com\/#organization","name":"Chemitool","url":"https:\/\/chemitool.com\/","sameAs":["https:\/\/www.facebook.com\/chemitool","https:\/\/www.instagram.com\/chemitool\/"],"logo":{"@type":"ImageObject","@id":"https:\/\/chemitool.com\/#logo","inLanguage":"es","url":"https:\/\/chemitool.com\/wp-content\/uploads\/2020\/10\/logo_chemitool.png","contentUrl":"https:\/\/chemitool.com\/wp-content\/uploads\/2020\/10\/logo_chemitool.png","width":400,"height":400,"caption":"Chemitool"},"image":{"@id":"https:\/\/chemitool.com\/#logo"}},{"@type":"WebSite","@id":"https:\/\/chemitool.com\/#website","url":"https:\/\/chemitool.com\/","name":"Chemitool","description":"Chemitool - hardware and tools","publisher":{"@id":"https:\/\/chemitool.com\/#organization"},"potentialAction":[{"@type":"SearchAction","target":{"@type":"EntryPoint","urlTemplate":"https:\/\/chemitool.com\/?s={search_term_string}"},"query-input":"required name=search_term_string"}],"inLanguage":"es"},{"@type":"ImageObject","@id":"https:\/\/chemitool.com\/es\/products\/cutting\/herramientas-de-molienda-y-desbaste\/fresas-rotativas-metal-duro\/skm\/#primaryimage","inLanguage":"es","url":"https:\/\/chemitool.com\/wp-content\/uploads\/2022\/11\/CHA23M_SKM-1.png","contentUrl":"https:\/\/chemitool.com\/wp-content\/uploads\/2022\/11\/CHA23M_SKM-1.png","width":800,"height":800},{"@type":"WebPage","@id":"https:\/\/chemitool.com\/es\/products\/cutting\/herramientas-de-molienda-y-desbaste\/fresas-rotativas-metal-duro\/skm\/#webpage","url":"https:\/\/chemitool.com\/es\/products\/cutting\/herramientas-de-molienda-y-desbaste\/fresas-rotativas-metal-duro\/skm\/","name":"SKM &ndash; Chemitool","isPartOf":{"@id":"https:\/\/chemitool.com\/#website"},"primaryImageOfPage":{"@id":"https:\/\/chemitool.com\/es\/products\/cutting\/herramientas-de-molienda-y-desbaste\/fresas-rotativas-metal-duro\/skm\/#primaryimage"},"datePublished":"2022-11-30T11:58:01+00:00","dateModified":"2022-11-30T16:30:00+00:00","description":"Las fresas de carburo de tungsteno CHEMITOOL fueron dise\u00f1adas para los trabajos m\u00e1s exigentes y de larga duraci\u00f3n, permitiendo as\u00ed al profesional tener una excelente relaci\u00f3n calidad y rendimiento en el desbaste y rectificado de metales.","breadcrumb":{"@id":"https:\/\/chemitool.com\/es\/products\/cutting\/herramientas-de-molienda-y-desbaste\/fresas-rotativas-metal-duro\/skm\/#breadcrumb"},"inLanguage":"es","potentialAction":[{"@type":"ReadAction","target":["https:\/\/chemitool.com\/es\/products\/cutting\/herramientas-de-molienda-y-desbaste\/fresas-rotativas-metal-duro\/skm\/"]}]},{"@type":"BreadcrumbList","@id":"https:\/\/chemitool.com\/es\/products\/cutting\/herramientas-de-molienda-y-desbaste\/fresas-rotativas-metal-duro\/skm\/#breadcrumb","itemListElement":[{"@type":"ListItem","position":1,"name":"Home","item":"https:\/\/chemitool.com\/es\/"},{"@type":"ListItem","position":2,"name":"Productos","item":"https:\/\/chemitool.com\/es\/productos\/"},{"@type":"ListItem","position":3,"name":"Cutting","item":"https:\/\/chemitool.com\/es\/categoria-producto\/cutting\/"},{"@type":"ListItem","position":4,"name":"HERRAMIENTAS DE MOLIENDA Y DESBASTE","item":"https:\/\/chemitool.com\/es\/categoria-producto\/cutting\/herramientas-de-molienda-y-desbaste\/"},{"@type":"ListItem","position":5,"name":"FRESAS ROTATIVAS METAL DURO","item":"https:\/\/chemitool.com\/es\/categoria-producto\/cutting\/herramientas-de-molienda-y-desbaste\/fresas-rotativas-metal-duro\/"},{"@type":"ListItem","position":6,"name":"SKM"}]}]}},"_links":{"self":[{"href":"https:\/\/chemitool.com\/es\/wp-json\/wp\/v2\/product\/28277"}],"collection":[{"href":"https:\/\/chemitool.com\/es\/wp-json\/wp\/v2\/product"}],"about":[{"href":"https:\/\/chemitool.com\/es\/wp-json\/wp\/v2\/types\/product"}],"wp:featuredmedia":[{"embeddable":true,"href":"https:\/\/chemitool.com\/es\/wp-json\/wp\/v2\/media\/28338"}],"wp:attachment":[{"href":"https:\/\/chemitool.com\/es\/wp-json\/wp\/v2\/media?parent=28277"}],"wp:term":[{"taxonomy":"product_cat","embeddable":true,"href":"https:\/\/chemitool.com\/es\/wp-json\/wp\/v2\/product_cat?post=28277"},{"taxonomy":"product_tag","embeddable":true,"href":"https:\/\/chemitool.com\/es\/wp-json\/wp\/v2\/product_tag?post=28277"}],"curies":[{"name":"wp","href":"https:\/\/api.w.org\/{rel}","templated":true}]}}