{"id":27494,"date":"2022-11-08T11:17:34","date_gmt":"2022-11-08T11:17:34","guid":{"rendered":"https:\/\/chemitool.com\/?post_type=product&#038;p=27494"},"modified":"2022-11-08T17:31:43","modified_gmt":"2022-11-08T17:31:43","slug":"broca-espiral-rectificada-din340-hss-g-larga","status":"publish","type":"product","link":"https:\/\/chemitool.com\/es\/products\/cutting\/herramientas-de-perforacion-acero\/broca-para-acero\/din-340-es\/broca-espiral-rectificada-din340-hss-g-larga\/","title":{"rendered":"BROCA ESPIRAL RECTIFICADA DIN340 &#8211; HSS-G &#8211; LARGA"},"content":{"rendered":"<p><strong>VENTAJAS<\/strong><\/p>\n<ul>\n<li>Excelente relaci\u00f3n calidad\/precio<\/li>\n<li>Totalmente rectificado<\/li>\n<li>Alto rendimiento de perforaci\u00f3n<\/li>\n<li>Cuerpo largo<\/li>\n<li>Disponible de 1,0 a 13 mm de di\u00e1metro<\/li>\n<li>Excelente capacidad de centrado<\/li>\n<li>Resistencia a la rotura<\/li>\n<li>Larga vida \u00fatil de la herramienta<\/li>\n<\/ul>\n<p>La broca HSS de <strong>CHEMITOOL<\/strong> es fabricada \u00edntegramente en acero r\u00e1pido, preparado para taladrar en metales con una dureza de hasta 800N\/mm2, seg\u00fan la norma DIN 340.<\/p>\n<p>La principal caracter\u00edstica de esta broca espiral met\u00e1lica es la perforaci\u00f3n con capacidad para llegar a zonas de dif\u00edcil acceso, que puede utilizarse para ampliar o avellanar gracias a su \u00e1ngulo de ataque de 118\u00ba.<\/p>\n<p>El uso de la lubricaci\u00f3n durante el proceso de perforaci\u00f3n aumenta la vida \u00fatil de la broca y reduce el calentamiento de la misma. Esta aplicaci\u00f3n no debe ser olvidada cuando se perforan materiales de gran dureza y abrasi\u00f3n.<\/p>\n<p><img class=\"alignnone wp-image-23608\" src=\"https:\/\/chemitool.com\/wp-content\/uploads\/2022\/06\/Condutividade-300x300.png\" alt=\"\" width=\"60\" height=\"60\" srcset=\"https:\/\/chemitool.com\/wp-content\/uploads\/2022\/06\/Condutividade-300x300.png 300w, https:\/\/chemitool.com\/wp-content\/uploads\/2022\/06\/Condutividade-150x150.png 150w, https:\/\/chemitool.com\/wp-content\/uploads\/2022\/06\/Condutividade-100x100.png 100w, https:\/\/chemitool.com\/wp-content\/uploads\/2022\/06\/Condutividade.png 377w\" sizes=\"(max-width: 60px) 100vw, 60px\" \/><img class=\"alignnone wp-image-23602\" src=\"https:\/\/chemitool.com\/wp-content\/uploads\/2022\/06\/Lubrificacao-300x300.png\" alt=\"\" width=\"60\" height=\"60\" srcset=\"https:\/\/chemitool.com\/wp-content\/uploads\/2022\/06\/Lubrificacao-300x300.png 300w, https:\/\/chemitool.com\/wp-content\/uploads\/2022\/06\/Lubrificacao-150x150.png 150w, https:\/\/chemitool.com\/wp-content\/uploads\/2022\/06\/Lubrificacao-100x100.png 100w, https:\/\/chemitool.com\/wp-content\/uploads\/2022\/06\/Lubrificacao.png 377w\" sizes=\"(max-width: 60px) 100vw, 60px\" \/><img class=\"alignnone wp-image-23605\" src=\"https:\/\/chemitool.com\/wp-content\/uploads\/2022\/06\/CorteMao-300x300.png\" alt=\"\" width=\"60\" height=\"60\" srcset=\"https:\/\/chemitool.com\/wp-content\/uploads\/2022\/06\/CorteMao-300x300.png 300w, https:\/\/chemitool.com\/wp-content\/uploads\/2022\/06\/CorteMao-150x150.png 150w, https:\/\/chemitool.com\/wp-content\/uploads\/2022\/06\/CorteMao-100x100.png 100w, https:\/\/chemitool.com\/wp-content\/uploads\/2022\/06\/CorteMao.png 378w\" sizes=\"(max-width: 60px) 100vw, 60px\" \/><img class=\"alignnone wp-image-21338\" src=\"https:\/\/chemitool.com\/wp-content\/uploads\/2022\/04\/Artboard-3-1-300x300.png\" alt=\"\" width=\"67\" height=\"67\" srcset=\"https:\/\/chemitool.com\/wp-content\/uploads\/2022\/04\/Artboard-3-1-300x300.png 300w, https:\/\/chemitool.com\/wp-content\/uploads\/2022\/04\/Artboard-3-1-150x150.png 150w, https:\/\/chemitool.com\/wp-content\/uploads\/2022\/04\/Artboard-3-1-768x767.png 768w, https:\/\/chemitool.com\/wp-content\/uploads\/2022\/04\/Artboard-3-1-650x650.png 650w, https:\/\/chemitool.com\/wp-content\/uploads\/2022\/04\/Artboard-3-1-600x599.png 600w, https:\/\/chemitool.com\/wp-content\/uploads\/2022\/04\/Artboard-3-1-100x100.png 100w, https:\/\/chemitool.com\/wp-content\/uploads\/2022\/04\/Artboard-3-1.png 801w\" sizes=\"(max-width: 67px) 100vw, 67px\" \/><img class=\"alignnone wp-image-21344\" src=\"https:\/\/chemitool.com\/wp-content\/uploads\/2022\/04\/Artboard-5-1-300x300.png\" alt=\"\" width=\"68\" height=\"68\" srcset=\"https:\/\/chemitool.com\/wp-content\/uploads\/2022\/04\/Artboard-5-1-300x300.png 300w, https:\/\/chemitool.com\/wp-content\/uploads\/2022\/04\/Artboard-5-1-150x150.png 150w, https:\/\/chemitool.com\/wp-content\/uploads\/2022\/04\/Artboard-5-1-768x767.png 768w, https:\/\/chemitool.com\/wp-content\/uploads\/2022\/04\/Artboard-5-1-650x650.png 650w, https:\/\/chemitool.com\/wp-content\/uploads\/2022\/04\/Artboard-5-1-600x599.png 600w, https:\/\/chemitool.com\/wp-content\/uploads\/2022\/04\/Artboard-5-1-100x100.png 100w, https:\/\/chemitool.com\/wp-content\/uploads\/2022\/04\/Artboard-5-1.png 801w\" sizes=\"(max-width: 68px) 100vw, 68px\" \/><img class=\"alignnone wp-image-21341\" src=\"https:\/\/chemitool.com\/wp-content\/uploads\/2022\/04\/Artboard-4-1-300x300.png\" alt=\"\" width=\"64\" height=\"64\" srcset=\"https:\/\/chemitool.com\/wp-content\/uploads\/2022\/04\/Artboard-4-1-300x300.png 300w, https:\/\/chemitool.com\/wp-content\/uploads\/2022\/04\/Artboard-4-1-150x150.png 150w, https:\/\/chemitool.com\/wp-content\/uploads\/2022\/04\/Artboard-4-1-768x767.png 768w, https:\/\/chemitool.com\/wp-content\/uploads\/2022\/04\/Artboard-4-1-650x650.png 650w, https:\/\/chemitool.com\/wp-content\/uploads\/2022\/04\/Artboard-4-1-600x599.png 600w, https:\/\/chemitool.com\/wp-content\/uploads\/2022\/04\/Artboard-4-1-100x100.png 100w, https:\/\/chemitool.com\/wp-content\/uploads\/2022\/04\/Artboard-4-1.png 801w\" sizes=\"(max-width: 64px) 100vw, 64px\" \/><\/p>\n","protected":false},"excerpt":{"rendered":"<p><em>Las brocas HSS de CHEMITOOL<\/em> fueron desarrolladas sobre cuidadosos procesos de fabricaci\u00f3n, para proporcionar al profesional una excelente relaci\u00f3n de calidad y rendimiento en la perforaci\u00f3n de metales.Estas brocas se distinguen por su excelente relaci\u00f3n calidad\/precio.<\/p>\n","protected":false},"featured_media":27616,"template":"","meta":[],"product_cat":[1426,4507,4510,4536],"product_tag":[],"yoast_head":"<!-- This site is optimized with the Yoast SEO plugin v17.4 - https:\/\/yoast.com\/wordpress\/plugins\/seo\/ -->\n<title>BROCA ESPIRAL RECTIFICADA DIN340 - HSS-G - LARGA &ndash; Chemitool<\/title>\n<meta name=\"description\" content=\"Las brocas HSS de CHEMITOOL fueron desarrolladas sobre cuidadosos procesos de fabricaci\u00f3n, para proporcionar al profesional una excelente relaci\u00f3n de calidad y rendimiento en la perforaci\u00f3n de metales.Estas brocas se distinguen por su excelente relaci\u00f3n calidad\/precio.\" \/>\n<meta name=\"robots\" content=\"index, follow, max-snippet:-1, max-image-preview:large, max-video-preview:-1\" \/>\n<link rel=\"canonical\" href=\"https:\/\/chemitool.com\/es\/products\/cutting\/herramientas-de-perforacion-acero\/broca-para-acero\/din-340-es\/broca-espiral-rectificada-din340-hss-g-larga\/\" \/>\n<meta property=\"og:locale\" content=\"es_ES\" \/>\n<meta property=\"og:type\" content=\"article\" \/>\n<meta property=\"og:title\" content=\"BROCA ESPIRAL RECTIFICADA DIN340 - HSS-G - LARGA &ndash; Chemitool\" \/>\n<meta property=\"og:description\" content=\"Las brocas HSS de CHEMITOOL fueron desarrolladas sobre cuidadosos procesos de fabricaci\u00f3n, para proporcionar al profesional una excelente relaci\u00f3n de calidad y rendimiento en la perforaci\u00f3n de metales.Estas brocas se distinguen por su excelente relaci\u00f3n calidad\/precio.\" \/>\n<meta property=\"og:url\" content=\"https:\/\/chemitool.com\/es\/products\/cutting\/herramientas-de-perforacion-acero\/broca-para-acero\/din-340-es\/broca-espiral-rectificada-din340-hss-g-larga\/\" \/>\n<meta property=\"og:site_name\" content=\"Chemitool\" \/>\n<meta property=\"article:publisher\" content=\"https:\/\/www.facebook.com\/chemitool\" \/>\n<meta property=\"article:modified_time\" content=\"2022-11-08T17:31:43+00:00\" \/>\n<meta property=\"og:image\" content=\"https:\/\/chemitool.com\/wp-content\/uploads\/2022\/11\/CHA1908_DIN340.png\" \/>\n\t<meta property=\"og:image:width\" content=\"800\" \/>\n\t<meta property=\"og:image:height\" content=\"800\" \/>\n<meta name=\"twitter:card\" content=\"summary_large_image\" \/>\n<meta name=\"twitter:label1\" content=\"Tiempo de lectura\" \/>\n\t<meta name=\"twitter:data1\" content=\"1 minuto\" \/>\n<script type=\"application\/ld+json\" class=\"yoast-schema-graph\">{\"@context\":\"https:\/\/schema.org\",\"@graph\":[{\"@type\":\"Organization\",\"@id\":\"https:\/\/chemitool.com\/#organization\",\"name\":\"Chemitool\",\"url\":\"https:\/\/chemitool.com\/\",\"sameAs\":[\"https:\/\/www.facebook.com\/chemitool\",\"https:\/\/www.instagram.com\/chemitool\/\"],\"logo\":{\"@type\":\"ImageObject\",\"@id\":\"https:\/\/chemitool.com\/#logo\",\"inLanguage\":\"es\",\"url\":\"https:\/\/chemitool.com\/wp-content\/uploads\/2020\/10\/logo_chemitool.png\",\"contentUrl\":\"https:\/\/chemitool.com\/wp-content\/uploads\/2020\/10\/logo_chemitool.png\",\"width\":400,\"height\":400,\"caption\":\"Chemitool\"},\"image\":{\"@id\":\"https:\/\/chemitool.com\/#logo\"}},{\"@type\":\"WebSite\",\"@id\":\"https:\/\/chemitool.com\/#website\",\"url\":\"https:\/\/chemitool.com\/\",\"name\":\"Chemitool\",\"description\":\"Chemitool - hardware and tools\",\"publisher\":{\"@id\":\"https:\/\/chemitool.com\/#organization\"},\"potentialAction\":[{\"@type\":\"SearchAction\",\"target\":{\"@type\":\"EntryPoint\",\"urlTemplate\":\"https:\/\/chemitool.com\/?s={search_term_string}\"},\"query-input\":\"required name=search_term_string\"}],\"inLanguage\":\"es\"},{\"@type\":\"ImageObject\",\"@id\":\"https:\/\/chemitool.com\/es\/products\/cutting\/herramientas-de-perforacion-acero\/broca-para-acero\/din-340-es\/broca-espiral-rectificada-din340-hss-g-larga\/#primaryimage\",\"inLanguage\":\"es\",\"url\":\"https:\/\/chemitool.com\/wp-content\/uploads\/2022\/11\/CHA1908_DIN340.png\",\"contentUrl\":\"https:\/\/chemitool.com\/wp-content\/uploads\/2022\/11\/CHA1908_DIN340.png\",\"width\":800,\"height\":800},{\"@type\":\"WebPage\",\"@id\":\"https:\/\/chemitool.com\/es\/products\/cutting\/herramientas-de-perforacion-acero\/broca-para-acero\/din-340-es\/broca-espiral-rectificada-din340-hss-g-larga\/#webpage\",\"url\":\"https:\/\/chemitool.com\/es\/products\/cutting\/herramientas-de-perforacion-acero\/broca-para-acero\/din-340-es\/broca-espiral-rectificada-din340-hss-g-larga\/\",\"name\":\"BROCA ESPIRAL RECTIFICADA DIN340 - HSS-G - LARGA &ndash; Chemitool\",\"isPartOf\":{\"@id\":\"https:\/\/chemitool.com\/#website\"},\"primaryImageOfPage\":{\"@id\":\"https:\/\/chemitool.com\/es\/products\/cutting\/herramientas-de-perforacion-acero\/broca-para-acero\/din-340-es\/broca-espiral-rectificada-din340-hss-g-larga\/#primaryimage\"},\"datePublished\":\"2022-11-08T11:17:34+00:00\",\"dateModified\":\"2022-11-08T17:31:43+00:00\",\"description\":\"Las brocas HSS de CHEMITOOL fueron desarrolladas sobre cuidadosos procesos de fabricaci\\u00f3n, para proporcionar al profesional una excelente relaci\\u00f3n de calidad y rendimiento en la perforaci\\u00f3n de metales.Estas brocas se distinguen por su excelente relaci\\u00f3n calidad\/precio.\",\"breadcrumb\":{\"@id\":\"https:\/\/chemitool.com\/es\/products\/cutting\/herramientas-de-perforacion-acero\/broca-para-acero\/din-340-es\/broca-espiral-rectificada-din340-hss-g-larga\/#breadcrumb\"},\"inLanguage\":\"es\",\"potentialAction\":[{\"@type\":\"ReadAction\",\"target\":[\"https:\/\/chemitool.com\/es\/products\/cutting\/herramientas-de-perforacion-acero\/broca-para-acero\/din-340-es\/broca-espiral-rectificada-din340-hss-g-larga\/\"]}]},{\"@type\":\"BreadcrumbList\",\"@id\":\"https:\/\/chemitool.com\/es\/products\/cutting\/herramientas-de-perforacion-acero\/broca-para-acero\/din-340-es\/broca-espiral-rectificada-din340-hss-g-larga\/#breadcrumb\",\"itemListElement\":[{\"@type\":\"ListItem\",\"position\":1,\"name\":\"Home\",\"item\":\"https:\/\/chemitool.com\/es\/\"},{\"@type\":\"ListItem\",\"position\":2,\"name\":\"Productos\",\"item\":\"https:\/\/chemitool.com\/es\/productos\/\"},{\"@type\":\"ListItem\",\"position\":3,\"name\":\"Cutting\",\"item\":\"https:\/\/chemitool.com\/es\/categoria-producto\/cutting\/\"},{\"@type\":\"ListItem\",\"position\":4,\"name\":\"HERRAMIENTAS DE PERFORACION ACERO\",\"item\":\"https:\/\/chemitool.com\/es\/categoria-producto\/cutting\/herramientas-de-perforacion-acero\/\"},{\"@type\":\"ListItem\",\"position\":5,\"name\":\"BROCAS PARA ACERO\",\"item\":\"https:\/\/chemitool.com\/es\/categoria-producto\/cutting\/herramientas-de-perforacion-acero\/broca-para-acero\/\"},{\"@type\":\"ListItem\",\"position\":6,\"name\":\"DIN 340\",\"item\":\"https:\/\/chemitool.com\/es\/categoria-producto\/cutting\/herramientas-de-perforacion-acero\/broca-para-acero\/din-340-es\/\"},{\"@type\":\"ListItem\",\"position\":7,\"name\":\"BROCA ESPIRAL RECTIFICADA DIN340 &#8211; HSS-G &#8211; LARGA\"}]}]}<\/script>\n<!-- \/ Yoast SEO plugin. -->","yoast_head_json":{"title":"BROCA ESPIRAL RECTIFICADA DIN340 - HSS-G - LARGA &ndash; Chemitool","description":"Las brocas HSS de CHEMITOOL fueron desarrolladas sobre cuidadosos procesos de fabricaci\u00f3n, para proporcionar al profesional una excelente relaci\u00f3n de calidad y rendimiento en la perforaci\u00f3n de metales.Estas brocas se distinguen por su excelente relaci\u00f3n calidad\/precio.","robots":{"index":"index","follow":"follow","max-snippet":"max-snippet:-1","max-image-preview":"max-image-preview:large","max-video-preview":"max-video-preview:-1"},"canonical":"https:\/\/chemitool.com\/es\/products\/cutting\/herramientas-de-perforacion-acero\/broca-para-acero\/din-340-es\/broca-espiral-rectificada-din340-hss-g-larga\/","og_locale":"es_ES","og_type":"article","og_title":"BROCA ESPIRAL RECTIFICADA DIN340 - HSS-G - LARGA &ndash; Chemitool","og_description":"Las brocas HSS de CHEMITOOL fueron desarrolladas sobre cuidadosos procesos de fabricaci\u00f3n, para proporcionar al profesional una excelente relaci\u00f3n de calidad y rendimiento en la perforaci\u00f3n de metales.Estas brocas se distinguen por su excelente relaci\u00f3n calidad\/precio.","og_url":"https:\/\/chemitool.com\/es\/products\/cutting\/herramientas-de-perforacion-acero\/broca-para-acero\/din-340-es\/broca-espiral-rectificada-din340-hss-g-larga\/","og_site_name":"Chemitool","article_publisher":"https:\/\/www.facebook.com\/chemitool","article_modified_time":"2022-11-08T17:31:43+00:00","og_image":[{"width":800,"height":800,"url":"https:\/\/chemitool.com\/wp-content\/uploads\/2022\/11\/CHA1908_DIN340.png","type":"image\/png"}],"twitter_card":"summary_large_image","twitter_misc":{"Tiempo de lectura":"1 minuto"},"schema":{"@context":"https:\/\/schema.org","@graph":[{"@type":"Organization","@id":"https:\/\/chemitool.com\/#organization","name":"Chemitool","url":"https:\/\/chemitool.com\/","sameAs":["https:\/\/www.facebook.com\/chemitool","https:\/\/www.instagram.com\/chemitool\/"],"logo":{"@type":"ImageObject","@id":"https:\/\/chemitool.com\/#logo","inLanguage":"es","url":"https:\/\/chemitool.com\/wp-content\/uploads\/2020\/10\/logo_chemitool.png","contentUrl":"https:\/\/chemitool.com\/wp-content\/uploads\/2020\/10\/logo_chemitool.png","width":400,"height":400,"caption":"Chemitool"},"image":{"@id":"https:\/\/chemitool.com\/#logo"}},{"@type":"WebSite","@id":"https:\/\/chemitool.com\/#website","url":"https:\/\/chemitool.com\/","name":"Chemitool","description":"Chemitool - hardware and tools","publisher":{"@id":"https:\/\/chemitool.com\/#organization"},"potentialAction":[{"@type":"SearchAction","target":{"@type":"EntryPoint","urlTemplate":"https:\/\/chemitool.com\/?s={search_term_string}"},"query-input":"required name=search_term_string"}],"inLanguage":"es"},{"@type":"ImageObject","@id":"https:\/\/chemitool.com\/es\/products\/cutting\/herramientas-de-perforacion-acero\/broca-para-acero\/din-340-es\/broca-espiral-rectificada-din340-hss-g-larga\/#primaryimage","inLanguage":"es","url":"https:\/\/chemitool.com\/wp-content\/uploads\/2022\/11\/CHA1908_DIN340.png","contentUrl":"https:\/\/chemitool.com\/wp-content\/uploads\/2022\/11\/CHA1908_DIN340.png","width":800,"height":800},{"@type":"WebPage","@id":"https:\/\/chemitool.com\/es\/products\/cutting\/herramientas-de-perforacion-acero\/broca-para-acero\/din-340-es\/broca-espiral-rectificada-din340-hss-g-larga\/#webpage","url":"https:\/\/chemitool.com\/es\/products\/cutting\/herramientas-de-perforacion-acero\/broca-para-acero\/din-340-es\/broca-espiral-rectificada-din340-hss-g-larga\/","name":"BROCA ESPIRAL RECTIFICADA DIN340 - HSS-G - LARGA &ndash; Chemitool","isPartOf":{"@id":"https:\/\/chemitool.com\/#website"},"primaryImageOfPage":{"@id":"https:\/\/chemitool.com\/es\/products\/cutting\/herramientas-de-perforacion-acero\/broca-para-acero\/din-340-es\/broca-espiral-rectificada-din340-hss-g-larga\/#primaryimage"},"datePublished":"2022-11-08T11:17:34+00:00","dateModified":"2022-11-08T17:31:43+00:00","description":"Las brocas HSS de CHEMITOOL fueron desarrolladas sobre cuidadosos procesos de fabricaci\u00f3n, para proporcionar al profesional una excelente relaci\u00f3n de calidad y rendimiento en la perforaci\u00f3n de metales.Estas brocas se distinguen por su excelente relaci\u00f3n calidad\/precio.","breadcrumb":{"@id":"https:\/\/chemitool.com\/es\/products\/cutting\/herramientas-de-perforacion-acero\/broca-para-acero\/din-340-es\/broca-espiral-rectificada-din340-hss-g-larga\/#breadcrumb"},"inLanguage":"es","potentialAction":[{"@type":"ReadAction","target":["https:\/\/chemitool.com\/es\/products\/cutting\/herramientas-de-perforacion-acero\/broca-para-acero\/din-340-es\/broca-espiral-rectificada-din340-hss-g-larga\/"]}]},{"@type":"BreadcrumbList","@id":"https:\/\/chemitool.com\/es\/products\/cutting\/herramientas-de-perforacion-acero\/broca-para-acero\/din-340-es\/broca-espiral-rectificada-din340-hss-g-larga\/#breadcrumb","itemListElement":[{"@type":"ListItem","position":1,"name":"Home","item":"https:\/\/chemitool.com\/es\/"},{"@type":"ListItem","position":2,"name":"Productos","item":"https:\/\/chemitool.com\/es\/productos\/"},{"@type":"ListItem","position":3,"name":"Cutting","item":"https:\/\/chemitool.com\/es\/categoria-producto\/cutting\/"},{"@type":"ListItem","position":4,"name":"HERRAMIENTAS DE PERFORACION ACERO","item":"https:\/\/chemitool.com\/es\/categoria-producto\/cutting\/herramientas-de-perforacion-acero\/"},{"@type":"ListItem","position":5,"name":"BROCAS PARA ACERO","item":"https:\/\/chemitool.com\/es\/categoria-producto\/cutting\/herramientas-de-perforacion-acero\/broca-para-acero\/"},{"@type":"ListItem","position":6,"name":"DIN 340","item":"https:\/\/chemitool.com\/es\/categoria-producto\/cutting\/herramientas-de-perforacion-acero\/broca-para-acero\/din-340-es\/"},{"@type":"ListItem","position":7,"name":"BROCA ESPIRAL RECTIFICADA DIN340 &#8211; HSS-G &#8211; LARGA"}]}]}},"_links":{"self":[{"href":"https:\/\/chemitool.com\/es\/wp-json\/wp\/v2\/product\/27494"}],"collection":[{"href":"https:\/\/chemitool.com\/es\/wp-json\/wp\/v2\/product"}],"about":[{"href":"https:\/\/chemitool.com\/es\/wp-json\/wp\/v2\/types\/product"}],"wp:featuredmedia":[{"embeddable":true,"href":"https:\/\/chemitool.com\/es\/wp-json\/wp\/v2\/media\/27616"}],"wp:attachment":[{"href":"https:\/\/chemitool.com\/es\/wp-json\/wp\/v2\/media?parent=27494"}],"wp:term":[{"taxonomy":"product_cat","embeddable":true,"href":"https:\/\/chemitool.com\/es\/wp-json\/wp\/v2\/product_cat?post=27494"},{"taxonomy":"product_tag","embeddable":true,"href":"https:\/\/chemitool.com\/es\/wp-json\/wp\/v2\/product_tag?post=27494"}],"curies":[{"name":"wp","href":"https:\/\/api.w.org\/{rel}","templated":true}]}}