{"id":26894,"date":"2022-09-29T16:13:08","date_gmt":"2022-09-29T16:13:15","guid":{"rendered":"https:\/\/chemitool.com\/?post_type=product&#038;p=26894"},"modified":"2023-05-22T15:54:15","modified_gmt":"2023-05-22T15:54:15","slug":"guante-poliester-con-doble-recubrimiento-de-nitrilo","status":"publish","type":"product","link":"https:\/\/chemitool.com\/es\/products\/safety\/guantes-de-seguridad\/guantes-de-uso-general\/guante-poliester-con-doble-recubrimiento-de-nitrilo\/","title":{"rendered":"GUANTE POLI\u00c9STER CON DOBLE RECUBRIMIENTO DE NITRILO"},"content":{"rendered":"<ul>\n<li>Resistente al agua en toda la mano<\/li>\n<li>Malla sin costuras<\/li>\n<li>Flexible<\/li>\n<li>Agarre extra<\/li>\n<\/ul>\n<p>Usos: Industria en general, log\u00edstica, construcci\u00f3n, industria autom\u00f3vil, aeron\u00e1utica, transporte, talleres mec\u00e1nicos y servicios de mantenimiento.<\/p>\n<p><img class=\"alignnone wp-image-14896 size-full\" src=\"https:\/\/chemitool.com\/wp-content\/uploads\/2021\/09\/CE_CAT2.png\" alt=\"\" width=\"104\" height=\"119\" \/> <img class=\"alignnone wp-image-26897\" src=\"https:\/\/chemitool.com\/wp-content\/uploads\/2022\/09\/EN-388_4.1.3.1.X.png\" alt=\"\" width=\"104\" height=\"119\" \/><\/p>\n","protected":false},"excerpt":{"rendered":"<p><em>Guante Poli\u00e9ster con Doble Recubrimiento de Nitrilo CHEMITOOL <\/em>es un guante de poli\u00e9ster con doble capa de nitrilo. Recubrimiento completo de nitrilo en el dorso y palma y refuerzo en espuma de nitrilo arenoso en la palma. Estos guantes resistentes a l\u00edquidos protegen contra la penetraci\u00f3n de l\u00edquidos con la doble capa exterior de nitrilo. La espuma de nitrilo arenosa sobre el recubrimiento de nitrilo garantiza la seguridad con un agarre absorbente, incluso cuando se trabaja con componentes aceitosos. Malla sin costuras para reducir la irritaci\u00f3n de la piel y reducir la fatiga.<\/p>\n","protected":false},"featured_media":27114,"template":"","meta":[],"product_cat":[1454,3102,4499],"product_tag":[],"yoast_head":"<!-- This site is optimized with the Yoast SEO plugin v17.4 - https:\/\/yoast.com\/wordpress\/plugins\/seo\/ -->\n<title>GUANTE POLI\u00c9STER CON DOBLE RECUBRIMIENTO DE NITRILO &ndash; Chemitool<\/title>\n<meta name=\"description\" content=\"Guante Poli\u00e9ster con Doble Recubrimiento de Nitrilo CHEMITOOL es un guante de poli\u00e9ster con doble capa de nitrilo. Recubrimiento completo de nitrilo en el dorso y palma y refuerzo en espuma de nitrilo arenoso en la palma. Estos guantes resistentes a l\u00edquidos protegen contra la penetraci\u00f3n de l\u00edquidos con la doble capa exterior de nitrilo. La espuma de nitrilo arenosa sobre el recubrimiento de nitrilo garantiza la seguridad con un agarre absorbente, incluso cuando se trabaja con componentes aceitosos. Malla sin costuras para reducir la irritaci\u00f3n de la piel y reducir la fatiga.\" \/>\n<meta name=\"robots\" content=\"index, follow, max-snippet:-1, max-image-preview:large, max-video-preview:-1\" \/>\n<link rel=\"canonical\" href=\"https:\/\/chemitool.com\/es\/products\/safety\/guantes-de-seguridad\/guantes-de-uso-general\/guante-poliester-con-doble-recubrimiento-de-nitrilo\/\" \/>\n<meta property=\"og:locale\" content=\"es_ES\" \/>\n<meta property=\"og:type\" content=\"article\" \/>\n<meta property=\"og:title\" content=\"GUANTE POLI\u00c9STER CON DOBLE RECUBRIMIENTO DE NITRILO &ndash; Chemitool\" \/>\n<meta property=\"og:description\" content=\"Guante Poli\u00e9ster con Doble Recubrimiento de Nitrilo CHEMITOOL es un guante de poli\u00e9ster con doble capa de nitrilo. Recubrimiento completo de nitrilo en el dorso y palma y refuerzo en espuma de nitrilo arenoso en la palma. Estos guantes resistentes a l\u00edquidos protegen contra la penetraci\u00f3n de l\u00edquidos con la doble capa exterior de nitrilo. La espuma de nitrilo arenosa sobre el recubrimiento de nitrilo garantiza la seguridad con un agarre absorbente, incluso cuando se trabaja con componentes aceitosos. Malla sin costuras para reducir la irritaci\u00f3n de la piel y reducir la fatiga.\" \/>\n<meta property=\"og:url\" content=\"https:\/\/chemitool.com\/es\/products\/safety\/guantes-de-seguridad\/guantes-de-uso-general\/guante-poliester-con-doble-recubrimiento-de-nitrilo\/\" \/>\n<meta property=\"og:site_name\" content=\"Chemitool\" \/>\n<meta property=\"article:publisher\" content=\"https:\/\/www.facebook.com\/chemitool\" \/>\n<meta property=\"article:modified_time\" content=\"2023-05-22T15:54:15+00:00\" \/>\n<meta property=\"og:image\" content=\"https:\/\/chemitool.com\/wp-content\/uploads\/2022\/09\/CHS02112808_5604630114035-1.png\" \/>\n\t<meta property=\"og:image:width\" content=\"800\" \/>\n\t<meta property=\"og:image:height\" content=\"800\" \/>\n<meta name=\"twitter:card\" content=\"summary_large_image\" \/>\n<meta name=\"twitter:label1\" content=\"Tiempo de lectura\" \/>\n\t<meta name=\"twitter:data1\" content=\"2 minutos\" \/>\n<script type=\"application\/ld+json\" class=\"yoast-schema-graph\">{\"@context\":\"https:\/\/schema.org\",\"@graph\":[{\"@type\":\"Organization\",\"@id\":\"https:\/\/chemitool.com\/#organization\",\"name\":\"Chemitool\",\"url\":\"https:\/\/chemitool.com\/\",\"sameAs\":[\"https:\/\/www.facebook.com\/chemitool\",\"https:\/\/www.instagram.com\/chemitool\/\"],\"logo\":{\"@type\":\"ImageObject\",\"@id\":\"https:\/\/chemitool.com\/#logo\",\"inLanguage\":\"es\",\"url\":\"https:\/\/chemitool.com\/wp-content\/uploads\/2020\/10\/logo_chemitool.png\",\"contentUrl\":\"https:\/\/chemitool.com\/wp-content\/uploads\/2020\/10\/logo_chemitool.png\",\"width\":400,\"height\":400,\"caption\":\"Chemitool\"},\"image\":{\"@id\":\"https:\/\/chemitool.com\/#logo\"}},{\"@type\":\"WebSite\",\"@id\":\"https:\/\/chemitool.com\/#website\",\"url\":\"https:\/\/chemitool.com\/\",\"name\":\"Chemitool\",\"description\":\"Chemitool - hardware and tools\",\"publisher\":{\"@id\":\"https:\/\/chemitool.com\/#organization\"},\"potentialAction\":[{\"@type\":\"SearchAction\",\"target\":{\"@type\":\"EntryPoint\",\"urlTemplate\":\"https:\/\/chemitool.com\/?s={search_term_string}\"},\"query-input\":\"required name=search_term_string\"}],\"inLanguage\":\"es\"},{\"@type\":\"ImageObject\",\"@id\":\"https:\/\/chemitool.com\/es\/products\/safety\/guantes-de-seguridad\/guantes-de-uso-general\/guante-poliester-con-doble-recubrimiento-de-nitrilo\/#primaryimage\",\"inLanguage\":\"es\",\"url\":\"https:\/\/chemitool.com\/wp-content\/uploads\/2022\/09\/CHS02112808_5604630114035-1.png\",\"contentUrl\":\"https:\/\/chemitool.com\/wp-content\/uploads\/2022\/09\/CHS02112808_5604630114035-1.png\",\"width\":800,\"height\":800},{\"@type\":\"WebPage\",\"@id\":\"https:\/\/chemitool.com\/es\/products\/safety\/guantes-de-seguridad\/guantes-de-uso-general\/guante-poliester-con-doble-recubrimiento-de-nitrilo\/#webpage\",\"url\":\"https:\/\/chemitool.com\/es\/products\/safety\/guantes-de-seguridad\/guantes-de-uso-general\/guante-poliester-con-doble-recubrimiento-de-nitrilo\/\",\"name\":\"GUANTE POLI\\u00c9STER CON DOBLE RECUBRIMIENTO DE NITRILO &ndash; Chemitool\",\"isPartOf\":{\"@id\":\"https:\/\/chemitool.com\/#website\"},\"primaryImageOfPage\":{\"@id\":\"https:\/\/chemitool.com\/es\/products\/safety\/guantes-de-seguridad\/guantes-de-uso-general\/guante-poliester-con-doble-recubrimiento-de-nitrilo\/#primaryimage\"},\"datePublished\":\"2022-09-29T16:13:15+00:00\",\"dateModified\":\"2023-05-22T15:54:15+00:00\",\"description\":\"Guante Poli\\u00e9ster con Doble Recubrimiento de Nitrilo CHEMITOOL es un guante de poli\\u00e9ster con doble capa de nitrilo. Recubrimiento completo de nitrilo en el dorso y palma y refuerzo en espuma de nitrilo arenoso en la palma. Estos guantes resistentes a l\\u00edquidos protegen contra la penetraci\\u00f3n de l\\u00edquidos con la doble capa exterior de nitrilo. La espuma de nitrilo arenosa sobre el recubrimiento de nitrilo garantiza la seguridad con un agarre absorbente, incluso cuando se trabaja con componentes aceitosos. Malla sin costuras para reducir la irritaci\\u00f3n de la piel y reducir la fatiga.\",\"breadcrumb\":{\"@id\":\"https:\/\/chemitool.com\/es\/products\/safety\/guantes-de-seguridad\/guantes-de-uso-general\/guante-poliester-con-doble-recubrimiento-de-nitrilo\/#breadcrumb\"},\"inLanguage\":\"es\",\"potentialAction\":[{\"@type\":\"ReadAction\",\"target\":[\"https:\/\/chemitool.com\/es\/products\/safety\/guantes-de-seguridad\/guantes-de-uso-general\/guante-poliester-con-doble-recubrimiento-de-nitrilo\/\"]}]},{\"@type\":\"BreadcrumbList\",\"@id\":\"https:\/\/chemitool.com\/es\/products\/safety\/guantes-de-seguridad\/guantes-de-uso-general\/guante-poliester-con-doble-recubrimiento-de-nitrilo\/#breadcrumb\",\"itemListElement\":[{\"@type\":\"ListItem\",\"position\":1,\"name\":\"Home\",\"item\":\"https:\/\/chemitool.com\/es\/\"},{\"@type\":\"ListItem\",\"position\":2,\"name\":\"Productos\",\"item\":\"https:\/\/chemitool.com\/es\/productos\/\"},{\"@type\":\"ListItem\",\"position\":3,\"name\":\"Safety\",\"item\":\"https:\/\/chemitool.com\/es\/categoria-producto\/safety\/\"},{\"@type\":\"ListItem\",\"position\":4,\"name\":\"guantes de seguridad\",\"item\":\"https:\/\/chemitool.com\/es\/categoria-producto\/safety\/guantes-de-seguridad\/\"},{\"@type\":\"ListItem\",\"position\":5,\"name\":\"Guantes de uso general\",\"item\":\"https:\/\/chemitool.com\/es\/categoria-producto\/safety\/guantes-de-seguridad\/guantes-de-uso-general\/\"},{\"@type\":\"ListItem\",\"position\":6,\"name\":\"GUANTE POLI\\u00c9STER CON DOBLE RECUBRIMIENTO DE NITRILO\"}]}]}<\/script>\n<!-- \/ Yoast SEO plugin. -->","yoast_head_json":{"title":"GUANTE POLI\u00c9STER CON DOBLE RECUBRIMIENTO DE NITRILO &ndash; Chemitool","description":"Guante Poli\u00e9ster con Doble Recubrimiento de Nitrilo CHEMITOOL es un guante de poli\u00e9ster con doble capa de nitrilo. Recubrimiento completo de nitrilo en el dorso y palma y refuerzo en espuma de nitrilo arenoso en la palma. Estos guantes resistentes a l\u00edquidos protegen contra la penetraci\u00f3n de l\u00edquidos con la doble capa exterior de nitrilo. La espuma de nitrilo arenosa sobre el recubrimiento de nitrilo garantiza la seguridad con un agarre absorbente, incluso cuando se trabaja con componentes aceitosos. Malla sin costuras para reducir la irritaci\u00f3n de la piel y reducir la fatiga.","robots":{"index":"index","follow":"follow","max-snippet":"max-snippet:-1","max-image-preview":"max-image-preview:large","max-video-preview":"max-video-preview:-1"},"canonical":"https:\/\/chemitool.com\/es\/products\/safety\/guantes-de-seguridad\/guantes-de-uso-general\/guante-poliester-con-doble-recubrimiento-de-nitrilo\/","og_locale":"es_ES","og_type":"article","og_title":"GUANTE POLI\u00c9STER CON DOBLE RECUBRIMIENTO DE NITRILO &ndash; Chemitool","og_description":"Guante Poli\u00e9ster con Doble Recubrimiento de Nitrilo CHEMITOOL es un guante de poli\u00e9ster con doble capa de nitrilo. Recubrimiento completo de nitrilo en el dorso y palma y refuerzo en espuma de nitrilo arenoso en la palma. Estos guantes resistentes a l\u00edquidos protegen contra la penetraci\u00f3n de l\u00edquidos con la doble capa exterior de nitrilo. La espuma de nitrilo arenosa sobre el recubrimiento de nitrilo garantiza la seguridad con un agarre absorbente, incluso cuando se trabaja con componentes aceitosos. Malla sin costuras para reducir la irritaci\u00f3n de la piel y reducir la fatiga.","og_url":"https:\/\/chemitool.com\/es\/products\/safety\/guantes-de-seguridad\/guantes-de-uso-general\/guante-poliester-con-doble-recubrimiento-de-nitrilo\/","og_site_name":"Chemitool","article_publisher":"https:\/\/www.facebook.com\/chemitool","article_modified_time":"2023-05-22T15:54:15+00:00","og_image":[{"width":800,"height":800,"url":"https:\/\/chemitool.com\/wp-content\/uploads\/2022\/09\/CHS02112808_5604630114035-1.png","type":"image\/png"}],"twitter_card":"summary_large_image","twitter_misc":{"Tiempo de lectura":"2 minutos"},"schema":{"@context":"https:\/\/schema.org","@graph":[{"@type":"Organization","@id":"https:\/\/chemitool.com\/#organization","name":"Chemitool","url":"https:\/\/chemitool.com\/","sameAs":["https:\/\/www.facebook.com\/chemitool","https:\/\/www.instagram.com\/chemitool\/"],"logo":{"@type":"ImageObject","@id":"https:\/\/chemitool.com\/#logo","inLanguage":"es","url":"https:\/\/chemitool.com\/wp-content\/uploads\/2020\/10\/logo_chemitool.png","contentUrl":"https:\/\/chemitool.com\/wp-content\/uploads\/2020\/10\/logo_chemitool.png","width":400,"height":400,"caption":"Chemitool"},"image":{"@id":"https:\/\/chemitool.com\/#logo"}},{"@type":"WebSite","@id":"https:\/\/chemitool.com\/#website","url":"https:\/\/chemitool.com\/","name":"Chemitool","description":"Chemitool - hardware and tools","publisher":{"@id":"https:\/\/chemitool.com\/#organization"},"potentialAction":[{"@type":"SearchAction","target":{"@type":"EntryPoint","urlTemplate":"https:\/\/chemitool.com\/?s={search_term_string}"},"query-input":"required name=search_term_string"}],"inLanguage":"es"},{"@type":"ImageObject","@id":"https:\/\/chemitool.com\/es\/products\/safety\/guantes-de-seguridad\/guantes-de-uso-general\/guante-poliester-con-doble-recubrimiento-de-nitrilo\/#primaryimage","inLanguage":"es","url":"https:\/\/chemitool.com\/wp-content\/uploads\/2022\/09\/CHS02112808_5604630114035-1.png","contentUrl":"https:\/\/chemitool.com\/wp-content\/uploads\/2022\/09\/CHS02112808_5604630114035-1.png","width":800,"height":800},{"@type":"WebPage","@id":"https:\/\/chemitool.com\/es\/products\/safety\/guantes-de-seguridad\/guantes-de-uso-general\/guante-poliester-con-doble-recubrimiento-de-nitrilo\/#webpage","url":"https:\/\/chemitool.com\/es\/products\/safety\/guantes-de-seguridad\/guantes-de-uso-general\/guante-poliester-con-doble-recubrimiento-de-nitrilo\/","name":"GUANTE POLI\u00c9STER CON DOBLE RECUBRIMIENTO DE NITRILO &ndash; Chemitool","isPartOf":{"@id":"https:\/\/chemitool.com\/#website"},"primaryImageOfPage":{"@id":"https:\/\/chemitool.com\/es\/products\/safety\/guantes-de-seguridad\/guantes-de-uso-general\/guante-poliester-con-doble-recubrimiento-de-nitrilo\/#primaryimage"},"datePublished":"2022-09-29T16:13:15+00:00","dateModified":"2023-05-22T15:54:15+00:00","description":"Guante Poli\u00e9ster con Doble Recubrimiento de Nitrilo CHEMITOOL es un guante de poli\u00e9ster con doble capa de nitrilo. Recubrimiento completo de nitrilo en el dorso y palma y refuerzo en espuma de nitrilo arenoso en la palma. Estos guantes resistentes a l\u00edquidos protegen contra la penetraci\u00f3n de l\u00edquidos con la doble capa exterior de nitrilo. La espuma de nitrilo arenosa sobre el recubrimiento de nitrilo garantiza la seguridad con un agarre absorbente, incluso cuando se trabaja con componentes aceitosos. Malla sin costuras para reducir la irritaci\u00f3n de la piel y reducir la fatiga.","breadcrumb":{"@id":"https:\/\/chemitool.com\/es\/products\/safety\/guantes-de-seguridad\/guantes-de-uso-general\/guante-poliester-con-doble-recubrimiento-de-nitrilo\/#breadcrumb"},"inLanguage":"es","potentialAction":[{"@type":"ReadAction","target":["https:\/\/chemitool.com\/es\/products\/safety\/guantes-de-seguridad\/guantes-de-uso-general\/guante-poliester-con-doble-recubrimiento-de-nitrilo\/"]}]},{"@type":"BreadcrumbList","@id":"https:\/\/chemitool.com\/es\/products\/safety\/guantes-de-seguridad\/guantes-de-uso-general\/guante-poliester-con-doble-recubrimiento-de-nitrilo\/#breadcrumb","itemListElement":[{"@type":"ListItem","position":1,"name":"Home","item":"https:\/\/chemitool.com\/es\/"},{"@type":"ListItem","position":2,"name":"Productos","item":"https:\/\/chemitool.com\/es\/productos\/"},{"@type":"ListItem","position":3,"name":"Safety","item":"https:\/\/chemitool.com\/es\/categoria-producto\/safety\/"},{"@type":"ListItem","position":4,"name":"guantes de seguridad","item":"https:\/\/chemitool.com\/es\/categoria-producto\/safety\/guantes-de-seguridad\/"},{"@type":"ListItem","position":5,"name":"Guantes de uso general","item":"https:\/\/chemitool.com\/es\/categoria-producto\/safety\/guantes-de-seguridad\/guantes-de-uso-general\/"},{"@type":"ListItem","position":6,"name":"GUANTE POLI\u00c9STER CON DOBLE RECUBRIMIENTO DE NITRILO"}]}]}},"_links":{"self":[{"href":"https:\/\/chemitool.com\/es\/wp-json\/wp\/v2\/product\/26894"}],"collection":[{"href":"https:\/\/chemitool.com\/es\/wp-json\/wp\/v2\/product"}],"about":[{"href":"https:\/\/chemitool.com\/es\/wp-json\/wp\/v2\/types\/product"}],"wp:featuredmedia":[{"embeddable":true,"href":"https:\/\/chemitool.com\/es\/wp-json\/wp\/v2\/media\/27114"}],"wp:attachment":[{"href":"https:\/\/chemitool.com\/es\/wp-json\/wp\/v2\/media?parent=26894"}],"wp:term":[{"taxonomy":"product_cat","embeddable":true,"href":"https:\/\/chemitool.com\/es\/wp-json\/wp\/v2\/product_cat?post=26894"},{"taxonomy":"product_tag","embeddable":true,"href":"https:\/\/chemitool.com\/es\/wp-json\/wp\/v2\/product_tag?post=26894"}],"curies":[{"name":"wp","href":"https:\/\/api.w.org\/{rel}","templated":true}]}}