{"id":26564,"date":"2022-09-26T14:08:22","date_gmt":"2022-09-26T14:08:29","guid":{"rendered":"https:\/\/chemitool.com\/?post_type=product&#038;p=26564"},"modified":"2022-09-26T16:37:46","modified_gmt":"2022-09-26T16:37:46","slug":"disco-pastilhado-painel-sandwhich","status":"publish","type":"product","link":"https:\/\/chemitool.com\/es\/products\/cutting\/herramientas-de-aserrado\/hojas-de-sierra-circulares\/disco-pastilhado-painel-sandwhich\/","title":{"rendered":"DISCO PASTILHADO PAINEL SANDWHICH"},"content":{"rendered":"<p><strong>VENTAJAS<\/strong><\/p>\n<ul>\n<li>Gran relaci\u00f3n calidad\/valor<\/li>\n<li>Dientes de carburo de tungsteno<\/li>\n<li>Alto rendimiento de corte<\/li>\n<li>Alta estabilidad y seguridad en el trabajo<\/li>\n<li>Resistencia a la rotura<\/li>\n<li>Baja vibraci\u00f3n<\/li>\n<li>Larga vida \u00fatil de la herramienta<\/li>\n<\/ul>\n<p>La hoja de sierra circular <strong>CHEMITOOL<\/strong> es compuesto por dientes de carburo de tungsteno de alta calidad soldados en un proceso autom\u00e1tico. El cuerpo de la hoja de sierra y las ranuras de expansi\u00f3n se cortan con l\u00e1ser para proporcionar robustez y precisi\u00f3n evitando la deformaci\u00f3n con el fin de obtener una gran relaci\u00f3n calidad\/valor.<\/p>\n<p>El principal rasgo de esta hoja de sierra circular para paneles s\u00e1ndwich se caracteriza por un corte perfecto y limpio. La geometr\u00eda del diente TCG (Diente Trapezoidal + Diente Plano) junto con la forma de la hoja permite a este tipo de hoja cortar paneles s\u00e1ndwich.<\/p>\n<p>Envasado en blister individual.<\/p>\n<p><img class=\"alignnone wp-image-25899\" src=\"https:\/\/chemitool.com\/wp-content\/uploads\/2022\/09\/Artboard-2-300x300.png\" alt=\"\" width=\"69\" height=\"69\" srcset=\"https:\/\/chemitool.com\/wp-content\/uploads\/2022\/09\/Artboard-2-300x300.png 300w, https:\/\/chemitool.com\/wp-content\/uploads\/2022\/09\/Artboard-2-150x150.png 150w, https:\/\/chemitool.com\/wp-content\/uploads\/2022\/09\/Artboard-2-768x767.png 768w, https:\/\/chemitool.com\/wp-content\/uploads\/2022\/09\/Artboard-2-650x650.png 650w, https:\/\/chemitool.com\/wp-content\/uploads\/2022\/09\/Artboard-2-600x599.png 600w, https:\/\/chemitool.com\/wp-content\/uploads\/2022\/09\/Artboard-2-100x100.png 100w, https:\/\/chemitool.com\/wp-content\/uploads\/2022\/09\/Artboard-2.png 801w\" sizes=\"(max-width: 69px) 100vw, 69px\" \/><img class=\"alignnone wp-image-26182\" src=\"https:\/\/chemitool.com\/wp-content\/uploads\/2022\/09\/calcadoprotecao-1-300x300.png\" alt=\"\" width=\"66\" height=\"66\" srcset=\"https:\/\/chemitool.com\/wp-content\/uploads\/2022\/09\/calcadoprotecao-1-300x300.png 300w, https:\/\/chemitool.com\/wp-content\/uploads\/2022\/09\/calcadoprotecao-1-150x150.png 150w, https:\/\/chemitool.com\/wp-content\/uploads\/2022\/09\/calcadoprotecao-1-100x100.png 100w, https:\/\/chemitool.com\/wp-content\/uploads\/2022\/09\/calcadoprotecao-1.png 395w\" sizes=\"(max-width: 66px) 100vw, 66px\" \/><img class=\"alignnone wp-image-26634\" src=\"https:\/\/chemitool.com\/wp-content\/uploads\/2022\/09\/Artboard-6_SITE-300x300.png\" alt=\"\" width=\"69\" height=\"69\" srcset=\"https:\/\/chemitool.com\/wp-content\/uploads\/2022\/09\/Artboard-6_SITE-300x300.png 300w, https:\/\/chemitool.com\/wp-content\/uploads\/2022\/09\/Artboard-6_SITE-150x150.png 150w, https:\/\/chemitool.com\/wp-content\/uploads\/2022\/09\/Artboard-6_SITE-768x768.png 768w, https:\/\/chemitool.com\/wp-content\/uploads\/2022\/09\/Artboard-6_SITE-650x650.png 650w, https:\/\/chemitool.com\/wp-content\/uploads\/2022\/09\/Artboard-6_SITE-600x600.png 600w, https:\/\/chemitool.com\/wp-content\/uploads\/2022\/09\/Artboard-6_SITE-100x100.png 100w, https:\/\/chemitool.com\/wp-content\/uploads\/2022\/09\/Artboard-6_SITE.png 908w\" sizes=\"(max-width: 69px) 100vw, 69px\" \/><img class=\"alignnone wp-image-26648\" src=\"https:\/\/chemitool.com\/wp-content\/uploads\/2022\/09\/Artboard-4_SITE-300x300.png\" alt=\"\" width=\"69\" height=\"69\" srcset=\"https:\/\/chemitool.com\/wp-content\/uploads\/2022\/09\/Artboard-4_SITE-300x300.png 300w, https:\/\/chemitool.com\/wp-content\/uploads\/2022\/09\/Artboard-4_SITE-150x150.png 150w, https:\/\/chemitool.com\/wp-content\/uploads\/2022\/09\/Artboard-4_SITE-768x768.png 768w, https:\/\/chemitool.com\/wp-content\/uploads\/2022\/09\/Artboard-4_SITE-650x650.png 650w, https:\/\/chemitool.com\/wp-content\/uploads\/2022\/09\/Artboard-4_SITE-600x600.png 600w, https:\/\/chemitool.com\/wp-content\/uploads\/2022\/09\/Artboard-4_SITE-100x100.png 100w, https:\/\/chemitool.com\/wp-content\/uploads\/2022\/09\/Artboard-4_SITE.png 908w\" sizes=\"(max-width: 69px) 100vw, 69px\" \/><img class=\"alignnone wp-image-26638\" src=\"https:\/\/chemitool.com\/wp-content\/uploads\/2022\/09\/Artboard-4-300x300.png\" alt=\"\" width=\"72\" height=\"72\" srcset=\"https:\/\/chemitool.com\/wp-content\/uploads\/2022\/09\/Artboard-4-300x300.png 300w, https:\/\/chemitool.com\/wp-content\/uploads\/2022\/09\/Artboard-4-150x150.png 150w, https:\/\/chemitool.com\/wp-content\/uploads\/2022\/09\/Artboard-4-768x768.png 768w, https:\/\/chemitool.com\/wp-content\/uploads\/2022\/09\/Artboard-4-650x650.png 650w, https:\/\/chemitool.com\/wp-content\/uploads\/2022\/09\/Artboard-4-600x600.png 600w, https:\/\/chemitool.com\/wp-content\/uploads\/2022\/09\/Artboard-4-100x100.png 100w, https:\/\/chemitool.com\/wp-content\/uploads\/2022\/09\/Artboard-4.png 908w\" sizes=\"(max-width: 72px) 100vw, 72px\" \/><img class=\"alignnone wp-image-26645\" src=\"https:\/\/chemitool.com\/wp-content\/uploads\/2022\/09\/Artboard-3_SITE-300x300.png\" alt=\"\" width=\"69\" height=\"69\" srcset=\"https:\/\/chemitool.com\/wp-content\/uploads\/2022\/09\/Artboard-3_SITE-300x300.png 300w, https:\/\/chemitool.com\/wp-content\/uploads\/2022\/09\/Artboard-3_SITE-150x150.png 150w, https:\/\/chemitool.com\/wp-content\/uploads\/2022\/09\/Artboard-3_SITE-768x768.png 768w, https:\/\/chemitool.com\/wp-content\/uploads\/2022\/09\/Artboard-3_SITE-650x650.png 650w, https:\/\/chemitool.com\/wp-content\/uploads\/2022\/09\/Artboard-3_SITE-600x600.png 600w, https:\/\/chemitool.com\/wp-content\/uploads\/2022\/09\/Artboard-3_SITE-100x100.png 100w, https:\/\/chemitool.com\/wp-content\/uploads\/2022\/09\/Artboard-3_SITE.png 908w\" sizes=\"(max-width: 69px) 100vw, 69px\" \/>\u00a0<img class=\"alignnone wp-image-26601\" src=\"https:\/\/chemitool.com\/wp-content\/uploads\/2022\/09\/Prancheta-8-300x300.png\" alt=\"\" width=\"69\" height=\"69\" srcset=\"https:\/\/chemitool.com\/wp-content\/uploads\/2022\/09\/Prancheta-8-300x300.png 300w, https:\/\/chemitool.com\/wp-content\/uploads\/2022\/09\/Prancheta-8-150x150.png 150w, https:\/\/chemitool.com\/wp-content\/uploads\/2022\/09\/Prancheta-8-768x768.png 768w, https:\/\/chemitool.com\/wp-content\/uploads\/2022\/09\/Prancheta-8-650x650.png 650w, https:\/\/chemitool.com\/wp-content\/uploads\/2022\/09\/Prancheta-8-600x600.png 600w, https:\/\/chemitool.com\/wp-content\/uploads\/2022\/09\/Prancheta-8-100x100.png 100w, https:\/\/chemitool.com\/wp-content\/uploads\/2022\/09\/Prancheta-8.png 908w\" sizes=\"(max-width: 69px) 100vw, 69px\" \/><img class=\"alignnone wp-image-26120\" src=\"https:\/\/chemitool.com\/wp-content\/uploads\/2022\/09\/Artboard-8-300x300.png\" alt=\"\" width=\"69\" height=\"69\" srcset=\"https:\/\/chemitool.com\/wp-content\/uploads\/2022\/09\/Artboard-8-300x300.png 300w, https:\/\/chemitool.com\/wp-content\/uploads\/2022\/09\/Artboard-8-150x150.png 150w, https:\/\/chemitool.com\/wp-content\/uploads\/2022\/09\/Artboard-8-768x767.png 768w, https:\/\/chemitool.com\/wp-content\/uploads\/2022\/09\/Artboard-8-650x650.png 650w, https:\/\/chemitool.com\/wp-content\/uploads\/2022\/09\/Artboard-8-600x599.png 600w, https:\/\/chemitool.com\/wp-content\/uploads\/2022\/09\/Artboard-8-100x100.png 100w, https:\/\/chemitool.com\/wp-content\/uploads\/2022\/09\/Artboard-8.png 801w\" sizes=\"(max-width: 69px) 100vw, 69px\" \/>\u00a0<img class=\"alignnone wp-image-26117\" src=\"https:\/\/chemitool.com\/wp-content\/uploads\/2022\/09\/Artboard-7-300x300.png\" alt=\"\" width=\"69\" height=\"69\" srcset=\"https:\/\/chemitool.com\/wp-content\/uploads\/2022\/09\/Artboard-7-300x300.png 300w, https:\/\/chemitool.com\/wp-content\/uploads\/2022\/09\/Artboard-7-150x150.png 150w, https:\/\/chemitool.com\/wp-content\/uploads\/2022\/09\/Artboard-7-768x767.png 768w, https:\/\/chemitool.com\/wp-content\/uploads\/2022\/09\/Artboard-7-650x650.png 650w, https:\/\/chemitool.com\/wp-content\/uploads\/2022\/09\/Artboard-7-600x599.png 600w, https:\/\/chemitool.com\/wp-content\/uploads\/2022\/09\/Artboard-7-100x100.png 100w, https:\/\/chemitool.com\/wp-content\/uploads\/2022\/09\/Artboard-7.png 801w\" sizes=\"(max-width: 69px) 100vw, 69px\" \/><\/p>\n<p>Las hojas de sierra circulares <strong>CHEMITOOL<\/strong> cumplen con las normas europeas (EN 847-1).<\/p>\n","protected":false},"excerpt":{"rendered":"<p><em>La Hoja de Sierra Circular CHEMITOOL <\/em>fue desarrollada para proporcionar al profesional una gran relaci\u00f3n de calidad y rendimiento en el corte.<\/p>\n","protected":false},"featured_media":26579,"template":"","meta":[],"product_cat":[1426,4291,4443],"product_tag":[4449],"yoast_head":"<!-- This site is optimized with the Yoast SEO plugin v17.4 - https:\/\/yoast.com\/wordpress\/plugins\/seo\/ -->\n<title>DISCO PASTILHADO PAINEL SANDWHICH &ndash; Chemitool<\/title>\n<meta name=\"description\" content=\"La Hoja de Sierra Circular CHEMITOOL fue desarrollada para proporcionar al profesional una gran relaci\u00f3n de calidad y rendimiento en el corte.\" \/>\n<meta name=\"robots\" content=\"index, follow, max-snippet:-1, max-image-preview:large, max-video-preview:-1\" \/>\n<link rel=\"canonical\" href=\"https:\/\/chemitool.com\/es\/products\/cutting\/herramientas-de-aserrado\/hojas-de-sierra-circulares\/disco-pastilhado-painel-sandwhich\/\" \/>\n<meta property=\"og:locale\" content=\"es_ES\" \/>\n<meta property=\"og:type\" content=\"article\" \/>\n<meta property=\"og:title\" content=\"DISCO PASTILHADO PAINEL SANDWHICH &ndash; Chemitool\" \/>\n<meta property=\"og:description\" content=\"La Hoja de Sierra Circular CHEMITOOL fue desarrollada para proporcionar al profesional una gran relaci\u00f3n de calidad y rendimiento en el corte.\" \/>\n<meta property=\"og:url\" content=\"https:\/\/chemitool.com\/es\/products\/cutting\/herramientas-de-aserrado\/hojas-de-sierra-circulares\/disco-pastilhado-painel-sandwhich\/\" \/>\n<meta property=\"og:site_name\" content=\"Chemitool\" \/>\n<meta property=\"article:publisher\" content=\"https:\/\/www.facebook.com\/chemitool\" \/>\n<meta property=\"article:modified_time\" content=\"2022-09-26T16:37:46+00:00\" \/>\n<meta property=\"og:image\" content=\"https:\/\/chemitool.com\/wp-content\/uploads\/2022\/09\/5604630138413.png\" \/>\n\t<meta property=\"og:image:width\" content=\"800\" \/>\n\t<meta property=\"og:image:height\" content=\"800\" \/>\n<meta name=\"twitter:card\" content=\"summary_large_image\" \/>\n<meta name=\"twitter:label1\" content=\"Tiempo de lectura\" \/>\n\t<meta name=\"twitter:data1\" content=\"1 minuto\" \/>\n<script type=\"application\/ld+json\" class=\"yoast-schema-graph\">{\"@context\":\"https:\/\/schema.org\",\"@graph\":[{\"@type\":\"Organization\",\"@id\":\"https:\/\/chemitool.com\/#organization\",\"name\":\"Chemitool\",\"url\":\"https:\/\/chemitool.com\/\",\"sameAs\":[\"https:\/\/www.facebook.com\/chemitool\",\"https:\/\/www.instagram.com\/chemitool\/\"],\"logo\":{\"@type\":\"ImageObject\",\"@id\":\"https:\/\/chemitool.com\/#logo\",\"inLanguage\":\"es\",\"url\":\"https:\/\/chemitool.com\/wp-content\/uploads\/2020\/10\/logo_chemitool.png\",\"contentUrl\":\"https:\/\/chemitool.com\/wp-content\/uploads\/2020\/10\/logo_chemitool.png\",\"width\":400,\"height\":400,\"caption\":\"Chemitool\"},\"image\":{\"@id\":\"https:\/\/chemitool.com\/#logo\"}},{\"@type\":\"WebSite\",\"@id\":\"https:\/\/chemitool.com\/#website\",\"url\":\"https:\/\/chemitool.com\/\",\"name\":\"Chemitool\",\"description\":\"Chemitool - hardware and tools\",\"publisher\":{\"@id\":\"https:\/\/chemitool.com\/#organization\"},\"potentialAction\":[{\"@type\":\"SearchAction\",\"target\":{\"@type\":\"EntryPoint\",\"urlTemplate\":\"https:\/\/chemitool.com\/?s={search_term_string}\"},\"query-input\":\"required name=search_term_string\"}],\"inLanguage\":\"es\"},{\"@type\":\"ImageObject\",\"@id\":\"https:\/\/chemitool.com\/es\/products\/cutting\/herramientas-de-aserrado\/hojas-de-sierra-circulares\/disco-pastilhado-painel-sandwhich\/#primaryimage\",\"inLanguage\":\"es\",\"url\":\"https:\/\/chemitool.com\/wp-content\/uploads\/2022\/09\/5604630138413.png\",\"contentUrl\":\"https:\/\/chemitool.com\/wp-content\/uploads\/2022\/09\/5604630138413.png\",\"width\":800,\"height\":800},{\"@type\":\"WebPage\",\"@id\":\"https:\/\/chemitool.com\/es\/products\/cutting\/herramientas-de-aserrado\/hojas-de-sierra-circulares\/disco-pastilhado-painel-sandwhich\/#webpage\",\"url\":\"https:\/\/chemitool.com\/es\/products\/cutting\/herramientas-de-aserrado\/hojas-de-sierra-circulares\/disco-pastilhado-painel-sandwhich\/\",\"name\":\"DISCO PASTILHADO PAINEL SANDWHICH &ndash; Chemitool\",\"isPartOf\":{\"@id\":\"https:\/\/chemitool.com\/#website\"},\"primaryImageOfPage\":{\"@id\":\"https:\/\/chemitool.com\/es\/products\/cutting\/herramientas-de-aserrado\/hojas-de-sierra-circulares\/disco-pastilhado-painel-sandwhich\/#primaryimage\"},\"datePublished\":\"2022-09-26T14:08:29+00:00\",\"dateModified\":\"2022-09-26T16:37:46+00:00\",\"description\":\"La Hoja de Sierra Circular CHEMITOOL fue desarrollada para proporcionar al profesional una gran relaci\\u00f3n de calidad y rendimiento en el corte.\",\"breadcrumb\":{\"@id\":\"https:\/\/chemitool.com\/es\/products\/cutting\/herramientas-de-aserrado\/hojas-de-sierra-circulares\/disco-pastilhado-painel-sandwhich\/#breadcrumb\"},\"inLanguage\":\"es\",\"potentialAction\":[{\"@type\":\"ReadAction\",\"target\":[\"https:\/\/chemitool.com\/es\/products\/cutting\/herramientas-de-aserrado\/hojas-de-sierra-circulares\/disco-pastilhado-painel-sandwhich\/\"]}]},{\"@type\":\"BreadcrumbList\",\"@id\":\"https:\/\/chemitool.com\/es\/products\/cutting\/herramientas-de-aserrado\/hojas-de-sierra-circulares\/disco-pastilhado-painel-sandwhich\/#breadcrumb\",\"itemListElement\":[{\"@type\":\"ListItem\",\"position\":1,\"name\":\"Home\",\"item\":\"https:\/\/chemitool.com\/es\/\"},{\"@type\":\"ListItem\",\"position\":2,\"name\":\"Productos\",\"item\":\"https:\/\/chemitool.com\/es\/productos\/\"},{\"@type\":\"ListItem\",\"position\":3,\"name\":\"CHEMICALS\",\"item\":\"https:\/\/chemitool.com\/es\/categoria-producto\/chemicals\/\"},{\"@type\":\"ListItem\",\"position\":4,\"name\":\"DISCO PASTILHADO PAINEL SANDWHICH\"}]}]}<\/script>\n<!-- \/ Yoast SEO plugin. -->","yoast_head_json":{"title":"DISCO PASTILHADO PAINEL SANDWHICH &ndash; Chemitool","description":"La Hoja de Sierra Circular CHEMITOOL fue desarrollada para proporcionar al profesional una gran relaci\u00f3n de calidad y rendimiento en el corte.","robots":{"index":"index","follow":"follow","max-snippet":"max-snippet:-1","max-image-preview":"max-image-preview:large","max-video-preview":"max-video-preview:-1"},"canonical":"https:\/\/chemitool.com\/es\/products\/cutting\/herramientas-de-aserrado\/hojas-de-sierra-circulares\/disco-pastilhado-painel-sandwhich\/","og_locale":"es_ES","og_type":"article","og_title":"DISCO PASTILHADO PAINEL SANDWHICH &ndash; Chemitool","og_description":"La Hoja de Sierra Circular CHEMITOOL fue desarrollada para proporcionar al profesional una gran relaci\u00f3n de calidad y rendimiento en el corte.","og_url":"https:\/\/chemitool.com\/es\/products\/cutting\/herramientas-de-aserrado\/hojas-de-sierra-circulares\/disco-pastilhado-painel-sandwhich\/","og_site_name":"Chemitool","article_publisher":"https:\/\/www.facebook.com\/chemitool","article_modified_time":"2022-09-26T16:37:46+00:00","og_image":[{"width":800,"height":800,"url":"https:\/\/chemitool.com\/wp-content\/uploads\/2022\/09\/5604630138413.png","type":"image\/png"}],"twitter_card":"summary_large_image","twitter_misc":{"Tiempo de lectura":"1 minuto"},"schema":{"@context":"https:\/\/schema.org","@graph":[{"@type":"Organization","@id":"https:\/\/chemitool.com\/#organization","name":"Chemitool","url":"https:\/\/chemitool.com\/","sameAs":["https:\/\/www.facebook.com\/chemitool","https:\/\/www.instagram.com\/chemitool\/"],"logo":{"@type":"ImageObject","@id":"https:\/\/chemitool.com\/#logo","inLanguage":"es","url":"https:\/\/chemitool.com\/wp-content\/uploads\/2020\/10\/logo_chemitool.png","contentUrl":"https:\/\/chemitool.com\/wp-content\/uploads\/2020\/10\/logo_chemitool.png","width":400,"height":400,"caption":"Chemitool"},"image":{"@id":"https:\/\/chemitool.com\/#logo"}},{"@type":"WebSite","@id":"https:\/\/chemitool.com\/#website","url":"https:\/\/chemitool.com\/","name":"Chemitool","description":"Chemitool - hardware and tools","publisher":{"@id":"https:\/\/chemitool.com\/#organization"},"potentialAction":[{"@type":"SearchAction","target":{"@type":"EntryPoint","urlTemplate":"https:\/\/chemitool.com\/?s={search_term_string}"},"query-input":"required name=search_term_string"}],"inLanguage":"es"},{"@type":"ImageObject","@id":"https:\/\/chemitool.com\/es\/products\/cutting\/herramientas-de-aserrado\/hojas-de-sierra-circulares\/disco-pastilhado-painel-sandwhich\/#primaryimage","inLanguage":"es","url":"https:\/\/chemitool.com\/wp-content\/uploads\/2022\/09\/5604630138413.png","contentUrl":"https:\/\/chemitool.com\/wp-content\/uploads\/2022\/09\/5604630138413.png","width":800,"height":800},{"@type":"WebPage","@id":"https:\/\/chemitool.com\/es\/products\/cutting\/herramientas-de-aserrado\/hojas-de-sierra-circulares\/disco-pastilhado-painel-sandwhich\/#webpage","url":"https:\/\/chemitool.com\/es\/products\/cutting\/herramientas-de-aserrado\/hojas-de-sierra-circulares\/disco-pastilhado-painel-sandwhich\/","name":"DISCO PASTILHADO PAINEL SANDWHICH &ndash; Chemitool","isPartOf":{"@id":"https:\/\/chemitool.com\/#website"},"primaryImageOfPage":{"@id":"https:\/\/chemitool.com\/es\/products\/cutting\/herramientas-de-aserrado\/hojas-de-sierra-circulares\/disco-pastilhado-painel-sandwhich\/#primaryimage"},"datePublished":"2022-09-26T14:08:29+00:00","dateModified":"2022-09-26T16:37:46+00:00","description":"La Hoja de Sierra Circular CHEMITOOL fue desarrollada para proporcionar al profesional una gran relaci\u00f3n de calidad y rendimiento en el corte.","breadcrumb":{"@id":"https:\/\/chemitool.com\/es\/products\/cutting\/herramientas-de-aserrado\/hojas-de-sierra-circulares\/disco-pastilhado-painel-sandwhich\/#breadcrumb"},"inLanguage":"es","potentialAction":[{"@type":"ReadAction","target":["https:\/\/chemitool.com\/es\/products\/cutting\/herramientas-de-aserrado\/hojas-de-sierra-circulares\/disco-pastilhado-painel-sandwhich\/"]}]},{"@type":"BreadcrumbList","@id":"https:\/\/chemitool.com\/es\/products\/cutting\/herramientas-de-aserrado\/hojas-de-sierra-circulares\/disco-pastilhado-painel-sandwhich\/#breadcrumb","itemListElement":[{"@type":"ListItem","position":1,"name":"Home","item":"https:\/\/chemitool.com\/es\/"},{"@type":"ListItem","position":2,"name":"Productos","item":"https:\/\/chemitool.com\/es\/productos\/"},{"@type":"ListItem","position":3,"name":"CHEMICALS","item":"https:\/\/chemitool.com\/es\/categoria-producto\/chemicals\/"},{"@type":"ListItem","position":4,"name":"DISCO PASTILHADO PAINEL SANDWHICH"}]}]}},"_links":{"self":[{"href":"https:\/\/chemitool.com\/es\/wp-json\/wp\/v2\/product\/26564"}],"collection":[{"href":"https:\/\/chemitool.com\/es\/wp-json\/wp\/v2\/product"}],"about":[{"href":"https:\/\/chemitool.com\/es\/wp-json\/wp\/v2\/types\/product"}],"wp:featuredmedia":[{"embeddable":true,"href":"https:\/\/chemitool.com\/es\/wp-json\/wp\/v2\/media\/26579"}],"wp:attachment":[{"href":"https:\/\/chemitool.com\/es\/wp-json\/wp\/v2\/media?parent=26564"}],"wp:term":[{"taxonomy":"product_cat","embeddable":true,"href":"https:\/\/chemitool.com\/es\/wp-json\/wp\/v2\/product_cat?post=26564"},{"taxonomy":"product_tag","embeddable":true,"href":"https:\/\/chemitool.com\/es\/wp-json\/wp\/v2\/product_tag?post=26564"}],"curies":[{"name":"wp","href":"https:\/\/api.w.org\/{rel}","templated":true}]}}