{"id":26542,"date":"2022-09-26T13:10:51","date_gmt":"2022-09-26T13:10:51","guid":{"rendered":"https:\/\/chemitool.com\/?post_type=product&#038;p=26542"},"modified":"2022-09-26T14:07:32","modified_gmt":"2022-09-26T14:07:32","slug":"arandela-reduccion","status":"publish","type":"product","link":"https:\/\/chemitool.com\/es\/products\/cutting\/herramientas-de-aserrado\/hojas-de-sierra-circulares\/arandela-reduccion\/","title":{"rendered":"ARANDELA REDUCCI\u00d3N"},"content":{"rendered":"<p><strong>VENTAJAS<\/strong><\/p>\n<ul>\n<li>Gran relaci\u00f3n calidad\/valor<\/li>\n<li>Acero<\/li>\n<li>Resistencia a la rotura<\/li>\n<li>Baja vibraci\u00f3n<\/li>\n<li>Larga vida \u00fatil de la herramienta<\/li>\n<\/ul>\n<p>La arandela reductora <strong>CHEMITOOL<\/strong> es fabricada en acero macizo con ranuras externas para facilitar el agarre del agujero hoja de sierra circular. El espesor de la arandela es de 1,8 mm, lo que garantiza una mayor resistencia a la deformaci\u00f3n.<\/p>\n<p>Se utiliza en las hojas de sierra circular con un di\u00e1metro m\u00e1ximo de 30 mm, lo que permite reducciones a los di\u00e1metros interiores de 16, 20 y 25 mm.<\/p>\n<p>No utilizar con hojas de sierra circular de espesor de lo cuerpo inferior a 1,8 mm.<\/p>\n<p>Envasado en blister individual.<\/p>\n","protected":false},"excerpt":{"rendered":"<p>La <em>Arandela Reductora CHEMITOOL<\/em> ha sido desarrollada para permitir al profesional tener la capacidad de reducir el di\u00e1metro del agujero de la hoja de sierra circular al di\u00e1metro deseado.<\/p>\n","protected":false},"featured_media":26537,"template":"","meta":[],"product_cat":[1426,4291,4443],"product_tag":[],"yoast_head":"<!-- This site is optimized with the Yoast SEO plugin v17.4 - https:\/\/yoast.com\/wordpress\/plugins\/seo\/ -->\n<title>ARANDELA REDUCCI\u00d3N &ndash; Chemitool<\/title>\n<meta name=\"description\" content=\"La Arandela Reductora CHEMITOOL ha sido desarrollada para permitir al profesional tener la capacidad de reducir el di\u00e1metro del agujero de la hoja de sierra circular al di\u00e1metro deseado.\" \/>\n<meta name=\"robots\" content=\"index, follow, max-snippet:-1, max-image-preview:large, max-video-preview:-1\" \/>\n<link rel=\"canonical\" href=\"https:\/\/chemitool.com\/es\/products\/cutting\/herramientas-de-aserrado\/hojas-de-sierra-circulares\/arandela-reduccion\/\" \/>\n<meta property=\"og:locale\" content=\"es_ES\" \/>\n<meta property=\"og:type\" content=\"article\" \/>\n<meta property=\"og:title\" content=\"ARANDELA REDUCCI\u00d3N &ndash; Chemitool\" \/>\n<meta property=\"og:description\" content=\"La Arandela Reductora CHEMITOOL ha sido desarrollada para permitir al profesional tener la capacidad de reducir el di\u00e1metro del agujero de la hoja de sierra circular al di\u00e1metro deseado.\" \/>\n<meta property=\"og:url\" content=\"https:\/\/chemitool.com\/es\/products\/cutting\/herramientas-de-aserrado\/hojas-de-sierra-circulares\/arandela-reduccion\/\" \/>\n<meta property=\"og:site_name\" content=\"Chemitool\" \/>\n<meta property=\"article:publisher\" content=\"https:\/\/www.facebook.com\/chemitool\" \/>\n<meta property=\"article:modified_time\" content=\"2022-09-26T14:07:32+00:00\" \/>\n<meta property=\"og:image\" content=\"https:\/\/chemitool.com\/wp-content\/uploads\/2022\/09\/5604630140393.png\" \/>\n\t<meta property=\"og:image:width\" content=\"800\" \/>\n\t<meta property=\"og:image:height\" content=\"800\" \/>\n<meta name=\"twitter:card\" content=\"summary_large_image\" \/>\n<meta name=\"twitter:label1\" content=\"Tiempo de lectura\" \/>\n\t<meta name=\"twitter:data1\" content=\"1 minuto\" \/>\n<script type=\"application\/ld+json\" class=\"yoast-schema-graph\">{\"@context\":\"https:\/\/schema.org\",\"@graph\":[{\"@type\":\"Organization\",\"@id\":\"https:\/\/chemitool.com\/#organization\",\"name\":\"Chemitool\",\"url\":\"https:\/\/chemitool.com\/\",\"sameAs\":[\"https:\/\/www.facebook.com\/chemitool\",\"https:\/\/www.instagram.com\/chemitool\/\"],\"logo\":{\"@type\":\"ImageObject\",\"@id\":\"https:\/\/chemitool.com\/#logo\",\"inLanguage\":\"es\",\"url\":\"https:\/\/chemitool.com\/wp-content\/uploads\/2020\/10\/logo_chemitool.png\",\"contentUrl\":\"https:\/\/chemitool.com\/wp-content\/uploads\/2020\/10\/logo_chemitool.png\",\"width\":400,\"height\":400,\"caption\":\"Chemitool\"},\"image\":{\"@id\":\"https:\/\/chemitool.com\/#logo\"}},{\"@type\":\"WebSite\",\"@id\":\"https:\/\/chemitool.com\/#website\",\"url\":\"https:\/\/chemitool.com\/\",\"name\":\"Chemitool\",\"description\":\"Chemitool - hardware and tools\",\"publisher\":{\"@id\":\"https:\/\/chemitool.com\/#organization\"},\"potentialAction\":[{\"@type\":\"SearchAction\",\"target\":{\"@type\":\"EntryPoint\",\"urlTemplate\":\"https:\/\/chemitool.com\/?s={search_term_string}\"},\"query-input\":\"required name=search_term_string\"}],\"inLanguage\":\"es\"},{\"@type\":\"ImageObject\",\"@id\":\"https:\/\/chemitool.com\/es\/products\/cutting\/herramientas-de-aserrado\/hojas-de-sierra-circulares\/arandela-reduccion\/#primaryimage\",\"inLanguage\":\"es\",\"url\":\"https:\/\/chemitool.com\/wp-content\/uploads\/2022\/09\/5604630140393.png\",\"contentUrl\":\"https:\/\/chemitool.com\/wp-content\/uploads\/2022\/09\/5604630140393.png\",\"width\":800,\"height\":800},{\"@type\":\"WebPage\",\"@id\":\"https:\/\/chemitool.com\/es\/products\/cutting\/herramientas-de-aserrado\/hojas-de-sierra-circulares\/arandela-reduccion\/#webpage\",\"url\":\"https:\/\/chemitool.com\/es\/products\/cutting\/herramientas-de-aserrado\/hojas-de-sierra-circulares\/arandela-reduccion\/\",\"name\":\"ARANDELA REDUCCI\\u00d3N &ndash; Chemitool\",\"isPartOf\":{\"@id\":\"https:\/\/chemitool.com\/#website\"},\"primaryImageOfPage\":{\"@id\":\"https:\/\/chemitool.com\/es\/products\/cutting\/herramientas-de-aserrado\/hojas-de-sierra-circulares\/arandela-reduccion\/#primaryimage\"},\"datePublished\":\"2022-09-26T13:10:51+00:00\",\"dateModified\":\"2022-09-26T14:07:32+00:00\",\"description\":\"La Arandela Reductora CHEMITOOL ha sido desarrollada para permitir al profesional tener la capacidad de reducir el di\\u00e1metro del agujero de la hoja de sierra circular al di\\u00e1metro deseado.\",\"breadcrumb\":{\"@id\":\"https:\/\/chemitool.com\/es\/products\/cutting\/herramientas-de-aserrado\/hojas-de-sierra-circulares\/arandela-reduccion\/#breadcrumb\"},\"inLanguage\":\"es\",\"potentialAction\":[{\"@type\":\"ReadAction\",\"target\":[\"https:\/\/chemitool.com\/es\/products\/cutting\/herramientas-de-aserrado\/hojas-de-sierra-circulares\/arandela-reduccion\/\"]}]},{\"@type\":\"BreadcrumbList\",\"@id\":\"https:\/\/chemitool.com\/es\/products\/cutting\/herramientas-de-aserrado\/hojas-de-sierra-circulares\/arandela-reduccion\/#breadcrumb\",\"itemListElement\":[{\"@type\":\"ListItem\",\"position\":1,\"name\":\"Home\",\"item\":\"https:\/\/chemitool.com\/es\/\"},{\"@type\":\"ListItem\",\"position\":2,\"name\":\"Productos\",\"item\":\"https:\/\/chemitool.com\/es\/productos\/\"},{\"@type\":\"ListItem\",\"position\":3,\"name\":\"CHEMICALS\",\"item\":\"https:\/\/chemitool.com\/es\/categoria-producto\/chemicals\/\"},{\"@type\":\"ListItem\",\"position\":4,\"name\":\"ARANDELA REDUCCI\\u00d3N\"}]}]}<\/script>\n<!-- \/ Yoast SEO plugin. -->","yoast_head_json":{"title":"ARANDELA REDUCCI\u00d3N &ndash; Chemitool","description":"La Arandela Reductora CHEMITOOL ha sido desarrollada para permitir al profesional tener la capacidad de reducir el di\u00e1metro del agujero de la hoja de sierra circular al di\u00e1metro deseado.","robots":{"index":"index","follow":"follow","max-snippet":"max-snippet:-1","max-image-preview":"max-image-preview:large","max-video-preview":"max-video-preview:-1"},"canonical":"https:\/\/chemitool.com\/es\/products\/cutting\/herramientas-de-aserrado\/hojas-de-sierra-circulares\/arandela-reduccion\/","og_locale":"es_ES","og_type":"article","og_title":"ARANDELA REDUCCI\u00d3N &ndash; Chemitool","og_description":"La Arandela Reductora CHEMITOOL ha sido desarrollada para permitir al profesional tener la capacidad de reducir el di\u00e1metro del agujero de la hoja de sierra circular al di\u00e1metro deseado.","og_url":"https:\/\/chemitool.com\/es\/products\/cutting\/herramientas-de-aserrado\/hojas-de-sierra-circulares\/arandela-reduccion\/","og_site_name":"Chemitool","article_publisher":"https:\/\/www.facebook.com\/chemitool","article_modified_time":"2022-09-26T14:07:32+00:00","og_image":[{"width":800,"height":800,"url":"https:\/\/chemitool.com\/wp-content\/uploads\/2022\/09\/5604630140393.png","type":"image\/png"}],"twitter_card":"summary_large_image","twitter_misc":{"Tiempo de lectura":"1 minuto"},"schema":{"@context":"https:\/\/schema.org","@graph":[{"@type":"Organization","@id":"https:\/\/chemitool.com\/#organization","name":"Chemitool","url":"https:\/\/chemitool.com\/","sameAs":["https:\/\/www.facebook.com\/chemitool","https:\/\/www.instagram.com\/chemitool\/"],"logo":{"@type":"ImageObject","@id":"https:\/\/chemitool.com\/#logo","inLanguage":"es","url":"https:\/\/chemitool.com\/wp-content\/uploads\/2020\/10\/logo_chemitool.png","contentUrl":"https:\/\/chemitool.com\/wp-content\/uploads\/2020\/10\/logo_chemitool.png","width":400,"height":400,"caption":"Chemitool"},"image":{"@id":"https:\/\/chemitool.com\/#logo"}},{"@type":"WebSite","@id":"https:\/\/chemitool.com\/#website","url":"https:\/\/chemitool.com\/","name":"Chemitool","description":"Chemitool - hardware and tools","publisher":{"@id":"https:\/\/chemitool.com\/#organization"},"potentialAction":[{"@type":"SearchAction","target":{"@type":"EntryPoint","urlTemplate":"https:\/\/chemitool.com\/?s={search_term_string}"},"query-input":"required name=search_term_string"}],"inLanguage":"es"},{"@type":"ImageObject","@id":"https:\/\/chemitool.com\/es\/products\/cutting\/herramientas-de-aserrado\/hojas-de-sierra-circulares\/arandela-reduccion\/#primaryimage","inLanguage":"es","url":"https:\/\/chemitool.com\/wp-content\/uploads\/2022\/09\/5604630140393.png","contentUrl":"https:\/\/chemitool.com\/wp-content\/uploads\/2022\/09\/5604630140393.png","width":800,"height":800},{"@type":"WebPage","@id":"https:\/\/chemitool.com\/es\/products\/cutting\/herramientas-de-aserrado\/hojas-de-sierra-circulares\/arandela-reduccion\/#webpage","url":"https:\/\/chemitool.com\/es\/products\/cutting\/herramientas-de-aserrado\/hojas-de-sierra-circulares\/arandela-reduccion\/","name":"ARANDELA REDUCCI\u00d3N &ndash; Chemitool","isPartOf":{"@id":"https:\/\/chemitool.com\/#website"},"primaryImageOfPage":{"@id":"https:\/\/chemitool.com\/es\/products\/cutting\/herramientas-de-aserrado\/hojas-de-sierra-circulares\/arandela-reduccion\/#primaryimage"},"datePublished":"2022-09-26T13:10:51+00:00","dateModified":"2022-09-26T14:07:32+00:00","description":"La Arandela Reductora CHEMITOOL ha sido desarrollada para permitir al profesional tener la capacidad de reducir el di\u00e1metro del agujero de la hoja de sierra circular al di\u00e1metro deseado.","breadcrumb":{"@id":"https:\/\/chemitool.com\/es\/products\/cutting\/herramientas-de-aserrado\/hojas-de-sierra-circulares\/arandela-reduccion\/#breadcrumb"},"inLanguage":"es","potentialAction":[{"@type":"ReadAction","target":["https:\/\/chemitool.com\/es\/products\/cutting\/herramientas-de-aserrado\/hojas-de-sierra-circulares\/arandela-reduccion\/"]}]},{"@type":"BreadcrumbList","@id":"https:\/\/chemitool.com\/es\/products\/cutting\/herramientas-de-aserrado\/hojas-de-sierra-circulares\/arandela-reduccion\/#breadcrumb","itemListElement":[{"@type":"ListItem","position":1,"name":"Home","item":"https:\/\/chemitool.com\/es\/"},{"@type":"ListItem","position":2,"name":"Productos","item":"https:\/\/chemitool.com\/es\/productos\/"},{"@type":"ListItem","position":3,"name":"CHEMICALS","item":"https:\/\/chemitool.com\/es\/categoria-producto\/chemicals\/"},{"@type":"ListItem","position":4,"name":"ARANDELA REDUCCI\u00d3N"}]}]}},"_links":{"self":[{"href":"https:\/\/chemitool.com\/es\/wp-json\/wp\/v2\/product\/26542"}],"collection":[{"href":"https:\/\/chemitool.com\/es\/wp-json\/wp\/v2\/product"}],"about":[{"href":"https:\/\/chemitool.com\/es\/wp-json\/wp\/v2\/types\/product"}],"wp:featuredmedia":[{"embeddable":true,"href":"https:\/\/chemitool.com\/es\/wp-json\/wp\/v2\/media\/26537"}],"wp:attachment":[{"href":"https:\/\/chemitool.com\/es\/wp-json\/wp\/v2\/media?parent=26542"}],"wp:term":[{"taxonomy":"product_cat","embeddable":true,"href":"https:\/\/chemitool.com\/es\/wp-json\/wp\/v2\/product_cat?post=26542"},{"taxonomy":"product_tag","embeddable":true,"href":"https:\/\/chemitool.com\/es\/wp-json\/wp\/v2\/product_tag?post=26542"}],"curies":[{"name":"wp","href":"https:\/\/api.w.org\/{rel}","templated":true}]}}