{"id":25683,"date":"2022-08-25T09:58:10","date_gmt":"2022-08-25T09:58:12","guid":{"rendered":"https:\/\/chemitool.com\/?post_type=product&#038;p=25683"},"modified":"2022-08-29T10:55:09","modified_gmt":"2022-08-29T10:55:09","slug":"hidrofugante-tejados-y-fachadas","status":"publish","type":"product","link":"https:\/\/chemitool.com\/es\/products\/chemicals\/impermeabilizacion\/hidrofugante\/hidrofugante-tejados-y-fachadas\/","title":{"rendered":"HIDROFUGANTE TEJADOS Y FACHADAS"},"content":{"rendered":"<p><strong>VENTAJAS<\/strong><\/p>\n<ul>\n<li>Calidad profesional<\/li>\n<li>Impermeabilizaci\u00f3n incolora de materiales porosos<\/li>\n<li>Excelente capacidad de impregnaci\u00f3n y repelente al agua<\/li>\n<li>Permeable al vapor de agua<\/li>\n<li>Resistente a los hongos y a los agentes de envejecimiento<\/li>\n<\/ul>\n<p><strong>INDICACIONES<\/strong><\/p>\n<p>Almacenar el envase original bien cerrado, en posici\u00f3n vertical, en un ambiente fresco, seco y bien ventilado, lejos de fuentes de calor y humedad. El producto es v\u00e1lido durante 12 meses si se conserva en su embalaje original y de acuerdo con las condiciones de almacenamiento.<\/p>\n","protected":false},"excerpt":{"rendered":"<p><b class=\"sap-label\">SAP:<\/b> <span class=\"codesap-label\"> CHC40020010050 <\/span><\/p>\n<p><em>Hidrofugante Tejados y Fachadas CHEMICOAT <\/em>es un hidrofugante de alta calidad a base de siloxanos oligom\u00e9ricos. Impermeabilizante incoloro para materiales porosos, granito, m\u00e1rmol, piedras naturales, azulejos y otras cer\u00e1micas.<\/p>\n","protected":false},"featured_media":25703,"template":"","meta":[],"product_cat":[1209,4205,4358,1560,4368],"product_tag":[],"yoast_head":"<!-- This site is optimized with the Yoast SEO plugin v17.4 - https:\/\/yoast.com\/wordpress\/plugins\/seo\/ -->\n<title>HIDROFUGANTE TEJADOS Y FACHADAS &ndash; Chemitool<\/title>\n<meta name=\"description\" content=\"SAP: CHC40020010050   Hidrofugante Tejados y Fachadas CHEMICOAT es un hidrofugante de alta calidad a base de siloxanos oligom\u00e9ricos. Impermeabilizante incoloro para materiales porosos, granito, m\u00e1rmol, piedras naturales, azulejos y otras cer\u00e1micas.\" \/>\n<meta name=\"robots\" content=\"index, follow, max-snippet:-1, max-image-preview:large, max-video-preview:-1\" \/>\n<link rel=\"canonical\" href=\"https:\/\/chemitool.com\/es\/products\/chemicals\/impermeabilizacion\/hidrofugante\/hidrofugante-tejados-y-fachadas\/\" \/>\n<meta property=\"og:locale\" content=\"es_ES\" \/>\n<meta property=\"og:type\" content=\"article\" \/>\n<meta property=\"og:title\" content=\"HIDROFUGANTE TEJADOS Y FACHADAS &ndash; Chemitool\" \/>\n<meta property=\"og:description\" content=\"SAP: CHC40020010050   Hidrofugante Tejados y Fachadas CHEMICOAT es un hidrofugante de alta calidad a base de siloxanos oligom\u00e9ricos. Impermeabilizante incoloro para materiales porosos, granito, m\u00e1rmol, piedras naturales, azulejos y otras cer\u00e1micas.\" \/>\n<meta property=\"og:url\" content=\"https:\/\/chemitool.com\/es\/products\/chemicals\/impermeabilizacion\/hidrofugante\/hidrofugante-tejados-y-fachadas\/\" \/>\n<meta property=\"og:site_name\" content=\"Chemitool\" \/>\n<meta property=\"article:publisher\" content=\"https:\/\/www.facebook.com\/chemitool\" \/>\n<meta property=\"article:modified_time\" content=\"2022-08-29T10:55:09+00:00\" \/>\n<meta property=\"og:image\" content=\"https:\/\/chemitool.com\/wp-content\/uploads\/2022\/08\/CHC40020010050.png\" \/>\n\t<meta property=\"og:image:width\" content=\"800\" \/>\n\t<meta property=\"og:image:height\" content=\"800\" \/>\n<meta name=\"twitter:card\" content=\"summary_large_image\" \/>\n<script type=\"application\/ld+json\" class=\"yoast-schema-graph\">{\"@context\":\"https:\/\/schema.org\",\"@graph\":[{\"@type\":\"Organization\",\"@id\":\"https:\/\/chemitool.com\/#organization\",\"name\":\"Chemitool\",\"url\":\"https:\/\/chemitool.com\/\",\"sameAs\":[\"https:\/\/www.facebook.com\/chemitool\",\"https:\/\/www.instagram.com\/chemitool\/\"],\"logo\":{\"@type\":\"ImageObject\",\"@id\":\"https:\/\/chemitool.com\/#logo\",\"inLanguage\":\"es\",\"url\":\"https:\/\/chemitool.com\/wp-content\/uploads\/2020\/10\/logo_chemitool.png\",\"contentUrl\":\"https:\/\/chemitool.com\/wp-content\/uploads\/2020\/10\/logo_chemitool.png\",\"width\":400,\"height\":400,\"caption\":\"Chemitool\"},\"image\":{\"@id\":\"https:\/\/chemitool.com\/#logo\"}},{\"@type\":\"WebSite\",\"@id\":\"https:\/\/chemitool.com\/#website\",\"url\":\"https:\/\/chemitool.com\/\",\"name\":\"Chemitool\",\"description\":\"Chemitool - hardware and tools\",\"publisher\":{\"@id\":\"https:\/\/chemitool.com\/#organization\"},\"potentialAction\":[{\"@type\":\"SearchAction\",\"target\":{\"@type\":\"EntryPoint\",\"urlTemplate\":\"https:\/\/chemitool.com\/?s={search_term_string}\"},\"query-input\":\"required name=search_term_string\"}],\"inLanguage\":\"es\"},{\"@type\":\"ImageObject\",\"@id\":\"https:\/\/chemitool.com\/es\/products\/chemicals\/impermeabilizacion\/hidrofugante\/hidrofugante-tejados-y-fachadas\/#primaryimage\",\"inLanguage\":\"es\",\"url\":\"https:\/\/chemitool.com\/wp-content\/uploads\/2022\/08\/CHC40020010050.png\",\"contentUrl\":\"https:\/\/chemitool.com\/wp-content\/uploads\/2022\/08\/CHC40020010050.png\",\"width\":800,\"height\":800},{\"@type\":\"WebPage\",\"@id\":\"https:\/\/chemitool.com\/es\/products\/chemicals\/impermeabilizacion\/hidrofugante\/hidrofugante-tejados-y-fachadas\/#webpage\",\"url\":\"https:\/\/chemitool.com\/es\/products\/chemicals\/impermeabilizacion\/hidrofugante\/hidrofugante-tejados-y-fachadas\/\",\"name\":\"HIDROFUGANTE TEJADOS Y FACHADAS &ndash; Chemitool\",\"isPartOf\":{\"@id\":\"https:\/\/chemitool.com\/#website\"},\"primaryImageOfPage\":{\"@id\":\"https:\/\/chemitool.com\/es\/products\/chemicals\/impermeabilizacion\/hidrofugante\/hidrofugante-tejados-y-fachadas\/#primaryimage\"},\"datePublished\":\"2022-08-25T09:58:12+00:00\",\"dateModified\":\"2022-08-29T10:55:09+00:00\",\"description\":\"SAP: CHC40020010050 Hidrofugante Tejados y Fachadas CHEMICOAT es un hidrofugante de alta calidad a base de siloxanos oligom\\u00e9ricos. Impermeabilizante incoloro para materiales porosos, granito, m\\u00e1rmol, piedras naturales, azulejos y otras cer\\u00e1micas.\",\"breadcrumb\":{\"@id\":\"https:\/\/chemitool.com\/es\/products\/chemicals\/impermeabilizacion\/hidrofugante\/hidrofugante-tejados-y-fachadas\/#breadcrumb\"},\"inLanguage\":\"es\",\"potentialAction\":[{\"@type\":\"ReadAction\",\"target\":[\"https:\/\/chemitool.com\/es\/products\/chemicals\/impermeabilizacion\/hidrofugante\/hidrofugante-tejados-y-fachadas\/\"]}]},{\"@type\":\"BreadcrumbList\",\"@id\":\"https:\/\/chemitool.com\/es\/products\/chemicals\/impermeabilizacion\/hidrofugante\/hidrofugante-tejados-y-fachadas\/#breadcrumb\",\"itemListElement\":[{\"@type\":\"ListItem\",\"position\":1,\"name\":\"Home\",\"item\":\"https:\/\/chemitool.com\/es\/\"},{\"@type\":\"ListItem\",\"position\":2,\"name\":\"Productos\",\"item\":\"https:\/\/chemitool.com\/es\/productos\/\"},{\"@type\":\"ListItem\",\"position\":3,\"name\":\"CHEMICALS\",\"item\":\"https:\/\/chemitool.com\/es\/categoria-producto\/chemicals\/\"},{\"@type\":\"ListItem\",\"position\":4,\"name\":\"HIDROFUGANTE TEJADOS Y FACHADAS\"}]}]}<\/script>\n<!-- \/ Yoast SEO plugin. -->","yoast_head_json":{"title":"HIDROFUGANTE TEJADOS Y FACHADAS &ndash; Chemitool","description":"SAP: CHC40020010050   Hidrofugante Tejados y Fachadas CHEMICOAT es un hidrofugante de alta calidad a base de siloxanos oligom\u00e9ricos. Impermeabilizante incoloro para materiales porosos, granito, m\u00e1rmol, piedras naturales, azulejos y otras cer\u00e1micas.","robots":{"index":"index","follow":"follow","max-snippet":"max-snippet:-1","max-image-preview":"max-image-preview:large","max-video-preview":"max-video-preview:-1"},"canonical":"https:\/\/chemitool.com\/es\/products\/chemicals\/impermeabilizacion\/hidrofugante\/hidrofugante-tejados-y-fachadas\/","og_locale":"es_ES","og_type":"article","og_title":"HIDROFUGANTE TEJADOS Y FACHADAS &ndash; Chemitool","og_description":"SAP: CHC40020010050   Hidrofugante Tejados y Fachadas CHEMICOAT es un hidrofugante de alta calidad a base de siloxanos oligom\u00e9ricos. Impermeabilizante incoloro para materiales porosos, granito, m\u00e1rmol, piedras naturales, azulejos y otras cer\u00e1micas.","og_url":"https:\/\/chemitool.com\/es\/products\/chemicals\/impermeabilizacion\/hidrofugante\/hidrofugante-tejados-y-fachadas\/","og_site_name":"Chemitool","article_publisher":"https:\/\/www.facebook.com\/chemitool","article_modified_time":"2022-08-29T10:55:09+00:00","og_image":[{"width":800,"height":800,"url":"https:\/\/chemitool.com\/wp-content\/uploads\/2022\/08\/CHC40020010050.png","type":"image\/png"}],"twitter_card":"summary_large_image","schema":{"@context":"https:\/\/schema.org","@graph":[{"@type":"Organization","@id":"https:\/\/chemitool.com\/#organization","name":"Chemitool","url":"https:\/\/chemitool.com\/","sameAs":["https:\/\/www.facebook.com\/chemitool","https:\/\/www.instagram.com\/chemitool\/"],"logo":{"@type":"ImageObject","@id":"https:\/\/chemitool.com\/#logo","inLanguage":"es","url":"https:\/\/chemitool.com\/wp-content\/uploads\/2020\/10\/logo_chemitool.png","contentUrl":"https:\/\/chemitool.com\/wp-content\/uploads\/2020\/10\/logo_chemitool.png","width":400,"height":400,"caption":"Chemitool"},"image":{"@id":"https:\/\/chemitool.com\/#logo"}},{"@type":"WebSite","@id":"https:\/\/chemitool.com\/#website","url":"https:\/\/chemitool.com\/","name":"Chemitool","description":"Chemitool - hardware and tools","publisher":{"@id":"https:\/\/chemitool.com\/#organization"},"potentialAction":[{"@type":"SearchAction","target":{"@type":"EntryPoint","urlTemplate":"https:\/\/chemitool.com\/?s={search_term_string}"},"query-input":"required name=search_term_string"}],"inLanguage":"es"},{"@type":"ImageObject","@id":"https:\/\/chemitool.com\/es\/products\/chemicals\/impermeabilizacion\/hidrofugante\/hidrofugante-tejados-y-fachadas\/#primaryimage","inLanguage":"es","url":"https:\/\/chemitool.com\/wp-content\/uploads\/2022\/08\/CHC40020010050.png","contentUrl":"https:\/\/chemitool.com\/wp-content\/uploads\/2022\/08\/CHC40020010050.png","width":800,"height":800},{"@type":"WebPage","@id":"https:\/\/chemitool.com\/es\/products\/chemicals\/impermeabilizacion\/hidrofugante\/hidrofugante-tejados-y-fachadas\/#webpage","url":"https:\/\/chemitool.com\/es\/products\/chemicals\/impermeabilizacion\/hidrofugante\/hidrofugante-tejados-y-fachadas\/","name":"HIDROFUGANTE TEJADOS Y FACHADAS &ndash; Chemitool","isPartOf":{"@id":"https:\/\/chemitool.com\/#website"},"primaryImageOfPage":{"@id":"https:\/\/chemitool.com\/es\/products\/chemicals\/impermeabilizacion\/hidrofugante\/hidrofugante-tejados-y-fachadas\/#primaryimage"},"datePublished":"2022-08-25T09:58:12+00:00","dateModified":"2022-08-29T10:55:09+00:00","description":"SAP: CHC40020010050 Hidrofugante Tejados y Fachadas CHEMICOAT es un hidrofugante de alta calidad a base de siloxanos oligom\u00e9ricos. Impermeabilizante incoloro para materiales porosos, granito, m\u00e1rmol, piedras naturales, azulejos y otras cer\u00e1micas.","breadcrumb":{"@id":"https:\/\/chemitool.com\/es\/products\/chemicals\/impermeabilizacion\/hidrofugante\/hidrofugante-tejados-y-fachadas\/#breadcrumb"},"inLanguage":"es","potentialAction":[{"@type":"ReadAction","target":["https:\/\/chemitool.com\/es\/products\/chemicals\/impermeabilizacion\/hidrofugante\/hidrofugante-tejados-y-fachadas\/"]}]},{"@type":"BreadcrumbList","@id":"https:\/\/chemitool.com\/es\/products\/chemicals\/impermeabilizacion\/hidrofugante\/hidrofugante-tejados-y-fachadas\/#breadcrumb","itemListElement":[{"@type":"ListItem","position":1,"name":"Home","item":"https:\/\/chemitool.com\/es\/"},{"@type":"ListItem","position":2,"name":"Productos","item":"https:\/\/chemitool.com\/es\/productos\/"},{"@type":"ListItem","position":3,"name":"CHEMICALS","item":"https:\/\/chemitool.com\/es\/categoria-producto\/chemicals\/"},{"@type":"ListItem","position":4,"name":"HIDROFUGANTE TEJADOS Y FACHADAS"}]}]}},"_links":{"self":[{"href":"https:\/\/chemitool.com\/es\/wp-json\/wp\/v2\/product\/25683"}],"collection":[{"href":"https:\/\/chemitool.com\/es\/wp-json\/wp\/v2\/product"}],"about":[{"href":"https:\/\/chemitool.com\/es\/wp-json\/wp\/v2\/types\/product"}],"wp:featuredmedia":[{"embeddable":true,"href":"https:\/\/chemitool.com\/es\/wp-json\/wp\/v2\/media\/25703"}],"wp:attachment":[{"href":"https:\/\/chemitool.com\/es\/wp-json\/wp\/v2\/media?parent=25683"}],"wp:term":[{"taxonomy":"product_cat","embeddable":true,"href":"https:\/\/chemitool.com\/es\/wp-json\/wp\/v2\/product_cat?post=25683"},{"taxonomy":"product_tag","embeddable":true,"href":"https:\/\/chemitool.com\/es\/wp-json\/wp\/v2\/product_tag?post=25683"}],"curies":[{"name":"wp","href":"https:\/\/api.w.org\/{rel}","templated":true}]}}