{"id":25302,"date":"2022-07-25T09:37:03","date_gmt":"2022-07-25T09:37:05","guid":{"rendered":"https:\/\/chemitool.com\/?post_type=product&#038;p=25302"},"modified":"2022-09-28T16:55:37","modified_gmt":"2022-09-28T16:55:37","slug":"grasa-multiusos-litio-ep2","status":"publish","type":"product","link":"https:\/\/chemitool.com\/es\/products\/chemicals\/lubrificacion\/grasa-multiusos\/grasa-multiusos-litio-ep2\/","title":{"rendered":"GRASA MULTIUSOS LITIO EP2"},"content":{"rendered":"<p><strong>VENTAJAS<\/strong><\/p>\n<ul>\n<li>Altas propiedades antidesgaste, anticorrosivas, antioxidantes y antiherrumbre<\/li>\n<li>Alta adherencia y untuosidad<\/li>\n<li>Contiene aditivos EP de \u00faltima tecnolog\u00eda<\/li>\n<li>Gran poder lubricante<\/li>\n<li>Excelente durabilidad<\/li>\n<li>Evita la oxidaci\u00f3n y la corrosi\u00f3n en las zonas de contacto entre metales bajo cargas pesadas y presiones extremas<\/li>\n<li>Temperatura de servicio -20\u00baC a +120\u00baC, (-4\u00baF a +248\u00baF) con un m\u00e1ximo de 135\u00baC (275\u00baF)<\/li>\n<li>Repele el polvo, la suciedad y el agua<\/li>\n<li>Excelente capacidad de bombeo para su uso con pistola y lubricaci\u00f3n centralizada<\/li>\n<li>Excelentes propiedades y presi\u00f3n extrema<\/li>\n<li>Producto libre de rellenos, cargas y metales pesados<\/li>\n<\/ul>\n","protected":false},"excerpt":{"rendered":"<p><em>Grasa Multiusos Litio EP2 CHEMILUB <\/em>es una grasa EP multiuso mejorada, con extrema presi\u00f3n para la lubricaci\u00f3n en condiciones mec\u00e1nicas duras y alta frecuencia de lubricaci\u00f3n.<\/p>\n","protected":false},"featured_media":30212,"template":"","meta":[],"product_cat":[1209,3985,4315,1218,1247],"product_tag":[4492],"yoast_head":"<!-- This site is optimized with the Yoast SEO plugin v17.4 - https:\/\/yoast.com\/wordpress\/plugins\/seo\/ -->\n<title>GRASA MULTIUSOS LITIO EP2 &ndash; Chemitool<\/title>\n<meta name=\"description\" content=\"Grasa Multiusos Litio EP2 CHEMILUB es una grasa EP multiuso mejorada, con extrema presi\u00f3n para la lubricaci\u00f3n en condiciones mec\u00e1nicas duras y alta frecuencia de lubricaci\u00f3n.\" \/>\n<meta name=\"robots\" content=\"index, follow, max-snippet:-1, max-image-preview:large, max-video-preview:-1\" \/>\n<link rel=\"canonical\" href=\"https:\/\/chemitool.com\/es\/products\/chemicals\/lubrificacion\/grasa-multiusos\/grasa-multiusos-litio-ep2\/\" \/>\n<meta property=\"og:locale\" content=\"es_ES\" \/>\n<meta property=\"og:type\" content=\"article\" \/>\n<meta property=\"og:title\" content=\"GRASA MULTIUSOS LITIO EP2 &ndash; Chemitool\" \/>\n<meta property=\"og:description\" content=\"Grasa Multiusos Litio EP2 CHEMILUB es una grasa EP multiuso mejorada, con extrema presi\u00f3n para la lubricaci\u00f3n en condiciones mec\u00e1nicas duras y alta frecuencia de lubricaci\u00f3n.\" \/>\n<meta property=\"og:url\" content=\"https:\/\/chemitool.com\/es\/products\/chemicals\/lubrificacion\/grasa-multiusos\/grasa-multiusos-litio-ep2\/\" \/>\n<meta property=\"og:site_name\" content=\"Chemitool\" \/>\n<meta property=\"article:publisher\" content=\"https:\/\/www.facebook.com\/chemitool\" \/>\n<meta property=\"article:modified_time\" content=\"2022-09-28T16:55:37+00:00\" \/>\n<meta property=\"og:image\" content=\"https:\/\/chemitool.com\/wp-content\/uploads\/2022\/08\/CHC41010120_5604630146531.png\" \/>\n\t<meta property=\"og:image:width\" content=\"800\" \/>\n\t<meta property=\"og:image:height\" content=\"800\" \/>\n<meta name=\"twitter:card\" content=\"summary_large_image\" \/>\n<script type=\"application\/ld+json\" class=\"yoast-schema-graph\">{\"@context\":\"https:\/\/schema.org\",\"@graph\":[{\"@type\":\"Organization\",\"@id\":\"https:\/\/chemitool.com\/#organization\",\"name\":\"Chemitool\",\"url\":\"https:\/\/chemitool.com\/\",\"sameAs\":[\"https:\/\/www.facebook.com\/chemitool\",\"https:\/\/www.instagram.com\/chemitool\/\"],\"logo\":{\"@type\":\"ImageObject\",\"@id\":\"https:\/\/chemitool.com\/#logo\",\"inLanguage\":\"es\",\"url\":\"https:\/\/chemitool.com\/wp-content\/uploads\/2020\/10\/logo_chemitool.png\",\"contentUrl\":\"https:\/\/chemitool.com\/wp-content\/uploads\/2020\/10\/logo_chemitool.png\",\"width\":400,\"height\":400,\"caption\":\"Chemitool\"},\"image\":{\"@id\":\"https:\/\/chemitool.com\/#logo\"}},{\"@type\":\"WebSite\",\"@id\":\"https:\/\/chemitool.com\/#website\",\"url\":\"https:\/\/chemitool.com\/\",\"name\":\"Chemitool\",\"description\":\"Chemitool - hardware and tools\",\"publisher\":{\"@id\":\"https:\/\/chemitool.com\/#organization\"},\"potentialAction\":[{\"@type\":\"SearchAction\",\"target\":{\"@type\":\"EntryPoint\",\"urlTemplate\":\"https:\/\/chemitool.com\/?s={search_term_string}\"},\"query-input\":\"required name=search_term_string\"}],\"inLanguage\":\"es\"},{\"@type\":\"ImageObject\",\"@id\":\"https:\/\/chemitool.com\/es\/products\/chemicals\/lubrificacion\/grasa-multiusos\/grasa-multiusos-litio-ep2\/#primaryimage\",\"inLanguage\":\"es\",\"url\":\"https:\/\/chemitool.com\/wp-content\/uploads\/2022\/07\/CHC410101004_5604630146517.png\",\"contentUrl\":\"https:\/\/chemitool.com\/wp-content\/uploads\/2022\/07\/CHC410101004_5604630146517.png\",\"width\":800,\"height\":800},{\"@type\":\"WebPage\",\"@id\":\"https:\/\/chemitool.com\/es\/products\/chemicals\/lubrificacion\/grasa-multiusos\/grasa-multiusos-litio-ep2\/#webpage\",\"url\":\"https:\/\/chemitool.com\/es\/products\/chemicals\/lubrificacion\/grasa-multiusos\/grasa-multiusos-litio-ep2\/\",\"name\":\"GRASA MULTIUSOS LITIO EP2 &ndash; Chemitool\",\"isPartOf\":{\"@id\":\"https:\/\/chemitool.com\/#website\"},\"primaryImageOfPage\":{\"@id\":\"https:\/\/chemitool.com\/es\/products\/chemicals\/lubrificacion\/grasa-multiusos\/grasa-multiusos-litio-ep2\/#primaryimage\"},\"datePublished\":\"2022-07-25T09:37:05+00:00\",\"dateModified\":\"2022-09-28T16:55:37+00:00\",\"description\":\"Grasa Multiusos Litio EP2 CHEMILUB es una grasa EP multiuso mejorada, con extrema presi\\u00f3n para la lubricaci\\u00f3n en condiciones mec\\u00e1nicas duras y alta frecuencia de lubricaci\\u00f3n.\",\"breadcrumb\":{\"@id\":\"https:\/\/chemitool.com\/es\/products\/chemicals\/lubrificacion\/grasa-multiusos\/grasa-multiusos-litio-ep2\/#breadcrumb\"},\"inLanguage\":\"es\",\"potentialAction\":[{\"@type\":\"ReadAction\",\"target\":[\"https:\/\/chemitool.com\/es\/products\/chemicals\/lubrificacion\/grasa-multiusos\/grasa-multiusos-litio-ep2\/\"]}]},{\"@type\":\"BreadcrumbList\",\"@id\":\"https:\/\/chemitool.com\/es\/products\/chemicals\/lubrificacion\/grasa-multiusos\/grasa-multiusos-litio-ep2\/#breadcrumb\",\"itemListElement\":[{\"@type\":\"ListItem\",\"position\":1,\"name\":\"Home\",\"item\":\"https:\/\/chemitool.com\/es\/\"},{\"@type\":\"ListItem\",\"position\":2,\"name\":\"Productos\",\"item\":\"https:\/\/chemitool.com\/es\/productos\/\"},{\"@type\":\"ListItem\",\"position\":3,\"name\":\"CHEMICALS\",\"item\":\"https:\/\/chemitool.com\/es\/categoria-producto\/chemicals\/\"},{\"@type\":\"ListItem\",\"position\":4,\"name\":\"GRASA MULTIUSOS LITIO EP2\"}]}]}<\/script>\n<!-- \/ Yoast SEO plugin. -->","yoast_head_json":{"title":"GRASA MULTIUSOS LITIO EP2 &ndash; Chemitool","description":"Grasa Multiusos Litio EP2 CHEMILUB es una grasa EP multiuso mejorada, con extrema presi\u00f3n para la lubricaci\u00f3n en condiciones mec\u00e1nicas duras y alta frecuencia de lubricaci\u00f3n.","robots":{"index":"index","follow":"follow","max-snippet":"max-snippet:-1","max-image-preview":"max-image-preview:large","max-video-preview":"max-video-preview:-1"},"canonical":"https:\/\/chemitool.com\/es\/products\/chemicals\/lubrificacion\/grasa-multiusos\/grasa-multiusos-litio-ep2\/","og_locale":"es_ES","og_type":"article","og_title":"GRASA MULTIUSOS LITIO EP2 &ndash; Chemitool","og_description":"Grasa Multiusos Litio EP2 CHEMILUB es una grasa EP multiuso mejorada, con extrema presi\u00f3n para la lubricaci\u00f3n en condiciones mec\u00e1nicas duras y alta frecuencia de lubricaci\u00f3n.","og_url":"https:\/\/chemitool.com\/es\/products\/chemicals\/lubrificacion\/grasa-multiusos\/grasa-multiusos-litio-ep2\/","og_site_name":"Chemitool","article_publisher":"https:\/\/www.facebook.com\/chemitool","article_modified_time":"2022-09-28T16:55:37+00:00","og_image":[{"width":800,"height":800,"url":"https:\/\/chemitool.com\/wp-content\/uploads\/2022\/08\/CHC41010120_5604630146531.png","type":"image\/png"}],"twitter_card":"summary_large_image","schema":{"@context":"https:\/\/schema.org","@graph":[{"@type":"Organization","@id":"https:\/\/chemitool.com\/#organization","name":"Chemitool","url":"https:\/\/chemitool.com\/","sameAs":["https:\/\/www.facebook.com\/chemitool","https:\/\/www.instagram.com\/chemitool\/"],"logo":{"@type":"ImageObject","@id":"https:\/\/chemitool.com\/#logo","inLanguage":"es","url":"https:\/\/chemitool.com\/wp-content\/uploads\/2020\/10\/logo_chemitool.png","contentUrl":"https:\/\/chemitool.com\/wp-content\/uploads\/2020\/10\/logo_chemitool.png","width":400,"height":400,"caption":"Chemitool"},"image":{"@id":"https:\/\/chemitool.com\/#logo"}},{"@type":"WebSite","@id":"https:\/\/chemitool.com\/#website","url":"https:\/\/chemitool.com\/","name":"Chemitool","description":"Chemitool - hardware and tools","publisher":{"@id":"https:\/\/chemitool.com\/#organization"},"potentialAction":[{"@type":"SearchAction","target":{"@type":"EntryPoint","urlTemplate":"https:\/\/chemitool.com\/?s={search_term_string}"},"query-input":"required name=search_term_string"}],"inLanguage":"es"},{"@type":"ImageObject","@id":"https:\/\/chemitool.com\/es\/products\/chemicals\/lubrificacion\/grasa-multiusos\/grasa-multiusos-litio-ep2\/#primaryimage","inLanguage":"es","url":"https:\/\/chemitool.com\/wp-content\/uploads\/2022\/07\/CHC410101004_5604630146517.png","contentUrl":"https:\/\/chemitool.com\/wp-content\/uploads\/2022\/07\/CHC410101004_5604630146517.png","width":800,"height":800},{"@type":"WebPage","@id":"https:\/\/chemitool.com\/es\/products\/chemicals\/lubrificacion\/grasa-multiusos\/grasa-multiusos-litio-ep2\/#webpage","url":"https:\/\/chemitool.com\/es\/products\/chemicals\/lubrificacion\/grasa-multiusos\/grasa-multiusos-litio-ep2\/","name":"GRASA MULTIUSOS LITIO EP2 &ndash; Chemitool","isPartOf":{"@id":"https:\/\/chemitool.com\/#website"},"primaryImageOfPage":{"@id":"https:\/\/chemitool.com\/es\/products\/chemicals\/lubrificacion\/grasa-multiusos\/grasa-multiusos-litio-ep2\/#primaryimage"},"datePublished":"2022-07-25T09:37:05+00:00","dateModified":"2022-09-28T16:55:37+00:00","description":"Grasa Multiusos Litio EP2 CHEMILUB es una grasa EP multiuso mejorada, con extrema presi\u00f3n para la lubricaci\u00f3n en condiciones mec\u00e1nicas duras y alta frecuencia de lubricaci\u00f3n.","breadcrumb":{"@id":"https:\/\/chemitool.com\/es\/products\/chemicals\/lubrificacion\/grasa-multiusos\/grasa-multiusos-litio-ep2\/#breadcrumb"},"inLanguage":"es","potentialAction":[{"@type":"ReadAction","target":["https:\/\/chemitool.com\/es\/products\/chemicals\/lubrificacion\/grasa-multiusos\/grasa-multiusos-litio-ep2\/"]}]},{"@type":"BreadcrumbList","@id":"https:\/\/chemitool.com\/es\/products\/chemicals\/lubrificacion\/grasa-multiusos\/grasa-multiusos-litio-ep2\/#breadcrumb","itemListElement":[{"@type":"ListItem","position":1,"name":"Home","item":"https:\/\/chemitool.com\/es\/"},{"@type":"ListItem","position":2,"name":"Productos","item":"https:\/\/chemitool.com\/es\/productos\/"},{"@type":"ListItem","position":3,"name":"CHEMICALS","item":"https:\/\/chemitool.com\/es\/categoria-producto\/chemicals\/"},{"@type":"ListItem","position":4,"name":"GRASA MULTIUSOS LITIO EP2"}]}]}},"_links":{"self":[{"href":"https:\/\/chemitool.com\/es\/wp-json\/wp\/v2\/product\/25302"}],"collection":[{"href":"https:\/\/chemitool.com\/es\/wp-json\/wp\/v2\/product"}],"about":[{"href":"https:\/\/chemitool.com\/es\/wp-json\/wp\/v2\/types\/product"}],"wp:featuredmedia":[{"embeddable":true,"href":"https:\/\/chemitool.com\/es\/wp-json\/wp\/v2\/media\/30212"}],"wp:attachment":[{"href":"https:\/\/chemitool.com\/es\/wp-json\/wp\/v2\/media?parent=25302"}],"wp:term":[{"taxonomy":"product_cat","embeddable":true,"href":"https:\/\/chemitool.com\/es\/wp-json\/wp\/v2\/product_cat?post=25302"},{"taxonomy":"product_tag","embeddable":true,"href":"https:\/\/chemitool.com\/es\/wp-json\/wp\/v2\/product_tag?post=25302"}],"curies":[{"name":"wp","href":"https:\/\/api.w.org\/{rel}","templated":true}]}}