{"id":24504,"date":"2022-07-07T10:42:39","date_gmt":"2022-07-07T10:42:41","guid":{"rendered":"https:\/\/chemitool.com\/?post_type=product&#038;p=24504"},"modified":"2022-07-26T10:16:24","modified_gmt":"2022-07-26T10:16:24","slug":"zapatilla-de-seguridad-get-texforce-low-s1p-src-esd","status":"publish","type":"product","link":"https:\/\/chemitool.com\/es\/products\/safety\/zapatos-de-seguridad\/zapatilhas\/zapatilla-de-seguridad-get-texforce-low-s1p-src-esd\/","title":{"rendered":"ZAPATILLA DE SEGURIDAD GET TEXFORCE LOW S1P SRC ESD &#8211; Negro"},"content":{"rendered":"<ul>\n<li>Piel de serraje de primera calidad repelente al agua<\/li>\n<li>Tejido t\u00e9cnico Cordura\u00ae transpirable<\/li>\n<li>Puntera de aluminio con refuerzo interno de policarbonato para una mejor regulaci\u00f3n t\u00e9rmica del zapatilla<\/li>\n<li>Plantilla de confort ORTHOLITE\u00ae lavable y antifatiga<\/li>\n<li>Entresuela con amortiguaci\u00f3n MASTER BALANCE que reduce la fatiga y el cansancio<\/li>\n<li>Ca\u00f1a antitorsi\u00f3n<\/li>\n<li>Suela de TPU XTRAIL GRIP con refuerzo en el tal\u00f3n<\/li>\n<li>Suela resistente a la hidr\u00f3lisis<\/li>\n<\/ul>\n<p><img class=\"alignnone size-full wp-image-15160\" src=\"https:\/\/chemitool.com\/wp-content\/uploads\/2021\/09\/CE_CAT2-1.png\" alt=\"\" width=\"105\" height=\"119\" \/><\/p>\n<p><img class=\"alignnone size-full wp-image-25153\" src=\"https:\/\/chemitool.com\/wp-content\/uploads\/2022\/07\/ESD.png\" alt=\"\" width=\"85\" height=\"98\" \/><img class=\"alignnone size-full wp-image-25157\" src=\"https:\/\/chemitool.com\/wp-content\/uploads\/2022\/07\/SRC.png\" alt=\"\" width=\"85\" height=\"98\" \/><img class=\"alignnone size-full wp-image-25194\" src=\"https:\/\/chemitool.com\/wp-content\/uploads\/2022\/07\/S1P.png\" alt=\"\" width=\"85\" height=\"98\" \/><img class=\"alignnone size-full wp-image-25165\" src=\"https:\/\/chemitool.com\/wp-content\/uploads\/2022\/07\/Sole_Protect.png\" alt=\"\" width=\"85\" height=\"98\" \/>\u00a0<img class=\"alignnone size-full wp-image-25169\" src=\"https:\/\/chemitool.com\/wp-content\/uploads\/2022\/07\/Italian_leather.png\" alt=\"\" width=\"85\" height=\"98\" \/>\u00a0<img class=\"alignnone size-full wp-image-25173\" src=\"https:\/\/chemitool.com\/wp-content\/uploads\/2022\/07\/TOP_ALU_CAP.png\" alt=\"\" width=\"85\" height=\"98\" \/><\/p>\n<p><img class=\"alignnone size-full wp-image-25176\" src=\"https:\/\/chemitool.com\/wp-content\/uploads\/2022\/07\/ORTHOLITE.png\" alt=\"\" width=\"85\" height=\"98\" \/>\u00a0<img class=\"alignnone size-full wp-image-25179\" src=\"https:\/\/chemitool.com\/wp-content\/uploads\/2022\/07\/Master_Balance.png\" alt=\"\" width=\"85\" height=\"98\" \/>\u00a0<img class=\"alignnone size-full wp-image-25182\" src=\"https:\/\/chemitool.com\/wp-content\/uploads\/2022\/07\/Get_Soul.png\" alt=\"\" width=\"85\" height=\"98\" \/>\u00a0<img class=\"alignnone size-full wp-image-25185\" src=\"https:\/\/chemitool.com\/wp-content\/uploads\/2022\/07\/Regular_fit.png\" alt=\"\" width=\"85\" height=\"98\" \/>\u00a0<img class=\"alignnone size-full wp-image-25188\" src=\"https:\/\/chemitool.com\/wp-content\/uploads\/2022\/07\/WATER-REPELLENT-1.png\" alt=\"\" width=\"85\" height=\"97\" \/>\u00a0<img class=\"alignnone size-full wp-image-25191\" src=\"https:\/\/chemitool.com\/wp-content\/uploads\/2022\/07\/BREATHABLE-1.png\" alt=\"\" width=\"85\" height=\"97\" \/><\/p>\n","protected":false},"excerpt":{"rendered":"<p><em>Zapatilla de Seguridad GET TEXFORCE LOW S1P SRC ESD <\/em>es un modelo antiest\u00e1tico bajo, con piel de serraje repelente al agua con inserciones de tejido t\u00e9cnico transpirable, forro interior (en toda la superficie interna) transpirable y resistente a la abrasi\u00f3n, 6+6 ojales sin metal, inserci\u00f3n reflectante en el protector de tac\u00f3n, puntera de aluminio moldeado a presi\u00f3n, plantilla extra\u00edble Ortholite X40 016, plantilla de l\u00e1mina textil certificada antiperforaci\u00f3n, cambrill\u00f3n antitorsi\u00f3n, base de la puntera con forma de herradura, entresuela de poliuretano ultraligero, amortiguador MASTER BALANCE en PU poli\u00e9ter de alta tenacidad y densidad equilibrada, suela XTRAIL GRIP en TPU con protector de tac\u00f3n y de punta.<\/p>\n","protected":false},"featured_media":24636,"template":"","meta":[],"product_cat":[1454,3036,4287],"product_tag":[],"yoast_head":"<!-- This site is optimized with the Yoast SEO plugin v17.4 - https:\/\/yoast.com\/wordpress\/plugins\/seo\/ -->\n<title>ZAPATILLA DE SEGURIDAD GET TEXFORCE LOW S1P SRC ESD - Negro &ndash; Chemitool<\/title>\n<meta name=\"description\" content=\"Zapatilla de Seguridad GET TEXFORCE LOW S1P SRC ESD es un modelo antiest\u00e1tico bajo, con piel de serraje repelente al agua con inserciones de tejido t\u00e9cnico transpirable, forro interior (en toda la superficie interna) transpirable y resistente a la abrasi\u00f3n, 6+6 ojales sin metal, inserci\u00f3n reflectante en el protector de tac\u00f3n, puntera de aluminio moldeado a presi\u00f3n, plantilla extra\u00edble Ortholite X40 016, plantilla de l\u00e1mina textil certificada antiperforaci\u00f3n, cambrill\u00f3n antitorsi\u00f3n, base de la puntera con forma de herradura, entresuela de poliuretano ultraligero, amortiguador MASTER BALANCE en PU poli\u00e9ter de alta tenacidad y densidad equilibrada, suela XTRAIL GRIP en TPU con protector de tac\u00f3n y de punta.\" \/>\n<meta name=\"robots\" content=\"index, follow, max-snippet:-1, max-image-preview:large, max-video-preview:-1\" \/>\n<link rel=\"canonical\" href=\"https:\/\/chemitool.com\/es\/products\/safety\/zapatos-de-seguridad\/zapatilhas\/zapatilla-de-seguridad-get-texforce-low-s1p-src-esd\/\" \/>\n<meta property=\"og:locale\" content=\"es_ES\" \/>\n<meta property=\"og:type\" content=\"article\" \/>\n<meta property=\"og:title\" content=\"ZAPATILLA DE SEGURIDAD GET TEXFORCE LOW S1P SRC ESD - Negro &ndash; Chemitool\" \/>\n<meta property=\"og:description\" content=\"Zapatilla de Seguridad GET TEXFORCE LOW S1P SRC ESD es un modelo antiest\u00e1tico bajo, con piel de serraje repelente al agua con inserciones de tejido t\u00e9cnico transpirable, forro interior (en toda la superficie interna) transpirable y resistente a la abrasi\u00f3n, 6+6 ojales sin metal, inserci\u00f3n reflectante en el protector de tac\u00f3n, puntera de aluminio moldeado a presi\u00f3n, plantilla extra\u00edble Ortholite X40 016, plantilla de l\u00e1mina textil certificada antiperforaci\u00f3n, cambrill\u00f3n antitorsi\u00f3n, base de la puntera con forma de herradura, entresuela de poliuretano ultraligero, amortiguador MASTER BALANCE en PU poli\u00e9ter de alta tenacidad y densidad equilibrada, suela XTRAIL GRIP en TPU con protector de tac\u00f3n y de punta.\" \/>\n<meta property=\"og:url\" content=\"https:\/\/chemitool.com\/es\/products\/safety\/zapatos-de-seguridad\/zapatilhas\/zapatilla-de-seguridad-get-texforce-low-s1p-src-esd\/\" \/>\n<meta property=\"og:site_name\" content=\"Chemitool\" \/>\n<meta property=\"article:publisher\" content=\"https:\/\/www.facebook.com\/chemitool\" \/>\n<meta property=\"article:modified_time\" content=\"2022-07-26T10:16:24+00:00\" \/>\n<meta property=\"og:image\" content=\"https:\/\/chemitool.com\/wp-content\/uploads\/2022\/07\/P014810464S0005_perfil_inverted-1.png\" \/>\n\t<meta property=\"og:image:width\" content=\"800\" \/>\n\t<meta property=\"og:image:height\" content=\"800\" \/>\n<meta name=\"twitter:card\" content=\"summary_large_image\" \/>\n<script type=\"application\/ld+json\" class=\"yoast-schema-graph\">{\"@context\":\"https:\/\/schema.org\",\"@graph\":[{\"@type\":\"Organization\",\"@id\":\"https:\/\/chemitool.com\/#organization\",\"name\":\"Chemitool\",\"url\":\"https:\/\/chemitool.com\/\",\"sameAs\":[\"https:\/\/www.facebook.com\/chemitool\",\"https:\/\/www.instagram.com\/chemitool\/\"],\"logo\":{\"@type\":\"ImageObject\",\"@id\":\"https:\/\/chemitool.com\/#logo\",\"inLanguage\":\"es\",\"url\":\"https:\/\/chemitool.com\/wp-content\/uploads\/2020\/10\/logo_chemitool.png\",\"contentUrl\":\"https:\/\/chemitool.com\/wp-content\/uploads\/2020\/10\/logo_chemitool.png\",\"width\":400,\"height\":400,\"caption\":\"Chemitool\"},\"image\":{\"@id\":\"https:\/\/chemitool.com\/#logo\"}},{\"@type\":\"WebSite\",\"@id\":\"https:\/\/chemitool.com\/#website\",\"url\":\"https:\/\/chemitool.com\/\",\"name\":\"Chemitool\",\"description\":\"Chemitool - hardware and tools\",\"publisher\":{\"@id\":\"https:\/\/chemitool.com\/#organization\"},\"potentialAction\":[{\"@type\":\"SearchAction\",\"target\":{\"@type\":\"EntryPoint\",\"urlTemplate\":\"https:\/\/chemitool.com\/?s={search_term_string}\"},\"query-input\":\"required name=search_term_string\"}],\"inLanguage\":\"es\"},{\"@type\":\"ImageObject\",\"@id\":\"https:\/\/chemitool.com\/es\/products\/safety\/zapatos-de-seguridad\/zapatilhas\/zapatilla-de-seguridad-get-texforce-low-s1p-src-esd\/#primaryimage\",\"inLanguage\":\"es\",\"url\":\"https:\/\/chemitool.com\/wp-content\/uploads\/2022\/07\/P014810464S0005_perfil_inverted-1.png\",\"contentUrl\":\"https:\/\/chemitool.com\/wp-content\/uploads\/2022\/07\/P014810464S0005_perfil_inverted-1.png\",\"width\":800,\"height\":800},{\"@type\":\"WebPage\",\"@id\":\"https:\/\/chemitool.com\/es\/products\/safety\/zapatos-de-seguridad\/zapatilhas\/zapatilla-de-seguridad-get-texforce-low-s1p-src-esd\/#webpage\",\"url\":\"https:\/\/chemitool.com\/es\/products\/safety\/zapatos-de-seguridad\/zapatilhas\/zapatilla-de-seguridad-get-texforce-low-s1p-src-esd\/\",\"name\":\"ZAPATILLA DE SEGURIDAD GET TEXFORCE LOW S1P SRC ESD - Negro &ndash; Chemitool\",\"isPartOf\":{\"@id\":\"https:\/\/chemitool.com\/#website\"},\"primaryImageOfPage\":{\"@id\":\"https:\/\/chemitool.com\/es\/products\/safety\/zapatos-de-seguridad\/zapatilhas\/zapatilla-de-seguridad-get-texforce-low-s1p-src-esd\/#primaryimage\"},\"datePublished\":\"2022-07-07T10:42:41+00:00\",\"dateModified\":\"2022-07-26T10:16:24+00:00\",\"description\":\"Zapatilla de Seguridad GET TEXFORCE LOW S1P SRC ESD es un modelo antiest\\u00e1tico bajo, con piel de serraje repelente al agua con inserciones de tejido t\\u00e9cnico transpirable, forro interior (en toda la superficie interna) transpirable y resistente a la abrasi\\u00f3n, 6+6 ojales sin metal, inserci\\u00f3n reflectante en el protector de tac\\u00f3n, puntera de aluminio moldeado a presi\\u00f3n, plantilla extra\\u00edble Ortholite X40 016, plantilla de l\\u00e1mina textil certificada antiperforaci\\u00f3n, cambrill\\u00f3n antitorsi\\u00f3n, base de la puntera con forma de herradura, entresuela de poliuretano ultraligero, amortiguador MASTER BALANCE en PU poli\\u00e9ter de alta tenacidad y densidad equilibrada, suela XTRAIL GRIP en TPU con protector de tac\\u00f3n y de punta.\",\"breadcrumb\":{\"@id\":\"https:\/\/chemitool.com\/es\/products\/safety\/zapatos-de-seguridad\/zapatilhas\/zapatilla-de-seguridad-get-texforce-low-s1p-src-esd\/#breadcrumb\"},\"inLanguage\":\"es\",\"potentialAction\":[{\"@type\":\"ReadAction\",\"target\":[\"https:\/\/chemitool.com\/es\/products\/safety\/zapatos-de-seguridad\/zapatilhas\/zapatilla-de-seguridad-get-texforce-low-s1p-src-esd\/\"]}]},{\"@type\":\"BreadcrumbList\",\"@id\":\"https:\/\/chemitool.com\/es\/products\/safety\/zapatos-de-seguridad\/zapatilhas\/zapatilla-de-seguridad-get-texforce-low-s1p-src-esd\/#breadcrumb\",\"itemListElement\":[{\"@type\":\"ListItem\",\"position\":1,\"name\":\"Home\",\"item\":\"https:\/\/chemitool.com\/es\/\"},{\"@type\":\"ListItem\",\"position\":2,\"name\":\"Productos\",\"item\":\"https:\/\/chemitool.com\/es\/productos\/\"},{\"@type\":\"ListItem\",\"position\":3,\"name\":\"Safety\",\"item\":\"https:\/\/chemitool.com\/es\/categoria-producto\/safety\/\"},{\"@type\":\"ListItem\",\"position\":4,\"name\":\"zapatos de seguridad\",\"item\":\"https:\/\/chemitool.com\/es\/categoria-producto\/safety\/zapatos-de-seguridad\/\"},{\"@type\":\"ListItem\",\"position\":5,\"name\":\"Zapatillas\",\"item\":\"https:\/\/chemitool.com\/es\/categoria-producto\/safety\/zapatos-de-seguridad\/zapatilhas\/\"},{\"@type\":\"ListItem\",\"position\":6,\"name\":\"ZAPATILLA DE SEGURIDAD GET TEXFORCE LOW S1P SRC ESD &#8211; Negro\"}]}]}<\/script>\n<!-- \/ Yoast SEO plugin. -->","yoast_head_json":{"title":"ZAPATILLA DE SEGURIDAD GET TEXFORCE LOW S1P SRC ESD - Negro &ndash; Chemitool","description":"Zapatilla de Seguridad GET TEXFORCE LOW S1P SRC ESD es un modelo antiest\u00e1tico bajo, con piel de serraje repelente al agua con inserciones de tejido t\u00e9cnico transpirable, forro interior (en toda la superficie interna) transpirable y resistente a la abrasi\u00f3n, 6+6 ojales sin metal, inserci\u00f3n reflectante en el protector de tac\u00f3n, puntera de aluminio moldeado a presi\u00f3n, plantilla extra\u00edble Ortholite X40 016, plantilla de l\u00e1mina textil certificada antiperforaci\u00f3n, cambrill\u00f3n antitorsi\u00f3n, base de la puntera con forma de herradura, entresuela de poliuretano ultraligero, amortiguador MASTER BALANCE en PU poli\u00e9ter de alta tenacidad y densidad equilibrada, suela XTRAIL GRIP en TPU con protector de tac\u00f3n y de punta.","robots":{"index":"index","follow":"follow","max-snippet":"max-snippet:-1","max-image-preview":"max-image-preview:large","max-video-preview":"max-video-preview:-1"},"canonical":"https:\/\/chemitool.com\/es\/products\/safety\/zapatos-de-seguridad\/zapatilhas\/zapatilla-de-seguridad-get-texforce-low-s1p-src-esd\/","og_locale":"es_ES","og_type":"article","og_title":"ZAPATILLA DE SEGURIDAD GET TEXFORCE LOW S1P SRC ESD - Negro &ndash; Chemitool","og_description":"Zapatilla de Seguridad GET TEXFORCE LOW S1P SRC ESD es un modelo antiest\u00e1tico bajo, con piel de serraje repelente al agua con inserciones de tejido t\u00e9cnico transpirable, forro interior (en toda la superficie interna) transpirable y resistente a la abrasi\u00f3n, 6+6 ojales sin metal, inserci\u00f3n reflectante en el protector de tac\u00f3n, puntera de aluminio moldeado a presi\u00f3n, plantilla extra\u00edble Ortholite X40 016, plantilla de l\u00e1mina textil certificada antiperforaci\u00f3n, cambrill\u00f3n antitorsi\u00f3n, base de la puntera con forma de herradura, entresuela de poliuretano ultraligero, amortiguador MASTER BALANCE en PU poli\u00e9ter de alta tenacidad y densidad equilibrada, suela XTRAIL GRIP en TPU con protector de tac\u00f3n y de punta.","og_url":"https:\/\/chemitool.com\/es\/products\/safety\/zapatos-de-seguridad\/zapatilhas\/zapatilla-de-seguridad-get-texforce-low-s1p-src-esd\/","og_site_name":"Chemitool","article_publisher":"https:\/\/www.facebook.com\/chemitool","article_modified_time":"2022-07-26T10:16:24+00:00","og_image":[{"width":800,"height":800,"url":"https:\/\/chemitool.com\/wp-content\/uploads\/2022\/07\/P014810464S0005_perfil_inverted-1.png","type":"image\/png"}],"twitter_card":"summary_large_image","schema":{"@context":"https:\/\/schema.org","@graph":[{"@type":"Organization","@id":"https:\/\/chemitool.com\/#organization","name":"Chemitool","url":"https:\/\/chemitool.com\/","sameAs":["https:\/\/www.facebook.com\/chemitool","https:\/\/www.instagram.com\/chemitool\/"],"logo":{"@type":"ImageObject","@id":"https:\/\/chemitool.com\/#logo","inLanguage":"es","url":"https:\/\/chemitool.com\/wp-content\/uploads\/2020\/10\/logo_chemitool.png","contentUrl":"https:\/\/chemitool.com\/wp-content\/uploads\/2020\/10\/logo_chemitool.png","width":400,"height":400,"caption":"Chemitool"},"image":{"@id":"https:\/\/chemitool.com\/#logo"}},{"@type":"WebSite","@id":"https:\/\/chemitool.com\/#website","url":"https:\/\/chemitool.com\/","name":"Chemitool","description":"Chemitool - hardware and tools","publisher":{"@id":"https:\/\/chemitool.com\/#organization"},"potentialAction":[{"@type":"SearchAction","target":{"@type":"EntryPoint","urlTemplate":"https:\/\/chemitool.com\/?s={search_term_string}"},"query-input":"required name=search_term_string"}],"inLanguage":"es"},{"@type":"ImageObject","@id":"https:\/\/chemitool.com\/es\/products\/safety\/zapatos-de-seguridad\/zapatilhas\/zapatilla-de-seguridad-get-texforce-low-s1p-src-esd\/#primaryimage","inLanguage":"es","url":"https:\/\/chemitool.com\/wp-content\/uploads\/2022\/07\/P014810464S0005_perfil_inverted-1.png","contentUrl":"https:\/\/chemitool.com\/wp-content\/uploads\/2022\/07\/P014810464S0005_perfil_inverted-1.png","width":800,"height":800},{"@type":"WebPage","@id":"https:\/\/chemitool.com\/es\/products\/safety\/zapatos-de-seguridad\/zapatilhas\/zapatilla-de-seguridad-get-texforce-low-s1p-src-esd\/#webpage","url":"https:\/\/chemitool.com\/es\/products\/safety\/zapatos-de-seguridad\/zapatilhas\/zapatilla-de-seguridad-get-texforce-low-s1p-src-esd\/","name":"ZAPATILLA DE SEGURIDAD GET TEXFORCE LOW S1P SRC ESD - Negro &ndash; Chemitool","isPartOf":{"@id":"https:\/\/chemitool.com\/#website"},"primaryImageOfPage":{"@id":"https:\/\/chemitool.com\/es\/products\/safety\/zapatos-de-seguridad\/zapatilhas\/zapatilla-de-seguridad-get-texforce-low-s1p-src-esd\/#primaryimage"},"datePublished":"2022-07-07T10:42:41+00:00","dateModified":"2022-07-26T10:16:24+00:00","description":"Zapatilla de Seguridad GET TEXFORCE LOW S1P SRC ESD es un modelo antiest\u00e1tico bajo, con piel de serraje repelente al agua con inserciones de tejido t\u00e9cnico transpirable, forro interior (en toda la superficie interna) transpirable y resistente a la abrasi\u00f3n, 6+6 ojales sin metal, inserci\u00f3n reflectante en el protector de tac\u00f3n, puntera de aluminio moldeado a presi\u00f3n, plantilla extra\u00edble Ortholite X40 016, plantilla de l\u00e1mina textil certificada antiperforaci\u00f3n, cambrill\u00f3n antitorsi\u00f3n, base de la puntera con forma de herradura, entresuela de poliuretano ultraligero, amortiguador MASTER BALANCE en PU poli\u00e9ter de alta tenacidad y densidad equilibrada, suela XTRAIL GRIP en TPU con protector de tac\u00f3n y de punta.","breadcrumb":{"@id":"https:\/\/chemitool.com\/es\/products\/safety\/zapatos-de-seguridad\/zapatilhas\/zapatilla-de-seguridad-get-texforce-low-s1p-src-esd\/#breadcrumb"},"inLanguage":"es","potentialAction":[{"@type":"ReadAction","target":["https:\/\/chemitool.com\/es\/products\/safety\/zapatos-de-seguridad\/zapatilhas\/zapatilla-de-seguridad-get-texforce-low-s1p-src-esd\/"]}]},{"@type":"BreadcrumbList","@id":"https:\/\/chemitool.com\/es\/products\/safety\/zapatos-de-seguridad\/zapatilhas\/zapatilla-de-seguridad-get-texforce-low-s1p-src-esd\/#breadcrumb","itemListElement":[{"@type":"ListItem","position":1,"name":"Home","item":"https:\/\/chemitool.com\/es\/"},{"@type":"ListItem","position":2,"name":"Productos","item":"https:\/\/chemitool.com\/es\/productos\/"},{"@type":"ListItem","position":3,"name":"Safety","item":"https:\/\/chemitool.com\/es\/categoria-producto\/safety\/"},{"@type":"ListItem","position":4,"name":"zapatos de seguridad","item":"https:\/\/chemitool.com\/es\/categoria-producto\/safety\/zapatos-de-seguridad\/"},{"@type":"ListItem","position":5,"name":"Zapatillas","item":"https:\/\/chemitool.com\/es\/categoria-producto\/safety\/zapatos-de-seguridad\/zapatilhas\/"},{"@type":"ListItem","position":6,"name":"ZAPATILLA DE SEGURIDAD GET TEXFORCE LOW S1P SRC ESD &#8211; Negro"}]}]}},"_links":{"self":[{"href":"https:\/\/chemitool.com\/es\/wp-json\/wp\/v2\/product\/24504"}],"collection":[{"href":"https:\/\/chemitool.com\/es\/wp-json\/wp\/v2\/product"}],"about":[{"href":"https:\/\/chemitool.com\/es\/wp-json\/wp\/v2\/types\/product"}],"wp:featuredmedia":[{"embeddable":true,"href":"https:\/\/chemitool.com\/es\/wp-json\/wp\/v2\/media\/24636"}],"wp:attachment":[{"href":"https:\/\/chemitool.com\/es\/wp-json\/wp\/v2\/media?parent=24504"}],"wp:term":[{"taxonomy":"product_cat","embeddable":true,"href":"https:\/\/chemitool.com\/es\/wp-json\/wp\/v2\/product_cat?post=24504"},{"taxonomy":"product_tag","embeddable":true,"href":"https:\/\/chemitool.com\/es\/wp-json\/wp\/v2\/product_tag?post=24504"}],"curies":[{"name":"wp","href":"https:\/\/api.w.org\/{rel}","templated":true}]}}