{"id":24264,"date":"2022-06-30T13:16:33","date_gmt":"2022-06-30T13:16:36","guid":{"rendered":"https:\/\/chemitool.com\/?post_type=product&#038;p=24264"},"modified":"2022-06-30T13:42:17","modified_gmt":"2022-06-30T13:42:17","slug":"spray-automotive-limpia-cristales-chemisol","status":"publish","type":"product","link":"https:\/\/chemitool.com\/es\/products\/chemicals\/sprays-es\/auto-es\/spray-automotive-limpia-cristales-chemisol\/","title":{"rendered":"SPRAY Automotive Limpia Cristales CHEMISOL"},"content":{"rendered":"<p><strong>VENTAJAS<\/strong><\/p>\n<ul>\n<li>Calidad profesional<\/li>\n<li>Sin AOX ni silicona<\/li>\n<li>F\u00e1cil de usar<\/li>\n<li>Pulverizaci\u00f3n en diferentes posiciones gracias a la v\u00e1lvula de 360\u00b0.<\/li>\n<li>Alto poder de limpieza<\/li>\n<li>Disuelve eficazmente la suciedad<\/li>\n<li>Puede utilizarse en superficies pintadas, de goma y de pl\u00e1stico<\/li>\n<li>Pulverizaci\u00f3n directa<\/li>\n<\/ul>\n<p><strong>INDICACIONES<\/strong><\/p>\n<p>Antes de utilizarlo, agitar en\u00e9rgicamente la lata, que debe estar a temperatura ambiente. La temperatura \u00f3ptima de uso est\u00e1 entre 5\u00b0C y 30\u00b0C.<\/p>\n","protected":false},"excerpt":{"rendered":"<p><b class=\"sap-label\">SAP:<\/b> <span class=\"codesap-label\">CHC030108<\/span><\/p>\n<p><em>Spray Automotive Limpia CristalesCHEMISOL<\/em> es un producto de alto rendimiento, se recomienda en cualquier \u00e9poca del a\u00f1o para eliminar eficazmente todas las marcas de insectos, huellas dactilares, grasa y suciedad de cualquier tipo de cristal, y puede utilizarse tanto en interiores como en exteriores.<\/p>\n","protected":false},"featured_media":45294,"template":"","meta":[],"product_cat":[1209,1218,1239],"product_tag":[140],"yoast_head":"<!-- This site is optimized with the Yoast SEO plugin v17.4 - https:\/\/yoast.com\/wordpress\/plugins\/seo\/ -->\n<title>SPRAY Automotive Limpia Cristales CHEMISOL &ndash; Chemitool<\/title>\n<meta name=\"description\" content=\"SAP: CHC030108  Spray Automotive Limpia CristalesCHEMISOL es un producto de alto rendimiento, se recomienda en cualquier \u00e9poca del a\u00f1o para eliminar eficazmente todas las marcas de insectos, huellas dactilares, grasa y suciedad de cualquier tipo de cristal, y puede utilizarse tanto en interiores como en exteriores.\" \/>\n<meta name=\"robots\" content=\"index, follow, max-snippet:-1, max-image-preview:large, max-video-preview:-1\" \/>\n<link rel=\"canonical\" href=\"https:\/\/chemitool.com\/es\/products\/chemical-products\/sprays\/automotive-2\/spray-automotive-limpia-cristales-chemisol\/\" \/>\n<meta property=\"og:locale\" content=\"es_ES\" \/>\n<meta property=\"og:type\" content=\"article\" \/>\n<meta property=\"og:title\" content=\"SPRAY Automotive Limpia Cristales CHEMISOL &ndash; Chemitool\" \/>\n<meta property=\"og:description\" content=\"SAP: CHC030108  Spray Automotive Limpia CristalesCHEMISOL es un producto de alto rendimiento, se recomienda en cualquier \u00e9poca del a\u00f1o para eliminar eficazmente todas las marcas de insectos, huellas dactilares, grasa y suciedad de cualquier tipo de cristal, y puede utilizarse tanto en interiores como en exteriores.\" \/>\n<meta property=\"og:url\" content=\"https:\/\/chemitool.com\/es\/products\/chemical-products\/sprays\/automotive-2\/spray-automotive-limpia-cristales-chemisol\/\" \/>\n<meta property=\"og:site_name\" content=\"Chemitool\" \/>\n<meta property=\"article:publisher\" content=\"https:\/\/www.facebook.com\/chemitool\" \/>\n<meta property=\"article:modified_time\" content=\"2022-06-30T13:42:17+00:00\" \/>\n<meta property=\"og:image\" content=\"https:\/\/chemitool.com\/wp-content\/uploads\/2026\/02\/CHC030108_web.png\" \/>\n\t<meta property=\"og:image:width\" content=\"800\" \/>\n\t<meta property=\"og:image:height\" content=\"800\" \/>\n<meta name=\"twitter:card\" content=\"summary_large_image\" \/>\n<script type=\"application\/ld+json\" class=\"yoast-schema-graph\">{\"@context\":\"https:\/\/schema.org\",\"@graph\":[{\"@type\":\"Organization\",\"@id\":\"https:\/\/chemitool.com\/#organization\",\"name\":\"Chemitool\",\"url\":\"https:\/\/chemitool.com\/\",\"sameAs\":[\"https:\/\/www.facebook.com\/chemitool\",\"https:\/\/www.instagram.com\/chemitool\/\"],\"logo\":{\"@type\":\"ImageObject\",\"@id\":\"https:\/\/chemitool.com\/#logo\",\"inLanguage\":\"es\",\"url\":\"https:\/\/chemitool.com\/wp-content\/uploads\/2020\/10\/logo_chemitool.png\",\"contentUrl\":\"https:\/\/chemitool.com\/wp-content\/uploads\/2020\/10\/logo_chemitool.png\",\"width\":400,\"height\":400,\"caption\":\"Chemitool\"},\"image\":{\"@id\":\"https:\/\/chemitool.com\/#logo\"}},{\"@type\":\"WebSite\",\"@id\":\"https:\/\/chemitool.com\/#website\",\"url\":\"https:\/\/chemitool.com\/\",\"name\":\"Chemitool\",\"description\":\"Chemitool - hardware and tools\",\"publisher\":{\"@id\":\"https:\/\/chemitool.com\/#organization\"},\"potentialAction\":[{\"@type\":\"SearchAction\",\"target\":{\"@type\":\"EntryPoint\",\"urlTemplate\":\"https:\/\/chemitool.com\/?s={search_term_string}\"},\"query-input\":\"required name=search_term_string\"}],\"inLanguage\":\"es\"},{\"@type\":\"ImageObject\",\"@id\":\"https:\/\/chemitool.com\/es\/products\/chemical-products\/sprays\/automotive-2\/spray-automotive-limpia-cristales-chemisol\/#primaryimage\",\"inLanguage\":\"es\",\"url\":\"https:\/\/chemitool.com\/wp-content\/uploads\/2026\/02\/CHC030108_web.png\",\"contentUrl\":\"https:\/\/chemitool.com\/wp-content\/uploads\/2026\/02\/CHC030108_web.png\",\"width\":800,\"height\":800},{\"@type\":\"WebPage\",\"@id\":\"https:\/\/chemitool.com\/es\/products\/chemical-products\/sprays\/automotive-2\/spray-automotive-limpia-cristales-chemisol\/#webpage\",\"url\":\"https:\/\/chemitool.com\/es\/products\/chemical-products\/sprays\/automotive-2\/spray-automotive-limpia-cristales-chemisol\/\",\"name\":\"SPRAY Automotive Limpia Cristales CHEMISOL &ndash; Chemitool\",\"isPartOf\":{\"@id\":\"https:\/\/chemitool.com\/#website\"},\"primaryImageOfPage\":{\"@id\":\"https:\/\/chemitool.com\/es\/products\/chemical-products\/sprays\/automotive-2\/spray-automotive-limpia-cristales-chemisol\/#primaryimage\"},\"datePublished\":\"2022-06-30T13:16:36+00:00\",\"dateModified\":\"2022-06-30T13:42:17+00:00\",\"description\":\"SAP: CHC030108 Spray Automotive Limpia CristalesCHEMISOL es un producto de alto rendimiento, se recomienda en cualquier \\u00e9poca del a\\u00f1o para eliminar eficazmente todas las marcas de insectos, huellas dactilares, grasa y suciedad de cualquier tipo de cristal, y puede utilizarse tanto en interiores como en exteriores.\",\"breadcrumb\":{\"@id\":\"https:\/\/chemitool.com\/es\/products\/chemical-products\/sprays\/automotive-2\/spray-automotive-limpia-cristales-chemisol\/#breadcrumb\"},\"inLanguage\":\"es\",\"potentialAction\":[{\"@type\":\"ReadAction\",\"target\":[\"https:\/\/chemitool.com\/es\/products\/chemical-products\/sprays\/automotive-2\/spray-automotive-limpia-cristales-chemisol\/\"]}]},{\"@type\":\"BreadcrumbList\",\"@id\":\"https:\/\/chemitool.com\/es\/products\/chemical-products\/sprays\/automotive-2\/spray-automotive-limpia-cristales-chemisol\/#breadcrumb\",\"itemListElement\":[{\"@type\":\"ListItem\",\"position\":1,\"name\":\"Home\",\"item\":\"https:\/\/chemitool.com\/es\/\"},{\"@type\":\"ListItem\",\"position\":2,\"name\":\"Productos\",\"item\":\"https:\/\/chemitool.com\/es\/productos\/\"},{\"@type\":\"ListItem\",\"position\":3,\"name\":\"Chemicals\",\"item\":\"https:\/\/chemitool.com\/product-category\/chemical-products\/\"},{\"@type\":\"ListItem\",\"position\":4,\"name\":\"SPRAY Automotive Limpia Cristales CHEMISOL\"}]}]}<\/script>\n<!-- \/ Yoast SEO plugin. -->","yoast_head_json":{"title":"SPRAY Automotive Limpia Cristales CHEMISOL &ndash; Chemitool","description":"SAP: CHC030108  Spray Automotive Limpia CristalesCHEMISOL es un producto de alto rendimiento, se recomienda en cualquier \u00e9poca del a\u00f1o para eliminar eficazmente todas las marcas de insectos, huellas dactilares, grasa y suciedad de cualquier tipo de cristal, y puede utilizarse tanto en interiores como en exteriores.","robots":{"index":"index","follow":"follow","max-snippet":"max-snippet:-1","max-image-preview":"max-image-preview:large","max-video-preview":"max-video-preview:-1"},"canonical":"https:\/\/chemitool.com\/es\/products\/chemical-products\/sprays\/automotive-2\/spray-automotive-limpia-cristales-chemisol\/","og_locale":"es_ES","og_type":"article","og_title":"SPRAY Automotive Limpia Cristales CHEMISOL &ndash; Chemitool","og_description":"SAP: CHC030108  Spray Automotive Limpia CristalesCHEMISOL es un producto de alto rendimiento, se recomienda en cualquier \u00e9poca del a\u00f1o para eliminar eficazmente todas las marcas de insectos, huellas dactilares, grasa y suciedad de cualquier tipo de cristal, y puede utilizarse tanto en interiores como en exteriores.","og_url":"https:\/\/chemitool.com\/es\/products\/chemical-products\/sprays\/automotive-2\/spray-automotive-limpia-cristales-chemisol\/","og_site_name":"Chemitool","article_publisher":"https:\/\/www.facebook.com\/chemitool","article_modified_time":"2022-06-30T13:42:17+00:00","og_image":[{"width":800,"height":800,"url":"https:\/\/chemitool.com\/wp-content\/uploads\/2026\/02\/CHC030108_web.png","type":"image\/png"}],"twitter_card":"summary_large_image","schema":{"@context":"https:\/\/schema.org","@graph":[{"@type":"Organization","@id":"https:\/\/chemitool.com\/#organization","name":"Chemitool","url":"https:\/\/chemitool.com\/","sameAs":["https:\/\/www.facebook.com\/chemitool","https:\/\/www.instagram.com\/chemitool\/"],"logo":{"@type":"ImageObject","@id":"https:\/\/chemitool.com\/#logo","inLanguage":"es","url":"https:\/\/chemitool.com\/wp-content\/uploads\/2020\/10\/logo_chemitool.png","contentUrl":"https:\/\/chemitool.com\/wp-content\/uploads\/2020\/10\/logo_chemitool.png","width":400,"height":400,"caption":"Chemitool"},"image":{"@id":"https:\/\/chemitool.com\/#logo"}},{"@type":"WebSite","@id":"https:\/\/chemitool.com\/#website","url":"https:\/\/chemitool.com\/","name":"Chemitool","description":"Chemitool - hardware and tools","publisher":{"@id":"https:\/\/chemitool.com\/#organization"},"potentialAction":[{"@type":"SearchAction","target":{"@type":"EntryPoint","urlTemplate":"https:\/\/chemitool.com\/?s={search_term_string}"},"query-input":"required name=search_term_string"}],"inLanguage":"es"},{"@type":"ImageObject","@id":"https:\/\/chemitool.com\/es\/products\/chemical-products\/sprays\/automotive-2\/spray-automotive-limpia-cristales-chemisol\/#primaryimage","inLanguage":"es","url":"https:\/\/chemitool.com\/wp-content\/uploads\/2026\/02\/CHC030108_web.png","contentUrl":"https:\/\/chemitool.com\/wp-content\/uploads\/2026\/02\/CHC030108_web.png","width":800,"height":800},{"@type":"WebPage","@id":"https:\/\/chemitool.com\/es\/products\/chemical-products\/sprays\/automotive-2\/spray-automotive-limpia-cristales-chemisol\/#webpage","url":"https:\/\/chemitool.com\/es\/products\/chemical-products\/sprays\/automotive-2\/spray-automotive-limpia-cristales-chemisol\/","name":"SPRAY Automotive Limpia Cristales CHEMISOL &ndash; Chemitool","isPartOf":{"@id":"https:\/\/chemitool.com\/#website"},"primaryImageOfPage":{"@id":"https:\/\/chemitool.com\/es\/products\/chemical-products\/sprays\/automotive-2\/spray-automotive-limpia-cristales-chemisol\/#primaryimage"},"datePublished":"2022-06-30T13:16:36+00:00","dateModified":"2022-06-30T13:42:17+00:00","description":"SAP: CHC030108 Spray Automotive Limpia CristalesCHEMISOL es un producto de alto rendimiento, se recomienda en cualquier \u00e9poca del a\u00f1o para eliminar eficazmente todas las marcas de insectos, huellas dactilares, grasa y suciedad de cualquier tipo de cristal, y puede utilizarse tanto en interiores como en exteriores.","breadcrumb":{"@id":"https:\/\/chemitool.com\/es\/products\/chemical-products\/sprays\/automotive-2\/spray-automotive-limpia-cristales-chemisol\/#breadcrumb"},"inLanguage":"es","potentialAction":[{"@type":"ReadAction","target":["https:\/\/chemitool.com\/es\/products\/chemical-products\/sprays\/automotive-2\/spray-automotive-limpia-cristales-chemisol\/"]}]},{"@type":"BreadcrumbList","@id":"https:\/\/chemitool.com\/es\/products\/chemical-products\/sprays\/automotive-2\/spray-automotive-limpia-cristales-chemisol\/#breadcrumb","itemListElement":[{"@type":"ListItem","position":1,"name":"Home","item":"https:\/\/chemitool.com\/es\/"},{"@type":"ListItem","position":2,"name":"Productos","item":"https:\/\/chemitool.com\/es\/productos\/"},{"@type":"ListItem","position":3,"name":"Chemicals","item":"https:\/\/chemitool.com\/product-category\/chemical-products\/"},{"@type":"ListItem","position":4,"name":"SPRAY Automotive Limpia Cristales CHEMISOL"}]}]}},"_links":{"self":[{"href":"https:\/\/chemitool.com\/es\/wp-json\/wp\/v2\/product\/24264"}],"collection":[{"href":"https:\/\/chemitool.com\/es\/wp-json\/wp\/v2\/product"}],"about":[{"href":"https:\/\/chemitool.com\/es\/wp-json\/wp\/v2\/types\/product"}],"wp:featuredmedia":[{"embeddable":true,"href":"https:\/\/chemitool.com\/es\/wp-json\/wp\/v2\/media\/45294"}],"wp:attachment":[{"href":"https:\/\/chemitool.com\/es\/wp-json\/wp\/v2\/media?parent=24264"}],"wp:term":[{"taxonomy":"product_cat","embeddable":true,"href":"https:\/\/chemitool.com\/es\/wp-json\/wp\/v2\/product_cat?post=24264"},{"taxonomy":"product_tag","embeddable":true,"href":"https:\/\/chemitool.com\/es\/wp-json\/wp\/v2\/product_tag?post=24264"}],"curies":[{"name":"wp","href":"https:\/\/api.w.org\/{rel}","templated":true}]}}