{"id":24235,"date":"2022-06-30T09:32:59","date_gmt":"2022-06-30T09:33:01","guid":{"rendered":"https:\/\/chemitool.com\/?post_type=product&#038;p=24235"},"modified":"2022-08-08T10:52:43","modified_gmt":"2022-08-08T10:52:43","slug":"membrana-liquida-impermeabilizante-ms-chemicoat","status":"publish","type":"product","link":"https:\/\/chemitool.com\/es\/products\/chemicals\/impermeabilizacion\/membrana-liquida-es\/membrana-liquida-impermeabilizante-ms-chemicoat\/","title":{"rendered":"Membrana L\u00edquida Impermeabilizante MS CHEMICOAT"},"content":{"rendered":"<p><strong>VENTAJAS<\/strong><\/p>\n<ul>\n<li>Resistente a la intemperie y a los rayos U.V.<\/li>\n<li>Excelente adherencia en varios tipos de sustratos<\/li>\n<li>Puede aplicarse en superficies h\u00famedas<\/li>\n<li>Se puede pintar despu\u00e9s del secado<\/li>\n<li>Es inodoro y no contiene isocianatos<\/li>\n<li>No es corrosivo cuando se adhiere al metal<\/li>\n<li>Elasticidad permanente y excelente adherencia<\/li>\n<li>Uso interior y exterior<\/li>\n<li>No se encoge<\/li>\n<li>Permanece flexible a bajas (-40\u00b0C) y altas (+90\u00b0C) temperaturas<\/li>\n<li>Ecol\u00f3gico (sin disolventes ni isocianatos)<\/li>\n<li>Es permeable al vapor de agua<\/li>\n<li>Aplicable en superficies horizontales y verticales<\/li>\n<li>Transitable con el uso de malla de refuerzo entre capas<\/li>\n<li>F\u00e1cil de aplicar<\/li>\n<li>Alto rendimiento 1,5 a 3,0 Kg\/m2<\/li>\n<\/ul>\n<p><strong>INDICACIONES<\/strong><\/p>\n<p>Almacenar en un ambiente fresco, seco y bien ventilado entre +5\u00b0C y + 25\u00b0C, lejos de fuentes de calor y humedad. Vida \u00fatil 24 meses si se almacena en las condiciones recomendadas, ya que la fecha de caducidad puede acortarse.<\/p>\n","protected":false},"excerpt":{"rendered":"<p><em>Membrana L\u00edquida Impermeabilizante MS CHEMICOAT\u00a0<\/em>com revestimiento monocomponente de pol\u00edmero l\u00edquido MS, que cura con la humedad atmosf\u00e9rica para formar una membrana continua 100% impermeable y altamente el\u00e1stica.<\/p>\n","protected":false},"featured_media":24293,"template":"","meta":[],"product_cat":[1209,4205,4362],"product_tag":[4223],"yoast_head":"<!-- This site is optimized with the Yoast SEO plugin v17.4 - https:\/\/yoast.com\/wordpress\/plugins\/seo\/ -->\n<title>Membrana L\u00edquida Impermeabilizante MS CHEMICOAT &ndash; Chemitool<\/title>\n<meta name=\"description\" content=\"Membrana L\u00edquida Impermeabilizante MS CHEMICOAT\u00a0com revestimiento monocomponente de pol\u00edmero l\u00edquido MS, que cura con la humedad atmosf\u00e9rica para formar una membrana continua 100% impermeable y altamente el\u00e1stica.\" \/>\n<meta name=\"robots\" content=\"index, follow, max-snippet:-1, max-image-preview:large, max-video-preview:-1\" \/>\n<link rel=\"canonical\" href=\"https:\/\/chemitool.com\/es\/products\/chemicals\/impermeabilizacion\/membrana-liquida-es\/membrana-liquida-impermeabilizante-ms-chemicoat\/\" \/>\n<meta property=\"og:locale\" content=\"es_ES\" \/>\n<meta property=\"og:type\" content=\"article\" \/>\n<meta property=\"og:title\" content=\"Membrana L\u00edquida Impermeabilizante MS CHEMICOAT &ndash; Chemitool\" \/>\n<meta property=\"og:description\" content=\"Membrana L\u00edquida Impermeabilizante MS CHEMICOAT\u00a0com revestimiento monocomponente de pol\u00edmero l\u00edquido MS, que cura con la humedad atmosf\u00e9rica para formar una membrana continua 100% impermeable y altamente el\u00e1stica.\" \/>\n<meta property=\"og:url\" content=\"https:\/\/chemitool.com\/es\/products\/chemicals\/impermeabilizacion\/membrana-liquida-es\/membrana-liquida-impermeabilizante-ms-chemicoat\/\" \/>\n<meta property=\"og:site_name\" content=\"Chemitool\" \/>\n<meta property=\"article:publisher\" content=\"https:\/\/www.facebook.com\/chemitool\" \/>\n<meta property=\"article:modified_time\" content=\"2022-08-08T10:52:43+00:00\" \/>\n<meta property=\"og:image\" content=\"https:\/\/chemitool.com\/wp-content\/uploads\/2022\/06\/5604630141574.png\" \/>\n\t<meta property=\"og:image:width\" content=\"800\" \/>\n\t<meta property=\"og:image:height\" content=\"800\" \/>\n<meta name=\"twitter:card\" content=\"summary_large_image\" \/>\n<meta name=\"twitter:label1\" content=\"Tiempo de lectura\" \/>\n\t<meta name=\"twitter:data1\" content=\"1 minuto\" \/>\n<script type=\"application\/ld+json\" class=\"yoast-schema-graph\">{\"@context\":\"https:\/\/schema.org\",\"@graph\":[{\"@type\":\"Organization\",\"@id\":\"https:\/\/chemitool.com\/#organization\",\"name\":\"Chemitool\",\"url\":\"https:\/\/chemitool.com\/\",\"sameAs\":[\"https:\/\/www.facebook.com\/chemitool\",\"https:\/\/www.instagram.com\/chemitool\/\"],\"logo\":{\"@type\":\"ImageObject\",\"@id\":\"https:\/\/chemitool.com\/#logo\",\"inLanguage\":\"es\",\"url\":\"https:\/\/chemitool.com\/wp-content\/uploads\/2020\/10\/logo_chemitool.png\",\"contentUrl\":\"https:\/\/chemitool.com\/wp-content\/uploads\/2020\/10\/logo_chemitool.png\",\"width\":400,\"height\":400,\"caption\":\"Chemitool\"},\"image\":{\"@id\":\"https:\/\/chemitool.com\/#logo\"}},{\"@type\":\"WebSite\",\"@id\":\"https:\/\/chemitool.com\/#website\",\"url\":\"https:\/\/chemitool.com\/\",\"name\":\"Chemitool\",\"description\":\"Chemitool - hardware and tools\",\"publisher\":{\"@id\":\"https:\/\/chemitool.com\/#organization\"},\"potentialAction\":[{\"@type\":\"SearchAction\",\"target\":{\"@type\":\"EntryPoint\",\"urlTemplate\":\"https:\/\/chemitool.com\/?s={search_term_string}\"},\"query-input\":\"required name=search_term_string\"}],\"inLanguage\":\"es\"},{\"@type\":\"ImageObject\",\"@id\":\"https:\/\/chemitool.com\/es\/products\/chemicals\/impermeabilizacion\/membrana-liquida-es\/membrana-liquida-impermeabilizante-ms-chemicoat\/#primaryimage\",\"inLanguage\":\"es\",\"url\":\"https:\/\/chemitool.com\/wp-content\/uploads\/2022\/06\/5604630141574.png\",\"contentUrl\":\"https:\/\/chemitool.com\/wp-content\/uploads\/2022\/06\/5604630141574.png\",\"width\":800,\"height\":800},{\"@type\":\"WebPage\",\"@id\":\"https:\/\/chemitool.com\/es\/products\/chemicals\/impermeabilizacion\/membrana-liquida-es\/membrana-liquida-impermeabilizante-ms-chemicoat\/#webpage\",\"url\":\"https:\/\/chemitool.com\/es\/products\/chemicals\/impermeabilizacion\/membrana-liquida-es\/membrana-liquida-impermeabilizante-ms-chemicoat\/\",\"name\":\"Membrana L\\u00edquida Impermeabilizante MS CHEMICOAT &ndash; Chemitool\",\"isPartOf\":{\"@id\":\"https:\/\/chemitool.com\/#website\"},\"primaryImageOfPage\":{\"@id\":\"https:\/\/chemitool.com\/es\/products\/chemicals\/impermeabilizacion\/membrana-liquida-es\/membrana-liquida-impermeabilizante-ms-chemicoat\/#primaryimage\"},\"datePublished\":\"2022-06-30T09:33:01+00:00\",\"dateModified\":\"2022-08-08T10:52:43+00:00\",\"description\":\"Membrana L\\u00edquida Impermeabilizante MS CHEMICOAT\\u00a0com revestimiento monocomponente de pol\\u00edmero l\\u00edquido MS, que cura con la humedad atmosf\\u00e9rica para formar una membrana continua 100% impermeable y altamente el\\u00e1stica.\",\"breadcrumb\":{\"@id\":\"https:\/\/chemitool.com\/es\/products\/chemicals\/impermeabilizacion\/membrana-liquida-es\/membrana-liquida-impermeabilizante-ms-chemicoat\/#breadcrumb\"},\"inLanguage\":\"es\",\"potentialAction\":[{\"@type\":\"ReadAction\",\"target\":[\"https:\/\/chemitool.com\/es\/products\/chemicals\/impermeabilizacion\/membrana-liquida-es\/membrana-liquida-impermeabilizante-ms-chemicoat\/\"]}]},{\"@type\":\"BreadcrumbList\",\"@id\":\"https:\/\/chemitool.com\/es\/products\/chemicals\/impermeabilizacion\/membrana-liquida-es\/membrana-liquida-impermeabilizante-ms-chemicoat\/#breadcrumb\",\"itemListElement\":[{\"@type\":\"ListItem\",\"position\":1,\"name\":\"Home\",\"item\":\"https:\/\/chemitool.com\/es\/\"},{\"@type\":\"ListItem\",\"position\":2,\"name\":\"Productos\",\"item\":\"https:\/\/chemitool.com\/es\/productos\/\"},{\"@type\":\"ListItem\",\"position\":3,\"name\":\"CHEMICALS\",\"item\":\"https:\/\/chemitool.com\/es\/categoria-producto\/chemicals\/\"},{\"@type\":\"ListItem\",\"position\":4,\"name\":\"Membrana L\\u00edquida Impermeabilizante MS CHEMICOAT\"}]}]}<\/script>\n<!-- \/ Yoast SEO plugin. -->","yoast_head_json":{"title":"Membrana L\u00edquida Impermeabilizante MS CHEMICOAT &ndash; Chemitool","description":"Membrana L\u00edquida Impermeabilizante MS CHEMICOAT\u00a0com revestimiento monocomponente de pol\u00edmero l\u00edquido MS, que cura con la humedad atmosf\u00e9rica para formar una membrana continua 100% impermeable y altamente el\u00e1stica.","robots":{"index":"index","follow":"follow","max-snippet":"max-snippet:-1","max-image-preview":"max-image-preview:large","max-video-preview":"max-video-preview:-1"},"canonical":"https:\/\/chemitool.com\/es\/products\/chemicals\/impermeabilizacion\/membrana-liquida-es\/membrana-liquida-impermeabilizante-ms-chemicoat\/","og_locale":"es_ES","og_type":"article","og_title":"Membrana L\u00edquida Impermeabilizante MS CHEMICOAT &ndash; Chemitool","og_description":"Membrana L\u00edquida Impermeabilizante MS CHEMICOAT\u00a0com revestimiento monocomponente de pol\u00edmero l\u00edquido MS, que cura con la humedad atmosf\u00e9rica para formar una membrana continua 100% impermeable y altamente el\u00e1stica.","og_url":"https:\/\/chemitool.com\/es\/products\/chemicals\/impermeabilizacion\/membrana-liquida-es\/membrana-liquida-impermeabilizante-ms-chemicoat\/","og_site_name":"Chemitool","article_publisher":"https:\/\/www.facebook.com\/chemitool","article_modified_time":"2022-08-08T10:52:43+00:00","og_image":[{"width":800,"height":800,"url":"https:\/\/chemitool.com\/wp-content\/uploads\/2022\/06\/5604630141574.png","type":"image\/png"}],"twitter_card":"summary_large_image","twitter_misc":{"Tiempo de lectura":"1 minuto"},"schema":{"@context":"https:\/\/schema.org","@graph":[{"@type":"Organization","@id":"https:\/\/chemitool.com\/#organization","name":"Chemitool","url":"https:\/\/chemitool.com\/","sameAs":["https:\/\/www.facebook.com\/chemitool","https:\/\/www.instagram.com\/chemitool\/"],"logo":{"@type":"ImageObject","@id":"https:\/\/chemitool.com\/#logo","inLanguage":"es","url":"https:\/\/chemitool.com\/wp-content\/uploads\/2020\/10\/logo_chemitool.png","contentUrl":"https:\/\/chemitool.com\/wp-content\/uploads\/2020\/10\/logo_chemitool.png","width":400,"height":400,"caption":"Chemitool"},"image":{"@id":"https:\/\/chemitool.com\/#logo"}},{"@type":"WebSite","@id":"https:\/\/chemitool.com\/#website","url":"https:\/\/chemitool.com\/","name":"Chemitool","description":"Chemitool - hardware and tools","publisher":{"@id":"https:\/\/chemitool.com\/#organization"},"potentialAction":[{"@type":"SearchAction","target":{"@type":"EntryPoint","urlTemplate":"https:\/\/chemitool.com\/?s={search_term_string}"},"query-input":"required name=search_term_string"}],"inLanguage":"es"},{"@type":"ImageObject","@id":"https:\/\/chemitool.com\/es\/products\/chemicals\/impermeabilizacion\/membrana-liquida-es\/membrana-liquida-impermeabilizante-ms-chemicoat\/#primaryimage","inLanguage":"es","url":"https:\/\/chemitool.com\/wp-content\/uploads\/2022\/06\/5604630141574.png","contentUrl":"https:\/\/chemitool.com\/wp-content\/uploads\/2022\/06\/5604630141574.png","width":800,"height":800},{"@type":"WebPage","@id":"https:\/\/chemitool.com\/es\/products\/chemicals\/impermeabilizacion\/membrana-liquida-es\/membrana-liquida-impermeabilizante-ms-chemicoat\/#webpage","url":"https:\/\/chemitool.com\/es\/products\/chemicals\/impermeabilizacion\/membrana-liquida-es\/membrana-liquida-impermeabilizante-ms-chemicoat\/","name":"Membrana L\u00edquida Impermeabilizante MS CHEMICOAT &ndash; Chemitool","isPartOf":{"@id":"https:\/\/chemitool.com\/#website"},"primaryImageOfPage":{"@id":"https:\/\/chemitool.com\/es\/products\/chemicals\/impermeabilizacion\/membrana-liquida-es\/membrana-liquida-impermeabilizante-ms-chemicoat\/#primaryimage"},"datePublished":"2022-06-30T09:33:01+00:00","dateModified":"2022-08-08T10:52:43+00:00","description":"Membrana L\u00edquida Impermeabilizante MS CHEMICOAT\u00a0com revestimiento monocomponente de pol\u00edmero l\u00edquido MS, que cura con la humedad atmosf\u00e9rica para formar una membrana continua 100% impermeable y altamente el\u00e1stica.","breadcrumb":{"@id":"https:\/\/chemitool.com\/es\/products\/chemicals\/impermeabilizacion\/membrana-liquida-es\/membrana-liquida-impermeabilizante-ms-chemicoat\/#breadcrumb"},"inLanguage":"es","potentialAction":[{"@type":"ReadAction","target":["https:\/\/chemitool.com\/es\/products\/chemicals\/impermeabilizacion\/membrana-liquida-es\/membrana-liquida-impermeabilizante-ms-chemicoat\/"]}]},{"@type":"BreadcrumbList","@id":"https:\/\/chemitool.com\/es\/products\/chemicals\/impermeabilizacion\/membrana-liquida-es\/membrana-liquida-impermeabilizante-ms-chemicoat\/#breadcrumb","itemListElement":[{"@type":"ListItem","position":1,"name":"Home","item":"https:\/\/chemitool.com\/es\/"},{"@type":"ListItem","position":2,"name":"Productos","item":"https:\/\/chemitool.com\/es\/productos\/"},{"@type":"ListItem","position":3,"name":"CHEMICALS","item":"https:\/\/chemitool.com\/es\/categoria-producto\/chemicals\/"},{"@type":"ListItem","position":4,"name":"Membrana L\u00edquida Impermeabilizante MS CHEMICOAT"}]}]}},"_links":{"self":[{"href":"https:\/\/chemitool.com\/es\/wp-json\/wp\/v2\/product\/24235"}],"collection":[{"href":"https:\/\/chemitool.com\/es\/wp-json\/wp\/v2\/product"}],"about":[{"href":"https:\/\/chemitool.com\/es\/wp-json\/wp\/v2\/types\/product"}],"wp:featuredmedia":[{"embeddable":true,"href":"https:\/\/chemitool.com\/es\/wp-json\/wp\/v2\/media\/24293"}],"wp:attachment":[{"href":"https:\/\/chemitool.com\/es\/wp-json\/wp\/v2\/media?parent=24235"}],"wp:term":[{"taxonomy":"product_cat","embeddable":true,"href":"https:\/\/chemitool.com\/es\/wp-json\/wp\/v2\/product_cat?post=24235"},{"taxonomy":"product_tag","embeddable":true,"href":"https:\/\/chemitool.com\/es\/wp-json\/wp\/v2\/product_tag?post=24235"}],"curies":[{"name":"wp","href":"https:\/\/api.w.org\/{rel}","templated":true}]}}