{"id":24134,"date":"2022-06-28T14:17:40","date_gmt":"2022-06-28T14:17:40","guid":{"rendered":"https:\/\/chemitool.com\/?post_type=product&#038;p=24134"},"modified":"2022-06-28T16:28:30","modified_gmt":"2022-06-28T16:28:30","slug":"manguera-de-soldadura","status":"publish","type":"product","link":"https:\/\/chemitool.com\/es\/products\/welding\/accesorios\/manguera-de-soldadura\/","title":{"rendered":"Manguera de Soldadura"},"content":{"rendered":"<ul>\n<li>Manguera de acetileno<\/li>\n<li>Manguera de ox\u00edgeno<\/li>\n<li>Manguera doble ox\u00edgeno\/acetileno<\/li>\n<li>100mts<\/li>\n<\/ul>\n","protected":false},"excerpt":{"rendered":"<p><em>Manguera de Soldadura CHEMITOOL <\/em>ha sido dise\u00f1ada para alcanzar la m\u00e1xima durabilidad posible, obedeciendo a los m\u00e1s altos est\u00e1ndares de seguridad.<\/p>\n","protected":false},"featured_media":24164,"template":"","meta":[],"product_cat":[1462,1708],"product_tag":[4190],"yoast_head":"<!-- This site is optimized with the Yoast SEO plugin v17.4 - https:\/\/yoast.com\/wordpress\/plugins\/seo\/ -->\n<title>Manguera de Soldadura &ndash; Chemitool<\/title>\n<meta name=\"description\" content=\"Manguera de Soldadura CHEMITOOL ha sido dise\u00f1ada para alcanzar la m\u00e1xima durabilidad posible, obedeciendo a los m\u00e1s altos est\u00e1ndares de seguridad.\" \/>\n<meta name=\"robots\" content=\"index, follow, max-snippet:-1, max-image-preview:large, max-video-preview:-1\" \/>\n<link rel=\"canonical\" href=\"https:\/\/chemitool.com\/es\/products\/welding\/accesorios\/manguera-de-soldadura\/\" \/>\n<meta property=\"og:locale\" content=\"es_ES\" \/>\n<meta property=\"og:type\" content=\"article\" \/>\n<meta property=\"og:title\" content=\"Manguera de Soldadura &ndash; Chemitool\" \/>\n<meta property=\"og:description\" content=\"Manguera de Soldadura CHEMITOOL ha sido dise\u00f1ada para alcanzar la m\u00e1xima durabilidad posible, obedeciendo a los m\u00e1s altos est\u00e1ndares de seguridad.\" \/>\n<meta property=\"og:url\" content=\"https:\/\/chemitool.com\/es\/products\/welding\/accesorios\/manguera-de-soldadura\/\" \/>\n<meta property=\"og:site_name\" content=\"Chemitool\" \/>\n<meta property=\"article:publisher\" content=\"https:\/\/www.facebook.com\/chemitool\" \/>\n<meta property=\"article:modified_time\" content=\"2022-06-28T16:28:30+00:00\" \/>\n<meta property=\"og:image\" content=\"https:\/\/chemitool.com\/wp-content\/uploads\/2022\/06\/714200-1.png\" \/>\n\t<meta property=\"og:image:width\" content=\"800\" \/>\n\t<meta property=\"og:image:height\" content=\"800\" \/>\n<meta name=\"twitter:card\" content=\"summary_large_image\" \/>\n<script type=\"application\/ld+json\" class=\"yoast-schema-graph\">{\"@context\":\"https:\/\/schema.org\",\"@graph\":[{\"@type\":\"Organization\",\"@id\":\"https:\/\/chemitool.com\/#organization\",\"name\":\"Chemitool\",\"url\":\"https:\/\/chemitool.com\/\",\"sameAs\":[\"https:\/\/www.facebook.com\/chemitool\",\"https:\/\/www.instagram.com\/chemitool\/\"],\"logo\":{\"@type\":\"ImageObject\",\"@id\":\"https:\/\/chemitool.com\/#logo\",\"inLanguage\":\"es\",\"url\":\"https:\/\/chemitool.com\/wp-content\/uploads\/2020\/10\/logo_chemitool.png\",\"contentUrl\":\"https:\/\/chemitool.com\/wp-content\/uploads\/2020\/10\/logo_chemitool.png\",\"width\":400,\"height\":400,\"caption\":\"Chemitool\"},\"image\":{\"@id\":\"https:\/\/chemitool.com\/#logo\"}},{\"@type\":\"WebSite\",\"@id\":\"https:\/\/chemitool.com\/#website\",\"url\":\"https:\/\/chemitool.com\/\",\"name\":\"Chemitool\",\"description\":\"Chemitool - hardware and tools\",\"publisher\":{\"@id\":\"https:\/\/chemitool.com\/#organization\"},\"potentialAction\":[{\"@type\":\"SearchAction\",\"target\":{\"@type\":\"EntryPoint\",\"urlTemplate\":\"https:\/\/chemitool.com\/?s={search_term_string}\"},\"query-input\":\"required name=search_term_string\"}],\"inLanguage\":\"es\"},{\"@type\":\"ImageObject\",\"@id\":\"https:\/\/chemitool.com\/es\/products\/welding\/accesorios\/manguera-de-soldadura\/#primaryimage\",\"inLanguage\":\"es\",\"url\":\"https:\/\/chemitool.com\/wp-content\/uploads\/2022\/06\/714200-1.png\",\"contentUrl\":\"https:\/\/chemitool.com\/wp-content\/uploads\/2022\/06\/714200-1.png\",\"width\":800,\"height\":800},{\"@type\":\"WebPage\",\"@id\":\"https:\/\/chemitool.com\/es\/products\/welding\/accesorios\/manguera-de-soldadura\/#webpage\",\"url\":\"https:\/\/chemitool.com\/es\/products\/welding\/accesorios\/manguera-de-soldadura\/\",\"name\":\"Manguera de Soldadura &ndash; Chemitool\",\"isPartOf\":{\"@id\":\"https:\/\/chemitool.com\/#website\"},\"primaryImageOfPage\":{\"@id\":\"https:\/\/chemitool.com\/es\/products\/welding\/accesorios\/manguera-de-soldadura\/#primaryimage\"},\"datePublished\":\"2022-06-28T14:17:40+00:00\",\"dateModified\":\"2022-06-28T16:28:30+00:00\",\"description\":\"Manguera de Soldadura CHEMITOOL ha sido dise\\u00f1ada para alcanzar la m\\u00e1xima durabilidad posible, obedeciendo a los m\\u00e1s altos est\\u00e1ndares de seguridad.\",\"breadcrumb\":{\"@id\":\"https:\/\/chemitool.com\/es\/products\/welding\/accesorios\/manguera-de-soldadura\/#breadcrumb\"},\"inLanguage\":\"es\",\"potentialAction\":[{\"@type\":\"ReadAction\",\"target\":[\"https:\/\/chemitool.com\/es\/products\/welding\/accesorios\/manguera-de-soldadura\/\"]}]},{\"@type\":\"BreadcrumbList\",\"@id\":\"https:\/\/chemitool.com\/es\/products\/welding\/accesorios\/manguera-de-soldadura\/#breadcrumb\",\"itemListElement\":[{\"@type\":\"ListItem\",\"position\":1,\"name\":\"Home\",\"item\":\"https:\/\/chemitool.com\/es\/\"},{\"@type\":\"ListItem\",\"position\":2,\"name\":\"Productos\",\"item\":\"https:\/\/chemitool.com\/es\/productos\/\"},{\"@type\":\"ListItem\",\"position\":3,\"name\":\"CHEMICALS\",\"item\":\"https:\/\/chemitool.com\/es\/categoria-producto\/chemicals\/\"},{\"@type\":\"ListItem\",\"position\":4,\"name\":\"Manguera de Soldadura\"}]}]}<\/script>\n<!-- \/ Yoast SEO plugin. -->","yoast_head_json":{"title":"Manguera de Soldadura &ndash; Chemitool","description":"Manguera de Soldadura CHEMITOOL ha sido dise\u00f1ada para alcanzar la m\u00e1xima durabilidad posible, obedeciendo a los m\u00e1s altos est\u00e1ndares de seguridad.","robots":{"index":"index","follow":"follow","max-snippet":"max-snippet:-1","max-image-preview":"max-image-preview:large","max-video-preview":"max-video-preview:-1"},"canonical":"https:\/\/chemitool.com\/es\/products\/welding\/accesorios\/manguera-de-soldadura\/","og_locale":"es_ES","og_type":"article","og_title":"Manguera de Soldadura &ndash; Chemitool","og_description":"Manguera de Soldadura CHEMITOOL ha sido dise\u00f1ada para alcanzar la m\u00e1xima durabilidad posible, obedeciendo a los m\u00e1s altos est\u00e1ndares de seguridad.","og_url":"https:\/\/chemitool.com\/es\/products\/welding\/accesorios\/manguera-de-soldadura\/","og_site_name":"Chemitool","article_publisher":"https:\/\/www.facebook.com\/chemitool","article_modified_time":"2022-06-28T16:28:30+00:00","og_image":[{"width":800,"height":800,"url":"https:\/\/chemitool.com\/wp-content\/uploads\/2022\/06\/714200-1.png","type":"image\/png"}],"twitter_card":"summary_large_image","schema":{"@context":"https:\/\/schema.org","@graph":[{"@type":"Organization","@id":"https:\/\/chemitool.com\/#organization","name":"Chemitool","url":"https:\/\/chemitool.com\/","sameAs":["https:\/\/www.facebook.com\/chemitool","https:\/\/www.instagram.com\/chemitool\/"],"logo":{"@type":"ImageObject","@id":"https:\/\/chemitool.com\/#logo","inLanguage":"es","url":"https:\/\/chemitool.com\/wp-content\/uploads\/2020\/10\/logo_chemitool.png","contentUrl":"https:\/\/chemitool.com\/wp-content\/uploads\/2020\/10\/logo_chemitool.png","width":400,"height":400,"caption":"Chemitool"},"image":{"@id":"https:\/\/chemitool.com\/#logo"}},{"@type":"WebSite","@id":"https:\/\/chemitool.com\/#website","url":"https:\/\/chemitool.com\/","name":"Chemitool","description":"Chemitool - hardware and tools","publisher":{"@id":"https:\/\/chemitool.com\/#organization"},"potentialAction":[{"@type":"SearchAction","target":{"@type":"EntryPoint","urlTemplate":"https:\/\/chemitool.com\/?s={search_term_string}"},"query-input":"required name=search_term_string"}],"inLanguage":"es"},{"@type":"ImageObject","@id":"https:\/\/chemitool.com\/es\/products\/welding\/accesorios\/manguera-de-soldadura\/#primaryimage","inLanguage":"es","url":"https:\/\/chemitool.com\/wp-content\/uploads\/2022\/06\/714200-1.png","contentUrl":"https:\/\/chemitool.com\/wp-content\/uploads\/2022\/06\/714200-1.png","width":800,"height":800},{"@type":"WebPage","@id":"https:\/\/chemitool.com\/es\/products\/welding\/accesorios\/manguera-de-soldadura\/#webpage","url":"https:\/\/chemitool.com\/es\/products\/welding\/accesorios\/manguera-de-soldadura\/","name":"Manguera de Soldadura &ndash; Chemitool","isPartOf":{"@id":"https:\/\/chemitool.com\/#website"},"primaryImageOfPage":{"@id":"https:\/\/chemitool.com\/es\/products\/welding\/accesorios\/manguera-de-soldadura\/#primaryimage"},"datePublished":"2022-06-28T14:17:40+00:00","dateModified":"2022-06-28T16:28:30+00:00","description":"Manguera de Soldadura CHEMITOOL ha sido dise\u00f1ada para alcanzar la m\u00e1xima durabilidad posible, obedeciendo a los m\u00e1s altos est\u00e1ndares de seguridad.","breadcrumb":{"@id":"https:\/\/chemitool.com\/es\/products\/welding\/accesorios\/manguera-de-soldadura\/#breadcrumb"},"inLanguage":"es","potentialAction":[{"@type":"ReadAction","target":["https:\/\/chemitool.com\/es\/products\/welding\/accesorios\/manguera-de-soldadura\/"]}]},{"@type":"BreadcrumbList","@id":"https:\/\/chemitool.com\/es\/products\/welding\/accesorios\/manguera-de-soldadura\/#breadcrumb","itemListElement":[{"@type":"ListItem","position":1,"name":"Home","item":"https:\/\/chemitool.com\/es\/"},{"@type":"ListItem","position":2,"name":"Productos","item":"https:\/\/chemitool.com\/es\/productos\/"},{"@type":"ListItem","position":3,"name":"CHEMICALS","item":"https:\/\/chemitool.com\/es\/categoria-producto\/chemicals\/"},{"@type":"ListItem","position":4,"name":"Manguera de Soldadura"}]}]}},"_links":{"self":[{"href":"https:\/\/chemitool.com\/es\/wp-json\/wp\/v2\/product\/24134"}],"collection":[{"href":"https:\/\/chemitool.com\/es\/wp-json\/wp\/v2\/product"}],"about":[{"href":"https:\/\/chemitool.com\/es\/wp-json\/wp\/v2\/types\/product"}],"wp:featuredmedia":[{"embeddable":true,"href":"https:\/\/chemitool.com\/es\/wp-json\/wp\/v2\/media\/24164"}],"wp:attachment":[{"href":"https:\/\/chemitool.com\/es\/wp-json\/wp\/v2\/media?parent=24134"}],"wp:term":[{"taxonomy":"product_cat","embeddable":true,"href":"https:\/\/chemitool.com\/es\/wp-json\/wp\/v2\/product_cat?post=24134"},{"taxonomy":"product_tag","embeddable":true,"href":"https:\/\/chemitool.com\/es\/wp-json\/wp\/v2\/product_tag?post=24134"}],"curies":[{"name":"wp","href":"https:\/\/api.w.org\/{rel}","templated":true}]}}