{"id":24054,"date":"2022-06-27T15:28:39","date_gmt":"2022-06-27T15:28:41","guid":{"rendered":"https:\/\/chemitool.com\/?post_type=product&#038;p=24054"},"modified":"2022-06-28T08:41:53","modified_gmt":"2022-06-28T08:41:53","slug":"mascarilla-com-filtro-e-bateria","status":"publish","type":"product","link":"https:\/\/chemitool.com\/es\/products\/welding\/mascaras-de-soldadura-es\/mascarilla-com-filtro-e-bateria\/","title":{"rendered":"MASCARILLA COM FILTRO E BATERIA"},"content":{"rendered":"<ul>\n<li>Dise\u00f1o Multifuncional Abatible<\/li>\n<li>Excelente capacidad de bater\u00eda: la bater\u00eda dura todo el d\u00eda<\/li>\n<li>Extra c\u00f3modo<\/li>\n<li>Lente de sensibilidad abatible &#8211; 4 sensores de sensibilidad<\/li>\n<li>Modo de soldadura, corte, acabado y esmerilado<\/li>\n<li>Suministro de aire inteligente<\/li>\n<\/ul>\n<p><strong>Aplicaciones<\/strong><\/p>\n<p>Soldadura con electrodo revestido (SMAW); TIG DC&amp;AC; TIG Pulse DC; TIG Pulse AC; MIG\/MAG\/CO2; MIG\/MAG Pulse; Corte por plasma (PAC); Soldadura por plasma (PAW); Corte por carbono (CAC-A); Soldadura con G\u00e1s Oxicombustible (OFW); Corte de ox\u00edgeno (OC); Desbaste.<\/p>\n","protected":false},"excerpt":{"rendered":"<p><b class=\"sap-label\">SAP:<\/b> <span class=\"codesap-label\">CHT442400<\/span><br \/>\n<em>Mascarilla para la cabeza CHEMITOOL <\/em>cuenta con un casco abatible f\u00e1cil de levantar para la funci\u00f3n de desbaste, que coincide con el modo de soldadura\/corte\/afilado. La lente transparente para el esmerilado es curvada con una gran \u00e1rea de visi\u00f3n (20&#215;12 cm). La lente con la clase \u00f3ptica m\u00e1s alta -1\/1\/1- proporciona una visi\u00f3n clara del arco durante la soldadura.<\/p>\n","protected":false},"featured_media":24060,"template":"","meta":[],"product_cat":[1462,4164],"product_tag":[],"yoast_head":"<!-- This site is optimized with the Yoast SEO plugin v17.4 - https:\/\/yoast.com\/wordpress\/plugins\/seo\/ -->\n<title>MASCARILLA COM FILTRO E BATERIA &ndash; Chemitool<\/title>\n<meta name=\"description\" content=\"SAP: CHT442400 Mascarilla para la cabeza CHEMITOOL cuenta con un casco abatible f\u00e1cil de levantar para la funci\u00f3n de desbaste, que coincide con el modo de soldadura\/corte\/afilado. La lente transparente para el esmerilado es curvada con una gran \u00e1rea de visi\u00f3n (20x12 cm). La lente con la clase \u00f3ptica m\u00e1s alta -1\/1\/1- proporciona una visi\u00f3n clara del arco durante la soldadura.\" \/>\n<meta name=\"robots\" content=\"index, follow, max-snippet:-1, max-image-preview:large, max-video-preview:-1\" \/>\n<link rel=\"canonical\" href=\"https:\/\/chemitool.com\/es\/products\/welding\/mascaras-de-soldadura-es\/mascarilla-com-filtro-e-bateria\/\" \/>\n<meta property=\"og:locale\" content=\"es_ES\" \/>\n<meta property=\"og:type\" content=\"article\" \/>\n<meta property=\"og:title\" content=\"MASCARILLA COM FILTRO E BATERIA &ndash; Chemitool\" \/>\n<meta property=\"og:description\" content=\"SAP: CHT442400 Mascarilla para la cabeza CHEMITOOL cuenta con un casco abatible f\u00e1cil de levantar para la funci\u00f3n de desbaste, que coincide con el modo de soldadura\/corte\/afilado. La lente transparente para el esmerilado es curvada con una gran \u00e1rea de visi\u00f3n (20x12 cm). La lente con la clase \u00f3ptica m\u00e1s alta -1\/1\/1- proporciona una visi\u00f3n clara del arco durante la soldadura.\" \/>\n<meta property=\"og:url\" content=\"https:\/\/chemitool.com\/es\/products\/welding\/mascaras-de-soldadura-es\/mascarilla-com-filtro-e-bateria\/\" \/>\n<meta property=\"og:site_name\" content=\"Chemitool\" \/>\n<meta property=\"article:publisher\" content=\"https:\/\/www.facebook.com\/chemitool\" \/>\n<meta property=\"article:modified_time\" content=\"2022-06-28T08:41:53+00:00\" \/>\n<meta property=\"og:image\" content=\"https:\/\/chemitool.com\/wp-content\/uploads\/2022\/06\/CHT442400.png\" \/>\n\t<meta property=\"og:image:width\" content=\"800\" \/>\n\t<meta property=\"og:image:height\" content=\"800\" \/>\n<meta name=\"twitter:card\" content=\"summary_large_image\" \/>\n<script type=\"application\/ld+json\" class=\"yoast-schema-graph\">{\"@context\":\"https:\/\/schema.org\",\"@graph\":[{\"@type\":\"Organization\",\"@id\":\"https:\/\/chemitool.com\/#organization\",\"name\":\"Chemitool\",\"url\":\"https:\/\/chemitool.com\/\",\"sameAs\":[\"https:\/\/www.facebook.com\/chemitool\",\"https:\/\/www.instagram.com\/chemitool\/\"],\"logo\":{\"@type\":\"ImageObject\",\"@id\":\"https:\/\/chemitool.com\/#logo\",\"inLanguage\":\"es\",\"url\":\"https:\/\/chemitool.com\/wp-content\/uploads\/2020\/10\/logo_chemitool.png\",\"contentUrl\":\"https:\/\/chemitool.com\/wp-content\/uploads\/2020\/10\/logo_chemitool.png\",\"width\":400,\"height\":400,\"caption\":\"Chemitool\"},\"image\":{\"@id\":\"https:\/\/chemitool.com\/#logo\"}},{\"@type\":\"WebSite\",\"@id\":\"https:\/\/chemitool.com\/#website\",\"url\":\"https:\/\/chemitool.com\/\",\"name\":\"Chemitool\",\"description\":\"Chemitool - hardware and tools\",\"publisher\":{\"@id\":\"https:\/\/chemitool.com\/#organization\"},\"potentialAction\":[{\"@type\":\"SearchAction\",\"target\":{\"@type\":\"EntryPoint\",\"urlTemplate\":\"https:\/\/chemitool.com\/?s={search_term_string}\"},\"query-input\":\"required name=search_term_string\"}],\"inLanguage\":\"es\"},{\"@type\":\"ImageObject\",\"@id\":\"https:\/\/chemitool.com\/es\/products\/welding\/mascaras-de-soldadura-es\/mascarilla-com-filtro-e-bateria\/#primaryimage\",\"inLanguage\":\"es\",\"url\":\"https:\/\/chemitool.com\/wp-content\/uploads\/2022\/06\/CHT442400.png\",\"contentUrl\":\"https:\/\/chemitool.com\/wp-content\/uploads\/2022\/06\/CHT442400.png\",\"width\":800,\"height\":800},{\"@type\":\"WebPage\",\"@id\":\"https:\/\/chemitool.com\/es\/products\/welding\/mascaras-de-soldadura-es\/mascarilla-com-filtro-e-bateria\/#webpage\",\"url\":\"https:\/\/chemitool.com\/es\/products\/welding\/mascaras-de-soldadura-es\/mascarilla-com-filtro-e-bateria\/\",\"name\":\"MASCARILLA COM FILTRO E BATERIA &ndash; Chemitool\",\"isPartOf\":{\"@id\":\"https:\/\/chemitool.com\/#website\"},\"primaryImageOfPage\":{\"@id\":\"https:\/\/chemitool.com\/es\/products\/welding\/mascaras-de-soldadura-es\/mascarilla-com-filtro-e-bateria\/#primaryimage\"},\"datePublished\":\"2022-06-27T15:28:41+00:00\",\"dateModified\":\"2022-06-28T08:41:53+00:00\",\"description\":\"SAP: CHT442400 Mascarilla para la cabeza CHEMITOOL cuenta con un casco abatible f\\u00e1cil de levantar para la funci\\u00f3n de desbaste, que coincide con el modo de soldadura\/corte\/afilado. La lente transparente para el esmerilado es curvada con una gran \\u00e1rea de visi\\u00f3n (20x12 cm). La lente con la clase \\u00f3ptica m\\u00e1s alta -1\/1\/1- proporciona una visi\\u00f3n clara del arco durante la soldadura.\",\"breadcrumb\":{\"@id\":\"https:\/\/chemitool.com\/es\/products\/welding\/mascaras-de-soldadura-es\/mascarilla-com-filtro-e-bateria\/#breadcrumb\"},\"inLanguage\":\"es\",\"potentialAction\":[{\"@type\":\"ReadAction\",\"target\":[\"https:\/\/chemitool.com\/es\/products\/welding\/mascaras-de-soldadura-es\/mascarilla-com-filtro-e-bateria\/\"]}]},{\"@type\":\"BreadcrumbList\",\"@id\":\"https:\/\/chemitool.com\/es\/products\/welding\/mascaras-de-soldadura-es\/mascarilla-com-filtro-e-bateria\/#breadcrumb\",\"itemListElement\":[{\"@type\":\"ListItem\",\"position\":1,\"name\":\"Home\",\"item\":\"https:\/\/chemitool.com\/es\/\"},{\"@type\":\"ListItem\",\"position\":2,\"name\":\"Productos\",\"item\":\"https:\/\/chemitool.com\/es\/productos\/\"},{\"@type\":\"ListItem\",\"position\":3,\"name\":\"CHEMICALS\",\"item\":\"https:\/\/chemitool.com\/es\/categoria-producto\/chemicals\/\"},{\"@type\":\"ListItem\",\"position\":4,\"name\":\"MASCARILLA COM FILTRO E BATERIA\"}]}]}<\/script>\n<!-- \/ Yoast SEO plugin. -->","yoast_head_json":{"title":"MASCARILLA COM FILTRO E BATERIA &ndash; Chemitool","description":"SAP: CHT442400 Mascarilla para la cabeza CHEMITOOL cuenta con un casco abatible f\u00e1cil de levantar para la funci\u00f3n de desbaste, que coincide con el modo de soldadura\/corte\/afilado. La lente transparente para el esmerilado es curvada con una gran \u00e1rea de visi\u00f3n (20x12 cm). La lente con la clase \u00f3ptica m\u00e1s alta -1\/1\/1- proporciona una visi\u00f3n clara del arco durante la soldadura.","robots":{"index":"index","follow":"follow","max-snippet":"max-snippet:-1","max-image-preview":"max-image-preview:large","max-video-preview":"max-video-preview:-1"},"canonical":"https:\/\/chemitool.com\/es\/products\/welding\/mascaras-de-soldadura-es\/mascarilla-com-filtro-e-bateria\/","og_locale":"es_ES","og_type":"article","og_title":"MASCARILLA COM FILTRO E BATERIA &ndash; Chemitool","og_description":"SAP: CHT442400 Mascarilla para la cabeza CHEMITOOL cuenta con un casco abatible f\u00e1cil de levantar para la funci\u00f3n de desbaste, que coincide con el modo de soldadura\/corte\/afilado. La lente transparente para el esmerilado es curvada con una gran \u00e1rea de visi\u00f3n (20x12 cm). La lente con la clase \u00f3ptica m\u00e1s alta -1\/1\/1- proporciona una visi\u00f3n clara del arco durante la soldadura.","og_url":"https:\/\/chemitool.com\/es\/products\/welding\/mascaras-de-soldadura-es\/mascarilla-com-filtro-e-bateria\/","og_site_name":"Chemitool","article_publisher":"https:\/\/www.facebook.com\/chemitool","article_modified_time":"2022-06-28T08:41:53+00:00","og_image":[{"width":800,"height":800,"url":"https:\/\/chemitool.com\/wp-content\/uploads\/2022\/06\/CHT442400.png","type":"image\/png"}],"twitter_card":"summary_large_image","schema":{"@context":"https:\/\/schema.org","@graph":[{"@type":"Organization","@id":"https:\/\/chemitool.com\/#organization","name":"Chemitool","url":"https:\/\/chemitool.com\/","sameAs":["https:\/\/www.facebook.com\/chemitool","https:\/\/www.instagram.com\/chemitool\/"],"logo":{"@type":"ImageObject","@id":"https:\/\/chemitool.com\/#logo","inLanguage":"es","url":"https:\/\/chemitool.com\/wp-content\/uploads\/2020\/10\/logo_chemitool.png","contentUrl":"https:\/\/chemitool.com\/wp-content\/uploads\/2020\/10\/logo_chemitool.png","width":400,"height":400,"caption":"Chemitool"},"image":{"@id":"https:\/\/chemitool.com\/#logo"}},{"@type":"WebSite","@id":"https:\/\/chemitool.com\/#website","url":"https:\/\/chemitool.com\/","name":"Chemitool","description":"Chemitool - hardware and tools","publisher":{"@id":"https:\/\/chemitool.com\/#organization"},"potentialAction":[{"@type":"SearchAction","target":{"@type":"EntryPoint","urlTemplate":"https:\/\/chemitool.com\/?s={search_term_string}"},"query-input":"required name=search_term_string"}],"inLanguage":"es"},{"@type":"ImageObject","@id":"https:\/\/chemitool.com\/es\/products\/welding\/mascaras-de-soldadura-es\/mascarilla-com-filtro-e-bateria\/#primaryimage","inLanguage":"es","url":"https:\/\/chemitool.com\/wp-content\/uploads\/2022\/06\/CHT442400.png","contentUrl":"https:\/\/chemitool.com\/wp-content\/uploads\/2022\/06\/CHT442400.png","width":800,"height":800},{"@type":"WebPage","@id":"https:\/\/chemitool.com\/es\/products\/welding\/mascaras-de-soldadura-es\/mascarilla-com-filtro-e-bateria\/#webpage","url":"https:\/\/chemitool.com\/es\/products\/welding\/mascaras-de-soldadura-es\/mascarilla-com-filtro-e-bateria\/","name":"MASCARILLA COM FILTRO E BATERIA &ndash; Chemitool","isPartOf":{"@id":"https:\/\/chemitool.com\/#website"},"primaryImageOfPage":{"@id":"https:\/\/chemitool.com\/es\/products\/welding\/mascaras-de-soldadura-es\/mascarilla-com-filtro-e-bateria\/#primaryimage"},"datePublished":"2022-06-27T15:28:41+00:00","dateModified":"2022-06-28T08:41:53+00:00","description":"SAP: CHT442400 Mascarilla para la cabeza CHEMITOOL cuenta con un casco abatible f\u00e1cil de levantar para la funci\u00f3n de desbaste, que coincide con el modo de soldadura\/corte\/afilado. La lente transparente para el esmerilado es curvada con una gran \u00e1rea de visi\u00f3n (20x12 cm). La lente con la clase \u00f3ptica m\u00e1s alta -1\/1\/1- proporciona una visi\u00f3n clara del arco durante la soldadura.","breadcrumb":{"@id":"https:\/\/chemitool.com\/es\/products\/welding\/mascaras-de-soldadura-es\/mascarilla-com-filtro-e-bateria\/#breadcrumb"},"inLanguage":"es","potentialAction":[{"@type":"ReadAction","target":["https:\/\/chemitool.com\/es\/products\/welding\/mascaras-de-soldadura-es\/mascarilla-com-filtro-e-bateria\/"]}]},{"@type":"BreadcrumbList","@id":"https:\/\/chemitool.com\/es\/products\/welding\/mascaras-de-soldadura-es\/mascarilla-com-filtro-e-bateria\/#breadcrumb","itemListElement":[{"@type":"ListItem","position":1,"name":"Home","item":"https:\/\/chemitool.com\/es\/"},{"@type":"ListItem","position":2,"name":"Productos","item":"https:\/\/chemitool.com\/es\/productos\/"},{"@type":"ListItem","position":3,"name":"CHEMICALS","item":"https:\/\/chemitool.com\/es\/categoria-producto\/chemicals\/"},{"@type":"ListItem","position":4,"name":"MASCARILLA COM FILTRO E BATERIA"}]}]}},"_links":{"self":[{"href":"https:\/\/chemitool.com\/es\/wp-json\/wp\/v2\/product\/24054"}],"collection":[{"href":"https:\/\/chemitool.com\/es\/wp-json\/wp\/v2\/product"}],"about":[{"href":"https:\/\/chemitool.com\/es\/wp-json\/wp\/v2\/types\/product"}],"wp:featuredmedia":[{"embeddable":true,"href":"https:\/\/chemitool.com\/es\/wp-json\/wp\/v2\/media\/24060"}],"wp:attachment":[{"href":"https:\/\/chemitool.com\/es\/wp-json\/wp\/v2\/media?parent=24054"}],"wp:term":[{"taxonomy":"product_cat","embeddable":true,"href":"https:\/\/chemitool.com\/es\/wp-json\/wp\/v2\/product_cat?post=24054"},{"taxonomy":"product_tag","embeddable":true,"href":"https:\/\/chemitool.com\/es\/wp-json\/wp\/v2\/product_tag?post=24054"}],"curies":[{"name":"wp","href":"https:\/\/api.w.org\/{rel}","templated":true}]}}