{"id":23884,"date":"2022-06-23T10:36:32","date_gmt":"2022-06-23T10:36:34","guid":{"rendered":"https:\/\/chemitool.com\/?post_type=product&#038;p=23884"},"modified":"2023-02-09T14:48:32","modified_gmt":"2023-02-09T14:48:32","slug":"antorcha-sin-encendedor","status":"publish","type":"product","link":"https:\/\/chemitool.com\/es\/products\/agro-es\/accesorios-para-exteriores\/antorcha-sin-encendedor\/","title":{"rendered":"Antorcha sin Encendedor"},"content":{"rendered":"<ul>\n<li>Exterior<\/li>\n<li>Sin encendedor<\/li>\n<li>Gas butano<\/li>\n<\/ul>\n<p>Este aparato s\u00f3lo debe utilizarse con cartuchos de butano de 190 g de acuerdo con norma EN417. Puede ser peligroso tratar de encajar otros tipos de cartuchos de gas. Utilizar s\u00f3lo en un \u00e1rea bien ventilada.<\/p>\n","protected":false},"excerpt":{"rendered":"<p><b class=\"sap-label\">SAP:<\/b> <span class=\"codesap-label\"> CHG00101000002 <\/span><\/p>\n<p><em>Antorcha de butano sin encendedor CHEMITOOL<\/em> de gas butano y sin encendido autom\u00e1tico. V\u00e1lvula de lat\u00f3n y cuerpo de pl\u00e1stico con una potencia de 3,5kw y un tiempo de trabajo de m\u00e1s de 1 hora.<\/p>\n","protected":false},"featured_media":23968,"template":"","meta":[],"product_cat":[3656,4158],"product_tag":[],"yoast_head":"<!-- This site is optimized with the Yoast SEO plugin v17.4 - https:\/\/yoast.com\/wordpress\/plugins\/seo\/ -->\n<title>Antorcha sin Encendedor &ndash; Chemitool<\/title>\n<meta name=\"description\" content=\"SAP: CHG00101000002   Antorcha de butano sin encendedor CHEMITOOL de gas butano y sin encendido autom\u00e1tico. V\u00e1lvula de lat\u00f3n y cuerpo de pl\u00e1stico con una potencia de 3,5kw y un tiempo de trabajo de m\u00e1s de 1 hora.\" \/>\n<meta name=\"robots\" content=\"index, follow, max-snippet:-1, max-image-preview:large, max-video-preview:-1\" \/>\n<link rel=\"canonical\" href=\"https:\/\/chemitool.com\/es\/products\/agro-es\/accesorios-para-exteriores\/antorcha-sin-encendedor\/\" \/>\n<meta property=\"og:locale\" content=\"es_ES\" \/>\n<meta property=\"og:type\" content=\"article\" \/>\n<meta property=\"og:title\" content=\"Antorcha sin Encendedor &ndash; Chemitool\" \/>\n<meta property=\"og:description\" content=\"SAP: CHG00101000002   Antorcha de butano sin encendedor CHEMITOOL de gas butano y sin encendido autom\u00e1tico. V\u00e1lvula de lat\u00f3n y cuerpo de pl\u00e1stico con una potencia de 3,5kw y un tiempo de trabajo de m\u00e1s de 1 hora.\" \/>\n<meta property=\"og:url\" content=\"https:\/\/chemitool.com\/es\/products\/agro-es\/accesorios-para-exteriores\/antorcha-sin-encendedor\/\" \/>\n<meta property=\"og:site_name\" content=\"Chemitool\" \/>\n<meta property=\"article:publisher\" content=\"https:\/\/www.facebook.com\/chemitool\" \/>\n<meta property=\"article:modified_time\" content=\"2023-02-09T14:48:32+00:00\" \/>\n<meta property=\"og:image\" content=\"https:\/\/chemitool.com\/wp-content\/uploads\/2022\/06\/5604630117937_perfil.png\" \/>\n\t<meta property=\"og:image:width\" content=\"800\" \/>\n\t<meta property=\"og:image:height\" content=\"800\" \/>\n<meta name=\"twitter:card\" content=\"summary_large_image\" \/>\n<script type=\"application\/ld+json\" class=\"yoast-schema-graph\">{\"@context\":\"https:\/\/schema.org\",\"@graph\":[{\"@type\":\"Organization\",\"@id\":\"https:\/\/chemitool.com\/#organization\",\"name\":\"Chemitool\",\"url\":\"https:\/\/chemitool.com\/\",\"sameAs\":[\"https:\/\/www.facebook.com\/chemitool\",\"https:\/\/www.instagram.com\/chemitool\/\"],\"logo\":{\"@type\":\"ImageObject\",\"@id\":\"https:\/\/chemitool.com\/#logo\",\"inLanguage\":\"es\",\"url\":\"https:\/\/chemitool.com\/wp-content\/uploads\/2020\/10\/logo_chemitool.png\",\"contentUrl\":\"https:\/\/chemitool.com\/wp-content\/uploads\/2020\/10\/logo_chemitool.png\",\"width\":400,\"height\":400,\"caption\":\"Chemitool\"},\"image\":{\"@id\":\"https:\/\/chemitool.com\/#logo\"}},{\"@type\":\"WebSite\",\"@id\":\"https:\/\/chemitool.com\/#website\",\"url\":\"https:\/\/chemitool.com\/\",\"name\":\"Chemitool\",\"description\":\"Chemitool - hardware and tools\",\"publisher\":{\"@id\":\"https:\/\/chemitool.com\/#organization\"},\"potentialAction\":[{\"@type\":\"SearchAction\",\"target\":{\"@type\":\"EntryPoint\",\"urlTemplate\":\"https:\/\/chemitool.com\/?s={search_term_string}\"},\"query-input\":\"required name=search_term_string\"}],\"inLanguage\":\"es\"},{\"@type\":\"ImageObject\",\"@id\":\"https:\/\/chemitool.com\/es\/products\/agro-es\/accesorios-para-exteriores\/antorcha-sin-encendedor\/#primaryimage\",\"inLanguage\":\"es\",\"url\":\"https:\/\/chemitool.com\/wp-content\/uploads\/2022\/06\/5604630117937_perfil.png\",\"contentUrl\":\"https:\/\/chemitool.com\/wp-content\/uploads\/2022\/06\/5604630117937_perfil.png\",\"width\":800,\"height\":800},{\"@type\":\"WebPage\",\"@id\":\"https:\/\/chemitool.com\/es\/products\/agro-es\/accesorios-para-exteriores\/antorcha-sin-encendedor\/#webpage\",\"url\":\"https:\/\/chemitool.com\/es\/products\/agro-es\/accesorios-para-exteriores\/antorcha-sin-encendedor\/\",\"name\":\"Antorcha sin Encendedor &ndash; Chemitool\",\"isPartOf\":{\"@id\":\"https:\/\/chemitool.com\/#website\"},\"primaryImageOfPage\":{\"@id\":\"https:\/\/chemitool.com\/es\/products\/agro-es\/accesorios-para-exteriores\/antorcha-sin-encendedor\/#primaryimage\"},\"datePublished\":\"2022-06-23T10:36:34+00:00\",\"dateModified\":\"2023-02-09T14:48:32+00:00\",\"description\":\"SAP: CHG00101000002 Antorcha de butano sin encendedor CHEMITOOL de gas butano y sin encendido autom\\u00e1tico. V\\u00e1lvula de lat\\u00f3n y cuerpo de pl\\u00e1stico con una potencia de 3,5kw y un tiempo de trabajo de m\\u00e1s de 1 hora.\",\"breadcrumb\":{\"@id\":\"https:\/\/chemitool.com\/es\/products\/agro-es\/accesorios-para-exteriores\/antorcha-sin-encendedor\/#breadcrumb\"},\"inLanguage\":\"es\",\"potentialAction\":[{\"@type\":\"ReadAction\",\"target\":[\"https:\/\/chemitool.com\/es\/products\/agro-es\/accesorios-para-exteriores\/antorcha-sin-encendedor\/\"]}]},{\"@type\":\"BreadcrumbList\",\"@id\":\"https:\/\/chemitool.com\/es\/products\/agro-es\/accesorios-para-exteriores\/antorcha-sin-encendedor\/#breadcrumb\",\"itemListElement\":[{\"@type\":\"ListItem\",\"position\":1,\"name\":\"Home\",\"item\":\"https:\/\/chemitool.com\/es\/\"},{\"@type\":\"ListItem\",\"position\":2,\"name\":\"Productos\",\"item\":\"https:\/\/chemitool.com\/es\/productos\/\"},{\"@type\":\"ListItem\",\"position\":3,\"name\":\"CHEMICALS\",\"item\":\"https:\/\/chemitool.com\/es\/categoria-producto\/chemicals\/\"},{\"@type\":\"ListItem\",\"position\":4,\"name\":\"Antorcha sin Encendedor\"}]}]}<\/script>\n<!-- \/ Yoast SEO plugin. -->","yoast_head_json":{"title":"Antorcha sin Encendedor &ndash; Chemitool","description":"SAP: CHG00101000002   Antorcha de butano sin encendedor CHEMITOOL de gas butano y sin encendido autom\u00e1tico. V\u00e1lvula de lat\u00f3n y cuerpo de pl\u00e1stico con una potencia de 3,5kw y un tiempo de trabajo de m\u00e1s de 1 hora.","robots":{"index":"index","follow":"follow","max-snippet":"max-snippet:-1","max-image-preview":"max-image-preview:large","max-video-preview":"max-video-preview:-1"},"canonical":"https:\/\/chemitool.com\/es\/products\/agro-es\/accesorios-para-exteriores\/antorcha-sin-encendedor\/","og_locale":"es_ES","og_type":"article","og_title":"Antorcha sin Encendedor &ndash; Chemitool","og_description":"SAP: CHG00101000002   Antorcha de butano sin encendedor CHEMITOOL de gas butano y sin encendido autom\u00e1tico. V\u00e1lvula de lat\u00f3n y cuerpo de pl\u00e1stico con una potencia de 3,5kw y un tiempo de trabajo de m\u00e1s de 1 hora.","og_url":"https:\/\/chemitool.com\/es\/products\/agro-es\/accesorios-para-exteriores\/antorcha-sin-encendedor\/","og_site_name":"Chemitool","article_publisher":"https:\/\/www.facebook.com\/chemitool","article_modified_time":"2023-02-09T14:48:32+00:00","og_image":[{"width":800,"height":800,"url":"https:\/\/chemitool.com\/wp-content\/uploads\/2022\/06\/5604630117937_perfil.png","type":"image\/png"}],"twitter_card":"summary_large_image","schema":{"@context":"https:\/\/schema.org","@graph":[{"@type":"Organization","@id":"https:\/\/chemitool.com\/#organization","name":"Chemitool","url":"https:\/\/chemitool.com\/","sameAs":["https:\/\/www.facebook.com\/chemitool","https:\/\/www.instagram.com\/chemitool\/"],"logo":{"@type":"ImageObject","@id":"https:\/\/chemitool.com\/#logo","inLanguage":"es","url":"https:\/\/chemitool.com\/wp-content\/uploads\/2020\/10\/logo_chemitool.png","contentUrl":"https:\/\/chemitool.com\/wp-content\/uploads\/2020\/10\/logo_chemitool.png","width":400,"height":400,"caption":"Chemitool"},"image":{"@id":"https:\/\/chemitool.com\/#logo"}},{"@type":"WebSite","@id":"https:\/\/chemitool.com\/#website","url":"https:\/\/chemitool.com\/","name":"Chemitool","description":"Chemitool - hardware and tools","publisher":{"@id":"https:\/\/chemitool.com\/#organization"},"potentialAction":[{"@type":"SearchAction","target":{"@type":"EntryPoint","urlTemplate":"https:\/\/chemitool.com\/?s={search_term_string}"},"query-input":"required name=search_term_string"}],"inLanguage":"es"},{"@type":"ImageObject","@id":"https:\/\/chemitool.com\/es\/products\/agro-es\/accesorios-para-exteriores\/antorcha-sin-encendedor\/#primaryimage","inLanguage":"es","url":"https:\/\/chemitool.com\/wp-content\/uploads\/2022\/06\/5604630117937_perfil.png","contentUrl":"https:\/\/chemitool.com\/wp-content\/uploads\/2022\/06\/5604630117937_perfil.png","width":800,"height":800},{"@type":"WebPage","@id":"https:\/\/chemitool.com\/es\/products\/agro-es\/accesorios-para-exteriores\/antorcha-sin-encendedor\/#webpage","url":"https:\/\/chemitool.com\/es\/products\/agro-es\/accesorios-para-exteriores\/antorcha-sin-encendedor\/","name":"Antorcha sin Encendedor &ndash; Chemitool","isPartOf":{"@id":"https:\/\/chemitool.com\/#website"},"primaryImageOfPage":{"@id":"https:\/\/chemitool.com\/es\/products\/agro-es\/accesorios-para-exteriores\/antorcha-sin-encendedor\/#primaryimage"},"datePublished":"2022-06-23T10:36:34+00:00","dateModified":"2023-02-09T14:48:32+00:00","description":"SAP: CHG00101000002 Antorcha de butano sin encendedor CHEMITOOL de gas butano y sin encendido autom\u00e1tico. V\u00e1lvula de lat\u00f3n y cuerpo de pl\u00e1stico con una potencia de 3,5kw y un tiempo de trabajo de m\u00e1s de 1 hora.","breadcrumb":{"@id":"https:\/\/chemitool.com\/es\/products\/agro-es\/accesorios-para-exteriores\/antorcha-sin-encendedor\/#breadcrumb"},"inLanguage":"es","potentialAction":[{"@type":"ReadAction","target":["https:\/\/chemitool.com\/es\/products\/agro-es\/accesorios-para-exteriores\/antorcha-sin-encendedor\/"]}]},{"@type":"BreadcrumbList","@id":"https:\/\/chemitool.com\/es\/products\/agro-es\/accesorios-para-exteriores\/antorcha-sin-encendedor\/#breadcrumb","itemListElement":[{"@type":"ListItem","position":1,"name":"Home","item":"https:\/\/chemitool.com\/es\/"},{"@type":"ListItem","position":2,"name":"Productos","item":"https:\/\/chemitool.com\/es\/productos\/"},{"@type":"ListItem","position":3,"name":"CHEMICALS","item":"https:\/\/chemitool.com\/es\/categoria-producto\/chemicals\/"},{"@type":"ListItem","position":4,"name":"Antorcha sin Encendedor"}]}]}},"_links":{"self":[{"href":"https:\/\/chemitool.com\/es\/wp-json\/wp\/v2\/product\/23884"}],"collection":[{"href":"https:\/\/chemitool.com\/es\/wp-json\/wp\/v2\/product"}],"about":[{"href":"https:\/\/chemitool.com\/es\/wp-json\/wp\/v2\/types\/product"}],"wp:featuredmedia":[{"embeddable":true,"href":"https:\/\/chemitool.com\/es\/wp-json\/wp\/v2\/media\/23968"}],"wp:attachment":[{"href":"https:\/\/chemitool.com\/es\/wp-json\/wp\/v2\/media?parent=23884"}],"wp:term":[{"taxonomy":"product_cat","embeddable":true,"href":"https:\/\/chemitool.com\/es\/wp-json\/wp\/v2\/product_cat?post=23884"},{"taxonomy":"product_tag","embeddable":true,"href":"https:\/\/chemitool.com\/es\/wp-json\/wp\/v2\/product_tag?post=23884"}],"curies":[{"name":"wp","href":"https:\/\/api.w.org\/{rel}","templated":true}]}}