{"id":23702,"date":"2022-06-21T16:26:32","date_gmt":"2022-06-21T16:26:33","guid":{"rendered":"https:\/\/chemitool.com\/?post_type=product&#038;p=23702"},"modified":"2023-05-08T09:21:37","modified_gmt":"2023-05-08T09:21:37","slug":"guante-nitrilo-texturizado-naranja-gtouch","status":"publish","type":"product","link":"https:\/\/chemitool.com\/es\/products\/safety\/guantes-de-seguridad\/guantes-desechables\/guante-nitrilo-texturizado-naranja-gtouch\/","title":{"rendered":"Guante Nitrilo Texturizado Naranja GTOUCH"},"content":{"rendered":"<ul>\n<li>Ambidextra<\/li>\n<li>Borda enrolada<\/li>\n<li>Textura diamante 360\u00ba<\/li>\n<li>Mayor agarre<\/li>\n<li>Alta visibilidad<\/li>\n<li>5 veces m\u00e1s fuerte que los guantes convencionales<\/li>\n<li>Apto para personas con alergia al l\u00e1tex<\/li>\n<li>Recomendado para: Ensamblaje, pintura a pistola, industria del autom\u00f3vil, servicios de limpieza, agricultura\/horticultura; procesamiento y manipulaci\u00f3n de alimentos. Mantenimiento y limpieza de equipos y manipulaci\u00f3n de productos qu\u00edmicos.<\/li>\n<\/ul>\n<p><img class=\"alignnone size-full wp-image-23713\" src=\"https:\/\/chemitool.com\/wp-content\/uploads\/2022\/06\/CE_CAT3_only.png\" alt=\"\" width=\"104\" height=\"119\" \/><img class=\"alignnone size-full wp-image-32743\" src=\"https:\/\/chemitool.com\/wp-content\/uploads\/2023\/05\/ENISO374-1_TIPOK.png\" alt=\"\" width=\"105\" height=\"121\" \/><img class=\"alignnone size-full wp-image-32717\" src=\"https:\/\/chemitool.com\/wp-content\/uploads\/2022\/06\/EN_ISO374-5.png\" alt=\"\" width=\"105\" height=\"121\" \/><img class=\"alignnone size-full wp-image-23808\" src=\"https:\/\/chemitool.com\/wp-content\/uploads\/2022\/06\/alimentar.png\" alt=\"\" width=\"105\" height=\"121\" \/><\/p>\n<p>&nbsp;<\/p>\n","protected":false},"excerpt":{"rendered":"<p><i>Guante Nitrilo Texturizado Naranja sin Polvo CHEMITOOL. <\/i>Los guantes modelo GTOUTCH se presentan en cajas de 50 unidades, no est\u00e9riles, ambidiestros y sin polvo. Con textura de diamante en todo el guante y espesor de 0,20mm. Guantes de mayor densidad dise\u00f1ados especialmente para trabajos duros en automatizaci\u00f3n y trabajos industriales. El color naranja intenso mejora la visibilidad y seguridad del trabajador durante su uso. Este guante de textura especial tiene un mejor agarre en superficies mojadas o aceitosas y tiene una excelente resistencia qu\u00edmica y a la punci\u00f3n, lo que garantiza una mayor protecci\u00f3n y durabilidad.<\/p>\n","protected":false},"featured_media":23753,"template":"","meta":[],"product_cat":[1454,3530],"product_tag":[3538,3537],"yoast_head":"<!-- This site is optimized with the Yoast SEO plugin v17.4 - https:\/\/yoast.com\/wordpress\/plugins\/seo\/ -->\n<title>Guante Nitrilo Texturizado Naranja GTOUCH &ndash; Chemitool<\/title>\n<meta name=\"description\" content=\"Guante Nitrilo Texturizado Naranja sin Polvo CHEMITOOL. Los guantes modelo GTOUTCH se presentan en cajas de 50 unidades, no est\u00e9riles, ambidiestros y sin polvo. Con textura de diamante en todo el guante y espesor de 0,20mm. Guantes de mayor densidad dise\u00f1ados especialmente para trabajos duros en automatizaci\u00f3n y trabajos industriales. El color naranja intenso mejora la visibilidad y seguridad del trabajador durante su uso. Este guante de textura especial tiene un mejor agarre en superficies mojadas o aceitosas y tiene una excelente resistencia qu\u00edmica y a la punci\u00f3n, lo que garantiza una mayor protecci\u00f3n y durabilidad.\" \/>\n<meta name=\"robots\" content=\"index, follow, max-snippet:-1, max-image-preview:large, max-video-preview:-1\" \/>\n<link rel=\"canonical\" href=\"https:\/\/chemitool.com\/es\/products\/safety\/guantes-de-seguridad\/guantes-desechables\/guante-nitrilo-texturizado-naranja-gtouch\/\" \/>\n<meta property=\"og:locale\" content=\"es_ES\" \/>\n<meta property=\"og:type\" content=\"article\" \/>\n<meta property=\"og:title\" content=\"Guante Nitrilo Texturizado Naranja GTOUCH &ndash; Chemitool\" \/>\n<meta property=\"og:description\" content=\"Guante Nitrilo Texturizado Naranja sin Polvo CHEMITOOL. Los guantes modelo GTOUTCH se presentan en cajas de 50 unidades, no est\u00e9riles, ambidiestros y sin polvo. Con textura de diamante en todo el guante y espesor de 0,20mm. Guantes de mayor densidad dise\u00f1ados especialmente para trabajos duros en automatizaci\u00f3n y trabajos industriales. El color naranja intenso mejora la visibilidad y seguridad del trabajador durante su uso. Este guante de textura especial tiene un mejor agarre en superficies mojadas o aceitosas y tiene una excelente resistencia qu\u00edmica y a la punci\u00f3n, lo que garantiza una mayor protecci\u00f3n y durabilidad.\" \/>\n<meta property=\"og:url\" content=\"https:\/\/chemitool.com\/es\/products\/safety\/guantes-de-seguridad\/guantes-desechables\/guante-nitrilo-texturizado-naranja-gtouch\/\" \/>\n<meta property=\"og:site_name\" content=\"Chemitool\" \/>\n<meta property=\"article:publisher\" content=\"https:\/\/www.facebook.com\/chemitool\" \/>\n<meta property=\"article:modified_time\" content=\"2023-05-08T09:21:37+00:00\" \/>\n<meta property=\"og:image\" content=\"https:\/\/chemitool.com\/wp-content\/uploads\/2022\/06\/CHS020804_front.png\" \/>\n\t<meta property=\"og:image:width\" content=\"800\" \/>\n\t<meta property=\"og:image:height\" content=\"800\" \/>\n<meta name=\"twitter:card\" content=\"summary_large_image\" \/>\n<script type=\"application\/ld+json\" class=\"yoast-schema-graph\">{\"@context\":\"https:\/\/schema.org\",\"@graph\":[{\"@type\":\"Organization\",\"@id\":\"https:\/\/chemitool.com\/#organization\",\"name\":\"Chemitool\",\"url\":\"https:\/\/chemitool.com\/\",\"sameAs\":[\"https:\/\/www.facebook.com\/chemitool\",\"https:\/\/www.instagram.com\/chemitool\/\"],\"logo\":{\"@type\":\"ImageObject\",\"@id\":\"https:\/\/chemitool.com\/#logo\",\"inLanguage\":\"es\",\"url\":\"https:\/\/chemitool.com\/wp-content\/uploads\/2020\/10\/logo_chemitool.png\",\"contentUrl\":\"https:\/\/chemitool.com\/wp-content\/uploads\/2020\/10\/logo_chemitool.png\",\"width\":400,\"height\":400,\"caption\":\"Chemitool\"},\"image\":{\"@id\":\"https:\/\/chemitool.com\/#logo\"}},{\"@type\":\"WebSite\",\"@id\":\"https:\/\/chemitool.com\/#website\",\"url\":\"https:\/\/chemitool.com\/\",\"name\":\"Chemitool\",\"description\":\"Chemitool - hardware and tools\",\"publisher\":{\"@id\":\"https:\/\/chemitool.com\/#organization\"},\"potentialAction\":[{\"@type\":\"SearchAction\",\"target\":{\"@type\":\"EntryPoint\",\"urlTemplate\":\"https:\/\/chemitool.com\/?s={search_term_string}\"},\"query-input\":\"required name=search_term_string\"}],\"inLanguage\":\"es\"},{\"@type\":\"ImageObject\",\"@id\":\"https:\/\/chemitool.com\/es\/products\/safety\/guantes-de-seguridad\/guantes-desechables\/guante-nitrilo-texturizado-naranja-gtouch\/#primaryimage\",\"inLanguage\":\"es\",\"url\":\"https:\/\/chemitool.com\/wp-content\/uploads\/2022\/06\/CHS020804_front.png\",\"contentUrl\":\"https:\/\/chemitool.com\/wp-content\/uploads\/2022\/06\/CHS020804_front.png\",\"width\":800,\"height\":800},{\"@type\":\"WebPage\",\"@id\":\"https:\/\/chemitool.com\/es\/products\/safety\/guantes-de-seguridad\/guantes-desechables\/guante-nitrilo-texturizado-naranja-gtouch\/#webpage\",\"url\":\"https:\/\/chemitool.com\/es\/products\/safety\/guantes-de-seguridad\/guantes-desechables\/guante-nitrilo-texturizado-naranja-gtouch\/\",\"name\":\"Guante Nitrilo Texturizado Naranja GTOUCH &ndash; Chemitool\",\"isPartOf\":{\"@id\":\"https:\/\/chemitool.com\/#website\"},\"primaryImageOfPage\":{\"@id\":\"https:\/\/chemitool.com\/es\/products\/safety\/guantes-de-seguridad\/guantes-desechables\/guante-nitrilo-texturizado-naranja-gtouch\/#primaryimage\"},\"datePublished\":\"2022-06-21T16:26:33+00:00\",\"dateModified\":\"2023-05-08T09:21:37+00:00\",\"description\":\"Guante Nitrilo Texturizado Naranja sin Polvo CHEMITOOL. Los guantes modelo GTOUTCH se presentan en cajas de 50 unidades, no est\\u00e9riles, ambidiestros y sin polvo. Con textura de diamante en todo el guante y espesor de 0,20mm. Guantes de mayor densidad dise\\u00f1ados especialmente para trabajos duros en automatizaci\\u00f3n y trabajos industriales. El color naranja intenso mejora la visibilidad y seguridad del trabajador durante su uso. Este guante de textura especial tiene un mejor agarre en superficies mojadas o aceitosas y tiene una excelente resistencia qu\\u00edmica y a la punci\\u00f3n, lo que garantiza una mayor protecci\\u00f3n y durabilidad.\",\"breadcrumb\":{\"@id\":\"https:\/\/chemitool.com\/es\/products\/safety\/guantes-de-seguridad\/guantes-desechables\/guante-nitrilo-texturizado-naranja-gtouch\/#breadcrumb\"},\"inLanguage\":\"es\",\"potentialAction\":[{\"@type\":\"ReadAction\",\"target\":[\"https:\/\/chemitool.com\/es\/products\/safety\/guantes-de-seguridad\/guantes-desechables\/guante-nitrilo-texturizado-naranja-gtouch\/\"]}]},{\"@type\":\"BreadcrumbList\",\"@id\":\"https:\/\/chemitool.com\/es\/products\/safety\/guantes-de-seguridad\/guantes-desechables\/guante-nitrilo-texturizado-naranja-gtouch\/#breadcrumb\",\"itemListElement\":[{\"@type\":\"ListItem\",\"position\":1,\"name\":\"Home\",\"item\":\"https:\/\/chemitool.com\/es\/\"},{\"@type\":\"ListItem\",\"position\":2,\"name\":\"Productos\",\"item\":\"https:\/\/chemitool.com\/es\/productos\/\"},{\"@type\":\"ListItem\",\"position\":3,\"name\":\"Safety\",\"item\":\"https:\/\/chemitool.com\/es\/categoria-producto\/safety\/\"},{\"@type\":\"ListItem\",\"position\":4,\"name\":\"guantes de seguridad\",\"item\":\"https:\/\/chemitool.com\/es\/categoria-producto\/safety\/guantes-de-seguridad\/\"},{\"@type\":\"ListItem\",\"position\":5,\"name\":\"Guantes desechables\",\"item\":\"https:\/\/chemitool.com\/es\/categoria-producto\/safety\/guantes-de-seguridad\/guantes-desechables\/\"},{\"@type\":\"ListItem\",\"position\":6,\"name\":\"Guante Nitrilo Texturizado Naranja GTOUCH\"}]}]}<\/script>\n<!-- \/ Yoast SEO plugin. -->","yoast_head_json":{"title":"Guante Nitrilo Texturizado Naranja GTOUCH &ndash; Chemitool","description":"Guante Nitrilo Texturizado Naranja sin Polvo CHEMITOOL. Los guantes modelo GTOUTCH se presentan en cajas de 50 unidades, no est\u00e9riles, ambidiestros y sin polvo. Con textura de diamante en todo el guante y espesor de 0,20mm. Guantes de mayor densidad dise\u00f1ados especialmente para trabajos duros en automatizaci\u00f3n y trabajos industriales. El color naranja intenso mejora la visibilidad y seguridad del trabajador durante su uso. Este guante de textura especial tiene un mejor agarre en superficies mojadas o aceitosas y tiene una excelente resistencia qu\u00edmica y a la punci\u00f3n, lo que garantiza una mayor protecci\u00f3n y durabilidad.","robots":{"index":"index","follow":"follow","max-snippet":"max-snippet:-1","max-image-preview":"max-image-preview:large","max-video-preview":"max-video-preview:-1"},"canonical":"https:\/\/chemitool.com\/es\/products\/safety\/guantes-de-seguridad\/guantes-desechables\/guante-nitrilo-texturizado-naranja-gtouch\/","og_locale":"es_ES","og_type":"article","og_title":"Guante Nitrilo Texturizado Naranja GTOUCH &ndash; Chemitool","og_description":"Guante Nitrilo Texturizado Naranja sin Polvo CHEMITOOL. Los guantes modelo GTOUTCH se presentan en cajas de 50 unidades, no est\u00e9riles, ambidiestros y sin polvo. Con textura de diamante en todo el guante y espesor de 0,20mm. Guantes de mayor densidad dise\u00f1ados especialmente para trabajos duros en automatizaci\u00f3n y trabajos industriales. El color naranja intenso mejora la visibilidad y seguridad del trabajador durante su uso. Este guante de textura especial tiene un mejor agarre en superficies mojadas o aceitosas y tiene una excelente resistencia qu\u00edmica y a la punci\u00f3n, lo que garantiza una mayor protecci\u00f3n y durabilidad.","og_url":"https:\/\/chemitool.com\/es\/products\/safety\/guantes-de-seguridad\/guantes-desechables\/guante-nitrilo-texturizado-naranja-gtouch\/","og_site_name":"Chemitool","article_publisher":"https:\/\/www.facebook.com\/chemitool","article_modified_time":"2023-05-08T09:21:37+00:00","og_image":[{"width":800,"height":800,"url":"https:\/\/chemitool.com\/wp-content\/uploads\/2022\/06\/CHS020804_front.png","type":"image\/png"}],"twitter_card":"summary_large_image","schema":{"@context":"https:\/\/schema.org","@graph":[{"@type":"Organization","@id":"https:\/\/chemitool.com\/#organization","name":"Chemitool","url":"https:\/\/chemitool.com\/","sameAs":["https:\/\/www.facebook.com\/chemitool","https:\/\/www.instagram.com\/chemitool\/"],"logo":{"@type":"ImageObject","@id":"https:\/\/chemitool.com\/#logo","inLanguage":"es","url":"https:\/\/chemitool.com\/wp-content\/uploads\/2020\/10\/logo_chemitool.png","contentUrl":"https:\/\/chemitool.com\/wp-content\/uploads\/2020\/10\/logo_chemitool.png","width":400,"height":400,"caption":"Chemitool"},"image":{"@id":"https:\/\/chemitool.com\/#logo"}},{"@type":"WebSite","@id":"https:\/\/chemitool.com\/#website","url":"https:\/\/chemitool.com\/","name":"Chemitool","description":"Chemitool - hardware and tools","publisher":{"@id":"https:\/\/chemitool.com\/#organization"},"potentialAction":[{"@type":"SearchAction","target":{"@type":"EntryPoint","urlTemplate":"https:\/\/chemitool.com\/?s={search_term_string}"},"query-input":"required name=search_term_string"}],"inLanguage":"es"},{"@type":"ImageObject","@id":"https:\/\/chemitool.com\/es\/products\/safety\/guantes-de-seguridad\/guantes-desechables\/guante-nitrilo-texturizado-naranja-gtouch\/#primaryimage","inLanguage":"es","url":"https:\/\/chemitool.com\/wp-content\/uploads\/2022\/06\/CHS020804_front.png","contentUrl":"https:\/\/chemitool.com\/wp-content\/uploads\/2022\/06\/CHS020804_front.png","width":800,"height":800},{"@type":"WebPage","@id":"https:\/\/chemitool.com\/es\/products\/safety\/guantes-de-seguridad\/guantes-desechables\/guante-nitrilo-texturizado-naranja-gtouch\/#webpage","url":"https:\/\/chemitool.com\/es\/products\/safety\/guantes-de-seguridad\/guantes-desechables\/guante-nitrilo-texturizado-naranja-gtouch\/","name":"Guante Nitrilo Texturizado Naranja GTOUCH &ndash; Chemitool","isPartOf":{"@id":"https:\/\/chemitool.com\/#website"},"primaryImageOfPage":{"@id":"https:\/\/chemitool.com\/es\/products\/safety\/guantes-de-seguridad\/guantes-desechables\/guante-nitrilo-texturizado-naranja-gtouch\/#primaryimage"},"datePublished":"2022-06-21T16:26:33+00:00","dateModified":"2023-05-08T09:21:37+00:00","description":"Guante Nitrilo Texturizado Naranja sin Polvo CHEMITOOL. Los guantes modelo GTOUTCH se presentan en cajas de 50 unidades, no est\u00e9riles, ambidiestros y sin polvo. Con textura de diamante en todo el guante y espesor de 0,20mm. Guantes de mayor densidad dise\u00f1ados especialmente para trabajos duros en automatizaci\u00f3n y trabajos industriales. El color naranja intenso mejora la visibilidad y seguridad del trabajador durante su uso. Este guante de textura especial tiene un mejor agarre en superficies mojadas o aceitosas y tiene una excelente resistencia qu\u00edmica y a la punci\u00f3n, lo que garantiza una mayor protecci\u00f3n y durabilidad.","breadcrumb":{"@id":"https:\/\/chemitool.com\/es\/products\/safety\/guantes-de-seguridad\/guantes-desechables\/guante-nitrilo-texturizado-naranja-gtouch\/#breadcrumb"},"inLanguage":"es","potentialAction":[{"@type":"ReadAction","target":["https:\/\/chemitool.com\/es\/products\/safety\/guantes-de-seguridad\/guantes-desechables\/guante-nitrilo-texturizado-naranja-gtouch\/"]}]},{"@type":"BreadcrumbList","@id":"https:\/\/chemitool.com\/es\/products\/safety\/guantes-de-seguridad\/guantes-desechables\/guante-nitrilo-texturizado-naranja-gtouch\/#breadcrumb","itemListElement":[{"@type":"ListItem","position":1,"name":"Home","item":"https:\/\/chemitool.com\/es\/"},{"@type":"ListItem","position":2,"name":"Productos","item":"https:\/\/chemitool.com\/es\/productos\/"},{"@type":"ListItem","position":3,"name":"Safety","item":"https:\/\/chemitool.com\/es\/categoria-producto\/safety\/"},{"@type":"ListItem","position":4,"name":"guantes de seguridad","item":"https:\/\/chemitool.com\/es\/categoria-producto\/safety\/guantes-de-seguridad\/"},{"@type":"ListItem","position":5,"name":"Guantes desechables","item":"https:\/\/chemitool.com\/es\/categoria-producto\/safety\/guantes-de-seguridad\/guantes-desechables\/"},{"@type":"ListItem","position":6,"name":"Guante Nitrilo Texturizado Naranja GTOUCH"}]}]}},"_links":{"self":[{"href":"https:\/\/chemitool.com\/es\/wp-json\/wp\/v2\/product\/23702"}],"collection":[{"href":"https:\/\/chemitool.com\/es\/wp-json\/wp\/v2\/product"}],"about":[{"href":"https:\/\/chemitool.com\/es\/wp-json\/wp\/v2\/types\/product"}],"wp:featuredmedia":[{"embeddable":true,"href":"https:\/\/chemitool.com\/es\/wp-json\/wp\/v2\/media\/23753"}],"wp:attachment":[{"href":"https:\/\/chemitool.com\/es\/wp-json\/wp\/v2\/media?parent=23702"}],"wp:term":[{"taxonomy":"product_cat","embeddable":true,"href":"https:\/\/chemitool.com\/es\/wp-json\/wp\/v2\/product_cat?post=23702"},{"taxonomy":"product_tag","embeddable":true,"href":"https:\/\/chemitool.com\/es\/wp-json\/wp\/v2\/product_tag?post=23702"}],"curies":[{"name":"wp","href":"https:\/\/api.w.org\/{rel}","templated":true}]}}