{"id":23568,"date":"2022-06-21T11:15:21","date_gmt":"2022-06-21T11:15:28","guid":{"rendered":"https:\/\/chemitool.com\/?post_type=product&#038;p=23568"},"modified":"2024-09-18T14:40:34","modified_gmt":"2024-09-18T14:40:34","slug":"broca-hueca-para-taladro-electromagetico-55mm","status":"publish","type":"product","link":"https:\/\/chemitool.com\/es\/products\/cutting\/herramientas-de-perforacion-acero\/brocas-huecas-taladro-electromagnetico\/broca-hueca-para-taladro-electromagetico-55mm\/","title":{"rendered":"BROCA HUECA PARA TALADRO ELECTROMAG\u00c9TICO \u2013 55MM"},"content":{"rendered":"<p><strong>VENTAJAS<\/strong><\/p>\n<ul>\n<li>Totalmente rectificado<\/li>\n<li>Alto rendimiento de perforaci\u00f3n<\/li>\n<li>Disponible desde el di\u00e1metro 12 hasta el 38mm<\/li>\n<li>Longitud de la broca 55mm (serie ancha)<\/li>\n<li>Resistencia a la rotura<\/li>\n<li>Larga vida \u00fatil de la herramienta<\/li>\n<li>Ca\u00f1a Weldon de 3\/4&#8243;<\/li>\n<\/ul>\n<p>La broca hueca HSS para taladro electromagn\u00e9tico <strong>CHEMITOOL<\/strong> est\u00e1 totalmente rectificada en acero r\u00e1pido M2, preparado para perforar en metales con una dureza de hasta 900N\/mm2.<\/p>\n<p>La broca hueca en forma de espiral para metal tiene como caracter\u00edstica principal, la perforaci\u00f3n de grandes di\u00e1metros con un solo paso, eliminando as\u00ed el uso de varias brocas para realizar el mismo trabajo.<\/p>\n<p>El uso de la lubricaci\u00f3n en el proceso de perforaci\u00f3n aumentar\u00e1 la vida \u00fatil y reducir\u00e1 el calentamiento de la corona, esta aplicaci\u00f3n no debe decolorarse cuando se perforen materiales de gran dureza y abrasi\u00f3n.<\/p>\n<p>La broca hueca HSS de longitud 55mm debe utilizarse con la broca piloto de 102 mm para realizar la eliminaci\u00f3n del exceso de cizalla alojado en el interior.<\/p>\n<p><img class=\"alignnone wp-image-23608\" src=\"https:\/\/chemitool.com\/wp-content\/uploads\/2022\/06\/Condutividade-300x300.png\" alt=\"\" width=\"60\" height=\"60\" srcset=\"https:\/\/chemitool.com\/wp-content\/uploads\/2022\/06\/Condutividade-300x300.png 300w, https:\/\/chemitool.com\/wp-content\/uploads\/2022\/06\/Condutividade-150x150.png 150w, https:\/\/chemitool.com\/wp-content\/uploads\/2022\/06\/Condutividade-100x100.png 100w, https:\/\/chemitool.com\/wp-content\/uploads\/2022\/06\/Condutividade.png 377w\" sizes=\"(max-width: 60px) 100vw, 60px\" \/><img class=\"alignnone wp-image-21338\" src=\"https:\/\/chemitool.com\/wp-content\/uploads\/2022\/04\/Artboard-3-1-300x300.png\" alt=\"\" width=\"67\" height=\"67\" srcset=\"https:\/\/chemitool.com\/wp-content\/uploads\/2022\/04\/Artboard-3-1-300x300.png 300w, https:\/\/chemitool.com\/wp-content\/uploads\/2022\/04\/Artboard-3-1-150x150.png 150w, https:\/\/chemitool.com\/wp-content\/uploads\/2022\/04\/Artboard-3-1-768x767.png 768w, https:\/\/chemitool.com\/wp-content\/uploads\/2022\/04\/Artboard-3-1-650x650.png 650w, https:\/\/chemitool.com\/wp-content\/uploads\/2022\/04\/Artboard-3-1-600x599.png 600w, https:\/\/chemitool.com\/wp-content\/uploads\/2022\/04\/Artboard-3-1-100x100.png 100w, https:\/\/chemitool.com\/wp-content\/uploads\/2022\/04\/Artboard-3-1.png 801w\" sizes=\"(max-width: 67px) 100vw, 67px\" \/><img class=\"alignnone wp-image-21344\" src=\"https:\/\/chemitool.com\/wp-content\/uploads\/2022\/04\/Artboard-5-1-300x300.png\" alt=\"\" width=\"68\" height=\"68\" srcset=\"https:\/\/chemitool.com\/wp-content\/uploads\/2022\/04\/Artboard-5-1-300x300.png 300w, https:\/\/chemitool.com\/wp-content\/uploads\/2022\/04\/Artboard-5-1-150x150.png 150w, https:\/\/chemitool.com\/wp-content\/uploads\/2022\/04\/Artboard-5-1-768x767.png 768w, https:\/\/chemitool.com\/wp-content\/uploads\/2022\/04\/Artboard-5-1-650x650.png 650w, https:\/\/chemitool.com\/wp-content\/uploads\/2022\/04\/Artboard-5-1-600x599.png 600w, https:\/\/chemitool.com\/wp-content\/uploads\/2022\/04\/Artboard-5-1-100x100.png 100w, https:\/\/chemitool.com\/wp-content\/uploads\/2022\/04\/Artboard-5-1.png 801w\" sizes=\"(max-width: 68px) 100vw, 68px\" \/><img class=\"alignnone wp-image-21341\" src=\"https:\/\/chemitool.com\/wp-content\/uploads\/2022\/04\/Artboard-4-1-300x300.png\" alt=\"\" width=\"64\" height=\"64\" srcset=\"https:\/\/chemitool.com\/wp-content\/uploads\/2022\/04\/Artboard-4-1-300x300.png 300w, https:\/\/chemitool.com\/wp-content\/uploads\/2022\/04\/Artboard-4-1-150x150.png 150w, https:\/\/chemitool.com\/wp-content\/uploads\/2022\/04\/Artboard-4-1-768x767.png 768w, https:\/\/chemitool.com\/wp-content\/uploads\/2022\/04\/Artboard-4-1-650x650.png 650w, https:\/\/chemitool.com\/wp-content\/uploads\/2022\/04\/Artboard-4-1-600x599.png 600w, https:\/\/chemitool.com\/wp-content\/uploads\/2022\/04\/Artboard-4-1-100x100.png 100w, https:\/\/chemitool.com\/wp-content\/uploads\/2022\/04\/Artboard-4-1.png 801w\" sizes=\"(max-width: 64px) 100vw, 64px\" \/>\u00a0<img class=\"alignnone wp-image-23602\" src=\"https:\/\/chemitool.com\/wp-content\/uploads\/2022\/06\/Lubrificacao-300x300.png\" alt=\"\" width=\"60\" height=\"60\" srcset=\"https:\/\/chemitool.com\/wp-content\/uploads\/2022\/06\/Lubrificacao-300x300.png 300w, https:\/\/chemitool.com\/wp-content\/uploads\/2022\/06\/Lubrificacao-150x150.png 150w, https:\/\/chemitool.com\/wp-content\/uploads\/2022\/06\/Lubrificacao-100x100.png 100w, https:\/\/chemitool.com\/wp-content\/uploads\/2022\/06\/Lubrificacao.png 377w\" sizes=\"(max-width: 60px) 100vw, 60px\" \/>\u00a0<img class=\"alignnone wp-image-23605\" src=\"https:\/\/chemitool.com\/wp-content\/uploads\/2022\/06\/CorteMao-300x300.png\" alt=\"\" width=\"60\" height=\"60\" srcset=\"https:\/\/chemitool.com\/wp-content\/uploads\/2022\/06\/CorteMao-300x300.png 300w, https:\/\/chemitool.com\/wp-content\/uploads\/2022\/06\/CorteMao-150x150.png 150w, https:\/\/chemitool.com\/wp-content\/uploads\/2022\/06\/CorteMao-100x100.png 100w, https:\/\/chemitool.com\/wp-content\/uploads\/2022\/06\/CorteMao.png 378w\" sizes=\"(max-width: 60px) 100vw, 60px\" \/><\/p>\n","protected":false},"excerpt":{"rendered":"<p><em>La Broca Hueca HSS para Taladro Electromagn\u00e9tico CHEMITOOL<\/em> fue dise\u00f1ada para los trabajos m\u00e1s exigentes y duraderos, proporcionando as\u00ed a los profesionales una excelente relaci\u00f3n de calidad y rendimiento en la perforaci\u00f3n de metales y pl\u00e1sticos.<\/p>\n","protected":false},"featured_media":23600,"template":"","meta":[],"product_cat":[1426,4507,4125],"product_tag":[],"yoast_head":"<!-- This site is optimized with the Yoast SEO plugin v17.4 - https:\/\/yoast.com\/wordpress\/plugins\/seo\/ -->\n<title>BROCA HUECA PARA TALADRO ELECTROMAG\u00c9TICO \u2013 55MM &ndash; Chemitool<\/title>\n<meta name=\"description\" content=\"La Broca Hueca HSS para Taladro Electromagn\u00e9tico CHEMITOOL fue dise\u00f1ada para los trabajos m\u00e1s exigentes y duraderos, proporcionando as\u00ed a los profesionales una excelente relaci\u00f3n de calidad y rendimiento en la perforaci\u00f3n de metales y pl\u00e1sticos.\" \/>\n<meta name=\"robots\" content=\"index, follow, max-snippet:-1, max-image-preview:large, max-video-preview:-1\" \/>\n<link rel=\"canonical\" href=\"https:\/\/chemitool.com\/es\/products\/cutting\/herramientas-de-perforacion-acero\/brocas-huecas-taladro-electromagnetico\/broca-hueca-para-taladro-electromagetico-55mm\/\" \/>\n<meta property=\"og:locale\" content=\"es_ES\" \/>\n<meta property=\"og:type\" content=\"article\" \/>\n<meta property=\"og:title\" content=\"BROCA HUECA PARA TALADRO ELECTROMAG\u00c9TICO \u2013 55MM &ndash; Chemitool\" \/>\n<meta property=\"og:description\" content=\"La Broca Hueca HSS para Taladro Electromagn\u00e9tico CHEMITOOL fue dise\u00f1ada para los trabajos m\u00e1s exigentes y duraderos, proporcionando as\u00ed a los profesionales una excelente relaci\u00f3n de calidad y rendimiento en la perforaci\u00f3n de metales y pl\u00e1sticos.\" \/>\n<meta property=\"og:url\" content=\"https:\/\/chemitool.com\/es\/products\/cutting\/herramientas-de-perforacion-acero\/brocas-huecas-taladro-electromagnetico\/broca-hueca-para-taladro-electromagetico-55mm\/\" \/>\n<meta property=\"og:site_name\" content=\"Chemitool\" \/>\n<meta property=\"article:publisher\" content=\"https:\/\/www.facebook.com\/chemitool\" \/>\n<meta property=\"article:modified_time\" content=\"2024-09-18T14:40:34+00:00\" \/>\n<meta property=\"og:image\" content=\"https:\/\/chemitool.com\/wp-content\/uploads\/2022\/06\/22_site.png\" \/>\n\t<meta property=\"og:image:width\" content=\"800\" \/>\n\t<meta property=\"og:image:height\" content=\"800\" \/>\n<meta name=\"twitter:card\" content=\"summary_large_image\" \/>\n<meta name=\"twitter:label1\" content=\"Tiempo de lectura\" \/>\n\t<meta name=\"twitter:data1\" content=\"1 minuto\" \/>\n<script type=\"application\/ld+json\" class=\"yoast-schema-graph\">{\"@context\":\"https:\/\/schema.org\",\"@graph\":[{\"@type\":\"Organization\",\"@id\":\"https:\/\/chemitool.com\/#organization\",\"name\":\"Chemitool\",\"url\":\"https:\/\/chemitool.com\/\",\"sameAs\":[\"https:\/\/www.facebook.com\/chemitool\",\"https:\/\/www.instagram.com\/chemitool\/\"],\"logo\":{\"@type\":\"ImageObject\",\"@id\":\"https:\/\/chemitool.com\/#logo\",\"inLanguage\":\"es\",\"url\":\"https:\/\/chemitool.com\/wp-content\/uploads\/2020\/10\/logo_chemitool.png\",\"contentUrl\":\"https:\/\/chemitool.com\/wp-content\/uploads\/2020\/10\/logo_chemitool.png\",\"width\":400,\"height\":400,\"caption\":\"Chemitool\"},\"image\":{\"@id\":\"https:\/\/chemitool.com\/#logo\"}},{\"@type\":\"WebSite\",\"@id\":\"https:\/\/chemitool.com\/#website\",\"url\":\"https:\/\/chemitool.com\/\",\"name\":\"Chemitool\",\"description\":\"Chemitool - hardware and tools\",\"publisher\":{\"@id\":\"https:\/\/chemitool.com\/#organization\"},\"potentialAction\":[{\"@type\":\"SearchAction\",\"target\":{\"@type\":\"EntryPoint\",\"urlTemplate\":\"https:\/\/chemitool.com\/?s={search_term_string}\"},\"query-input\":\"required name=search_term_string\"}],\"inLanguage\":\"es\"},{\"@type\":\"ImageObject\",\"@id\":\"https:\/\/chemitool.com\/es\/products\/cutting\/herramientas-de-perforacion-acero\/brocas-huecas-taladro-electromagnetico\/broca-hueca-para-taladro-electromagetico-55mm\/#primaryimage\",\"inLanguage\":\"es\",\"url\":\"https:\/\/chemitool.com\/wp-content\/uploads\/2022\/06\/22_site.png\",\"contentUrl\":\"https:\/\/chemitool.com\/wp-content\/uploads\/2022\/06\/22_site.png\",\"width\":800,\"height\":800},{\"@type\":\"WebPage\",\"@id\":\"https:\/\/chemitool.com\/es\/products\/cutting\/herramientas-de-perforacion-acero\/brocas-huecas-taladro-electromagnetico\/broca-hueca-para-taladro-electromagetico-55mm\/#webpage\",\"url\":\"https:\/\/chemitool.com\/es\/products\/cutting\/herramientas-de-perforacion-acero\/brocas-huecas-taladro-electromagnetico\/broca-hueca-para-taladro-electromagetico-55mm\/\",\"name\":\"BROCA HUECA PARA TALADRO ELECTROMAG\\u00c9TICO \\u2013 55MM &ndash; Chemitool\",\"isPartOf\":{\"@id\":\"https:\/\/chemitool.com\/#website\"},\"primaryImageOfPage\":{\"@id\":\"https:\/\/chemitool.com\/es\/products\/cutting\/herramientas-de-perforacion-acero\/brocas-huecas-taladro-electromagnetico\/broca-hueca-para-taladro-electromagetico-55mm\/#primaryimage\"},\"datePublished\":\"2022-06-21T11:15:28+00:00\",\"dateModified\":\"2024-09-18T14:40:34+00:00\",\"description\":\"La Broca Hueca HSS para Taladro Electromagn\\u00e9tico CHEMITOOL fue dise\\u00f1ada para los trabajos m\\u00e1s exigentes y duraderos, proporcionando as\\u00ed a los profesionales una excelente relaci\\u00f3n de calidad y rendimiento en la perforaci\\u00f3n de metales y pl\\u00e1sticos.\",\"breadcrumb\":{\"@id\":\"https:\/\/chemitool.com\/es\/products\/cutting\/herramientas-de-perforacion-acero\/brocas-huecas-taladro-electromagnetico\/broca-hueca-para-taladro-electromagetico-55mm\/#breadcrumb\"},\"inLanguage\":\"es\",\"potentialAction\":[{\"@type\":\"ReadAction\",\"target\":[\"https:\/\/chemitool.com\/es\/products\/cutting\/herramientas-de-perforacion-acero\/brocas-huecas-taladro-electromagnetico\/broca-hueca-para-taladro-electromagetico-55mm\/\"]}]},{\"@type\":\"BreadcrumbList\",\"@id\":\"https:\/\/chemitool.com\/es\/products\/cutting\/herramientas-de-perforacion-acero\/brocas-huecas-taladro-electromagnetico\/broca-hueca-para-taladro-electromagetico-55mm\/#breadcrumb\",\"itemListElement\":[{\"@type\":\"ListItem\",\"position\":1,\"name\":\"Home\",\"item\":\"https:\/\/chemitool.com\/es\/\"},{\"@type\":\"ListItem\",\"position\":2,\"name\":\"Productos\",\"item\":\"https:\/\/chemitool.com\/es\/productos\/\"},{\"@type\":\"ListItem\",\"position\":3,\"name\":\"Cutting\",\"item\":\"https:\/\/chemitool.com\/es\/categoria-producto\/cutting\/\"},{\"@type\":\"ListItem\",\"position\":4,\"name\":\"HERRAMIENTAS DE PERFORACION ACERO\",\"item\":\"https:\/\/chemitool.com\/es\/categoria-producto\/cutting\/herramientas-de-perforacion-acero\/\"},{\"@type\":\"ListItem\",\"position\":5,\"name\":\"Brocas Huecas Taladro Electromagn\\u00e9tico\",\"item\":\"https:\/\/chemitool.com\/es\/categoria-producto\/cutting\/herramientas-de-perforacion-acero\/brocas-huecas-taladro-electromagnetico\/\"},{\"@type\":\"ListItem\",\"position\":6,\"name\":\"BROCA HUECA PARA TALADRO ELECTROMAG\\u00c9TICO \\u2013 55MM\"}]}]}<\/script>\n<!-- \/ Yoast SEO plugin. -->","yoast_head_json":{"title":"BROCA HUECA PARA TALADRO ELECTROMAG\u00c9TICO \u2013 55MM &ndash; Chemitool","description":"La Broca Hueca HSS para Taladro Electromagn\u00e9tico CHEMITOOL fue dise\u00f1ada para los trabajos m\u00e1s exigentes y duraderos, proporcionando as\u00ed a los profesionales una excelente relaci\u00f3n de calidad y rendimiento en la perforaci\u00f3n de metales y pl\u00e1sticos.","robots":{"index":"index","follow":"follow","max-snippet":"max-snippet:-1","max-image-preview":"max-image-preview:large","max-video-preview":"max-video-preview:-1"},"canonical":"https:\/\/chemitool.com\/es\/products\/cutting\/herramientas-de-perforacion-acero\/brocas-huecas-taladro-electromagnetico\/broca-hueca-para-taladro-electromagetico-55mm\/","og_locale":"es_ES","og_type":"article","og_title":"BROCA HUECA PARA TALADRO ELECTROMAG\u00c9TICO \u2013 55MM &ndash; Chemitool","og_description":"La Broca Hueca HSS para Taladro Electromagn\u00e9tico CHEMITOOL fue dise\u00f1ada para los trabajos m\u00e1s exigentes y duraderos, proporcionando as\u00ed a los profesionales una excelente relaci\u00f3n de calidad y rendimiento en la perforaci\u00f3n de metales y pl\u00e1sticos.","og_url":"https:\/\/chemitool.com\/es\/products\/cutting\/herramientas-de-perforacion-acero\/brocas-huecas-taladro-electromagnetico\/broca-hueca-para-taladro-electromagetico-55mm\/","og_site_name":"Chemitool","article_publisher":"https:\/\/www.facebook.com\/chemitool","article_modified_time":"2024-09-18T14:40:34+00:00","og_image":[{"width":800,"height":800,"url":"https:\/\/chemitool.com\/wp-content\/uploads\/2022\/06\/22_site.png","type":"image\/png"}],"twitter_card":"summary_large_image","twitter_misc":{"Tiempo de lectura":"1 minuto"},"schema":{"@context":"https:\/\/schema.org","@graph":[{"@type":"Organization","@id":"https:\/\/chemitool.com\/#organization","name":"Chemitool","url":"https:\/\/chemitool.com\/","sameAs":["https:\/\/www.facebook.com\/chemitool","https:\/\/www.instagram.com\/chemitool\/"],"logo":{"@type":"ImageObject","@id":"https:\/\/chemitool.com\/#logo","inLanguage":"es","url":"https:\/\/chemitool.com\/wp-content\/uploads\/2020\/10\/logo_chemitool.png","contentUrl":"https:\/\/chemitool.com\/wp-content\/uploads\/2020\/10\/logo_chemitool.png","width":400,"height":400,"caption":"Chemitool"},"image":{"@id":"https:\/\/chemitool.com\/#logo"}},{"@type":"WebSite","@id":"https:\/\/chemitool.com\/#website","url":"https:\/\/chemitool.com\/","name":"Chemitool","description":"Chemitool - hardware and tools","publisher":{"@id":"https:\/\/chemitool.com\/#organization"},"potentialAction":[{"@type":"SearchAction","target":{"@type":"EntryPoint","urlTemplate":"https:\/\/chemitool.com\/?s={search_term_string}"},"query-input":"required name=search_term_string"}],"inLanguage":"es"},{"@type":"ImageObject","@id":"https:\/\/chemitool.com\/es\/products\/cutting\/herramientas-de-perforacion-acero\/brocas-huecas-taladro-electromagnetico\/broca-hueca-para-taladro-electromagetico-55mm\/#primaryimage","inLanguage":"es","url":"https:\/\/chemitool.com\/wp-content\/uploads\/2022\/06\/22_site.png","contentUrl":"https:\/\/chemitool.com\/wp-content\/uploads\/2022\/06\/22_site.png","width":800,"height":800},{"@type":"WebPage","@id":"https:\/\/chemitool.com\/es\/products\/cutting\/herramientas-de-perforacion-acero\/brocas-huecas-taladro-electromagnetico\/broca-hueca-para-taladro-electromagetico-55mm\/#webpage","url":"https:\/\/chemitool.com\/es\/products\/cutting\/herramientas-de-perforacion-acero\/brocas-huecas-taladro-electromagnetico\/broca-hueca-para-taladro-electromagetico-55mm\/","name":"BROCA HUECA PARA TALADRO ELECTROMAG\u00c9TICO \u2013 55MM &ndash; Chemitool","isPartOf":{"@id":"https:\/\/chemitool.com\/#website"},"primaryImageOfPage":{"@id":"https:\/\/chemitool.com\/es\/products\/cutting\/herramientas-de-perforacion-acero\/brocas-huecas-taladro-electromagnetico\/broca-hueca-para-taladro-electromagetico-55mm\/#primaryimage"},"datePublished":"2022-06-21T11:15:28+00:00","dateModified":"2024-09-18T14:40:34+00:00","description":"La Broca Hueca HSS para Taladro Electromagn\u00e9tico CHEMITOOL fue dise\u00f1ada para los trabajos m\u00e1s exigentes y duraderos, proporcionando as\u00ed a los profesionales una excelente relaci\u00f3n de calidad y rendimiento en la perforaci\u00f3n de metales y pl\u00e1sticos.","breadcrumb":{"@id":"https:\/\/chemitool.com\/es\/products\/cutting\/herramientas-de-perforacion-acero\/brocas-huecas-taladro-electromagnetico\/broca-hueca-para-taladro-electromagetico-55mm\/#breadcrumb"},"inLanguage":"es","potentialAction":[{"@type":"ReadAction","target":["https:\/\/chemitool.com\/es\/products\/cutting\/herramientas-de-perforacion-acero\/brocas-huecas-taladro-electromagnetico\/broca-hueca-para-taladro-electromagetico-55mm\/"]}]},{"@type":"BreadcrumbList","@id":"https:\/\/chemitool.com\/es\/products\/cutting\/herramientas-de-perforacion-acero\/brocas-huecas-taladro-electromagnetico\/broca-hueca-para-taladro-electromagetico-55mm\/#breadcrumb","itemListElement":[{"@type":"ListItem","position":1,"name":"Home","item":"https:\/\/chemitool.com\/es\/"},{"@type":"ListItem","position":2,"name":"Productos","item":"https:\/\/chemitool.com\/es\/productos\/"},{"@type":"ListItem","position":3,"name":"Cutting","item":"https:\/\/chemitool.com\/es\/categoria-producto\/cutting\/"},{"@type":"ListItem","position":4,"name":"HERRAMIENTAS DE PERFORACION ACERO","item":"https:\/\/chemitool.com\/es\/categoria-producto\/cutting\/herramientas-de-perforacion-acero\/"},{"@type":"ListItem","position":5,"name":"Brocas Huecas Taladro Electromagn\u00e9tico","item":"https:\/\/chemitool.com\/es\/categoria-producto\/cutting\/herramientas-de-perforacion-acero\/brocas-huecas-taladro-electromagnetico\/"},{"@type":"ListItem","position":6,"name":"BROCA HUECA PARA TALADRO ELECTROMAG\u00c9TICO \u2013 55MM"}]}]}},"_links":{"self":[{"href":"https:\/\/chemitool.com\/es\/wp-json\/wp\/v2\/product\/23568"}],"collection":[{"href":"https:\/\/chemitool.com\/es\/wp-json\/wp\/v2\/product"}],"about":[{"href":"https:\/\/chemitool.com\/es\/wp-json\/wp\/v2\/types\/product"}],"wp:featuredmedia":[{"embeddable":true,"href":"https:\/\/chemitool.com\/es\/wp-json\/wp\/v2\/media\/23600"}],"wp:attachment":[{"href":"https:\/\/chemitool.com\/es\/wp-json\/wp\/v2\/media?parent=23568"}],"wp:term":[{"taxonomy":"product_cat","embeddable":true,"href":"https:\/\/chemitool.com\/es\/wp-json\/wp\/v2\/product_cat?post=23568"},{"taxonomy":"product_tag","embeddable":true,"href":"https:\/\/chemitool.com\/es\/wp-json\/wp\/v2\/product_tag?post=23568"}],"curies":[{"name":"wp","href":"https:\/\/api.w.org\/{rel}","templated":true}]}}