{"id":23548,"date":"2022-06-20T16:44:07","date_gmt":"2022-06-20T16:44:14","guid":{"rendered":"https:\/\/chemitool.com\/?post_type=product&#038;p=23548"},"modified":"2022-06-20T17:18:05","modified_gmt":"2022-06-20T17:18:05","slug":"spray-detector-de-fugas-protect-chemisol","status":"publish","type":"product","link":"https:\/\/chemitool.com\/es\/products\/chemicals\/sprays-es\/proteccion\/spray-detector-de-fugas-protect-chemisol\/","title":{"rendered":"SPRAY Detector de Fugas Protect CHEMISOL"},"content":{"rendered":"<p><strong>VENTAJAS<\/strong><\/p>\n<ul>\n<li>Calidad profesional<\/li>\n<li>PH neutro<\/li>\n<li>No inflamable<\/li>\n<li>Comprobaci\u00f3n r\u00e1pida y sin esfuerzo de fugas en tuber\u00edas presurizadas<\/li>\n<li>No ataca a los metales ni a los pl\u00e1sticos<\/li>\n<li>No es corrosivo y es fisiol\u00f3gicamente inofensivo<\/li>\n<li>Pulverizaci\u00f3n directa<\/li>\n<\/ul>\n<p><strong>INDICACIONES<\/strong><\/p>\n<p>Almacenar en un ambiente fresco, seco y bien ventilado entre +5\u00b0C y +30\u00b0C, lejos de fuentes de calor y humedad. Vida \u00fatil 10 a\u00f1os si se almacena en las condiciones recomendadas, ya que puede acortar la vida \u00fatil. Despu\u00e9s del primer uso, debe almacenarse en un lugar fresco y seco, alejado de fuentes de calor.<\/p>\n","protected":false},"excerpt":{"rendered":"<p><b class=\"sap-label\">SAP:<\/b> <span class=\"codesap-label\">CHC020317<\/span><\/p>\n<p><em>Spray Detector de Fugas Protect CHEMISOL, <\/em>siendo un producto de alto rendimiento, basado en agentes activos sint\u00e9ticos, para localizar fugas de gas de forma r\u00e1pida y sin esfuerzo. Al no ser un producto inflamable, permite controlar tambi\u00e9n la instalaci\u00f3n de aparatos, que funcionan con gas inflamable.<\/p>\n","protected":false},"featured_media":23554,"template":"","meta":[],"product_cat":[1209,1218,1249],"product_tag":[140],"yoast_head":"<!-- This site is optimized with the Yoast SEO plugin v17.4 - https:\/\/yoast.com\/wordpress\/plugins\/seo\/ -->\n<title>SPRAY Detector de Fugas Protect CHEMISOL &ndash; Chemitool<\/title>\n<meta name=\"description\" content=\"SAP: CHC020317  Spray Detector de Fugas Protect CHEMISOL, siendo un producto de alto rendimiento, basado en agentes activos sint\u00e9ticos, para localizar fugas de gas de forma r\u00e1pida y sin esfuerzo. Al no ser un producto inflamable, permite controlar tambi\u00e9n la instalaci\u00f3n de aparatos, que funcionan con gas inflamable.\" \/>\n<meta name=\"robots\" content=\"index, follow, max-snippet:-1, max-image-preview:large, max-video-preview:-1\" \/>\n<link rel=\"canonical\" href=\"https:\/\/chemitool.com\/es\/products\/chemicals\/sprays-es\/proteccion\/spray-detector-de-fugas-protect-chemisol\/\" \/>\n<meta property=\"og:locale\" content=\"es_ES\" \/>\n<meta property=\"og:type\" content=\"article\" \/>\n<meta property=\"og:title\" content=\"SPRAY Detector de Fugas Protect CHEMISOL &ndash; Chemitool\" \/>\n<meta property=\"og:description\" content=\"SAP: CHC020317  Spray Detector de Fugas Protect CHEMISOL, siendo un producto de alto rendimiento, basado en agentes activos sint\u00e9ticos, para localizar fugas de gas de forma r\u00e1pida y sin esfuerzo. Al no ser un producto inflamable, permite controlar tambi\u00e9n la instalaci\u00f3n de aparatos, que funcionan con gas inflamable.\" \/>\n<meta property=\"og:url\" content=\"https:\/\/chemitool.com\/es\/products\/chemicals\/sprays-es\/proteccion\/spray-detector-de-fugas-protect-chemisol\/\" \/>\n<meta property=\"og:site_name\" content=\"Chemitool\" \/>\n<meta property=\"article:publisher\" content=\"https:\/\/www.facebook.com\/chemitool\" \/>\n<meta property=\"article:modified_time\" content=\"2022-06-20T17:18:05+00:00\" \/>\n<meta property=\"og:image\" content=\"https:\/\/chemitool.com\/wp-content\/uploads\/2022\/06\/CHC020317.png\" \/>\n\t<meta property=\"og:image:width\" content=\"800\" \/>\n\t<meta property=\"og:image:height\" content=\"800\" \/>\n<meta name=\"twitter:card\" content=\"summary_large_image\" \/>\n<script type=\"application\/ld+json\" class=\"yoast-schema-graph\">{\"@context\":\"https:\/\/schema.org\",\"@graph\":[{\"@type\":\"Organization\",\"@id\":\"https:\/\/chemitool.com\/#organization\",\"name\":\"Chemitool\",\"url\":\"https:\/\/chemitool.com\/\",\"sameAs\":[\"https:\/\/www.facebook.com\/chemitool\",\"https:\/\/www.instagram.com\/chemitool\/\"],\"logo\":{\"@type\":\"ImageObject\",\"@id\":\"https:\/\/chemitool.com\/#logo\",\"inLanguage\":\"es\",\"url\":\"https:\/\/chemitool.com\/wp-content\/uploads\/2020\/10\/logo_chemitool.png\",\"contentUrl\":\"https:\/\/chemitool.com\/wp-content\/uploads\/2020\/10\/logo_chemitool.png\",\"width\":400,\"height\":400,\"caption\":\"Chemitool\"},\"image\":{\"@id\":\"https:\/\/chemitool.com\/#logo\"}},{\"@type\":\"WebSite\",\"@id\":\"https:\/\/chemitool.com\/#website\",\"url\":\"https:\/\/chemitool.com\/\",\"name\":\"Chemitool\",\"description\":\"Chemitool - hardware and tools\",\"publisher\":{\"@id\":\"https:\/\/chemitool.com\/#organization\"},\"potentialAction\":[{\"@type\":\"SearchAction\",\"target\":{\"@type\":\"EntryPoint\",\"urlTemplate\":\"https:\/\/chemitool.com\/?s={search_term_string}\"},\"query-input\":\"required name=search_term_string\"}],\"inLanguage\":\"es\"},{\"@type\":\"ImageObject\",\"@id\":\"https:\/\/chemitool.com\/es\/products\/chemicals\/sprays-es\/proteccion\/spray-detector-de-fugas-protect-chemisol\/#primaryimage\",\"inLanguage\":\"es\",\"url\":\"https:\/\/chemitool.com\/wp-content\/uploads\/2022\/06\/CHC020317.png\",\"contentUrl\":\"https:\/\/chemitool.com\/wp-content\/uploads\/2022\/06\/CHC020317.png\",\"width\":800,\"height\":800},{\"@type\":\"WebPage\",\"@id\":\"https:\/\/chemitool.com\/es\/products\/chemicals\/sprays-es\/proteccion\/spray-detector-de-fugas-protect-chemisol\/#webpage\",\"url\":\"https:\/\/chemitool.com\/es\/products\/chemicals\/sprays-es\/proteccion\/spray-detector-de-fugas-protect-chemisol\/\",\"name\":\"SPRAY Detector de Fugas Protect CHEMISOL &ndash; Chemitool\",\"isPartOf\":{\"@id\":\"https:\/\/chemitool.com\/#website\"},\"primaryImageOfPage\":{\"@id\":\"https:\/\/chemitool.com\/es\/products\/chemicals\/sprays-es\/proteccion\/spray-detector-de-fugas-protect-chemisol\/#primaryimage\"},\"datePublished\":\"2022-06-20T16:44:14+00:00\",\"dateModified\":\"2022-06-20T17:18:05+00:00\",\"description\":\"SAP: CHC020317 Spray Detector de Fugas Protect CHEMISOL, siendo un producto de alto rendimiento, basado en agentes activos sint\\u00e9ticos, para localizar fugas de gas de forma r\\u00e1pida y sin esfuerzo. Al no ser un producto inflamable, permite controlar tambi\\u00e9n la instalaci\\u00f3n de aparatos, que funcionan con gas inflamable.\",\"breadcrumb\":{\"@id\":\"https:\/\/chemitool.com\/es\/products\/chemicals\/sprays-es\/proteccion\/spray-detector-de-fugas-protect-chemisol\/#breadcrumb\"},\"inLanguage\":\"es\",\"potentialAction\":[{\"@type\":\"ReadAction\",\"target\":[\"https:\/\/chemitool.com\/es\/products\/chemicals\/sprays-es\/proteccion\/spray-detector-de-fugas-protect-chemisol\/\"]}]},{\"@type\":\"BreadcrumbList\",\"@id\":\"https:\/\/chemitool.com\/es\/products\/chemicals\/sprays-es\/proteccion\/spray-detector-de-fugas-protect-chemisol\/#breadcrumb\",\"itemListElement\":[{\"@type\":\"ListItem\",\"position\":1,\"name\":\"Home\",\"item\":\"https:\/\/chemitool.com\/es\/\"},{\"@type\":\"ListItem\",\"position\":2,\"name\":\"Productos\",\"item\":\"https:\/\/chemitool.com\/es\/productos\/\"},{\"@type\":\"ListItem\",\"position\":3,\"name\":\"CHEMICALS\",\"item\":\"https:\/\/chemitool.com\/es\/categoria-producto\/chemicals\/\"},{\"@type\":\"ListItem\",\"position\":4,\"name\":\"SPRAY Detector de Fugas Protect CHEMISOL\"}]}]}<\/script>\n<!-- \/ Yoast SEO plugin. -->","yoast_head_json":{"title":"SPRAY Detector de Fugas Protect CHEMISOL &ndash; Chemitool","description":"SAP: CHC020317  Spray Detector de Fugas Protect CHEMISOL, siendo un producto de alto rendimiento, basado en agentes activos sint\u00e9ticos, para localizar fugas de gas de forma r\u00e1pida y sin esfuerzo. Al no ser un producto inflamable, permite controlar tambi\u00e9n la instalaci\u00f3n de aparatos, que funcionan con gas inflamable.","robots":{"index":"index","follow":"follow","max-snippet":"max-snippet:-1","max-image-preview":"max-image-preview:large","max-video-preview":"max-video-preview:-1"},"canonical":"https:\/\/chemitool.com\/es\/products\/chemicals\/sprays-es\/proteccion\/spray-detector-de-fugas-protect-chemisol\/","og_locale":"es_ES","og_type":"article","og_title":"SPRAY Detector de Fugas Protect CHEMISOL &ndash; Chemitool","og_description":"SAP: CHC020317  Spray Detector de Fugas Protect CHEMISOL, siendo un producto de alto rendimiento, basado en agentes activos sint\u00e9ticos, para localizar fugas de gas de forma r\u00e1pida y sin esfuerzo. Al no ser un producto inflamable, permite controlar tambi\u00e9n la instalaci\u00f3n de aparatos, que funcionan con gas inflamable.","og_url":"https:\/\/chemitool.com\/es\/products\/chemicals\/sprays-es\/proteccion\/spray-detector-de-fugas-protect-chemisol\/","og_site_name":"Chemitool","article_publisher":"https:\/\/www.facebook.com\/chemitool","article_modified_time":"2022-06-20T17:18:05+00:00","og_image":[{"width":800,"height":800,"url":"https:\/\/chemitool.com\/wp-content\/uploads\/2022\/06\/CHC020317.png","type":"image\/png"}],"twitter_card":"summary_large_image","schema":{"@context":"https:\/\/schema.org","@graph":[{"@type":"Organization","@id":"https:\/\/chemitool.com\/#organization","name":"Chemitool","url":"https:\/\/chemitool.com\/","sameAs":["https:\/\/www.facebook.com\/chemitool","https:\/\/www.instagram.com\/chemitool\/"],"logo":{"@type":"ImageObject","@id":"https:\/\/chemitool.com\/#logo","inLanguage":"es","url":"https:\/\/chemitool.com\/wp-content\/uploads\/2020\/10\/logo_chemitool.png","contentUrl":"https:\/\/chemitool.com\/wp-content\/uploads\/2020\/10\/logo_chemitool.png","width":400,"height":400,"caption":"Chemitool"},"image":{"@id":"https:\/\/chemitool.com\/#logo"}},{"@type":"WebSite","@id":"https:\/\/chemitool.com\/#website","url":"https:\/\/chemitool.com\/","name":"Chemitool","description":"Chemitool - hardware and tools","publisher":{"@id":"https:\/\/chemitool.com\/#organization"},"potentialAction":[{"@type":"SearchAction","target":{"@type":"EntryPoint","urlTemplate":"https:\/\/chemitool.com\/?s={search_term_string}"},"query-input":"required name=search_term_string"}],"inLanguage":"es"},{"@type":"ImageObject","@id":"https:\/\/chemitool.com\/es\/products\/chemicals\/sprays-es\/proteccion\/spray-detector-de-fugas-protect-chemisol\/#primaryimage","inLanguage":"es","url":"https:\/\/chemitool.com\/wp-content\/uploads\/2022\/06\/CHC020317.png","contentUrl":"https:\/\/chemitool.com\/wp-content\/uploads\/2022\/06\/CHC020317.png","width":800,"height":800},{"@type":"WebPage","@id":"https:\/\/chemitool.com\/es\/products\/chemicals\/sprays-es\/proteccion\/spray-detector-de-fugas-protect-chemisol\/#webpage","url":"https:\/\/chemitool.com\/es\/products\/chemicals\/sprays-es\/proteccion\/spray-detector-de-fugas-protect-chemisol\/","name":"SPRAY Detector de Fugas Protect CHEMISOL &ndash; Chemitool","isPartOf":{"@id":"https:\/\/chemitool.com\/#website"},"primaryImageOfPage":{"@id":"https:\/\/chemitool.com\/es\/products\/chemicals\/sprays-es\/proteccion\/spray-detector-de-fugas-protect-chemisol\/#primaryimage"},"datePublished":"2022-06-20T16:44:14+00:00","dateModified":"2022-06-20T17:18:05+00:00","description":"SAP: CHC020317 Spray Detector de Fugas Protect CHEMISOL, siendo un producto de alto rendimiento, basado en agentes activos sint\u00e9ticos, para localizar fugas de gas de forma r\u00e1pida y sin esfuerzo. Al no ser un producto inflamable, permite controlar tambi\u00e9n la instalaci\u00f3n de aparatos, que funcionan con gas inflamable.","breadcrumb":{"@id":"https:\/\/chemitool.com\/es\/products\/chemicals\/sprays-es\/proteccion\/spray-detector-de-fugas-protect-chemisol\/#breadcrumb"},"inLanguage":"es","potentialAction":[{"@type":"ReadAction","target":["https:\/\/chemitool.com\/es\/products\/chemicals\/sprays-es\/proteccion\/spray-detector-de-fugas-protect-chemisol\/"]}]},{"@type":"BreadcrumbList","@id":"https:\/\/chemitool.com\/es\/products\/chemicals\/sprays-es\/proteccion\/spray-detector-de-fugas-protect-chemisol\/#breadcrumb","itemListElement":[{"@type":"ListItem","position":1,"name":"Home","item":"https:\/\/chemitool.com\/es\/"},{"@type":"ListItem","position":2,"name":"Productos","item":"https:\/\/chemitool.com\/es\/productos\/"},{"@type":"ListItem","position":3,"name":"CHEMICALS","item":"https:\/\/chemitool.com\/es\/categoria-producto\/chemicals\/"},{"@type":"ListItem","position":4,"name":"SPRAY Detector de Fugas Protect CHEMISOL"}]}]}},"_links":{"self":[{"href":"https:\/\/chemitool.com\/es\/wp-json\/wp\/v2\/product\/23548"}],"collection":[{"href":"https:\/\/chemitool.com\/es\/wp-json\/wp\/v2\/product"}],"about":[{"href":"https:\/\/chemitool.com\/es\/wp-json\/wp\/v2\/types\/product"}],"wp:featuredmedia":[{"embeddable":true,"href":"https:\/\/chemitool.com\/es\/wp-json\/wp\/v2\/media\/23554"}],"wp:attachment":[{"href":"https:\/\/chemitool.com\/es\/wp-json\/wp\/v2\/media?parent=23548"}],"wp:term":[{"taxonomy":"product_cat","embeddable":true,"href":"https:\/\/chemitool.com\/es\/wp-json\/wp\/v2\/product_cat?post=23548"},{"taxonomy":"product_tag","embeddable":true,"href":"https:\/\/chemitool.com\/es\/wp-json\/wp\/v2\/product_tag?post=23548"}],"curies":[{"name":"wp","href":"https:\/\/api.w.org\/{rel}","templated":true}]}}