{"id":23532,"date":"2022-06-20T14:20:45","date_gmt":"2022-06-20T14:20:45","guid":{"rendered":"https:\/\/chemitool.com\/?post_type=product&#038;p=23532"},"modified":"2022-06-20T17:37:45","modified_gmt":"2022-06-20T17:37:45","slug":"chemisol-spray-limpiador-salpicaderos-alto-brillo","status":"publish","type":"product","link":"https:\/\/chemitool.com\/es\/products\/chemicals\/sprays-es\/auto-es\/chemisol-spray-limpiador-salpicaderos-alto-brillo\/","title":{"rendered":"SPRAY LIMPIADOR DE SALPICADEROS CHEMISOL (ALTO BRILLO)"},"content":{"rendered":"<p><strong>VENTAJAS<\/strong><\/p>\n<ul>\n<li>Calidad profesional<\/li>\n<li>F\u00e1cil de usar<\/li>\n<li>Limpia y protege<\/li>\n<li>Proporciona protecci\u00f3n y brillo a los pl\u00e1sticos y otras superficies no absorbentes<\/li>\n<li>Repele el polvo y la suciedad<\/li>\n<li>Fragancia sutil<\/li>\n<\/ul>\n<p><strong>INDICACIONES<\/strong><\/p>\n<p>Almacenar en un ambiente fresco, seco y bien ventilado entre +5\u00b0C y +30\u00b0C, lejos de fuentes de calor y humedad. Vida \u00fatil 10 a\u00f1os si se almacena en las condiciones recomendadas, ya que puede acortar la vida \u00fatil. Despu\u00e9s del primer uso, debe almacenarse en un lugar fresco y seco, alejado de fuentes de calor.<\/p>\n","protected":false},"excerpt":{"rendered":"<p><b class=\"sap-label\">SAP:<\/b> <span class=\"codesap-label\">CHC020402<\/span><\/p>\n<p><em>Spray Automotive Limpiador de Salpicaderos (Alto Brillo) CHEMISOL<\/em> es un producto de alto rendimiento. La base de silicona potencia sus propiedades abrillantadoras, hidr\u00f3fugas y antiadherentes, con el fin de abrillantar, reavivar y proteger los pl\u00e1sticos, el cuero y cualquier tipo de salpicadero, impidiendo que se deposite el polvo, dejando el habit\u00e1culo con un ligero aroma fresco.<\/p>\n","protected":false},"featured_media":45285,"template":"","meta":[],"product_cat":[1209,1218,1239],"product_tag":[140],"yoast_head":"<!-- This site is optimized with the Yoast SEO plugin v17.4 - https:\/\/yoast.com\/wordpress\/plugins\/seo\/ -->\n<title>SPRAY LIMPIADOR DE SALPICADEROS CHEMISOL (ALTO BRILLO) &ndash; Chemitool<\/title>\n<meta name=\"description\" content=\"SAP: CHC020402  Spray Automotive Limpiador de Salpicaderos (Alto Brillo) CHEMISOL es un producto de alto rendimiento. La base de silicona potencia sus propiedades abrillantadoras, hidr\u00f3fugas y antiadherentes, con el fin de abrillantar, reavivar y proteger los pl\u00e1sticos, el cuero y cualquier tipo de salpicadero, impidiendo que se deposite el polvo, dejando el habit\u00e1culo con un ligero aroma fresco.\" \/>\n<meta name=\"robots\" content=\"index, follow, max-snippet:-1, max-image-preview:large, max-video-preview:-1\" \/>\n<link rel=\"canonical\" href=\"https:\/\/chemitool.com\/es\/products\/chemical-products\/sprays\/automotive-2\/chemisol-spray-limpiador-salpicaderos-alto-brillo\/\" \/>\n<meta property=\"og:locale\" content=\"es_ES\" \/>\n<meta property=\"og:type\" content=\"article\" \/>\n<meta property=\"og:title\" content=\"SPRAY LIMPIADOR DE SALPICADEROS CHEMISOL (ALTO BRILLO) &ndash; Chemitool\" \/>\n<meta property=\"og:description\" content=\"SAP: CHC020402  Spray Automotive Limpiador de Salpicaderos (Alto Brillo) CHEMISOL es un producto de alto rendimiento. La base de silicona potencia sus propiedades abrillantadoras, hidr\u00f3fugas y antiadherentes, con el fin de abrillantar, reavivar y proteger los pl\u00e1sticos, el cuero y cualquier tipo de salpicadero, impidiendo que se deposite el polvo, dejando el habit\u00e1culo con un ligero aroma fresco.\" \/>\n<meta property=\"og:url\" content=\"https:\/\/chemitool.com\/es\/products\/chemical-products\/sprays\/automotive-2\/chemisol-spray-limpiador-salpicaderos-alto-brillo\/\" \/>\n<meta property=\"og:site_name\" content=\"Chemitool\" \/>\n<meta property=\"article:publisher\" content=\"https:\/\/www.facebook.com\/chemitool\" \/>\n<meta property=\"article:modified_time\" content=\"2022-06-20T17:37:45+00:00\" \/>\n<meta property=\"og:image\" content=\"https:\/\/chemitool.com\/wp-content\/uploads\/2026\/02\/CHC020402_web.png\" \/>\n\t<meta property=\"og:image:width\" content=\"800\" \/>\n\t<meta property=\"og:image:height\" content=\"800\" \/>\n<meta name=\"twitter:card\" content=\"summary_large_image\" \/>\n<script type=\"application\/ld+json\" class=\"yoast-schema-graph\">{\"@context\":\"https:\/\/schema.org\",\"@graph\":[{\"@type\":\"Organization\",\"@id\":\"https:\/\/chemitool.com\/#organization\",\"name\":\"Chemitool\",\"url\":\"https:\/\/chemitool.com\/\",\"sameAs\":[\"https:\/\/www.facebook.com\/chemitool\",\"https:\/\/www.instagram.com\/chemitool\/\"],\"logo\":{\"@type\":\"ImageObject\",\"@id\":\"https:\/\/chemitool.com\/#logo\",\"inLanguage\":\"es\",\"url\":\"https:\/\/chemitool.com\/wp-content\/uploads\/2020\/10\/logo_chemitool.png\",\"contentUrl\":\"https:\/\/chemitool.com\/wp-content\/uploads\/2020\/10\/logo_chemitool.png\",\"width\":400,\"height\":400,\"caption\":\"Chemitool\"},\"image\":{\"@id\":\"https:\/\/chemitool.com\/#logo\"}},{\"@type\":\"WebSite\",\"@id\":\"https:\/\/chemitool.com\/#website\",\"url\":\"https:\/\/chemitool.com\/\",\"name\":\"Chemitool\",\"description\":\"Chemitool - hardware and tools\",\"publisher\":{\"@id\":\"https:\/\/chemitool.com\/#organization\"},\"potentialAction\":[{\"@type\":\"SearchAction\",\"target\":{\"@type\":\"EntryPoint\",\"urlTemplate\":\"https:\/\/chemitool.com\/?s={search_term_string}\"},\"query-input\":\"required name=search_term_string\"}],\"inLanguage\":\"es\"},{\"@type\":\"ImageObject\",\"@id\":\"https:\/\/chemitool.com\/es\/products\/chemical-products\/sprays\/automotive-2\/chemisol-spray-limpiador-salpicaderos-alto-brillo\/#primaryimage\",\"inLanguage\":\"es\",\"url\":\"https:\/\/chemitool.com\/wp-content\/uploads\/2026\/02\/CHC020402_web.png\",\"contentUrl\":\"https:\/\/chemitool.com\/wp-content\/uploads\/2026\/02\/CHC020402_web.png\",\"width\":800,\"height\":800},{\"@type\":\"WebPage\",\"@id\":\"https:\/\/chemitool.com\/es\/products\/chemical-products\/sprays\/automotive-2\/chemisol-spray-limpiador-salpicaderos-alto-brillo\/#webpage\",\"url\":\"https:\/\/chemitool.com\/es\/products\/chemical-products\/sprays\/automotive-2\/chemisol-spray-limpiador-salpicaderos-alto-brillo\/\",\"name\":\"SPRAY LIMPIADOR DE SALPICADEROS CHEMISOL (ALTO BRILLO) &ndash; Chemitool\",\"isPartOf\":{\"@id\":\"https:\/\/chemitool.com\/#website\"},\"primaryImageOfPage\":{\"@id\":\"https:\/\/chemitool.com\/es\/products\/chemical-products\/sprays\/automotive-2\/chemisol-spray-limpiador-salpicaderos-alto-brillo\/#primaryimage\"},\"datePublished\":\"2022-06-20T14:20:45+00:00\",\"dateModified\":\"2022-06-20T17:37:45+00:00\",\"description\":\"SAP: CHC020402 Spray Automotive Limpiador de Salpicaderos (Alto Brillo) CHEMISOL es un producto de alto rendimiento. La base de silicona potencia sus propiedades abrillantadoras, hidr\\u00f3fugas y antiadherentes, con el fin de abrillantar, reavivar y proteger los pl\\u00e1sticos, el cuero y cualquier tipo de salpicadero, impidiendo que se deposite el polvo, dejando el habit\\u00e1culo con un ligero aroma fresco.\",\"breadcrumb\":{\"@id\":\"https:\/\/chemitool.com\/es\/products\/chemical-products\/sprays\/automotive-2\/chemisol-spray-limpiador-salpicaderos-alto-brillo\/#breadcrumb\"},\"inLanguage\":\"es\",\"potentialAction\":[{\"@type\":\"ReadAction\",\"target\":[\"https:\/\/chemitool.com\/es\/products\/chemical-products\/sprays\/automotive-2\/chemisol-spray-limpiador-salpicaderos-alto-brillo\/\"]}]},{\"@type\":\"BreadcrumbList\",\"@id\":\"https:\/\/chemitool.com\/es\/products\/chemical-products\/sprays\/automotive-2\/chemisol-spray-limpiador-salpicaderos-alto-brillo\/#breadcrumb\",\"itemListElement\":[{\"@type\":\"ListItem\",\"position\":1,\"name\":\"Home\",\"item\":\"https:\/\/chemitool.com\/es\/\"},{\"@type\":\"ListItem\",\"position\":2,\"name\":\"Productos\",\"item\":\"https:\/\/chemitool.com\/es\/productos\/\"},{\"@type\":\"ListItem\",\"position\":3,\"name\":\"Chemicals\",\"item\":\"https:\/\/chemitool.com\/product-category\/chemical-products\/\"},{\"@type\":\"ListItem\",\"position\":4,\"name\":\"SPRAY LIMPIADOR DE SALPICADEROS CHEMISOL (ALTO BRILLO)\"}]}]}<\/script>\n<!-- \/ Yoast SEO plugin. -->","yoast_head_json":{"title":"SPRAY LIMPIADOR DE SALPICADEROS CHEMISOL (ALTO BRILLO) &ndash; Chemitool","description":"SAP: CHC020402  Spray Automotive Limpiador de Salpicaderos (Alto Brillo) CHEMISOL es un producto de alto rendimiento. La base de silicona potencia sus propiedades abrillantadoras, hidr\u00f3fugas y antiadherentes, con el fin de abrillantar, reavivar y proteger los pl\u00e1sticos, el cuero y cualquier tipo de salpicadero, impidiendo que se deposite el polvo, dejando el habit\u00e1culo con un ligero aroma fresco.","robots":{"index":"index","follow":"follow","max-snippet":"max-snippet:-1","max-image-preview":"max-image-preview:large","max-video-preview":"max-video-preview:-1"},"canonical":"https:\/\/chemitool.com\/es\/products\/chemical-products\/sprays\/automotive-2\/chemisol-spray-limpiador-salpicaderos-alto-brillo\/","og_locale":"es_ES","og_type":"article","og_title":"SPRAY LIMPIADOR DE SALPICADEROS CHEMISOL (ALTO BRILLO) &ndash; Chemitool","og_description":"SAP: CHC020402  Spray Automotive Limpiador de Salpicaderos (Alto Brillo) CHEMISOL es un producto de alto rendimiento. La base de silicona potencia sus propiedades abrillantadoras, hidr\u00f3fugas y antiadherentes, con el fin de abrillantar, reavivar y proteger los pl\u00e1sticos, el cuero y cualquier tipo de salpicadero, impidiendo que se deposite el polvo, dejando el habit\u00e1culo con un ligero aroma fresco.","og_url":"https:\/\/chemitool.com\/es\/products\/chemical-products\/sprays\/automotive-2\/chemisol-spray-limpiador-salpicaderos-alto-brillo\/","og_site_name":"Chemitool","article_publisher":"https:\/\/www.facebook.com\/chemitool","article_modified_time":"2022-06-20T17:37:45+00:00","og_image":[{"width":800,"height":800,"url":"https:\/\/chemitool.com\/wp-content\/uploads\/2026\/02\/CHC020402_web.png","type":"image\/png"}],"twitter_card":"summary_large_image","schema":{"@context":"https:\/\/schema.org","@graph":[{"@type":"Organization","@id":"https:\/\/chemitool.com\/#organization","name":"Chemitool","url":"https:\/\/chemitool.com\/","sameAs":["https:\/\/www.facebook.com\/chemitool","https:\/\/www.instagram.com\/chemitool\/"],"logo":{"@type":"ImageObject","@id":"https:\/\/chemitool.com\/#logo","inLanguage":"es","url":"https:\/\/chemitool.com\/wp-content\/uploads\/2020\/10\/logo_chemitool.png","contentUrl":"https:\/\/chemitool.com\/wp-content\/uploads\/2020\/10\/logo_chemitool.png","width":400,"height":400,"caption":"Chemitool"},"image":{"@id":"https:\/\/chemitool.com\/#logo"}},{"@type":"WebSite","@id":"https:\/\/chemitool.com\/#website","url":"https:\/\/chemitool.com\/","name":"Chemitool","description":"Chemitool - hardware and tools","publisher":{"@id":"https:\/\/chemitool.com\/#organization"},"potentialAction":[{"@type":"SearchAction","target":{"@type":"EntryPoint","urlTemplate":"https:\/\/chemitool.com\/?s={search_term_string}"},"query-input":"required name=search_term_string"}],"inLanguage":"es"},{"@type":"ImageObject","@id":"https:\/\/chemitool.com\/es\/products\/chemical-products\/sprays\/automotive-2\/chemisol-spray-limpiador-salpicaderos-alto-brillo\/#primaryimage","inLanguage":"es","url":"https:\/\/chemitool.com\/wp-content\/uploads\/2026\/02\/CHC020402_web.png","contentUrl":"https:\/\/chemitool.com\/wp-content\/uploads\/2026\/02\/CHC020402_web.png","width":800,"height":800},{"@type":"WebPage","@id":"https:\/\/chemitool.com\/es\/products\/chemical-products\/sprays\/automotive-2\/chemisol-spray-limpiador-salpicaderos-alto-brillo\/#webpage","url":"https:\/\/chemitool.com\/es\/products\/chemical-products\/sprays\/automotive-2\/chemisol-spray-limpiador-salpicaderos-alto-brillo\/","name":"SPRAY LIMPIADOR DE SALPICADEROS CHEMISOL (ALTO BRILLO) &ndash; Chemitool","isPartOf":{"@id":"https:\/\/chemitool.com\/#website"},"primaryImageOfPage":{"@id":"https:\/\/chemitool.com\/es\/products\/chemical-products\/sprays\/automotive-2\/chemisol-spray-limpiador-salpicaderos-alto-brillo\/#primaryimage"},"datePublished":"2022-06-20T14:20:45+00:00","dateModified":"2022-06-20T17:37:45+00:00","description":"SAP: CHC020402 Spray Automotive Limpiador de Salpicaderos (Alto Brillo) CHEMISOL es un producto de alto rendimiento. La base de silicona potencia sus propiedades abrillantadoras, hidr\u00f3fugas y antiadherentes, con el fin de abrillantar, reavivar y proteger los pl\u00e1sticos, el cuero y cualquier tipo de salpicadero, impidiendo que se deposite el polvo, dejando el habit\u00e1culo con un ligero aroma fresco.","breadcrumb":{"@id":"https:\/\/chemitool.com\/es\/products\/chemical-products\/sprays\/automotive-2\/chemisol-spray-limpiador-salpicaderos-alto-brillo\/#breadcrumb"},"inLanguage":"es","potentialAction":[{"@type":"ReadAction","target":["https:\/\/chemitool.com\/es\/products\/chemical-products\/sprays\/automotive-2\/chemisol-spray-limpiador-salpicaderos-alto-brillo\/"]}]},{"@type":"BreadcrumbList","@id":"https:\/\/chemitool.com\/es\/products\/chemical-products\/sprays\/automotive-2\/chemisol-spray-limpiador-salpicaderos-alto-brillo\/#breadcrumb","itemListElement":[{"@type":"ListItem","position":1,"name":"Home","item":"https:\/\/chemitool.com\/es\/"},{"@type":"ListItem","position":2,"name":"Productos","item":"https:\/\/chemitool.com\/es\/productos\/"},{"@type":"ListItem","position":3,"name":"Chemicals","item":"https:\/\/chemitool.com\/product-category\/chemical-products\/"},{"@type":"ListItem","position":4,"name":"SPRAY LIMPIADOR DE SALPICADEROS CHEMISOL (ALTO BRILLO)"}]}]}},"_links":{"self":[{"href":"https:\/\/chemitool.com\/es\/wp-json\/wp\/v2\/product\/23532"}],"collection":[{"href":"https:\/\/chemitool.com\/es\/wp-json\/wp\/v2\/product"}],"about":[{"href":"https:\/\/chemitool.com\/es\/wp-json\/wp\/v2\/types\/product"}],"wp:featuredmedia":[{"embeddable":true,"href":"https:\/\/chemitool.com\/es\/wp-json\/wp\/v2\/media\/45285"}],"wp:attachment":[{"href":"https:\/\/chemitool.com\/es\/wp-json\/wp\/v2\/media?parent=23532"}],"wp:term":[{"taxonomy":"product_cat","embeddable":true,"href":"https:\/\/chemitool.com\/es\/wp-json\/wp\/v2\/product_cat?post=23532"},{"taxonomy":"product_tag","embeddable":true,"href":"https:\/\/chemitool.com\/es\/wp-json\/wp\/v2\/product_tag?post=23532"}],"curies":[{"name":"wp","href":"https:\/\/api.w.org\/{rel}","templated":true}]}}