{"id":23307,"date":"2022-06-07T10:49:51","date_gmt":"2022-06-07T10:49:52","guid":{"rendered":"https:\/\/chemitool.com\/?post_type=product&#038;p=23307"},"modified":"2022-06-07T13:30:10","modified_gmt":"2022-06-07T13:30:10","slug":"escalera-aluminio-tripla-aluminio-y-fibra","status":"publish","type":"product","link":"https:\/\/chemitool.com\/es\/products\/tools\/escaleras-y-escaleras-domesticas\/escaleras\/escalera-aluminio-tripla-aluminio-y-fibra\/","title":{"rendered":"ESCALERA ALUMINIO TRIPLA EN ALUMINIO Y FIBRA"},"content":{"rendered":"<p><strong>Caracter\u00edsticas<\/strong><\/p>\n<ul>\n<li>Se compone de 3 parcelas;<\/li>\n<li>2 tramos en aluminio y una rama en fibra de vidrio con aislamiento el\u00e9ctrico;<\/li>\n<li>Transformable en 2 versiones, escalera extensible o escalera de mano;<\/li>\n<li>Construido en tubo de aluminio de 65mmx25mm;<\/li>\n<li>Pelda\u00f1os en tubo de aluminio 30x30mm antideslizantes;<\/li>\n<li>Distancia de 300mm entre pelda\u00f1os;<\/li>\n<li>Pasos firmemente empotrados en las secciones laterales;<\/li>\n<li>Base estabilizadora con pies de goma antideslizantes;<\/li>\n<li>Tiras de pl\u00e1stico en la parte superior de los perfiles;<\/li>\n<li>Grado de inclinaci\u00f3n en uso &#8211; 65\u00ba a 75\u00ba grados;<\/li>\n<li>Sistema de bloqueo de seguridad y montaje r\u00e1pido;<\/li>\n<li>Correas de seguridad para evitar una apertura excesiva;<\/li>\n<li>Sistema de deslizamiento de aluminio colocado en los laterales;<\/li>\n<li>Manguito de seguridad y limitador de extensi\u00f3n;<\/li>\n<\/ul>\n","protected":false},"excerpt":{"rendered":"<p><b class=\"sap-label\">SAP:<\/b> <span class=\"codesap-label\"> CHT200201050350<\/span><\/p>\n<p><em>Escalera Tripla en Aluminio y Fibra CHEMITOOL<\/em> \u00e9s un modelo cl\u00e1sico, robusto, muy resistente y f\u00e1cil de transportar. La escalera requiere varios requisitos de seguridad durante su uso. Es aconsejable comprobarlo antes de cada uso. Disponible en la versi\u00f3n de 2,5 a 4 metros.<\/p>\n","protected":false},"featured_media":23279,"template":"","meta":[],"product_cat":[1456,3616,3596],"product_tag":[],"yoast_head":"<!-- This site is optimized with the Yoast SEO plugin v17.4 - https:\/\/yoast.com\/wordpress\/plugins\/seo\/ -->\n<title>ESCALERA ALUMINIO TRIPLA EN ALUMINIO Y FIBRA &ndash; Chemitool<\/title>\n<meta name=\"description\" content=\"SAP: CHT200201050350  Escalera Tripla en Aluminio y Fibra CHEMITOOL \u00e9s un modelo cl\u00e1sico, robusto, muy resistente y f\u00e1cil de transportar. La escalera requiere varios requisitos de seguridad durante su uso. Es aconsejable comprobarlo antes de cada uso. Disponible en la versi\u00f3n de 2,5 a 4 metros.\" \/>\n<meta name=\"robots\" content=\"index, follow, max-snippet:-1, max-image-preview:large, max-video-preview:-1\" \/>\n<link rel=\"canonical\" href=\"https:\/\/chemitool.com\/es\/products\/tools\/escaleras-y-escaleras-domesticas\/escaleras\/escalera-aluminio-tripla-aluminio-y-fibra\/\" \/>\n<meta property=\"og:locale\" content=\"es_ES\" \/>\n<meta property=\"og:type\" content=\"article\" \/>\n<meta property=\"og:title\" content=\"ESCALERA ALUMINIO TRIPLA EN ALUMINIO Y FIBRA &ndash; Chemitool\" \/>\n<meta property=\"og:description\" content=\"SAP: CHT200201050350  Escalera Tripla en Aluminio y Fibra CHEMITOOL \u00e9s un modelo cl\u00e1sico, robusto, muy resistente y f\u00e1cil de transportar. La escalera requiere varios requisitos de seguridad durante su uso. Es aconsejable comprobarlo antes de cada uso. Disponible en la versi\u00f3n de 2,5 a 4 metros.\" \/>\n<meta property=\"og:url\" content=\"https:\/\/chemitool.com\/es\/products\/tools\/escaleras-y-escaleras-domesticas\/escaleras\/escalera-aluminio-tripla-aluminio-y-fibra\/\" \/>\n<meta property=\"og:site_name\" content=\"Chemitool\" \/>\n<meta property=\"article:publisher\" content=\"https:\/\/www.facebook.com\/chemitool\" \/>\n<meta property=\"article:modified_time\" content=\"2022-06-07T13:30:10+00:00\" \/>\n<meta property=\"og:image\" content=\"https:\/\/chemitool.com\/wp-content\/uploads\/2022\/06\/CHT200201050350_02.png\" \/>\n\t<meta property=\"og:image:width\" content=\"800\" \/>\n\t<meta property=\"og:image:height\" content=\"800\" \/>\n<meta name=\"twitter:card\" content=\"summary_large_image\" \/>\n<meta name=\"twitter:label1\" content=\"Tiempo de lectura\" \/>\n\t<meta name=\"twitter:data1\" content=\"1 minuto\" \/>\n<script type=\"application\/ld+json\" class=\"yoast-schema-graph\">{\"@context\":\"https:\/\/schema.org\",\"@graph\":[{\"@type\":\"Organization\",\"@id\":\"https:\/\/chemitool.com\/#organization\",\"name\":\"Chemitool\",\"url\":\"https:\/\/chemitool.com\/\",\"sameAs\":[\"https:\/\/www.facebook.com\/chemitool\",\"https:\/\/www.instagram.com\/chemitool\/\"],\"logo\":{\"@type\":\"ImageObject\",\"@id\":\"https:\/\/chemitool.com\/#logo\",\"inLanguage\":\"es\",\"url\":\"https:\/\/chemitool.com\/wp-content\/uploads\/2020\/10\/logo_chemitool.png\",\"contentUrl\":\"https:\/\/chemitool.com\/wp-content\/uploads\/2020\/10\/logo_chemitool.png\",\"width\":400,\"height\":400,\"caption\":\"Chemitool\"},\"image\":{\"@id\":\"https:\/\/chemitool.com\/#logo\"}},{\"@type\":\"WebSite\",\"@id\":\"https:\/\/chemitool.com\/#website\",\"url\":\"https:\/\/chemitool.com\/\",\"name\":\"Chemitool\",\"description\":\"Chemitool - hardware and tools\",\"publisher\":{\"@id\":\"https:\/\/chemitool.com\/#organization\"},\"potentialAction\":[{\"@type\":\"SearchAction\",\"target\":{\"@type\":\"EntryPoint\",\"urlTemplate\":\"https:\/\/chemitool.com\/?s={search_term_string}\"},\"query-input\":\"required name=search_term_string\"}],\"inLanguage\":\"es\"},{\"@type\":\"ImageObject\",\"@id\":\"https:\/\/chemitool.com\/es\/products\/tools\/escaleras-y-escaleras-domesticas\/escaleras\/escalera-aluminio-tripla-aluminio-y-fibra\/#primaryimage\",\"inLanguage\":\"es\",\"url\":\"https:\/\/chemitool.com\/wp-content\/uploads\/2022\/06\/CHT200201050350_02.png\",\"contentUrl\":\"https:\/\/chemitool.com\/wp-content\/uploads\/2022\/06\/CHT200201050350_02.png\",\"width\":800,\"height\":800},{\"@type\":\"WebPage\",\"@id\":\"https:\/\/chemitool.com\/es\/products\/tools\/escaleras-y-escaleras-domesticas\/escaleras\/escalera-aluminio-tripla-aluminio-y-fibra\/#webpage\",\"url\":\"https:\/\/chemitool.com\/es\/products\/tools\/escaleras-y-escaleras-domesticas\/escaleras\/escalera-aluminio-tripla-aluminio-y-fibra\/\",\"name\":\"ESCALERA ALUMINIO TRIPLA EN ALUMINIO Y FIBRA &ndash; Chemitool\",\"isPartOf\":{\"@id\":\"https:\/\/chemitool.com\/#website\"},\"primaryImageOfPage\":{\"@id\":\"https:\/\/chemitool.com\/es\/products\/tools\/escaleras-y-escaleras-domesticas\/escaleras\/escalera-aluminio-tripla-aluminio-y-fibra\/#primaryimage\"},\"datePublished\":\"2022-06-07T10:49:52+00:00\",\"dateModified\":\"2022-06-07T13:30:10+00:00\",\"description\":\"SAP: CHT200201050350 Escalera Tripla en Aluminio y Fibra CHEMITOOL \\u00e9s un modelo cl\\u00e1sico, robusto, muy resistente y f\\u00e1cil de transportar. La escalera requiere varios requisitos de seguridad durante su uso. Es aconsejable comprobarlo antes de cada uso. Disponible en la versi\\u00f3n de 2,5 a 4 metros.\",\"breadcrumb\":{\"@id\":\"https:\/\/chemitool.com\/es\/products\/tools\/escaleras-y-escaleras-domesticas\/escaleras\/escalera-aluminio-tripla-aluminio-y-fibra\/#breadcrumb\"},\"inLanguage\":\"es\",\"potentialAction\":[{\"@type\":\"ReadAction\",\"target\":[\"https:\/\/chemitool.com\/es\/products\/tools\/escaleras-y-escaleras-domesticas\/escaleras\/escalera-aluminio-tripla-aluminio-y-fibra\/\"]}]},{\"@type\":\"BreadcrumbList\",\"@id\":\"https:\/\/chemitool.com\/es\/products\/tools\/escaleras-y-escaleras-domesticas\/escaleras\/escalera-aluminio-tripla-aluminio-y-fibra\/#breadcrumb\",\"itemListElement\":[{\"@type\":\"ListItem\",\"position\":1,\"name\":\"Home\",\"item\":\"https:\/\/chemitool.com\/es\/\"},{\"@type\":\"ListItem\",\"position\":2,\"name\":\"Productos\",\"item\":\"https:\/\/chemitool.com\/es\/productos\/\"},{\"@type\":\"ListItem\",\"position\":3,\"name\":\"CHEMICALS\",\"item\":\"https:\/\/chemitool.com\/es\/categoria-producto\/chemicals\/\"},{\"@type\":\"ListItem\",\"position\":4,\"name\":\"ESCALERA ALUMINIO TRIPLA EN ALUMINIO Y FIBRA\"}]}]}<\/script>\n<!-- \/ Yoast SEO plugin. -->","yoast_head_json":{"title":"ESCALERA ALUMINIO TRIPLA EN ALUMINIO Y FIBRA &ndash; Chemitool","description":"SAP: CHT200201050350  Escalera Tripla en Aluminio y Fibra CHEMITOOL \u00e9s un modelo cl\u00e1sico, robusto, muy resistente y f\u00e1cil de transportar. La escalera requiere varios requisitos de seguridad durante su uso. Es aconsejable comprobarlo antes de cada uso. Disponible en la versi\u00f3n de 2,5 a 4 metros.","robots":{"index":"index","follow":"follow","max-snippet":"max-snippet:-1","max-image-preview":"max-image-preview:large","max-video-preview":"max-video-preview:-1"},"canonical":"https:\/\/chemitool.com\/es\/products\/tools\/escaleras-y-escaleras-domesticas\/escaleras\/escalera-aluminio-tripla-aluminio-y-fibra\/","og_locale":"es_ES","og_type":"article","og_title":"ESCALERA ALUMINIO TRIPLA EN ALUMINIO Y FIBRA &ndash; Chemitool","og_description":"SAP: CHT200201050350  Escalera Tripla en Aluminio y Fibra CHEMITOOL \u00e9s un modelo cl\u00e1sico, robusto, muy resistente y f\u00e1cil de transportar. La escalera requiere varios requisitos de seguridad durante su uso. Es aconsejable comprobarlo antes de cada uso. Disponible en la versi\u00f3n de 2,5 a 4 metros.","og_url":"https:\/\/chemitool.com\/es\/products\/tools\/escaleras-y-escaleras-domesticas\/escaleras\/escalera-aluminio-tripla-aluminio-y-fibra\/","og_site_name":"Chemitool","article_publisher":"https:\/\/www.facebook.com\/chemitool","article_modified_time":"2022-06-07T13:30:10+00:00","og_image":[{"width":800,"height":800,"url":"https:\/\/chemitool.com\/wp-content\/uploads\/2022\/06\/CHT200201050350_02.png","type":"image\/png"}],"twitter_card":"summary_large_image","twitter_misc":{"Tiempo de lectura":"1 minuto"},"schema":{"@context":"https:\/\/schema.org","@graph":[{"@type":"Organization","@id":"https:\/\/chemitool.com\/#organization","name":"Chemitool","url":"https:\/\/chemitool.com\/","sameAs":["https:\/\/www.facebook.com\/chemitool","https:\/\/www.instagram.com\/chemitool\/"],"logo":{"@type":"ImageObject","@id":"https:\/\/chemitool.com\/#logo","inLanguage":"es","url":"https:\/\/chemitool.com\/wp-content\/uploads\/2020\/10\/logo_chemitool.png","contentUrl":"https:\/\/chemitool.com\/wp-content\/uploads\/2020\/10\/logo_chemitool.png","width":400,"height":400,"caption":"Chemitool"},"image":{"@id":"https:\/\/chemitool.com\/#logo"}},{"@type":"WebSite","@id":"https:\/\/chemitool.com\/#website","url":"https:\/\/chemitool.com\/","name":"Chemitool","description":"Chemitool - hardware and tools","publisher":{"@id":"https:\/\/chemitool.com\/#organization"},"potentialAction":[{"@type":"SearchAction","target":{"@type":"EntryPoint","urlTemplate":"https:\/\/chemitool.com\/?s={search_term_string}"},"query-input":"required name=search_term_string"}],"inLanguage":"es"},{"@type":"ImageObject","@id":"https:\/\/chemitool.com\/es\/products\/tools\/escaleras-y-escaleras-domesticas\/escaleras\/escalera-aluminio-tripla-aluminio-y-fibra\/#primaryimage","inLanguage":"es","url":"https:\/\/chemitool.com\/wp-content\/uploads\/2022\/06\/CHT200201050350_02.png","contentUrl":"https:\/\/chemitool.com\/wp-content\/uploads\/2022\/06\/CHT200201050350_02.png","width":800,"height":800},{"@type":"WebPage","@id":"https:\/\/chemitool.com\/es\/products\/tools\/escaleras-y-escaleras-domesticas\/escaleras\/escalera-aluminio-tripla-aluminio-y-fibra\/#webpage","url":"https:\/\/chemitool.com\/es\/products\/tools\/escaleras-y-escaleras-domesticas\/escaleras\/escalera-aluminio-tripla-aluminio-y-fibra\/","name":"ESCALERA ALUMINIO TRIPLA EN ALUMINIO Y FIBRA &ndash; Chemitool","isPartOf":{"@id":"https:\/\/chemitool.com\/#website"},"primaryImageOfPage":{"@id":"https:\/\/chemitool.com\/es\/products\/tools\/escaleras-y-escaleras-domesticas\/escaleras\/escalera-aluminio-tripla-aluminio-y-fibra\/#primaryimage"},"datePublished":"2022-06-07T10:49:52+00:00","dateModified":"2022-06-07T13:30:10+00:00","description":"SAP: CHT200201050350 Escalera Tripla en Aluminio y Fibra CHEMITOOL \u00e9s un modelo cl\u00e1sico, robusto, muy resistente y f\u00e1cil de transportar. La escalera requiere varios requisitos de seguridad durante su uso. Es aconsejable comprobarlo antes de cada uso. Disponible en la versi\u00f3n de 2,5 a 4 metros.","breadcrumb":{"@id":"https:\/\/chemitool.com\/es\/products\/tools\/escaleras-y-escaleras-domesticas\/escaleras\/escalera-aluminio-tripla-aluminio-y-fibra\/#breadcrumb"},"inLanguage":"es","potentialAction":[{"@type":"ReadAction","target":["https:\/\/chemitool.com\/es\/products\/tools\/escaleras-y-escaleras-domesticas\/escaleras\/escalera-aluminio-tripla-aluminio-y-fibra\/"]}]},{"@type":"BreadcrumbList","@id":"https:\/\/chemitool.com\/es\/products\/tools\/escaleras-y-escaleras-domesticas\/escaleras\/escalera-aluminio-tripla-aluminio-y-fibra\/#breadcrumb","itemListElement":[{"@type":"ListItem","position":1,"name":"Home","item":"https:\/\/chemitool.com\/es\/"},{"@type":"ListItem","position":2,"name":"Productos","item":"https:\/\/chemitool.com\/es\/productos\/"},{"@type":"ListItem","position":3,"name":"CHEMICALS","item":"https:\/\/chemitool.com\/es\/categoria-producto\/chemicals\/"},{"@type":"ListItem","position":4,"name":"ESCALERA ALUMINIO TRIPLA EN ALUMINIO Y FIBRA"}]}]}},"_links":{"self":[{"href":"https:\/\/chemitool.com\/es\/wp-json\/wp\/v2\/product\/23307"}],"collection":[{"href":"https:\/\/chemitool.com\/es\/wp-json\/wp\/v2\/product"}],"about":[{"href":"https:\/\/chemitool.com\/es\/wp-json\/wp\/v2\/types\/product"}],"wp:featuredmedia":[{"embeddable":true,"href":"https:\/\/chemitool.com\/es\/wp-json\/wp\/v2\/media\/23279"}],"wp:attachment":[{"href":"https:\/\/chemitool.com\/es\/wp-json\/wp\/v2\/media?parent=23307"}],"wp:term":[{"taxonomy":"product_cat","embeddable":true,"href":"https:\/\/chemitool.com\/es\/wp-json\/wp\/v2\/product_cat?post=23307"},{"taxonomy":"product_tag","embeddable":true,"href":"https:\/\/chemitool.com\/es\/wp-json\/wp\/v2\/product_tag?post=23307"}],"curies":[{"name":"wp","href":"https:\/\/api.w.org\/{rel}","templated":true}]}}