{"id":23259,"date":"2022-06-06T15:40:19","date_gmt":"2022-06-06T15:40:26","guid":{"rendered":"https:\/\/chemitool.com\/?post_type=product&#038;p=23259"},"modified":"2022-09-19T10:13:49","modified_gmt":"2022-09-19T10:13:49","slug":"sealbond-35-ms-chemihyb","status":"publish","type":"product","link":"https:\/\/chemitool.com\/es\/products\/chemicals\/adhesivos\/ms-polimero-es\/sealbond-35-ms-chemihyb\/","title":{"rendered":"SEAL&#038;BOND 35 MS CHEMIHYB"},"content":{"rendered":"<p><strong>Ventajas<\/strong><\/p>\n<ul>\n<li>Calidad profesional<\/li>\n<li>Alta resistencia a los rayos UV, a los cambios de temperatura y al envejecimiento<\/li>\n<li>Excelente adherencia en superficies h\u00famedas<\/li>\n<li>Adherencia en varios sustratos<\/li>\n<li>Curado r\u00e1pido y elasticidad permanente<\/li>\n<li>Inodoro, sin disolventes ni isocianatos<\/li>\n<li>Se puede pintar<\/li>\n<li>Puede utilizarse en interiores y exteriores<\/li>\n<li>SHORE 35<\/li>\n<\/ul>\n<p><strong>Aplicaciones<\/strong><\/p>\n<p>Almacenar en un ambiente fresco, seco y bien ventilado, entre +5\u00b0C y +40\u00b0C, lejos del calor y la humedad. Vida \u00fatil 24 meses si se almacena en las condiciones recomendadas, ya que la vida \u00fatil puede acortarse.<\/p>\n","protected":false},"excerpt":{"rendered":"<p><em>Seal&amp;Bond 35<\/em> MS <em>CHEMIHYB <\/em>es un adhesivo el\u00e1stico monocomponente de nueva generaci\u00f3n (modificado con silano), de curado r\u00e1pido y el\u00e1stico.<\/p>\n","protected":false},"featured_media":29994,"template":"","meta":[],"product_cat":[1209,1222,3632],"product_tag":[],"yoast_head":"<!-- This site is optimized with the Yoast SEO plugin v17.4 - https:\/\/yoast.com\/wordpress\/plugins\/seo\/ -->\n<title>SEAL&amp;BOND 35 MS CHEMIHYB &ndash; Chemitool<\/title>\n<meta name=\"description\" content=\"Seal&amp;Bond 35 MS CHEMIHYB es un adhesivo el\u00e1stico monocomponente de nueva generaci\u00f3n (modificado con silano), de curado r\u00e1pido y el\u00e1stico.\" \/>\n<meta name=\"robots\" content=\"index, follow, max-snippet:-1, max-image-preview:large, max-video-preview:-1\" \/>\n<link rel=\"canonical\" href=\"https:\/\/chemitool.com\/es\/products\/chemicals\/adhesivos\/ms-polimero-es\/sealbond-35-ms-chemihyb\/\" \/>\n<meta property=\"og:locale\" content=\"es_ES\" \/>\n<meta property=\"og:type\" content=\"article\" \/>\n<meta property=\"og:title\" content=\"SEAL&amp;BOND 35 MS CHEMIHYB &ndash; Chemitool\" \/>\n<meta property=\"og:description\" content=\"Seal&amp;Bond 35 MS CHEMIHYB es un adhesivo el\u00e1stico monocomponente de nueva generaci\u00f3n (modificado con silano), de curado r\u00e1pido y el\u00e1stico.\" \/>\n<meta property=\"og:url\" content=\"https:\/\/chemitool.com\/es\/products\/chemicals\/adhesivos\/ms-polimero-es\/sealbond-35-ms-chemihyb\/\" \/>\n<meta property=\"og:site_name\" content=\"Chemitool\" \/>\n<meta property=\"article:publisher\" content=\"https:\/\/www.facebook.com\/chemitool\" \/>\n<meta property=\"article:modified_time\" content=\"2022-09-19T10:13:49+00:00\" \/>\n<meta property=\"og:image\" content=\"https:\/\/chemitool.com\/wp-content\/uploads\/2022\/06\/CH0351000.png\" \/>\n\t<meta property=\"og:image:width\" content=\"800\" \/>\n\t<meta property=\"og:image:height\" content=\"800\" \/>\n<meta name=\"twitter:card\" content=\"summary_large_image\" \/>\n<script type=\"application\/ld+json\" class=\"yoast-schema-graph\">{\"@context\":\"https:\/\/schema.org\",\"@graph\":[{\"@type\":\"Organization\",\"@id\":\"https:\/\/chemitool.com\/#organization\",\"name\":\"Chemitool\",\"url\":\"https:\/\/chemitool.com\/\",\"sameAs\":[\"https:\/\/www.facebook.com\/chemitool\",\"https:\/\/www.instagram.com\/chemitool\/\"],\"logo\":{\"@type\":\"ImageObject\",\"@id\":\"https:\/\/chemitool.com\/#logo\",\"inLanguage\":\"es\",\"url\":\"https:\/\/chemitool.com\/wp-content\/uploads\/2020\/10\/logo_chemitool.png\",\"contentUrl\":\"https:\/\/chemitool.com\/wp-content\/uploads\/2020\/10\/logo_chemitool.png\",\"width\":400,\"height\":400,\"caption\":\"Chemitool\"},\"image\":{\"@id\":\"https:\/\/chemitool.com\/#logo\"}},{\"@type\":\"WebSite\",\"@id\":\"https:\/\/chemitool.com\/#website\",\"url\":\"https:\/\/chemitool.com\/\",\"name\":\"Chemitool\",\"description\":\"Chemitool - hardware and tools\",\"publisher\":{\"@id\":\"https:\/\/chemitool.com\/#organization\"},\"potentialAction\":[{\"@type\":\"SearchAction\",\"target\":{\"@type\":\"EntryPoint\",\"urlTemplate\":\"https:\/\/chemitool.com\/?s={search_term_string}\"},\"query-input\":\"required name=search_term_string\"}],\"inLanguage\":\"es\"},{\"@type\":\"ImageObject\",\"@id\":\"https:\/\/chemitool.com\/es\/products\/chemicals\/adhesivos\/ms-polimero-es\/sealbond-35-ms-chemihyb\/#primaryimage\",\"inLanguage\":\"es\",\"url\":\"https:\/\/chemitool.com\/wp-content\/uploads\/2022\/06\/CH0351.png\",\"contentUrl\":\"https:\/\/chemitool.com\/wp-content\/uploads\/2022\/06\/CH0351.png\",\"width\":800,\"height\":800},{\"@type\":\"WebPage\",\"@id\":\"https:\/\/chemitool.com\/es\/products\/chemicals\/adhesivos\/ms-polimero-es\/sealbond-35-ms-chemihyb\/#webpage\",\"url\":\"https:\/\/chemitool.com\/es\/products\/chemicals\/adhesivos\/ms-polimero-es\/sealbond-35-ms-chemihyb\/\",\"name\":\"SEAL&BOND 35 MS CHEMIHYB &ndash; Chemitool\",\"isPartOf\":{\"@id\":\"https:\/\/chemitool.com\/#website\"},\"primaryImageOfPage\":{\"@id\":\"https:\/\/chemitool.com\/es\/products\/chemicals\/adhesivos\/ms-polimero-es\/sealbond-35-ms-chemihyb\/#primaryimage\"},\"datePublished\":\"2022-06-06T15:40:26+00:00\",\"dateModified\":\"2022-09-19T10:13:49+00:00\",\"description\":\"Seal&amp;Bond 35 MS CHEMIHYB es un adhesivo el\\u00e1stico monocomponente de nueva generaci\\u00f3n (modificado con silano), de curado r\\u00e1pido y el\\u00e1stico.\",\"breadcrumb\":{\"@id\":\"https:\/\/chemitool.com\/es\/products\/chemicals\/adhesivos\/ms-polimero-es\/sealbond-35-ms-chemihyb\/#breadcrumb\"},\"inLanguage\":\"es\",\"potentialAction\":[{\"@type\":\"ReadAction\",\"target\":[\"https:\/\/chemitool.com\/es\/products\/chemicals\/adhesivos\/ms-polimero-es\/sealbond-35-ms-chemihyb\/\"]}]},{\"@type\":\"BreadcrumbList\",\"@id\":\"https:\/\/chemitool.com\/es\/products\/chemicals\/adhesivos\/ms-polimero-es\/sealbond-35-ms-chemihyb\/#breadcrumb\",\"itemListElement\":[{\"@type\":\"ListItem\",\"position\":1,\"name\":\"Home\",\"item\":\"https:\/\/chemitool.com\/es\/\"},{\"@type\":\"ListItem\",\"position\":2,\"name\":\"Productos\",\"item\":\"https:\/\/chemitool.com\/es\/productos\/\"},{\"@type\":\"ListItem\",\"position\":3,\"name\":\"CHEMICALS\",\"item\":\"https:\/\/chemitool.com\/es\/categoria-producto\/chemicals\/\"},{\"@type\":\"ListItem\",\"position\":4,\"name\":\"SEAL&#038;BOND 35 MS CHEMIHYB\"}]}]}<\/script>\n<!-- \/ Yoast SEO plugin. -->","yoast_head_json":{"title":"SEAL&BOND 35 MS CHEMIHYB &ndash; Chemitool","description":"Seal&amp;Bond 35 MS CHEMIHYB es un adhesivo el\u00e1stico monocomponente de nueva generaci\u00f3n (modificado con silano), de curado r\u00e1pido y el\u00e1stico.","robots":{"index":"index","follow":"follow","max-snippet":"max-snippet:-1","max-image-preview":"max-image-preview:large","max-video-preview":"max-video-preview:-1"},"canonical":"https:\/\/chemitool.com\/es\/products\/chemicals\/adhesivos\/ms-polimero-es\/sealbond-35-ms-chemihyb\/","og_locale":"es_ES","og_type":"article","og_title":"SEAL&BOND 35 MS CHEMIHYB &ndash; Chemitool","og_description":"Seal&amp;Bond 35 MS CHEMIHYB es un adhesivo el\u00e1stico monocomponente de nueva generaci\u00f3n (modificado con silano), de curado r\u00e1pido y el\u00e1stico.","og_url":"https:\/\/chemitool.com\/es\/products\/chemicals\/adhesivos\/ms-polimero-es\/sealbond-35-ms-chemihyb\/","og_site_name":"Chemitool","article_publisher":"https:\/\/www.facebook.com\/chemitool","article_modified_time":"2022-09-19T10:13:49+00:00","og_image":[{"width":800,"height":800,"url":"https:\/\/chemitool.com\/wp-content\/uploads\/2022\/06\/CH0351000.png","type":"image\/png"}],"twitter_card":"summary_large_image","schema":{"@context":"https:\/\/schema.org","@graph":[{"@type":"Organization","@id":"https:\/\/chemitool.com\/#organization","name":"Chemitool","url":"https:\/\/chemitool.com\/","sameAs":["https:\/\/www.facebook.com\/chemitool","https:\/\/www.instagram.com\/chemitool\/"],"logo":{"@type":"ImageObject","@id":"https:\/\/chemitool.com\/#logo","inLanguage":"es","url":"https:\/\/chemitool.com\/wp-content\/uploads\/2020\/10\/logo_chemitool.png","contentUrl":"https:\/\/chemitool.com\/wp-content\/uploads\/2020\/10\/logo_chemitool.png","width":400,"height":400,"caption":"Chemitool"},"image":{"@id":"https:\/\/chemitool.com\/#logo"}},{"@type":"WebSite","@id":"https:\/\/chemitool.com\/#website","url":"https:\/\/chemitool.com\/","name":"Chemitool","description":"Chemitool - hardware and tools","publisher":{"@id":"https:\/\/chemitool.com\/#organization"},"potentialAction":[{"@type":"SearchAction","target":{"@type":"EntryPoint","urlTemplate":"https:\/\/chemitool.com\/?s={search_term_string}"},"query-input":"required name=search_term_string"}],"inLanguage":"es"},{"@type":"ImageObject","@id":"https:\/\/chemitool.com\/es\/products\/chemicals\/adhesivos\/ms-polimero-es\/sealbond-35-ms-chemihyb\/#primaryimage","inLanguage":"es","url":"https:\/\/chemitool.com\/wp-content\/uploads\/2022\/06\/CH0351.png","contentUrl":"https:\/\/chemitool.com\/wp-content\/uploads\/2022\/06\/CH0351.png","width":800,"height":800},{"@type":"WebPage","@id":"https:\/\/chemitool.com\/es\/products\/chemicals\/adhesivos\/ms-polimero-es\/sealbond-35-ms-chemihyb\/#webpage","url":"https:\/\/chemitool.com\/es\/products\/chemicals\/adhesivos\/ms-polimero-es\/sealbond-35-ms-chemihyb\/","name":"SEAL&BOND 35 MS CHEMIHYB &ndash; Chemitool","isPartOf":{"@id":"https:\/\/chemitool.com\/#website"},"primaryImageOfPage":{"@id":"https:\/\/chemitool.com\/es\/products\/chemicals\/adhesivos\/ms-polimero-es\/sealbond-35-ms-chemihyb\/#primaryimage"},"datePublished":"2022-06-06T15:40:26+00:00","dateModified":"2022-09-19T10:13:49+00:00","description":"Seal&amp;Bond 35 MS CHEMIHYB es un adhesivo el\u00e1stico monocomponente de nueva generaci\u00f3n (modificado con silano), de curado r\u00e1pido y el\u00e1stico.","breadcrumb":{"@id":"https:\/\/chemitool.com\/es\/products\/chemicals\/adhesivos\/ms-polimero-es\/sealbond-35-ms-chemihyb\/#breadcrumb"},"inLanguage":"es","potentialAction":[{"@type":"ReadAction","target":["https:\/\/chemitool.com\/es\/products\/chemicals\/adhesivos\/ms-polimero-es\/sealbond-35-ms-chemihyb\/"]}]},{"@type":"BreadcrumbList","@id":"https:\/\/chemitool.com\/es\/products\/chemicals\/adhesivos\/ms-polimero-es\/sealbond-35-ms-chemihyb\/#breadcrumb","itemListElement":[{"@type":"ListItem","position":1,"name":"Home","item":"https:\/\/chemitool.com\/es\/"},{"@type":"ListItem","position":2,"name":"Productos","item":"https:\/\/chemitool.com\/es\/productos\/"},{"@type":"ListItem","position":3,"name":"CHEMICALS","item":"https:\/\/chemitool.com\/es\/categoria-producto\/chemicals\/"},{"@type":"ListItem","position":4,"name":"SEAL&#038;BOND 35 MS CHEMIHYB"}]}]}},"_links":{"self":[{"href":"https:\/\/chemitool.com\/es\/wp-json\/wp\/v2\/product\/23259"}],"collection":[{"href":"https:\/\/chemitool.com\/es\/wp-json\/wp\/v2\/product"}],"about":[{"href":"https:\/\/chemitool.com\/es\/wp-json\/wp\/v2\/types\/product"}],"wp:featuredmedia":[{"embeddable":true,"href":"https:\/\/chemitool.com\/es\/wp-json\/wp\/v2\/media\/29994"}],"wp:attachment":[{"href":"https:\/\/chemitool.com\/es\/wp-json\/wp\/v2\/media?parent=23259"}],"wp:term":[{"taxonomy":"product_cat","embeddable":true,"href":"https:\/\/chemitool.com\/es\/wp-json\/wp\/v2\/product_cat?post=23259"},{"taxonomy":"product_tag","embeddable":true,"href":"https:\/\/chemitool.com\/es\/wp-json\/wp\/v2\/product_tag?post=23259"}],"curies":[{"name":"wp","href":"https:\/\/api.w.org\/{rel}","templated":true}]}}