{"id":23064,"date":"2022-06-02T16:44:40","date_gmt":"2022-06-02T16:44:47","guid":{"rendered":"https:\/\/chemitool.com\/?post_type=product&#038;p=23064"},"modified":"2023-01-24T11:48:48","modified_gmt":"2023-01-24T11:48:48","slug":"rodillo-angora","status":"publish","type":"product","link":"https:\/\/chemitool.com\/es\/products\/tools\/pintura-es\/rodillo-angora\/","title":{"rendered":"RODILLO ANGORA"},"content":{"rendered":"<ul>\n<li><strong>Tejido:<\/strong> 100% lana pura<\/li>\n<li><strong>Altura:<\/strong> 4,5 mm<\/li>\n<li><strong>Color:<\/strong> crudo<\/li>\n<li><strong>Di\u00e1metro: <\/strong>16 mm | 45 mm<\/li>\n<li><strong>Cabo:<\/strong> Bimaterial<\/li>\n<\/ul>\n<p><strong>Aplicaciones<\/strong><\/p>\n<p>Adecuado para esmaltes y barnices sint\u00e9ticos en superficies lisas como la madera y el metal. Excelente cobertura excelente. Este mini rodillo de pintura est\u00e1 pensado para esmaltar y barnizar y se recomienda su uso en madera, parqu\u00e9 y superficies met\u00e1licas. Dispone de un sistema antigoteo proporcionando un acabado perfecto y fino. Adecuado para pinturas al agua. Este rodillo de pintura tiene un dise\u00f1o ergon\u00f3mico. Mango ergon\u00f3mico antideslizante y muy c\u00f3modo.<\/p>\n","protected":false},"excerpt":{"rendered":"<p><em>Rodillo Angora CHEMITOOL<\/em> ideal para aplicar esmaltes y barnices sint\u00e9ticos en peque\u00f1as superficies. Permite un acabado fino.<\/p>\n","protected":false},"featured_media":23087,"template":"","meta":[],"product_cat":[1456,3668],"product_tag":[],"yoast_head":"<!-- This site is optimized with the Yoast SEO plugin v17.4 - https:\/\/yoast.com\/wordpress\/plugins\/seo\/ -->\n<title>RODILLO ANGORA &ndash; Chemitool<\/title>\n<meta name=\"description\" content=\"Rodillo Angora CHEMITOOL ideal para aplicar esmaltes y barnices sint\u00e9ticos en peque\u00f1as superficies. Permite un acabado fino.\" \/>\n<meta name=\"robots\" content=\"index, follow, max-snippet:-1, max-image-preview:large, max-video-preview:-1\" \/>\n<link rel=\"canonical\" href=\"https:\/\/chemitool.com\/es\/products\/tools\/pintura-es\/rodillo-angora\/\" \/>\n<meta property=\"og:locale\" content=\"es_ES\" \/>\n<meta property=\"og:type\" content=\"article\" \/>\n<meta property=\"og:title\" content=\"RODILLO ANGORA &ndash; Chemitool\" \/>\n<meta property=\"og:description\" content=\"Rodillo Angora CHEMITOOL ideal para aplicar esmaltes y barnices sint\u00e9ticos en peque\u00f1as superficies. Permite un acabado fino.\" \/>\n<meta property=\"og:url\" content=\"https:\/\/chemitool.com\/es\/products\/tools\/pintura-es\/rodillo-angora\/\" \/>\n<meta property=\"og:site_name\" content=\"Chemitool\" \/>\n<meta property=\"article:publisher\" content=\"https:\/\/www.facebook.com\/chemitool\" \/>\n<meta property=\"article:modified_time\" content=\"2023-01-24T11:48:48+00:00\" \/>\n<meta property=\"og:image\" content=\"https:\/\/chemitool.com\/wp-content\/uploads\/2022\/06\/CHT200103000.png\" \/>\n\t<meta property=\"og:image:width\" content=\"800\" \/>\n\t<meta property=\"og:image:height\" content=\"800\" \/>\n<meta name=\"twitter:card\" content=\"summary_large_image\" \/>\n<script type=\"application\/ld+json\" class=\"yoast-schema-graph\">{\"@context\":\"https:\/\/schema.org\",\"@graph\":[{\"@type\":\"Organization\",\"@id\":\"https:\/\/chemitool.com\/#organization\",\"name\":\"Chemitool\",\"url\":\"https:\/\/chemitool.com\/\",\"sameAs\":[\"https:\/\/www.facebook.com\/chemitool\",\"https:\/\/www.instagram.com\/chemitool\/\"],\"logo\":{\"@type\":\"ImageObject\",\"@id\":\"https:\/\/chemitool.com\/#logo\",\"inLanguage\":\"es\",\"url\":\"https:\/\/chemitool.com\/wp-content\/uploads\/2020\/10\/logo_chemitool.png\",\"contentUrl\":\"https:\/\/chemitool.com\/wp-content\/uploads\/2020\/10\/logo_chemitool.png\",\"width\":400,\"height\":400,\"caption\":\"Chemitool\"},\"image\":{\"@id\":\"https:\/\/chemitool.com\/#logo\"}},{\"@type\":\"WebSite\",\"@id\":\"https:\/\/chemitool.com\/#website\",\"url\":\"https:\/\/chemitool.com\/\",\"name\":\"Chemitool\",\"description\":\"Chemitool - hardware and tools\",\"publisher\":{\"@id\":\"https:\/\/chemitool.com\/#organization\"},\"potentialAction\":[{\"@type\":\"SearchAction\",\"target\":{\"@type\":\"EntryPoint\",\"urlTemplate\":\"https:\/\/chemitool.com\/?s={search_term_string}\"},\"query-input\":\"required name=search_term_string\"}],\"inLanguage\":\"es\"},{\"@type\":\"ImageObject\",\"@id\":\"https:\/\/chemitool.com\/es\/products\/tools\/pintura-es\/rodillo-angora\/#primaryimage\",\"inLanguage\":\"es\",\"url\":\"https:\/\/chemitool.com\/wp-content\/uploads\/2022\/06\/CHT200103000.png\",\"contentUrl\":\"https:\/\/chemitool.com\/wp-content\/uploads\/2022\/06\/CHT200103000.png\",\"width\":800,\"height\":800},{\"@type\":\"WebPage\",\"@id\":\"https:\/\/chemitool.com\/es\/products\/tools\/pintura-es\/rodillo-angora\/#webpage\",\"url\":\"https:\/\/chemitool.com\/es\/products\/tools\/pintura-es\/rodillo-angora\/\",\"name\":\"RODILLO ANGORA &ndash; Chemitool\",\"isPartOf\":{\"@id\":\"https:\/\/chemitool.com\/#website\"},\"primaryImageOfPage\":{\"@id\":\"https:\/\/chemitool.com\/es\/products\/tools\/pintura-es\/rodillo-angora\/#primaryimage\"},\"datePublished\":\"2022-06-02T16:44:47+00:00\",\"dateModified\":\"2023-01-24T11:48:48+00:00\",\"description\":\"Rodillo Angora CHEMITOOL ideal para aplicar esmaltes y barnices sint\\u00e9ticos en peque\\u00f1as superficies. Permite un acabado fino.\",\"breadcrumb\":{\"@id\":\"https:\/\/chemitool.com\/es\/products\/tools\/pintura-es\/rodillo-angora\/#breadcrumb\"},\"inLanguage\":\"es\",\"potentialAction\":[{\"@type\":\"ReadAction\",\"target\":[\"https:\/\/chemitool.com\/es\/products\/tools\/pintura-es\/rodillo-angora\/\"]}]},{\"@type\":\"BreadcrumbList\",\"@id\":\"https:\/\/chemitool.com\/es\/products\/tools\/pintura-es\/rodillo-angora\/#breadcrumb\",\"itemListElement\":[{\"@type\":\"ListItem\",\"position\":1,\"name\":\"Home\",\"item\":\"https:\/\/chemitool.com\/es\/\"},{\"@type\":\"ListItem\",\"position\":2,\"name\":\"Productos\",\"item\":\"https:\/\/chemitool.com\/es\/productos\/\"},{\"@type\":\"ListItem\",\"position\":3,\"name\":\"CHEMICALS\",\"item\":\"https:\/\/chemitool.com\/es\/categoria-producto\/chemicals\/\"},{\"@type\":\"ListItem\",\"position\":4,\"name\":\"RODILLO ANGORA\"}]}]}<\/script>\n<!-- \/ Yoast SEO plugin. -->","yoast_head_json":{"title":"RODILLO ANGORA &ndash; Chemitool","description":"Rodillo Angora CHEMITOOL ideal para aplicar esmaltes y barnices sint\u00e9ticos en peque\u00f1as superficies. Permite un acabado fino.","robots":{"index":"index","follow":"follow","max-snippet":"max-snippet:-1","max-image-preview":"max-image-preview:large","max-video-preview":"max-video-preview:-1"},"canonical":"https:\/\/chemitool.com\/es\/products\/tools\/pintura-es\/rodillo-angora\/","og_locale":"es_ES","og_type":"article","og_title":"RODILLO ANGORA &ndash; Chemitool","og_description":"Rodillo Angora CHEMITOOL ideal para aplicar esmaltes y barnices sint\u00e9ticos en peque\u00f1as superficies. Permite un acabado fino.","og_url":"https:\/\/chemitool.com\/es\/products\/tools\/pintura-es\/rodillo-angora\/","og_site_name":"Chemitool","article_publisher":"https:\/\/www.facebook.com\/chemitool","article_modified_time":"2023-01-24T11:48:48+00:00","og_image":[{"width":800,"height":800,"url":"https:\/\/chemitool.com\/wp-content\/uploads\/2022\/06\/CHT200103000.png","type":"image\/png"}],"twitter_card":"summary_large_image","schema":{"@context":"https:\/\/schema.org","@graph":[{"@type":"Organization","@id":"https:\/\/chemitool.com\/#organization","name":"Chemitool","url":"https:\/\/chemitool.com\/","sameAs":["https:\/\/www.facebook.com\/chemitool","https:\/\/www.instagram.com\/chemitool\/"],"logo":{"@type":"ImageObject","@id":"https:\/\/chemitool.com\/#logo","inLanguage":"es","url":"https:\/\/chemitool.com\/wp-content\/uploads\/2020\/10\/logo_chemitool.png","contentUrl":"https:\/\/chemitool.com\/wp-content\/uploads\/2020\/10\/logo_chemitool.png","width":400,"height":400,"caption":"Chemitool"},"image":{"@id":"https:\/\/chemitool.com\/#logo"}},{"@type":"WebSite","@id":"https:\/\/chemitool.com\/#website","url":"https:\/\/chemitool.com\/","name":"Chemitool","description":"Chemitool - hardware and tools","publisher":{"@id":"https:\/\/chemitool.com\/#organization"},"potentialAction":[{"@type":"SearchAction","target":{"@type":"EntryPoint","urlTemplate":"https:\/\/chemitool.com\/?s={search_term_string}"},"query-input":"required name=search_term_string"}],"inLanguage":"es"},{"@type":"ImageObject","@id":"https:\/\/chemitool.com\/es\/products\/tools\/pintura-es\/rodillo-angora\/#primaryimage","inLanguage":"es","url":"https:\/\/chemitool.com\/wp-content\/uploads\/2022\/06\/CHT200103000.png","contentUrl":"https:\/\/chemitool.com\/wp-content\/uploads\/2022\/06\/CHT200103000.png","width":800,"height":800},{"@type":"WebPage","@id":"https:\/\/chemitool.com\/es\/products\/tools\/pintura-es\/rodillo-angora\/#webpage","url":"https:\/\/chemitool.com\/es\/products\/tools\/pintura-es\/rodillo-angora\/","name":"RODILLO ANGORA &ndash; Chemitool","isPartOf":{"@id":"https:\/\/chemitool.com\/#website"},"primaryImageOfPage":{"@id":"https:\/\/chemitool.com\/es\/products\/tools\/pintura-es\/rodillo-angora\/#primaryimage"},"datePublished":"2022-06-02T16:44:47+00:00","dateModified":"2023-01-24T11:48:48+00:00","description":"Rodillo Angora CHEMITOOL ideal para aplicar esmaltes y barnices sint\u00e9ticos en peque\u00f1as superficies. Permite un acabado fino.","breadcrumb":{"@id":"https:\/\/chemitool.com\/es\/products\/tools\/pintura-es\/rodillo-angora\/#breadcrumb"},"inLanguage":"es","potentialAction":[{"@type":"ReadAction","target":["https:\/\/chemitool.com\/es\/products\/tools\/pintura-es\/rodillo-angora\/"]}]},{"@type":"BreadcrumbList","@id":"https:\/\/chemitool.com\/es\/products\/tools\/pintura-es\/rodillo-angora\/#breadcrumb","itemListElement":[{"@type":"ListItem","position":1,"name":"Home","item":"https:\/\/chemitool.com\/es\/"},{"@type":"ListItem","position":2,"name":"Productos","item":"https:\/\/chemitool.com\/es\/productos\/"},{"@type":"ListItem","position":3,"name":"CHEMICALS","item":"https:\/\/chemitool.com\/es\/categoria-producto\/chemicals\/"},{"@type":"ListItem","position":4,"name":"RODILLO ANGORA"}]}]}},"_links":{"self":[{"href":"https:\/\/chemitool.com\/es\/wp-json\/wp\/v2\/product\/23064"}],"collection":[{"href":"https:\/\/chemitool.com\/es\/wp-json\/wp\/v2\/product"}],"about":[{"href":"https:\/\/chemitool.com\/es\/wp-json\/wp\/v2\/types\/product"}],"wp:featuredmedia":[{"embeddable":true,"href":"https:\/\/chemitool.com\/es\/wp-json\/wp\/v2\/media\/23087"}],"wp:attachment":[{"href":"https:\/\/chemitool.com\/es\/wp-json\/wp\/v2\/media?parent=23064"}],"wp:term":[{"taxonomy":"product_cat","embeddable":true,"href":"https:\/\/chemitool.com\/es\/wp-json\/wp\/v2\/product_cat?post=23064"},{"taxonomy":"product_tag","embeddable":true,"href":"https:\/\/chemitool.com\/es\/wp-json\/wp\/v2\/product_tag?post=23064"}],"curies":[{"name":"wp","href":"https:\/\/api.w.org\/{rel}","templated":true}]}}