{"id":22968,"date":"2022-05-30T15:22:16","date_gmt":"2022-05-30T15:22:16","guid":{"rendered":"https:\/\/chemitool.com\/?post_type=product&#038;p=22968"},"modified":"2022-07-05T09:23:20","modified_gmt":"2022-07-05T09:23:20","slug":"rotulador-de-retoque-aluminio","status":"publish","type":"product","link":"https:\/\/chemitool.com\/es\/products\/chemicals\/pintura-acrilica-es\/rotulador-de-retoque-aluminio\/","title":{"rendered":"ROTULADOR DE RETOQUE ALUM\u00cdNIO"},"content":{"rendered":"<p><strong>CARACTER\u00cdSTICAS <\/strong><\/p>\n<ul>\n<li>Resistente a la intemperie y a los rayos UV, no se desvanece<\/li>\n<li>Excelente adherencia, cobertura y relleno<\/li>\n<li>Alta calidad del acr\u00edlico<\/li>\n<li>Muy buena combinaci\u00f3n de colores<\/li>\n<li>Brillo de larga duraci\u00f3n<\/li>\n<li>Alta dureza superficial y buena elasticidad<\/li>\n<li>Buena fluidez, superficie lisa<\/li>\n<li>Secado r\u00e1pido<\/li>\n<li>Adecuado para aplicaciones interiores y exteriores<\/li>\n<li>Superficie pulida y resistente a la suciedad<\/li>\n<li>Resistente a los ara\u00f1azos, los golpes y los impactos<\/li>\n<\/ul>\n<p><strong>Aplicaciones<\/strong><\/p>\n<p>Lubricante en gel, especialmente desarrollado para el tendido de diversos tipos de cables, ya sean el\u00e9ctricos, de telecomunicaciones, de fibra \u00f3ptica o de otro tipo utilizados en la construcci\u00f3n. Elimina el 80% de la fricci\u00f3n entre los cables y los conductos, facilitando la instalaci\u00f3n y la posterior manipulaci\u00f3n.<\/p>\n","protected":false},"excerpt":{"rendered":"<p><em>Rotulador de Retoque Alum\u00ednio CHEMIBRUSH &#8211; <\/em>Pintura acr\u00edlica de alto rendimiento, ideal para lacar o retocar piezas de aluminio y metal, de excelente calidad. Aplicable en metal, madera, vidrio, piedra, cer\u00e1mica, caja de cart\u00f3n y muchos pl\u00e1sticos duros recubribles.<\/p>\n","protected":false},"featured_media":22973,"template":"","meta":[],"product_cat":[1209,4002],"product_tag":[],"yoast_head":"<!-- This site is optimized with the Yoast SEO plugin v17.4 - https:\/\/yoast.com\/wordpress\/plugins\/seo\/ -->\n<title>ROTULADOR DE RETOQUE ALUM\u00cdNIO &ndash; Chemitool<\/title>\n<meta name=\"description\" content=\"Rotulador de Retoque Alum\u00ednio CHEMIBRUSH - Pintura acr\u00edlica de alto rendimiento, ideal para lacar o retocar piezas de aluminio y metal, de excelente calidad. Aplicable en metal, madera, vidrio, piedra, cer\u00e1mica, caja de cart\u00f3n y muchos pl\u00e1sticos duros recubribles.\" \/>\n<meta name=\"robots\" content=\"index, follow, max-snippet:-1, max-image-preview:large, max-video-preview:-1\" \/>\n<link rel=\"canonical\" href=\"https:\/\/chemitool.com\/es\/products\/chemicals\/pintura-acrilica-es\/rotulador-de-retoque-aluminio\/\" \/>\n<meta property=\"og:locale\" content=\"es_ES\" \/>\n<meta property=\"og:type\" content=\"article\" \/>\n<meta property=\"og:title\" content=\"ROTULADOR DE RETOQUE ALUM\u00cdNIO &ndash; Chemitool\" \/>\n<meta property=\"og:description\" content=\"Rotulador de Retoque Alum\u00ednio CHEMIBRUSH - Pintura acr\u00edlica de alto rendimiento, ideal para lacar o retocar piezas de aluminio y metal, de excelente calidad. Aplicable en metal, madera, vidrio, piedra, cer\u00e1mica, caja de cart\u00f3n y muchos pl\u00e1sticos duros recubribles.\" \/>\n<meta property=\"og:url\" content=\"https:\/\/chemitool.com\/es\/products\/chemicals\/pintura-acrilica-es\/rotulador-de-retoque-aluminio\/\" \/>\n<meta property=\"og:site_name\" content=\"Chemitool\" \/>\n<meta property=\"article:publisher\" content=\"https:\/\/www.facebook.com\/chemitool\" \/>\n<meta property=\"article:modified_time\" content=\"2022-07-05T09:23:20+00:00\" \/>\n<meta property=\"og:image\" content=\"https:\/\/chemitool.com\/wp-content\/uploads\/2022\/05\/CHC390.png\" \/>\n\t<meta property=\"og:image:width\" content=\"800\" \/>\n\t<meta property=\"og:image:height\" content=\"800\" \/>\n<meta name=\"twitter:card\" content=\"summary_large_image\" \/>\n<meta name=\"twitter:label1\" content=\"Tiempo de lectura\" \/>\n\t<meta name=\"twitter:data1\" content=\"1 minuto\" \/>\n<script type=\"application\/ld+json\" class=\"yoast-schema-graph\">{\"@context\":\"https:\/\/schema.org\",\"@graph\":[{\"@type\":\"Organization\",\"@id\":\"https:\/\/chemitool.com\/#organization\",\"name\":\"Chemitool\",\"url\":\"https:\/\/chemitool.com\/\",\"sameAs\":[\"https:\/\/www.facebook.com\/chemitool\",\"https:\/\/www.instagram.com\/chemitool\/\"],\"logo\":{\"@type\":\"ImageObject\",\"@id\":\"https:\/\/chemitool.com\/#logo\",\"inLanguage\":\"es\",\"url\":\"https:\/\/chemitool.com\/wp-content\/uploads\/2020\/10\/logo_chemitool.png\",\"contentUrl\":\"https:\/\/chemitool.com\/wp-content\/uploads\/2020\/10\/logo_chemitool.png\",\"width\":400,\"height\":400,\"caption\":\"Chemitool\"},\"image\":{\"@id\":\"https:\/\/chemitool.com\/#logo\"}},{\"@type\":\"WebSite\",\"@id\":\"https:\/\/chemitool.com\/#website\",\"url\":\"https:\/\/chemitool.com\/\",\"name\":\"Chemitool\",\"description\":\"Chemitool - hardware and tools\",\"publisher\":{\"@id\":\"https:\/\/chemitool.com\/#organization\"},\"potentialAction\":[{\"@type\":\"SearchAction\",\"target\":{\"@type\":\"EntryPoint\",\"urlTemplate\":\"https:\/\/chemitool.com\/?s={search_term_string}\"},\"query-input\":\"required name=search_term_string\"}],\"inLanguage\":\"es\"},{\"@type\":\"ImageObject\",\"@id\":\"https:\/\/chemitool.com\/es\/products\/chemicals\/pintura-acrilica-es\/rotulador-de-retoque-aluminio\/#primaryimage\",\"inLanguage\":\"es\",\"url\":\"https:\/\/chemitool.com\/wp-content\/uploads\/2022\/05\/CHC390.png\",\"contentUrl\":\"https:\/\/chemitool.com\/wp-content\/uploads\/2022\/05\/CHC390.png\",\"width\":800,\"height\":800},{\"@type\":\"WebPage\",\"@id\":\"https:\/\/chemitool.com\/es\/products\/chemicals\/pintura-acrilica-es\/rotulador-de-retoque-aluminio\/#webpage\",\"url\":\"https:\/\/chemitool.com\/es\/products\/chemicals\/pintura-acrilica-es\/rotulador-de-retoque-aluminio\/\",\"name\":\"ROTULADOR DE RETOQUE ALUM\\u00cdNIO &ndash; Chemitool\",\"isPartOf\":{\"@id\":\"https:\/\/chemitool.com\/#website\"},\"primaryImageOfPage\":{\"@id\":\"https:\/\/chemitool.com\/es\/products\/chemicals\/pintura-acrilica-es\/rotulador-de-retoque-aluminio\/#primaryimage\"},\"datePublished\":\"2022-05-30T15:22:16+00:00\",\"dateModified\":\"2022-07-05T09:23:20+00:00\",\"description\":\"Rotulador de Retoque Alum\\u00ednio CHEMIBRUSH - Pintura acr\\u00edlica de alto rendimiento, ideal para lacar o retocar piezas de aluminio y metal, de excelente calidad. Aplicable en metal, madera, vidrio, piedra, cer\\u00e1mica, caja de cart\\u00f3n y muchos pl\\u00e1sticos duros recubribles.\",\"breadcrumb\":{\"@id\":\"https:\/\/chemitool.com\/es\/products\/chemicals\/pintura-acrilica-es\/rotulador-de-retoque-aluminio\/#breadcrumb\"},\"inLanguage\":\"es\",\"potentialAction\":[{\"@type\":\"ReadAction\",\"target\":[\"https:\/\/chemitool.com\/es\/products\/chemicals\/pintura-acrilica-es\/rotulador-de-retoque-aluminio\/\"]}]},{\"@type\":\"BreadcrumbList\",\"@id\":\"https:\/\/chemitool.com\/es\/products\/chemicals\/pintura-acrilica-es\/rotulador-de-retoque-aluminio\/#breadcrumb\",\"itemListElement\":[{\"@type\":\"ListItem\",\"position\":1,\"name\":\"Home\",\"item\":\"https:\/\/chemitool.com\/es\/\"},{\"@type\":\"ListItem\",\"position\":2,\"name\":\"Productos\",\"item\":\"https:\/\/chemitool.com\/es\/productos\/\"},{\"@type\":\"ListItem\",\"position\":3,\"name\":\"CHEMICALS\",\"item\":\"https:\/\/chemitool.com\/es\/categoria-producto\/chemicals\/\"},{\"@type\":\"ListItem\",\"position\":4,\"name\":\"ROTULADOR DE RETOQUE ALUM\\u00cdNIO\"}]}]}<\/script>\n<!-- \/ Yoast SEO plugin. -->","yoast_head_json":{"title":"ROTULADOR DE RETOQUE ALUM\u00cdNIO &ndash; Chemitool","description":"Rotulador de Retoque Alum\u00ednio CHEMIBRUSH - Pintura acr\u00edlica de alto rendimiento, ideal para lacar o retocar piezas de aluminio y metal, de excelente calidad. Aplicable en metal, madera, vidrio, piedra, cer\u00e1mica, caja de cart\u00f3n y muchos pl\u00e1sticos duros recubribles.","robots":{"index":"index","follow":"follow","max-snippet":"max-snippet:-1","max-image-preview":"max-image-preview:large","max-video-preview":"max-video-preview:-1"},"canonical":"https:\/\/chemitool.com\/es\/products\/chemicals\/pintura-acrilica-es\/rotulador-de-retoque-aluminio\/","og_locale":"es_ES","og_type":"article","og_title":"ROTULADOR DE RETOQUE ALUM\u00cdNIO &ndash; Chemitool","og_description":"Rotulador de Retoque Alum\u00ednio CHEMIBRUSH - Pintura acr\u00edlica de alto rendimiento, ideal para lacar o retocar piezas de aluminio y metal, de excelente calidad. Aplicable en metal, madera, vidrio, piedra, cer\u00e1mica, caja de cart\u00f3n y muchos pl\u00e1sticos duros recubribles.","og_url":"https:\/\/chemitool.com\/es\/products\/chemicals\/pintura-acrilica-es\/rotulador-de-retoque-aluminio\/","og_site_name":"Chemitool","article_publisher":"https:\/\/www.facebook.com\/chemitool","article_modified_time":"2022-07-05T09:23:20+00:00","og_image":[{"width":800,"height":800,"url":"https:\/\/chemitool.com\/wp-content\/uploads\/2022\/05\/CHC390.png","type":"image\/png"}],"twitter_card":"summary_large_image","twitter_misc":{"Tiempo de lectura":"1 minuto"},"schema":{"@context":"https:\/\/schema.org","@graph":[{"@type":"Organization","@id":"https:\/\/chemitool.com\/#organization","name":"Chemitool","url":"https:\/\/chemitool.com\/","sameAs":["https:\/\/www.facebook.com\/chemitool","https:\/\/www.instagram.com\/chemitool\/"],"logo":{"@type":"ImageObject","@id":"https:\/\/chemitool.com\/#logo","inLanguage":"es","url":"https:\/\/chemitool.com\/wp-content\/uploads\/2020\/10\/logo_chemitool.png","contentUrl":"https:\/\/chemitool.com\/wp-content\/uploads\/2020\/10\/logo_chemitool.png","width":400,"height":400,"caption":"Chemitool"},"image":{"@id":"https:\/\/chemitool.com\/#logo"}},{"@type":"WebSite","@id":"https:\/\/chemitool.com\/#website","url":"https:\/\/chemitool.com\/","name":"Chemitool","description":"Chemitool - hardware and tools","publisher":{"@id":"https:\/\/chemitool.com\/#organization"},"potentialAction":[{"@type":"SearchAction","target":{"@type":"EntryPoint","urlTemplate":"https:\/\/chemitool.com\/?s={search_term_string}"},"query-input":"required name=search_term_string"}],"inLanguage":"es"},{"@type":"ImageObject","@id":"https:\/\/chemitool.com\/es\/products\/chemicals\/pintura-acrilica-es\/rotulador-de-retoque-aluminio\/#primaryimage","inLanguage":"es","url":"https:\/\/chemitool.com\/wp-content\/uploads\/2022\/05\/CHC390.png","contentUrl":"https:\/\/chemitool.com\/wp-content\/uploads\/2022\/05\/CHC390.png","width":800,"height":800},{"@type":"WebPage","@id":"https:\/\/chemitool.com\/es\/products\/chemicals\/pintura-acrilica-es\/rotulador-de-retoque-aluminio\/#webpage","url":"https:\/\/chemitool.com\/es\/products\/chemicals\/pintura-acrilica-es\/rotulador-de-retoque-aluminio\/","name":"ROTULADOR DE RETOQUE ALUM\u00cdNIO &ndash; Chemitool","isPartOf":{"@id":"https:\/\/chemitool.com\/#website"},"primaryImageOfPage":{"@id":"https:\/\/chemitool.com\/es\/products\/chemicals\/pintura-acrilica-es\/rotulador-de-retoque-aluminio\/#primaryimage"},"datePublished":"2022-05-30T15:22:16+00:00","dateModified":"2022-07-05T09:23:20+00:00","description":"Rotulador de Retoque Alum\u00ednio CHEMIBRUSH - Pintura acr\u00edlica de alto rendimiento, ideal para lacar o retocar piezas de aluminio y metal, de excelente calidad. Aplicable en metal, madera, vidrio, piedra, cer\u00e1mica, caja de cart\u00f3n y muchos pl\u00e1sticos duros recubribles.","breadcrumb":{"@id":"https:\/\/chemitool.com\/es\/products\/chemicals\/pintura-acrilica-es\/rotulador-de-retoque-aluminio\/#breadcrumb"},"inLanguage":"es","potentialAction":[{"@type":"ReadAction","target":["https:\/\/chemitool.com\/es\/products\/chemicals\/pintura-acrilica-es\/rotulador-de-retoque-aluminio\/"]}]},{"@type":"BreadcrumbList","@id":"https:\/\/chemitool.com\/es\/products\/chemicals\/pintura-acrilica-es\/rotulador-de-retoque-aluminio\/#breadcrumb","itemListElement":[{"@type":"ListItem","position":1,"name":"Home","item":"https:\/\/chemitool.com\/es\/"},{"@type":"ListItem","position":2,"name":"Productos","item":"https:\/\/chemitool.com\/es\/productos\/"},{"@type":"ListItem","position":3,"name":"CHEMICALS","item":"https:\/\/chemitool.com\/es\/categoria-producto\/chemicals\/"},{"@type":"ListItem","position":4,"name":"ROTULADOR DE RETOQUE ALUM\u00cdNIO"}]}]}},"_links":{"self":[{"href":"https:\/\/chemitool.com\/es\/wp-json\/wp\/v2\/product\/22968"}],"collection":[{"href":"https:\/\/chemitool.com\/es\/wp-json\/wp\/v2\/product"}],"about":[{"href":"https:\/\/chemitool.com\/es\/wp-json\/wp\/v2\/types\/product"}],"wp:featuredmedia":[{"embeddable":true,"href":"https:\/\/chemitool.com\/es\/wp-json\/wp\/v2\/media\/22973"}],"wp:attachment":[{"href":"https:\/\/chemitool.com\/es\/wp-json\/wp\/v2\/media?parent=22968"}],"wp:term":[{"taxonomy":"product_cat","embeddable":true,"href":"https:\/\/chemitool.com\/es\/wp-json\/wp\/v2\/product_cat?post=22968"},{"taxonomy":"product_tag","embeddable":true,"href":"https:\/\/chemitool.com\/es\/wp-json\/wp\/v2\/product_tag?post=22968"}],"curies":[{"name":"wp","href":"https:\/\/api.w.org\/{rel}","templated":true}]}}