{"id":22850,"date":"2022-05-26T15:45:37","date_gmt":"2022-05-26T15:45:37","guid":{"rendered":"https:\/\/chemitool.com\/?post_type=product&#038;p=22850"},"modified":"2023-07-13T16:55:24","modified_gmt":"2023-07-13T16:55:24","slug":"apilador-manual-3m","status":"publish","type":"product","link":"https:\/\/chemitool.com\/es\/products\/logistics\/portapalletas\/apilador-manual-3m\/","title":{"rendered":"APILADOR MANUAL 3M"},"content":{"rendered":"<p><strong>VENTAJAS<\/strong><\/p>\n<ul>\n<li>Estructura de acero robusta y resistente<\/li>\n<li>Carga \u00fatil: 1000 Kg<\/li>\n<li>Facilidad de uso y mantenimiento<\/li>\n<li>Desplazamiento silencioso<\/li>\n<li>Buena maniobrabilidad<\/li>\n<li>Ruedas giratorias de goma maciza y ruedas de horquilla de nylon resistente<\/li>\n<li>Fabricado seg\u00fan las normas de calidad europeas<\/li>\n<\/ul>\n<p><strong>APLICACI\u00d3N<\/strong><\/p>\n<p>Recomendado para cargas paletizadas en general, permitiendo su elevaci\u00f3n para carga y descarga.<\/p>\n","protected":false},"excerpt":{"rendered":"<p><b class=\"sap-label\">SAP:<\/b> <span class=\"codesap-label\"> CHL010300201030 <\/span><\/p>\n<p><em>Apilador Manual CHEMITOOL <\/em>es recomendado para cargas paletizadas en general, permitiendo su elevaci\u00f3n para carga y descarga. Popular para transportar cargas a camiones, coches y furgonetas, y tambi\u00e9n para retirar mercanc\u00edas de las estanter\u00edas. Su funcionamiento preciso y extremadamente seguro permite su utilizaci\u00f3n en ambientes con riesgo de explosi\u00f3n por chispas el\u00e9ctricas. Su tama\u00f1o favorece al usuario, permitiendo la movilidad y el control en entornos estrechos.<\/p>\n","protected":false},"featured_media":30061,"template":"","meta":[],"product_cat":[3973,3976],"product_tag":[],"yoast_head":"<!-- This site is optimized with the Yoast SEO plugin v17.4 - https:\/\/yoast.com\/wordpress\/plugins\/seo\/ -->\n<title>APILADOR MANUAL 3M &ndash; Chemitool<\/title>\n<meta name=\"description\" content=\"SAP: CHL010300201030   Apilador Manual CHEMITOOL es recomendado para cargas paletizadas en general, permitiendo su elevaci\u00f3n para carga y descarga. Popular para transportar cargas a camiones, coches y furgonetas, y tambi\u00e9n para retirar mercanc\u00edas de las estanter\u00edas. Su funcionamiento preciso y extremadamente seguro permite su utilizaci\u00f3n en ambientes con riesgo de explosi\u00f3n por chispas el\u00e9ctricas. Su tama\u00f1o favorece al usuario, permitiendo la movilidad y el control en entornos estrechos.\" \/>\n<meta name=\"robots\" content=\"index, follow, max-snippet:-1, max-image-preview:large, max-video-preview:-1\" \/>\n<link rel=\"canonical\" href=\"https:\/\/chemitool.com\/es\/products\/logistics\/portapalletas\/apilador-manual-3m\/\" \/>\n<meta property=\"og:locale\" content=\"es_ES\" \/>\n<meta property=\"og:type\" content=\"article\" \/>\n<meta property=\"og:title\" content=\"APILADOR MANUAL 3M &ndash; Chemitool\" \/>\n<meta property=\"og:description\" content=\"SAP: CHL010300201030   Apilador Manual CHEMITOOL es recomendado para cargas paletizadas en general, permitiendo su elevaci\u00f3n para carga y descarga. Popular para transportar cargas a camiones, coches y furgonetas, y tambi\u00e9n para retirar mercanc\u00edas de las estanter\u00edas. Su funcionamiento preciso y extremadamente seguro permite su utilizaci\u00f3n en ambientes con riesgo de explosi\u00f3n por chispas el\u00e9ctricas. Su tama\u00f1o favorece al usuario, permitiendo la movilidad y el control en entornos estrechos.\" \/>\n<meta property=\"og:url\" content=\"https:\/\/chemitool.com\/es\/products\/logistics\/portapalletas\/apilador-manual-3m\/\" \/>\n<meta property=\"og:site_name\" content=\"Chemitool\" \/>\n<meta property=\"article:publisher\" content=\"https:\/\/www.facebook.com\/chemitool\" \/>\n<meta property=\"article:modified_time\" content=\"2023-07-13T16:55:24+00:00\" \/>\n<meta property=\"og:image\" content=\"https:\/\/chemitool.com\/wp-content\/uploads\/2022\/05\/CHSDJ1030.png\" \/>\n\t<meta property=\"og:image:width\" content=\"800\" \/>\n\t<meta property=\"og:image:height\" content=\"800\" \/>\n<meta name=\"twitter:card\" content=\"summary_large_image\" \/>\n<script type=\"application\/ld+json\" class=\"yoast-schema-graph\">{\"@context\":\"https:\/\/schema.org\",\"@graph\":[{\"@type\":\"Organization\",\"@id\":\"https:\/\/chemitool.com\/#organization\",\"name\":\"Chemitool\",\"url\":\"https:\/\/chemitool.com\/\",\"sameAs\":[\"https:\/\/www.facebook.com\/chemitool\",\"https:\/\/www.instagram.com\/chemitool\/\"],\"logo\":{\"@type\":\"ImageObject\",\"@id\":\"https:\/\/chemitool.com\/#logo\",\"inLanguage\":\"es\",\"url\":\"https:\/\/chemitool.com\/wp-content\/uploads\/2020\/10\/logo_chemitool.png\",\"contentUrl\":\"https:\/\/chemitool.com\/wp-content\/uploads\/2020\/10\/logo_chemitool.png\",\"width\":400,\"height\":400,\"caption\":\"Chemitool\"},\"image\":{\"@id\":\"https:\/\/chemitool.com\/#logo\"}},{\"@type\":\"WebSite\",\"@id\":\"https:\/\/chemitool.com\/#website\",\"url\":\"https:\/\/chemitool.com\/\",\"name\":\"Chemitool\",\"description\":\"Chemitool - hardware and tools\",\"publisher\":{\"@id\":\"https:\/\/chemitool.com\/#organization\"},\"potentialAction\":[{\"@type\":\"SearchAction\",\"target\":{\"@type\":\"EntryPoint\",\"urlTemplate\":\"https:\/\/chemitool.com\/?s={search_term_string}\"},\"query-input\":\"required name=search_term_string\"}],\"inLanguage\":\"es\"},{\"@type\":\"ImageObject\",\"@id\":\"https:\/\/chemitool.com\/es\/products\/logistics\/portapalletas\/apilador-manual-3m\/#primaryimage\",\"inLanguage\":\"es\",\"url\":\"https:\/\/chemitool.com\/wp-content\/uploads\/2022\/05\/CHSDJ1030.png\",\"contentUrl\":\"https:\/\/chemitool.com\/wp-content\/uploads\/2022\/05\/CHSDJ1030.png\",\"width\":800,\"height\":800},{\"@type\":\"WebPage\",\"@id\":\"https:\/\/chemitool.com\/es\/products\/logistics\/portapalletas\/apilador-manual-3m\/#webpage\",\"url\":\"https:\/\/chemitool.com\/es\/products\/logistics\/portapalletas\/apilador-manual-3m\/\",\"name\":\"APILADOR MANUAL 3M &ndash; Chemitool\",\"isPartOf\":{\"@id\":\"https:\/\/chemitool.com\/#website\"},\"primaryImageOfPage\":{\"@id\":\"https:\/\/chemitool.com\/es\/products\/logistics\/portapalletas\/apilador-manual-3m\/#primaryimage\"},\"datePublished\":\"2022-05-26T15:45:37+00:00\",\"dateModified\":\"2023-07-13T16:55:24+00:00\",\"description\":\"SAP: CHL010300201030 Apilador Manual CHEMITOOL es recomendado para cargas paletizadas en general, permitiendo su elevaci\\u00f3n para carga y descarga. Popular para transportar cargas a camiones, coches y furgonetas, y tambi\\u00e9n para retirar mercanc\\u00edas de las estanter\\u00edas. Su funcionamiento preciso y extremadamente seguro permite su utilizaci\\u00f3n en ambientes con riesgo de explosi\\u00f3n por chispas el\\u00e9ctricas. Su tama\\u00f1o favorece al usuario, permitiendo la movilidad y el control en entornos estrechos.\",\"breadcrumb\":{\"@id\":\"https:\/\/chemitool.com\/es\/products\/logistics\/portapalletas\/apilador-manual-3m\/#breadcrumb\"},\"inLanguage\":\"es\",\"potentialAction\":[{\"@type\":\"ReadAction\",\"target\":[\"https:\/\/chemitool.com\/es\/products\/logistics\/portapalletas\/apilador-manual-3m\/\"]}]},{\"@type\":\"BreadcrumbList\",\"@id\":\"https:\/\/chemitool.com\/es\/products\/logistics\/portapalletas\/apilador-manual-3m\/#breadcrumb\",\"itemListElement\":[{\"@type\":\"ListItem\",\"position\":1,\"name\":\"Home\",\"item\":\"https:\/\/chemitool.com\/es\/\"},{\"@type\":\"ListItem\",\"position\":2,\"name\":\"Productos\",\"item\":\"https:\/\/chemitool.com\/es\/productos\/\"},{\"@type\":\"ListItem\",\"position\":3,\"name\":\"CHEMICALS\",\"item\":\"https:\/\/chemitool.com\/es\/categoria-producto\/chemicals\/\"},{\"@type\":\"ListItem\",\"position\":4,\"name\":\"APILADOR MANUAL 3M\"}]}]}<\/script>\n<!-- \/ Yoast SEO plugin. -->","yoast_head_json":{"title":"APILADOR MANUAL 3M &ndash; Chemitool","description":"SAP: CHL010300201030   Apilador Manual CHEMITOOL es recomendado para cargas paletizadas en general, permitiendo su elevaci\u00f3n para carga y descarga. Popular para transportar cargas a camiones, coches y furgonetas, y tambi\u00e9n para retirar mercanc\u00edas de las estanter\u00edas. Su funcionamiento preciso y extremadamente seguro permite su utilizaci\u00f3n en ambientes con riesgo de explosi\u00f3n por chispas el\u00e9ctricas. Su tama\u00f1o favorece al usuario, permitiendo la movilidad y el control en entornos estrechos.","robots":{"index":"index","follow":"follow","max-snippet":"max-snippet:-1","max-image-preview":"max-image-preview:large","max-video-preview":"max-video-preview:-1"},"canonical":"https:\/\/chemitool.com\/es\/products\/logistics\/portapalletas\/apilador-manual-3m\/","og_locale":"es_ES","og_type":"article","og_title":"APILADOR MANUAL 3M &ndash; Chemitool","og_description":"SAP: CHL010300201030   Apilador Manual CHEMITOOL es recomendado para cargas paletizadas en general, permitiendo su elevaci\u00f3n para carga y descarga. Popular para transportar cargas a camiones, coches y furgonetas, y tambi\u00e9n para retirar mercanc\u00edas de las estanter\u00edas. Su funcionamiento preciso y extremadamente seguro permite su utilizaci\u00f3n en ambientes con riesgo de explosi\u00f3n por chispas el\u00e9ctricas. Su tama\u00f1o favorece al usuario, permitiendo la movilidad y el control en entornos estrechos.","og_url":"https:\/\/chemitool.com\/es\/products\/logistics\/portapalletas\/apilador-manual-3m\/","og_site_name":"Chemitool","article_publisher":"https:\/\/www.facebook.com\/chemitool","article_modified_time":"2023-07-13T16:55:24+00:00","og_image":[{"width":800,"height":800,"url":"https:\/\/chemitool.com\/wp-content\/uploads\/2022\/05\/CHSDJ1030.png","type":"image\/png"}],"twitter_card":"summary_large_image","schema":{"@context":"https:\/\/schema.org","@graph":[{"@type":"Organization","@id":"https:\/\/chemitool.com\/#organization","name":"Chemitool","url":"https:\/\/chemitool.com\/","sameAs":["https:\/\/www.facebook.com\/chemitool","https:\/\/www.instagram.com\/chemitool\/"],"logo":{"@type":"ImageObject","@id":"https:\/\/chemitool.com\/#logo","inLanguage":"es","url":"https:\/\/chemitool.com\/wp-content\/uploads\/2020\/10\/logo_chemitool.png","contentUrl":"https:\/\/chemitool.com\/wp-content\/uploads\/2020\/10\/logo_chemitool.png","width":400,"height":400,"caption":"Chemitool"},"image":{"@id":"https:\/\/chemitool.com\/#logo"}},{"@type":"WebSite","@id":"https:\/\/chemitool.com\/#website","url":"https:\/\/chemitool.com\/","name":"Chemitool","description":"Chemitool - hardware and tools","publisher":{"@id":"https:\/\/chemitool.com\/#organization"},"potentialAction":[{"@type":"SearchAction","target":{"@type":"EntryPoint","urlTemplate":"https:\/\/chemitool.com\/?s={search_term_string}"},"query-input":"required name=search_term_string"}],"inLanguage":"es"},{"@type":"ImageObject","@id":"https:\/\/chemitool.com\/es\/products\/logistics\/portapalletas\/apilador-manual-3m\/#primaryimage","inLanguage":"es","url":"https:\/\/chemitool.com\/wp-content\/uploads\/2022\/05\/CHSDJ1030.png","contentUrl":"https:\/\/chemitool.com\/wp-content\/uploads\/2022\/05\/CHSDJ1030.png","width":800,"height":800},{"@type":"WebPage","@id":"https:\/\/chemitool.com\/es\/products\/logistics\/portapalletas\/apilador-manual-3m\/#webpage","url":"https:\/\/chemitool.com\/es\/products\/logistics\/portapalletas\/apilador-manual-3m\/","name":"APILADOR MANUAL 3M &ndash; Chemitool","isPartOf":{"@id":"https:\/\/chemitool.com\/#website"},"primaryImageOfPage":{"@id":"https:\/\/chemitool.com\/es\/products\/logistics\/portapalletas\/apilador-manual-3m\/#primaryimage"},"datePublished":"2022-05-26T15:45:37+00:00","dateModified":"2023-07-13T16:55:24+00:00","description":"SAP: CHL010300201030 Apilador Manual CHEMITOOL es recomendado para cargas paletizadas en general, permitiendo su elevaci\u00f3n para carga y descarga. Popular para transportar cargas a camiones, coches y furgonetas, y tambi\u00e9n para retirar mercanc\u00edas de las estanter\u00edas. Su funcionamiento preciso y extremadamente seguro permite su utilizaci\u00f3n en ambientes con riesgo de explosi\u00f3n por chispas el\u00e9ctricas. Su tama\u00f1o favorece al usuario, permitiendo la movilidad y el control en entornos estrechos.","breadcrumb":{"@id":"https:\/\/chemitool.com\/es\/products\/logistics\/portapalletas\/apilador-manual-3m\/#breadcrumb"},"inLanguage":"es","potentialAction":[{"@type":"ReadAction","target":["https:\/\/chemitool.com\/es\/products\/logistics\/portapalletas\/apilador-manual-3m\/"]}]},{"@type":"BreadcrumbList","@id":"https:\/\/chemitool.com\/es\/products\/logistics\/portapalletas\/apilador-manual-3m\/#breadcrumb","itemListElement":[{"@type":"ListItem","position":1,"name":"Home","item":"https:\/\/chemitool.com\/es\/"},{"@type":"ListItem","position":2,"name":"Productos","item":"https:\/\/chemitool.com\/es\/productos\/"},{"@type":"ListItem","position":3,"name":"CHEMICALS","item":"https:\/\/chemitool.com\/es\/categoria-producto\/chemicals\/"},{"@type":"ListItem","position":4,"name":"APILADOR MANUAL 3M"}]}]}},"_links":{"self":[{"href":"https:\/\/chemitool.com\/es\/wp-json\/wp\/v2\/product\/22850"}],"collection":[{"href":"https:\/\/chemitool.com\/es\/wp-json\/wp\/v2\/product"}],"about":[{"href":"https:\/\/chemitool.com\/es\/wp-json\/wp\/v2\/types\/product"}],"wp:featuredmedia":[{"embeddable":true,"href":"https:\/\/chemitool.com\/es\/wp-json\/wp\/v2\/media\/30061"}],"wp:attachment":[{"href":"https:\/\/chemitool.com\/es\/wp-json\/wp\/v2\/media?parent=22850"}],"wp:term":[{"taxonomy":"product_cat","embeddable":true,"href":"https:\/\/chemitool.com\/es\/wp-json\/wp\/v2\/product_cat?post=22850"},{"taxonomy":"product_tag","embeddable":true,"href":"https:\/\/chemitool.com\/es\/wp-json\/wp\/v2\/product_tag?post=22850"}],"curies":[{"name":"wp","href":"https:\/\/api.w.org\/{rel}","templated":true}]}}