{"id":22591,"date":"2022-05-19T15:31:56","date_gmt":"2022-05-19T15:32:03","guid":{"rendered":"https:\/\/chemitool.com\/?post_type=product&#038;p=22591"},"modified":"2022-06-24T10:46:53","modified_gmt":"2022-06-24T10:46:53","slug":"cono-de-senalizacion-50cm","status":"publish","type":"product","link":"https:\/\/chemitool.com\/es\/products\/safety\/senalizacion\/cono-de-senalizacion-50cm\/","title":{"rendered":"CONO DE SE\u00d1ALIZACI\u00d3N 50CM"},"content":{"rendered":"<ul>\n<li>Cono de seguridad con bandas pintadas en blanco para mayor visibilidad<\/li>\n<li>Base plana negra 28&#215;28<\/li>\n<\/ul>\n<p><img class=\"alignnone wp-image-22605\" src=\"https:\/\/chemitool.com\/wp-content\/uploads\/2022\/05\/CE_logo-300x213.png\" alt=\"\" width=\"47\" height=\"34\" srcset=\"https:\/\/chemitool.com\/wp-content\/uploads\/2022\/05\/CE_logo-300x213.png 300w, https:\/\/chemitool.com\/wp-content\/uploads\/2022\/05\/CE_logo.png 570w\" sizes=\"(max-width: 47px) 100vw, 47px\" \/><\/p>\n","protected":false},"excerpt":{"rendered":"<p><b class=\"sap-label\">SAP:<\/b> <span class=\"codesap-label\"> MP1101002 <\/span><\/p>\n<p><em>Cono de Se\u00f1alizaci\u00f3n CHEMITOOL<\/em> con bandas pintadas en blanco para mayor visibilidad.<\/p>\n","protected":false},"featured_media":22581,"template":"","meta":[],"product_cat":[1454,3916],"product_tag":[],"yoast_head":"<!-- This site is optimized with the Yoast SEO plugin v17.4 - https:\/\/yoast.com\/wordpress\/plugins\/seo\/ -->\n<title>CONO DE SE\u00d1ALIZACI\u00d3N 50CM &ndash; Chemitool<\/title>\n<meta name=\"description\" content=\"SAP: MP1101002   Cono de Se\u00f1alizaci\u00f3n CHEMITOOL con bandas pintadas en blanco para mayor visibilidad.\" \/>\n<meta name=\"robots\" content=\"index, follow, max-snippet:-1, max-image-preview:large, max-video-preview:-1\" \/>\n<link rel=\"canonical\" href=\"https:\/\/chemitool.com\/es\/products\/safety\/senalizacion\/cono-de-senalizacion-50cm\/\" \/>\n<meta property=\"og:locale\" content=\"es_ES\" \/>\n<meta property=\"og:type\" content=\"article\" \/>\n<meta property=\"og:title\" content=\"CONO DE SE\u00d1ALIZACI\u00d3N 50CM &ndash; Chemitool\" \/>\n<meta property=\"og:description\" content=\"SAP: MP1101002   Cono de Se\u00f1alizaci\u00f3n CHEMITOOL con bandas pintadas en blanco para mayor visibilidad.\" \/>\n<meta property=\"og:url\" content=\"https:\/\/chemitool.com\/es\/products\/safety\/senalizacion\/cono-de-senalizacion-50cm\/\" \/>\n<meta property=\"og:site_name\" content=\"Chemitool\" \/>\n<meta property=\"article:publisher\" content=\"https:\/\/www.facebook.com\/chemitool\" \/>\n<meta property=\"article:modified_time\" content=\"2022-06-24T10:46:53+00:00\" \/>\n<meta property=\"og:image\" content=\"https:\/\/chemitool.com\/wp-content\/uploads\/2022\/05\/MP1101002.png\" \/>\n\t<meta property=\"og:image:width\" content=\"800\" \/>\n\t<meta property=\"og:image:height\" content=\"800\" \/>\n<meta name=\"twitter:card\" content=\"summary_large_image\" \/>\n<script type=\"application\/ld+json\" class=\"yoast-schema-graph\">{\"@context\":\"https:\/\/schema.org\",\"@graph\":[{\"@type\":\"Organization\",\"@id\":\"https:\/\/chemitool.com\/#organization\",\"name\":\"Chemitool\",\"url\":\"https:\/\/chemitool.com\/\",\"sameAs\":[\"https:\/\/www.facebook.com\/chemitool\",\"https:\/\/www.instagram.com\/chemitool\/\"],\"logo\":{\"@type\":\"ImageObject\",\"@id\":\"https:\/\/chemitool.com\/#logo\",\"inLanguage\":\"es\",\"url\":\"https:\/\/chemitool.com\/wp-content\/uploads\/2020\/10\/logo_chemitool.png\",\"contentUrl\":\"https:\/\/chemitool.com\/wp-content\/uploads\/2020\/10\/logo_chemitool.png\",\"width\":400,\"height\":400,\"caption\":\"Chemitool\"},\"image\":{\"@id\":\"https:\/\/chemitool.com\/#logo\"}},{\"@type\":\"WebSite\",\"@id\":\"https:\/\/chemitool.com\/#website\",\"url\":\"https:\/\/chemitool.com\/\",\"name\":\"Chemitool\",\"description\":\"Chemitool - hardware and tools\",\"publisher\":{\"@id\":\"https:\/\/chemitool.com\/#organization\"},\"potentialAction\":[{\"@type\":\"SearchAction\",\"target\":{\"@type\":\"EntryPoint\",\"urlTemplate\":\"https:\/\/chemitool.com\/?s={search_term_string}\"},\"query-input\":\"required name=search_term_string\"}],\"inLanguage\":\"es\"},{\"@type\":\"ImageObject\",\"@id\":\"https:\/\/chemitool.com\/es\/products\/safety\/senalizacion\/cono-de-senalizacion-50cm\/#primaryimage\",\"inLanguage\":\"es\",\"url\":\"https:\/\/chemitool.com\/wp-content\/uploads\/2022\/05\/MP1101002.png\",\"contentUrl\":\"https:\/\/chemitool.com\/wp-content\/uploads\/2022\/05\/MP1101002.png\",\"width\":800,\"height\":800},{\"@type\":\"WebPage\",\"@id\":\"https:\/\/chemitool.com\/es\/products\/safety\/senalizacion\/cono-de-senalizacion-50cm\/#webpage\",\"url\":\"https:\/\/chemitool.com\/es\/products\/safety\/senalizacion\/cono-de-senalizacion-50cm\/\",\"name\":\"CONO DE SE\\u00d1ALIZACI\\u00d3N 50CM &ndash; Chemitool\",\"isPartOf\":{\"@id\":\"https:\/\/chemitool.com\/#website\"},\"primaryImageOfPage\":{\"@id\":\"https:\/\/chemitool.com\/es\/products\/safety\/senalizacion\/cono-de-senalizacion-50cm\/#primaryimage\"},\"datePublished\":\"2022-05-19T15:32:03+00:00\",\"dateModified\":\"2022-06-24T10:46:53+00:00\",\"description\":\"SAP: MP1101002 Cono de Se\\u00f1alizaci\\u00f3n CHEMITOOL con bandas pintadas en blanco para mayor visibilidad.\",\"breadcrumb\":{\"@id\":\"https:\/\/chemitool.com\/es\/products\/safety\/senalizacion\/cono-de-senalizacion-50cm\/#breadcrumb\"},\"inLanguage\":\"es\",\"potentialAction\":[{\"@type\":\"ReadAction\",\"target\":[\"https:\/\/chemitool.com\/es\/products\/safety\/senalizacion\/cono-de-senalizacion-50cm\/\"]}]},{\"@type\":\"BreadcrumbList\",\"@id\":\"https:\/\/chemitool.com\/es\/products\/safety\/senalizacion\/cono-de-senalizacion-50cm\/#breadcrumb\",\"itemListElement\":[{\"@type\":\"ListItem\",\"position\":1,\"name\":\"Home\",\"item\":\"https:\/\/chemitool.com\/es\/\"},{\"@type\":\"ListItem\",\"position\":2,\"name\":\"Productos\",\"item\":\"https:\/\/chemitool.com\/es\/productos\/\"},{\"@type\":\"ListItem\",\"position\":3,\"name\":\"CHEMICALS\",\"item\":\"https:\/\/chemitool.com\/es\/categoria-producto\/chemicals\/\"},{\"@type\":\"ListItem\",\"position\":4,\"name\":\"CONO DE SE\\u00d1ALIZACI\\u00d3N 50CM\"}]}]}<\/script>\n<!-- \/ Yoast SEO plugin. -->","yoast_head_json":{"title":"CONO DE SE\u00d1ALIZACI\u00d3N 50CM &ndash; Chemitool","description":"SAP: MP1101002   Cono de Se\u00f1alizaci\u00f3n CHEMITOOL con bandas pintadas en blanco para mayor visibilidad.","robots":{"index":"index","follow":"follow","max-snippet":"max-snippet:-1","max-image-preview":"max-image-preview:large","max-video-preview":"max-video-preview:-1"},"canonical":"https:\/\/chemitool.com\/es\/products\/safety\/senalizacion\/cono-de-senalizacion-50cm\/","og_locale":"es_ES","og_type":"article","og_title":"CONO DE SE\u00d1ALIZACI\u00d3N 50CM &ndash; Chemitool","og_description":"SAP: MP1101002   Cono de Se\u00f1alizaci\u00f3n CHEMITOOL con bandas pintadas en blanco para mayor visibilidad.","og_url":"https:\/\/chemitool.com\/es\/products\/safety\/senalizacion\/cono-de-senalizacion-50cm\/","og_site_name":"Chemitool","article_publisher":"https:\/\/www.facebook.com\/chemitool","article_modified_time":"2022-06-24T10:46:53+00:00","og_image":[{"width":800,"height":800,"url":"https:\/\/chemitool.com\/wp-content\/uploads\/2022\/05\/MP1101002.png","type":"image\/png"}],"twitter_card":"summary_large_image","schema":{"@context":"https:\/\/schema.org","@graph":[{"@type":"Organization","@id":"https:\/\/chemitool.com\/#organization","name":"Chemitool","url":"https:\/\/chemitool.com\/","sameAs":["https:\/\/www.facebook.com\/chemitool","https:\/\/www.instagram.com\/chemitool\/"],"logo":{"@type":"ImageObject","@id":"https:\/\/chemitool.com\/#logo","inLanguage":"es","url":"https:\/\/chemitool.com\/wp-content\/uploads\/2020\/10\/logo_chemitool.png","contentUrl":"https:\/\/chemitool.com\/wp-content\/uploads\/2020\/10\/logo_chemitool.png","width":400,"height":400,"caption":"Chemitool"},"image":{"@id":"https:\/\/chemitool.com\/#logo"}},{"@type":"WebSite","@id":"https:\/\/chemitool.com\/#website","url":"https:\/\/chemitool.com\/","name":"Chemitool","description":"Chemitool - hardware and tools","publisher":{"@id":"https:\/\/chemitool.com\/#organization"},"potentialAction":[{"@type":"SearchAction","target":{"@type":"EntryPoint","urlTemplate":"https:\/\/chemitool.com\/?s={search_term_string}"},"query-input":"required name=search_term_string"}],"inLanguage":"es"},{"@type":"ImageObject","@id":"https:\/\/chemitool.com\/es\/products\/safety\/senalizacion\/cono-de-senalizacion-50cm\/#primaryimage","inLanguage":"es","url":"https:\/\/chemitool.com\/wp-content\/uploads\/2022\/05\/MP1101002.png","contentUrl":"https:\/\/chemitool.com\/wp-content\/uploads\/2022\/05\/MP1101002.png","width":800,"height":800},{"@type":"WebPage","@id":"https:\/\/chemitool.com\/es\/products\/safety\/senalizacion\/cono-de-senalizacion-50cm\/#webpage","url":"https:\/\/chemitool.com\/es\/products\/safety\/senalizacion\/cono-de-senalizacion-50cm\/","name":"CONO DE SE\u00d1ALIZACI\u00d3N 50CM &ndash; Chemitool","isPartOf":{"@id":"https:\/\/chemitool.com\/#website"},"primaryImageOfPage":{"@id":"https:\/\/chemitool.com\/es\/products\/safety\/senalizacion\/cono-de-senalizacion-50cm\/#primaryimage"},"datePublished":"2022-05-19T15:32:03+00:00","dateModified":"2022-06-24T10:46:53+00:00","description":"SAP: MP1101002 Cono de Se\u00f1alizaci\u00f3n CHEMITOOL con bandas pintadas en blanco para mayor visibilidad.","breadcrumb":{"@id":"https:\/\/chemitool.com\/es\/products\/safety\/senalizacion\/cono-de-senalizacion-50cm\/#breadcrumb"},"inLanguage":"es","potentialAction":[{"@type":"ReadAction","target":["https:\/\/chemitool.com\/es\/products\/safety\/senalizacion\/cono-de-senalizacion-50cm\/"]}]},{"@type":"BreadcrumbList","@id":"https:\/\/chemitool.com\/es\/products\/safety\/senalizacion\/cono-de-senalizacion-50cm\/#breadcrumb","itemListElement":[{"@type":"ListItem","position":1,"name":"Home","item":"https:\/\/chemitool.com\/es\/"},{"@type":"ListItem","position":2,"name":"Productos","item":"https:\/\/chemitool.com\/es\/productos\/"},{"@type":"ListItem","position":3,"name":"CHEMICALS","item":"https:\/\/chemitool.com\/es\/categoria-producto\/chemicals\/"},{"@type":"ListItem","position":4,"name":"CONO DE SE\u00d1ALIZACI\u00d3N 50CM"}]}]}},"_links":{"self":[{"href":"https:\/\/chemitool.com\/es\/wp-json\/wp\/v2\/product\/22591"}],"collection":[{"href":"https:\/\/chemitool.com\/es\/wp-json\/wp\/v2\/product"}],"about":[{"href":"https:\/\/chemitool.com\/es\/wp-json\/wp\/v2\/types\/product"}],"wp:featuredmedia":[{"embeddable":true,"href":"https:\/\/chemitool.com\/es\/wp-json\/wp\/v2\/media\/22581"}],"wp:attachment":[{"href":"https:\/\/chemitool.com\/es\/wp-json\/wp\/v2\/media?parent=22591"}],"wp:term":[{"taxonomy":"product_cat","embeddable":true,"href":"https:\/\/chemitool.com\/es\/wp-json\/wp\/v2\/product_cat?post=22591"},{"taxonomy":"product_tag","embeddable":true,"href":"https:\/\/chemitool.com\/es\/wp-json\/wp\/v2\/product_tag?post=22591"}],"curies":[{"name":"wp","href":"https:\/\/api.w.org\/{rel}","templated":true}]}}