{"id":22550,"date":"2022-05-18T10:00:38","date_gmt":"2022-05-18T10:00:46","guid":{"rendered":"https:\/\/chemitool.com\/?post_type=product&#038;p=22550"},"modified":"2025-10-09T10:30:13","modified_gmt":"2025-10-09T10:30:13","slug":"espuma-poliuretano-flex-chemifoam","status":"publish","type":"product","link":"https:\/\/chemitool.com\/es\/products\/chemicals\/espumas-de-poliuretano\/espuma-poliuretano-flex-chemifoam\/","title":{"rendered":"ESPUMA POLIURETANO FLEX CHEMIFOAM"},"content":{"rendered":"<p><strong>Ventajas<\/strong><\/p>\n<ul>\n<li>Calidad profesional<\/li>\n<li>Alta recuperaci\u00f3n el\u00e1stica<\/li>\n<li>Excelente capacidad de adherencia y relleno y alto valor de aislamiento t\u00e9rmico y ac\u00fastico.<\/li>\n<li>Uso en exteriores e interiores<\/li>\n<li>Buena capacidad de relleno y fijaci\u00f3n<\/li>\n<li>Excelente adherencia a las m\u00e1s diversas superficies<\/li>\n<\/ul>\n<p><strong>Aplicaciones<\/strong><\/p>\n<p>Recomendado para construcciones con absorci\u00f3n de golpes e impactos e insonorizaci\u00f3n, aplicaci\u00f3n de capa insonorizante en equipos industriales, fijaci\u00f3n y aislamiento de marcos de puertas y ventanas, relleno y sellado de grietas, juntas y cavidades, mejora del aislamiento t\u00e9rmico en calefacci\u00f3n\/refrigeraci\u00f3n, aislamiento de enchufes el\u00e9ctricos y agua, tuber\u00edas, entre muchas otras aplicaciones.<\/p>\n","protected":false},"excerpt":{"rendered":"<p><b class=\"sap-label\">SAP:<\/b> <span class=\"codesap-label\"> CH06000007 <\/span><\/p>\n<p><em>Espuma Poliuretano Flex CHEMIFOAM <\/em> \u00e9s una espuma de poliuretano monocomponente, de curado en contacto con la humedad ambiental, con propiedades el\u00e1sticas y que absorbe gran parte de los movimientos constantes. Es una espuma altamente el\u00e1stica, flexible y de alto rendimiento.<\/p>\n","protected":false},"featured_media":22556,"template":"","meta":[],"product_cat":[1209,1224],"product_tag":[],"yoast_head":"<!-- This site is optimized with the Yoast SEO plugin v17.4 - https:\/\/yoast.com\/wordpress\/plugins\/seo\/ -->\n<title>ESPUMA POLIURETANO FLEX CHEMIFOAM &ndash; Chemitool<\/title>\n<meta name=\"description\" content=\"SAP: CH06000007   Espuma Poliuretano Flex CHEMIFOAM \u00e9s una espuma de poliuretano monocomponente, de curado en contacto con la humedad ambiental, con propiedades el\u00e1sticas y que absorbe gran parte de los movimientos constantes. Es una espuma altamente el\u00e1stica, flexible y de alto rendimiento.\" \/>\n<meta name=\"robots\" content=\"index, follow, max-snippet:-1, max-image-preview:large, max-video-preview:-1\" \/>\n<link rel=\"canonical\" href=\"https:\/\/chemitool.com\/es\/products\/chemical-products\/polyurethane-foam\/flex-polyurethane-foam\/\" \/>\n<meta property=\"og:locale\" content=\"es_ES\" \/>\n<meta property=\"og:type\" content=\"article\" \/>\n<meta property=\"og:title\" content=\"ESPUMA POLIURETANO FLEX CHEMIFOAM &ndash; Chemitool\" \/>\n<meta property=\"og:description\" content=\"SAP: CH06000007   Espuma Poliuretano Flex CHEMIFOAM \u00e9s una espuma de poliuretano monocomponente, de curado en contacto con la humedad ambiental, con propiedades el\u00e1sticas y que absorbe gran parte de los movimientos constantes. Es una espuma altamente el\u00e1stica, flexible y de alto rendimiento.\" \/>\n<meta property=\"og:url\" content=\"https:\/\/chemitool.com\/products\/chemical-products\/polyurethane-foam\/flex-polyurethane-foam\/\" \/>\n<meta property=\"og:site_name\" content=\"Chemitool\" \/>\n<meta property=\"article:publisher\" content=\"https:\/\/www.facebook.com\/chemitool\" \/>\n<meta property=\"article:modified_time\" content=\"2025-10-09T10:30:13+00:00\" \/>\n<meta property=\"og:image\" content=\"https:\/\/chemitool.com\/wp-content\/uploads\/2022\/05\/CH06000007.png\" \/>\n\t<meta property=\"og:image:width\" content=\"800\" \/>\n\t<meta property=\"og:image:height\" content=\"800\" \/>\n<meta name=\"twitter:card\" content=\"summary_large_image\" \/>\n<meta name=\"twitter:label1\" content=\"Tiempo de lectura\" \/>\n\t<meta name=\"twitter:data1\" content=\"1 minuto\" \/>\n<script type=\"application\/ld+json\" class=\"yoast-schema-graph\">{\"@context\":\"https:\/\/schema.org\",\"@graph\":[{\"@type\":\"Organization\",\"@id\":\"https:\/\/chemitool.com\/#organization\",\"name\":\"Chemitool\",\"url\":\"https:\/\/chemitool.com\/\",\"sameAs\":[\"https:\/\/www.facebook.com\/chemitool\",\"https:\/\/www.instagram.com\/chemitool\/\"],\"logo\":{\"@type\":\"ImageObject\",\"@id\":\"https:\/\/chemitool.com\/#logo\",\"inLanguage\":\"es\",\"url\":\"https:\/\/chemitool.com\/wp-content\/uploads\/2020\/10\/logo_chemitool.png\",\"contentUrl\":\"https:\/\/chemitool.com\/wp-content\/uploads\/2020\/10\/logo_chemitool.png\",\"width\":400,\"height\":400,\"caption\":\"Chemitool\"},\"image\":{\"@id\":\"https:\/\/chemitool.com\/#logo\"}},{\"@type\":\"WebSite\",\"@id\":\"https:\/\/chemitool.com\/#website\",\"url\":\"https:\/\/chemitool.com\/\",\"name\":\"Chemitool\",\"description\":\"Chemitool - hardware and tools\",\"publisher\":{\"@id\":\"https:\/\/chemitool.com\/#organization\"},\"potentialAction\":[{\"@type\":\"SearchAction\",\"target\":{\"@type\":\"EntryPoint\",\"urlTemplate\":\"https:\/\/chemitool.com\/?s={search_term_string}\"},\"query-input\":\"required name=search_term_string\"}],\"inLanguage\":\"es\"},{\"@type\":\"ImageObject\",\"@id\":\"https:\/\/chemitool.com\/products\/chemical-products\/polyurethane-foam\/flex-polyurethane-foam\/#primaryimage\",\"inLanguage\":\"es\",\"url\":\"https:\/\/chemitool.com\/wp-content\/uploads\/2022\/05\/CH06000007.png\",\"contentUrl\":\"https:\/\/chemitool.com\/wp-content\/uploads\/2022\/05\/CH06000007.png\",\"width\":800,\"height\":800},{\"@type\":\"WebPage\",\"@id\":\"https:\/\/chemitool.com\/products\/chemical-products\/polyurethane-foam\/flex-polyurethane-foam\/#webpage\",\"url\":\"https:\/\/chemitool.com\/products\/chemical-products\/polyurethane-foam\/flex-polyurethane-foam\/\",\"name\":\"ESPUMA POLIURETANO FLEX CHEMIFOAM &ndash; Chemitool\",\"isPartOf\":{\"@id\":\"https:\/\/chemitool.com\/#website\"},\"primaryImageOfPage\":{\"@id\":\"https:\/\/chemitool.com\/products\/chemical-products\/polyurethane-foam\/flex-polyurethane-foam\/#primaryimage\"},\"datePublished\":\"2022-05-18T10:00:46+00:00\",\"dateModified\":\"2025-10-09T10:30:13+00:00\",\"description\":\"SAP: CH06000007 Espuma Poliuretano Flex CHEMIFOAM \\u00e9s una espuma de poliuretano monocomponente, de curado en contacto con la humedad ambiental, con propiedades el\\u00e1sticas y que absorbe gran parte de los movimientos constantes. Es una espuma altamente el\\u00e1stica, flexible y de alto rendimiento.\",\"breadcrumb\":{\"@id\":\"https:\/\/chemitool.com\/products\/chemical-products\/polyurethane-foam\/flex-polyurethane-foam\/#breadcrumb\"},\"inLanguage\":\"es\",\"potentialAction\":[{\"@type\":\"ReadAction\",\"target\":[\"https:\/\/chemitool.com\/products\/chemical-products\/polyurethane-foam\/flex-polyurethane-foam\/\"]}]},{\"@type\":\"BreadcrumbList\",\"@id\":\"https:\/\/chemitool.com\/products\/chemical-products\/polyurethane-foam\/flex-polyurethane-foam\/#breadcrumb\",\"itemListElement\":[{\"@type\":\"ListItem\",\"position\":1,\"name\":\"Home\",\"item\":\"https:\/\/chemitool.com\/es\/\"},{\"@type\":\"ListItem\",\"position\":2,\"name\":\"Productos\",\"item\":\"https:\/\/chemitool.com\/es\/productos\/\"},{\"@type\":\"ListItem\",\"position\":3,\"name\":\"Chemicals\",\"item\":\"https:\/\/chemitool.com\/product-category\/chemical-products\/\"},{\"@type\":\"ListItem\",\"position\":4,\"name\":\"ESPUMA POLIURETANO FLEX CHEMIFOAM\"}]}]}<\/script>\n<!-- \/ Yoast SEO plugin. -->","yoast_head_json":{"title":"ESPUMA POLIURETANO FLEX CHEMIFOAM &ndash; Chemitool","description":"SAP: CH06000007   Espuma Poliuretano Flex CHEMIFOAM \u00e9s una espuma de poliuretano monocomponente, de curado en contacto con la humedad ambiental, con propiedades el\u00e1sticas y que absorbe gran parte de los movimientos constantes. Es una espuma altamente el\u00e1stica, flexible y de alto rendimiento.","robots":{"index":"index","follow":"follow","max-snippet":"max-snippet:-1","max-image-preview":"max-image-preview:large","max-video-preview":"max-video-preview:-1"},"canonical":"https:\/\/chemitool.com\/es\/products\/chemical-products\/polyurethane-foam\/flex-polyurethane-foam\/","og_locale":"es_ES","og_type":"article","og_title":"ESPUMA POLIURETANO FLEX CHEMIFOAM &ndash; Chemitool","og_description":"SAP: CH06000007   Espuma Poliuretano Flex CHEMIFOAM \u00e9s una espuma de poliuretano monocomponente, de curado en contacto con la humedad ambiental, con propiedades el\u00e1sticas y que absorbe gran parte de los movimientos constantes. Es una espuma altamente el\u00e1stica, flexible y de alto rendimiento.","og_url":"https:\/\/chemitool.com\/products\/chemical-products\/polyurethane-foam\/flex-polyurethane-foam\/","og_site_name":"Chemitool","article_publisher":"https:\/\/www.facebook.com\/chemitool","article_modified_time":"2025-10-09T10:30:13+00:00","og_image":[{"width":800,"height":800,"url":"https:\/\/chemitool.com\/wp-content\/uploads\/2022\/05\/CH06000007.png","type":"image\/png"}],"twitter_card":"summary_large_image","twitter_misc":{"Tiempo de lectura":"1 minuto"},"schema":{"@context":"https:\/\/schema.org","@graph":[{"@type":"Organization","@id":"https:\/\/chemitool.com\/#organization","name":"Chemitool","url":"https:\/\/chemitool.com\/","sameAs":["https:\/\/www.facebook.com\/chemitool","https:\/\/www.instagram.com\/chemitool\/"],"logo":{"@type":"ImageObject","@id":"https:\/\/chemitool.com\/#logo","inLanguage":"es","url":"https:\/\/chemitool.com\/wp-content\/uploads\/2020\/10\/logo_chemitool.png","contentUrl":"https:\/\/chemitool.com\/wp-content\/uploads\/2020\/10\/logo_chemitool.png","width":400,"height":400,"caption":"Chemitool"},"image":{"@id":"https:\/\/chemitool.com\/#logo"}},{"@type":"WebSite","@id":"https:\/\/chemitool.com\/#website","url":"https:\/\/chemitool.com\/","name":"Chemitool","description":"Chemitool - hardware and tools","publisher":{"@id":"https:\/\/chemitool.com\/#organization"},"potentialAction":[{"@type":"SearchAction","target":{"@type":"EntryPoint","urlTemplate":"https:\/\/chemitool.com\/?s={search_term_string}"},"query-input":"required name=search_term_string"}],"inLanguage":"es"},{"@type":"ImageObject","@id":"https:\/\/chemitool.com\/products\/chemical-products\/polyurethane-foam\/flex-polyurethane-foam\/#primaryimage","inLanguage":"es","url":"https:\/\/chemitool.com\/wp-content\/uploads\/2022\/05\/CH06000007.png","contentUrl":"https:\/\/chemitool.com\/wp-content\/uploads\/2022\/05\/CH06000007.png","width":800,"height":800},{"@type":"WebPage","@id":"https:\/\/chemitool.com\/products\/chemical-products\/polyurethane-foam\/flex-polyurethane-foam\/#webpage","url":"https:\/\/chemitool.com\/products\/chemical-products\/polyurethane-foam\/flex-polyurethane-foam\/","name":"ESPUMA POLIURETANO FLEX CHEMIFOAM &ndash; Chemitool","isPartOf":{"@id":"https:\/\/chemitool.com\/#website"},"primaryImageOfPage":{"@id":"https:\/\/chemitool.com\/products\/chemical-products\/polyurethane-foam\/flex-polyurethane-foam\/#primaryimage"},"datePublished":"2022-05-18T10:00:46+00:00","dateModified":"2025-10-09T10:30:13+00:00","description":"SAP: CH06000007 Espuma Poliuretano Flex CHEMIFOAM \u00e9s una espuma de poliuretano monocomponente, de curado en contacto con la humedad ambiental, con propiedades el\u00e1sticas y que absorbe gran parte de los movimientos constantes. Es una espuma altamente el\u00e1stica, flexible y de alto rendimiento.","breadcrumb":{"@id":"https:\/\/chemitool.com\/products\/chemical-products\/polyurethane-foam\/flex-polyurethane-foam\/#breadcrumb"},"inLanguage":"es","potentialAction":[{"@type":"ReadAction","target":["https:\/\/chemitool.com\/products\/chemical-products\/polyurethane-foam\/flex-polyurethane-foam\/"]}]},{"@type":"BreadcrumbList","@id":"https:\/\/chemitool.com\/products\/chemical-products\/polyurethane-foam\/flex-polyurethane-foam\/#breadcrumb","itemListElement":[{"@type":"ListItem","position":1,"name":"Home","item":"https:\/\/chemitool.com\/es\/"},{"@type":"ListItem","position":2,"name":"Productos","item":"https:\/\/chemitool.com\/es\/productos\/"},{"@type":"ListItem","position":3,"name":"Chemicals","item":"https:\/\/chemitool.com\/product-category\/chemical-products\/"},{"@type":"ListItem","position":4,"name":"ESPUMA POLIURETANO FLEX CHEMIFOAM"}]}]}},"_links":{"self":[{"href":"https:\/\/chemitool.com\/es\/wp-json\/wp\/v2\/product\/22550"}],"collection":[{"href":"https:\/\/chemitool.com\/es\/wp-json\/wp\/v2\/product"}],"about":[{"href":"https:\/\/chemitool.com\/es\/wp-json\/wp\/v2\/types\/product"}],"wp:featuredmedia":[{"embeddable":true,"href":"https:\/\/chemitool.com\/es\/wp-json\/wp\/v2\/media\/22556"}],"wp:attachment":[{"href":"https:\/\/chemitool.com\/es\/wp-json\/wp\/v2\/media?parent=22550"}],"wp:term":[{"taxonomy":"product_cat","embeddable":true,"href":"https:\/\/chemitool.com\/es\/wp-json\/wp\/v2\/product_cat?post=22550"},{"taxonomy":"product_tag","embeddable":true,"href":"https:\/\/chemitool.com\/es\/wp-json\/wp\/v2\/product_tag?post=22550"}],"curies":[{"name":"wp","href":"https:\/\/api.w.org\/{rel}","templated":true}]}}