{"id":22483,"date":"2022-05-13T15:40:20","date_gmt":"2022-05-13T15:40:27","guid":{"rendered":"https:\/\/chemitool.com\/?post_type=product&#038;p=22483"},"modified":"2022-07-05T15:49:33","modified_gmt":"2022-07-05T15:49:33","slug":"semi-mascarilla-reutilizable-simple-762-s","status":"publish","type":"product","link":"https:\/\/chemitool.com\/es\/products\/safety\/proteccion-respiratoria\/mascarillas-reutilizables\/semi-mascarilla-reutilizable-simple-762-s\/","title":{"rendered":"SEMI MASCARILLA REUTILIZABLE SIMPLE 762-S"},"content":{"rendered":"<ul>\n<li>Semi mascarilla de silicona<\/li>\n<li>Ultra ligera<\/li>\n<li>Filtro reutilizable e intercambiable<\/li>\n<li>Banda de cuello ajustable<\/li>\n<li>Compatible con filtros 757 para gases, vapores,<br \/>\npart\u00edculas y combinados<\/li>\n<li><strong>EN140<\/strong><\/li>\n<\/ul>\n<p><strong><img class=\"alignnone wp-image-21695\" src=\"https:\/\/chemitool.com\/wp-content\/uploads\/2022\/05\/CE_CAT3_only.png\" alt=\"\" width=\"66\" height=\"76\" \/><\/strong><\/p>\n","protected":false},"excerpt":{"rendered":"<p><em>Semi Mascarilla Reutilizable Simple 762-S <\/em>est\u00e1 dise\u00f1ada para ofrecer la m\u00e1xima protecci\u00f3n contra ciertos gases, vapores y part\u00edculas como polvo, neblina y humos.<\/p>\n","protected":false},"featured_media":22479,"template":"","meta":[],"product_cat":[1454,3875,3896],"product_tag":[],"yoast_head":"<!-- This site is optimized with the Yoast SEO plugin v17.4 - https:\/\/yoast.com\/wordpress\/plugins\/seo\/ -->\n<title>SEMI MASCARILLA REUTILIZABLE SIMPLE 762-S &ndash; Chemitool<\/title>\n<meta name=\"description\" content=\"Semi Mascarilla Reutilizable Simple 762-S est\u00e1 dise\u00f1ada para ofrecer la m\u00e1xima protecci\u00f3n contra ciertos gases, vapores y part\u00edculas como polvo, neblina y humos.\" \/>\n<meta name=\"robots\" content=\"index, follow, max-snippet:-1, max-image-preview:large, max-video-preview:-1\" \/>\n<link rel=\"canonical\" href=\"https:\/\/chemitool.com\/es\/products\/safety\/proteccion-respiratoria\/mascarillas-reutilizables\/semi-mascarilla-reutilizable-simple-762-s\/\" \/>\n<meta property=\"og:locale\" content=\"es_ES\" \/>\n<meta property=\"og:type\" content=\"article\" \/>\n<meta property=\"og:title\" content=\"SEMI MASCARILLA REUTILIZABLE SIMPLE 762-S &ndash; Chemitool\" \/>\n<meta property=\"og:description\" content=\"Semi Mascarilla Reutilizable Simple 762-S est\u00e1 dise\u00f1ada para ofrecer la m\u00e1xima protecci\u00f3n contra ciertos gases, vapores y part\u00edculas como polvo, neblina y humos.\" \/>\n<meta property=\"og:url\" content=\"https:\/\/chemitool.com\/es\/products\/safety\/proteccion-respiratoria\/mascarillas-reutilizables\/semi-mascarilla-reutilizable-simple-762-s\/\" \/>\n<meta property=\"og:site_name\" content=\"Chemitool\" \/>\n<meta property=\"article:publisher\" content=\"https:\/\/www.facebook.com\/chemitool\" \/>\n<meta property=\"article:modified_time\" content=\"2022-07-05T15:49:33+00:00\" \/>\n<meta property=\"og:image\" content=\"https:\/\/chemitool.com\/wp-content\/uploads\/2022\/05\/CHS07030011.png\" \/>\n\t<meta property=\"og:image:width\" content=\"800\" \/>\n\t<meta property=\"og:image:height\" content=\"800\" \/>\n<meta name=\"twitter:card\" content=\"summary_large_image\" \/>\n<script type=\"application\/ld+json\" class=\"yoast-schema-graph\">{\"@context\":\"https:\/\/schema.org\",\"@graph\":[{\"@type\":\"Organization\",\"@id\":\"https:\/\/chemitool.com\/#organization\",\"name\":\"Chemitool\",\"url\":\"https:\/\/chemitool.com\/\",\"sameAs\":[\"https:\/\/www.facebook.com\/chemitool\",\"https:\/\/www.instagram.com\/chemitool\/\"],\"logo\":{\"@type\":\"ImageObject\",\"@id\":\"https:\/\/chemitool.com\/#logo\",\"inLanguage\":\"es\",\"url\":\"https:\/\/chemitool.com\/wp-content\/uploads\/2020\/10\/logo_chemitool.png\",\"contentUrl\":\"https:\/\/chemitool.com\/wp-content\/uploads\/2020\/10\/logo_chemitool.png\",\"width\":400,\"height\":400,\"caption\":\"Chemitool\"},\"image\":{\"@id\":\"https:\/\/chemitool.com\/#logo\"}},{\"@type\":\"WebSite\",\"@id\":\"https:\/\/chemitool.com\/#website\",\"url\":\"https:\/\/chemitool.com\/\",\"name\":\"Chemitool\",\"description\":\"Chemitool - hardware and tools\",\"publisher\":{\"@id\":\"https:\/\/chemitool.com\/#organization\"},\"potentialAction\":[{\"@type\":\"SearchAction\",\"target\":{\"@type\":\"EntryPoint\",\"urlTemplate\":\"https:\/\/chemitool.com\/?s={search_term_string}\"},\"query-input\":\"required name=search_term_string\"}],\"inLanguage\":\"es\"},{\"@type\":\"ImageObject\",\"@id\":\"https:\/\/chemitool.com\/es\/products\/safety\/proteccion-respiratoria\/mascarillas-reutilizables\/semi-mascarilla-reutilizable-simple-762-s\/#primaryimage\",\"inLanguage\":\"es\",\"url\":\"https:\/\/chemitool.com\/wp-content\/uploads\/2022\/05\/CHS07030011.png\",\"contentUrl\":\"https:\/\/chemitool.com\/wp-content\/uploads\/2022\/05\/CHS07030011.png\",\"width\":800,\"height\":800},{\"@type\":\"WebPage\",\"@id\":\"https:\/\/chemitool.com\/es\/products\/safety\/proteccion-respiratoria\/mascarillas-reutilizables\/semi-mascarilla-reutilizable-simple-762-s\/#webpage\",\"url\":\"https:\/\/chemitool.com\/es\/products\/safety\/proteccion-respiratoria\/mascarillas-reutilizables\/semi-mascarilla-reutilizable-simple-762-s\/\",\"name\":\"SEMI MASCARILLA REUTILIZABLE SIMPLE 762-S &ndash; Chemitool\",\"isPartOf\":{\"@id\":\"https:\/\/chemitool.com\/#website\"},\"primaryImageOfPage\":{\"@id\":\"https:\/\/chemitool.com\/es\/products\/safety\/proteccion-respiratoria\/mascarillas-reutilizables\/semi-mascarilla-reutilizable-simple-762-s\/#primaryimage\"},\"datePublished\":\"2022-05-13T15:40:27+00:00\",\"dateModified\":\"2022-07-05T15:49:33+00:00\",\"description\":\"Semi Mascarilla Reutilizable Simple 762-S est\\u00e1 dise\\u00f1ada para ofrecer la m\\u00e1xima protecci\\u00f3n contra ciertos gases, vapores y part\\u00edculas como polvo, neblina y humos.\",\"breadcrumb\":{\"@id\":\"https:\/\/chemitool.com\/es\/products\/safety\/proteccion-respiratoria\/mascarillas-reutilizables\/semi-mascarilla-reutilizable-simple-762-s\/#breadcrumb\"},\"inLanguage\":\"es\",\"potentialAction\":[{\"@type\":\"ReadAction\",\"target\":[\"https:\/\/chemitool.com\/es\/products\/safety\/proteccion-respiratoria\/mascarillas-reutilizables\/semi-mascarilla-reutilizable-simple-762-s\/\"]}]},{\"@type\":\"BreadcrumbList\",\"@id\":\"https:\/\/chemitool.com\/es\/products\/safety\/proteccion-respiratoria\/mascarillas-reutilizables\/semi-mascarilla-reutilizable-simple-762-s\/#breadcrumb\",\"itemListElement\":[{\"@type\":\"ListItem\",\"position\":1,\"name\":\"Home\",\"item\":\"https:\/\/chemitool.com\/es\/\"},{\"@type\":\"ListItem\",\"position\":2,\"name\":\"Productos\",\"item\":\"https:\/\/chemitool.com\/es\/productos\/\"},{\"@type\":\"ListItem\",\"position\":3,\"name\":\"Safety\",\"item\":\"https:\/\/chemitool.com\/es\/categoria-producto\/safety\/\"},{\"@type\":\"ListItem\",\"position\":4,\"name\":\"PROTECCI\\u00d3N RESPIRATORIA\",\"item\":\"https:\/\/chemitool.com\/es\/categoria-producto\/safety\/proteccion-respiratoria\/\"},{\"@type\":\"ListItem\",\"position\":5,\"name\":\"Mascarillas reutilizables\",\"item\":\"https:\/\/chemitool.com\/es\/categoria-producto\/safety\/proteccion-respiratoria\/mascarillas-reutilizables\/\"},{\"@type\":\"ListItem\",\"position\":6,\"name\":\"SEMI MASCARILLA REUTILIZABLE SIMPLE 762-S\"}]}]}<\/script>\n<!-- \/ Yoast SEO plugin. -->","yoast_head_json":{"title":"SEMI MASCARILLA REUTILIZABLE SIMPLE 762-S &ndash; Chemitool","description":"Semi Mascarilla Reutilizable Simple 762-S est\u00e1 dise\u00f1ada para ofrecer la m\u00e1xima protecci\u00f3n contra ciertos gases, vapores y part\u00edculas como polvo, neblina y humos.","robots":{"index":"index","follow":"follow","max-snippet":"max-snippet:-1","max-image-preview":"max-image-preview:large","max-video-preview":"max-video-preview:-1"},"canonical":"https:\/\/chemitool.com\/es\/products\/safety\/proteccion-respiratoria\/mascarillas-reutilizables\/semi-mascarilla-reutilizable-simple-762-s\/","og_locale":"es_ES","og_type":"article","og_title":"SEMI MASCARILLA REUTILIZABLE SIMPLE 762-S &ndash; Chemitool","og_description":"Semi Mascarilla Reutilizable Simple 762-S est\u00e1 dise\u00f1ada para ofrecer la m\u00e1xima protecci\u00f3n contra ciertos gases, vapores y part\u00edculas como polvo, neblina y humos.","og_url":"https:\/\/chemitool.com\/es\/products\/safety\/proteccion-respiratoria\/mascarillas-reutilizables\/semi-mascarilla-reutilizable-simple-762-s\/","og_site_name":"Chemitool","article_publisher":"https:\/\/www.facebook.com\/chemitool","article_modified_time":"2022-07-05T15:49:33+00:00","og_image":[{"width":800,"height":800,"url":"https:\/\/chemitool.com\/wp-content\/uploads\/2022\/05\/CHS07030011.png","type":"image\/png"}],"twitter_card":"summary_large_image","schema":{"@context":"https:\/\/schema.org","@graph":[{"@type":"Organization","@id":"https:\/\/chemitool.com\/#organization","name":"Chemitool","url":"https:\/\/chemitool.com\/","sameAs":["https:\/\/www.facebook.com\/chemitool","https:\/\/www.instagram.com\/chemitool\/"],"logo":{"@type":"ImageObject","@id":"https:\/\/chemitool.com\/#logo","inLanguage":"es","url":"https:\/\/chemitool.com\/wp-content\/uploads\/2020\/10\/logo_chemitool.png","contentUrl":"https:\/\/chemitool.com\/wp-content\/uploads\/2020\/10\/logo_chemitool.png","width":400,"height":400,"caption":"Chemitool"},"image":{"@id":"https:\/\/chemitool.com\/#logo"}},{"@type":"WebSite","@id":"https:\/\/chemitool.com\/#website","url":"https:\/\/chemitool.com\/","name":"Chemitool","description":"Chemitool - hardware and tools","publisher":{"@id":"https:\/\/chemitool.com\/#organization"},"potentialAction":[{"@type":"SearchAction","target":{"@type":"EntryPoint","urlTemplate":"https:\/\/chemitool.com\/?s={search_term_string}"},"query-input":"required name=search_term_string"}],"inLanguage":"es"},{"@type":"ImageObject","@id":"https:\/\/chemitool.com\/es\/products\/safety\/proteccion-respiratoria\/mascarillas-reutilizables\/semi-mascarilla-reutilizable-simple-762-s\/#primaryimage","inLanguage":"es","url":"https:\/\/chemitool.com\/wp-content\/uploads\/2022\/05\/CHS07030011.png","contentUrl":"https:\/\/chemitool.com\/wp-content\/uploads\/2022\/05\/CHS07030011.png","width":800,"height":800},{"@type":"WebPage","@id":"https:\/\/chemitool.com\/es\/products\/safety\/proteccion-respiratoria\/mascarillas-reutilizables\/semi-mascarilla-reutilizable-simple-762-s\/#webpage","url":"https:\/\/chemitool.com\/es\/products\/safety\/proteccion-respiratoria\/mascarillas-reutilizables\/semi-mascarilla-reutilizable-simple-762-s\/","name":"SEMI MASCARILLA REUTILIZABLE SIMPLE 762-S &ndash; Chemitool","isPartOf":{"@id":"https:\/\/chemitool.com\/#website"},"primaryImageOfPage":{"@id":"https:\/\/chemitool.com\/es\/products\/safety\/proteccion-respiratoria\/mascarillas-reutilizables\/semi-mascarilla-reutilizable-simple-762-s\/#primaryimage"},"datePublished":"2022-05-13T15:40:27+00:00","dateModified":"2022-07-05T15:49:33+00:00","description":"Semi Mascarilla Reutilizable Simple 762-S est\u00e1 dise\u00f1ada para ofrecer la m\u00e1xima protecci\u00f3n contra ciertos gases, vapores y part\u00edculas como polvo, neblina y humos.","breadcrumb":{"@id":"https:\/\/chemitool.com\/es\/products\/safety\/proteccion-respiratoria\/mascarillas-reutilizables\/semi-mascarilla-reutilizable-simple-762-s\/#breadcrumb"},"inLanguage":"es","potentialAction":[{"@type":"ReadAction","target":["https:\/\/chemitool.com\/es\/products\/safety\/proteccion-respiratoria\/mascarillas-reutilizables\/semi-mascarilla-reutilizable-simple-762-s\/"]}]},{"@type":"BreadcrumbList","@id":"https:\/\/chemitool.com\/es\/products\/safety\/proteccion-respiratoria\/mascarillas-reutilizables\/semi-mascarilla-reutilizable-simple-762-s\/#breadcrumb","itemListElement":[{"@type":"ListItem","position":1,"name":"Home","item":"https:\/\/chemitool.com\/es\/"},{"@type":"ListItem","position":2,"name":"Productos","item":"https:\/\/chemitool.com\/es\/productos\/"},{"@type":"ListItem","position":3,"name":"Safety","item":"https:\/\/chemitool.com\/es\/categoria-producto\/safety\/"},{"@type":"ListItem","position":4,"name":"PROTECCI\u00d3N RESPIRATORIA","item":"https:\/\/chemitool.com\/es\/categoria-producto\/safety\/proteccion-respiratoria\/"},{"@type":"ListItem","position":5,"name":"Mascarillas reutilizables","item":"https:\/\/chemitool.com\/es\/categoria-producto\/safety\/proteccion-respiratoria\/mascarillas-reutilizables\/"},{"@type":"ListItem","position":6,"name":"SEMI MASCARILLA REUTILIZABLE SIMPLE 762-S"}]}]}},"_links":{"self":[{"href":"https:\/\/chemitool.com\/es\/wp-json\/wp\/v2\/product\/22483"}],"collection":[{"href":"https:\/\/chemitool.com\/es\/wp-json\/wp\/v2\/product"}],"about":[{"href":"https:\/\/chemitool.com\/es\/wp-json\/wp\/v2\/types\/product"}],"wp:featuredmedia":[{"embeddable":true,"href":"https:\/\/chemitool.com\/es\/wp-json\/wp\/v2\/media\/22479"}],"wp:attachment":[{"href":"https:\/\/chemitool.com\/es\/wp-json\/wp\/v2\/media?parent=22483"}],"wp:term":[{"taxonomy":"product_cat","embeddable":true,"href":"https:\/\/chemitool.com\/es\/wp-json\/wp\/v2\/product_cat?post=22483"},{"taxonomy":"product_tag","embeddable":true,"href":"https:\/\/chemitool.com\/es\/wp-json\/wp\/v2\/product_tag?post=22483"}],"curies":[{"name":"wp","href":"https:\/\/api.w.org\/{rel}","templated":true}]}}