{"id":22421,"date":"2022-05-13T08:33:04","date_gmt":"2022-05-13T08:33:11","guid":{"rendered":"https:\/\/chemitool.com\/?post_type=product&#038;p=22421"},"modified":"2022-06-24T15:40:41","modified_gmt":"2022-06-24T15:40:41","slug":"mascarilla-desechable-ffp3-con-valvula","status":"publish","type":"product","link":"https:\/\/chemitool.com\/es\/products\/safety\/proteccion-respiratoria\/mascarillas-desechables\/mascarilla-desechable-ffp3-con-valvula\/","title":{"rendered":"MASCARILLA DESECHABLE FFP3 CON VALVULA"},"content":{"rendered":"<ul>\n<li>Filtraci\u00f3n a prueba de polvo<\/li>\n<li>Forma de concha<\/li>\n<li>Con pinza nasal<\/li>\n<li>Arn\u00e9s de cabeza el\u00e1stico<\/li>\n<li>La v\u00e1lvula reduce las molestias al permitir la expulsi\u00f3n del aire exhalado, evitando la acumulaci\u00f3n de calor en el interior<\/li>\n<li>Superficie interna acolchada, muy suave y maleable<\/li>\n<li>Valor de protecci\u00f3n asignado (AAV) 20 x TLV<\/li>\n<li><strong>EN 149: 2001 + A1: 2009<\/strong><\/li>\n<\/ul>\n<p><strong><img class=\"alignnone wp-image-23949\" src=\"https:\/\/chemitool.com\/wp-content\/uploads\/2022\/05\/CE_CAT3_only-1.png\" alt=\"\" width=\"95\" height=\"108\" \/><img class=\"alignnone wp-image-22353\" src=\"https:\/\/chemitool.com\/wp-content\/uploads\/2022\/05\/FFP3.jpg\" alt=\"\" width=\"81\" height=\"83\" \/><\/strong><\/p>\n<p><strong>AREAS DE APLICACI\u00d3N<\/strong><\/p>\n<p>En todas las \u00e1reas con entornos de trabajo contaminados con polvo, como: construccion, industria mecanica, agricultura, empresas de limpieza, transporte, log\u00edstica.<\/p>\n","protected":false},"excerpt":{"rendered":"<p><b class=\"sap-label\">SAP:<\/b> <span class=\"codesap-label\"> CHS07050501 <\/span><\/p>\n<p><em>Mascarilla Desechable FFP3 CHEMITOOL <\/em>es un equipo de protecci\u00f3n personal espec\u00edficamente indicado para protecci\u00f3n respiratoria.<\/p>\n","protected":false},"featured_media":22413,"template":"","meta":[],"product_cat":[1454,3875,3878],"product_tag":[],"yoast_head":"<!-- This site is optimized with the Yoast SEO plugin v17.4 - https:\/\/yoast.com\/wordpress\/plugins\/seo\/ -->\n<title>MASCARILLA DESECHABLE FFP3 CON VALVULA &ndash; Chemitool<\/title>\n<meta name=\"description\" content=\"SAP: CHS07050501   Mascarilla Desechable FFP3 CHEMITOOL es un equipo de protecci\u00f3n personal espec\u00edficamente indicado para protecci\u00f3n respiratoria.\" \/>\n<meta name=\"robots\" content=\"index, follow, max-snippet:-1, max-image-preview:large, max-video-preview:-1\" \/>\n<link rel=\"canonical\" href=\"https:\/\/chemitool.com\/es\/products\/safety\/proteccion-respiratoria\/mascarillas-desechables\/mascarilla-desechable-ffp3-con-valvula\/\" \/>\n<meta property=\"og:locale\" content=\"es_ES\" \/>\n<meta property=\"og:type\" content=\"article\" \/>\n<meta property=\"og:title\" content=\"MASCARILLA DESECHABLE FFP3 CON VALVULA &ndash; Chemitool\" \/>\n<meta property=\"og:description\" content=\"SAP: CHS07050501   Mascarilla Desechable FFP3 CHEMITOOL es un equipo de protecci\u00f3n personal espec\u00edficamente indicado para protecci\u00f3n respiratoria.\" \/>\n<meta property=\"og:url\" content=\"https:\/\/chemitool.com\/es\/products\/safety\/proteccion-respiratoria\/mascarillas-desechables\/mascarilla-desechable-ffp3-con-valvula\/\" \/>\n<meta property=\"og:site_name\" content=\"Chemitool\" \/>\n<meta property=\"article:publisher\" content=\"https:\/\/www.facebook.com\/chemitool\" \/>\n<meta property=\"article:modified_time\" content=\"2022-06-24T15:40:41+00:00\" \/>\n<meta property=\"og:image\" content=\"https:\/\/chemitool.com\/wp-content\/uploads\/2022\/05\/CHS07050501.png\" \/>\n\t<meta property=\"og:image:width\" content=\"800\" \/>\n\t<meta property=\"og:image:height\" content=\"800\" \/>\n<meta name=\"twitter:card\" content=\"summary_large_image\" \/>\n<script type=\"application\/ld+json\" class=\"yoast-schema-graph\">{\"@context\":\"https:\/\/schema.org\",\"@graph\":[{\"@type\":\"Organization\",\"@id\":\"https:\/\/chemitool.com\/#organization\",\"name\":\"Chemitool\",\"url\":\"https:\/\/chemitool.com\/\",\"sameAs\":[\"https:\/\/www.facebook.com\/chemitool\",\"https:\/\/www.instagram.com\/chemitool\/\"],\"logo\":{\"@type\":\"ImageObject\",\"@id\":\"https:\/\/chemitool.com\/#logo\",\"inLanguage\":\"es\",\"url\":\"https:\/\/chemitool.com\/wp-content\/uploads\/2020\/10\/logo_chemitool.png\",\"contentUrl\":\"https:\/\/chemitool.com\/wp-content\/uploads\/2020\/10\/logo_chemitool.png\",\"width\":400,\"height\":400,\"caption\":\"Chemitool\"},\"image\":{\"@id\":\"https:\/\/chemitool.com\/#logo\"}},{\"@type\":\"WebSite\",\"@id\":\"https:\/\/chemitool.com\/#website\",\"url\":\"https:\/\/chemitool.com\/\",\"name\":\"Chemitool\",\"description\":\"Chemitool - hardware and tools\",\"publisher\":{\"@id\":\"https:\/\/chemitool.com\/#organization\"},\"potentialAction\":[{\"@type\":\"SearchAction\",\"target\":{\"@type\":\"EntryPoint\",\"urlTemplate\":\"https:\/\/chemitool.com\/?s={search_term_string}\"},\"query-input\":\"required name=search_term_string\"}],\"inLanguage\":\"es\"},{\"@type\":\"ImageObject\",\"@id\":\"https:\/\/chemitool.com\/es\/products\/safety\/proteccion-respiratoria\/mascarillas-desechables\/mascarilla-desechable-ffp3-con-valvula\/#primaryimage\",\"inLanguage\":\"es\",\"url\":\"https:\/\/chemitool.com\/wp-content\/uploads\/2022\/05\/CHS07050501.png\",\"contentUrl\":\"https:\/\/chemitool.com\/wp-content\/uploads\/2022\/05\/CHS07050501.png\",\"width\":800,\"height\":800},{\"@type\":\"WebPage\",\"@id\":\"https:\/\/chemitool.com\/es\/products\/safety\/proteccion-respiratoria\/mascarillas-desechables\/mascarilla-desechable-ffp3-con-valvula\/#webpage\",\"url\":\"https:\/\/chemitool.com\/es\/products\/safety\/proteccion-respiratoria\/mascarillas-desechables\/mascarilla-desechable-ffp3-con-valvula\/\",\"name\":\"MASCARILLA DESECHABLE FFP3 CON VALVULA &ndash; Chemitool\",\"isPartOf\":{\"@id\":\"https:\/\/chemitool.com\/#website\"},\"primaryImageOfPage\":{\"@id\":\"https:\/\/chemitool.com\/es\/products\/safety\/proteccion-respiratoria\/mascarillas-desechables\/mascarilla-desechable-ffp3-con-valvula\/#primaryimage\"},\"datePublished\":\"2022-05-13T08:33:11+00:00\",\"dateModified\":\"2022-06-24T15:40:41+00:00\",\"description\":\"SAP: CHS07050501 Mascarilla Desechable FFP3 CHEMITOOL es un equipo de protecci\\u00f3n personal espec\\u00edficamente indicado para protecci\\u00f3n respiratoria.\",\"breadcrumb\":{\"@id\":\"https:\/\/chemitool.com\/es\/products\/safety\/proteccion-respiratoria\/mascarillas-desechables\/mascarilla-desechable-ffp3-con-valvula\/#breadcrumb\"},\"inLanguage\":\"es\",\"potentialAction\":[{\"@type\":\"ReadAction\",\"target\":[\"https:\/\/chemitool.com\/es\/products\/safety\/proteccion-respiratoria\/mascarillas-desechables\/mascarilla-desechable-ffp3-con-valvula\/\"]}]},{\"@type\":\"BreadcrumbList\",\"@id\":\"https:\/\/chemitool.com\/es\/products\/safety\/proteccion-respiratoria\/mascarillas-desechables\/mascarilla-desechable-ffp3-con-valvula\/#breadcrumb\",\"itemListElement\":[{\"@type\":\"ListItem\",\"position\":1,\"name\":\"Home\",\"item\":\"https:\/\/chemitool.com\/es\/\"},{\"@type\":\"ListItem\",\"position\":2,\"name\":\"Productos\",\"item\":\"https:\/\/chemitool.com\/es\/productos\/\"},{\"@type\":\"ListItem\",\"position\":3,\"name\":\"Safety\",\"item\":\"https:\/\/chemitool.com\/es\/categoria-producto\/safety\/\"},{\"@type\":\"ListItem\",\"position\":4,\"name\":\"PROTECCI\\u00d3N RESPIRATORIA\",\"item\":\"https:\/\/chemitool.com\/es\/categoria-producto\/safety\/proteccion-respiratoria\/\"},{\"@type\":\"ListItem\",\"position\":5,\"name\":\"Mascarillas desechables\",\"item\":\"https:\/\/chemitool.com\/es\/categoria-producto\/safety\/proteccion-respiratoria\/mascarillas-desechables\/\"},{\"@type\":\"ListItem\",\"position\":6,\"name\":\"MASCARILLA DESECHABLE FFP3 CON VALVULA\"}]}]}<\/script>\n<!-- \/ Yoast SEO plugin. -->","yoast_head_json":{"title":"MASCARILLA DESECHABLE FFP3 CON VALVULA &ndash; Chemitool","description":"SAP: CHS07050501   Mascarilla Desechable FFP3 CHEMITOOL es un equipo de protecci\u00f3n personal espec\u00edficamente indicado para protecci\u00f3n respiratoria.","robots":{"index":"index","follow":"follow","max-snippet":"max-snippet:-1","max-image-preview":"max-image-preview:large","max-video-preview":"max-video-preview:-1"},"canonical":"https:\/\/chemitool.com\/es\/products\/safety\/proteccion-respiratoria\/mascarillas-desechables\/mascarilla-desechable-ffp3-con-valvula\/","og_locale":"es_ES","og_type":"article","og_title":"MASCARILLA DESECHABLE FFP3 CON VALVULA &ndash; Chemitool","og_description":"SAP: CHS07050501   Mascarilla Desechable FFP3 CHEMITOOL es un equipo de protecci\u00f3n personal espec\u00edficamente indicado para protecci\u00f3n respiratoria.","og_url":"https:\/\/chemitool.com\/es\/products\/safety\/proteccion-respiratoria\/mascarillas-desechables\/mascarilla-desechable-ffp3-con-valvula\/","og_site_name":"Chemitool","article_publisher":"https:\/\/www.facebook.com\/chemitool","article_modified_time":"2022-06-24T15:40:41+00:00","og_image":[{"width":800,"height":800,"url":"https:\/\/chemitool.com\/wp-content\/uploads\/2022\/05\/CHS07050501.png","type":"image\/png"}],"twitter_card":"summary_large_image","schema":{"@context":"https:\/\/schema.org","@graph":[{"@type":"Organization","@id":"https:\/\/chemitool.com\/#organization","name":"Chemitool","url":"https:\/\/chemitool.com\/","sameAs":["https:\/\/www.facebook.com\/chemitool","https:\/\/www.instagram.com\/chemitool\/"],"logo":{"@type":"ImageObject","@id":"https:\/\/chemitool.com\/#logo","inLanguage":"es","url":"https:\/\/chemitool.com\/wp-content\/uploads\/2020\/10\/logo_chemitool.png","contentUrl":"https:\/\/chemitool.com\/wp-content\/uploads\/2020\/10\/logo_chemitool.png","width":400,"height":400,"caption":"Chemitool"},"image":{"@id":"https:\/\/chemitool.com\/#logo"}},{"@type":"WebSite","@id":"https:\/\/chemitool.com\/#website","url":"https:\/\/chemitool.com\/","name":"Chemitool","description":"Chemitool - hardware and tools","publisher":{"@id":"https:\/\/chemitool.com\/#organization"},"potentialAction":[{"@type":"SearchAction","target":{"@type":"EntryPoint","urlTemplate":"https:\/\/chemitool.com\/?s={search_term_string}"},"query-input":"required name=search_term_string"}],"inLanguage":"es"},{"@type":"ImageObject","@id":"https:\/\/chemitool.com\/es\/products\/safety\/proteccion-respiratoria\/mascarillas-desechables\/mascarilla-desechable-ffp3-con-valvula\/#primaryimage","inLanguage":"es","url":"https:\/\/chemitool.com\/wp-content\/uploads\/2022\/05\/CHS07050501.png","contentUrl":"https:\/\/chemitool.com\/wp-content\/uploads\/2022\/05\/CHS07050501.png","width":800,"height":800},{"@type":"WebPage","@id":"https:\/\/chemitool.com\/es\/products\/safety\/proteccion-respiratoria\/mascarillas-desechables\/mascarilla-desechable-ffp3-con-valvula\/#webpage","url":"https:\/\/chemitool.com\/es\/products\/safety\/proteccion-respiratoria\/mascarillas-desechables\/mascarilla-desechable-ffp3-con-valvula\/","name":"MASCARILLA DESECHABLE FFP3 CON VALVULA &ndash; Chemitool","isPartOf":{"@id":"https:\/\/chemitool.com\/#website"},"primaryImageOfPage":{"@id":"https:\/\/chemitool.com\/es\/products\/safety\/proteccion-respiratoria\/mascarillas-desechables\/mascarilla-desechable-ffp3-con-valvula\/#primaryimage"},"datePublished":"2022-05-13T08:33:11+00:00","dateModified":"2022-06-24T15:40:41+00:00","description":"SAP: CHS07050501 Mascarilla Desechable FFP3 CHEMITOOL es un equipo de protecci\u00f3n personal espec\u00edficamente indicado para protecci\u00f3n respiratoria.","breadcrumb":{"@id":"https:\/\/chemitool.com\/es\/products\/safety\/proteccion-respiratoria\/mascarillas-desechables\/mascarilla-desechable-ffp3-con-valvula\/#breadcrumb"},"inLanguage":"es","potentialAction":[{"@type":"ReadAction","target":["https:\/\/chemitool.com\/es\/products\/safety\/proteccion-respiratoria\/mascarillas-desechables\/mascarilla-desechable-ffp3-con-valvula\/"]}]},{"@type":"BreadcrumbList","@id":"https:\/\/chemitool.com\/es\/products\/safety\/proteccion-respiratoria\/mascarillas-desechables\/mascarilla-desechable-ffp3-con-valvula\/#breadcrumb","itemListElement":[{"@type":"ListItem","position":1,"name":"Home","item":"https:\/\/chemitool.com\/es\/"},{"@type":"ListItem","position":2,"name":"Productos","item":"https:\/\/chemitool.com\/es\/productos\/"},{"@type":"ListItem","position":3,"name":"Safety","item":"https:\/\/chemitool.com\/es\/categoria-producto\/safety\/"},{"@type":"ListItem","position":4,"name":"PROTECCI\u00d3N RESPIRATORIA","item":"https:\/\/chemitool.com\/es\/categoria-producto\/safety\/proteccion-respiratoria\/"},{"@type":"ListItem","position":5,"name":"Mascarillas desechables","item":"https:\/\/chemitool.com\/es\/categoria-producto\/safety\/proteccion-respiratoria\/mascarillas-desechables\/"},{"@type":"ListItem","position":6,"name":"MASCARILLA DESECHABLE FFP3 CON VALVULA"}]}]}},"_links":{"self":[{"href":"https:\/\/chemitool.com\/es\/wp-json\/wp\/v2\/product\/22421"}],"collection":[{"href":"https:\/\/chemitool.com\/es\/wp-json\/wp\/v2\/product"}],"about":[{"href":"https:\/\/chemitool.com\/es\/wp-json\/wp\/v2\/types\/product"}],"wp:featuredmedia":[{"embeddable":true,"href":"https:\/\/chemitool.com\/es\/wp-json\/wp\/v2\/media\/22413"}],"wp:attachment":[{"href":"https:\/\/chemitool.com\/es\/wp-json\/wp\/v2\/media?parent=22421"}],"wp:term":[{"taxonomy":"product_cat","embeddable":true,"href":"https:\/\/chemitool.com\/es\/wp-json\/wp\/v2\/product_cat?post=22421"},{"taxonomy":"product_tag","embeddable":true,"href":"https:\/\/chemitool.com\/es\/wp-json\/wp\/v2\/product_tag?post=22421"}],"curies":[{"name":"wp","href":"https:\/\/api.w.org\/{rel}","templated":true}]}}