{"id":22339,"date":"2022-05-12T09:55:48","date_gmt":"2022-05-12T09:55:49","guid":{"rendered":"https:\/\/chemitool.com\/?post_type=product&#038;p=22339"},"modified":"2022-06-24T15:13:01","modified_gmt":"2022-06-24T15:13:01","slug":"mascarilla-desechable-ffp2","status":"publish","type":"product","link":"https:\/\/chemitool.com\/es\/products\/safety\/proteccion-respiratoria\/mascarillas-desechables\/mascarilla-desechable-ffp2\/","title":{"rendered":"MASCARILLA DESECHABLE FFP2"},"content":{"rendered":"<ul>\n<li>Valor de protecci\u00f3n atribuido (APV) 10 x TLV<\/li>\n<li>Forma de concha<\/li>\n<li>Protege contra aerosoles s\u00f3lidos y\/o l\u00edquidos ligeramente t\u00f3xicos<\/li>\n<li>Clip y almohadilla nasal ajustables<\/li>\n<li>El\u00e1sticos termosellados<\/li>\n<li><strong>EN 149: 2001 + A1: 2009<\/strong><\/li>\n<\/ul>\n<p><strong><img class=\"alignnone wp-image-23949\" src=\"https:\/\/chemitool.com\/wp-content\/uploads\/2022\/05\/CE_CAT3_only-1.png\" alt=\"\" width=\"95\" height=\"108\" \/><img class=\"alignnone wp-image-22306\" src=\"https:\/\/chemitool.com\/wp-content\/uploads\/2022\/05\/FFP2.png\" alt=\"\" width=\"83\" height=\"83\" srcset=\"https:\/\/chemitool.com\/wp-content\/uploads\/2022\/05\/FFP2.png 200w, https:\/\/chemitool.com\/wp-content\/uploads\/2022\/05\/FFP2-150x150.png 150w, https:\/\/chemitool.com\/wp-content\/uploads\/2022\/05\/FFP2-100x100.png 100w\" sizes=\"(max-width: 83px) 100vw, 83px\" \/><\/strong><\/p>\n<p><strong>AREAS DE APLICACI\u00d3N<\/strong><\/p>\n<p>En todas las \u00e1reas con entornos de trabajo contaminados con polvo, como: construccion, industria mecanica, agricultura, empresas de limpieza, transporte, log\u00edstica.<\/p>\n","protected":false},"excerpt":{"rendered":"<p><b class=\"sap-label\">SAP:<\/b> <span class=\"codesap-label\"> CHS07050201 <\/span><\/p>\n<p><em>Mascarilla Desechable FFP CHEMITOOL <\/em>es un equipo de protecci\u00f3n personal espec\u00edficamente indicado para protecci\u00f3n respiratoria.<\/p>\n","protected":false},"featured_media":22343,"template":"","meta":[],"product_cat":[1454,3875,3878],"product_tag":[],"yoast_head":"<!-- This site is optimized with the Yoast SEO plugin v17.4 - https:\/\/yoast.com\/wordpress\/plugins\/seo\/ -->\n<title>MASCARILLA DESECHABLE FFP2 &ndash; Chemitool<\/title>\n<meta name=\"description\" content=\"SAP: CHS07050201   Mascarilla Desechable FFP CHEMITOOL es un equipo de protecci\u00f3n personal espec\u00edficamente indicado para protecci\u00f3n respiratoria.\" \/>\n<meta name=\"robots\" content=\"index, follow, max-snippet:-1, max-image-preview:large, max-video-preview:-1\" \/>\n<link rel=\"canonical\" href=\"https:\/\/chemitool.com\/es\/products\/safety\/proteccion-respiratoria\/mascarillas-desechables\/mascarilla-desechable-ffp2\/\" \/>\n<meta property=\"og:locale\" content=\"es_ES\" \/>\n<meta property=\"og:type\" content=\"article\" \/>\n<meta property=\"og:title\" content=\"MASCARILLA DESECHABLE FFP2 &ndash; Chemitool\" \/>\n<meta property=\"og:description\" content=\"SAP: CHS07050201   Mascarilla Desechable FFP CHEMITOOL es un equipo de protecci\u00f3n personal espec\u00edficamente indicado para protecci\u00f3n respiratoria.\" \/>\n<meta property=\"og:url\" content=\"https:\/\/chemitool.com\/es\/products\/safety\/proteccion-respiratoria\/mascarillas-desechables\/mascarilla-desechable-ffp2\/\" \/>\n<meta property=\"og:site_name\" content=\"Chemitool\" \/>\n<meta property=\"article:publisher\" content=\"https:\/\/www.facebook.com\/chemitool\" \/>\n<meta property=\"article:modified_time\" content=\"2022-06-24T15:13:01+00:00\" \/>\n<meta property=\"og:image\" content=\"https:\/\/chemitool.com\/wp-content\/uploads\/2022\/05\/CHS07050201-1.png\" \/>\n\t<meta property=\"og:image:width\" content=\"800\" \/>\n\t<meta property=\"og:image:height\" content=\"800\" \/>\n<meta name=\"twitter:card\" content=\"summary_large_image\" \/>\n<script type=\"application\/ld+json\" class=\"yoast-schema-graph\">{\"@context\":\"https:\/\/schema.org\",\"@graph\":[{\"@type\":\"Organization\",\"@id\":\"https:\/\/chemitool.com\/#organization\",\"name\":\"Chemitool\",\"url\":\"https:\/\/chemitool.com\/\",\"sameAs\":[\"https:\/\/www.facebook.com\/chemitool\",\"https:\/\/www.instagram.com\/chemitool\/\"],\"logo\":{\"@type\":\"ImageObject\",\"@id\":\"https:\/\/chemitool.com\/#logo\",\"inLanguage\":\"es\",\"url\":\"https:\/\/chemitool.com\/wp-content\/uploads\/2020\/10\/logo_chemitool.png\",\"contentUrl\":\"https:\/\/chemitool.com\/wp-content\/uploads\/2020\/10\/logo_chemitool.png\",\"width\":400,\"height\":400,\"caption\":\"Chemitool\"},\"image\":{\"@id\":\"https:\/\/chemitool.com\/#logo\"}},{\"@type\":\"WebSite\",\"@id\":\"https:\/\/chemitool.com\/#website\",\"url\":\"https:\/\/chemitool.com\/\",\"name\":\"Chemitool\",\"description\":\"Chemitool - hardware and tools\",\"publisher\":{\"@id\":\"https:\/\/chemitool.com\/#organization\"},\"potentialAction\":[{\"@type\":\"SearchAction\",\"target\":{\"@type\":\"EntryPoint\",\"urlTemplate\":\"https:\/\/chemitool.com\/?s={search_term_string}\"},\"query-input\":\"required name=search_term_string\"}],\"inLanguage\":\"es\"},{\"@type\":\"ImageObject\",\"@id\":\"https:\/\/chemitool.com\/es\/products\/safety\/proteccion-respiratoria\/mascarillas-desechables\/mascarilla-desechable-ffp2\/#primaryimage\",\"inLanguage\":\"es\",\"url\":\"https:\/\/chemitool.com\/wp-content\/uploads\/2022\/05\/CHS07050201-1.png\",\"contentUrl\":\"https:\/\/chemitool.com\/wp-content\/uploads\/2022\/05\/CHS07050201-1.png\",\"width\":800,\"height\":800},{\"@type\":\"WebPage\",\"@id\":\"https:\/\/chemitool.com\/es\/products\/safety\/proteccion-respiratoria\/mascarillas-desechables\/mascarilla-desechable-ffp2\/#webpage\",\"url\":\"https:\/\/chemitool.com\/es\/products\/safety\/proteccion-respiratoria\/mascarillas-desechables\/mascarilla-desechable-ffp2\/\",\"name\":\"MASCARILLA DESECHABLE FFP2 &ndash; Chemitool\",\"isPartOf\":{\"@id\":\"https:\/\/chemitool.com\/#website\"},\"primaryImageOfPage\":{\"@id\":\"https:\/\/chemitool.com\/es\/products\/safety\/proteccion-respiratoria\/mascarillas-desechables\/mascarilla-desechable-ffp2\/#primaryimage\"},\"datePublished\":\"2022-05-12T09:55:49+00:00\",\"dateModified\":\"2022-06-24T15:13:01+00:00\",\"description\":\"SAP: CHS07050201 Mascarilla Desechable FFP CHEMITOOL es un equipo de protecci\\u00f3n personal espec\\u00edficamente indicado para protecci\\u00f3n respiratoria.\",\"breadcrumb\":{\"@id\":\"https:\/\/chemitool.com\/es\/products\/safety\/proteccion-respiratoria\/mascarillas-desechables\/mascarilla-desechable-ffp2\/#breadcrumb\"},\"inLanguage\":\"es\",\"potentialAction\":[{\"@type\":\"ReadAction\",\"target\":[\"https:\/\/chemitool.com\/es\/products\/safety\/proteccion-respiratoria\/mascarillas-desechables\/mascarilla-desechable-ffp2\/\"]}]},{\"@type\":\"BreadcrumbList\",\"@id\":\"https:\/\/chemitool.com\/es\/products\/safety\/proteccion-respiratoria\/mascarillas-desechables\/mascarilla-desechable-ffp2\/#breadcrumb\",\"itemListElement\":[{\"@type\":\"ListItem\",\"position\":1,\"name\":\"Home\",\"item\":\"https:\/\/chemitool.com\/es\/\"},{\"@type\":\"ListItem\",\"position\":2,\"name\":\"Productos\",\"item\":\"https:\/\/chemitool.com\/es\/productos\/\"},{\"@type\":\"ListItem\",\"position\":3,\"name\":\"Safety\",\"item\":\"https:\/\/chemitool.com\/es\/categoria-producto\/safety\/\"},{\"@type\":\"ListItem\",\"position\":4,\"name\":\"PROTECCI\\u00d3N RESPIRATORIA\",\"item\":\"https:\/\/chemitool.com\/es\/categoria-producto\/safety\/proteccion-respiratoria\/\"},{\"@type\":\"ListItem\",\"position\":5,\"name\":\"Mascarillas desechables\",\"item\":\"https:\/\/chemitool.com\/es\/categoria-producto\/safety\/proteccion-respiratoria\/mascarillas-desechables\/\"},{\"@type\":\"ListItem\",\"position\":6,\"name\":\"MASCARILLA DESECHABLE FFP2\"}]}]}<\/script>\n<!-- \/ Yoast SEO plugin. -->","yoast_head_json":{"title":"MASCARILLA DESECHABLE FFP2 &ndash; Chemitool","description":"SAP: CHS07050201   Mascarilla Desechable FFP CHEMITOOL es un equipo de protecci\u00f3n personal espec\u00edficamente indicado para protecci\u00f3n respiratoria.","robots":{"index":"index","follow":"follow","max-snippet":"max-snippet:-1","max-image-preview":"max-image-preview:large","max-video-preview":"max-video-preview:-1"},"canonical":"https:\/\/chemitool.com\/es\/products\/safety\/proteccion-respiratoria\/mascarillas-desechables\/mascarilla-desechable-ffp2\/","og_locale":"es_ES","og_type":"article","og_title":"MASCARILLA DESECHABLE FFP2 &ndash; Chemitool","og_description":"SAP: CHS07050201   Mascarilla Desechable FFP CHEMITOOL es un equipo de protecci\u00f3n personal espec\u00edficamente indicado para protecci\u00f3n respiratoria.","og_url":"https:\/\/chemitool.com\/es\/products\/safety\/proteccion-respiratoria\/mascarillas-desechables\/mascarilla-desechable-ffp2\/","og_site_name":"Chemitool","article_publisher":"https:\/\/www.facebook.com\/chemitool","article_modified_time":"2022-06-24T15:13:01+00:00","og_image":[{"width":800,"height":800,"url":"https:\/\/chemitool.com\/wp-content\/uploads\/2022\/05\/CHS07050201-1.png","type":"image\/png"}],"twitter_card":"summary_large_image","schema":{"@context":"https:\/\/schema.org","@graph":[{"@type":"Organization","@id":"https:\/\/chemitool.com\/#organization","name":"Chemitool","url":"https:\/\/chemitool.com\/","sameAs":["https:\/\/www.facebook.com\/chemitool","https:\/\/www.instagram.com\/chemitool\/"],"logo":{"@type":"ImageObject","@id":"https:\/\/chemitool.com\/#logo","inLanguage":"es","url":"https:\/\/chemitool.com\/wp-content\/uploads\/2020\/10\/logo_chemitool.png","contentUrl":"https:\/\/chemitool.com\/wp-content\/uploads\/2020\/10\/logo_chemitool.png","width":400,"height":400,"caption":"Chemitool"},"image":{"@id":"https:\/\/chemitool.com\/#logo"}},{"@type":"WebSite","@id":"https:\/\/chemitool.com\/#website","url":"https:\/\/chemitool.com\/","name":"Chemitool","description":"Chemitool - hardware and tools","publisher":{"@id":"https:\/\/chemitool.com\/#organization"},"potentialAction":[{"@type":"SearchAction","target":{"@type":"EntryPoint","urlTemplate":"https:\/\/chemitool.com\/?s={search_term_string}"},"query-input":"required name=search_term_string"}],"inLanguage":"es"},{"@type":"ImageObject","@id":"https:\/\/chemitool.com\/es\/products\/safety\/proteccion-respiratoria\/mascarillas-desechables\/mascarilla-desechable-ffp2\/#primaryimage","inLanguage":"es","url":"https:\/\/chemitool.com\/wp-content\/uploads\/2022\/05\/CHS07050201-1.png","contentUrl":"https:\/\/chemitool.com\/wp-content\/uploads\/2022\/05\/CHS07050201-1.png","width":800,"height":800},{"@type":"WebPage","@id":"https:\/\/chemitool.com\/es\/products\/safety\/proteccion-respiratoria\/mascarillas-desechables\/mascarilla-desechable-ffp2\/#webpage","url":"https:\/\/chemitool.com\/es\/products\/safety\/proteccion-respiratoria\/mascarillas-desechables\/mascarilla-desechable-ffp2\/","name":"MASCARILLA DESECHABLE FFP2 &ndash; Chemitool","isPartOf":{"@id":"https:\/\/chemitool.com\/#website"},"primaryImageOfPage":{"@id":"https:\/\/chemitool.com\/es\/products\/safety\/proteccion-respiratoria\/mascarillas-desechables\/mascarilla-desechable-ffp2\/#primaryimage"},"datePublished":"2022-05-12T09:55:49+00:00","dateModified":"2022-06-24T15:13:01+00:00","description":"SAP: CHS07050201 Mascarilla Desechable FFP CHEMITOOL es un equipo de protecci\u00f3n personal espec\u00edficamente indicado para protecci\u00f3n respiratoria.","breadcrumb":{"@id":"https:\/\/chemitool.com\/es\/products\/safety\/proteccion-respiratoria\/mascarillas-desechables\/mascarilla-desechable-ffp2\/#breadcrumb"},"inLanguage":"es","potentialAction":[{"@type":"ReadAction","target":["https:\/\/chemitool.com\/es\/products\/safety\/proteccion-respiratoria\/mascarillas-desechables\/mascarilla-desechable-ffp2\/"]}]},{"@type":"BreadcrumbList","@id":"https:\/\/chemitool.com\/es\/products\/safety\/proteccion-respiratoria\/mascarillas-desechables\/mascarilla-desechable-ffp2\/#breadcrumb","itemListElement":[{"@type":"ListItem","position":1,"name":"Home","item":"https:\/\/chemitool.com\/es\/"},{"@type":"ListItem","position":2,"name":"Productos","item":"https:\/\/chemitool.com\/es\/productos\/"},{"@type":"ListItem","position":3,"name":"Safety","item":"https:\/\/chemitool.com\/es\/categoria-producto\/safety\/"},{"@type":"ListItem","position":4,"name":"PROTECCI\u00d3N RESPIRATORIA","item":"https:\/\/chemitool.com\/es\/categoria-producto\/safety\/proteccion-respiratoria\/"},{"@type":"ListItem","position":5,"name":"Mascarillas desechables","item":"https:\/\/chemitool.com\/es\/categoria-producto\/safety\/proteccion-respiratoria\/mascarillas-desechables\/"},{"@type":"ListItem","position":6,"name":"MASCARILLA DESECHABLE FFP2"}]}]}},"_links":{"self":[{"href":"https:\/\/chemitool.com\/es\/wp-json\/wp\/v2\/product\/22339"}],"collection":[{"href":"https:\/\/chemitool.com\/es\/wp-json\/wp\/v2\/product"}],"about":[{"href":"https:\/\/chemitool.com\/es\/wp-json\/wp\/v2\/types\/product"}],"wp:featuredmedia":[{"embeddable":true,"href":"https:\/\/chemitool.com\/es\/wp-json\/wp\/v2\/media\/22343"}],"wp:attachment":[{"href":"https:\/\/chemitool.com\/es\/wp-json\/wp\/v2\/media?parent=22339"}],"wp:term":[{"taxonomy":"product_cat","embeddable":true,"href":"https:\/\/chemitool.com\/es\/wp-json\/wp\/v2\/product_cat?post=22339"},{"taxonomy":"product_tag","embeddable":true,"href":"https:\/\/chemitool.com\/es\/wp-json\/wp\/v2\/product_tag?post=22339"}],"curies":[{"name":"wp","href":"https:\/\/api.w.org\/{rel}","templated":true}]}}