{"id":21928,"date":"2022-05-06T16:04:27","date_gmt":"2022-05-06T16:04:27","guid":{"rendered":"https:\/\/chemitool.com\/?post_type=product&#038;p=21928"},"modified":"2025-07-31T10:35:25","modified_gmt":"2025-07-31T10:35:25","slug":"casco-abs-con-ajuste-manual","status":"publish","type":"product","link":"https:\/\/chemitool.com\/es\/products\/safety\/proteccion-cabeza\/casco-abs-con-ajuste-manual\/","title":{"rendered":"CASCO ABS CON AJUSTE MANUAL"},"content":{"rendered":"<ul>\n<li>Casquete ABS<\/li>\n<li>Arn\u00e9s Polietileno<\/li>\n<li>Ajuste Manual<\/li>\n<li>Protecci\u00f3n el\u00e9ctrica hasta 440V en AC<\/li>\n<li>4 puntos de anclaje<\/li>\n<li>Ranura Universal de 30mm<\/li>\n<li>Incorpora banda antisudor<\/li>\n<li><strong>Certificaci\u00f3n: CE EN 397: 2012+A1:2012<\/strong><\/li>\n<\/ul>\n<p><img class=\"alignnone  wp-image-23949\" src=\"https:\/\/chemitool.com\/wp-content\/uploads\/2022\/05\/CE_CAT3_only-1.png\" alt=\"\" width=\"78\" height=\"89\" \/><\/p>\n","protected":false},"excerpt":{"rendered":"<p><em>Casco ABS con Ajuste Manual CHEMITOOL es<\/em>\u00a0ideal para trabajar a jornada completa en lugares susceptibles de ca\u00eddas de objetos y de descargas el\u00e9ctricas hasta una tensi\u00f3n de 440 V ac, ofreciendo una perfecta y duradera protecci\u00f3n<em>.<\/em><\/p>\n","protected":false},"featured_media":22009,"template":"","meta":[],"product_cat":[1454,3851],"product_tag":[],"yoast_head":"<!-- This site is optimized with the Yoast SEO plugin v17.4 - https:\/\/yoast.com\/wordpress\/plugins\/seo\/ -->\n<title>CASCO ABS CON AJUSTE MANUAL &ndash; Chemitool<\/title>\n<meta name=\"description\" content=\"Casco ABS con Ajuste Manual CHEMITOOL es\u00a0ideal para trabajar a jornada completa en lugares susceptibles de ca\u00eddas de objetos y de descargas el\u00e9ctricas hasta una tensi\u00f3n de 440 V ac, ofreciendo una perfecta y duradera protecci\u00f3n.\" \/>\n<meta name=\"robots\" content=\"index, follow, max-snippet:-1, max-image-preview:large, max-video-preview:-1\" \/>\n<link rel=\"canonical\" href=\"https:\/\/chemitool.com\/es\/products\/safety\/proteccion-cabeza\/casco-abs-con-ajuste-manual\/\" \/>\n<meta property=\"og:locale\" content=\"es_ES\" \/>\n<meta property=\"og:type\" content=\"article\" \/>\n<meta property=\"og:title\" content=\"CASCO ABS CON AJUSTE MANUAL &ndash; Chemitool\" \/>\n<meta property=\"og:description\" content=\"Casco ABS con Ajuste Manual CHEMITOOL es\u00a0ideal para trabajar a jornada completa en lugares susceptibles de ca\u00eddas de objetos y de descargas el\u00e9ctricas hasta una tensi\u00f3n de 440 V ac, ofreciendo una perfecta y duradera protecci\u00f3n.\" \/>\n<meta property=\"og:url\" content=\"https:\/\/chemitool.com\/es\/products\/safety\/proteccion-cabeza\/casco-abs-con-ajuste-manual\/\" \/>\n<meta property=\"og:site_name\" content=\"Chemitool\" \/>\n<meta property=\"article:publisher\" content=\"https:\/\/www.facebook.com\/chemitool\" \/>\n<meta property=\"article:modified_time\" content=\"2025-07-31T10:35:25+00:00\" \/>\n<meta property=\"og:image\" content=\"https:\/\/chemitool.com\/wp-content\/uploads\/2022\/05\/CHS0401010200.png\" \/>\n\t<meta property=\"og:image:width\" content=\"800\" \/>\n\t<meta property=\"og:image:height\" content=\"800\" \/>\n<meta name=\"twitter:card\" content=\"summary_large_image\" \/>\n<script type=\"application\/ld+json\" class=\"yoast-schema-graph\">{\"@context\":\"https:\/\/schema.org\",\"@graph\":[{\"@type\":\"Organization\",\"@id\":\"https:\/\/chemitool.com\/#organization\",\"name\":\"Chemitool\",\"url\":\"https:\/\/chemitool.com\/\",\"sameAs\":[\"https:\/\/www.facebook.com\/chemitool\",\"https:\/\/www.instagram.com\/chemitool\/\"],\"logo\":{\"@type\":\"ImageObject\",\"@id\":\"https:\/\/chemitool.com\/#logo\",\"inLanguage\":\"es\",\"url\":\"https:\/\/chemitool.com\/wp-content\/uploads\/2020\/10\/logo_chemitool.png\",\"contentUrl\":\"https:\/\/chemitool.com\/wp-content\/uploads\/2020\/10\/logo_chemitool.png\",\"width\":400,\"height\":400,\"caption\":\"Chemitool\"},\"image\":{\"@id\":\"https:\/\/chemitool.com\/#logo\"}},{\"@type\":\"WebSite\",\"@id\":\"https:\/\/chemitool.com\/#website\",\"url\":\"https:\/\/chemitool.com\/\",\"name\":\"Chemitool\",\"description\":\"Chemitool - hardware and tools\",\"publisher\":{\"@id\":\"https:\/\/chemitool.com\/#organization\"},\"potentialAction\":[{\"@type\":\"SearchAction\",\"target\":{\"@type\":\"EntryPoint\",\"urlTemplate\":\"https:\/\/chemitool.com\/?s={search_term_string}\"},\"query-input\":\"required name=search_term_string\"}],\"inLanguage\":\"es\"},{\"@type\":\"ImageObject\",\"@id\":\"https:\/\/chemitool.com\/es\/products\/safety\/proteccion-cabeza\/casco-abs-con-ajuste-manual\/#primaryimage\",\"inLanguage\":\"es\",\"url\":\"https:\/\/chemitool.com\/wp-content\/uploads\/2022\/05\/CHS0401010200.png\",\"contentUrl\":\"https:\/\/chemitool.com\/wp-content\/uploads\/2022\/05\/CHS0401010200.png\",\"width\":800,\"height\":800},{\"@type\":\"WebPage\",\"@id\":\"https:\/\/chemitool.com\/es\/products\/safety\/proteccion-cabeza\/casco-abs-con-ajuste-manual\/#webpage\",\"url\":\"https:\/\/chemitool.com\/es\/products\/safety\/proteccion-cabeza\/casco-abs-con-ajuste-manual\/\",\"name\":\"CASCO ABS CON AJUSTE MANUAL &ndash; Chemitool\",\"isPartOf\":{\"@id\":\"https:\/\/chemitool.com\/#website\"},\"primaryImageOfPage\":{\"@id\":\"https:\/\/chemitool.com\/es\/products\/safety\/proteccion-cabeza\/casco-abs-con-ajuste-manual\/#primaryimage\"},\"datePublished\":\"2022-05-06T16:04:27+00:00\",\"dateModified\":\"2025-07-31T10:35:25+00:00\",\"description\":\"Casco ABS con Ajuste Manual CHEMITOOL es\\u00a0ideal para trabajar a jornada completa en lugares susceptibles de ca\\u00eddas de objetos y de descargas el\\u00e9ctricas hasta una tensi\\u00f3n de 440 V ac, ofreciendo una perfecta y duradera protecci\\u00f3n.\",\"breadcrumb\":{\"@id\":\"https:\/\/chemitool.com\/es\/products\/safety\/proteccion-cabeza\/casco-abs-con-ajuste-manual\/#breadcrumb\"},\"inLanguage\":\"es\",\"potentialAction\":[{\"@type\":\"ReadAction\",\"target\":[\"https:\/\/chemitool.com\/es\/products\/safety\/proteccion-cabeza\/casco-abs-con-ajuste-manual\/\"]}]},{\"@type\":\"BreadcrumbList\",\"@id\":\"https:\/\/chemitool.com\/es\/products\/safety\/proteccion-cabeza\/casco-abs-con-ajuste-manual\/#breadcrumb\",\"itemListElement\":[{\"@type\":\"ListItem\",\"position\":1,\"name\":\"Home\",\"item\":\"https:\/\/chemitool.com\/es\/\"},{\"@type\":\"ListItem\",\"position\":2,\"name\":\"Productos\",\"item\":\"https:\/\/chemitool.com\/es\/productos\/\"},{\"@type\":\"ListItem\",\"position\":3,\"name\":\"Safety\",\"item\":\"https:\/\/chemitool.com\/product-category\/safety\/\"},{\"@type\":\"ListItem\",\"position\":4,\"name\":\"CASCO ABS CON AJUSTE MANUAL\"}]}]}<\/script>\n<!-- \/ Yoast SEO plugin. -->","yoast_head_json":{"title":"CASCO ABS CON AJUSTE MANUAL &ndash; Chemitool","description":"Casco ABS con Ajuste Manual CHEMITOOL es\u00a0ideal para trabajar a jornada completa en lugares susceptibles de ca\u00eddas de objetos y de descargas el\u00e9ctricas hasta una tensi\u00f3n de 440 V ac, ofreciendo una perfecta y duradera protecci\u00f3n.","robots":{"index":"index","follow":"follow","max-snippet":"max-snippet:-1","max-image-preview":"max-image-preview:large","max-video-preview":"max-video-preview:-1"},"canonical":"https:\/\/chemitool.com\/es\/products\/safety\/proteccion-cabeza\/casco-abs-con-ajuste-manual\/","og_locale":"es_ES","og_type":"article","og_title":"CASCO ABS CON AJUSTE MANUAL &ndash; Chemitool","og_description":"Casco ABS con Ajuste Manual CHEMITOOL es\u00a0ideal para trabajar a jornada completa en lugares susceptibles de ca\u00eddas de objetos y de descargas el\u00e9ctricas hasta una tensi\u00f3n de 440 V ac, ofreciendo una perfecta y duradera protecci\u00f3n.","og_url":"https:\/\/chemitool.com\/es\/products\/safety\/proteccion-cabeza\/casco-abs-con-ajuste-manual\/","og_site_name":"Chemitool","article_publisher":"https:\/\/www.facebook.com\/chemitool","article_modified_time":"2025-07-31T10:35:25+00:00","og_image":[{"width":800,"height":800,"url":"https:\/\/chemitool.com\/wp-content\/uploads\/2022\/05\/CHS0401010200.png","type":"image\/png"}],"twitter_card":"summary_large_image","schema":{"@context":"https:\/\/schema.org","@graph":[{"@type":"Organization","@id":"https:\/\/chemitool.com\/#organization","name":"Chemitool","url":"https:\/\/chemitool.com\/","sameAs":["https:\/\/www.facebook.com\/chemitool","https:\/\/www.instagram.com\/chemitool\/"],"logo":{"@type":"ImageObject","@id":"https:\/\/chemitool.com\/#logo","inLanguage":"es","url":"https:\/\/chemitool.com\/wp-content\/uploads\/2020\/10\/logo_chemitool.png","contentUrl":"https:\/\/chemitool.com\/wp-content\/uploads\/2020\/10\/logo_chemitool.png","width":400,"height":400,"caption":"Chemitool"},"image":{"@id":"https:\/\/chemitool.com\/#logo"}},{"@type":"WebSite","@id":"https:\/\/chemitool.com\/#website","url":"https:\/\/chemitool.com\/","name":"Chemitool","description":"Chemitool - hardware and tools","publisher":{"@id":"https:\/\/chemitool.com\/#organization"},"potentialAction":[{"@type":"SearchAction","target":{"@type":"EntryPoint","urlTemplate":"https:\/\/chemitool.com\/?s={search_term_string}"},"query-input":"required name=search_term_string"}],"inLanguage":"es"},{"@type":"ImageObject","@id":"https:\/\/chemitool.com\/es\/products\/safety\/proteccion-cabeza\/casco-abs-con-ajuste-manual\/#primaryimage","inLanguage":"es","url":"https:\/\/chemitool.com\/wp-content\/uploads\/2022\/05\/CHS0401010200.png","contentUrl":"https:\/\/chemitool.com\/wp-content\/uploads\/2022\/05\/CHS0401010200.png","width":800,"height":800},{"@type":"WebPage","@id":"https:\/\/chemitool.com\/es\/products\/safety\/proteccion-cabeza\/casco-abs-con-ajuste-manual\/#webpage","url":"https:\/\/chemitool.com\/es\/products\/safety\/proteccion-cabeza\/casco-abs-con-ajuste-manual\/","name":"CASCO ABS CON AJUSTE MANUAL &ndash; Chemitool","isPartOf":{"@id":"https:\/\/chemitool.com\/#website"},"primaryImageOfPage":{"@id":"https:\/\/chemitool.com\/es\/products\/safety\/proteccion-cabeza\/casco-abs-con-ajuste-manual\/#primaryimage"},"datePublished":"2022-05-06T16:04:27+00:00","dateModified":"2025-07-31T10:35:25+00:00","description":"Casco ABS con Ajuste Manual CHEMITOOL es\u00a0ideal para trabajar a jornada completa en lugares susceptibles de ca\u00eddas de objetos y de descargas el\u00e9ctricas hasta una tensi\u00f3n de 440 V ac, ofreciendo una perfecta y duradera protecci\u00f3n.","breadcrumb":{"@id":"https:\/\/chemitool.com\/es\/products\/safety\/proteccion-cabeza\/casco-abs-con-ajuste-manual\/#breadcrumb"},"inLanguage":"es","potentialAction":[{"@type":"ReadAction","target":["https:\/\/chemitool.com\/es\/products\/safety\/proteccion-cabeza\/casco-abs-con-ajuste-manual\/"]}]},{"@type":"BreadcrumbList","@id":"https:\/\/chemitool.com\/es\/products\/safety\/proteccion-cabeza\/casco-abs-con-ajuste-manual\/#breadcrumb","itemListElement":[{"@type":"ListItem","position":1,"name":"Home","item":"https:\/\/chemitool.com\/es\/"},{"@type":"ListItem","position":2,"name":"Productos","item":"https:\/\/chemitool.com\/es\/productos\/"},{"@type":"ListItem","position":3,"name":"Safety","item":"https:\/\/chemitool.com\/product-category\/safety\/"},{"@type":"ListItem","position":4,"name":"CASCO ABS CON AJUSTE MANUAL"}]}]}},"_links":{"self":[{"href":"https:\/\/chemitool.com\/es\/wp-json\/wp\/v2\/product\/21928"}],"collection":[{"href":"https:\/\/chemitool.com\/es\/wp-json\/wp\/v2\/product"}],"about":[{"href":"https:\/\/chemitool.com\/es\/wp-json\/wp\/v2\/types\/product"}],"wp:featuredmedia":[{"embeddable":true,"href":"https:\/\/chemitool.com\/es\/wp-json\/wp\/v2\/media\/22009"}],"wp:attachment":[{"href":"https:\/\/chemitool.com\/es\/wp-json\/wp\/v2\/media?parent=21928"}],"wp:term":[{"taxonomy":"product_cat","embeddable":true,"href":"https:\/\/chemitool.com\/es\/wp-json\/wp\/v2\/product_cat?post=21928"},{"taxonomy":"product_tag","embeddable":true,"href":"https:\/\/chemitool.com\/es\/wp-json\/wp\/v2\/product_tag?post=21928"}],"curies":[{"name":"wp","href":"https:\/\/api.w.org\/{rel}","templated":true}]}}