{"id":21861,"date":"2022-05-06T09:13:15","date_gmt":"2022-05-06T09:13:16","guid":{"rendered":"https:\/\/chemitool.com\/?post_type=product&#038;p=21861"},"modified":"2025-10-09T13:30:26","modified_gmt":"2025-10-09T13:30:26","slug":"gafas-panoramicas-lente-curvada","status":"publish","type":"product","link":"https:\/\/chemitool.com\/es\/products\/safety\/proteccion-ocular-y-facial\/gafas-panoramicas-lente-curvada\/","title":{"rendered":"GAFAS PANOR\u00c1MICAS LENTE CURVADA"},"content":{"rendered":"<ul>\n<li>Frontal de PVC de disse\u00f1o aerodin\u00e1mico con 180\u00b0 de visi\u00f3n<\/li>\n<li>Perfil redondeado para adaptarse a la cara<\/li>\n<li>Amplio ocular incoloro, excelente campo de visi\u00f3n<\/li>\n<li>Agujeros de ventilaci\u00f3n en la parte superior e inferior del frontal para evitar el empa\u00f1amiento<\/li>\n<li>Banda el\u00e1stica ajustable<\/li>\n<li>Protecci\u00f3n contra l\u00edquidos e impactos de baja energ\u00eda<\/li>\n<li>Puede llevarse sobre las gafas graduadas<\/li>\n<li>Sin componentes met\u00e1licos<\/li>\n<li><strong>EN166<\/strong><\/li>\n<\/ul>\n<p><img class=\"alignnone wp-image-18666\" src=\"https:\/\/chemitool.com\/wp-content\/uploads\/2022\/01\/CE_CAT2.png\" alt=\"\" width=\"80\" height=\"90\" \/><\/p>\n","protected":false},"excerpt":{"rendered":"<p><b class=\"sap-label\">SAP:<\/b> <span class=\"codesap-label\">CHS06030107<\/span><\/p>\n<p><em>Gafas Panor\u00e1micas Lente Curvada <\/em><em>CHEMITOOL.<\/em><\/p>\n","protected":false},"featured_media":22190,"template":"","meta":[],"product_cat":[1454,3741],"product_tag":[],"yoast_head":"<!-- This site is optimized with the Yoast SEO plugin v17.4 - https:\/\/yoast.com\/wordpress\/plugins\/seo\/ -->\n<title>GAFAS PANOR\u00c1MICAS LENTE CURVADA &ndash; Chemitool<\/title>\n<meta name=\"description\" content=\"SAP: CHS06030107  Gafas Panor\u00e1micas Lente Curvada CHEMITOOL.\" \/>\n<meta name=\"robots\" content=\"index, follow, max-snippet:-1, max-image-preview:large, max-video-preview:-1\" \/>\n<link rel=\"canonical\" href=\"https:\/\/chemitool.com\/es\/products\/safety\/proteccion-ocular-y-facial\/gafas-panoramicas-lente-curvada\/\" \/>\n<meta property=\"og:locale\" content=\"es_ES\" \/>\n<meta property=\"og:type\" content=\"article\" \/>\n<meta property=\"og:title\" content=\"GAFAS PANOR\u00c1MICAS LENTE CURVADA &ndash; Chemitool\" \/>\n<meta property=\"og:description\" content=\"SAP: CHS06030107  Gafas Panor\u00e1micas Lente Curvada CHEMITOOL.\" \/>\n<meta property=\"og:url\" content=\"https:\/\/chemitool.com\/es\/products\/safety\/proteccion-ocular-y-facial\/gafas-panoramicas-lente-curvada\/\" \/>\n<meta property=\"og:site_name\" content=\"Chemitool\" \/>\n<meta property=\"article:publisher\" content=\"https:\/\/www.facebook.com\/chemitool\" \/>\n<meta property=\"article:modified_time\" content=\"2025-10-09T13:30:26+00:00\" \/>\n<meta property=\"og:image\" content=\"https:\/\/chemitool.com\/wp-content\/uploads\/2022\/05\/CHS06030107_sem_marca-1.png\" \/>\n\t<meta property=\"og:image:width\" content=\"800\" \/>\n\t<meta property=\"og:image:height\" content=\"800\" \/>\n<meta name=\"twitter:card\" content=\"summary_large_image\" \/>\n<script type=\"application\/ld+json\" class=\"yoast-schema-graph\">{\"@context\":\"https:\/\/schema.org\",\"@graph\":[{\"@type\":\"Organization\",\"@id\":\"https:\/\/chemitool.com\/#organization\",\"name\":\"Chemitool\",\"url\":\"https:\/\/chemitool.com\/\",\"sameAs\":[\"https:\/\/www.facebook.com\/chemitool\",\"https:\/\/www.instagram.com\/chemitool\/\"],\"logo\":{\"@type\":\"ImageObject\",\"@id\":\"https:\/\/chemitool.com\/#logo\",\"inLanguage\":\"es\",\"url\":\"https:\/\/chemitool.com\/wp-content\/uploads\/2020\/10\/logo_chemitool.png\",\"contentUrl\":\"https:\/\/chemitool.com\/wp-content\/uploads\/2020\/10\/logo_chemitool.png\",\"width\":400,\"height\":400,\"caption\":\"Chemitool\"},\"image\":{\"@id\":\"https:\/\/chemitool.com\/#logo\"}},{\"@type\":\"WebSite\",\"@id\":\"https:\/\/chemitool.com\/#website\",\"url\":\"https:\/\/chemitool.com\/\",\"name\":\"Chemitool\",\"description\":\"Chemitool - hardware and tools\",\"publisher\":{\"@id\":\"https:\/\/chemitool.com\/#organization\"},\"potentialAction\":[{\"@type\":\"SearchAction\",\"target\":{\"@type\":\"EntryPoint\",\"urlTemplate\":\"https:\/\/chemitool.com\/?s={search_term_string}\"},\"query-input\":\"required name=search_term_string\"}],\"inLanguage\":\"es\"},{\"@type\":\"ImageObject\",\"@id\":\"https:\/\/chemitool.com\/es\/products\/safety\/proteccion-ocular-y-facial\/gafas-panoramicas-lente-curvada\/#primaryimage\",\"inLanguage\":\"es\",\"url\":\"https:\/\/chemitool.com\/wp-content\/uploads\/2022\/05\/CHS06030107_sem_marca-1.png\",\"contentUrl\":\"https:\/\/chemitool.com\/wp-content\/uploads\/2022\/05\/CHS06030107_sem_marca-1.png\",\"width\":800,\"height\":800},{\"@type\":\"WebPage\",\"@id\":\"https:\/\/chemitool.com\/es\/products\/safety\/proteccion-ocular-y-facial\/gafas-panoramicas-lente-curvada\/#webpage\",\"url\":\"https:\/\/chemitool.com\/es\/products\/safety\/proteccion-ocular-y-facial\/gafas-panoramicas-lente-curvada\/\",\"name\":\"GAFAS PANOR\\u00c1MICAS LENTE CURVADA &ndash; Chemitool\",\"isPartOf\":{\"@id\":\"https:\/\/chemitool.com\/#website\"},\"primaryImageOfPage\":{\"@id\":\"https:\/\/chemitool.com\/es\/products\/safety\/proteccion-ocular-y-facial\/gafas-panoramicas-lente-curvada\/#primaryimage\"},\"datePublished\":\"2022-05-06T09:13:16+00:00\",\"dateModified\":\"2025-10-09T13:30:26+00:00\",\"description\":\"SAP: CHS06030107 Gafas Panor\\u00e1micas Lente Curvada CHEMITOOL.\",\"breadcrumb\":{\"@id\":\"https:\/\/chemitool.com\/es\/products\/safety\/proteccion-ocular-y-facial\/gafas-panoramicas-lente-curvada\/#breadcrumb\"},\"inLanguage\":\"es\",\"potentialAction\":[{\"@type\":\"ReadAction\",\"target\":[\"https:\/\/chemitool.com\/es\/products\/safety\/proteccion-ocular-y-facial\/gafas-panoramicas-lente-curvada\/\"]}]},{\"@type\":\"BreadcrumbList\",\"@id\":\"https:\/\/chemitool.com\/es\/products\/safety\/proteccion-ocular-y-facial\/gafas-panoramicas-lente-curvada\/#breadcrumb\",\"itemListElement\":[{\"@type\":\"ListItem\",\"position\":1,\"name\":\"Home\",\"item\":\"https:\/\/chemitool.com\/es\/\"},{\"@type\":\"ListItem\",\"position\":2,\"name\":\"Productos\",\"item\":\"https:\/\/chemitool.com\/es\/productos\/\"},{\"@type\":\"ListItem\",\"position\":3,\"name\":\"Safety\",\"item\":\"https:\/\/chemitool.com\/product-category\/safety\/\"},{\"@type\":\"ListItem\",\"position\":4,\"name\":\"GAFAS PANOR\\u00c1MICAS LENTE CURVADA\"}]}]}<\/script>\n<!-- \/ Yoast SEO plugin. -->","yoast_head_json":{"title":"GAFAS PANOR\u00c1MICAS LENTE CURVADA &ndash; Chemitool","description":"SAP: CHS06030107  Gafas Panor\u00e1micas Lente Curvada CHEMITOOL.","robots":{"index":"index","follow":"follow","max-snippet":"max-snippet:-1","max-image-preview":"max-image-preview:large","max-video-preview":"max-video-preview:-1"},"canonical":"https:\/\/chemitool.com\/es\/products\/safety\/proteccion-ocular-y-facial\/gafas-panoramicas-lente-curvada\/","og_locale":"es_ES","og_type":"article","og_title":"GAFAS PANOR\u00c1MICAS LENTE CURVADA &ndash; Chemitool","og_description":"SAP: CHS06030107  Gafas Panor\u00e1micas Lente Curvada CHEMITOOL.","og_url":"https:\/\/chemitool.com\/es\/products\/safety\/proteccion-ocular-y-facial\/gafas-panoramicas-lente-curvada\/","og_site_name":"Chemitool","article_publisher":"https:\/\/www.facebook.com\/chemitool","article_modified_time":"2025-10-09T13:30:26+00:00","og_image":[{"width":800,"height":800,"url":"https:\/\/chemitool.com\/wp-content\/uploads\/2022\/05\/CHS06030107_sem_marca-1.png","type":"image\/png"}],"twitter_card":"summary_large_image","schema":{"@context":"https:\/\/schema.org","@graph":[{"@type":"Organization","@id":"https:\/\/chemitool.com\/#organization","name":"Chemitool","url":"https:\/\/chemitool.com\/","sameAs":["https:\/\/www.facebook.com\/chemitool","https:\/\/www.instagram.com\/chemitool\/"],"logo":{"@type":"ImageObject","@id":"https:\/\/chemitool.com\/#logo","inLanguage":"es","url":"https:\/\/chemitool.com\/wp-content\/uploads\/2020\/10\/logo_chemitool.png","contentUrl":"https:\/\/chemitool.com\/wp-content\/uploads\/2020\/10\/logo_chemitool.png","width":400,"height":400,"caption":"Chemitool"},"image":{"@id":"https:\/\/chemitool.com\/#logo"}},{"@type":"WebSite","@id":"https:\/\/chemitool.com\/#website","url":"https:\/\/chemitool.com\/","name":"Chemitool","description":"Chemitool - hardware and tools","publisher":{"@id":"https:\/\/chemitool.com\/#organization"},"potentialAction":[{"@type":"SearchAction","target":{"@type":"EntryPoint","urlTemplate":"https:\/\/chemitool.com\/?s={search_term_string}"},"query-input":"required name=search_term_string"}],"inLanguage":"es"},{"@type":"ImageObject","@id":"https:\/\/chemitool.com\/es\/products\/safety\/proteccion-ocular-y-facial\/gafas-panoramicas-lente-curvada\/#primaryimage","inLanguage":"es","url":"https:\/\/chemitool.com\/wp-content\/uploads\/2022\/05\/CHS06030107_sem_marca-1.png","contentUrl":"https:\/\/chemitool.com\/wp-content\/uploads\/2022\/05\/CHS06030107_sem_marca-1.png","width":800,"height":800},{"@type":"WebPage","@id":"https:\/\/chemitool.com\/es\/products\/safety\/proteccion-ocular-y-facial\/gafas-panoramicas-lente-curvada\/#webpage","url":"https:\/\/chemitool.com\/es\/products\/safety\/proteccion-ocular-y-facial\/gafas-panoramicas-lente-curvada\/","name":"GAFAS PANOR\u00c1MICAS LENTE CURVADA &ndash; Chemitool","isPartOf":{"@id":"https:\/\/chemitool.com\/#website"},"primaryImageOfPage":{"@id":"https:\/\/chemitool.com\/es\/products\/safety\/proteccion-ocular-y-facial\/gafas-panoramicas-lente-curvada\/#primaryimage"},"datePublished":"2022-05-06T09:13:16+00:00","dateModified":"2025-10-09T13:30:26+00:00","description":"SAP: CHS06030107 Gafas Panor\u00e1micas Lente Curvada CHEMITOOL.","breadcrumb":{"@id":"https:\/\/chemitool.com\/es\/products\/safety\/proteccion-ocular-y-facial\/gafas-panoramicas-lente-curvada\/#breadcrumb"},"inLanguage":"es","potentialAction":[{"@type":"ReadAction","target":["https:\/\/chemitool.com\/es\/products\/safety\/proteccion-ocular-y-facial\/gafas-panoramicas-lente-curvada\/"]}]},{"@type":"BreadcrumbList","@id":"https:\/\/chemitool.com\/es\/products\/safety\/proteccion-ocular-y-facial\/gafas-panoramicas-lente-curvada\/#breadcrumb","itemListElement":[{"@type":"ListItem","position":1,"name":"Home","item":"https:\/\/chemitool.com\/es\/"},{"@type":"ListItem","position":2,"name":"Productos","item":"https:\/\/chemitool.com\/es\/productos\/"},{"@type":"ListItem","position":3,"name":"Safety","item":"https:\/\/chemitool.com\/product-category\/safety\/"},{"@type":"ListItem","position":4,"name":"GAFAS PANOR\u00c1MICAS LENTE CURVADA"}]}]}},"_links":{"self":[{"href":"https:\/\/chemitool.com\/es\/wp-json\/wp\/v2\/product\/21861"}],"collection":[{"href":"https:\/\/chemitool.com\/es\/wp-json\/wp\/v2\/product"}],"about":[{"href":"https:\/\/chemitool.com\/es\/wp-json\/wp\/v2\/types\/product"}],"wp:featuredmedia":[{"embeddable":true,"href":"https:\/\/chemitool.com\/es\/wp-json\/wp\/v2\/media\/22190"}],"wp:attachment":[{"href":"https:\/\/chemitool.com\/es\/wp-json\/wp\/v2\/media?parent=21861"}],"wp:term":[{"taxonomy":"product_cat","embeddable":true,"href":"https:\/\/chemitool.com\/es\/wp-json\/wp\/v2\/product_cat?post=21861"},{"taxonomy":"product_tag","embeddable":true,"href":"https:\/\/chemitool.com\/es\/wp-json\/wp\/v2\/product_tag?post=21861"}],"curies":[{"name":"wp","href":"https:\/\/api.w.org\/{rel}","templated":true}]}}