{"id":21703,"date":"2022-05-04T10:59:02","date_gmt":"2022-05-04T10:59:03","guid":{"rendered":"https:\/\/chemitool.com\/?post_type=product&#038;p=21703"},"modified":"2022-10-24T16:43:08","modified_gmt":"2022-10-24T16:43:08","slug":"tapon-auditivo-reutilizable-con-cordon-snr-26-db","status":"publish","type":"product","link":"https:\/\/chemitool.com\/es\/products\/safety\/proteccion-auditiva\/tapon-auditivo-reutilizable-con-cordon-snr-26-db\/","title":{"rendered":"TAP\u00d3N AUDITIVO REUTILIZABLE CON CORD\u00d3N SNR 26 Db"},"content":{"rendered":"<ul>\n<li>Tap\u00f3n auditivo reutilizable y lavable<\/li>\n<li>Tap\u00f3n hipoalerg\u00e9nico de pol\u00edmero ultrasuave<\/li>\n<li>Cord\u00f3n de polipropileno<\/li>\n<li>Dise\u00f1o de triple seta para un mejor ajuste en todos los canales auditivos<\/li>\n<li>Asa para facilitar la colocaci\u00f3n y la correcta inserci\u00f3n\/extracci\u00f3n en el canal auditivo<\/li>\n<li>Embalado en bolsa individual por par<\/li>\n<li><strong>EN352<\/strong><\/li>\n<\/ul>\n<p><strong><img class=\"alignnone wp-image-21695\" src=\"https:\/\/chemitool.com\/wp-content\/uploads\/2022\/05\/CE_CAT3_only.png\" alt=\"\" width=\"60\" height=\"69\" \/><\/strong><\/p>\n","protected":false},"excerpt":{"rendered":"<p><b class=\"sap-label\">SAP:<\/b> <span class=\"codesap-label\"> MP0402023 <\/span><\/p>\n<p><em>Tap\u00f3n Auditivo Reutilizable con Cord\u00f3n <\/em><em>SNR 26 Db CHEMITOOL.<\/em><\/p>\n","protected":false},"featured_media":21678,"template":"","meta":[],"product_cat":[1454,3812],"product_tag":[3818],"yoast_head":"<!-- This site is optimized with the Yoast SEO plugin v17.4 - https:\/\/yoast.com\/wordpress\/plugins\/seo\/ -->\n<title>TAP\u00d3N AUDITIVO REUTILIZABLE CON CORD\u00d3N SNR 26 Db &ndash; Chemitool<\/title>\n<meta name=\"description\" content=\"SAP: MP0402023   Tap\u00f3n Auditivo Reutilizable con Cord\u00f3n SNR 26 Db CHEMITOOL.\" \/>\n<meta name=\"robots\" content=\"index, follow, max-snippet:-1, max-image-preview:large, max-video-preview:-1\" \/>\n<link rel=\"canonical\" href=\"https:\/\/chemitool.com\/es\/products\/safety\/proteccion-auditiva\/tapon-auditivo-reutilizable-con-cordon-snr-26-db\/\" \/>\n<meta property=\"og:locale\" content=\"es_ES\" \/>\n<meta property=\"og:type\" content=\"article\" \/>\n<meta property=\"og:title\" content=\"TAP\u00d3N AUDITIVO REUTILIZABLE CON CORD\u00d3N SNR 26 Db &ndash; Chemitool\" \/>\n<meta property=\"og:description\" content=\"SAP: MP0402023   Tap\u00f3n Auditivo Reutilizable con Cord\u00f3n SNR 26 Db CHEMITOOL.\" \/>\n<meta property=\"og:url\" content=\"https:\/\/chemitool.com\/es\/products\/safety\/proteccion-auditiva\/tapon-auditivo-reutilizable-con-cordon-snr-26-db\/\" \/>\n<meta property=\"og:site_name\" content=\"Chemitool\" \/>\n<meta property=\"article:publisher\" content=\"https:\/\/www.facebook.com\/chemitool\" \/>\n<meta property=\"article:modified_time\" content=\"2022-10-24T16:43:08+00:00\" \/>\n<meta property=\"og:image\" content=\"https:\/\/chemitool.com\/wp-content\/uploads\/2022\/05\/MP0402023.png\" \/>\n\t<meta property=\"og:image:width\" content=\"800\" \/>\n\t<meta property=\"og:image:height\" content=\"800\" \/>\n<meta name=\"twitter:card\" content=\"summary_large_image\" \/>\n<script type=\"application\/ld+json\" class=\"yoast-schema-graph\">{\"@context\":\"https:\/\/schema.org\",\"@graph\":[{\"@type\":\"Organization\",\"@id\":\"https:\/\/chemitool.com\/#organization\",\"name\":\"Chemitool\",\"url\":\"https:\/\/chemitool.com\/\",\"sameAs\":[\"https:\/\/www.facebook.com\/chemitool\",\"https:\/\/www.instagram.com\/chemitool\/\"],\"logo\":{\"@type\":\"ImageObject\",\"@id\":\"https:\/\/chemitool.com\/#logo\",\"inLanguage\":\"es\",\"url\":\"https:\/\/chemitool.com\/wp-content\/uploads\/2020\/10\/logo_chemitool.png\",\"contentUrl\":\"https:\/\/chemitool.com\/wp-content\/uploads\/2020\/10\/logo_chemitool.png\",\"width\":400,\"height\":400,\"caption\":\"Chemitool\"},\"image\":{\"@id\":\"https:\/\/chemitool.com\/#logo\"}},{\"@type\":\"WebSite\",\"@id\":\"https:\/\/chemitool.com\/#website\",\"url\":\"https:\/\/chemitool.com\/\",\"name\":\"Chemitool\",\"description\":\"Chemitool - hardware and tools\",\"publisher\":{\"@id\":\"https:\/\/chemitool.com\/#organization\"},\"potentialAction\":[{\"@type\":\"SearchAction\",\"target\":{\"@type\":\"EntryPoint\",\"urlTemplate\":\"https:\/\/chemitool.com\/?s={search_term_string}\"},\"query-input\":\"required name=search_term_string\"}],\"inLanguage\":\"es\"},{\"@type\":\"ImageObject\",\"@id\":\"https:\/\/chemitool.com\/es\/products\/safety\/proteccion-auditiva\/tapon-auditivo-reutilizable-con-cordon-snr-26-db\/#primaryimage\",\"inLanguage\":\"es\",\"url\":\"https:\/\/chemitool.com\/wp-content\/uploads\/2022\/05\/MP0402023.png\",\"contentUrl\":\"https:\/\/chemitool.com\/wp-content\/uploads\/2022\/05\/MP0402023.png\",\"width\":800,\"height\":800},{\"@type\":\"WebPage\",\"@id\":\"https:\/\/chemitool.com\/es\/products\/safety\/proteccion-auditiva\/tapon-auditivo-reutilizable-con-cordon-snr-26-db\/#webpage\",\"url\":\"https:\/\/chemitool.com\/es\/products\/safety\/proteccion-auditiva\/tapon-auditivo-reutilizable-con-cordon-snr-26-db\/\",\"name\":\"TAP\\u00d3N AUDITIVO REUTILIZABLE CON CORD\\u00d3N SNR 26 Db &ndash; Chemitool\",\"isPartOf\":{\"@id\":\"https:\/\/chemitool.com\/#website\"},\"primaryImageOfPage\":{\"@id\":\"https:\/\/chemitool.com\/es\/products\/safety\/proteccion-auditiva\/tapon-auditivo-reutilizable-con-cordon-snr-26-db\/#primaryimage\"},\"datePublished\":\"2022-05-04T10:59:03+00:00\",\"dateModified\":\"2022-10-24T16:43:08+00:00\",\"description\":\"SAP: MP0402023 Tap\\u00f3n Auditivo Reutilizable con Cord\\u00f3n SNR 26 Db CHEMITOOL.\",\"breadcrumb\":{\"@id\":\"https:\/\/chemitool.com\/es\/products\/safety\/proteccion-auditiva\/tapon-auditivo-reutilizable-con-cordon-snr-26-db\/#breadcrumb\"},\"inLanguage\":\"es\",\"potentialAction\":[{\"@type\":\"ReadAction\",\"target\":[\"https:\/\/chemitool.com\/es\/products\/safety\/proteccion-auditiva\/tapon-auditivo-reutilizable-con-cordon-snr-26-db\/\"]}]},{\"@type\":\"BreadcrumbList\",\"@id\":\"https:\/\/chemitool.com\/es\/products\/safety\/proteccion-auditiva\/tapon-auditivo-reutilizable-con-cordon-snr-26-db\/#breadcrumb\",\"itemListElement\":[{\"@type\":\"ListItem\",\"position\":1,\"name\":\"Home\",\"item\":\"https:\/\/chemitool.com\/es\/\"},{\"@type\":\"ListItem\",\"position\":2,\"name\":\"Productos\",\"item\":\"https:\/\/chemitool.com\/es\/productos\/\"},{\"@type\":\"ListItem\",\"position\":3,\"name\":\"Safety\",\"item\":\"https:\/\/chemitool.com\/es\/categoria-producto\/safety\/\"},{\"@type\":\"ListItem\",\"position\":4,\"name\":\"PROTECCI\\u00d3N AUDITIVA\",\"item\":\"https:\/\/chemitool.com\/es\/categoria-producto\/safety\/proteccion-auditiva\/\"},{\"@type\":\"ListItem\",\"position\":5,\"name\":\"TAP\\u00d3N AUDITIVO REUTILIZABLE CON CORD\\u00d3N SNR 26 Db\"}]}]}<\/script>\n<!-- \/ Yoast SEO plugin. -->","yoast_head_json":{"title":"TAP\u00d3N AUDITIVO REUTILIZABLE CON CORD\u00d3N SNR 26 Db &ndash; Chemitool","description":"SAP: MP0402023   Tap\u00f3n Auditivo Reutilizable con Cord\u00f3n SNR 26 Db CHEMITOOL.","robots":{"index":"index","follow":"follow","max-snippet":"max-snippet:-1","max-image-preview":"max-image-preview:large","max-video-preview":"max-video-preview:-1"},"canonical":"https:\/\/chemitool.com\/es\/products\/safety\/proteccion-auditiva\/tapon-auditivo-reutilizable-con-cordon-snr-26-db\/","og_locale":"es_ES","og_type":"article","og_title":"TAP\u00d3N AUDITIVO REUTILIZABLE CON CORD\u00d3N SNR 26 Db &ndash; Chemitool","og_description":"SAP: MP0402023   Tap\u00f3n Auditivo Reutilizable con Cord\u00f3n SNR 26 Db CHEMITOOL.","og_url":"https:\/\/chemitool.com\/es\/products\/safety\/proteccion-auditiva\/tapon-auditivo-reutilizable-con-cordon-snr-26-db\/","og_site_name":"Chemitool","article_publisher":"https:\/\/www.facebook.com\/chemitool","article_modified_time":"2022-10-24T16:43:08+00:00","og_image":[{"width":800,"height":800,"url":"https:\/\/chemitool.com\/wp-content\/uploads\/2022\/05\/MP0402023.png","type":"image\/png"}],"twitter_card":"summary_large_image","schema":{"@context":"https:\/\/schema.org","@graph":[{"@type":"Organization","@id":"https:\/\/chemitool.com\/#organization","name":"Chemitool","url":"https:\/\/chemitool.com\/","sameAs":["https:\/\/www.facebook.com\/chemitool","https:\/\/www.instagram.com\/chemitool\/"],"logo":{"@type":"ImageObject","@id":"https:\/\/chemitool.com\/#logo","inLanguage":"es","url":"https:\/\/chemitool.com\/wp-content\/uploads\/2020\/10\/logo_chemitool.png","contentUrl":"https:\/\/chemitool.com\/wp-content\/uploads\/2020\/10\/logo_chemitool.png","width":400,"height":400,"caption":"Chemitool"},"image":{"@id":"https:\/\/chemitool.com\/#logo"}},{"@type":"WebSite","@id":"https:\/\/chemitool.com\/#website","url":"https:\/\/chemitool.com\/","name":"Chemitool","description":"Chemitool - hardware and tools","publisher":{"@id":"https:\/\/chemitool.com\/#organization"},"potentialAction":[{"@type":"SearchAction","target":{"@type":"EntryPoint","urlTemplate":"https:\/\/chemitool.com\/?s={search_term_string}"},"query-input":"required name=search_term_string"}],"inLanguage":"es"},{"@type":"ImageObject","@id":"https:\/\/chemitool.com\/es\/products\/safety\/proteccion-auditiva\/tapon-auditivo-reutilizable-con-cordon-snr-26-db\/#primaryimage","inLanguage":"es","url":"https:\/\/chemitool.com\/wp-content\/uploads\/2022\/05\/MP0402023.png","contentUrl":"https:\/\/chemitool.com\/wp-content\/uploads\/2022\/05\/MP0402023.png","width":800,"height":800},{"@type":"WebPage","@id":"https:\/\/chemitool.com\/es\/products\/safety\/proteccion-auditiva\/tapon-auditivo-reutilizable-con-cordon-snr-26-db\/#webpage","url":"https:\/\/chemitool.com\/es\/products\/safety\/proteccion-auditiva\/tapon-auditivo-reutilizable-con-cordon-snr-26-db\/","name":"TAP\u00d3N AUDITIVO REUTILIZABLE CON CORD\u00d3N SNR 26 Db &ndash; Chemitool","isPartOf":{"@id":"https:\/\/chemitool.com\/#website"},"primaryImageOfPage":{"@id":"https:\/\/chemitool.com\/es\/products\/safety\/proteccion-auditiva\/tapon-auditivo-reutilizable-con-cordon-snr-26-db\/#primaryimage"},"datePublished":"2022-05-04T10:59:03+00:00","dateModified":"2022-10-24T16:43:08+00:00","description":"SAP: MP0402023 Tap\u00f3n Auditivo Reutilizable con Cord\u00f3n SNR 26 Db CHEMITOOL.","breadcrumb":{"@id":"https:\/\/chemitool.com\/es\/products\/safety\/proteccion-auditiva\/tapon-auditivo-reutilizable-con-cordon-snr-26-db\/#breadcrumb"},"inLanguage":"es","potentialAction":[{"@type":"ReadAction","target":["https:\/\/chemitool.com\/es\/products\/safety\/proteccion-auditiva\/tapon-auditivo-reutilizable-con-cordon-snr-26-db\/"]}]},{"@type":"BreadcrumbList","@id":"https:\/\/chemitool.com\/es\/products\/safety\/proteccion-auditiva\/tapon-auditivo-reutilizable-con-cordon-snr-26-db\/#breadcrumb","itemListElement":[{"@type":"ListItem","position":1,"name":"Home","item":"https:\/\/chemitool.com\/es\/"},{"@type":"ListItem","position":2,"name":"Productos","item":"https:\/\/chemitool.com\/es\/productos\/"},{"@type":"ListItem","position":3,"name":"Safety","item":"https:\/\/chemitool.com\/es\/categoria-producto\/safety\/"},{"@type":"ListItem","position":4,"name":"PROTECCI\u00d3N AUDITIVA","item":"https:\/\/chemitool.com\/es\/categoria-producto\/safety\/proteccion-auditiva\/"},{"@type":"ListItem","position":5,"name":"TAP\u00d3N AUDITIVO REUTILIZABLE CON CORD\u00d3N SNR 26 Db"}]}]}},"_links":{"self":[{"href":"https:\/\/chemitool.com\/es\/wp-json\/wp\/v2\/product\/21703"}],"collection":[{"href":"https:\/\/chemitool.com\/es\/wp-json\/wp\/v2\/product"}],"about":[{"href":"https:\/\/chemitool.com\/es\/wp-json\/wp\/v2\/types\/product"}],"wp:featuredmedia":[{"embeddable":true,"href":"https:\/\/chemitool.com\/es\/wp-json\/wp\/v2\/media\/21678"}],"wp:attachment":[{"href":"https:\/\/chemitool.com\/es\/wp-json\/wp\/v2\/media?parent=21703"}],"wp:term":[{"taxonomy":"product_cat","embeddable":true,"href":"https:\/\/chemitool.com\/es\/wp-json\/wp\/v2\/product_cat?post=21703"},{"taxonomy":"product_tag","embeddable":true,"href":"https:\/\/chemitool.com\/es\/wp-json\/wp\/v2\/product_tag?post=21703"}],"curies":[{"name":"wp","href":"https:\/\/api.w.org\/{rel}","templated":true}]}}