{"id":21370,"date":"2022-04-28T08:19:46","date_gmt":"2022-04-28T08:19:54","guid":{"rendered":"https:\/\/chemitool.com\/?post_type=product&#038;p=21370"},"modified":"2025-07-15T11:08:19","modified_gmt":"2025-07-15T11:08:19","slug":"disco-corte-de-acero-inoxidable-blacklabel","status":"publish","type":"product","link":"https:\/\/chemitool.com\/es\/products\/cutting\/abrasivos-aglomerados\/discos-de-corte\/disco-corte-de-acero-inoxidable-blacklabel\/","title":{"rendered":"DISCO CORTE DE ACERO INOXIDABLE &#8211; BLACKLABEL"},"content":{"rendered":"<p><strong>VENTAJAS<\/strong><\/p>\n<ul>\n<li>Certificaci\u00f3n oSa<\/li>\n<li>Alto rendimiento de corte<\/li>\n<li>Grande estabilidade y seguridade laboral<\/li>\n<li>Resistencia a la rotura<\/li>\n<li>Sin hierro, cloro y azufre (&lt;0,1%)<\/li>\n<li>Larga vida \u00fatil de la herramienta<\/li>\n<\/ul>\n<p>El disco de corte <strong>CHEMITOOL BLACKLABEL<\/strong> Inox es compuesto por un grano de \u00f3xido de aluminio A de alta calidad y alto rendimiento. Tambi\u00e9n contiene aditivos y recubrimientos que reducen la cantidad de calor generado durante el corte, evitando que la pieza se vuelva azul en la zona de corte, aumentando a su vez la vida \u00fatil del disco de corte. Recomendada para el corte fino y limpio de chapas y perfiles de acero inoxidable. Garantiza la m\u00e1xima estabilidad y seguridad en el trabajo, gracias a la malla de fibra de vidrio fabricada con precisi\u00f3n.<\/p>\n<p><img class=\"alignnone wp-image-21335\" src=\"https:\/\/chemitool.com\/wp-content\/uploads\/2022\/04\/Artboard-2-1-300x300.png\" alt=\"\" width=\"60\" height=\"60\" srcset=\"https:\/\/chemitool.com\/wp-content\/uploads\/2022\/04\/Artboard-2-1-300x300.png 300w, https:\/\/chemitool.com\/wp-content\/uploads\/2022\/04\/Artboard-2-1-150x150.png 150w, https:\/\/chemitool.com\/wp-content\/uploads\/2022\/04\/Artboard-2-1-768x767.png 768w, https:\/\/chemitool.com\/wp-content\/uploads\/2022\/04\/Artboard-2-1-650x650.png 650w, https:\/\/chemitool.com\/wp-content\/uploads\/2022\/04\/Artboard-2-1-600x599.png 600w, https:\/\/chemitool.com\/wp-content\/uploads\/2022\/04\/Artboard-2-1-100x100.png 100w, https:\/\/chemitool.com\/wp-content\/uploads\/2022\/04\/Artboard-2-1.png 801w\" sizes=\"(max-width: 60px) 100vw, 60px\" \/>\u00a0<img class=\"alignnone wp-image-21338\" src=\"https:\/\/chemitool.com\/wp-content\/uploads\/2022\/04\/Artboard-3-1-300x300.png\" alt=\"\" width=\"60\" height=\"60\" srcset=\"https:\/\/chemitool.com\/wp-content\/uploads\/2022\/04\/Artboard-3-1-300x300.png 300w, https:\/\/chemitool.com\/wp-content\/uploads\/2022\/04\/Artboard-3-1-150x150.png 150w, https:\/\/chemitool.com\/wp-content\/uploads\/2022\/04\/Artboard-3-1-768x767.png 768w, https:\/\/chemitool.com\/wp-content\/uploads\/2022\/04\/Artboard-3-1-650x650.png 650w, https:\/\/chemitool.com\/wp-content\/uploads\/2022\/04\/Artboard-3-1-600x599.png 600w, https:\/\/chemitool.com\/wp-content\/uploads\/2022\/04\/Artboard-3-1-100x100.png 100w, https:\/\/chemitool.com\/wp-content\/uploads\/2022\/04\/Artboard-3-1.png 801w\" sizes=\"(max-width: 60px) 100vw, 60px\" \/>\u00a0<img class=\"alignnone wp-image-21341\" src=\"https:\/\/chemitool.com\/wp-content\/uploads\/2022\/04\/Artboard-4-1-300x300.png\" alt=\"\" width=\"60\" height=\"60\" srcset=\"https:\/\/chemitool.com\/wp-content\/uploads\/2022\/04\/Artboard-4-1-300x300.png 300w, https:\/\/chemitool.com\/wp-content\/uploads\/2022\/04\/Artboard-4-1-150x150.png 150w, https:\/\/chemitool.com\/wp-content\/uploads\/2022\/04\/Artboard-4-1-768x767.png 768w, https:\/\/chemitool.com\/wp-content\/uploads\/2022\/04\/Artboard-4-1-650x650.png 650w, https:\/\/chemitool.com\/wp-content\/uploads\/2022\/04\/Artboard-4-1-600x599.png 600w, https:\/\/chemitool.com\/wp-content\/uploads\/2022\/04\/Artboard-4-1-100x100.png 100w, https:\/\/chemitool.com\/wp-content\/uploads\/2022\/04\/Artboard-4-1.png 801w\" sizes=\"(max-width: 60px) 100vw, 60px\" \/>\u00a0<img class=\"alignnone wp-image-21344\" src=\"https:\/\/chemitool.com\/wp-content\/uploads\/2022\/04\/Artboard-5-1-300x300.png\" alt=\"\" width=\"60\" height=\"60\" srcset=\"https:\/\/chemitool.com\/wp-content\/uploads\/2022\/04\/Artboard-5-1-300x300.png 300w, https:\/\/chemitool.com\/wp-content\/uploads\/2022\/04\/Artboard-5-1-150x150.png 150w, https:\/\/chemitool.com\/wp-content\/uploads\/2022\/04\/Artboard-5-1-768x767.png 768w, https:\/\/chemitool.com\/wp-content\/uploads\/2022\/04\/Artboard-5-1-650x650.png 650w, https:\/\/chemitool.com\/wp-content\/uploads\/2022\/04\/Artboard-5-1-600x599.png 600w, https:\/\/chemitool.com\/wp-content\/uploads\/2022\/04\/Artboard-5-1-100x100.png 100w, https:\/\/chemitool.com\/wp-content\/uploads\/2022\/04\/Artboard-5-1.png 801w\" sizes=\"(max-width: 60px) 100vw, 60px\" \/>\u00a0<img class=\"alignnone wp-image-21347\" src=\"https:\/\/chemitool.com\/wp-content\/uploads\/2022\/04\/Artboard-6-1-300x300.png\" alt=\"\" width=\"60\" height=\"60\" srcset=\"https:\/\/chemitool.com\/wp-content\/uploads\/2022\/04\/Artboard-6-1-300x300.png 300w, https:\/\/chemitool.com\/wp-content\/uploads\/2022\/04\/Artboard-6-1-150x150.png 150w, https:\/\/chemitool.com\/wp-content\/uploads\/2022\/04\/Artboard-6-1-768x767.png 768w, https:\/\/chemitool.com\/wp-content\/uploads\/2022\/04\/Artboard-6-1-650x650.png 650w, https:\/\/chemitool.com\/wp-content\/uploads\/2022\/04\/Artboard-6-1-600x599.png 600w, https:\/\/chemitool.com\/wp-content\/uploads\/2022\/04\/Artboard-6-1-100x100.png 100w, https:\/\/chemitool.com\/wp-content\/uploads\/2022\/04\/Artboard-6-1.png 801w\" sizes=\"(max-width: 60px) 100vw, 60px\" \/>\u00a0<img class=\"alignnone wp-image-21350\" src=\"https:\/\/chemitool.com\/wp-content\/uploads\/2022\/04\/Artboard-8-1-300x300.png\" alt=\"\" width=\"60\" height=\"60\" srcset=\"https:\/\/chemitool.com\/wp-content\/uploads\/2022\/04\/Artboard-8-1-300x300.png 300w, https:\/\/chemitool.com\/wp-content\/uploads\/2022\/04\/Artboard-8-1-150x150.png 150w, https:\/\/chemitool.com\/wp-content\/uploads\/2022\/04\/Artboard-8-1-768x767.png 768w, https:\/\/chemitool.com\/wp-content\/uploads\/2022\/04\/Artboard-8-1-650x650.png 650w, https:\/\/chemitool.com\/wp-content\/uploads\/2022\/04\/Artboard-8-1-600x599.png 600w, https:\/\/chemitool.com\/wp-content\/uploads\/2022\/04\/Artboard-8-1-100x100.png 100w, https:\/\/chemitool.com\/wp-content\/uploads\/2022\/04\/Artboard-8-1.png 801w\" sizes=\"(max-width: 60px) 100vw, 60px\" \/>\u00a0<img class=\"alignnone wp-image-21353\" src=\"https:\/\/chemitool.com\/wp-content\/uploads\/2022\/04\/Artboard-9-300x300.png\" alt=\"\" width=\"60\" height=\"60\" srcset=\"https:\/\/chemitool.com\/wp-content\/uploads\/2022\/04\/Artboard-9-300x300.png 300w, https:\/\/chemitool.com\/wp-content\/uploads\/2022\/04\/Artboard-9-150x150.png 150w, https:\/\/chemitool.com\/wp-content\/uploads\/2022\/04\/Artboard-9-768x767.png 768w, https:\/\/chemitool.com\/wp-content\/uploads\/2022\/04\/Artboard-9-650x650.png 650w, https:\/\/chemitool.com\/wp-content\/uploads\/2022\/04\/Artboard-9-600x599.png 600w, https:\/\/chemitool.com\/wp-content\/uploads\/2022\/04\/Artboard-9-100x100.png 100w, https:\/\/chemitool.com\/wp-content\/uploads\/2022\/04\/Artboard-9.png 801w\" sizes=\"(max-width: 60px) 100vw, 60px\" \/><\/p>\n<p>Los abrasivos aglomerados <strong>CHEMITOOL BLACKLABEL<\/strong> cumplen las normas europeas (EN 12413) junto con la certificaci\u00f3n oSa.<\/p>\n","protected":false},"excerpt":{"rendered":"<p><em>El Disco de Corte de Acero Inoxidable CHEMITOOL BLACKLABEL<\/em> garantiza un excelente rendimiento de corte, con la m\u00e1s estricta certificaci\u00f3n de seguridad (oSa). Adecuada para trabajos de corte profesional en los m\u00e1s diversos materiales.<\/p>\n","protected":false},"featured_media":21474,"template":"","meta":[],"product_cat":[1426,1428,1427],"product_tag":[1429],"yoast_head":"<!-- This site is optimized with the Yoast SEO plugin v17.4 - https:\/\/yoast.com\/wordpress\/plugins\/seo\/ -->\n<title>DISCO CORTE DE ACERO INOXIDABLE - BLACKLABEL &ndash; Chemitool<\/title>\n<meta name=\"description\" content=\"El Disco de Corte de Acero Inoxidable CHEMITOOL BLACKLABEL garantiza un excelente rendimiento de corte, con la m\u00e1s estricta certificaci\u00f3n de seguridad (oSa). Adecuada para trabajos de corte profesional en los m\u00e1s diversos materiales.\" \/>\n<meta name=\"robots\" content=\"index, follow, max-snippet:-1, max-image-preview:large, max-video-preview:-1\" \/>\n<link rel=\"canonical\" href=\"https:\/\/chemitool.com\/es\/products\/cutting\/abrasivos-aglomerados\/discos-de-corte\/disco-corte-de-acero-inoxidable-blacklabel\/\" \/>\n<meta property=\"og:locale\" content=\"es_ES\" \/>\n<meta property=\"og:type\" content=\"article\" \/>\n<meta property=\"og:title\" content=\"DISCO CORTE DE ACERO INOXIDABLE - BLACKLABEL &ndash; Chemitool\" \/>\n<meta property=\"og:description\" content=\"El Disco de Corte de Acero Inoxidable CHEMITOOL BLACKLABEL garantiza un excelente rendimiento de corte, con la m\u00e1s estricta certificaci\u00f3n de seguridad (oSa). Adecuada para trabajos de corte profesional en los m\u00e1s diversos materiales.\" \/>\n<meta property=\"og:url\" content=\"https:\/\/chemitool.com\/es\/products\/cutting\/abrasivos-aglomerados\/discos-de-corte\/disco-corte-de-acero-inoxidable-blacklabel\/\" \/>\n<meta property=\"og:site_name\" content=\"Chemitool\" \/>\n<meta property=\"article:publisher\" content=\"https:\/\/www.facebook.com\/chemitool\" \/>\n<meta property=\"article:modified_time\" content=\"2025-07-15T11:08:19+00:00\" \/>\n<meta property=\"og:image\" content=\"https:\/\/chemitool.com\/wp-content\/uploads\/2022\/04\/CHA0101125100OSA_5604630115353.png\" \/>\n\t<meta property=\"og:image:width\" content=\"800\" \/>\n\t<meta property=\"og:image:height\" content=\"800\" \/>\n<meta name=\"twitter:card\" content=\"summary_large_image\" \/>\n<meta name=\"twitter:label1\" content=\"Tiempo de lectura\" \/>\n\t<meta name=\"twitter:data1\" content=\"1 minuto\" \/>\n<script type=\"application\/ld+json\" class=\"yoast-schema-graph\">{\"@context\":\"https:\/\/schema.org\",\"@graph\":[{\"@type\":\"Organization\",\"@id\":\"https:\/\/chemitool.com\/#organization\",\"name\":\"Chemitool\",\"url\":\"https:\/\/chemitool.com\/\",\"sameAs\":[\"https:\/\/www.facebook.com\/chemitool\",\"https:\/\/www.instagram.com\/chemitool\/\"],\"logo\":{\"@type\":\"ImageObject\",\"@id\":\"https:\/\/chemitool.com\/#logo\",\"inLanguage\":\"es\",\"url\":\"https:\/\/chemitool.com\/wp-content\/uploads\/2020\/10\/logo_chemitool.png\",\"contentUrl\":\"https:\/\/chemitool.com\/wp-content\/uploads\/2020\/10\/logo_chemitool.png\",\"width\":400,\"height\":400,\"caption\":\"Chemitool\"},\"image\":{\"@id\":\"https:\/\/chemitool.com\/#logo\"}},{\"@type\":\"WebSite\",\"@id\":\"https:\/\/chemitool.com\/#website\",\"url\":\"https:\/\/chemitool.com\/\",\"name\":\"Chemitool\",\"description\":\"Chemitool - hardware and tools\",\"publisher\":{\"@id\":\"https:\/\/chemitool.com\/#organization\"},\"potentialAction\":[{\"@type\":\"SearchAction\",\"target\":{\"@type\":\"EntryPoint\",\"urlTemplate\":\"https:\/\/chemitool.com\/?s={search_term_string}\"},\"query-input\":\"required name=search_term_string\"}],\"inLanguage\":\"es\"},{\"@type\":\"ImageObject\",\"@id\":\"https:\/\/chemitool.com\/es\/products\/cutting\/abrasivos-aglomerados\/discos-de-corte\/disco-corte-de-acero-inoxidable-blacklabel\/#primaryimage\",\"inLanguage\":\"es\",\"url\":\"https:\/\/chemitool.com\/wp-content\/uploads\/2022\/04\/CHA0101125100OSA_5604630115353.png\",\"contentUrl\":\"https:\/\/chemitool.com\/wp-content\/uploads\/2022\/04\/CHA0101125100OSA_5604630115353.png\",\"width\":800,\"height\":800},{\"@type\":\"WebPage\",\"@id\":\"https:\/\/chemitool.com\/es\/products\/cutting\/abrasivos-aglomerados\/discos-de-corte\/disco-corte-de-acero-inoxidable-blacklabel\/#webpage\",\"url\":\"https:\/\/chemitool.com\/es\/products\/cutting\/abrasivos-aglomerados\/discos-de-corte\/disco-corte-de-acero-inoxidable-blacklabel\/\",\"name\":\"DISCO CORTE DE ACERO INOXIDABLE - BLACKLABEL &ndash; Chemitool\",\"isPartOf\":{\"@id\":\"https:\/\/chemitool.com\/#website\"},\"primaryImageOfPage\":{\"@id\":\"https:\/\/chemitool.com\/es\/products\/cutting\/abrasivos-aglomerados\/discos-de-corte\/disco-corte-de-acero-inoxidable-blacklabel\/#primaryimage\"},\"datePublished\":\"2022-04-28T08:19:54+00:00\",\"dateModified\":\"2025-07-15T11:08:19+00:00\",\"description\":\"El Disco de Corte de Acero Inoxidable CHEMITOOL BLACKLABEL garantiza un excelente rendimiento de corte, con la m\\u00e1s estricta certificaci\\u00f3n de seguridad (oSa). Adecuada para trabajos de corte profesional en los m\\u00e1s diversos materiales.\",\"breadcrumb\":{\"@id\":\"https:\/\/chemitool.com\/es\/products\/cutting\/abrasivos-aglomerados\/discos-de-corte\/disco-corte-de-acero-inoxidable-blacklabel\/#breadcrumb\"},\"inLanguage\":\"es\",\"potentialAction\":[{\"@type\":\"ReadAction\",\"target\":[\"https:\/\/chemitool.com\/es\/products\/cutting\/abrasivos-aglomerados\/discos-de-corte\/disco-corte-de-acero-inoxidable-blacklabel\/\"]}]},{\"@type\":\"BreadcrumbList\",\"@id\":\"https:\/\/chemitool.com\/es\/products\/cutting\/abrasivos-aglomerados\/discos-de-corte\/disco-corte-de-acero-inoxidable-blacklabel\/#breadcrumb\",\"itemListElement\":[{\"@type\":\"ListItem\",\"position\":1,\"name\":\"Home\",\"item\":\"https:\/\/chemitool.com\/es\/\"},{\"@type\":\"ListItem\",\"position\":2,\"name\":\"Productos\",\"item\":\"https:\/\/chemitool.com\/es\/productos\/\"},{\"@type\":\"ListItem\",\"position\":3,\"name\":\"Cutting\",\"item\":\"https:\/\/chemitool.com\/product-category\/cutting\/\"},{\"@type\":\"ListItem\",\"position\":4,\"name\":\"DISCO CORTE DE ACERO INOXIDABLE &#8211; BLACKLABEL\"}]}]}<\/script>\n<!-- \/ Yoast SEO plugin. -->","yoast_head_json":{"title":"DISCO CORTE DE ACERO INOXIDABLE - BLACKLABEL &ndash; Chemitool","description":"El Disco de Corte de Acero Inoxidable CHEMITOOL BLACKLABEL garantiza un excelente rendimiento de corte, con la m\u00e1s estricta certificaci\u00f3n de seguridad (oSa). Adecuada para trabajos de corte profesional en los m\u00e1s diversos materiales.","robots":{"index":"index","follow":"follow","max-snippet":"max-snippet:-1","max-image-preview":"max-image-preview:large","max-video-preview":"max-video-preview:-1"},"canonical":"https:\/\/chemitool.com\/es\/products\/cutting\/abrasivos-aglomerados\/discos-de-corte\/disco-corte-de-acero-inoxidable-blacklabel\/","og_locale":"es_ES","og_type":"article","og_title":"DISCO CORTE DE ACERO INOXIDABLE - BLACKLABEL &ndash; Chemitool","og_description":"El Disco de Corte de Acero Inoxidable CHEMITOOL BLACKLABEL garantiza un excelente rendimiento de corte, con la m\u00e1s estricta certificaci\u00f3n de seguridad (oSa). Adecuada para trabajos de corte profesional en los m\u00e1s diversos materiales.","og_url":"https:\/\/chemitool.com\/es\/products\/cutting\/abrasivos-aglomerados\/discos-de-corte\/disco-corte-de-acero-inoxidable-blacklabel\/","og_site_name":"Chemitool","article_publisher":"https:\/\/www.facebook.com\/chemitool","article_modified_time":"2025-07-15T11:08:19+00:00","og_image":[{"width":800,"height":800,"url":"https:\/\/chemitool.com\/wp-content\/uploads\/2022\/04\/CHA0101125100OSA_5604630115353.png","type":"image\/png"}],"twitter_card":"summary_large_image","twitter_misc":{"Tiempo de lectura":"1 minuto"},"schema":{"@context":"https:\/\/schema.org","@graph":[{"@type":"Organization","@id":"https:\/\/chemitool.com\/#organization","name":"Chemitool","url":"https:\/\/chemitool.com\/","sameAs":["https:\/\/www.facebook.com\/chemitool","https:\/\/www.instagram.com\/chemitool\/"],"logo":{"@type":"ImageObject","@id":"https:\/\/chemitool.com\/#logo","inLanguage":"es","url":"https:\/\/chemitool.com\/wp-content\/uploads\/2020\/10\/logo_chemitool.png","contentUrl":"https:\/\/chemitool.com\/wp-content\/uploads\/2020\/10\/logo_chemitool.png","width":400,"height":400,"caption":"Chemitool"},"image":{"@id":"https:\/\/chemitool.com\/#logo"}},{"@type":"WebSite","@id":"https:\/\/chemitool.com\/#website","url":"https:\/\/chemitool.com\/","name":"Chemitool","description":"Chemitool - hardware and tools","publisher":{"@id":"https:\/\/chemitool.com\/#organization"},"potentialAction":[{"@type":"SearchAction","target":{"@type":"EntryPoint","urlTemplate":"https:\/\/chemitool.com\/?s={search_term_string}"},"query-input":"required name=search_term_string"}],"inLanguage":"es"},{"@type":"ImageObject","@id":"https:\/\/chemitool.com\/es\/products\/cutting\/abrasivos-aglomerados\/discos-de-corte\/disco-corte-de-acero-inoxidable-blacklabel\/#primaryimage","inLanguage":"es","url":"https:\/\/chemitool.com\/wp-content\/uploads\/2022\/04\/CHA0101125100OSA_5604630115353.png","contentUrl":"https:\/\/chemitool.com\/wp-content\/uploads\/2022\/04\/CHA0101125100OSA_5604630115353.png","width":800,"height":800},{"@type":"WebPage","@id":"https:\/\/chemitool.com\/es\/products\/cutting\/abrasivos-aglomerados\/discos-de-corte\/disco-corte-de-acero-inoxidable-blacklabel\/#webpage","url":"https:\/\/chemitool.com\/es\/products\/cutting\/abrasivos-aglomerados\/discos-de-corte\/disco-corte-de-acero-inoxidable-blacklabel\/","name":"DISCO CORTE DE ACERO INOXIDABLE - BLACKLABEL &ndash; Chemitool","isPartOf":{"@id":"https:\/\/chemitool.com\/#website"},"primaryImageOfPage":{"@id":"https:\/\/chemitool.com\/es\/products\/cutting\/abrasivos-aglomerados\/discos-de-corte\/disco-corte-de-acero-inoxidable-blacklabel\/#primaryimage"},"datePublished":"2022-04-28T08:19:54+00:00","dateModified":"2025-07-15T11:08:19+00:00","description":"El Disco de Corte de Acero Inoxidable CHEMITOOL BLACKLABEL garantiza un excelente rendimiento de corte, con la m\u00e1s estricta certificaci\u00f3n de seguridad (oSa). Adecuada para trabajos de corte profesional en los m\u00e1s diversos materiales.","breadcrumb":{"@id":"https:\/\/chemitool.com\/es\/products\/cutting\/abrasivos-aglomerados\/discos-de-corte\/disco-corte-de-acero-inoxidable-blacklabel\/#breadcrumb"},"inLanguage":"es","potentialAction":[{"@type":"ReadAction","target":["https:\/\/chemitool.com\/es\/products\/cutting\/abrasivos-aglomerados\/discos-de-corte\/disco-corte-de-acero-inoxidable-blacklabel\/"]}]},{"@type":"BreadcrumbList","@id":"https:\/\/chemitool.com\/es\/products\/cutting\/abrasivos-aglomerados\/discos-de-corte\/disco-corte-de-acero-inoxidable-blacklabel\/#breadcrumb","itemListElement":[{"@type":"ListItem","position":1,"name":"Home","item":"https:\/\/chemitool.com\/es\/"},{"@type":"ListItem","position":2,"name":"Productos","item":"https:\/\/chemitool.com\/es\/productos\/"},{"@type":"ListItem","position":3,"name":"Cutting","item":"https:\/\/chemitool.com\/product-category\/cutting\/"},{"@type":"ListItem","position":4,"name":"DISCO CORTE DE ACERO INOXIDABLE &#8211; BLACKLABEL"}]}]}},"_links":{"self":[{"href":"https:\/\/chemitool.com\/es\/wp-json\/wp\/v2\/product\/21370"}],"collection":[{"href":"https:\/\/chemitool.com\/es\/wp-json\/wp\/v2\/product"}],"about":[{"href":"https:\/\/chemitool.com\/es\/wp-json\/wp\/v2\/types\/product"}],"wp:featuredmedia":[{"embeddable":true,"href":"https:\/\/chemitool.com\/es\/wp-json\/wp\/v2\/media\/21474"}],"wp:attachment":[{"href":"https:\/\/chemitool.com\/es\/wp-json\/wp\/v2\/media?parent=21370"}],"wp:term":[{"taxonomy":"product_cat","embeddable":true,"href":"https:\/\/chemitool.com\/es\/wp-json\/wp\/v2\/product_cat?post=21370"},{"taxonomy":"product_tag","embeddable":true,"href":"https:\/\/chemitool.com\/es\/wp-json\/wp\/v2\/product_tag?post=21370"}],"curies":[{"name":"wp","href":"https:\/\/api.w.org\/{rel}","templated":true}]}}