{"id":21256,"date":"2022-04-27T08:51:57","date_gmt":"2022-04-27T08:51:58","guid":{"rendered":"https:\/\/chemitool.com\/?post_type=product&#038;p=21256"},"modified":"2025-07-04T13:53:09","modified_gmt":"2025-07-04T13:53:09","slug":"pantalones-power-stretch","status":"publish","type":"product","link":"https:\/\/chemitool.com\/es\/products\/safety\/ropa-de-trabajo\/pantalones-power-stretch\/","title":{"rendered":"PANTALONES POWER STRETCH"},"content":{"rendered":"<ul>\n<li>98 % algod\u00f3n + 2 % elastano<\/li>\n<li>Costura triple reforzada entre las piernas<\/li>\n<li>Bolsillo para la cinta m\u00e9trica<\/li>\n<li>Bolsillo lateral LOCK SYSTEM con cremallera<\/li>\n<\/ul>\n<p><img class=\"alignnone wp-image-15379 size-full\" src=\"https:\/\/chemitool.com\/wp-content\/uploads\/2021\/09\/MAN.png\" alt=\"\" width=\"85\" height=\"97\" \/>\u00a0<img class=\"alignnone size-full wp-image-15338\" src=\"https:\/\/chemitool.com\/wp-content\/uploads\/2021\/09\/REGULAR-FIT-3.png\" alt=\"\" width=\"85\" height=\"97\" \/>\u00a0<img class=\"alignnone size-full wp-image-15332\" src=\"https:\/\/chemitool.com\/wp-content\/uploads\/2021\/09\/LOCK-SYSTEM-2.png\" alt=\"\" width=\"85\" height=\"97\" \/><\/p>\n<p><img class=\"alignnone size-full wp-image-15483\" src=\"https:\/\/chemitool.com\/wp-content\/uploads\/2021\/09\/STRETCH.png\" alt=\"\" width=\"85\" height=\"97\" \/><img class=\"alignnone wp-image-15386\" src=\"https:\/\/chemitool.com\/wp-content\/uploads\/2021\/09\/CE_CAT1.png\" alt=\"\" width=\"76\" height=\"86\" \/><img class=\"alignnone wp-image-21264\" src=\"https:\/\/chemitool.com\/wp-content\/uploads\/2022\/04\/BIG-SIZE.png\" alt=\"\" width=\"68\" height=\"71\" \/><\/p>\n","protected":false},"excerpt":{"rendered":"<p><em>Pantal\u00f3n POWER STRETCH CHEMITOOL<\/em> con trabillas y cintura el\u00e1stica, cierre con cremallera y bot\u00f3n. Triple costura reforzada entre las piernas, costuras laterales de doble aguja, dos bolsillos cl\u00e1sicos en la parte delantera, peque\u00f1o bolsillo para monedas, bolsillo para metro en el lado derecho. Bolsillo lateral izquierdo con paleta de cierre LOCK SYSTEM, dos bolsillos traseros uno de ellos con paleta y velcro.<\/p>\n","protected":false},"featured_media":15831,"template":"","meta":[],"product_cat":[1454,3464],"product_tag":[],"yoast_head":"<!-- This site is optimized with the Yoast SEO plugin v17.4 - https:\/\/yoast.com\/wordpress\/plugins\/seo\/ -->\n<title>PANTALONES POWER STRETCH &ndash; Chemitool<\/title>\n<meta name=\"description\" content=\"Pantal\u00f3n POWER STRETCH CHEMITOOL con trabillas y cintura el\u00e1stica, cierre con cremallera y bot\u00f3n. Triple costura reforzada entre las piernas, costuras laterales de doble aguja, dos bolsillos cl\u00e1sicos en la parte delantera, peque\u00f1o bolsillo para monedas, bolsillo para metro en el lado derecho. Bolsillo lateral izquierdo con paleta de cierre LOCK SYSTEM, dos bolsillos traseros uno de ellos con paleta y velcro.\" \/>\n<meta name=\"robots\" content=\"index, follow, max-snippet:-1, max-image-preview:large, max-video-preview:-1\" \/>\n<link rel=\"canonical\" href=\"https:\/\/chemitool.com\/es\/products\/safety\/ropa-de-trabajo\/pantalones-power-stretch\/\" \/>\n<meta property=\"og:locale\" content=\"es_ES\" \/>\n<meta property=\"og:type\" content=\"article\" \/>\n<meta property=\"og:title\" content=\"PANTALONES POWER STRETCH &ndash; Chemitool\" \/>\n<meta property=\"og:description\" content=\"Pantal\u00f3n POWER STRETCH CHEMITOOL con trabillas y cintura el\u00e1stica, cierre con cremallera y bot\u00f3n. Triple costura reforzada entre las piernas, costuras laterales de doble aguja, dos bolsillos cl\u00e1sicos en la parte delantera, peque\u00f1o bolsillo para monedas, bolsillo para metro en el lado derecho. Bolsillo lateral izquierdo con paleta de cierre LOCK SYSTEM, dos bolsillos traseros uno de ellos con paleta y velcro.\" \/>\n<meta property=\"og:url\" content=\"https:\/\/chemitool.com\/es\/products\/safety\/ropa-de-trabajo\/pantalones-power-stretch\/\" \/>\n<meta property=\"og:site_name\" content=\"Chemitool\" \/>\n<meta property=\"article:publisher\" content=\"https:\/\/www.facebook.com\/chemitool\" \/>\n<meta property=\"article:modified_time\" content=\"2025-07-04T13:53:09+00:00\" \/>\n<meta property=\"og:image\" content=\"https:\/\/chemitool.com\/wp-content\/uploads\/2021\/09\/P12610331_frente.png\" \/>\n\t<meta property=\"og:image:width\" content=\"800\" \/>\n\t<meta property=\"og:image:height\" content=\"800\" \/>\n<meta name=\"twitter:card\" content=\"summary_large_image\" \/>\n<meta name=\"twitter:label1\" content=\"Tiempo de lectura\" \/>\n\t<meta name=\"twitter:data1\" content=\"1 minuto\" \/>\n<script type=\"application\/ld+json\" class=\"yoast-schema-graph\">{\"@context\":\"https:\/\/schema.org\",\"@graph\":[{\"@type\":\"Organization\",\"@id\":\"https:\/\/chemitool.com\/#organization\",\"name\":\"Chemitool\",\"url\":\"https:\/\/chemitool.com\/\",\"sameAs\":[\"https:\/\/www.facebook.com\/chemitool\",\"https:\/\/www.instagram.com\/chemitool\/\"],\"logo\":{\"@type\":\"ImageObject\",\"@id\":\"https:\/\/chemitool.com\/#logo\",\"inLanguage\":\"es\",\"url\":\"https:\/\/chemitool.com\/wp-content\/uploads\/2020\/10\/logo_chemitool.png\",\"contentUrl\":\"https:\/\/chemitool.com\/wp-content\/uploads\/2020\/10\/logo_chemitool.png\",\"width\":400,\"height\":400,\"caption\":\"Chemitool\"},\"image\":{\"@id\":\"https:\/\/chemitool.com\/#logo\"}},{\"@type\":\"WebSite\",\"@id\":\"https:\/\/chemitool.com\/#website\",\"url\":\"https:\/\/chemitool.com\/\",\"name\":\"Chemitool\",\"description\":\"Chemitool - hardware and tools\",\"publisher\":{\"@id\":\"https:\/\/chemitool.com\/#organization\"},\"potentialAction\":[{\"@type\":\"SearchAction\",\"target\":{\"@type\":\"EntryPoint\",\"urlTemplate\":\"https:\/\/chemitool.com\/?s={search_term_string}\"},\"query-input\":\"required name=search_term_string\"}],\"inLanguage\":\"es\"},{\"@type\":\"ImageObject\",\"@id\":\"https:\/\/chemitool.com\/es\/products\/safety\/ropa-de-trabajo\/pantalones-power-stretch\/#primaryimage\",\"inLanguage\":\"es\",\"url\":\"https:\/\/chemitool.com\/wp-content\/uploads\/2021\/09\/P12610331_frente.png\",\"contentUrl\":\"https:\/\/chemitool.com\/wp-content\/uploads\/2021\/09\/P12610331_frente.png\",\"width\":800,\"height\":800},{\"@type\":\"WebPage\",\"@id\":\"https:\/\/chemitool.com\/es\/products\/safety\/ropa-de-trabajo\/pantalones-power-stretch\/#webpage\",\"url\":\"https:\/\/chemitool.com\/es\/products\/safety\/ropa-de-trabajo\/pantalones-power-stretch\/\",\"name\":\"PANTALONES POWER STRETCH &ndash; Chemitool\",\"isPartOf\":{\"@id\":\"https:\/\/chemitool.com\/#website\"},\"primaryImageOfPage\":{\"@id\":\"https:\/\/chemitool.com\/es\/products\/safety\/ropa-de-trabajo\/pantalones-power-stretch\/#primaryimage\"},\"datePublished\":\"2022-04-27T08:51:58+00:00\",\"dateModified\":\"2025-07-04T13:53:09+00:00\",\"description\":\"Pantal\\u00f3n POWER STRETCH CHEMITOOL con trabillas y cintura el\\u00e1stica, cierre con cremallera y bot\\u00f3n. Triple costura reforzada entre las piernas, costuras laterales de doble aguja, dos bolsillos cl\\u00e1sicos en la parte delantera, peque\\u00f1o bolsillo para monedas, bolsillo para metro en el lado derecho. Bolsillo lateral izquierdo con paleta de cierre LOCK SYSTEM, dos bolsillos traseros uno de ellos con paleta y velcro.\",\"breadcrumb\":{\"@id\":\"https:\/\/chemitool.com\/es\/products\/safety\/ropa-de-trabajo\/pantalones-power-stretch\/#breadcrumb\"},\"inLanguage\":\"es\",\"potentialAction\":[{\"@type\":\"ReadAction\",\"target\":[\"https:\/\/chemitool.com\/es\/products\/safety\/ropa-de-trabajo\/pantalones-power-stretch\/\"]}]},{\"@type\":\"BreadcrumbList\",\"@id\":\"https:\/\/chemitool.com\/es\/products\/safety\/ropa-de-trabajo\/pantalones-power-stretch\/#breadcrumb\",\"itemListElement\":[{\"@type\":\"ListItem\",\"position\":1,\"name\":\"Home\",\"item\":\"https:\/\/chemitool.com\/es\/\"},{\"@type\":\"ListItem\",\"position\":2,\"name\":\"Productos\",\"item\":\"https:\/\/chemitool.com\/es\/productos\/\"},{\"@type\":\"ListItem\",\"position\":3,\"name\":\"Safety\",\"item\":\"https:\/\/chemitool.com\/product-category\/safety\/\"},{\"@type\":\"ListItem\",\"position\":4,\"name\":\"PANTALONES POWER STRETCH\"}]}]}<\/script>\n<!-- \/ Yoast SEO plugin. -->","yoast_head_json":{"title":"PANTALONES POWER STRETCH &ndash; Chemitool","description":"Pantal\u00f3n POWER STRETCH CHEMITOOL con trabillas y cintura el\u00e1stica, cierre con cremallera y bot\u00f3n. Triple costura reforzada entre las piernas, costuras laterales de doble aguja, dos bolsillos cl\u00e1sicos en la parte delantera, peque\u00f1o bolsillo para monedas, bolsillo para metro en el lado derecho. Bolsillo lateral izquierdo con paleta de cierre LOCK SYSTEM, dos bolsillos traseros uno de ellos con paleta y velcro.","robots":{"index":"index","follow":"follow","max-snippet":"max-snippet:-1","max-image-preview":"max-image-preview:large","max-video-preview":"max-video-preview:-1"},"canonical":"https:\/\/chemitool.com\/es\/products\/safety\/ropa-de-trabajo\/pantalones-power-stretch\/","og_locale":"es_ES","og_type":"article","og_title":"PANTALONES POWER STRETCH &ndash; Chemitool","og_description":"Pantal\u00f3n POWER STRETCH CHEMITOOL con trabillas y cintura el\u00e1stica, cierre con cremallera y bot\u00f3n. Triple costura reforzada entre las piernas, costuras laterales de doble aguja, dos bolsillos cl\u00e1sicos en la parte delantera, peque\u00f1o bolsillo para monedas, bolsillo para metro en el lado derecho. Bolsillo lateral izquierdo con paleta de cierre LOCK SYSTEM, dos bolsillos traseros uno de ellos con paleta y velcro.","og_url":"https:\/\/chemitool.com\/es\/products\/safety\/ropa-de-trabajo\/pantalones-power-stretch\/","og_site_name":"Chemitool","article_publisher":"https:\/\/www.facebook.com\/chemitool","article_modified_time":"2025-07-04T13:53:09+00:00","og_image":[{"width":800,"height":800,"url":"https:\/\/chemitool.com\/wp-content\/uploads\/2021\/09\/P12610331_frente.png","type":"image\/png"}],"twitter_card":"summary_large_image","twitter_misc":{"Tiempo de lectura":"1 minuto"},"schema":{"@context":"https:\/\/schema.org","@graph":[{"@type":"Organization","@id":"https:\/\/chemitool.com\/#organization","name":"Chemitool","url":"https:\/\/chemitool.com\/","sameAs":["https:\/\/www.facebook.com\/chemitool","https:\/\/www.instagram.com\/chemitool\/"],"logo":{"@type":"ImageObject","@id":"https:\/\/chemitool.com\/#logo","inLanguage":"es","url":"https:\/\/chemitool.com\/wp-content\/uploads\/2020\/10\/logo_chemitool.png","contentUrl":"https:\/\/chemitool.com\/wp-content\/uploads\/2020\/10\/logo_chemitool.png","width":400,"height":400,"caption":"Chemitool"},"image":{"@id":"https:\/\/chemitool.com\/#logo"}},{"@type":"WebSite","@id":"https:\/\/chemitool.com\/#website","url":"https:\/\/chemitool.com\/","name":"Chemitool","description":"Chemitool - hardware and tools","publisher":{"@id":"https:\/\/chemitool.com\/#organization"},"potentialAction":[{"@type":"SearchAction","target":{"@type":"EntryPoint","urlTemplate":"https:\/\/chemitool.com\/?s={search_term_string}"},"query-input":"required name=search_term_string"}],"inLanguage":"es"},{"@type":"ImageObject","@id":"https:\/\/chemitool.com\/es\/products\/safety\/ropa-de-trabajo\/pantalones-power-stretch\/#primaryimage","inLanguage":"es","url":"https:\/\/chemitool.com\/wp-content\/uploads\/2021\/09\/P12610331_frente.png","contentUrl":"https:\/\/chemitool.com\/wp-content\/uploads\/2021\/09\/P12610331_frente.png","width":800,"height":800},{"@type":"WebPage","@id":"https:\/\/chemitool.com\/es\/products\/safety\/ropa-de-trabajo\/pantalones-power-stretch\/#webpage","url":"https:\/\/chemitool.com\/es\/products\/safety\/ropa-de-trabajo\/pantalones-power-stretch\/","name":"PANTALONES POWER STRETCH &ndash; Chemitool","isPartOf":{"@id":"https:\/\/chemitool.com\/#website"},"primaryImageOfPage":{"@id":"https:\/\/chemitool.com\/es\/products\/safety\/ropa-de-trabajo\/pantalones-power-stretch\/#primaryimage"},"datePublished":"2022-04-27T08:51:58+00:00","dateModified":"2025-07-04T13:53:09+00:00","description":"Pantal\u00f3n POWER STRETCH CHEMITOOL con trabillas y cintura el\u00e1stica, cierre con cremallera y bot\u00f3n. Triple costura reforzada entre las piernas, costuras laterales de doble aguja, dos bolsillos cl\u00e1sicos en la parte delantera, peque\u00f1o bolsillo para monedas, bolsillo para metro en el lado derecho. Bolsillo lateral izquierdo con paleta de cierre LOCK SYSTEM, dos bolsillos traseros uno de ellos con paleta y velcro.","breadcrumb":{"@id":"https:\/\/chemitool.com\/es\/products\/safety\/ropa-de-trabajo\/pantalones-power-stretch\/#breadcrumb"},"inLanguage":"es","potentialAction":[{"@type":"ReadAction","target":["https:\/\/chemitool.com\/es\/products\/safety\/ropa-de-trabajo\/pantalones-power-stretch\/"]}]},{"@type":"BreadcrumbList","@id":"https:\/\/chemitool.com\/es\/products\/safety\/ropa-de-trabajo\/pantalones-power-stretch\/#breadcrumb","itemListElement":[{"@type":"ListItem","position":1,"name":"Home","item":"https:\/\/chemitool.com\/es\/"},{"@type":"ListItem","position":2,"name":"Productos","item":"https:\/\/chemitool.com\/es\/productos\/"},{"@type":"ListItem","position":3,"name":"Safety","item":"https:\/\/chemitool.com\/product-category\/safety\/"},{"@type":"ListItem","position":4,"name":"PANTALONES POWER STRETCH"}]}]}},"_links":{"self":[{"href":"https:\/\/chemitool.com\/es\/wp-json\/wp\/v2\/product\/21256"}],"collection":[{"href":"https:\/\/chemitool.com\/es\/wp-json\/wp\/v2\/product"}],"about":[{"href":"https:\/\/chemitool.com\/es\/wp-json\/wp\/v2\/types\/product"}],"wp:featuredmedia":[{"embeddable":true,"href":"https:\/\/chemitool.com\/es\/wp-json\/wp\/v2\/media\/15831"}],"wp:attachment":[{"href":"https:\/\/chemitool.com\/es\/wp-json\/wp\/v2\/media?parent=21256"}],"wp:term":[{"taxonomy":"product_cat","embeddable":true,"href":"https:\/\/chemitool.com\/es\/wp-json\/wp\/v2\/product_cat?post=21256"},{"taxonomy":"product_tag","embeddable":true,"href":"https:\/\/chemitool.com\/es\/wp-json\/wp\/v2\/product_tag?post=21256"}],"curies":[{"name":"wp","href":"https:\/\/api.w.org\/{rel}","templated":true}]}}