{"id":20884,"date":"2022-04-06T13:55:38","date_gmt":"2022-04-06T13:55:45","guid":{"rendered":"https:\/\/chemitool.com\/?post_type=product&#038;p=20884"},"modified":"2022-04-06T16:15:15","modified_gmt":"2022-04-06T16:15:15","slug":"cordon-de-fondo-de-junta-pe","status":"publish","type":"product","link":"https:\/\/chemitool.com\/es\/products\/chemicals\/accesorios-es\/cordon-de-fondo-de-junta-pe\/","title":{"rendered":"Cord\u00f3n de Fondo de Junta PE"},"content":{"rendered":"<p><strong>CARACTER\u00cdSTICAS<\/strong><\/p>\n<ul>\n<li>Al ser un material a base de PE, es un producto inerte con alta resistencia a los<br \/>\nagentes qu\u00edmicos<\/li>\n<li>Compatible con todo tipo de selladores<\/li>\n<li>Evita la adhesi\u00f3n del sellador al fondo de la junta, favoreciendo el comportamiento<br \/>\nadecuado del sellador<\/li>\n<li>Respetuoso con el medio ambiente: libre de CFC, HCFC y elementos qu\u00edmicos<\/li>\n<li>100% reciclable<\/li>\n<li>Material flexible, ligero y f\u00e1cil de instalar<\/li>\n<li>Su fina estructura celular y sus c\u00e9lulas cerradas proporcionan un excelente efecto<br \/>\nbarrera y no absorben el agua<\/li>\n<li>Color est\u00e1ndar: gris<\/li>\n<li>Volumen: Caja con bobina &#8211; 60x58x58 cm; Caja con piezas de 2m: 204x41x62 cm<\/li>\n<\/ul>\n","protected":false},"excerpt":{"rendered":"<p><em>Cord\u00f3n de Fondo de Junta CHEMITOOL <\/em>en espuma de polietileno no reticulada, especialmente dise\u00f1ada para su uso como tope de profundidad en todo tipo de juntas de expansi\u00f3n\/dilataci\u00f3n en fr\u00edo (hasta +90\u00b0C).<\/p>\n","protected":false},"featured_media":20868,"template":"","meta":[],"product_cat":[1209,3731],"product_tag":[3684,3689,2879],"yoast_head":"<!-- This site is optimized with the Yoast SEO plugin v17.4 - https:\/\/yoast.com\/wordpress\/plugins\/seo\/ -->\n<title>Cord\u00f3n de Fondo de Junta PE &ndash; Chemitool<\/title>\n<meta name=\"description\" content=\"Cord\u00f3n de Fondo de Junta CHEMITOOL en espuma de polietileno no reticulada, especialmente dise\u00f1ada para su uso como tope de profundidad en todo tipo de juntas de expansi\u00f3n\/dilataci\u00f3n en fr\u00edo (hasta +90\u00b0C).\" \/>\n<meta name=\"robots\" content=\"index, follow, max-snippet:-1, max-image-preview:large, max-video-preview:-1\" \/>\n<link rel=\"canonical\" href=\"https:\/\/chemitool.com\/es\/products\/chemicals\/accesorios-es\/cordon-de-fondo-de-junta-pe\/\" \/>\n<meta property=\"og:locale\" content=\"es_ES\" \/>\n<meta property=\"og:type\" content=\"article\" \/>\n<meta property=\"og:title\" content=\"Cord\u00f3n de Fondo de Junta PE &ndash; Chemitool\" \/>\n<meta property=\"og:description\" content=\"Cord\u00f3n de Fondo de Junta CHEMITOOL en espuma de polietileno no reticulada, especialmente dise\u00f1ada para su uso como tope de profundidad en todo tipo de juntas de expansi\u00f3n\/dilataci\u00f3n en fr\u00edo (hasta +90\u00b0C).\" \/>\n<meta property=\"og:url\" content=\"https:\/\/chemitool.com\/es\/products\/chemicals\/accesorios-es\/cordon-de-fondo-de-junta-pe\/\" \/>\n<meta property=\"og:site_name\" content=\"Chemitool\" \/>\n<meta property=\"article:publisher\" content=\"https:\/\/www.facebook.com\/chemitool\" \/>\n<meta property=\"article:modified_time\" content=\"2022-04-06T16:15:15+00:00\" \/>\n<meta property=\"og:image\" content=\"https:\/\/chemitool.com\/wp-content\/uploads\/2022\/04\/cordao_juntas.jpg\" \/>\n\t<meta property=\"og:image:width\" content=\"800\" \/>\n\t<meta property=\"og:image:height\" content=\"800\" \/>\n<meta name=\"twitter:card\" content=\"summary_large_image\" \/>\n<meta name=\"twitter:label1\" content=\"Tiempo de lectura\" \/>\n\t<meta name=\"twitter:data1\" content=\"1 minuto\" \/>\n<script type=\"application\/ld+json\" class=\"yoast-schema-graph\">{\"@context\":\"https:\/\/schema.org\",\"@graph\":[{\"@type\":\"Organization\",\"@id\":\"https:\/\/chemitool.com\/#organization\",\"name\":\"Chemitool\",\"url\":\"https:\/\/chemitool.com\/\",\"sameAs\":[\"https:\/\/www.facebook.com\/chemitool\",\"https:\/\/www.instagram.com\/chemitool\/\"],\"logo\":{\"@type\":\"ImageObject\",\"@id\":\"https:\/\/chemitool.com\/#logo\",\"inLanguage\":\"es\",\"url\":\"https:\/\/chemitool.com\/wp-content\/uploads\/2020\/10\/logo_chemitool.png\",\"contentUrl\":\"https:\/\/chemitool.com\/wp-content\/uploads\/2020\/10\/logo_chemitool.png\",\"width\":400,\"height\":400,\"caption\":\"Chemitool\"},\"image\":{\"@id\":\"https:\/\/chemitool.com\/#logo\"}},{\"@type\":\"WebSite\",\"@id\":\"https:\/\/chemitool.com\/#website\",\"url\":\"https:\/\/chemitool.com\/\",\"name\":\"Chemitool\",\"description\":\"Chemitool - hardware and tools\",\"publisher\":{\"@id\":\"https:\/\/chemitool.com\/#organization\"},\"potentialAction\":[{\"@type\":\"SearchAction\",\"target\":{\"@type\":\"EntryPoint\",\"urlTemplate\":\"https:\/\/chemitool.com\/?s={search_term_string}\"},\"query-input\":\"required name=search_term_string\"}],\"inLanguage\":\"es\"},{\"@type\":\"ImageObject\",\"@id\":\"https:\/\/chemitool.com\/es\/products\/chemicals\/accesorios-es\/cordon-de-fondo-de-junta-pe\/#primaryimage\",\"inLanguage\":\"es\",\"url\":\"https:\/\/chemitool.com\/wp-content\/uploads\/2022\/04\/cordao_juntas.jpg\",\"contentUrl\":\"https:\/\/chemitool.com\/wp-content\/uploads\/2022\/04\/cordao_juntas.jpg\",\"width\":800,\"height\":800},{\"@type\":\"WebPage\",\"@id\":\"https:\/\/chemitool.com\/es\/products\/chemicals\/accesorios-es\/cordon-de-fondo-de-junta-pe\/#webpage\",\"url\":\"https:\/\/chemitool.com\/es\/products\/chemicals\/accesorios-es\/cordon-de-fondo-de-junta-pe\/\",\"name\":\"Cord\\u00f3n de Fondo de Junta PE &ndash; Chemitool\",\"isPartOf\":{\"@id\":\"https:\/\/chemitool.com\/#website\"},\"primaryImageOfPage\":{\"@id\":\"https:\/\/chemitool.com\/es\/products\/chemicals\/accesorios-es\/cordon-de-fondo-de-junta-pe\/#primaryimage\"},\"datePublished\":\"2022-04-06T13:55:45+00:00\",\"dateModified\":\"2022-04-06T16:15:15+00:00\",\"description\":\"Cord\\u00f3n de Fondo de Junta CHEMITOOL en espuma de polietileno no reticulada, especialmente dise\\u00f1ada para su uso como tope de profundidad en todo tipo de juntas de expansi\\u00f3n\/dilataci\\u00f3n en fr\\u00edo (hasta +90\\u00b0C).\",\"breadcrumb\":{\"@id\":\"https:\/\/chemitool.com\/es\/products\/chemicals\/accesorios-es\/cordon-de-fondo-de-junta-pe\/#breadcrumb\"},\"inLanguage\":\"es\",\"potentialAction\":[{\"@type\":\"ReadAction\",\"target\":[\"https:\/\/chemitool.com\/es\/products\/chemicals\/accesorios-es\/cordon-de-fondo-de-junta-pe\/\"]}]},{\"@type\":\"BreadcrumbList\",\"@id\":\"https:\/\/chemitool.com\/es\/products\/chemicals\/accesorios-es\/cordon-de-fondo-de-junta-pe\/#breadcrumb\",\"itemListElement\":[{\"@type\":\"ListItem\",\"position\":1,\"name\":\"Home\",\"item\":\"https:\/\/chemitool.com\/es\/\"},{\"@type\":\"ListItem\",\"position\":2,\"name\":\"Productos\",\"item\":\"https:\/\/chemitool.com\/es\/productos\/\"},{\"@type\":\"ListItem\",\"position\":3,\"name\":\"CHEMICALS\",\"item\":\"https:\/\/chemitool.com\/es\/categoria-producto\/chemicals\/\"},{\"@type\":\"ListItem\",\"position\":4,\"name\":\"Accesorios\",\"item\":\"https:\/\/chemitool.com\/es\/categoria-producto\/chemicals\/accesorios-es\/\"},{\"@type\":\"ListItem\",\"position\":5,\"name\":\"Cord\\u00f3n de Fondo de Junta PE\"}]}]}<\/script>\n<!-- \/ Yoast SEO plugin. -->","yoast_head_json":{"title":"Cord\u00f3n de Fondo de Junta PE &ndash; Chemitool","description":"Cord\u00f3n de Fondo de Junta CHEMITOOL en espuma de polietileno no reticulada, especialmente dise\u00f1ada para su uso como tope de profundidad en todo tipo de juntas de expansi\u00f3n\/dilataci\u00f3n en fr\u00edo (hasta +90\u00b0C).","robots":{"index":"index","follow":"follow","max-snippet":"max-snippet:-1","max-image-preview":"max-image-preview:large","max-video-preview":"max-video-preview:-1"},"canonical":"https:\/\/chemitool.com\/es\/products\/chemicals\/accesorios-es\/cordon-de-fondo-de-junta-pe\/","og_locale":"es_ES","og_type":"article","og_title":"Cord\u00f3n de Fondo de Junta PE &ndash; Chemitool","og_description":"Cord\u00f3n de Fondo de Junta CHEMITOOL en espuma de polietileno no reticulada, especialmente dise\u00f1ada para su uso como tope de profundidad en todo tipo de juntas de expansi\u00f3n\/dilataci\u00f3n en fr\u00edo (hasta +90\u00b0C).","og_url":"https:\/\/chemitool.com\/es\/products\/chemicals\/accesorios-es\/cordon-de-fondo-de-junta-pe\/","og_site_name":"Chemitool","article_publisher":"https:\/\/www.facebook.com\/chemitool","article_modified_time":"2022-04-06T16:15:15+00:00","og_image":[{"width":800,"height":800,"url":"https:\/\/chemitool.com\/wp-content\/uploads\/2022\/04\/cordao_juntas.jpg","type":"image\/jpeg"}],"twitter_card":"summary_large_image","twitter_misc":{"Tiempo de lectura":"1 minuto"},"schema":{"@context":"https:\/\/schema.org","@graph":[{"@type":"Organization","@id":"https:\/\/chemitool.com\/#organization","name":"Chemitool","url":"https:\/\/chemitool.com\/","sameAs":["https:\/\/www.facebook.com\/chemitool","https:\/\/www.instagram.com\/chemitool\/"],"logo":{"@type":"ImageObject","@id":"https:\/\/chemitool.com\/#logo","inLanguage":"es","url":"https:\/\/chemitool.com\/wp-content\/uploads\/2020\/10\/logo_chemitool.png","contentUrl":"https:\/\/chemitool.com\/wp-content\/uploads\/2020\/10\/logo_chemitool.png","width":400,"height":400,"caption":"Chemitool"},"image":{"@id":"https:\/\/chemitool.com\/#logo"}},{"@type":"WebSite","@id":"https:\/\/chemitool.com\/#website","url":"https:\/\/chemitool.com\/","name":"Chemitool","description":"Chemitool - hardware and tools","publisher":{"@id":"https:\/\/chemitool.com\/#organization"},"potentialAction":[{"@type":"SearchAction","target":{"@type":"EntryPoint","urlTemplate":"https:\/\/chemitool.com\/?s={search_term_string}"},"query-input":"required name=search_term_string"}],"inLanguage":"es"},{"@type":"ImageObject","@id":"https:\/\/chemitool.com\/es\/products\/chemicals\/accesorios-es\/cordon-de-fondo-de-junta-pe\/#primaryimage","inLanguage":"es","url":"https:\/\/chemitool.com\/wp-content\/uploads\/2022\/04\/cordao_juntas.jpg","contentUrl":"https:\/\/chemitool.com\/wp-content\/uploads\/2022\/04\/cordao_juntas.jpg","width":800,"height":800},{"@type":"WebPage","@id":"https:\/\/chemitool.com\/es\/products\/chemicals\/accesorios-es\/cordon-de-fondo-de-junta-pe\/#webpage","url":"https:\/\/chemitool.com\/es\/products\/chemicals\/accesorios-es\/cordon-de-fondo-de-junta-pe\/","name":"Cord\u00f3n de Fondo de Junta PE &ndash; Chemitool","isPartOf":{"@id":"https:\/\/chemitool.com\/#website"},"primaryImageOfPage":{"@id":"https:\/\/chemitool.com\/es\/products\/chemicals\/accesorios-es\/cordon-de-fondo-de-junta-pe\/#primaryimage"},"datePublished":"2022-04-06T13:55:45+00:00","dateModified":"2022-04-06T16:15:15+00:00","description":"Cord\u00f3n de Fondo de Junta CHEMITOOL en espuma de polietileno no reticulada, especialmente dise\u00f1ada para su uso como tope de profundidad en todo tipo de juntas de expansi\u00f3n\/dilataci\u00f3n en fr\u00edo (hasta +90\u00b0C).","breadcrumb":{"@id":"https:\/\/chemitool.com\/es\/products\/chemicals\/accesorios-es\/cordon-de-fondo-de-junta-pe\/#breadcrumb"},"inLanguage":"es","potentialAction":[{"@type":"ReadAction","target":["https:\/\/chemitool.com\/es\/products\/chemicals\/accesorios-es\/cordon-de-fondo-de-junta-pe\/"]}]},{"@type":"BreadcrumbList","@id":"https:\/\/chemitool.com\/es\/products\/chemicals\/accesorios-es\/cordon-de-fondo-de-junta-pe\/#breadcrumb","itemListElement":[{"@type":"ListItem","position":1,"name":"Home","item":"https:\/\/chemitool.com\/es\/"},{"@type":"ListItem","position":2,"name":"Productos","item":"https:\/\/chemitool.com\/es\/productos\/"},{"@type":"ListItem","position":3,"name":"CHEMICALS","item":"https:\/\/chemitool.com\/es\/categoria-producto\/chemicals\/"},{"@type":"ListItem","position":4,"name":"Accesorios","item":"https:\/\/chemitool.com\/es\/categoria-producto\/chemicals\/accesorios-es\/"},{"@type":"ListItem","position":5,"name":"Cord\u00f3n de Fondo de Junta PE"}]}]}},"_links":{"self":[{"href":"https:\/\/chemitool.com\/es\/wp-json\/wp\/v2\/product\/20884"}],"collection":[{"href":"https:\/\/chemitool.com\/es\/wp-json\/wp\/v2\/product"}],"about":[{"href":"https:\/\/chemitool.com\/es\/wp-json\/wp\/v2\/types\/product"}],"wp:featuredmedia":[{"embeddable":true,"href":"https:\/\/chemitool.com\/es\/wp-json\/wp\/v2\/media\/20868"}],"wp:attachment":[{"href":"https:\/\/chemitool.com\/es\/wp-json\/wp\/v2\/media?parent=20884"}],"wp:term":[{"taxonomy":"product_cat","embeddable":true,"href":"https:\/\/chemitool.com\/es\/wp-json\/wp\/v2\/product_cat?post=20884"},{"taxonomy":"product_tag","embeddable":true,"href":"https:\/\/chemitool.com\/es\/wp-json\/wp\/v2\/product_tag?post=20884"}],"curies":[{"name":"wp","href":"https:\/\/api.w.org\/{rel}","templated":true}]}}